{"id":3870,"date":"2024-09-20T09:31:11","date_gmt":"2024-09-20T09:31:11","guid":{"rendered":"https:\/\/legitgrams.com\/?post_type=product&#038;p=3870"},"modified":"2025-01-14T06:20:00","modified_gmt":"2025-01-14T06:20:00","slug":"imitrex-sumatriptan-100mg-comprimidos","status":"publish","type":"product","link":"https:\/\/legitgrams.com\/pt\/produto\/imitrex-sumatriptan-100mg-comprimidos\/","title":{"rendered":"imitrex Sumatriptan 100mg comprimidos"},"content":{"rendered":"<h2>Compre comprimidos de 100 mg de imitrex sumatriptano online.<\/h2>\n<p>Voc\u00ea est\u00e1 tentando encontrar uma t\u00e9cnica mais r\u00e1pida e eficaz para se livrar das enxaquecas? Voc\u00ea pode comprar <a href=\"https:\/\/legitgrams.com\/pt\/produto\/imitrex-sumatriptan-100mg-comprimidos\/\">Sumatriptano<\/a> comprimidos de nossa farm\u00e1cia online sediada no Reino Unido agora e receba-os em uma farm\u00e1cia separada no dia seguinte. Os comprimidos de sumatriptano, a vers\u00e3o gen\u00e9rica do medicamento de marca Immigrant, s\u00e3o a terapia para enxaqueca mais comumente prescrita no Reino Unido.<\/p>\n<p>Ap\u00f3s uma consulta gratuita, fornecemos doses de 50 mg e 100 mg de comprimidos de sumatriptano para compra online. Quando tomado corretamente com analg\u00e9sicos ou medicamentos anti-doen\u00e7a, o sumatriptano pode ajudar voc\u00ea a controlar enxaquecas de forma r\u00e1pida e eficaz para que voc\u00ea possa continuar com seu dia. <a href=\"https:\/\/legitgrams.com\/pt\/\">LegitGrams<\/a><\/p>\n<p>Compre p\u00edlulas de imitrex de 100 mg online: compre 100 mg <a href=\"https:\/\/en.wikipedia.org\/wiki\/Sumatriptan\">imitrex<\/a> comprimidos, comprar imitrex, Comprar comprimidos de imitrex 100 mg online \u2013 comprar comprimidos de imitrex 100 mg, comprar comprimidos de imitrex 100 mg, comprar comprimidos de imitrex 100 mg, Onde comprar comprimidos de imitrex 100 mg, Onde comprar comprimidos de imitrex 100 mg, P\u00edlulas de imitrex 100 mg para venda, Imitriptano para venda, Comprar comprimidos de sumatriptano 100 mg, Onde comprar comprimidos de imitrex 100 mg, P\u00edlulas de imitriptano 100 mg para venda nos Estados Unidos, Canad\u00e1, Reino Unido, Comprar, Online, Fornecedores, Entrega segura, Voc\u00ea ainda pode obter comprimidos de imitrex de 100 mg. Informa\u00e7\u00f5es sobre se o imitrex 100 mg \u00e9 legal no Canad\u00e1, onde comprar comprimidos de imitrex 100 mg online nos EUA e como solicitar comprimidos de imitrex 100 mg tamb\u00e9m podem ser encontradas.<\/p>\n<h2><\/h2>\n<p>&nbsp;<\/p>","protected":false},"excerpt":{"rendered":"<p>Purchase 100 mg tablets of imitrex sumatriptan online. Are you trying to find a quicker and more effective technique to get rid of migraines? You can purchase Sumatriptan tablets from our UK-based online pharmacy now and have them delivered by a separate pharmacy the next day. Sumatriptan pills, the generic version of the Immigrant brand-name &hellip;<\/p>\n<p class=\"read-more\"> <a class=\"\" href=\"https:\/\/legitgrams.com\/pt\/produto\/imitrex-sumatriptan-100mg-comprimidos\/\"> <span class=\"screen-reader-text\">imitrex Sumatriptan 100mg comprimidos<\/span> Ler mais \"<\/a><\/p>","protected":false},"featured_media":5213,"comment_status":"open","ping_status":"closed","template":"","meta":{"_uag_custom_page_level_css":"","site-sidebar-layout":"default","site-content-layout":"default","ast-global-header-display":"","ast-main-header-display":"","ast-hfb-above-header-display":"","ast-hfb-below-header-display":"","ast-hfb-mobile-header-display":"","site-post-title":"","ast-breadcrumbs-content":"","ast-featured-img":"","footer-sml-layout":"","theme-transparent-header-meta":"default","adv-header-id-meta":"","stick-header-meta":"default","header-above-stick-meta":"","header-main-stick-meta":"","header-below-stick-meta":"","_joinchat":[]},"product_brand":[],"product_cat":[608,597],"product_tag":[4464,4454,617,4446,4461,4458,4453,4445,4448,4449,4456,4447,4457,4459,4466,4467,4465,4462,4451,4463,4460,625,4452,4455,4450],"class_list":{"0":"post-3870","1":"product","2":"type-product","3":"status-publish","4":"has-post-thumbnail","6":"product_cat-pain-pills","7":"product_cat-pain-sleeping-sex-pills","8":"product_tag-best-cheap-price-imitrex-sumatriptan-100mg-pills","9":"product_tag-best-place-to-buy-imitrex-sumatriptan-100mg-pills","10":"product_tag-bulk-online","11":"product_tag-buy-imitrex-sumatriptan-100mg-pills","12":"product_tag-cheap-imitrex-sumatriptan-100mg-pills","13":"product_tag-high-quality-imitrex-sumatriptan-100mg-pills","14":"product_tag-how-to-buy-imitrex-sumatriptan-100mg-pills","15":"product_tag-imitrex-sumatriptan-100mg-pills","16":"product_tag-imitrex-sumatriptan-100mg-pills-for-sale","17":"product_tag-imitrex-sumatriptan-100mg-pills-imitrex-sumatriptan-100mg-pills-supplier","18":"product_tag-imitrex-sumatriptan-100mg-pills-legally","19":"product_tag-imitrex-sumatriptan-100mg-pills-online","20":"product_tag-imitrex-sumatriptan-100mg-pills-price","21":"product_tag-imitrex-sumatriptan-100mg-pills-store","22":"product_tag-imitrex-sumatriptan-100mg-pills-use","23":"product_tag-imitrex-sumatriptan-100mg-pills-wiki","24":"product_tag-imitrex-sumatriptan-100mg-pills-worldwide","25":"product_tag-imitrex-sumatriptan-100mg-pillss","26":"product_tag-order-imitrex-sumatriptan-100mg-pills","27":"product_tag-purcharse-imitrex-sumatriptan-100mg-pills","28":"product_tag-shop-imitrex-sumatriptan-100mg-pills","29":"product_tag-top-quality","30":"product_tag-where-to-buy-imitrex-sumatriptan-100mg-pills","31":"product_tag-where-to-order-imitrex-sumatriptan-100mg-pills","32":"product_tag-wholesale-imitrex-sumatriptan-100mg-pills","33":"desktop-align-left","34":"tablet-align-left","35":"mobile-align-left","36":"ast-product-gallery-layout-horizontal","37":"ast-product-gallery-with-no-image","38":"ast-product-single-variable","39":"ast-product-tabs-layout-horizontal","40":"ast-qv-on-image","42":"first","43":"instock","44":"shipping-taxable","45":"purchasable","46":"product-type-variable"},"yoast_head":"<!-- This site is optimized with the Yoast SEO plugin v25.9 - https:\/\/yoast.com\/wordpress\/plugins\/seo\/ -->\n<title>Imitrex Sumatriptan 100mg Pills for Sale @ Best Price | LegitGrams<\/title>\n<meta name=\"description\" content=\"You can get in touch with our Legitgrams store and buy Imitrex Sumatriptan online. We have Imitrex Sumatriptan for sale at cheap prices. Get yours at your place right away!\" \/>\n<meta name=\"robots\" content=\"index, follow, max-snippet:-1, max-image-preview:large, max-video-preview:-1\" \/>\n<link rel=\"canonical\" href=\"https:\/\/legitgrams.com\/pt\/produto\/imitrex-sumatriptan-100mg-comprimidos\/\" \/>\n<meta property=\"og:locale\" content=\"pt_PT\" \/>\n<meta property=\"og:type\" content=\"article\" \/>\n<meta property=\"og:title\" content=\"Imitrex Sumatriptan 100mg Pills for Sale @ Best Price | LegitGrams\" \/>\n<meta property=\"og:description\" content=\"You can get in touch with our Legitgrams store and buy Imitrex Sumatriptan online. We have Imitrex Sumatriptan for sale at cheap prices. Get yours at your place right away!\" \/>\n<meta property=\"og:url\" content=\"https:\/\/legitgrams.com\/pt\/produto\/imitrex-sumatriptan-100mg-comprimidos\/\" \/>\n<meta property=\"og:site_name\" content=\"Legit Grams\" \/>\n<meta property=\"article:modified_time\" content=\"2025-01-14T06:20:00+00:00\" \/>\n<meta property=\"og:image\" content=\"https:\/\/legitgrams.com\/wp-content\/uploads\/2024\/09\/buy-imitrex-sumatriptan-100mg-pills-online.jpg\" \/>\n\t<meta property=\"og:image:width\" content=\"600\" \/>\n\t<meta property=\"og:image:height\" content=\"600\" \/>\n\t<meta property=\"og:image:type\" content=\"image\/jpeg\" \/>\n<meta name=\"twitter:card\" content=\"summary_large_image\" \/>\n<meta name=\"twitter:label1\" content=\"Tempo estimado de leitura\" \/>\n\t<meta name=\"twitter:data1\" content=\"3 minutos\" \/>\n<script type=\"application\/ld+json\" class=\"yoast-schema-graph\">{\"@context\":\"https:\/\/schema.org\",\"@graph\":[{\"@type\":\"WebPage\",\"@id\":\"https:\/\/legitgrams.com\/product\/imitrex-sumatriptan-100mg-pills\/\",\"url\":\"https:\/\/legitgrams.com\/product\/imitrex-sumatriptan-100mg-pills\/\",\"name\":\"Imitrex Sumatriptan 100mg Pills for Sale @ Best Price | LegitGrams\",\"isPartOf\":{\"@id\":\"https:\/\/legitgrams.com\/#website\"},\"primaryImageOfPage\":{\"@id\":\"https:\/\/legitgrams.com\/product\/imitrex-sumatriptan-100mg-pills\/#primaryimage\"},\"image\":{\"@id\":\"https:\/\/legitgrams.com\/product\/imitrex-sumatriptan-100mg-pills\/#primaryimage\"},\"thumbnailUrl\":\"https:\/\/legitgrams.com\/wp-content\/uploads\/2024\/09\/buy-imitrex-sumatriptan-100mg-pills-online.jpg\",\"datePublished\":\"2024-09-20T09:31:11+00:00\",\"dateModified\":\"2025-01-14T06:20:00+00:00\",\"description\":\"You can get in touch with our Legitgrams store and buy Imitrex Sumatriptan online. We have Imitrex Sumatriptan for sale at cheap prices. Get yours at your place right away!\",\"breadcrumb\":{\"@id\":\"https:\/\/legitgrams.com\/product\/imitrex-sumatriptan-100mg-pills\/#breadcrumb\"},\"inLanguage\":\"pt-PT\",\"potentialAction\":[{\"@type\":\"ReadAction\",\"target\":[\"https:\/\/legitgrams.com\/product\/imitrex-sumatriptan-100mg-pills\/\"]}]},{\"@type\":\"ImageObject\",\"inLanguage\":\"pt-PT\",\"@id\":\"https:\/\/legitgrams.com\/product\/imitrex-sumatriptan-100mg-pills\/#primaryimage\",\"url\":\"https:\/\/legitgrams.com\/wp-content\/uploads\/2024\/09\/buy-imitrex-sumatriptan-100mg-pills-online.jpg\",\"contentUrl\":\"https:\/\/legitgrams.com\/wp-content\/uploads\/2024\/09\/buy-imitrex-sumatriptan-100mg-pills-online.jpg\",\"width\":600,\"height\":600,\"caption\":\"Imitrex Sumatriptan 100mg Pills for Sale\"},{\"@type\":\"BreadcrumbList\",\"@id\":\"https:\/\/legitgrams.com\/product\/imitrex-sumatriptan-100mg-pills\/#breadcrumb\",\"itemListElement\":[{\"@type\":\"ListItem\",\"position\":1,\"name\":\"Home\",\"item\":\"https:\/\/legitgrams.com\/\"},{\"@type\":\"ListItem\",\"position\":2,\"name\":\"Shop\",\"item\":\"https:\/\/legitgrams.com\/shop\/\"},{\"@type\":\"ListItem\",\"position\":3,\"name\":\"imitrex Sumatriptan 100mg pills\"}]},{\"@type\":\"WebSite\",\"@id\":\"https:\/\/legitgrams.com\/#website\",\"url\":\"https:\/\/legitgrams.com\/\",\"name\":\"Legit Grams\",\"description\":\"My WordPress Blog\",\"publisher\":{\"@id\":\"https:\/\/legitgrams.com\/#organization\"},\"potentialAction\":[{\"@type\":\"SearchAction\",\"target\":{\"@type\":\"EntryPoint\",\"urlTemplate\":\"https:\/\/legitgrams.com\/?s={search_term_string}\"},\"query-input\":{\"@type\":\"PropertyValueSpecification\",\"valueRequired\":true,\"valueName\":\"search_term_string\"}}],\"inLanguage\":\"pt-PT\"},{\"@type\":\"Organization\",\"@id\":\"https:\/\/legitgrams.com\/#organization\",\"name\":\"Legit Grams\",\"url\":\"https:\/\/legitgrams.com\/\",\"logo\":{\"@type\":\"ImageObject\",\"inLanguage\":\"pt-PT\",\"@id\":\"https:\/\/legitgrams.com\/#\/schema\/logo\/image\/\",\"url\":\"https:\/\/legitgrams.com\/wp-content\/uploads\/2024\/09\/main-logo.png\",\"contentUrl\":\"https:\/\/legitgrams.com\/wp-content\/uploads\/2024\/09\/main-logo.png\",\"width\":270,\"height\":75,\"caption\":\"Legit Grams\"},\"image\":{\"@id\":\"https:\/\/legitgrams.com\/#\/schema\/logo\/image\/\"}}]}<\/script>\n<!-- \/ Yoast SEO plugin. -->","yoast_head_json":{"title":"Comprimidos de Imitrex Sumatriptan 100mg \u00e0 venda @ Melhor pre\u00e7o | LegitGrams","description":"Pode entrar em contacto com a nossa loja Legitgrams e comprar Imitrex Sumatriptan online. N\u00f3s temos Imitrex Sumatriptan para venda a pre\u00e7os baratos. Receba o seu em sua casa imediatamente!","robots":{"index":"index","follow":"follow","max-snippet":"max-snippet:-1","max-image-preview":"max-image-preview:large","max-video-preview":"max-video-preview:-1"},"canonical":"https:\/\/legitgrams.com\/pt\/produto\/imitrex-sumatriptan-100mg-comprimidos\/","og_locale":"pt_PT","og_type":"article","og_title":"Imitrex Sumatriptan 100mg Pills for Sale @ Best Price | LegitGrams","og_description":"You can get in touch with our Legitgrams store and buy Imitrex Sumatriptan online. We have Imitrex Sumatriptan for sale at cheap prices. Get yours at your place right away!","og_url":"https:\/\/legitgrams.com\/pt\/produto\/imitrex-sumatriptan-100mg-comprimidos\/","og_site_name":"Legit Grams","article_modified_time":"2025-01-14T06:20:00+00:00","og_image":[{"width":600,"height":600,"url":"https:\/\/legitgrams.com\/wp-content\/uploads\/2024\/09\/buy-imitrex-sumatriptan-100mg-pills-online.jpg","type":"image\/jpeg"}],"twitter_card":"summary_large_image","twitter_misc":{"Tempo estimado de leitura":"3 minutos"},"schema":{"@context":"https:\/\/schema.org","@graph":[{"@type":"WebPage","@id":"https:\/\/legitgrams.com\/product\/imitrex-sumatriptan-100mg-pills\/","url":"https:\/\/legitgrams.com\/product\/imitrex-sumatriptan-100mg-pills\/","name":"Comprimidos de Imitrex Sumatriptan 100mg \u00e0 venda @ Melhor pre\u00e7o | LegitGrams","isPartOf":{"@id":"https:\/\/legitgrams.com\/#website"},"primaryImageOfPage":{"@id":"https:\/\/legitgrams.com\/product\/imitrex-sumatriptan-100mg-pills\/#primaryimage"},"image":{"@id":"https:\/\/legitgrams.com\/product\/imitrex-sumatriptan-100mg-pills\/#primaryimage"},"thumbnailUrl":"https:\/\/legitgrams.com\/wp-content\/uploads\/2024\/09\/buy-imitrex-sumatriptan-100mg-pills-online.jpg","datePublished":"2024-09-20T09:31:11+00:00","dateModified":"2025-01-14T06:20:00+00:00","description":"Pode entrar em contacto com a nossa loja Legitgrams e comprar Imitrex Sumatriptan online. N\u00f3s temos Imitrex Sumatriptan para venda a pre\u00e7os baratos. Receba o seu em sua casa imediatamente!","breadcrumb":{"@id":"https:\/\/legitgrams.com\/product\/imitrex-sumatriptan-100mg-pills\/#breadcrumb"},"inLanguage":"pt-PT","potentialAction":[{"@type":"ReadAction","target":["https:\/\/legitgrams.com\/product\/imitrex-sumatriptan-100mg-pills\/"]}]},{"@type":"ImageObject","inLanguage":"pt-PT","@id":"https:\/\/legitgrams.com\/product\/imitrex-sumatriptan-100mg-pills\/#primaryimage","url":"https:\/\/legitgrams.com\/wp-content\/uploads\/2024\/09\/buy-imitrex-sumatriptan-100mg-pills-online.jpg","contentUrl":"https:\/\/legitgrams.com\/wp-content\/uploads\/2024\/09\/buy-imitrex-sumatriptan-100mg-pills-online.jpg","width":600,"height":600,"caption":"Imitrex Sumatriptan 100mg Pills for Sale"},{"@type":"BreadcrumbList","@id":"https:\/\/legitgrams.com\/product\/imitrex-sumatriptan-100mg-pills\/#breadcrumb","itemListElement":[{"@type":"ListItem","position":1,"name":"Home","item":"https:\/\/legitgrams.com\/"},{"@type":"ListItem","position":2,"name":"Shop","item":"https:\/\/legitgrams.com\/shop\/"},{"@type":"ListItem","position":3,"name":"imitrex Sumatriptan 100mg pills"}]},{"@type":"WebSite","@id":"https:\/\/legitgrams.com\/#website","url":"https:\/\/legitgrams.com\/","name":"Gramas leg\u00edtimas","description":"O meu blogue WordPress","publisher":{"@id":"https:\/\/legitgrams.com\/#organization"},"potentialAction":[{"@type":"SearchAction","target":{"@type":"EntryPoint","urlTemplate":"https:\/\/legitgrams.com\/?s={search_term_string}"},"query-input":{"@type":"PropertyValueSpecification","valueRequired":true,"valueName":"search_term_string"}}],"inLanguage":"pt-PT"},{"@type":"Organization","@id":"https:\/\/legitgrams.com\/#organization","name":"Gramas leg\u00edtimas","url":"https:\/\/legitgrams.com\/","logo":{"@type":"ImageObject","inLanguage":"pt-PT","@id":"https:\/\/legitgrams.com\/#\/schema\/logo\/image\/","url":"https:\/\/legitgrams.com\/wp-content\/uploads\/2024\/09\/main-logo.png","contentUrl":"https:\/\/legitgrams.com\/wp-content\/uploads\/2024\/09\/main-logo.png","width":270,"height":75,"caption":"Legit Grams"},"image":{"@id":"https:\/\/legitgrams.com\/#\/schema\/logo\/image\/"}}]}},"uagb_featured_image_src":{"full":["https:\/\/legitgrams.com\/wp-content\/uploads\/2024\/09\/buy-imitrex-sumatriptan-100mg-pills-online.jpg",600,600,false],"thumbnail":["https:\/\/legitgrams.com\/wp-content\/uploads\/2024\/09\/buy-imitrex-sumatriptan-100mg-pills-online-150x150.jpg",150,150,true],"medium":["https:\/\/legitgrams.com\/wp-content\/uploads\/2024\/09\/buy-imitrex-sumatriptan-100mg-pills-online-300x300.jpg",300,300,true],"medium_large":["https:\/\/legitgrams.com\/wp-content\/uploads\/2024\/09\/buy-imitrex-sumatriptan-100mg-pills-online.jpg",600,600,false],"large":["https:\/\/legitgrams.com\/wp-content\/uploads\/2024\/09\/buy-imitrex-sumatriptan-100mg-pills-online.jpg",600,600,false],"1536x1536":["https:\/\/legitgrams.com\/wp-content\/uploads\/2024\/09\/buy-imitrex-sumatriptan-100mg-pills-online.jpg",600,600,false],"2048x2048":["https:\/\/legitgrams.com\/wp-content\/uploads\/2024\/09\/buy-imitrex-sumatriptan-100mg-pills-online.jpg",600,600,false],"trp-custom-language-flag":["https:\/\/legitgrams.com\/wp-content\/uploads\/2024\/09\/buy-imitrex-sumatriptan-100mg-pills-online-12x12.jpg",12,12,true],"woocommerce_thumbnail":["https:\/\/legitgrams.com\/wp-content\/uploads\/2024\/09\/buy-imitrex-sumatriptan-100mg-pills-online-300x300.jpg",300,300,true],"woocommerce_single":["https:\/\/legitgrams.com\/wp-content\/uploads\/2024\/09\/buy-imitrex-sumatriptan-100mg-pills-online.jpg",600,600,false],"woocommerce_gallery_thumbnail":["https:\/\/legitgrams.com\/wp-content\/uploads\/2024\/09\/buy-imitrex-sumatriptan-100mg-pills-online-100x100.jpg",100,100,true]},"uagb_author_info":{"display_name":"cokeblog18","author_link":"https:\/\/legitgrams.com\/pt\/author\/"},"uagb_comment_info":0,"uagb_excerpt":"Purchase 100 mg tablets of imitrex sumatriptan online. Are you trying to find a quicker and more effective technique to get rid of migraines? You can purchase Sumatriptan tablets from our UK-based online pharmacy now and have them delivered by a separate pharmacy the next day. Sumatriptan pills, the generic version of the Immigrant brand-name&hellip;","_links":{"self":[{"href":"https:\/\/legitgrams.com\/pt\/wp-json\/wp\/v2\/product\/3870","targetHints":{"allow":["GET"]}}],"collection":[{"href":"https:\/\/legitgrams.com\/pt\/wp-json\/wp\/v2\/product"}],"about":[{"href":"https:\/\/legitgrams.com\/pt\/wp-json\/wp\/v2\/types\/product"}],"replies":[{"embeddable":true,"href":"https:\/\/legitgrams.com\/pt\/wp-json\/wp\/v2\/comments?post=3870"}],"wp:featuredmedia":[{"embeddable":true,"href":"https:\/\/legitgrams.com\/pt\/wp-json\/wp\/v2\/media\/5213"}],"wp:attachment":[{"href":"https:\/\/legitgrams.com\/pt\/wp-json\/wp\/v2\/media?parent=3870"}],"wp:term":[{"taxonomy":"product_brand","embeddable":true,"href":"https:\/\/legitgrams.com\/pt\/wp-json\/wp\/v2\/product_brand?post=3870"},{"taxonomy":"product_cat","embeddable":true,"href":"https:\/\/legitgrams.com\/pt\/wp-json\/wp\/v2\/product_cat?post=3870"},{"taxonomy":"product_tag","embeddable":true,"href":"https:\/\/legitgrams.com\/pt\/wp-json\/wp\/v2\/product_tag?post=3870"}],"curies":[{"name":"wp","href":"https:\/\/api.w.org\/{rel}","templated":true}]}}