{"id":3872,"date":"2024-09-20T09:20:55","date_gmt":"2024-09-20T09:20:55","guid":{"rendered":"https:\/\/legitgrams.com\/?post_type=product&#038;p=3872"},"modified":"2025-01-14T06:10:08","modified_gmt":"2025-01-14T06:10:08","slug":"hidrocodona-10-325mg","status":"publish","type":"product","link":"https:\/\/legitgrams.com\/pt\/produto\/hidrocodona-10-325mg\/","title":{"rendered":"Hidrocodona 10\/325mg"},"content":{"rendered":"<h2>Compre 10\/325 mg de hidrocodona online.<\/h2>\n<p>Hidrocodona Bitartrato Acetaminofeno Comprar <a href=\"https:\/\/legitgrams.com\/pt\/produto\/hidrocodona-10-325mg\/\">Hidrocodona<\/a> Online Pergunte ao seu m\u00e9dico sobre a naloxona, um medicamento comum que pode salvar sua vida quando tomado com <a href=\"https:\/\/en.wikipedia.org\/wiki\/Hydrocodone\">hidrocodona<\/a> (por exemplo, em casa ou no trabalho). A naloxona pode reverter uma overdose potencialmente letal. Ao prevenir os efeitos dos opi\u00e1ceos, ela reduz as sensa\u00e7\u00f5es desagrad\u00e1veis \u200b\u200bcausadas pelos altos n\u00edveis de opi\u00e1ceos no sangue. Seu m\u00e9dico tamb\u00e9m pode sugerir naloxona se voc\u00ea tem um hist\u00f3rico de abuso de subst\u00e2ncias prescritas ou ilegais ou se voc\u00ea mora com crian\u00e7as pequenas. Certifique-se de que todos com quem voc\u00ea interage, incluindo seus entes queridos, cuidadores e amigos, saibam como fornecer naloxona, como identificar uma overdose e o que fazer at\u00e9 que a ajuda chegue. <a href=\"https:\/\/legitgrams.com\/pt\/\">LegitGrams<\/a><\/p>\n<p>Voc\u00ea e sua fam\u00edlia ir\u00e3o Seu m\u00e9dico ou farmac\u00eautico fornecer\u00e1 a voc\u00ea e sua fam\u00edlia instru\u00e7\u00f5es sobre como usar este medicamento. Consulte seu farmac\u00eautico ou o site do fabricante para obter instru\u00e7\u00f5es. Um amigo ou familiar deve ajud\u00e1-lo a dar a primeira dosagem de naloxona se voc\u00ea sofrer sintomas de overdose. Eles tamb\u00e9m devem monitor\u00e1-lo de perto at\u00e9 que uma ambul\u00e2ncia chegue. Dentro de minutos ap\u00f3s usar naloxona, seus sintomas podem retornar. Se seus sintomas piorarem, seu cuidador deve dar a voc\u00ea outra dose de naloxona. Dosagens adicionais podem ser dadas a cada dois a tr\u00eas minutos se os sintomas reaparecerem antes que a ajuda de emerg\u00eancia chegue.<\/p>\n<h2><\/h2>\n<p>&nbsp;<\/p>","protected":false},"excerpt":{"rendered":"<p>Purchase 10\/325 mg of hydrocodone online. Hydrocodone Bitartrate Acetaminophen Buy Hydrocodone Online Ask your doctor about naloxone, a common drug that can save your life when taken with hydrocodone (for example, at home or at work). Naloxone can reverse a potentially lethal overdose. By preventing the effects of opiates, it reduces the unpleasant sensations caused &hellip;<\/p>\n<p class=\"read-more\"> <a class=\"\" href=\"https:\/\/legitgrams.com\/pt\/produto\/hidrocodona-10-325mg\/\"> <span class=\"screen-reader-text\">Hidrocodona 10\/325mg<\/span> Ler mais \"<\/a><\/p>","protected":false},"featured_media":5211,"comment_status":"open","ping_status":"closed","template":"","meta":{"_uag_custom_page_level_css":"","site-sidebar-layout":"default","site-content-layout":"default","ast-global-header-display":"","ast-main-header-display":"","ast-hfb-above-header-display":"","ast-hfb-below-header-display":"","ast-hfb-mobile-header-display":"","site-post-title":"","ast-breadcrumbs-content":"","ast-featured-img":"","footer-sml-layout":"","theme-transparent-header-meta":"default","adv-header-id-meta":"","stick-header-meta":"default","header-above-stick-meta":"","header-main-stick-meta":"","header-below-stick-meta":"","_joinchat":[]},"product_brand":[],"product_cat":[608,597],"product_tag":[4510,4500,617,4492,4507,4504,4499,4491,4494,4495,4502,4493,4503,4505,4512,4513,4511,4508,4497,4509,4506,625,4498,4501,4496],"class_list":{"0":"post-3872","1":"product","2":"type-product","3":"status-publish","4":"has-post-thumbnail","6":"product_cat-pain-pills","7":"product_cat-pain-sleeping-sex-pills","8":"product_tag-best-cheap-price-hydrocodone-10-325mg","9":"product_tag-best-place-to-buy-hydrocodone-10-325mg","10":"product_tag-bulk-online","11":"product_tag-buy-hydrocodone-10-325mg","12":"product_tag-cheap-hydrocodone-10-325mg","13":"product_tag-high-quality-hydrocodone-10-325mg","14":"product_tag-how-to-buy-hydrocodone-10-325mg","15":"product_tag-hydrocodone-10-325mg","16":"product_tag-hydrocodone-10-325mg-for-sale","17":"product_tag-hydrocodone-10-325mg-hydrocodone-10-325mg-supplier","18":"product_tag-hydrocodone-10-325mg-legally","19":"product_tag-hydrocodone-10-325mg-online","20":"product_tag-hydrocodone-10-325mg-price","21":"product_tag-hydrocodone-10-325mg-store","22":"product_tag-hydrocodone-10-325mg-use","23":"product_tag-hydrocodone-10-325mg-wiki","24":"product_tag-hydrocodone-10-325mg-worldwide","25":"product_tag-hydrocodone-10-325mgs","26":"product_tag-order-hydrocodone-10-325mg","27":"product_tag-purcharse-hydrocodone-10-325mg","28":"product_tag-shop-hydrocodone-10-325mg","29":"product_tag-top-quality","30":"product_tag-where-to-buy-hydrocodone-10-325mg","31":"product_tag-where-to-order-hydrocodone-10-325mg","32":"product_tag-wholesale-hydrocodone-10-325mg","33":"desktop-align-left","34":"tablet-align-left","35":"mobile-align-left","36":"ast-product-gallery-layout-horizontal","37":"ast-product-gallery-with-no-image","38":"ast-product-single-variable","39":"ast-product-tabs-layout-horizontal","40":"ast-qv-on-image","42":"first","43":"instock","44":"shipping-taxable","45":"purchasable","46":"product-type-variable"},"yoast_head":"<!-- This site is optimized with the Yoast SEO plugin v25.9 - https:\/\/yoast.com\/wordpress\/plugins\/seo\/ -->\n<title>Hydrocodone 10\/325mg for Sale Online @ Best Price | LegitGrams<\/title>\n<meta name=\"description\" content=\"Our Legitgrams online store has high-quality Hydrocodone 10\/325mg for sale. If you are willing to buy Hydrocodone 10\/325mg online, then let us know. We will complete your requirements soon!\" \/>\n<meta name=\"robots\" content=\"index, follow, max-snippet:-1, max-image-preview:large, max-video-preview:-1\" \/>\n<link rel=\"canonical\" href=\"https:\/\/legitgrams.com\/pt\/produto\/hidrocodona-10-325mg\/\" \/>\n<meta property=\"og:locale\" content=\"pt_PT\" \/>\n<meta property=\"og:type\" content=\"article\" \/>\n<meta property=\"og:title\" content=\"Hydrocodone 10\/325mg for Sale Online @ Best Price | LegitGrams\" \/>\n<meta property=\"og:description\" content=\"Our Legitgrams online store has high-quality Hydrocodone 10\/325mg for sale. If you are willing to buy Hydrocodone 10\/325mg online, then let us know. We will complete your requirements soon!\" \/>\n<meta property=\"og:url\" content=\"https:\/\/legitgrams.com\/pt\/produto\/hidrocodona-10-325mg\/\" \/>\n<meta property=\"og:site_name\" content=\"Legit Grams\" \/>\n<meta property=\"article:modified_time\" content=\"2025-01-14T06:10:08+00:00\" \/>\n<meta property=\"og:image\" content=\"https:\/\/legitgrams.com\/wp-content\/uploads\/2024\/09\/buy-hydrocodone-10-325mg-online.jpg\" \/>\n\t<meta property=\"og:image:width\" content=\"600\" \/>\n\t<meta property=\"og:image:height\" content=\"600\" \/>\n\t<meta property=\"og:image:type\" content=\"image\/jpeg\" \/>\n<meta name=\"twitter:card\" content=\"summary_large_image\" \/>\n<meta name=\"twitter:label1\" content=\"Tempo estimado de leitura\" \/>\n\t<meta name=\"twitter:data1\" content=\"3 minutos\" \/>\n<script type=\"application\/ld+json\" class=\"yoast-schema-graph\">{\"@context\":\"https:\/\/schema.org\",\"@graph\":[{\"@type\":\"WebPage\",\"@id\":\"https:\/\/legitgrams.com\/product\/hydrocodone-10-325mg\/\",\"url\":\"https:\/\/legitgrams.com\/product\/hydrocodone-10-325mg\/\",\"name\":\"Hydrocodone 10\/325mg for Sale Online @ Best Price | LegitGrams\",\"isPartOf\":{\"@id\":\"https:\/\/legitgrams.com\/#website\"},\"primaryImageOfPage\":{\"@id\":\"https:\/\/legitgrams.com\/product\/hydrocodone-10-325mg\/#primaryimage\"},\"image\":{\"@id\":\"https:\/\/legitgrams.com\/product\/hydrocodone-10-325mg\/#primaryimage\"},\"thumbnailUrl\":\"https:\/\/legitgrams.com\/wp-content\/uploads\/2024\/09\/buy-hydrocodone-10-325mg-online.jpg\",\"datePublished\":\"2024-09-20T09:20:55+00:00\",\"dateModified\":\"2025-01-14T06:10:08+00:00\",\"description\":\"Our Legitgrams online store has high-quality Hydrocodone 10\/325mg for sale. If you are willing to buy Hydrocodone 10\/325mg online, then let us know. We will complete your requirements soon!\",\"breadcrumb\":{\"@id\":\"https:\/\/legitgrams.com\/product\/hydrocodone-10-325mg\/#breadcrumb\"},\"inLanguage\":\"pt-PT\",\"potentialAction\":[{\"@type\":\"ReadAction\",\"target\":[\"https:\/\/legitgrams.com\/product\/hydrocodone-10-325mg\/\"]}]},{\"@type\":\"ImageObject\",\"inLanguage\":\"pt-PT\",\"@id\":\"https:\/\/legitgrams.com\/product\/hydrocodone-10-325mg\/#primaryimage\",\"url\":\"https:\/\/legitgrams.com\/wp-content\/uploads\/2024\/09\/buy-hydrocodone-10-325mg-online.jpg\",\"contentUrl\":\"https:\/\/legitgrams.com\/wp-content\/uploads\/2024\/09\/buy-hydrocodone-10-325mg-online.jpg\",\"width\":600,\"height\":600,\"caption\":\"Hydrocodone 10\/325mg for Sale\"},{\"@type\":\"BreadcrumbList\",\"@id\":\"https:\/\/legitgrams.com\/product\/hydrocodone-10-325mg\/#breadcrumb\",\"itemListElement\":[{\"@type\":\"ListItem\",\"position\":1,\"name\":\"Home\",\"item\":\"https:\/\/legitgrams.com\/\"},{\"@type\":\"ListItem\",\"position\":2,\"name\":\"Shop\",\"item\":\"https:\/\/legitgrams.com\/shop\/\"},{\"@type\":\"ListItem\",\"position\":3,\"name\":\"Hydrocodone 10\/325mg\"}]},{\"@type\":\"WebSite\",\"@id\":\"https:\/\/legitgrams.com\/#website\",\"url\":\"https:\/\/legitgrams.com\/\",\"name\":\"Legit Grams\",\"description\":\"My WordPress Blog\",\"publisher\":{\"@id\":\"https:\/\/legitgrams.com\/#organization\"},\"potentialAction\":[{\"@type\":\"SearchAction\",\"target\":{\"@type\":\"EntryPoint\",\"urlTemplate\":\"https:\/\/legitgrams.com\/?s={search_term_string}\"},\"query-input\":{\"@type\":\"PropertyValueSpecification\",\"valueRequired\":true,\"valueName\":\"search_term_string\"}}],\"inLanguage\":\"pt-PT\"},{\"@type\":\"Organization\",\"@id\":\"https:\/\/legitgrams.com\/#organization\",\"name\":\"Legit Grams\",\"url\":\"https:\/\/legitgrams.com\/\",\"logo\":{\"@type\":\"ImageObject\",\"inLanguage\":\"pt-PT\",\"@id\":\"https:\/\/legitgrams.com\/#\/schema\/logo\/image\/\",\"url\":\"https:\/\/legitgrams.com\/wp-content\/uploads\/2024\/09\/main-logo.png\",\"contentUrl\":\"https:\/\/legitgrams.com\/wp-content\/uploads\/2024\/09\/main-logo.png\",\"width\":270,\"height\":75,\"caption\":\"Legit Grams\"},\"image\":{\"@id\":\"https:\/\/legitgrams.com\/#\/schema\/logo\/image\/\"}}]}<\/script>\n<!-- \/ Yoast SEO plugin. -->","yoast_head_json":{"title":"Hidrocodona 10\/325mg para venda online @ Melhor pre\u00e7o | LegitGrams","description":"A nossa loja online Legitgrams tem Hydrocodone 10\/325mg de alta qualidade para venda. Se estiver disposto a comprar Hydrocodone 10\/325mg online, informe-nos. Iremos completar os seus requisitos em breve!","robots":{"index":"index","follow":"follow","max-snippet":"max-snippet:-1","max-image-preview":"max-image-preview:large","max-video-preview":"max-video-preview:-1"},"canonical":"https:\/\/legitgrams.com\/pt\/produto\/hidrocodona-10-325mg\/","og_locale":"pt_PT","og_type":"article","og_title":"Hydrocodone 10\/325mg for Sale Online @ Best Price | LegitGrams","og_description":"Our Legitgrams online store has high-quality Hydrocodone 10\/325mg for sale. If you are willing to buy Hydrocodone 10\/325mg online, then let us know. We will complete your requirements soon!","og_url":"https:\/\/legitgrams.com\/pt\/produto\/hidrocodona-10-325mg\/","og_site_name":"Legit Grams","article_modified_time":"2025-01-14T06:10:08+00:00","og_image":[{"width":600,"height":600,"url":"https:\/\/legitgrams.com\/wp-content\/uploads\/2024\/09\/buy-hydrocodone-10-325mg-online.jpg","type":"image\/jpeg"}],"twitter_card":"summary_large_image","twitter_misc":{"Tempo estimado de leitura":"3 minutos"},"schema":{"@context":"https:\/\/schema.org","@graph":[{"@type":"WebPage","@id":"https:\/\/legitgrams.com\/product\/hydrocodone-10-325mg\/","url":"https:\/\/legitgrams.com\/product\/hydrocodone-10-325mg\/","name":"Hidrocodona 10\/325mg para venda online @ Melhor pre\u00e7o | LegitGrams","isPartOf":{"@id":"https:\/\/legitgrams.com\/#website"},"primaryImageOfPage":{"@id":"https:\/\/legitgrams.com\/product\/hydrocodone-10-325mg\/#primaryimage"},"image":{"@id":"https:\/\/legitgrams.com\/product\/hydrocodone-10-325mg\/#primaryimage"},"thumbnailUrl":"https:\/\/legitgrams.com\/wp-content\/uploads\/2024\/09\/buy-hydrocodone-10-325mg-online.jpg","datePublished":"2024-09-20T09:20:55+00:00","dateModified":"2025-01-14T06:10:08+00:00","description":"A nossa loja online Legitgrams tem Hydrocodone 10\/325mg de alta qualidade para venda. Se estiver disposto a comprar Hydrocodone 10\/325mg online, informe-nos. Iremos completar os seus requisitos em breve!","breadcrumb":{"@id":"https:\/\/legitgrams.com\/product\/hydrocodone-10-325mg\/#breadcrumb"},"inLanguage":"pt-PT","potentialAction":[{"@type":"ReadAction","target":["https:\/\/legitgrams.com\/product\/hydrocodone-10-325mg\/"]}]},{"@type":"ImageObject","inLanguage":"pt-PT","@id":"https:\/\/legitgrams.com\/product\/hydrocodone-10-325mg\/#primaryimage","url":"https:\/\/legitgrams.com\/wp-content\/uploads\/2024\/09\/buy-hydrocodone-10-325mg-online.jpg","contentUrl":"https:\/\/legitgrams.com\/wp-content\/uploads\/2024\/09\/buy-hydrocodone-10-325mg-online.jpg","width":600,"height":600,"caption":"Hydrocodone 10\/325mg for Sale"},{"@type":"BreadcrumbList","@id":"https:\/\/legitgrams.com\/product\/hydrocodone-10-325mg\/#breadcrumb","itemListElement":[{"@type":"ListItem","position":1,"name":"Home","item":"https:\/\/legitgrams.com\/"},{"@type":"ListItem","position":2,"name":"Shop","item":"https:\/\/legitgrams.com\/shop\/"},{"@type":"ListItem","position":3,"name":"Hydrocodone 10\/325mg"}]},{"@type":"WebSite","@id":"https:\/\/legitgrams.com\/#website","url":"https:\/\/legitgrams.com\/","name":"Gramas leg\u00edtimas","description":"O meu blogue WordPress","publisher":{"@id":"https:\/\/legitgrams.com\/#organization"},"potentialAction":[{"@type":"SearchAction","target":{"@type":"EntryPoint","urlTemplate":"https:\/\/legitgrams.com\/?s={search_term_string}"},"query-input":{"@type":"PropertyValueSpecification","valueRequired":true,"valueName":"search_term_string"}}],"inLanguage":"pt-PT"},{"@type":"Organization","@id":"https:\/\/legitgrams.com\/#organization","name":"Gramas leg\u00edtimas","url":"https:\/\/legitgrams.com\/","logo":{"@type":"ImageObject","inLanguage":"pt-PT","@id":"https:\/\/legitgrams.com\/#\/schema\/logo\/image\/","url":"https:\/\/legitgrams.com\/wp-content\/uploads\/2024\/09\/main-logo.png","contentUrl":"https:\/\/legitgrams.com\/wp-content\/uploads\/2024\/09\/main-logo.png","width":270,"height":75,"caption":"Legit Grams"},"image":{"@id":"https:\/\/legitgrams.com\/#\/schema\/logo\/image\/"}}]}},"uagb_featured_image_src":{"full":["https:\/\/legitgrams.com\/wp-content\/uploads\/2024\/09\/buy-hydrocodone-10-325mg-online.jpg",600,600,false],"thumbnail":["https:\/\/legitgrams.com\/wp-content\/uploads\/2024\/09\/buy-hydrocodone-10-325mg-online-150x150.jpg",150,150,true],"medium":["https:\/\/legitgrams.com\/wp-content\/uploads\/2024\/09\/buy-hydrocodone-10-325mg-online-300x300.jpg",300,300,true],"medium_large":["https:\/\/legitgrams.com\/wp-content\/uploads\/2024\/09\/buy-hydrocodone-10-325mg-online.jpg",600,600,false],"large":["https:\/\/legitgrams.com\/wp-content\/uploads\/2024\/09\/buy-hydrocodone-10-325mg-online.jpg",600,600,false],"1536x1536":["https:\/\/legitgrams.com\/wp-content\/uploads\/2024\/09\/buy-hydrocodone-10-325mg-online.jpg",600,600,false],"2048x2048":["https:\/\/legitgrams.com\/wp-content\/uploads\/2024\/09\/buy-hydrocodone-10-325mg-online.jpg",600,600,false],"trp-custom-language-flag":["https:\/\/legitgrams.com\/wp-content\/uploads\/2024\/09\/buy-hydrocodone-10-325mg-online-12x12.jpg",12,12,true],"woocommerce_thumbnail":["https:\/\/legitgrams.com\/wp-content\/uploads\/2024\/09\/buy-hydrocodone-10-325mg-online-300x300.jpg",300,300,true],"woocommerce_single":["https:\/\/legitgrams.com\/wp-content\/uploads\/2024\/09\/buy-hydrocodone-10-325mg-online.jpg",600,600,false],"woocommerce_gallery_thumbnail":["https:\/\/legitgrams.com\/wp-content\/uploads\/2024\/09\/buy-hydrocodone-10-325mg-online-100x100.jpg",100,100,true]},"uagb_author_info":{"display_name":"cokeblog18","author_link":"https:\/\/legitgrams.com\/pt\/author\/"},"uagb_comment_info":0,"uagb_excerpt":"Purchase 10\/325 mg of hydrocodone online. Hydrocodone Bitartrate Acetaminophen Buy Hydrocodone Online Ask your doctor about naloxone, a common drug that can save your life when taken with hydrocodone (for example, at home or at work). Naloxone can reverse a potentially lethal overdose. By preventing the effects of opiates, it reduces the unpleasant sensations caused&hellip;","_links":{"self":[{"href":"https:\/\/legitgrams.com\/pt\/wp-json\/wp\/v2\/product\/3872","targetHints":{"allow":["GET"]}}],"collection":[{"href":"https:\/\/legitgrams.com\/pt\/wp-json\/wp\/v2\/product"}],"about":[{"href":"https:\/\/legitgrams.com\/pt\/wp-json\/wp\/v2\/types\/product"}],"replies":[{"embeddable":true,"href":"https:\/\/legitgrams.com\/pt\/wp-json\/wp\/v2\/comments?post=3872"}],"wp:featuredmedia":[{"embeddable":true,"href":"https:\/\/legitgrams.com\/pt\/wp-json\/wp\/v2\/media\/5211"}],"wp:attachment":[{"href":"https:\/\/legitgrams.com\/pt\/wp-json\/wp\/v2\/media?parent=3872"}],"wp:term":[{"taxonomy":"product_brand","embeddable":true,"href":"https:\/\/legitgrams.com\/pt\/wp-json\/wp\/v2\/product_brand?post=3872"},{"taxonomy":"product_cat","embeddable":true,"href":"https:\/\/legitgrams.com\/pt\/wp-json\/wp\/v2\/product_cat?post=3872"},{"taxonomy":"product_tag","embeddable":true,"href":"https:\/\/legitgrams.com\/pt\/wp-json\/wp\/v2\/product_tag?post=3872"}],"curies":[{"name":"wp","href":"https:\/\/api.w.org\/{rel}","templated":true}]}}