{"id":3876,"date":"2024-09-20T09:42:42","date_gmt":"2024-09-20T09:42:42","guid":{"rendered":"https:\/\/legitgrams.com\/?post_type=product&#038;p=3876"},"modified":"2025-01-14T07:50:56","modified_gmt":"2025-01-14T07:50:56","slug":"lioresal-baclofeno-25mg-comprimidos","status":"publish","type":"product","link":"https:\/\/legitgrams.com\/pt\/produto\/lioresal-baclofeno-25mg-comprimidos\/","title":{"rendered":"Lioresal Baclofeno 25mg comprimidos"},"content":{"rendered":"<h2>Compre comprimidos de Lioresal Baclofeno de 25 mg online.<\/h2>\n<p>Este medicamento reduz a frequ\u00eancia e a gravidade dos espasmos musculares causados \u200b\u200bpor esclerose m\u00faltipla ou danos na medula espinhal, agindo na medula espinhal. Ele tamb\u00e9m melhora a fun\u00e7\u00e3o muscular e reduz a dor. A bacilina atua no c\u00e9rebro e na medula espinhal para manter a for\u00e7a muscular, reduzindo a rigidez muscular ou c\u00e3ibras. A mobilidade muscular ser\u00e1 melhorada e a dor ser\u00e1 diminu\u00edda.<\/p>\n<p>Compras on-line de <a href=\"https:\/\/legitgrams.com\/pt\/produto\/lioresal-baclofeno-25mg-comprimidos\/\">Lioresal 25 mg comprimidos<\/a> , comprimidos de Lioresal de 25 mg e comprimidos de Baclofeno est\u00e3o todos dispon\u00edveis. Onde posso comprar comprimidos de 25 mg de Lioresal Baclofeno online? Onde posso comprar comprimidos de 25 mg de Lioresal Baclofeno online? Onde posso comprar comprimidos de 25 mg de Lioresal Baclofeno online? Onde posso comprar comprimidos de 25 mg de Lioresal Baclofeno online? Onde posso comprar comprimidos de 25 mg de Lioresal Baclofeno online? comprar, fornecedores, internet e entrega segura, comprimidos de Lioresal Baclofeno 25mg ainda est\u00e3o acess\u00edveis. \u00c9 legal para os americanos comprar comprimidos de 25 mg de Lioresal Baclofeno online? Como posso comprar comprimidos de 25 mg de Lioresal Baclofeno? \u00c9 legal no Canad\u00e1 tomar 25 mg de Lioresal <a href=\"https:\/\/en.wikipedia.org\/wiki\/Baclofen\">Baclofeno<\/a>\u00a0p\u00edlulas? <a href=\"https:\/\/legitgrams.com\/pt\/\">LegitGrams<\/a><\/p>\n<h2><\/h2>\n<h2><\/h2>\n<p>&nbsp;<\/p>","protected":false},"excerpt":{"rendered":"<p>Purchase 25 mg Lioresal Baclofen tablets online. This drug reduces the frequency and severity of muscle spasms caused by multiple sclerosis or spinal cord damage by acting on the spinal cord. It also improves muscle function and reduces soreness. Bacillin acts on the brain and spinal cord to maintain muscle power by reducing muscle stiffness &hellip;<\/p>\n<p class=\"read-more\"> <a class=\"\" href=\"https:\/\/legitgrams.com\/pt\/produto\/lioresal-baclofeno-25mg-comprimidos\/\"> <span class=\"screen-reader-text\">Lioresal Baclofeno 25mg comprimidos<\/span> Ler mais \"<\/a><\/p>","protected":false},"featured_media":5233,"comment_status":"open","ping_status":"closed","template":"","meta":{"_uag_custom_page_level_css":"","site-sidebar-layout":"default","site-content-layout":"default","ast-global-header-display":"","ast-main-header-display":"","ast-hfb-above-header-display":"","ast-hfb-below-header-display":"","ast-hfb-mobile-header-display":"","site-post-title":"","ast-breadcrumbs-content":"","ast-featured-img":"","footer-sml-layout":"","theme-transparent-header-meta":"default","adv-header-id-meta":"","stick-header-meta":"default","header-above-stick-meta":"","header-main-stick-meta":"","header-below-stick-meta":"","_joinchat":[]},"product_brand":[],"product_cat":[608,597,609,610],"product_tag":[4372,4362,617,4354,4369,4366,4361,4353,4356,4364,4357,4355,4365,4367,4374,4375,4373,4370,4359,4371,4368,625,4360,4363,4358],"class_list":{"0":"post-3876","1":"product","2":"type-product","3":"status-publish","4":"has-post-thumbnail","6":"product_cat-pain-pills","7":"product_cat-pain-sleeping-sex-pills","8":"product_cat-sex-pills","9":"product_cat-sleeping-pills","10":"product_tag-best-cheap-price-lioresal-baclofen-25mg-pills","11":"product_tag-best-place-to-buy-lioresal-baclofen-25mg-pills","12":"product_tag-bulk-online","13":"product_tag-buy-lioresal-baclofen-25mg-pills","14":"product_tag-cheap-lioresal-baclofen-25mg-pills","15":"product_tag-high-quality-lioresal-baclofen-25mg-pills","16":"product_tag-how-to-buy-lioresal-baclofen-25mg-pills","17":"product_tag-lioresal-baclofen-25mg-pills","18":"product_tag-lioresal-baclofen-25mg-pills-for-sale","19":"product_tag-lioresal-baclofen-25mg-pills-legally","20":"product_tag-lioresal-baclofen-25mg-pills-lioresal-baclofen-25mg-pills-supplier","21":"product_tag-lioresal-baclofen-25mg-pills-online","22":"product_tag-lioresal-baclofen-25mg-pills-price","23":"product_tag-lioresal-baclofen-25mg-pills-store","24":"product_tag-lioresal-baclofen-25mg-pills-use","25":"product_tag-lioresal-baclofen-25mg-pills-wiki","26":"product_tag-lioresal-baclofen-25mg-pills-worldwide","27":"product_tag-lioresal-baclofen-25mg-pillss","28":"product_tag-order-lioresal-baclofen-25mg-pills","29":"product_tag-purcharse-lioresal-baclofen-25mg-pills","30":"product_tag-shop-lioresal-baclofen-25mg-pills","31":"product_tag-top-quality","32":"product_tag-where-to-buy-lioresal-baclofen-25mg-pills","33":"product_tag-where-to-order-lioresal-baclofen-25mg-pills","34":"product_tag-wholesale-lioresal-baclofen-25mg-pills","35":"desktop-align-left","36":"tablet-align-left","37":"mobile-align-left","38":"ast-product-gallery-layout-horizontal","39":"ast-product-gallery-with-no-image","40":"ast-product-single-variable","41":"ast-product-tabs-layout-horizontal","42":"ast-qv-on-image","44":"first","45":"instock","46":"shipping-taxable","47":"purchasable","48":"product-type-variable"},"yoast_head":"<!-- This site is optimized with the Yoast SEO plugin v25.9 - https:\/\/yoast.com\/wordpress\/plugins\/seo\/ -->\n<title>Lioresal Baclofen 25mg Pills for Sale - Buy Lioresal Baclofen Online<\/title>\n<meta name=\"description\" content=\"Looking to buy Lioresal Baclofen 25mg pills online at a reasonable price? Visit our reputable Legitgrams online store and get Lioresal Baclofen 25mg pills for sale today. Place an order now!\" \/>\n<meta name=\"robots\" content=\"index, follow, max-snippet:-1, max-image-preview:large, max-video-preview:-1\" \/>\n<link rel=\"canonical\" href=\"https:\/\/legitgrams.com\/pt\/produto\/lioresal-baclofeno-25mg-comprimidos\/\" \/>\n<meta property=\"og:locale\" content=\"pt_PT\" \/>\n<meta property=\"og:type\" content=\"article\" \/>\n<meta property=\"og:title\" content=\"Lioresal Baclofen 25mg Pills for Sale - Buy Lioresal Baclofen Online\" \/>\n<meta property=\"og:description\" content=\"Looking to buy Lioresal Baclofen 25mg pills online at a reasonable price? Visit our reputable Legitgrams online store and get Lioresal Baclofen 25mg pills for sale today. Place an order now!\" \/>\n<meta property=\"og:url\" content=\"https:\/\/legitgrams.com\/pt\/produto\/lioresal-baclofeno-25mg-comprimidos\/\" \/>\n<meta property=\"og:site_name\" content=\"Legit Grams\" \/>\n<meta property=\"article:modified_time\" content=\"2025-01-14T07:50:56+00:00\" \/>\n<meta property=\"og:image\" content=\"https:\/\/legitgrams.com\/wp-content\/uploads\/2024\/09\/buy-lioresal-baclofen-25mg-pills-online.jpg\" \/>\n\t<meta property=\"og:image:width\" content=\"600\" \/>\n\t<meta property=\"og:image:height\" content=\"600\" \/>\n\t<meta property=\"og:image:type\" content=\"image\/jpeg\" \/>\n<meta name=\"twitter:card\" content=\"summary_large_image\" \/>\n<meta name=\"twitter:label1\" content=\"Tempo estimado de leitura\" \/>\n\t<meta name=\"twitter:data1\" content=\"2 minutos\" \/>\n<script type=\"application\/ld+json\" class=\"yoast-schema-graph\">{\"@context\":\"https:\/\/schema.org\",\"@graph\":[{\"@type\":\"WebPage\",\"@id\":\"https:\/\/legitgrams.com\/product\/lioresal-baclofen-25mg-pills\/\",\"url\":\"https:\/\/legitgrams.com\/product\/lioresal-baclofen-25mg-pills\/\",\"name\":\"Lioresal Baclofen 25mg Pills for Sale - Buy Lioresal Baclofen Online\",\"isPartOf\":{\"@id\":\"https:\/\/legitgrams.com\/#website\"},\"primaryImageOfPage\":{\"@id\":\"https:\/\/legitgrams.com\/product\/lioresal-baclofen-25mg-pills\/#primaryimage\"},\"image\":{\"@id\":\"https:\/\/legitgrams.com\/product\/lioresal-baclofen-25mg-pills\/#primaryimage\"},\"thumbnailUrl\":\"https:\/\/legitgrams.com\/wp-content\/uploads\/2024\/09\/buy-lioresal-baclofen-25mg-pills-online.jpg\",\"datePublished\":\"2024-09-20T09:42:42+00:00\",\"dateModified\":\"2025-01-14T07:50:56+00:00\",\"description\":\"Looking to buy Lioresal Baclofen 25mg pills online at a reasonable price? Visit our reputable Legitgrams online store and get Lioresal Baclofen 25mg pills for sale today. Place an order now!\",\"breadcrumb\":{\"@id\":\"https:\/\/legitgrams.com\/product\/lioresal-baclofen-25mg-pills\/#breadcrumb\"},\"inLanguage\":\"pt-PT\",\"potentialAction\":[{\"@type\":\"ReadAction\",\"target\":[\"https:\/\/legitgrams.com\/product\/lioresal-baclofen-25mg-pills\/\"]}]},{\"@type\":\"ImageObject\",\"inLanguage\":\"pt-PT\",\"@id\":\"https:\/\/legitgrams.com\/product\/lioresal-baclofen-25mg-pills\/#primaryimage\",\"url\":\"https:\/\/legitgrams.com\/wp-content\/uploads\/2024\/09\/buy-lioresal-baclofen-25mg-pills-online.jpg\",\"contentUrl\":\"https:\/\/legitgrams.com\/wp-content\/uploads\/2024\/09\/buy-lioresal-baclofen-25mg-pills-online.jpg\",\"width\":600,\"height\":600,\"caption\":\"Lioresal Baclofen 25mg Pills for Sale\"},{\"@type\":\"BreadcrumbList\",\"@id\":\"https:\/\/legitgrams.com\/product\/lioresal-baclofen-25mg-pills\/#breadcrumb\",\"itemListElement\":[{\"@type\":\"ListItem\",\"position\":1,\"name\":\"Home\",\"item\":\"https:\/\/legitgrams.com\/\"},{\"@type\":\"ListItem\",\"position\":2,\"name\":\"Shop\",\"item\":\"https:\/\/legitgrams.com\/shop\/\"},{\"@type\":\"ListItem\",\"position\":3,\"name\":\"Lioresal Baclofen 25mg pills\"}]},{\"@type\":\"WebSite\",\"@id\":\"https:\/\/legitgrams.com\/#website\",\"url\":\"https:\/\/legitgrams.com\/\",\"name\":\"Legit Grams\",\"description\":\"My WordPress Blog\",\"publisher\":{\"@id\":\"https:\/\/legitgrams.com\/#organization\"},\"potentialAction\":[{\"@type\":\"SearchAction\",\"target\":{\"@type\":\"EntryPoint\",\"urlTemplate\":\"https:\/\/legitgrams.com\/?s={search_term_string}\"},\"query-input\":{\"@type\":\"PropertyValueSpecification\",\"valueRequired\":true,\"valueName\":\"search_term_string\"}}],\"inLanguage\":\"pt-PT\"},{\"@type\":\"Organization\",\"@id\":\"https:\/\/legitgrams.com\/#organization\",\"name\":\"Legit Grams\",\"url\":\"https:\/\/legitgrams.com\/\",\"logo\":{\"@type\":\"ImageObject\",\"inLanguage\":\"pt-PT\",\"@id\":\"https:\/\/legitgrams.com\/#\/schema\/logo\/image\/\",\"url\":\"https:\/\/legitgrams.com\/wp-content\/uploads\/2024\/09\/main-logo.png\",\"contentUrl\":\"https:\/\/legitgrams.com\/wp-content\/uploads\/2024\/09\/main-logo.png\",\"width\":270,\"height\":75,\"caption\":\"Legit Grams\"},\"image\":{\"@id\":\"https:\/\/legitgrams.com\/#\/schema\/logo\/image\/\"}}]}<\/script>\n<!-- \/ Yoast SEO plugin. -->","yoast_head_json":{"title":"Comprimidos de 25 mg de Lioresal Baclofen para venda - Compre Lioresal Baclofen online","description":"Procurando comprar Lioresal Baclofen 25mg comprimidos online a um pre\u00e7o razo\u00e1vel? Visite a nossa respeit\u00e1vel loja online Legitgrams e obtenha Lioresal Baclofen 25mg comprimidos para venda hoje. Fa\u00e7a uma encomenda agora!","robots":{"index":"index","follow":"follow","max-snippet":"max-snippet:-1","max-image-preview":"max-image-preview:large","max-video-preview":"max-video-preview:-1"},"canonical":"https:\/\/legitgrams.com\/pt\/produto\/lioresal-baclofeno-25mg-comprimidos\/","og_locale":"pt_PT","og_type":"article","og_title":"Lioresal Baclofen 25mg Pills for Sale - Buy Lioresal Baclofen Online","og_description":"Looking to buy Lioresal Baclofen 25mg pills online at a reasonable price? Visit our reputable Legitgrams online store and get Lioresal Baclofen 25mg pills for sale today. Place an order now!","og_url":"https:\/\/legitgrams.com\/pt\/produto\/lioresal-baclofeno-25mg-comprimidos\/","og_site_name":"Legit Grams","article_modified_time":"2025-01-14T07:50:56+00:00","og_image":[{"width":600,"height":600,"url":"https:\/\/legitgrams.com\/wp-content\/uploads\/2024\/09\/buy-lioresal-baclofen-25mg-pills-online.jpg","type":"image\/jpeg"}],"twitter_card":"summary_large_image","twitter_misc":{"Tempo estimado de leitura":"2 minutos"},"schema":{"@context":"https:\/\/schema.org","@graph":[{"@type":"WebPage","@id":"https:\/\/legitgrams.com\/product\/lioresal-baclofen-25mg-pills\/","url":"https:\/\/legitgrams.com\/product\/lioresal-baclofen-25mg-pills\/","name":"Comprimidos de 25 mg de Lioresal Baclofen para venda - Compre Lioresal Baclofen online","isPartOf":{"@id":"https:\/\/legitgrams.com\/#website"},"primaryImageOfPage":{"@id":"https:\/\/legitgrams.com\/product\/lioresal-baclofen-25mg-pills\/#primaryimage"},"image":{"@id":"https:\/\/legitgrams.com\/product\/lioresal-baclofen-25mg-pills\/#primaryimage"},"thumbnailUrl":"https:\/\/legitgrams.com\/wp-content\/uploads\/2024\/09\/buy-lioresal-baclofen-25mg-pills-online.jpg","datePublished":"2024-09-20T09:42:42+00:00","dateModified":"2025-01-14T07:50:56+00:00","description":"Procurando comprar Lioresal Baclofen 25mg comprimidos online a um pre\u00e7o razo\u00e1vel? Visite a nossa respeit\u00e1vel loja online Legitgrams e obtenha Lioresal Baclofen 25mg comprimidos para venda hoje. Fa\u00e7a uma encomenda agora!","breadcrumb":{"@id":"https:\/\/legitgrams.com\/product\/lioresal-baclofen-25mg-pills\/#breadcrumb"},"inLanguage":"pt-PT","potentialAction":[{"@type":"ReadAction","target":["https:\/\/legitgrams.com\/product\/lioresal-baclofen-25mg-pills\/"]}]},{"@type":"ImageObject","inLanguage":"pt-PT","@id":"https:\/\/legitgrams.com\/product\/lioresal-baclofen-25mg-pills\/#primaryimage","url":"https:\/\/legitgrams.com\/wp-content\/uploads\/2024\/09\/buy-lioresal-baclofen-25mg-pills-online.jpg","contentUrl":"https:\/\/legitgrams.com\/wp-content\/uploads\/2024\/09\/buy-lioresal-baclofen-25mg-pills-online.jpg","width":600,"height":600,"caption":"Lioresal Baclofen 25mg Pills for Sale"},{"@type":"BreadcrumbList","@id":"https:\/\/legitgrams.com\/product\/lioresal-baclofen-25mg-pills\/#breadcrumb","itemListElement":[{"@type":"ListItem","position":1,"name":"Home","item":"https:\/\/legitgrams.com\/"},{"@type":"ListItem","position":2,"name":"Shop","item":"https:\/\/legitgrams.com\/shop\/"},{"@type":"ListItem","position":3,"name":"Lioresal Baclofen 25mg pills"}]},{"@type":"WebSite","@id":"https:\/\/legitgrams.com\/#website","url":"https:\/\/legitgrams.com\/","name":"Gramas leg\u00edtimas","description":"O meu blogue WordPress","publisher":{"@id":"https:\/\/legitgrams.com\/#organization"},"potentialAction":[{"@type":"SearchAction","target":{"@type":"EntryPoint","urlTemplate":"https:\/\/legitgrams.com\/?s={search_term_string}"},"query-input":{"@type":"PropertyValueSpecification","valueRequired":true,"valueName":"search_term_string"}}],"inLanguage":"pt-PT"},{"@type":"Organization","@id":"https:\/\/legitgrams.com\/#organization","name":"Gramas leg\u00edtimas","url":"https:\/\/legitgrams.com\/","logo":{"@type":"ImageObject","inLanguage":"pt-PT","@id":"https:\/\/legitgrams.com\/#\/schema\/logo\/image\/","url":"https:\/\/legitgrams.com\/wp-content\/uploads\/2024\/09\/main-logo.png","contentUrl":"https:\/\/legitgrams.com\/wp-content\/uploads\/2024\/09\/main-logo.png","width":270,"height":75,"caption":"Legit Grams"},"image":{"@id":"https:\/\/legitgrams.com\/#\/schema\/logo\/image\/"}}]}},"uagb_featured_image_src":{"full":["https:\/\/legitgrams.com\/wp-content\/uploads\/2024\/09\/buy-lioresal-baclofen-25mg-pills-online.jpg",600,600,false],"thumbnail":["https:\/\/legitgrams.com\/wp-content\/uploads\/2024\/09\/buy-lioresal-baclofen-25mg-pills-online-150x150.jpg",150,150,true],"medium":["https:\/\/legitgrams.com\/wp-content\/uploads\/2024\/09\/buy-lioresal-baclofen-25mg-pills-online-300x300.jpg",300,300,true],"medium_large":["https:\/\/legitgrams.com\/wp-content\/uploads\/2024\/09\/buy-lioresal-baclofen-25mg-pills-online.jpg",600,600,false],"large":["https:\/\/legitgrams.com\/wp-content\/uploads\/2024\/09\/buy-lioresal-baclofen-25mg-pills-online.jpg",600,600,false],"1536x1536":["https:\/\/legitgrams.com\/wp-content\/uploads\/2024\/09\/buy-lioresal-baclofen-25mg-pills-online.jpg",600,600,false],"2048x2048":["https:\/\/legitgrams.com\/wp-content\/uploads\/2024\/09\/buy-lioresal-baclofen-25mg-pills-online.jpg",600,600,false],"trp-custom-language-flag":["https:\/\/legitgrams.com\/wp-content\/uploads\/2024\/09\/buy-lioresal-baclofen-25mg-pills-online-12x12.jpg",12,12,true],"woocommerce_thumbnail":["https:\/\/legitgrams.com\/wp-content\/uploads\/2024\/09\/buy-lioresal-baclofen-25mg-pills-online-300x300.jpg",300,300,true],"woocommerce_single":["https:\/\/legitgrams.com\/wp-content\/uploads\/2024\/09\/buy-lioresal-baclofen-25mg-pills-online.jpg",600,600,false],"woocommerce_gallery_thumbnail":["https:\/\/legitgrams.com\/wp-content\/uploads\/2024\/09\/buy-lioresal-baclofen-25mg-pills-online-100x100.jpg",100,100,true]},"uagb_author_info":{"display_name":"cokeblog18","author_link":"https:\/\/legitgrams.com\/pt\/author\/"},"uagb_comment_info":0,"uagb_excerpt":"Purchase 25 mg Lioresal Baclofen tablets online. This drug reduces the frequency and severity of muscle spasms caused by multiple sclerosis or spinal cord damage by acting on the spinal cord. It also improves muscle function and reduces soreness. Bacillin acts on the brain and spinal cord to maintain muscle power by reducing muscle stiffness&hellip;","_links":{"self":[{"href":"https:\/\/legitgrams.com\/pt\/wp-json\/wp\/v2\/product\/3876","targetHints":{"allow":["GET"]}}],"collection":[{"href":"https:\/\/legitgrams.com\/pt\/wp-json\/wp\/v2\/product"}],"about":[{"href":"https:\/\/legitgrams.com\/pt\/wp-json\/wp\/v2\/types\/product"}],"replies":[{"embeddable":true,"href":"https:\/\/legitgrams.com\/pt\/wp-json\/wp\/v2\/comments?post=3876"}],"wp:featuredmedia":[{"embeddable":true,"href":"https:\/\/legitgrams.com\/pt\/wp-json\/wp\/v2\/media\/5233"}],"wp:attachment":[{"href":"https:\/\/legitgrams.com\/pt\/wp-json\/wp\/v2\/media?parent=3876"}],"wp:term":[{"taxonomy":"product_brand","embeddable":true,"href":"https:\/\/legitgrams.com\/pt\/wp-json\/wp\/v2\/product_brand?post=3876"},{"taxonomy":"product_cat","embeddable":true,"href":"https:\/\/legitgrams.com\/pt\/wp-json\/wp\/v2\/product_cat?post=3876"},{"taxonomy":"product_tag","embeddable":true,"href":"https:\/\/legitgrams.com\/pt\/wp-json\/wp\/v2\/product_tag?post=3876"}],"curies":[{"name":"wp","href":"https:\/\/api.w.org\/{rel}","templated":true}]}}