{"id":3890,"date":"2024-09-20T10:09:25","date_gmt":"2024-09-20T10:09:25","guid":{"rendered":"https:\/\/legitgrams.com\/?post_type=product&#038;p=3890"},"modified":"2025-04-04T13:43:33","modified_gmt":"2025-04-04T13:43:33","slug":"cogumelos-com-inveja-do-penis","status":"publish","type":"product","link":"https:\/\/legitgrams.com\/pt\/produto\/cogumelos-com-inveja-do-penis\/","title":{"rendered":"Comprar Penis Envy Mushrooms Online"},"content":{"rendered":"<h2>Compre cogumelos Penis Envy online: Penis Envy Cubensis para venda<\/h2>\n<p>\"O que \u00e9 o <a href=\"https:\/\/legitgrams.com\/pt\/produto\/cogumelos-com-inveja-do-penis\/\">Inveja do p\u00e9nis Cubensis<\/a>\"Qual \u00e9 o nome estranho?\" pode estar na sua cabe\u00e7a. A situa\u00e7\u00e3o \u00e9 realmente simples. N\u00e3o h\u00e1 como negar que este fungo alucin\u00f3geno se assemelha a um p\u00eanis. Voc\u00ea pode se surpreender ao saber que este cogumelo tem um dos maiores potenciais psicod\u00e9licos de todas as esp\u00e9cies conhecidas. H\u00e1 rumores de que Terence McKenna, dos Psychonauts, foi o engenheiro do... <a href=\"https:\/\/www.bing.com\/search?q=ComprecogumelosPenisEnvyonline&amp;qs=n&amp;form=QBRE&amp;sp=-1&amp;lq=0&amp;pq=comprecogumelospenisenvyonline&amp;sc=0-34&amp;sk=&amp;cvid=EE7C9E99BC824AC9AC70C736FD732F9F&amp;ghsh=0&amp;ghacc=0&amp;ghpl=\">Inveja do p\u00e9nis Cubensis<\/a>.<\/p>\n<p>Ele tem uma capa carnuda, um eixo grosso e bulboso e um caule que continua a crescer em tamanho mesmo depois que a capa \u00e9 aberta. Ao contr\u00e1rio de outras linhagens de Cubensis, esta tem uma densidade muito alta de cogumelos. Cultivar esse tipo de cogumelo n\u00e3o \u00e9 f\u00e1cil. Sob um microsc\u00f3pio, os esporos parecem id\u00eanticos, mas o processo de gera\u00e7\u00e3o \u00e9 totalmente distinto do de outras linhagens. Em ess\u00eancia, impress\u00f5es de esporos n\u00e3o s\u00e3o poss\u00edveis, e seringas de esporos s\u00e3o a \u00fanica maneira de obter <a href=\"https:\/\/www.google.com\/search?q=Compre+cogumelos+Penis+Envy+online&amp;sca_esv=eddefdb7b92e7545&amp;sxsrf=AHTn8zpUg8FXzxzqKMJudR8AhM8ow4C8Ew1743774374800&amp;ei=puLvZ9DIMJyB2roP3cHU-Q4&amp;ved=0ahUKEwjQs7bhwb6MAxWcgFYBHd0gNe8Q4dUDCBA&amp;uact=5&amp;oq=Compre+cogumelos+Penis+Envy+online&amp;gs_lp=Egxnd3Mtd2l6LXNlcnAiIkNvbXByZSBjb2d1bWVsb3MgUGVuaXMgRW52eSBvbmxpbmVI0wZQxwJYxwJwAXgAkAEAmAGwAqABsAKqAQMzLTG4AQPIAQD4AQL4AQGYAgCgAgCYAwCIBgGSBwCgB6ACsgcAuAcA&amp;sclient=gws-wiz-serp\">Inveja do p\u00e9nis Cubensis<\/a> spores. <a href=\"https:\/\/legitgrams.com\/pt\/\">LegitGrams<\/a><\/p>\n<h3>Que efeitos tem este cogumelo?<\/h3>\n<p>O fungo forte \u00e0 base de psilocibina \u00e9 o Penis Envy Cubensis Canada. Evidentemente, o ingrediente ativo chama-se psilocibina, e tem uma variedade de efeitos fisiol\u00f3gicos. Essencialmente, experimentar\u00e1 algo m\u00edstico, e isto varia de pessoa para pessoa. O tipo de experi\u00eancia que tens depender\u00e1 da quantidade da dose que tomares.<\/p>\n<p>Por exemplo, <a href=\"https:\/\/en.wikipedia.org\/wiki\/Penis_envy\">Inveja do p\u00e9nis<\/a> A cubensis tem efeitos fortes que podem ser compar\u00e1veis a dois ou tr\u00eas gramas de cogumelos mais fracos por grama. Por este motivo, aconselhamos que comeces com uma dose mais pequena, especialmente se fores principiante. Para um utilizador principiante, os efeitos profundos e perturbadores dos cogumelos psilocibinos podem ser bastante inquietantes.<\/p>\n<h3>Os seguintes resultados poss\u00edveis podem resultar da ingest\u00e3o de doses maiores deste cogumelo:s<\/h3>\n<p>Percep\u00e7\u00f5es de dilata\u00e7\u00e3o do tempo<br \/>\nDel\u00edrios<br \/>\nSinestesia \u00e9 a capacidade de perceber sons e ouvir cores.<\/p>\n<p>Surfe fractal<br \/>\nFlashes de ocorr\u00eancias e incidentes t\u00e3o v\u00edvidos que tomam conta de seus pensamentos enquanto voc\u00ea observa os corpos celestes<br \/>\nA palavra \u201csaud\u00e1vel\u201d resume melhor um passeio com a Penis Envy Cubensis. \u00c9 improv\u00e1vel que voc\u00ea se sinta cansado ou sonolento. Por outro lado, a variedade de est\u00edmulos visuais e auditivos que voc\u00ea experimentar\u00e1 ao longo da viagem deve fazer com que voc\u00ea se sinta energizado, euf\u00f3rico e curioso.<\/p>\n<h3>Existem vantagens para a sa\u00fade?<\/h3>\n<p>O consumo de psilocibina tem sido frequentemente associado a efeitos anti-depressivos, anti-ansiedade e anti-stress. \u00c9 utilizada por pessoas de todo o mundo para se tratarem dos v\u00e1rios problemas que enfrentam. No entanto, \u00e9 melhor consumir dentro da sua zona de conforto. Quando consumidas em excesso, muitas coisas que podem ajudar a gerir a ansiedade podem tamb\u00e9m fazer com que te sintas ansioso, especialmente se nunca consumiste cogumelos antes. Podes ficar aterrorizado com a dilata\u00e7\u00e3o do tempo, o fen\u00f3meno de morte do ego e as consequ\u00eancias que alteram a mente.<\/p>\n<p>A psilocibina tamb\u00e9m pode ter efeitos neuroprotetores e relacionados \u00e0 neurog\u00eanese, de acordo com alguns estudos. Em outras palavras, cogumelos com psilocibina, como o discutido nesta revis\u00e3o de <a href=\"https:\/\/duckduckgo.com\/?q=Compre+cogumelos+Penis+Envy+online&amp;t=h_&amp;ia=web\">Inveja do p\u00e9nis Cubensis<\/a> estimular\u00e1 a g\u00eanese neural e impedir\u00e1 o decl\u00ednio das fun\u00e7\u00f5es cerebrais. Voc\u00ea deve comer esses cogumelos pelo menos uma vez na vida por v\u00e1rios motivos. Melhor ainda se voc\u00ea gosta deles e eles te ajudam.<\/p>\n<p>Se adquirir o Penis Envy Cubensis online, vai adorar. Quer pretenda tomar uma dose maior e resolver quaisquer quest\u00f5es n\u00e3o resolvidas com que se esteja a debater, quer pretenda microdosear quantidades menores para ansiedade e concentra\u00e7\u00e3o. Em vez de ficares obcecado com pormenores triviais e encheres a cabe\u00e7a com quest\u00f5es inquietantes, deixa que as tuas ideias fluam e que a tua criatividade ultrapasse as tuas no\u00e7\u00f5es preconcebidas. Muitas pessoas acreditam que os cogumelos psilocibina s\u00e3o a melhor abordagem para aliviar o stress e o desespero.<\/p>\n<h3>Cogumelo extremamente poderoso<\/h3>\n<p>O Penis Envy Cubensis \u00e9 considerado um dos cogumelos mais potentes do mundo, e com boas raz\u00f5es para isso. Um conjunto \u00fanico de efeitos psicoactivos resulta do aumento da pot\u00eancia. Este cogumelo cresce muito mais lentamente do que outros cogumelos, o que tem uma explica\u00e7\u00e3o fisiol\u00f3gica simples. Este facto permite que a produ\u00e7\u00e3o de psilocibina aumente desde a fase de esporos at\u00e9 \u00e0 fase adulta.<\/p>\n<p>O potencial alucinog\u00e9nico do Penis Envy Cubensis \u00e9 maior do que o da maioria dos outros cogumelos. Por isso deves ter cuidado ao escolheres as condi\u00e7\u00f5es e alturas em que usas este cogumelo. Doses maiores causar\u00e3o sem d\u00favida altera\u00e7\u00f5es da consci\u00eancia, bem como alucina\u00e7\u00f5es e sensa\u00e7\u00f5es de altera\u00e7\u00e3o do tempo. Al\u00e9m disso, o est\u00edmulo visual fractal dificultar\u00e1 momentaneamente a tua consci\u00eancia e capacidade de tomar decis\u00f5es.<\/p>\n<h3>Esporos de inveja do p\u00e9nis \u00e0 venda<\/h3>\n<p>P\u00e9nis online inveja cubensis<br \/>\nPenis Envy Cubensis: Comprar online<\/p>\n<p>Penis Envy Cubensis: Comprar online<\/p>\n<p>Comprar Penis Envy<\/p>\n<p>Para venda: p\u00e9nis albino invejoso<\/p>\n<p>&nbsp;<\/p>","protected":false},"excerpt":{"rendered":"<p>Purchase Penis Envy Mushrooms Online: Penis Envy Cubensis for Sale &#8220;What is the Penis Envy Cubensis? What&#8217;s with the weird name?&#8221; may be on your mind. The situation really is straightforward. There&#8217;s no getting around the fact that this hallucinogenic fungus resembles a penis. You may be surprised to learn that this mushroom has some &hellip;<\/p>\n<p class=\"read-more\"> <a class=\"\" href=\"https:\/\/legitgrams.com\/pt\/produto\/cogumelos-com-inveja-do-penis\/\"> <span class=\"screen-reader-text\">Comprar Penis Envy Mushrooms Online<\/span> Ler mais \"<\/a><\/p>","protected":false},"featured_media":5241,"comment_status":"open","ping_status":"closed","template":"","meta":{"_uag_custom_page_level_css":"","site-sidebar-layout":"default","site-content-layout":"default","ast-global-header-display":"","ast-main-header-display":"","ast-hfb-above-header-display":"","ast-hfb-below-header-display":"","ast-hfb-mobile-header-display":"","site-post-title":"","ast-breadcrumbs-content":"","ast-featured-img":"","footer-sml-layout":"","theme-transparent-header-meta":"default","adv-header-id-meta":"","stick-header-meta":"default","header-above-stick-meta":"","header-main-stick-meta":"","header-below-stick-meta":"","_joinchat":[]},"product_brand":[],"product_cat":[599],"product_tag":[4234,4224,617,4216,4231,4228,4223,4221,4215,4218,4226,4217,4219,4227,4229,4236,4237,4235,4232,4233,4230,625,4222,4225,4220],"class_list":{"0":"post-3890","1":"product","2":"type-product","3":"status-publish","4":"has-post-thumbnail","6":"product_cat-psilocybin-or-magic-mushrooms","7":"product_tag-best-cheap-price-penis-envy-mushrooms","8":"product_tag-best-place-to-buy-penis-envy-mushrooms","9":"product_tag-bulk-online","10":"product_tag-buy-penis-envy-mushrooms","11":"product_tag-cheap-penis-envy-mushrooms","12":"product_tag-high-quality-penis-envy-mushrooms","13":"product_tag-how-to-buy-penis-envy-mushrooms","14":"product_tag-order-penis-envy-mushrooms","15":"product_tag-penis-envy-mushrooms","16":"product_tag-penis-envy-mushrooms-for-sale","17":"product_tag-penis-envy-mushrooms-legally","18":"product_tag-penis-envy-mushrooms-online","19":"product_tag-penis-envy-mushrooms-penis-envy-mushrooms-supplier","20":"product_tag-penis-envy-mushrooms-price","21":"product_tag-penis-envy-mushrooms-store","22":"product_tag-penis-envy-mushrooms-use","23":"product_tag-penis-envy-mushrooms-wiki","24":"product_tag-penis-envy-mushrooms-worldwide","25":"product_tag-penis-envy-mushroomss","26":"product_tag-purcharse-penis-envy-mushrooms","27":"product_tag-shop-penis-envy-mushrooms","28":"product_tag-top-quality","29":"product_tag-where-to-buy-penis-envy-mushrooms","30":"product_tag-where-to-order-penis-envy-mushrooms","31":"product_tag-wholesale-penis-envy-mushrooms","32":"desktop-align-left","33":"tablet-align-left","34":"mobile-align-left","35":"ast-product-gallery-layout-horizontal","36":"ast-product-gallery-with-no-image","37":"ast-product-single-variable","38":"ast-product-tabs-layout-horizontal","39":"ast-qv-on-image","41":"first","42":"instock","43":"featured","44":"shipping-taxable","45":"purchasable","46":"product-type-variable"},"yoast_head":"<!-- This site is optimized with the Yoast SEO plugin v25.9 - https:\/\/yoast.com\/wordpress\/plugins\/seo\/ -->\n<title>Penis Envy Mushrooms for Sale - Buy Penis Envy Mushrooms<\/title>\n<meta name=\"description\" content=\"Explore our online store for Penis Envy Mushrooms for sale, offering high-quality Penis Envy Mushrooms . Buy Penis Envy Mushrooms online securely and embark on your research journey with confidence. Place your order now!\" \/>\n<meta name=\"robots\" content=\"index, follow, max-snippet:-1, max-image-preview:large, max-video-preview:-1\" \/>\n<link rel=\"canonical\" href=\"https:\/\/legitgrams.com\/pt\/produto\/cogumelos-com-inveja-do-penis\/\" \/>\n<meta property=\"og:locale\" content=\"pt_PT\" \/>\n<meta property=\"og:type\" content=\"article\" \/>\n<meta property=\"og:title\" content=\"Penis Envy Mushrooms for Sale - Buy Penis Envy Mushrooms\" \/>\n<meta property=\"og:description\" content=\"Explore our online store for Penis Envy Mushrooms for sale, offering high-quality Penis Envy Mushrooms . Buy Penis Envy Mushrooms online securely and embark on your research journey with confidence. Place your order now!\" \/>\n<meta property=\"og:url\" content=\"https:\/\/legitgrams.com\/pt\/produto\/cogumelos-com-inveja-do-penis\/\" \/>\n<meta property=\"og:site_name\" content=\"Legit Grams\" \/>\n<meta property=\"article:modified_time\" content=\"2025-04-04T13:43:33+00:00\" \/>\n<meta property=\"og:image\" content=\"https:\/\/legitgrams.com\/wp-content\/uploads\/2024\/09\/penis-envy-for-salepsilocybin-or-magic-mushrooms.jpg\" \/>\n\t<meta property=\"og:image:width\" content=\"430\" \/>\n\t<meta property=\"og:image:height\" content=\"430\" \/>\n\t<meta property=\"og:image:type\" content=\"image\/jpeg\" \/>\n<meta name=\"twitter:card\" content=\"summary_large_image\" \/>\n<meta name=\"twitter:label1\" content=\"Tempo estimado de leitura\" \/>\n\t<meta name=\"twitter:data1\" content=\"4 minutos\" \/>\n<script type=\"application\/ld+json\" class=\"yoast-schema-graph\">{\"@context\":\"https:\/\/schema.org\",\"@graph\":[{\"@type\":\"WebPage\",\"@id\":\"https:\/\/legitgrams.com\/product\/penis-envy-mushrooms\/\",\"url\":\"https:\/\/legitgrams.com\/product\/penis-envy-mushrooms\/\",\"name\":\"Penis Envy Mushrooms for Sale - Buy Penis Envy Mushrooms\",\"isPartOf\":{\"@id\":\"https:\/\/legitgrams.com\/#website\"},\"primaryImageOfPage\":{\"@id\":\"https:\/\/legitgrams.com\/product\/penis-envy-mushrooms\/#primaryimage\"},\"image\":{\"@id\":\"https:\/\/legitgrams.com\/product\/penis-envy-mushrooms\/#primaryimage\"},\"thumbnailUrl\":\"https:\/\/legitgrams.com\/wp-content\/uploads\/2024\/09\/penis-envy-for-salepsilocybin-or-magic-mushrooms.jpg\",\"datePublished\":\"2024-09-20T10:09:25+00:00\",\"dateModified\":\"2025-04-04T13:43:33+00:00\",\"description\":\"Explore our online store for Penis Envy Mushrooms for sale, offering high-quality Penis Envy Mushrooms . Buy Penis Envy Mushrooms online securely and embark on your research journey with confidence. Place your order now!\",\"breadcrumb\":{\"@id\":\"https:\/\/legitgrams.com\/product\/penis-envy-mushrooms\/#breadcrumb\"},\"inLanguage\":\"pt-PT\",\"potentialAction\":[{\"@type\":\"ReadAction\",\"target\":[\"https:\/\/legitgrams.com\/product\/penis-envy-mushrooms\/\"]}]},{\"@type\":\"ImageObject\",\"inLanguage\":\"pt-PT\",\"@id\":\"https:\/\/legitgrams.com\/product\/penis-envy-mushrooms\/#primaryimage\",\"url\":\"https:\/\/legitgrams.com\/wp-content\/uploads\/2024\/09\/penis-envy-for-salepsilocybin-or-magic-mushrooms.jpg\",\"contentUrl\":\"https:\/\/legitgrams.com\/wp-content\/uploads\/2024\/09\/penis-envy-for-salepsilocybin-or-magic-mushrooms.jpg\",\"width\":430,\"height\":430,\"caption\":\"Penis Envy Mushrooms for Sale\"},{\"@type\":\"BreadcrumbList\",\"@id\":\"https:\/\/legitgrams.com\/product\/penis-envy-mushrooms\/#breadcrumb\",\"itemListElement\":[{\"@type\":\"ListItem\",\"position\":1,\"name\":\"Home\",\"item\":\"https:\/\/legitgrams.com\/\"},{\"@type\":\"ListItem\",\"position\":2,\"name\":\"Shop\",\"item\":\"https:\/\/legitgrams.com\/shop\/\"},{\"@type\":\"ListItem\",\"position\":3,\"name\":\"Buy Penis Envy Mushrooms Online\"}]},{\"@type\":\"WebSite\",\"@id\":\"https:\/\/legitgrams.com\/#website\",\"url\":\"https:\/\/legitgrams.com\/\",\"name\":\"Legit Grams\",\"description\":\"My WordPress Blog\",\"publisher\":{\"@id\":\"https:\/\/legitgrams.com\/#organization\"},\"potentialAction\":[{\"@type\":\"SearchAction\",\"target\":{\"@type\":\"EntryPoint\",\"urlTemplate\":\"https:\/\/legitgrams.com\/?s={search_term_string}\"},\"query-input\":{\"@type\":\"PropertyValueSpecification\",\"valueRequired\":true,\"valueName\":\"search_term_string\"}}],\"inLanguage\":\"pt-PT\"},{\"@type\":\"Organization\",\"@id\":\"https:\/\/legitgrams.com\/#organization\",\"name\":\"Legit Grams\",\"url\":\"https:\/\/legitgrams.com\/\",\"logo\":{\"@type\":\"ImageObject\",\"inLanguage\":\"pt-PT\",\"@id\":\"https:\/\/legitgrams.com\/#\/schema\/logo\/image\/\",\"url\":\"https:\/\/legitgrams.com\/wp-content\/uploads\/2024\/09\/main-logo.png\",\"contentUrl\":\"https:\/\/legitgrams.com\/wp-content\/uploads\/2024\/09\/main-logo.png\",\"width\":270,\"height\":75,\"caption\":\"Legit Grams\"},\"image\":{\"@id\":\"https:\/\/legitgrams.com\/#\/schema\/logo\/image\/\"}}]}<\/script>\n<!-- \/ Yoast SEO plugin. -->","yoast_head_json":{"title":"Cogumelos Penis Envy \u00e0 venda - Compre cogumelos Penis Envy","description":"Explore a nossa loja online de Penis Envy Mushrooms para venda, oferecendo Penis Envy Mushrooms de alta qualidade. Compre Penis Envy Mushrooms online de forma segura e embarque na sua viagem de pesquisa com confian\u00e7a. Fa\u00e7a a sua encomenda agora!","robots":{"index":"index","follow":"follow","max-snippet":"max-snippet:-1","max-image-preview":"max-image-preview:large","max-video-preview":"max-video-preview:-1"},"canonical":"https:\/\/legitgrams.com\/pt\/produto\/cogumelos-com-inveja-do-penis\/","og_locale":"pt_PT","og_type":"article","og_title":"Penis Envy Mushrooms for Sale - Buy Penis Envy Mushrooms","og_description":"Explore our online store for Penis Envy Mushrooms for sale, offering high-quality Penis Envy Mushrooms . Buy Penis Envy Mushrooms online securely and embark on your research journey with confidence. Place your order now!","og_url":"https:\/\/legitgrams.com\/pt\/produto\/cogumelos-com-inveja-do-penis\/","og_site_name":"Legit Grams","article_modified_time":"2025-04-04T13:43:33+00:00","og_image":[{"width":430,"height":430,"url":"https:\/\/legitgrams.com\/wp-content\/uploads\/2024\/09\/penis-envy-for-salepsilocybin-or-magic-mushrooms.jpg","type":"image\/jpeg"}],"twitter_card":"summary_large_image","twitter_misc":{"Tempo estimado de leitura":"4 minutos"},"schema":{"@context":"https:\/\/schema.org","@graph":[{"@type":"WebPage","@id":"https:\/\/legitgrams.com\/product\/penis-envy-mushrooms\/","url":"https:\/\/legitgrams.com\/product\/penis-envy-mushrooms\/","name":"Cogumelos Penis Envy \u00e0 venda - Compre cogumelos Penis Envy","isPartOf":{"@id":"https:\/\/legitgrams.com\/#website"},"primaryImageOfPage":{"@id":"https:\/\/legitgrams.com\/product\/penis-envy-mushrooms\/#primaryimage"},"image":{"@id":"https:\/\/legitgrams.com\/product\/penis-envy-mushrooms\/#primaryimage"},"thumbnailUrl":"https:\/\/legitgrams.com\/wp-content\/uploads\/2024\/09\/penis-envy-for-salepsilocybin-or-magic-mushrooms.jpg","datePublished":"2024-09-20T10:09:25+00:00","dateModified":"2025-04-04T13:43:33+00:00","description":"Explore a nossa loja online de Penis Envy Mushrooms para venda, oferecendo Penis Envy Mushrooms de alta qualidade. Compre Penis Envy Mushrooms online de forma segura e embarque na sua viagem de pesquisa com confian\u00e7a. Fa\u00e7a a sua encomenda agora!","breadcrumb":{"@id":"https:\/\/legitgrams.com\/product\/penis-envy-mushrooms\/#breadcrumb"},"inLanguage":"pt-PT","potentialAction":[{"@type":"ReadAction","target":["https:\/\/legitgrams.com\/product\/penis-envy-mushrooms\/"]}]},{"@type":"ImageObject","inLanguage":"pt-PT","@id":"https:\/\/legitgrams.com\/product\/penis-envy-mushrooms\/#primaryimage","url":"https:\/\/legitgrams.com\/wp-content\/uploads\/2024\/09\/penis-envy-for-salepsilocybin-or-magic-mushrooms.jpg","contentUrl":"https:\/\/legitgrams.com\/wp-content\/uploads\/2024\/09\/penis-envy-for-salepsilocybin-or-magic-mushrooms.jpg","width":430,"height":430,"caption":"Penis Envy Mushrooms for Sale"},{"@type":"BreadcrumbList","@id":"https:\/\/legitgrams.com\/product\/penis-envy-mushrooms\/#breadcrumb","itemListElement":[{"@type":"ListItem","position":1,"name":"Home","item":"https:\/\/legitgrams.com\/"},{"@type":"ListItem","position":2,"name":"Shop","item":"https:\/\/legitgrams.com\/shop\/"},{"@type":"ListItem","position":3,"name":"Buy Penis Envy Mushrooms Online"}]},{"@type":"WebSite","@id":"https:\/\/legitgrams.com\/#website","url":"https:\/\/legitgrams.com\/","name":"Gramas leg\u00edtimas","description":"O meu blogue WordPress","publisher":{"@id":"https:\/\/legitgrams.com\/#organization"},"potentialAction":[{"@type":"SearchAction","target":{"@type":"EntryPoint","urlTemplate":"https:\/\/legitgrams.com\/?s={search_term_string}"},"query-input":{"@type":"PropertyValueSpecification","valueRequired":true,"valueName":"search_term_string"}}],"inLanguage":"pt-PT"},{"@type":"Organization","@id":"https:\/\/legitgrams.com\/#organization","name":"Gramas leg\u00edtimas","url":"https:\/\/legitgrams.com\/","logo":{"@type":"ImageObject","inLanguage":"pt-PT","@id":"https:\/\/legitgrams.com\/#\/schema\/logo\/image\/","url":"https:\/\/legitgrams.com\/wp-content\/uploads\/2024\/09\/main-logo.png","contentUrl":"https:\/\/legitgrams.com\/wp-content\/uploads\/2024\/09\/main-logo.png","width":270,"height":75,"caption":"Legit Grams"},"image":{"@id":"https:\/\/legitgrams.com\/#\/schema\/logo\/image\/"}}]}},"uagb_featured_image_src":{"full":["https:\/\/legitgrams.com\/wp-content\/uploads\/2024\/09\/penis-envy-for-salepsilocybin-or-magic-mushrooms.jpg",430,430,false],"thumbnail":["https:\/\/legitgrams.com\/wp-content\/uploads\/2024\/09\/penis-envy-for-salepsilocybin-or-magic-mushrooms-150x150.jpg",150,150,true],"medium":["https:\/\/legitgrams.com\/wp-content\/uploads\/2024\/09\/penis-envy-for-salepsilocybin-or-magic-mushrooms-300x300.jpg",300,300,true],"medium_large":["https:\/\/legitgrams.com\/wp-content\/uploads\/2024\/09\/penis-envy-for-salepsilocybin-or-magic-mushrooms.jpg",430,430,false],"large":["https:\/\/legitgrams.com\/wp-content\/uploads\/2024\/09\/penis-envy-for-salepsilocybin-or-magic-mushrooms.jpg",430,430,false],"1536x1536":["https:\/\/legitgrams.com\/wp-content\/uploads\/2024\/09\/penis-envy-for-salepsilocybin-or-magic-mushrooms.jpg",430,430,false],"2048x2048":["https:\/\/legitgrams.com\/wp-content\/uploads\/2024\/09\/penis-envy-for-salepsilocybin-or-magic-mushrooms.jpg",430,430,false],"trp-custom-language-flag":["https:\/\/legitgrams.com\/wp-content\/uploads\/2024\/09\/penis-envy-for-salepsilocybin-or-magic-mushrooms-12x12.jpg",12,12,true],"woocommerce_thumbnail":["https:\/\/legitgrams.com\/wp-content\/uploads\/2024\/09\/penis-envy-for-salepsilocybin-or-magic-mushrooms-300x300.jpg",300,300,true],"woocommerce_single":["https:\/\/legitgrams.com\/wp-content\/uploads\/2024\/09\/penis-envy-for-salepsilocybin-or-magic-mushrooms.jpg",430,430,false],"woocommerce_gallery_thumbnail":["https:\/\/legitgrams.com\/wp-content\/uploads\/2024\/09\/penis-envy-for-salepsilocybin-or-magic-mushrooms-100x100.jpg",100,100,true]},"uagb_author_info":{"display_name":"cokeblog18","author_link":"https:\/\/legitgrams.com\/pt\/author\/"},"uagb_comment_info":0,"uagb_excerpt":"Purchase Penis Envy Mushrooms Online: Penis Envy Cubensis for Sale &#8220;What is the Penis Envy Cubensis? What&#8217;s with the weird name?&#8221; may be on your mind. The situation really is straightforward. There&#8217;s no getting around the fact that this hallucinogenic fungus resembles a penis. You may be surprised to learn that this mushroom has some&hellip;","_links":{"self":[{"href":"https:\/\/legitgrams.com\/pt\/wp-json\/wp\/v2\/product\/3890","targetHints":{"allow":["GET"]}}],"collection":[{"href":"https:\/\/legitgrams.com\/pt\/wp-json\/wp\/v2\/product"}],"about":[{"href":"https:\/\/legitgrams.com\/pt\/wp-json\/wp\/v2\/types\/product"}],"replies":[{"embeddable":true,"href":"https:\/\/legitgrams.com\/pt\/wp-json\/wp\/v2\/comments?post=3890"}],"wp:featuredmedia":[{"embeddable":true,"href":"https:\/\/legitgrams.com\/pt\/wp-json\/wp\/v2\/media\/5241"}],"wp:attachment":[{"href":"https:\/\/legitgrams.com\/pt\/wp-json\/wp\/v2\/media?parent=3890"}],"wp:term":[{"taxonomy":"product_brand","embeddable":true,"href":"https:\/\/legitgrams.com\/pt\/wp-json\/wp\/v2\/product_brand?post=3890"},{"taxonomy":"product_cat","embeddable":true,"href":"https:\/\/legitgrams.com\/pt\/wp-json\/wp\/v2\/product_cat?post=3890"},{"taxonomy":"product_tag","embeddable":true,"href":"https:\/\/legitgrams.com\/pt\/wp-json\/wp\/v2\/product_tag?post=3890"}],"curies":[{"name":"wp","href":"https:\/\/api.w.org\/{rel}","templated":true}]}}