{"id":3891,"date":"2024-09-20T10:11:29","date_gmt":"2024-09-20T10:11:29","guid":{"rendered":"https:\/\/legitgrams.com\/?post_type=product&#038;p=3891"},"modified":"2025-01-13T08:09:58","modified_gmt":"2025-01-13T08:09:58","slug":"adderall-30mg-comprimidos","status":"publish","type":"product","link":"https:\/\/legitgrams.com\/pt\/produto\/adderall-30mg-comprimidos\/","title":{"rendered":"Adderall 30mg comprimidos"},"content":{"rendered":"<h2>Venda de comprimidos de Adderall 30mg<\/h2>\n<p><a href=\"https:\/\/legitgrams.com\/pt\/produto\/adderall-30mg-comprimidos\/\">Compre comprimidos de Adderall 30 mg online<\/a>. Somente p\u00edlulas da mais alta qualidade est\u00e3o dispon\u00edveis em nossa loja. Confira nossas avalia\u00e7\u00f5es online se tiver alguma d\u00favida sobre a qualidade de nossos produtos. <a href=\"https:\/\/legitgrams.com\/pt\/\">LegitGrams<\/a><\/p>\n<p>Comprar Adderall online: comprar Adderall, comprar Adderall online, onde comprar Adderall online, onde comprar Adderall online, onde comprar Adderall online, onde comprar Adderall online, onde comprar <a href=\"https:\/\/en.wikipedia.org\/wiki\/Adderall\">Adderall<\/a> online, compre Adderall online, compre p\u00edlulas de Adderall 30mg para venda nos EUA, Canad\u00e1 e Reino Unido, compre online, fornecedores, entrega segura, comprimidos de Adderall 30 mg ainda est\u00e3o dispon\u00edveis. Al\u00e9m disso, voc\u00ea pode descobrir como obter p\u00edlulas de Adderall 30 mg, se este medicamento \u00e9 autorizado nos Estados Unidos e se \u00e9 legal no Canad\u00e1.<\/p>","protected":false},"excerpt":{"rendered":"<p>Sale of Adderall 30mg pills Buy Adderall 30 mg tablets online. Only the highest quality pills are available in our store. Check out our online reviews if you have any doubts regarding the quality of our products. LegitGrams Buy Adderall online: buy Adderall, buy Adderall online, where to buy Adderall online, where to buy Adderall &hellip;<\/p>\n<p class=\"read-more\"> <a class=\"\" href=\"https:\/\/legitgrams.com\/pt\/produto\/adderall-30mg-comprimidos\/\"> <span class=\"screen-reader-text\">Adderall 30mg comprimidos<\/span> Ler mais \"<\/a><\/p>","protected":false},"featured_media":5206,"comment_status":"open","ping_status":"closed","template":"","meta":{"_uag_custom_page_level_css":"","site-sidebar-layout":"default","site-content-layout":"default","ast-global-header-display":"","ast-main-header-display":"","ast-hfb-above-header-display":"","ast-hfb-below-header-display":"","ast-hfb-mobile-header-display":"","site-post-title":"","ast-breadcrumbs-content":"","ast-featured-img":"","footer-sml-layout":"","theme-transparent-header-meta":"default","adv-header-id-meta":"","stick-header-meta":"default","header-above-stick-meta":"","header-main-stick-meta":"","header-below-stick-meta":"","_joinchat":[]},"product_brand":[],"product_cat":[608,597],"product_tag":[4192,4196,4195,4203,4194,4204,4206,4213,4214,4212,4209,4211,4201,617,4193,4208,4205,4200,4198,4210,4207,625,4199,4202,4197],"class_list":{"0":"post-3891","1":"product","2":"type-product","3":"status-publish","4":"has-post-thumbnail","6":"product_cat-pain-pills","7":"product_cat-pain-sleeping-sex-pills","8":"product_tag-adderall-30mg-pills","9":"product_tag-adderall-30mg-pills-adderall-30mg-pills-supplier","10":"product_tag-adderall-30mg-pills-for-sale","11":"product_tag-adderall-30mg-pills-legally","12":"product_tag-adderall-30mg-pills-online","13":"product_tag-adderall-30mg-pills-price","14":"product_tag-adderall-30mg-pills-store","15":"product_tag-adderall-30mg-pills-use","16":"product_tag-adderall-30mg-pills-wiki","17":"product_tag-adderall-30mg-pills-worldwide","18":"product_tag-adderall-30mg-pillss","19":"product_tag-best-cheap-price-adderall-30mg-pills","20":"product_tag-best-place-to-buy-adderall-30mg-pills","21":"product_tag-bulk-online","22":"product_tag-buy-adderall-30mg-pills","23":"product_tag-cheap-adderall-30mg-pills","24":"product_tag-high-quality-adderall-30mg-pills","25":"product_tag-how-to-buy-adderall-30mg-pills","26":"product_tag-order-adderall-30mg-pills","27":"product_tag-purcharse-adderall-30mg-pills","28":"product_tag-shop-adderall-30mg-pills","29":"product_tag-top-quality","30":"product_tag-where-to-buy-adderall-30mg-pills","31":"product_tag-where-to-order-adderall-30mg-pills","32":"product_tag-wholesale-adderall-30mg-pills","33":"desktop-align-left","34":"tablet-align-left","35":"mobile-align-left","36":"ast-product-gallery-layout-horizontal","37":"ast-product-gallery-with-no-image","38":"ast-product-single-variable","39":"ast-product-tabs-layout-horizontal","40":"ast-qv-on-image","42":"first","43":"instock","44":"shipping-taxable","45":"purchasable","46":"product-type-variable"},"yoast_head":"<!-- This site is optimized with the Yoast SEO plugin v25.9 - https:\/\/yoast.com\/wordpress\/plugins\/seo\/ -->\n<title>Adderall 30mg Pills for Sale - Buy Adderall 30mg Pills Online<\/title>\n<meta name=\"description\" content=\"If you want to buy adderall 30mg pills online and looking for a reliable online store, then buy here. We offer only high-quality adderall pills for sale at an affordable price. Order Adderall 30mg Pills Now!\" \/>\n<meta name=\"robots\" content=\"index, follow, max-snippet:-1, max-image-preview:large, max-video-preview:-1\" \/>\n<link rel=\"canonical\" href=\"https:\/\/legitgrams.com\/pt\/produto\/adderall-30mg-comprimidos\/\" \/>\n<meta property=\"og:locale\" content=\"pt_PT\" \/>\n<meta property=\"og:type\" content=\"article\" \/>\n<meta property=\"og:title\" content=\"Adderall 30mg Pills for Sale - Buy Adderall 30mg Pills Online\" \/>\n<meta property=\"og:description\" content=\"If you want to buy adderall 30mg pills online and looking for a reliable online store, then buy here. We offer only high-quality adderall pills for sale at an affordable price. Order Adderall 30mg Pills Now!\" \/>\n<meta property=\"og:url\" content=\"https:\/\/legitgrams.com\/pt\/produto\/adderall-30mg-comprimidos\/\" \/>\n<meta property=\"og:site_name\" content=\"Legit Grams\" \/>\n<meta property=\"article:modified_time\" content=\"2025-01-13T08:09:58+00:00\" \/>\n<meta property=\"og:image\" content=\"https:\/\/legitgrams.com\/wp-content\/uploads\/2024\/09\/buy-adderall-30mg-pills-online.jpg\" \/>\n\t<meta property=\"og:image:width\" content=\"600\" \/>\n\t<meta property=\"og:image:height\" content=\"600\" \/>\n\t<meta property=\"og:image:type\" content=\"image\/jpeg\" \/>\n<meta name=\"twitter:card\" content=\"summary_large_image\" \/>\n<meta name=\"twitter:label1\" content=\"Tempo estimado de leitura\" \/>\n\t<meta name=\"twitter:data1\" content=\"1 minuto\" \/>\n<script type=\"application\/ld+json\" class=\"yoast-schema-graph\">{\"@context\":\"https:\/\/schema.org\",\"@graph\":[{\"@type\":\"WebPage\",\"@id\":\"https:\/\/legitgrams.com\/product\/adderall-30mg-pills\/\",\"url\":\"https:\/\/legitgrams.com\/product\/adderall-30mg-pills\/\",\"name\":\"Adderall 30mg Pills for Sale - Buy Adderall 30mg Pills Online\",\"isPartOf\":{\"@id\":\"https:\/\/legitgrams.com\/#website\"},\"primaryImageOfPage\":{\"@id\":\"https:\/\/legitgrams.com\/product\/adderall-30mg-pills\/#primaryimage\"},\"image\":{\"@id\":\"https:\/\/legitgrams.com\/product\/adderall-30mg-pills\/#primaryimage\"},\"thumbnailUrl\":\"https:\/\/legitgrams.com\/wp-content\/uploads\/2024\/09\/buy-adderall-30mg-pills-online.jpg\",\"datePublished\":\"2024-09-20T10:11:29+00:00\",\"dateModified\":\"2025-01-13T08:09:58+00:00\",\"description\":\"If you want to buy adderall 30mg pills online and looking for a reliable online store, then buy here. We offer only high-quality adderall pills for sale at an affordable price. Order Adderall 30mg Pills Now!\",\"breadcrumb\":{\"@id\":\"https:\/\/legitgrams.com\/product\/adderall-30mg-pills\/#breadcrumb\"},\"inLanguage\":\"pt-PT\",\"potentialAction\":[{\"@type\":\"ReadAction\",\"target\":[\"https:\/\/legitgrams.com\/product\/adderall-30mg-pills\/\"]}]},{\"@type\":\"ImageObject\",\"inLanguage\":\"pt-PT\",\"@id\":\"https:\/\/legitgrams.com\/product\/adderall-30mg-pills\/#primaryimage\",\"url\":\"https:\/\/legitgrams.com\/wp-content\/uploads\/2024\/09\/buy-adderall-30mg-pills-online.jpg\",\"contentUrl\":\"https:\/\/legitgrams.com\/wp-content\/uploads\/2024\/09\/buy-adderall-30mg-pills-online.jpg\",\"width\":600,\"height\":600,\"caption\":\"Adderall 30mg pills for Sale\"},{\"@type\":\"BreadcrumbList\",\"@id\":\"https:\/\/legitgrams.com\/product\/adderall-30mg-pills\/#breadcrumb\",\"itemListElement\":[{\"@type\":\"ListItem\",\"position\":1,\"name\":\"Home\",\"item\":\"https:\/\/legitgrams.com\/\"},{\"@type\":\"ListItem\",\"position\":2,\"name\":\"Shop\",\"item\":\"https:\/\/legitgrams.com\/shop\/\"},{\"@type\":\"ListItem\",\"position\":3,\"name\":\"Adderall 30mg pills\"}]},{\"@type\":\"WebSite\",\"@id\":\"https:\/\/legitgrams.com\/#website\",\"url\":\"https:\/\/legitgrams.com\/\",\"name\":\"Legit Grams\",\"description\":\"My WordPress Blog\",\"publisher\":{\"@id\":\"https:\/\/legitgrams.com\/#organization\"},\"potentialAction\":[{\"@type\":\"SearchAction\",\"target\":{\"@type\":\"EntryPoint\",\"urlTemplate\":\"https:\/\/legitgrams.com\/?s={search_term_string}\"},\"query-input\":{\"@type\":\"PropertyValueSpecification\",\"valueRequired\":true,\"valueName\":\"search_term_string\"}}],\"inLanguage\":\"pt-PT\"},{\"@type\":\"Organization\",\"@id\":\"https:\/\/legitgrams.com\/#organization\",\"name\":\"Legit Grams\",\"url\":\"https:\/\/legitgrams.com\/\",\"logo\":{\"@type\":\"ImageObject\",\"inLanguage\":\"pt-PT\",\"@id\":\"https:\/\/legitgrams.com\/#\/schema\/logo\/image\/\",\"url\":\"https:\/\/legitgrams.com\/wp-content\/uploads\/2024\/09\/main-logo.png\",\"contentUrl\":\"https:\/\/legitgrams.com\/wp-content\/uploads\/2024\/09\/main-logo.png\",\"width\":270,\"height\":75,\"caption\":\"Legit Grams\"},\"image\":{\"@id\":\"https:\/\/legitgrams.com\/#\/schema\/logo\/image\/\"}}]}<\/script>\n<!-- \/ Yoast SEO plugin. -->","yoast_head_json":{"title":"Adderall 30mg Comprimidos para Venda - Comprar Adderall 30mg Comprimidos Online","description":"Se quer comprar comprimidos de adderall 30mg online e est\u00e1 \u00e0 procura de uma loja online de confian\u00e7a, ent\u00e3o compre aqui. N\u00f3s oferecemos apenas comprimidos de adderall de alta qualidade para venda a um pre\u00e7o acess\u00edvel. Encomendar Adderall 30mg Comprimidos Agora!","robots":{"index":"index","follow":"follow","max-snippet":"max-snippet:-1","max-image-preview":"max-image-preview:large","max-video-preview":"max-video-preview:-1"},"canonical":"https:\/\/legitgrams.com\/pt\/produto\/adderall-30mg-comprimidos\/","og_locale":"pt_PT","og_type":"article","og_title":"Adderall 30mg Pills for Sale - Buy Adderall 30mg Pills Online","og_description":"If you want to buy adderall 30mg pills online and looking for a reliable online store, then buy here. We offer only high-quality adderall pills for sale at an affordable price. Order Adderall 30mg Pills Now!","og_url":"https:\/\/legitgrams.com\/pt\/produto\/adderall-30mg-comprimidos\/","og_site_name":"Legit Grams","article_modified_time":"2025-01-13T08:09:58+00:00","og_image":[{"width":600,"height":600,"url":"https:\/\/legitgrams.com\/wp-content\/uploads\/2024\/09\/buy-adderall-30mg-pills-online.jpg","type":"image\/jpeg"}],"twitter_card":"summary_large_image","twitter_misc":{"Tempo estimado de leitura":"1 minuto"},"schema":{"@context":"https:\/\/schema.org","@graph":[{"@type":"WebPage","@id":"https:\/\/legitgrams.com\/product\/adderall-30mg-pills\/","url":"https:\/\/legitgrams.com\/product\/adderall-30mg-pills\/","name":"Adderall 30mg Comprimidos para Venda - Comprar Adderall 30mg Comprimidos Online","isPartOf":{"@id":"https:\/\/legitgrams.com\/#website"},"primaryImageOfPage":{"@id":"https:\/\/legitgrams.com\/product\/adderall-30mg-pills\/#primaryimage"},"image":{"@id":"https:\/\/legitgrams.com\/product\/adderall-30mg-pills\/#primaryimage"},"thumbnailUrl":"https:\/\/legitgrams.com\/wp-content\/uploads\/2024\/09\/buy-adderall-30mg-pills-online.jpg","datePublished":"2024-09-20T10:11:29+00:00","dateModified":"2025-01-13T08:09:58+00:00","description":"Se quer comprar comprimidos de adderall 30mg online e est\u00e1 \u00e0 procura de uma loja online de confian\u00e7a, ent\u00e3o compre aqui. N\u00f3s oferecemos apenas comprimidos de adderall de alta qualidade para venda a um pre\u00e7o acess\u00edvel. Encomendar Adderall 30mg Comprimidos Agora!","breadcrumb":{"@id":"https:\/\/legitgrams.com\/product\/adderall-30mg-pills\/#breadcrumb"},"inLanguage":"pt-PT","potentialAction":[{"@type":"ReadAction","target":["https:\/\/legitgrams.com\/product\/adderall-30mg-pills\/"]}]},{"@type":"ImageObject","inLanguage":"pt-PT","@id":"https:\/\/legitgrams.com\/product\/adderall-30mg-pills\/#primaryimage","url":"https:\/\/legitgrams.com\/wp-content\/uploads\/2024\/09\/buy-adderall-30mg-pills-online.jpg","contentUrl":"https:\/\/legitgrams.com\/wp-content\/uploads\/2024\/09\/buy-adderall-30mg-pills-online.jpg","width":600,"height":600,"caption":"Adderall 30mg pills for Sale"},{"@type":"BreadcrumbList","@id":"https:\/\/legitgrams.com\/product\/adderall-30mg-pills\/#breadcrumb","itemListElement":[{"@type":"ListItem","position":1,"name":"Home","item":"https:\/\/legitgrams.com\/"},{"@type":"ListItem","position":2,"name":"Shop","item":"https:\/\/legitgrams.com\/shop\/"},{"@type":"ListItem","position":3,"name":"Adderall 30mg pills"}]},{"@type":"WebSite","@id":"https:\/\/legitgrams.com\/#website","url":"https:\/\/legitgrams.com\/","name":"Gramas leg\u00edtimas","description":"O meu blogue WordPress","publisher":{"@id":"https:\/\/legitgrams.com\/#organization"},"potentialAction":[{"@type":"SearchAction","target":{"@type":"EntryPoint","urlTemplate":"https:\/\/legitgrams.com\/?s={search_term_string}"},"query-input":{"@type":"PropertyValueSpecification","valueRequired":true,"valueName":"search_term_string"}}],"inLanguage":"pt-PT"},{"@type":"Organization","@id":"https:\/\/legitgrams.com\/#organization","name":"Gramas leg\u00edtimas","url":"https:\/\/legitgrams.com\/","logo":{"@type":"ImageObject","inLanguage":"pt-PT","@id":"https:\/\/legitgrams.com\/#\/schema\/logo\/image\/","url":"https:\/\/legitgrams.com\/wp-content\/uploads\/2024\/09\/main-logo.png","contentUrl":"https:\/\/legitgrams.com\/wp-content\/uploads\/2024\/09\/main-logo.png","width":270,"height":75,"caption":"Legit Grams"},"image":{"@id":"https:\/\/legitgrams.com\/#\/schema\/logo\/image\/"}}]}},"uagb_featured_image_src":{"full":["https:\/\/legitgrams.com\/wp-content\/uploads\/2024\/09\/buy-adderall-30mg-pills-online.jpg",600,600,false],"thumbnail":["https:\/\/legitgrams.com\/wp-content\/uploads\/2024\/09\/buy-adderall-30mg-pills-online-150x150.jpg",150,150,true],"medium":["https:\/\/legitgrams.com\/wp-content\/uploads\/2024\/09\/buy-adderall-30mg-pills-online-300x300.jpg",300,300,true],"medium_large":["https:\/\/legitgrams.com\/wp-content\/uploads\/2024\/09\/buy-adderall-30mg-pills-online.jpg",600,600,false],"large":["https:\/\/legitgrams.com\/wp-content\/uploads\/2024\/09\/buy-adderall-30mg-pills-online.jpg",600,600,false],"1536x1536":["https:\/\/legitgrams.com\/wp-content\/uploads\/2024\/09\/buy-adderall-30mg-pills-online.jpg",600,600,false],"2048x2048":["https:\/\/legitgrams.com\/wp-content\/uploads\/2024\/09\/buy-adderall-30mg-pills-online.jpg",600,600,false],"trp-custom-language-flag":["https:\/\/legitgrams.com\/wp-content\/uploads\/2024\/09\/buy-adderall-30mg-pills-online-12x12.jpg",12,12,true],"woocommerce_thumbnail":["https:\/\/legitgrams.com\/wp-content\/uploads\/2024\/09\/buy-adderall-30mg-pills-online-300x300.jpg",300,300,true],"woocommerce_single":["https:\/\/legitgrams.com\/wp-content\/uploads\/2024\/09\/buy-adderall-30mg-pills-online.jpg",600,600,false],"woocommerce_gallery_thumbnail":["https:\/\/legitgrams.com\/wp-content\/uploads\/2024\/09\/buy-adderall-30mg-pills-online-100x100.jpg",100,100,true]},"uagb_author_info":{"display_name":"cokeblog18","author_link":"https:\/\/legitgrams.com\/pt\/author\/"},"uagb_comment_info":0,"uagb_excerpt":"Sale of Adderall 30mg pills Buy Adderall 30 mg tablets online. Only the highest quality pills are available in our store. Check out our online reviews if you have any doubts regarding the quality of our products. LegitGrams Buy Adderall online: buy Adderall, buy Adderall online, where to buy Adderall online, where to buy Adderall&hellip;","_links":{"self":[{"href":"https:\/\/legitgrams.com\/pt\/wp-json\/wp\/v2\/product\/3891","targetHints":{"allow":["GET"]}}],"collection":[{"href":"https:\/\/legitgrams.com\/pt\/wp-json\/wp\/v2\/product"}],"about":[{"href":"https:\/\/legitgrams.com\/pt\/wp-json\/wp\/v2\/types\/product"}],"replies":[{"embeddable":true,"href":"https:\/\/legitgrams.com\/pt\/wp-json\/wp\/v2\/comments?post=3891"}],"wp:featuredmedia":[{"embeddable":true,"href":"https:\/\/legitgrams.com\/pt\/wp-json\/wp\/v2\/media\/5206"}],"wp:attachment":[{"href":"https:\/\/legitgrams.com\/pt\/wp-json\/wp\/v2\/media?parent=3891"}],"wp:term":[{"taxonomy":"product_brand","embeddable":true,"href":"https:\/\/legitgrams.com\/pt\/wp-json\/wp\/v2\/product_brand?post=3891"},{"taxonomy":"product_cat","embeddable":true,"href":"https:\/\/legitgrams.com\/pt\/wp-json\/wp\/v2\/product_cat?post=3891"},{"taxonomy":"product_tag","embeddable":true,"href":"https:\/\/legitgrams.com\/pt\/wp-json\/wp\/v2\/product_tag?post=3891"}],"curies":[{"name":"wp","href":"https:\/\/api.w.org\/{rel}","templated":true}]}}