{"id":3894,"date":"2024-09-20T10:18:30","date_gmt":"2024-09-20T10:18:30","guid":{"rendered":"https:\/\/legitgrams.com\/?post_type=product&#038;p=3894"},"modified":"2026-04-23T17:27:42","modified_gmt":"2026-04-23T17:27:42","slug":"ativan-2mg-comprimidos","status":"publish","type":"product","link":"https:\/\/legitgrams.com\/pt\/produto\/ativan-2mg-comprimidos\/","title":{"rendered":"Ativan 2mg comprimidos"},"content":{"rendered":"<h2>\u00c0 venda: comprimidos de Ativan 2 mg<\/h2>\n<p>Este medicamento tem como objetivo reduzir a ansiedade. A classe de medicamentos benzodiazep\u00ednicos, que inclui lorazepam, exerce efeitos sedativos no sistema nervoso central e no c\u00e9rebro. A maneira como este medicamento funciona \u00e9 amplificando os efeitos de certos produtos qu\u00edmicos end\u00f3genos (GABA). <a href=\"https:\/\/legitgrams.com\/pt\/\">LegitGrams<\/a><\/p>\n<p>compre dois miligramas de Ativan online \u2013 <a href=\"https:\/\/legitgrams.com\/pt\/produto\/ativan-2mg-comprimidos\/\">comprar Ativan<\/a>, comprar dois miligramas de Ativan, comprar Ativan online, onde comprar dois miligramas de Ativan, comprar Ativan online, comprar Ativan 2 miligramas online, EUA, Canad\u00e1, Reino Unido, comprar online, fornecedores, entrega segura, <a href=\"https:\/\/en.wikipedia.org\/?title=Ativan&amp;redirect=no\">Ativan<\/a> p\u00edlulas contendo 2 mg ainda est\u00e3o dispon\u00edveis. Nos Estados Unidos, \u00e9 legal comprar p\u00edlulas de Ativan 2 mg? Como obtenho 2 mg de p\u00edlulas de Ativan? \u00c9 legal comprar p\u00edlulas de Ativan 2 mg no Canad\u00e1?<\/p>","protected":false},"excerpt":{"rendered":"<p>For Sale: Ativan 2 mg tablets This medication is intended to reduce anxiety. The benzodiazepine drug class, which includes lorazepam, exerts sedative effects on the central nervous system and brain. The way this drug works is by amplifying the effects of certain endogenous chemicals (GABA). LegitGrams purchase two milligrams of Ativan online &#8211; buy Ativan, &hellip;<\/p>\n<p class=\"read-more\"> <a class=\"\" href=\"https:\/\/legitgrams.com\/pt\/produto\/ativan-2mg-comprimidos\/\"> <span class=\"screen-reader-text\">Ativan 2mg comprimidos<\/span> Ler mais \"<\/a><\/p>","protected":false},"featured_media":5209,"comment_status":"open","ping_status":"closed","template":"","meta":{"_uag_custom_page_level_css":"","site-sidebar-layout":"default","site-content-layout":"default","ast-global-header-display":"","ast-main-header-display":"","ast-hfb-above-header-display":"","ast-hfb-below-header-display":"","ast-hfb-mobile-header-display":"","site-post-title":"","ast-breadcrumbs-content":"","ast-featured-img":"","footer-sml-layout":"","theme-transparent-header-meta":"default","adv-header-id-meta":"","stick-header-meta":"default","header-above-stick-meta":"","header-main-stick-meta":"","header-below-stick-meta":"","_joinchat":[]},"product_brand":[],"product_cat":[597,610],"product_tag":[4123,4127,4126,4134,4125,4135,4137,4144,4145,4143,4140,4142,4132,617,4124,4139,4136,4131,4129,4141,4138,625,4130,4133,4128],"class_list":{"0":"post-3894","1":"product","2":"type-product","3":"status-publish","4":"has-post-thumbnail","6":"product_cat-pain-sleeping-sex-pills","7":"product_cat-sleeping-pills","8":"product_tag-ativan-2mg-pills","9":"product_tag-ativan-2mg-pills-ativan-2mg-pills-supplier","10":"product_tag-ativan-2mg-pills-for-sale","11":"product_tag-ativan-2mg-pills-legally","12":"product_tag-ativan-2mg-pills-online","13":"product_tag-ativan-2mg-pills-price","14":"product_tag-ativan-2mg-pills-store","15":"product_tag-ativan-2mg-pills-use","16":"product_tag-ativan-2mg-pills-wiki","17":"product_tag-ativan-2mg-pills-worldwide","18":"product_tag-ativan-2mg-pillss","19":"product_tag-best-cheap-price-ativan-2mg-pills","20":"product_tag-best-place-to-buy-ativan-2mg-pills","21":"product_tag-bulk-online","22":"product_tag-buy-ativan-2mg-pills","23":"product_tag-cheap-ativan-2mg-pills","24":"product_tag-high-quality-ativan-2mg-pills","25":"product_tag-how-to-buy-ativan-2mg-pills","26":"product_tag-order-ativan-2mg-pills","27":"product_tag-purcharse-ativan-2mg-pills","28":"product_tag-shop-ativan-2mg-pills","29":"product_tag-top-quality","30":"product_tag-where-to-buy-ativan-2mg-pills","31":"product_tag-where-to-order-ativan-2mg-pills","32":"product_tag-wholesale-ativan-2mg-pills","33":"desktop-align-left","34":"tablet-align-left","35":"mobile-align-left","36":"ast-product-gallery-layout-horizontal","37":"ast-product-gallery-with-no-image","38":"ast-product-single-variable","39":"ast-product-tabs-layout-horizontal","40":"ast-qv-on-image","42":"first","43":"instock","44":"shipping-taxable","45":"purchasable","46":"product-type-variable"},"yoast_head":"<!-- This site is optimized with the Yoast SEO plugin v25.9 - https:\/\/yoast.com\/wordpress\/plugins\/seo\/ -->\n<title>Ativan 2mg pills for sale - Order Ativan pills online at Best Price<\/title>\n<meta name=\"description\" content=\"Looking to further your research? Buy Ativan 2mg pills conveniently and securely online, with a straightforward ordering process for Ativan 2mg pills for sale. Explore the possibilities and buy Ativan 2mg pills online for your research endeavors today.\" \/>\n<meta name=\"robots\" content=\"index, follow, max-snippet:-1, max-image-preview:large, max-video-preview:-1\" \/>\n<link rel=\"canonical\" href=\"https:\/\/legitgrams.com\/pt\/produto\/ativan-2mg-comprimidos\/\" \/>\n<meta property=\"og:locale\" content=\"pt_PT\" \/>\n<meta property=\"og:type\" content=\"article\" \/>\n<meta property=\"og:title\" content=\"Ativan 2mg pills for sale - Order Ativan pills online at Best Price\" \/>\n<meta property=\"og:description\" content=\"Looking to further your research? Buy Ativan 2mg pills conveniently and securely online, with a straightforward ordering process for Ativan 2mg pills for sale. Explore the possibilities and buy Ativan 2mg pills online for your research endeavors today.\" \/>\n<meta property=\"og:url\" content=\"https:\/\/legitgrams.com\/pt\/produto\/ativan-2mg-comprimidos\/\" \/>\n<meta property=\"og:site_name\" content=\"Legit Grams\" \/>\n<meta property=\"article:modified_time\" content=\"2026-04-23T17:27:42+00:00\" \/>\n<meta property=\"og:image\" content=\"https:\/\/legitgrams.com\/wp-content\/uploads\/2024\/09\/buy-ativan-2mg-pills-online.jpg\" \/>\n\t<meta property=\"og:image:width\" content=\"600\" \/>\n\t<meta property=\"og:image:height\" content=\"600\" \/>\n\t<meta property=\"og:image:type\" content=\"image\/jpeg\" \/>\n<meta name=\"twitter:card\" content=\"summary_large_image\" \/>\n<meta name=\"twitter:label1\" content=\"Tempo estimado de leitura\" \/>\n\t<meta name=\"twitter:data1\" content=\"1 minuto\" \/>\n<script type=\"application\/ld+json\" class=\"yoast-schema-graph\">{\"@context\":\"https:\/\/schema.org\",\"@graph\":[{\"@type\":\"WebPage\",\"@id\":\"https:\/\/legitgrams.com\/product\/ativan-2mg-pills\/\",\"url\":\"https:\/\/legitgrams.com\/product\/ativan-2mg-pills\/\",\"name\":\"Ativan 2mg pills for sale - Order Ativan pills online at Best Price\",\"isPartOf\":{\"@id\":\"https:\/\/legitgrams.com\/#website\"},\"primaryImageOfPage\":{\"@id\":\"https:\/\/legitgrams.com\/product\/ativan-2mg-pills\/#primaryimage\"},\"image\":{\"@id\":\"https:\/\/legitgrams.com\/product\/ativan-2mg-pills\/#primaryimage\"},\"thumbnailUrl\":\"https:\/\/legitgrams.com\/wp-content\/uploads\/2024\/09\/buy-ativan-2mg-pills-online.jpg\",\"datePublished\":\"2024-09-20T10:18:30+00:00\",\"dateModified\":\"2026-04-23T17:27:42+00:00\",\"description\":\"Looking to further your research? Buy Ativan 2mg pills conveniently and securely online, with a straightforward ordering process for Ativan 2mg pills for sale. Explore the possibilities and buy Ativan 2mg pills online for your research endeavors today.\",\"breadcrumb\":{\"@id\":\"https:\/\/legitgrams.com\/product\/ativan-2mg-pills\/#breadcrumb\"},\"inLanguage\":\"pt-PT\",\"potentialAction\":[{\"@type\":\"ReadAction\",\"target\":[\"https:\/\/legitgrams.com\/product\/ativan-2mg-pills\/\"]}]},{\"@type\":\"ImageObject\",\"inLanguage\":\"pt-PT\",\"@id\":\"https:\/\/legitgrams.com\/product\/ativan-2mg-pills\/#primaryimage\",\"url\":\"https:\/\/legitgrams.com\/wp-content\/uploads\/2024\/09\/buy-ativan-2mg-pills-online.jpg\",\"contentUrl\":\"https:\/\/legitgrams.com\/wp-content\/uploads\/2024\/09\/buy-ativan-2mg-pills-online.jpg\",\"width\":600,\"height\":600,\"caption\":\"Ativan 2mg pills for Sale\"},{\"@type\":\"BreadcrumbList\",\"@id\":\"https:\/\/legitgrams.com\/product\/ativan-2mg-pills\/#breadcrumb\",\"itemListElement\":[{\"@type\":\"ListItem\",\"position\":1,\"name\":\"Home\",\"item\":\"https:\/\/legitgrams.com\/\"},{\"@type\":\"ListItem\",\"position\":2,\"name\":\"Shop\",\"item\":\"https:\/\/legitgrams.com\/shop\/\"},{\"@type\":\"ListItem\",\"position\":3,\"name\":\"Ativan 2mg pills\"}]},{\"@type\":\"WebSite\",\"@id\":\"https:\/\/legitgrams.com\/#website\",\"url\":\"https:\/\/legitgrams.com\/\",\"name\":\"Legit Grams\",\"description\":\"My WordPress Blog\",\"publisher\":{\"@id\":\"https:\/\/legitgrams.com\/#organization\"},\"potentialAction\":[{\"@type\":\"SearchAction\",\"target\":{\"@type\":\"EntryPoint\",\"urlTemplate\":\"https:\/\/legitgrams.com\/?s={search_term_string}\"},\"query-input\":{\"@type\":\"PropertyValueSpecification\",\"valueRequired\":true,\"valueName\":\"search_term_string\"}}],\"inLanguage\":\"pt-PT\"},{\"@type\":\"Organization\",\"@id\":\"https:\/\/legitgrams.com\/#organization\",\"name\":\"Legit Grams\",\"url\":\"https:\/\/legitgrams.com\/\",\"logo\":{\"@type\":\"ImageObject\",\"inLanguage\":\"pt-PT\",\"@id\":\"https:\/\/legitgrams.com\/#\/schema\/logo\/image\/\",\"url\":\"https:\/\/legitgrams.com\/wp-content\/uploads\/2024\/09\/main-logo.png\",\"contentUrl\":\"https:\/\/legitgrams.com\/wp-content\/uploads\/2024\/09\/main-logo.png\",\"width\":270,\"height\":75,\"caption\":\"Legit Grams\"},\"image\":{\"@id\":\"https:\/\/legitgrams.com\/#\/schema\/logo\/image\/\"}}]}<\/script>\n<!-- \/ Yoast SEO plugin. -->","yoast_head_json":{"title":"Ativan 2mg pills for sale - Encomendar Ativan pills online ao melhor pre\u00e7o","description":"Quer aprofundar a sua investiga\u00e7\u00e3o? Compre Ativan 2mg pills de forma conveniente e segura online, com um processo de encomenda simples para Ativan 2mg pills para venda. Explore as possibilidades e compre comprimidos de Ativan 2mg online para seus esfor\u00e7os de pesquisa hoje.","robots":{"index":"index","follow":"follow","max-snippet":"max-snippet:-1","max-image-preview":"max-image-preview:large","max-video-preview":"max-video-preview:-1"},"canonical":"https:\/\/legitgrams.com\/pt\/produto\/ativan-2mg-comprimidos\/","og_locale":"pt_PT","og_type":"article","og_title":"Ativan 2mg pills for sale - Order Ativan pills online at Best Price","og_description":"Looking to further your research? Buy Ativan 2mg pills conveniently and securely online, with a straightforward ordering process for Ativan 2mg pills for sale. Explore the possibilities and buy Ativan 2mg pills online for your research endeavors today.","og_url":"https:\/\/legitgrams.com\/pt\/produto\/ativan-2mg-comprimidos\/","og_site_name":"Legit Grams","article_modified_time":"2026-04-23T17:27:42+00:00","og_image":[{"width":600,"height":600,"url":"https:\/\/legitgrams.com\/wp-content\/uploads\/2024\/09\/buy-ativan-2mg-pills-online.jpg","type":"image\/jpeg"}],"twitter_card":"summary_large_image","twitter_misc":{"Tempo estimado de leitura":"1 minuto"},"schema":{"@context":"https:\/\/schema.org","@graph":[{"@type":"WebPage","@id":"https:\/\/legitgrams.com\/product\/ativan-2mg-pills\/","url":"https:\/\/legitgrams.com\/product\/ativan-2mg-pills\/","name":"Ativan 2mg pills for sale - Encomendar Ativan pills online ao melhor pre\u00e7o","isPartOf":{"@id":"https:\/\/legitgrams.com\/#website"},"primaryImageOfPage":{"@id":"https:\/\/legitgrams.com\/product\/ativan-2mg-pills\/#primaryimage"},"image":{"@id":"https:\/\/legitgrams.com\/product\/ativan-2mg-pills\/#primaryimage"},"thumbnailUrl":"https:\/\/legitgrams.com\/wp-content\/uploads\/2024\/09\/buy-ativan-2mg-pills-online.jpg","datePublished":"2024-09-20T10:18:30+00:00","dateModified":"2026-04-23T17:27:42+00:00","description":"Quer aprofundar a sua investiga\u00e7\u00e3o? Compre Ativan 2mg pills de forma conveniente e segura online, com um processo de encomenda simples para Ativan 2mg pills para venda. Explore as possibilidades e compre comprimidos de Ativan 2mg online para seus esfor\u00e7os de pesquisa hoje.","breadcrumb":{"@id":"https:\/\/legitgrams.com\/product\/ativan-2mg-pills\/#breadcrumb"},"inLanguage":"pt-PT","potentialAction":[{"@type":"ReadAction","target":["https:\/\/legitgrams.com\/product\/ativan-2mg-pills\/"]}]},{"@type":"ImageObject","inLanguage":"pt-PT","@id":"https:\/\/legitgrams.com\/product\/ativan-2mg-pills\/#primaryimage","url":"https:\/\/legitgrams.com\/wp-content\/uploads\/2024\/09\/buy-ativan-2mg-pills-online.jpg","contentUrl":"https:\/\/legitgrams.com\/wp-content\/uploads\/2024\/09\/buy-ativan-2mg-pills-online.jpg","width":600,"height":600,"caption":"Ativan 2mg pills for Sale"},{"@type":"BreadcrumbList","@id":"https:\/\/legitgrams.com\/product\/ativan-2mg-pills\/#breadcrumb","itemListElement":[{"@type":"ListItem","position":1,"name":"Home","item":"https:\/\/legitgrams.com\/"},{"@type":"ListItem","position":2,"name":"Shop","item":"https:\/\/legitgrams.com\/shop\/"},{"@type":"ListItem","position":3,"name":"Ativan 2mg pills"}]},{"@type":"WebSite","@id":"https:\/\/legitgrams.com\/#website","url":"https:\/\/legitgrams.com\/","name":"Gramas leg\u00edtimas","description":"O meu blogue WordPress","publisher":{"@id":"https:\/\/legitgrams.com\/#organization"},"potentialAction":[{"@type":"SearchAction","target":{"@type":"EntryPoint","urlTemplate":"https:\/\/legitgrams.com\/?s={search_term_string}"},"query-input":{"@type":"PropertyValueSpecification","valueRequired":true,"valueName":"search_term_string"}}],"inLanguage":"pt-PT"},{"@type":"Organization","@id":"https:\/\/legitgrams.com\/#organization","name":"Gramas leg\u00edtimas","url":"https:\/\/legitgrams.com\/","logo":{"@type":"ImageObject","inLanguage":"pt-PT","@id":"https:\/\/legitgrams.com\/#\/schema\/logo\/image\/","url":"https:\/\/legitgrams.com\/wp-content\/uploads\/2024\/09\/main-logo.png","contentUrl":"https:\/\/legitgrams.com\/wp-content\/uploads\/2024\/09\/main-logo.png","width":270,"height":75,"caption":"Legit Grams"},"image":{"@id":"https:\/\/legitgrams.com\/#\/schema\/logo\/image\/"}}]}},"uagb_featured_image_src":{"full":["https:\/\/legitgrams.com\/wp-content\/uploads\/2024\/09\/buy-ativan-2mg-pills-online.jpg",600,600,false],"thumbnail":["https:\/\/legitgrams.com\/wp-content\/uploads\/2024\/09\/buy-ativan-2mg-pills-online-150x150.jpg",150,150,true],"medium":["https:\/\/legitgrams.com\/wp-content\/uploads\/2024\/09\/buy-ativan-2mg-pills-online-300x300.jpg",300,300,true],"medium_large":["https:\/\/legitgrams.com\/wp-content\/uploads\/2024\/09\/buy-ativan-2mg-pills-online.jpg",600,600,false],"large":["https:\/\/legitgrams.com\/wp-content\/uploads\/2024\/09\/buy-ativan-2mg-pills-online.jpg",600,600,false],"1536x1536":["https:\/\/legitgrams.com\/wp-content\/uploads\/2024\/09\/buy-ativan-2mg-pills-online.jpg",600,600,false],"2048x2048":["https:\/\/legitgrams.com\/wp-content\/uploads\/2024\/09\/buy-ativan-2mg-pills-online.jpg",600,600,false],"trp-custom-language-flag":["https:\/\/legitgrams.com\/wp-content\/uploads\/2024\/09\/buy-ativan-2mg-pills-online-12x12.jpg",12,12,true],"woocommerce_thumbnail":["https:\/\/legitgrams.com\/wp-content\/uploads\/2024\/09\/buy-ativan-2mg-pills-online-300x300.jpg",300,300,true],"woocommerce_single":["https:\/\/legitgrams.com\/wp-content\/uploads\/2024\/09\/buy-ativan-2mg-pills-online.jpg",600,600,false],"woocommerce_gallery_thumbnail":["https:\/\/legitgrams.com\/wp-content\/uploads\/2024\/09\/buy-ativan-2mg-pills-online-100x100.jpg",100,100,true]},"uagb_author_info":{"display_name":"cokeblog18","author_link":"https:\/\/legitgrams.com\/pt\/author\/"},"uagb_comment_info":1,"uagb_excerpt":"For Sale: Ativan 2 mg tablets This medication is intended to reduce anxiety. The benzodiazepine drug class, which includes lorazepam, exerts sedative effects on the central nervous system and brain. The way this drug works is by amplifying the effects of certain endogenous chemicals (GABA). LegitGrams purchase two milligrams of Ativan online &#8211; buy Ativan,&hellip;","_links":{"self":[{"href":"https:\/\/legitgrams.com\/pt\/wp-json\/wp\/v2\/product\/3894","targetHints":{"allow":["GET"]}}],"collection":[{"href":"https:\/\/legitgrams.com\/pt\/wp-json\/wp\/v2\/product"}],"about":[{"href":"https:\/\/legitgrams.com\/pt\/wp-json\/wp\/v2\/types\/product"}],"replies":[{"embeddable":true,"href":"https:\/\/legitgrams.com\/pt\/wp-json\/wp\/v2\/comments?post=3894"}],"wp:featuredmedia":[{"embeddable":true,"href":"https:\/\/legitgrams.com\/pt\/wp-json\/wp\/v2\/media\/5209"}],"wp:attachment":[{"href":"https:\/\/legitgrams.com\/pt\/wp-json\/wp\/v2\/media?parent=3894"}],"wp:term":[{"taxonomy":"product_brand","embeddable":true,"href":"https:\/\/legitgrams.com\/pt\/wp-json\/wp\/v2\/product_brand?post=3894"},{"taxonomy":"product_cat","embeddable":true,"href":"https:\/\/legitgrams.com\/pt\/wp-json\/wp\/v2\/product_cat?post=3894"},{"taxonomy":"product_tag","embeddable":true,"href":"https:\/\/legitgrams.com\/pt\/wp-json\/wp\/v2\/product_tag?post=3894"}],"curies":[{"name":"wp","href":"https:\/\/api.w.org\/{rel}","templated":true}]}}