{"id":3903,"date":"2024-09-20T10:44:22","date_gmt":"2024-09-20T10:44:22","guid":{"rendered":"https:\/\/legitgrams.com\/?post_type=product&#038;p=3903"},"modified":"2025-04-04T13:24:17","modified_gmt":"2025-04-04T13:24:17","slug":"psilocibo-cubensis","status":"publish","type":"product","link":"https:\/\/legitgrams.com\/pt\/produto\/psilocibo-cubensis\/","title":{"rendered":"Comprar Psilocybe Cubensis Online"},"content":{"rendered":"<h2>\u00a0Psilocybe Cubensis para venda<\/h2>\n<h3>Principais fornecedores de todos os cogumelos psicad\u00e9licos para venda nos Estados Unidos<\/h3>\n<p><a href=\"https:\/\/legitgrams.com\/pt\/produto\/psilocibo-cubensis\/\">Psilocibina e psilocina<\/a> s\u00e3o os principais ingredientes ativos do psilocybe cubensis, um tipo de cogumelo alucin\u00f3geno. Anteriormente conhecido como <a href=\"https:\/\/www.bing.com\/search?q=ComprePsilocybeCubensisOnline&amp;qs=n&amp;form=QBRE&amp;sp=-1&amp;lq=0&amp;pq=comprecharashashonline&amp;sc=12-25&amp;sk=&amp;cvid=CB6482A94EBB4D9AA0CBDBDB830B0C75&amp;ghsh=0&amp;ghacc=0&amp;ghpl=\">Stropharia cubensis<\/a>, \u00e9 um membro da fam\u00edlia de fungos Hymenogastraceae e \u00e0s vezes \u00e9 chamado de cogumelo, cogumelo m\u00e1gico, cubo ou cogumelo dourado.<\/p>\n<p>The hallucinogenic compounds psilocybin, psilocin, baeocystin, and norbaeocystin are found in <a href=\"https:\/\/www.google.com\/search?q=Buy+Psilocybe+Cubensis+Online&amp;num=10&amp;sca_esv=1a2a07081c7891bb&amp;rlz=1C1RXQR_enIN1098IN1098&amp;sxsrf=AHTn8zq576AYYGVMqPS9SOzXDVxldGWK2g%3A1741323155726&amp;ei=k3vKZ5vmK4rgseMP0rbV-Q8&amp;ved=0ahUKEwjb-4qhlveLAxUKcGwGHVJbNf8Q4dUDCBA&amp;uact=5&amp;oq=Buy+Psilocybe+Cubensis+Online&amp;gs_lp=Egxnd3Mtd2l6LXNlcnAiHUJ1eSBQc2lsb2N5YmUgQ3ViZW5zaXMgT25saW5lSNkIUPEDWPEDcAN4AJABAJgBqQGgAakBqgEDMC4xuAEDyAEA-AEC-AEBmAIAoAIAmAMAiAYBkgcAoAdR&amp;sclient=gws-wiz-serp\">cogumelos psilocibina<\/a>.<\/p>\n<p>Apesar de algumas quantidades de cogumelos serem proibidas em muitos pa\u00edses, s\u00e3o, no entanto, recolhidas e produzidas pelo seu potencial ente\u00f3geno e de droga recreativa. O g\u00e9nero Psilocybe possui um grande n\u00famero de cogumelos com psilocibina, embora os medicamentos tamb\u00e9m se encontrem em esp\u00e9cies de v\u00e1rios outros g\u00e9neros. <a href=\"https:\/\/legitgrams.com\/pt\/\">LegitGrams<\/a><\/p>\n<p><a href=\"https:\/\/duckduckgo.com\/?q=Buy+Psilocybe+Cubensis+Online&amp;t=h_&amp;ia=web\">Cogumelos Psilocybe cubensis<\/a> pode ser cultivado individualmente de diversas maneiras, desde o PF Tek, muito simples e de pequena escala, at\u00e9 v\u00e1rios m\u00e9todos de \u201cbolo\u201d, que produzem uma pequena quantidade de cogumelos, at\u00e9 abordagens sofisticadas que fazem uso das pr\u00e1ticas de produtores de cogumelos especialistas.<\/p>\n<p>Embora estas t\u00e9cnicas sofisticadas exijam mais tempo, dinheiro e conhecimentos iniciais, tamb\u00e9m produzem colheitas muito maiores e mais fi\u00e1veis para o cultivador consciencioso.<\/p>\n<h3>O Psilocybe cubensis ganhou particular notoriedade quando Terence McKenna e o seu irm\u00e3o Dennis lan\u00e7aram a Psilocibina:<\/h3>\n<p>Quando regressaram da floresta amaz\u00f3nica na d\u00e9cada de 1970, escreveram The Magic Mushroom Grower's Guide, prometendo ao seu p\u00fablico que <a href=\"https:\/\/en.wikipedia.org\/wiki\/Psilocybe_cubensis\">Psilocibo cubensis<\/a> era um dos cogumelos com psilocibina mais f\u00e1ceis de produzir e oferecia novos m\u00e9todos de produ\u00e7\u00e3o de cogumelos com psilocibina com base em t\u00e9cnicas pr\u00e9-existentes.<\/p>\n<h3>Impress\u00f5es de esporos de Psilocybe Cubensis<\/h3>\n<p>Temos uma grande variedade de impress\u00f5es feitas a partir de esporos de cogumelos. \u00c0 medida que o fornecimento \u00e9 reabastecido, as estirpes que est\u00e3o agora acess\u00edveis flutuam, por isso visite-nos novamente para obter novas estirpes. As impress\u00f5es de esporos s\u00e3o utilizadas para criar seringas de esporos ou para estudos de microscopia. Cada esporo de cogumelo que a Spores 101 fornece \u00e9 100% est\u00e9ril aquando do envio e vem com uma garantia de viabilidade.<\/p>\n<p>Oferecemos variedades de cogumelos de alta qualidade em folha de alum\u00ednio para sua conveni\u00eancia.<\/p>\n<p>Psilocybe Cubensis Compra online<\/p>\n<p>Psilocybe Cubensis Encomenda Online<\/p>\n<p>Para venda: Psilocibo Cubensis<\/p>\n<p>Comprar subst\u00e2ncias psicad\u00e9licas online<\/p>\n<p>Venda de subst\u00e2ncias psicad\u00e9licas<\/p>","protected":false},"excerpt":{"rendered":"<p>\u00a0Psilocybe Cubensis for Sale Leading providers of all psychedelic mushrooms for sale in the United States Psilocybin and psilocin are the main active ingredients in psilocybe cubensis, a type of hallucinogenic mushroom. Previously known as Stropharia cubensis, it is a member of the Hymenogastraceae family of fungi and is sometimes referred to as shrooms, magic &hellip;<\/p>\n<p class=\"read-more\"> <a class=\"\" href=\"https:\/\/legitgrams.com\/pt\/produto\/psilocibo-cubensis\/\"> <span class=\"screen-reader-text\">Comprar Psilocybe Cubensis Online<\/span> Ler mais \"<\/a><\/p>","protected":false},"featured_media":5244,"comment_status":"open","ping_status":"closed","template":"","meta":{"_uag_custom_page_level_css":"","site-sidebar-layout":"default","site-content-layout":"default","ast-global-header-display":"","ast-main-header-display":"","ast-hfb-above-header-display":"","ast-hfb-below-header-display":"","ast-hfb-mobile-header-display":"","site-post-title":"","ast-breadcrumbs-content":"","ast-featured-img":"","footer-sml-layout":"","theme-transparent-header-meta":"default","adv-header-id-meta":"","stick-header-meta":"default","header-above-stick-meta":"","header-main-stick-meta":"","header-below-stick-meta":"","_joinchat":[]},"product_brand":[],"product_cat":[599],"product_tag":[4050,4040,617,4032,4047,4044,4039,4037,4031,4034,4042,4033,4043,4035,4045,4052,4053,4051,4048,4049,4046,625,4038,4041,4036],"class_list":{"0":"post-3903","1":"product","2":"type-product","3":"status-publish","4":"has-post-thumbnail","6":"product_cat-psilocybin-or-magic-mushrooms","7":"product_tag-best-cheap-price-psilocybe-cubensis","8":"product_tag-best-place-to-buy-psilocybe-cubensis","9":"product_tag-bulk-online","10":"product_tag-buy-psilocybe-cubensis","11":"product_tag-cheap-psilocybe-cubensis","12":"product_tag-high-quality-psilocybe-cubensis","13":"product_tag-how-to-buy-psilocybe-cubensis","14":"product_tag-order-psilocybe-cubensis","15":"product_tag-psilocybe-cubensis","16":"product_tag-psilocybe-cubensis-for-sale","17":"product_tag-psilocybe-cubensis-legally","18":"product_tag-psilocybe-cubensis-online","19":"product_tag-psilocybe-cubensis-price","20":"product_tag-psilocybe-cubensis-psilocybe-cubensis-supplier","21":"product_tag-psilocybe-cubensis-store","22":"product_tag-psilocybe-cubensis-use","23":"product_tag-psilocybe-cubensis-wiki","24":"product_tag-psilocybe-cubensis-worldwide","25":"product_tag-psilocybe-cubensiss","26":"product_tag-purcharse-psilocybe-cubensis","27":"product_tag-shop-psilocybe-cubensis","28":"product_tag-top-quality","29":"product_tag-where-to-buy-psilocybe-cubensis","30":"product_tag-where-to-order-psilocybe-cubensis","31":"product_tag-wholesale-psilocybe-cubensis","32":"desktop-align-left","33":"tablet-align-left","34":"mobile-align-left","35":"ast-product-gallery-layout-horizontal","36":"ast-product-gallery-with-no-image","37":"ast-product-single-variable","38":"ast-product-tabs-layout-horizontal","39":"ast-qv-on-image","41":"first","42":"instock","43":"shipping-taxable","44":"purchasable","45":"product-type-variable"},"yoast_head":"<!-- This site is optimized with the Yoast SEO plugin v25.9 - https:\/\/yoast.com\/wordpress\/plugins\/seo\/ -->\n<title>Psilocybe Cubensis for Sale - Order Psilocybe Cubensis Online<\/title>\n<meta name=\"description\" content=\"Find premium Psilocybe Cubensis for sale at our online store, providing a secure platform to buy Psilocybe Cubensis online with ease, catering to your research needs. Hit your order now!\" \/>\n<meta name=\"robots\" content=\"index, follow, max-snippet:-1, max-image-preview:large, max-video-preview:-1\" \/>\n<link rel=\"canonical\" href=\"https:\/\/legitgrams.com\/pt\/produto\/psilocibo-cubensis\/\" \/>\n<meta property=\"og:locale\" content=\"pt_PT\" \/>\n<meta property=\"og:type\" content=\"article\" \/>\n<meta property=\"og:title\" content=\"Psilocybe Cubensis for Sale - Order Psilocybe Cubensis Online\" \/>\n<meta property=\"og:description\" content=\"Find premium Psilocybe Cubensis for sale at our online store, providing a secure platform to buy Psilocybe Cubensis online with ease, catering to your research needs. Hit your order now!\" \/>\n<meta property=\"og:url\" content=\"https:\/\/legitgrams.com\/pt\/produto\/psilocibo-cubensis\/\" \/>\n<meta property=\"og:site_name\" content=\"Legit Grams\" \/>\n<meta property=\"article:modified_time\" content=\"2025-04-04T13:24:17+00:00\" \/>\n<meta property=\"og:image\" content=\"https:\/\/legitgrams.com\/wp-content\/uploads\/2024\/09\/psilocybe-cubensispsilocybin-or-magic-mushrooms.jpg\" \/>\n\t<meta property=\"og:image:width\" content=\"430\" \/>\n\t<meta property=\"og:image:height\" content=\"430\" \/>\n\t<meta property=\"og:image:type\" content=\"image\/jpeg\" \/>\n<meta name=\"twitter:card\" content=\"summary_large_image\" \/>\n<meta name=\"twitter:label1\" content=\"Tempo estimado de leitura\" \/>\n\t<meta name=\"twitter:data1\" content=\"2 minutos\" \/>\n<script type=\"application\/ld+json\" class=\"yoast-schema-graph\">{\"@context\":\"https:\/\/schema.org\",\"@graph\":[{\"@type\":\"WebPage\",\"@id\":\"https:\/\/legitgrams.com\/product\/psilocybe-cubensis\/\",\"url\":\"https:\/\/legitgrams.com\/product\/psilocybe-cubensis\/\",\"name\":\"Psilocybe Cubensis for Sale - Order Psilocybe Cubensis Online\",\"isPartOf\":{\"@id\":\"https:\/\/legitgrams.com\/#website\"},\"primaryImageOfPage\":{\"@id\":\"https:\/\/legitgrams.com\/product\/psilocybe-cubensis\/#primaryimage\"},\"image\":{\"@id\":\"https:\/\/legitgrams.com\/product\/psilocybe-cubensis\/#primaryimage\"},\"thumbnailUrl\":\"https:\/\/legitgrams.com\/wp-content\/uploads\/2024\/09\/psilocybe-cubensispsilocybin-or-magic-mushrooms.jpg\",\"datePublished\":\"2024-09-20T10:44:22+00:00\",\"dateModified\":\"2025-04-04T13:24:17+00:00\",\"description\":\"Find premium Psilocybe Cubensis for sale at our online store, providing a secure platform to buy Psilocybe Cubensis online with ease, catering to your research needs. Hit your order now!\",\"breadcrumb\":{\"@id\":\"https:\/\/legitgrams.com\/product\/psilocybe-cubensis\/#breadcrumb\"},\"inLanguage\":\"pt-PT\",\"potentialAction\":[{\"@type\":\"ReadAction\",\"target\":[\"https:\/\/legitgrams.com\/product\/psilocybe-cubensis\/\"]}]},{\"@type\":\"ImageObject\",\"inLanguage\":\"pt-PT\",\"@id\":\"https:\/\/legitgrams.com\/product\/psilocybe-cubensis\/#primaryimage\",\"url\":\"https:\/\/legitgrams.com\/wp-content\/uploads\/2024\/09\/psilocybe-cubensispsilocybin-or-magic-mushrooms.jpg\",\"contentUrl\":\"https:\/\/legitgrams.com\/wp-content\/uploads\/2024\/09\/psilocybe-cubensispsilocybin-or-magic-mushrooms.jpg\",\"width\":430,\"height\":430,\"caption\":\"Psilocybe Cubensis for Sale\"},{\"@type\":\"BreadcrumbList\",\"@id\":\"https:\/\/legitgrams.com\/product\/psilocybe-cubensis\/#breadcrumb\",\"itemListElement\":[{\"@type\":\"ListItem\",\"position\":1,\"name\":\"Home\",\"item\":\"https:\/\/legitgrams.com\/\"},{\"@type\":\"ListItem\",\"position\":2,\"name\":\"Shop\",\"item\":\"https:\/\/legitgrams.com\/shop\/\"},{\"@type\":\"ListItem\",\"position\":3,\"name\":\"Buy Psilocybe Cubensis Online\"}]},{\"@type\":\"WebSite\",\"@id\":\"https:\/\/legitgrams.com\/#website\",\"url\":\"https:\/\/legitgrams.com\/\",\"name\":\"Legit Grams\",\"description\":\"My WordPress Blog\",\"publisher\":{\"@id\":\"https:\/\/legitgrams.com\/#organization\"},\"potentialAction\":[{\"@type\":\"SearchAction\",\"target\":{\"@type\":\"EntryPoint\",\"urlTemplate\":\"https:\/\/legitgrams.com\/?s={search_term_string}\"},\"query-input\":{\"@type\":\"PropertyValueSpecification\",\"valueRequired\":true,\"valueName\":\"search_term_string\"}}],\"inLanguage\":\"pt-PT\"},{\"@type\":\"Organization\",\"@id\":\"https:\/\/legitgrams.com\/#organization\",\"name\":\"Legit Grams\",\"url\":\"https:\/\/legitgrams.com\/\",\"logo\":{\"@type\":\"ImageObject\",\"inLanguage\":\"pt-PT\",\"@id\":\"https:\/\/legitgrams.com\/#\/schema\/logo\/image\/\",\"url\":\"https:\/\/legitgrams.com\/wp-content\/uploads\/2024\/09\/main-logo.png\",\"contentUrl\":\"https:\/\/legitgrams.com\/wp-content\/uploads\/2024\/09\/main-logo.png\",\"width\":270,\"height\":75,\"caption\":\"Legit Grams\"},\"image\":{\"@id\":\"https:\/\/legitgrams.com\/#\/schema\/logo\/image\/\"}}]}<\/script>\n<!-- \/ Yoast SEO plugin. -->","yoast_head_json":{"title":"Psilocybe Cubensis para Venda - Encomendar Psilocybe Cubensis Online","description":"Encontre Psilocybe Cubensis premium para venda em nossa loja online, fornecendo uma plataforma segura para comprar Psilocybe Cubensis online com facilidade, atendendo \u00e0s suas necessidades de pesquisa. Fa\u00e7a a sua encomenda agora!","robots":{"index":"index","follow":"follow","max-snippet":"max-snippet:-1","max-image-preview":"max-image-preview:large","max-video-preview":"max-video-preview:-1"},"canonical":"https:\/\/legitgrams.com\/pt\/produto\/psilocibo-cubensis\/","og_locale":"pt_PT","og_type":"article","og_title":"Psilocybe Cubensis for Sale - Order Psilocybe Cubensis Online","og_description":"Find premium Psilocybe Cubensis for sale at our online store, providing a secure platform to buy Psilocybe Cubensis online with ease, catering to your research needs. Hit your order now!","og_url":"https:\/\/legitgrams.com\/pt\/produto\/psilocibo-cubensis\/","og_site_name":"Legit Grams","article_modified_time":"2025-04-04T13:24:17+00:00","og_image":[{"width":430,"height":430,"url":"https:\/\/legitgrams.com\/wp-content\/uploads\/2024\/09\/psilocybe-cubensispsilocybin-or-magic-mushrooms.jpg","type":"image\/jpeg"}],"twitter_card":"summary_large_image","twitter_misc":{"Tempo estimado de leitura":"2 minutos"},"schema":{"@context":"https:\/\/schema.org","@graph":[{"@type":"WebPage","@id":"https:\/\/legitgrams.com\/product\/psilocybe-cubensis\/","url":"https:\/\/legitgrams.com\/product\/psilocybe-cubensis\/","name":"Psilocybe Cubensis para Venda - Encomendar Psilocybe Cubensis Online","isPartOf":{"@id":"https:\/\/legitgrams.com\/#website"},"primaryImageOfPage":{"@id":"https:\/\/legitgrams.com\/product\/psilocybe-cubensis\/#primaryimage"},"image":{"@id":"https:\/\/legitgrams.com\/product\/psilocybe-cubensis\/#primaryimage"},"thumbnailUrl":"https:\/\/legitgrams.com\/wp-content\/uploads\/2024\/09\/psilocybe-cubensispsilocybin-or-magic-mushrooms.jpg","datePublished":"2024-09-20T10:44:22+00:00","dateModified":"2025-04-04T13:24:17+00:00","description":"Encontre Psilocybe Cubensis premium para venda em nossa loja online, fornecendo uma plataforma segura para comprar Psilocybe Cubensis online com facilidade, atendendo \u00e0s suas necessidades de pesquisa. Fa\u00e7a a sua encomenda agora!","breadcrumb":{"@id":"https:\/\/legitgrams.com\/product\/psilocybe-cubensis\/#breadcrumb"},"inLanguage":"pt-PT","potentialAction":[{"@type":"ReadAction","target":["https:\/\/legitgrams.com\/product\/psilocybe-cubensis\/"]}]},{"@type":"ImageObject","inLanguage":"pt-PT","@id":"https:\/\/legitgrams.com\/product\/psilocybe-cubensis\/#primaryimage","url":"https:\/\/legitgrams.com\/wp-content\/uploads\/2024\/09\/psilocybe-cubensispsilocybin-or-magic-mushrooms.jpg","contentUrl":"https:\/\/legitgrams.com\/wp-content\/uploads\/2024\/09\/psilocybe-cubensispsilocybin-or-magic-mushrooms.jpg","width":430,"height":430,"caption":"Psilocybe Cubensis for Sale"},{"@type":"BreadcrumbList","@id":"https:\/\/legitgrams.com\/product\/psilocybe-cubensis\/#breadcrumb","itemListElement":[{"@type":"ListItem","position":1,"name":"Home","item":"https:\/\/legitgrams.com\/"},{"@type":"ListItem","position":2,"name":"Shop","item":"https:\/\/legitgrams.com\/shop\/"},{"@type":"ListItem","position":3,"name":"Buy Psilocybe Cubensis Online"}]},{"@type":"WebSite","@id":"https:\/\/legitgrams.com\/#website","url":"https:\/\/legitgrams.com\/","name":"Gramas leg\u00edtimas","description":"O meu blogue WordPress","publisher":{"@id":"https:\/\/legitgrams.com\/#organization"},"potentialAction":[{"@type":"SearchAction","target":{"@type":"EntryPoint","urlTemplate":"https:\/\/legitgrams.com\/?s={search_term_string}"},"query-input":{"@type":"PropertyValueSpecification","valueRequired":true,"valueName":"search_term_string"}}],"inLanguage":"pt-PT"},{"@type":"Organization","@id":"https:\/\/legitgrams.com\/#organization","name":"Gramas leg\u00edtimas","url":"https:\/\/legitgrams.com\/","logo":{"@type":"ImageObject","inLanguage":"pt-PT","@id":"https:\/\/legitgrams.com\/#\/schema\/logo\/image\/","url":"https:\/\/legitgrams.com\/wp-content\/uploads\/2024\/09\/main-logo.png","contentUrl":"https:\/\/legitgrams.com\/wp-content\/uploads\/2024\/09\/main-logo.png","width":270,"height":75,"caption":"Legit Grams"},"image":{"@id":"https:\/\/legitgrams.com\/#\/schema\/logo\/image\/"}}]}},"uagb_featured_image_src":{"full":["https:\/\/legitgrams.com\/wp-content\/uploads\/2024\/09\/psilocybe-cubensispsilocybin-or-magic-mushrooms.jpg",430,430,false],"thumbnail":["https:\/\/legitgrams.com\/wp-content\/uploads\/2024\/09\/psilocybe-cubensispsilocybin-or-magic-mushrooms-150x150.jpg",150,150,true],"medium":["https:\/\/legitgrams.com\/wp-content\/uploads\/2024\/09\/psilocybe-cubensispsilocybin-or-magic-mushrooms-300x300.jpg",300,300,true],"medium_large":["https:\/\/legitgrams.com\/wp-content\/uploads\/2024\/09\/psilocybe-cubensispsilocybin-or-magic-mushrooms.jpg",430,430,false],"large":["https:\/\/legitgrams.com\/wp-content\/uploads\/2024\/09\/psilocybe-cubensispsilocybin-or-magic-mushrooms.jpg",430,430,false],"1536x1536":["https:\/\/legitgrams.com\/wp-content\/uploads\/2024\/09\/psilocybe-cubensispsilocybin-or-magic-mushrooms.jpg",430,430,false],"2048x2048":["https:\/\/legitgrams.com\/wp-content\/uploads\/2024\/09\/psilocybe-cubensispsilocybin-or-magic-mushrooms.jpg",430,430,false],"trp-custom-language-flag":["https:\/\/legitgrams.com\/wp-content\/uploads\/2024\/09\/psilocybe-cubensispsilocybin-or-magic-mushrooms-12x12.jpg",12,12,true],"woocommerce_thumbnail":["https:\/\/legitgrams.com\/wp-content\/uploads\/2024\/09\/psilocybe-cubensispsilocybin-or-magic-mushrooms-300x300.jpg",300,300,true],"woocommerce_single":["https:\/\/legitgrams.com\/wp-content\/uploads\/2024\/09\/psilocybe-cubensispsilocybin-or-magic-mushrooms.jpg",430,430,false],"woocommerce_gallery_thumbnail":["https:\/\/legitgrams.com\/wp-content\/uploads\/2024\/09\/psilocybe-cubensispsilocybin-or-magic-mushrooms-100x100.jpg",100,100,true]},"uagb_author_info":{"display_name":"cokeblog18","author_link":"https:\/\/legitgrams.com\/pt\/author\/"},"uagb_comment_info":8,"uagb_excerpt":"\u00a0Psilocybe Cubensis for Sale Leading providers of all psychedelic mushrooms for sale in the United States Psilocybin and psilocin are the main active ingredients in psilocybe cubensis, a type of hallucinogenic mushroom. Previously known as Stropharia cubensis, it is a member of the Hymenogastraceae family of fungi and is sometimes referred to as shrooms, magic&hellip;","_links":{"self":[{"href":"https:\/\/legitgrams.com\/pt\/wp-json\/wp\/v2\/product\/3903","targetHints":{"allow":["GET"]}}],"collection":[{"href":"https:\/\/legitgrams.com\/pt\/wp-json\/wp\/v2\/product"}],"about":[{"href":"https:\/\/legitgrams.com\/pt\/wp-json\/wp\/v2\/types\/product"}],"replies":[{"embeddable":true,"href":"https:\/\/legitgrams.com\/pt\/wp-json\/wp\/v2\/comments?post=3903"}],"wp:featuredmedia":[{"embeddable":true,"href":"https:\/\/legitgrams.com\/pt\/wp-json\/wp\/v2\/media\/5244"}],"wp:attachment":[{"href":"https:\/\/legitgrams.com\/pt\/wp-json\/wp\/v2\/media?parent=3903"}],"wp:term":[{"taxonomy":"product_brand","embeddable":true,"href":"https:\/\/legitgrams.com\/pt\/wp-json\/wp\/v2\/product_brand?post=3903"},{"taxonomy":"product_cat","embeddable":true,"href":"https:\/\/legitgrams.com\/pt\/wp-json\/wp\/v2\/product_cat?post=3903"},{"taxonomy":"product_tag","embeddable":true,"href":"https:\/\/legitgrams.com\/pt\/wp-json\/wp\/v2\/product_tag?post=3903"}],"curies":[{"name":"wp","href":"https:\/\/api.w.org\/{rel}","templated":true}]}}