{"id":3915,"date":"2024-09-20T11:01:11","date_gmt":"2024-09-20T11:01:11","guid":{"rendered":"https:\/\/legitgrams.com\/?post_type=product&#038;p=3915"},"modified":"2025-01-14T08:50:05","modified_gmt":"2025-01-14T08:50:05","slug":"po-de-cristal-mdai","status":"publish","type":"product","link":"https:\/\/legitgrams.com\/pt\/produto\/po-de-cristal-mdai\/","title":{"rendered":"MDAI Cristal e P\u00f3"},"content":{"rendered":"<h2>Compre MDAI Powder &amp; Crystal com desconto online<\/h2>\n<p>Nosso principal objetivo \u00e9 oferecer aos nossos clientes informa\u00e7\u00f5es de ponta e servi\u00e7os de primeira linha. A LG pode ser encontrada na quantidade e qualidade necess\u00e1rias para cortesias de cria\u00e7\u00e3o e empreendimentos de explora\u00e7\u00e3o completos. Aqui, voc\u00ea descobrir\u00e1 uma sinopse completa da LG que satisfaz todos os seus objetivos. Nossa equipe recomenda que os ingredientes de dire\u00e7\u00e3o do mundo sejam criados de acordo com os avan\u00e7os mais recentes em tecnologia. O uso humano dos itens desta lista n\u00e3o \u00e9 previsto.<\/p>\n<p>O uso de produtos farmac\u00eauticos para fins de pesquisa, cient\u00edficos e laboratoriais \u00e9 aceit\u00e1vel. Apenas investiga\u00e7\u00e3o, testes e ensaios podem ser conduzidos usando os compostos listados. Os pacotes produzidos recentemente v\u00eam das principais instala\u00e7\u00f5es de pesquisa da China no RC Market.<\/p>\n<p>Enviaremos seu pacote para qualquer lugar nos Estados Unidos, Europa ou no mundo se voc\u00ea fizer uma transa\u00e7\u00e3o hoje. Para desenvolver RC, nossa empresa colabora diretamente com muitos laborat\u00f3rios internacionais vibrantes, e obter descobertas de primeira linha \u00e9 um dos nossos principais objetivos. Sua solicita\u00e7\u00e3o \u00e9 realmente importante por isso. Nosso vendedor tem sede nos EUA e realiza neg\u00f3cios em todo o mundo. Na internet, os clientes podem confirmar rapidamente a acessibilidade e a estimativa da LG. Para descobrir como registrar uma solicita\u00e7\u00e3o, basta entrar em contato com nosso \u00fatil e multil\u00edngue servi\u00e7o ao cliente. Entre em contato conosco se precisar de mais informa\u00e7\u00f5es ou se quiser solicitar medicamentos misturados em grandes quantidades. <a href=\"https:\/\/legitgrams.com\/pt\/\">LegitGrams<\/a><\/p>\n<p>Agradecemos nossos clientes, ent\u00e3o se voc\u00ea precisar de ajuda para selecionar o item ideal, n\u00e3o tenha medo de entrar em contato conosco. Ao adquirir produtos qu\u00edmicos para pesquisa, a qualidade \u00e9 essencial. A cada dia, a lista de itens doados fica maior. A BUYRESEARCHCHEMICALSUSA se dedica a oferecer aos clientes melhoria de qualidade, desenvolvimento e avalia\u00e7\u00e3o de longo prazo. Cada cliente recebe a m\u00e1xima confian\u00e7a em todos os materiais fornecidos. Estamos onde voc\u00ea pode comprar RC e descobrir tudo o que precisa saber sobre eles, seus benef\u00edcios e os medicamentos sint\u00e9ticos certos.<\/p>\n<p>Comprar <a href=\"https:\/\/en.wikipedia.org\/wiki\/MDAI\">MDAI<\/a> Cristal e P\u00f3 Online com Desconto \u2013 Compre <a href=\"https:\/\/legitgrams.com\/pt\/produto\/po-de-cristal-mdai\/\">MDAI<\/a> Crystal and Powder Online com desconto, Compre MDAI Crystal and Powder Online com desconto, Onde comprar MDAI Crystal and Powder com desconto, MDAI Crystal e MDAI Crystal and Powder barato \u00e0 venda, Onde comprar MDAI Crystal and Powder a pre\u00e7os baixos, MDAI Crystal and Powder \u00e0 venda a pre\u00e7os baixos nos EUA, Canad\u00e1 e Reino Unido, Compre online, Fornecedores, Entrega segura, Descubra se MDAI Crystal &amp; Powder Cheap \u00e9 legal nos EUA, como pedir MDAI Crystal &amp; Powder Cheap, se \u00e9 legal no Canad\u00e1 e como comprar MDAI Crystal &amp; Powder Cheap online.<\/p>\n<h2><\/h2>\n<h2><\/h2>\n<p>&nbsp;<\/p>","protected":false},"excerpt":{"rendered":"<p>Purchase MDAI Powder &amp; Crystal at a Discount Online Our primary goal is to offer our clients state-of-the-art information and first-rate services. LG can be found in the quantity and quality needed by full-fledged creation curtesies and exploration enterprises. Here, you will discover a thorough synopsis of LG that satisfies all of your objectives. Our &hellip;<\/p>\n<p class=\"read-more\"> <a class=\"\" href=\"https:\/\/legitgrams.com\/pt\/produto\/po-de-cristal-mdai\/\"> <span class=\"screen-reader-text\">MDAI Cristal e P\u00f3<\/span> Ler mais \"<\/a><\/p>","protected":false},"featured_media":5286,"comment_status":"open","ping_status":"closed","template":"","meta":{"_uag_custom_page_level_css":"","site-sidebar-layout":"default","site-content-layout":"default","ast-global-header-display":"","ast-main-header-display":"","ast-hfb-above-header-display":"","ast-hfb-below-header-display":"","ast-hfb-mobile-header-display":"","site-post-title":"","ast-breadcrumbs-content":"","ast-featured-img":"","footer-sml-layout":"","theme-transparent-header-meta":"default","adv-header-id-meta":"","stick-header-meta":"default","header-above-stick-meta":"","header-main-stick-meta":"","header-below-stick-meta":"","_joinchat":[]},"product_brand":[],"product_cat":[600],"product_tag":[3935,3925,617,3917,3932,3929,3924,3916,3919,3927,3920,3918,3928,3930,3937,3938,3936,3933,3922,3934,3931,625,3923,3926,3921],"class_list":{"0":"post-3915","1":"product","2":"type-product","3":"status-publish","4":"has-post-thumbnail","6":"product_cat-research-chemicals-and-bath-salt","7":"product_tag-best-cheap-price-mdai-crystal-powder","8":"product_tag-best-place-to-buy-mdai-crystal-powder","9":"product_tag-bulk-online","10":"product_tag-buy-mdai-crystal-powder","11":"product_tag-cheap-mdai-crystal-powder","12":"product_tag-high-quality-mdai-crystal-powder","13":"product_tag-how-to-buy-mdai-crystal-powder","14":"product_tag-mdai-crystal-powder","15":"product_tag-mdai-crystal-powder-for-sale","16":"product_tag-mdai-crystal-powder-legally","17":"product_tag-mdai-crystal-powder-mdai-crystal-powder-supplier","18":"product_tag-mdai-crystal-powder-online","19":"product_tag-mdai-crystal-powder-price","20":"product_tag-mdai-crystal-powder-store","21":"product_tag-mdai-crystal-powder-use","22":"product_tag-mdai-crystal-powder-wiki","23":"product_tag-mdai-crystal-powder-worldwide","24":"product_tag-mdai-crystal-powders","25":"product_tag-order-mdai-crystal-powder","26":"product_tag-purcharse-mdai-crystal-powder","27":"product_tag-shop-mdai-crystal-powder","28":"product_tag-top-quality","29":"product_tag-where-to-buy-mdai-crystal-powder","30":"product_tag-where-to-order-mdai-crystal-powder","31":"product_tag-wholesale-mdai-crystal-powder","32":"desktop-align-left","33":"tablet-align-left","34":"mobile-align-left","35":"ast-product-gallery-layout-horizontal","36":"ast-product-gallery-with-no-image","37":"ast-product-single-variable","38":"ast-product-tabs-layout-horizontal","39":"ast-qv-on-image","41":"first","42":"instock","43":"shipping-taxable","44":"purchasable","45":"product-type-variable"},"yoast_head":"<!-- This site is optimized with the Yoast SEO plugin v25.9 - https:\/\/yoast.com\/wordpress\/plugins\/seo\/ -->\n<title>MDAI Crystal &amp; Powder for Sale - Buy MDAI Crystal Online<\/title>\n<meta name=\"description\" content=\"At our Legitgrams, you can get MDAI Crystal &amp; Powder for sale at cheap rates. We deal with A-grade quality products only. Buy MDAI Crystal &amp; Powder online from our store now with fast &amp; secure shipping service.\" \/>\n<meta name=\"robots\" content=\"index, follow, max-snippet:-1, max-image-preview:large, max-video-preview:-1\" \/>\n<link rel=\"canonical\" href=\"https:\/\/legitgrams.com\/pt\/produto\/po-de-cristal-mdai\/\" \/>\n<meta property=\"og:locale\" content=\"pt_PT\" \/>\n<meta property=\"og:type\" content=\"article\" \/>\n<meta property=\"og:title\" content=\"MDAI Crystal &amp; Powder for Sale - Buy MDAI Crystal Online\" \/>\n<meta property=\"og:description\" content=\"At our Legitgrams, you can get MDAI Crystal &amp; Powder for sale at cheap rates. We deal with A-grade quality products only. Buy MDAI Crystal &amp; Powder online from our store now with fast &amp; secure shipping service.\" \/>\n<meta property=\"og:url\" content=\"https:\/\/legitgrams.com\/pt\/produto\/po-de-cristal-mdai\/\" \/>\n<meta property=\"og:site_name\" content=\"Legit Grams\" \/>\n<meta property=\"article:modified_time\" content=\"2025-01-14T08:50:05+00:00\" \/>\n<meta property=\"og:image\" content=\"https:\/\/legitgrams.com\/wp-content\/uploads\/2024\/09\/buy-mdai-crystal-powder-cheap-online.jpg\" \/>\n\t<meta property=\"og:image:width\" content=\"600\" \/>\n\t<meta property=\"og:image:height\" content=\"600\" \/>\n\t<meta property=\"og:image:type\" content=\"image\/jpeg\" \/>\n<meta name=\"twitter:card\" content=\"summary_large_image\" \/>\n<meta name=\"twitter:label1\" content=\"Tempo estimado de leitura\" \/>\n\t<meta name=\"twitter:data1\" content=\"5 minutos\" \/>\n<script type=\"application\/ld+json\" class=\"yoast-schema-graph\">{\"@context\":\"https:\/\/schema.org\",\"@graph\":[{\"@type\":\"WebPage\",\"@id\":\"https:\/\/legitgrams.com\/product\/mdai-crystal-powder\/\",\"url\":\"https:\/\/legitgrams.com\/product\/mdai-crystal-powder\/\",\"name\":\"MDAI Crystal & Powder for Sale - Buy MDAI Crystal Online\",\"isPartOf\":{\"@id\":\"https:\/\/legitgrams.com\/#website\"},\"primaryImageOfPage\":{\"@id\":\"https:\/\/legitgrams.com\/product\/mdai-crystal-powder\/#primaryimage\"},\"image\":{\"@id\":\"https:\/\/legitgrams.com\/product\/mdai-crystal-powder\/#primaryimage\"},\"thumbnailUrl\":\"https:\/\/legitgrams.com\/wp-content\/uploads\/2024\/09\/buy-mdai-crystal-powder-cheap-online.jpg\",\"datePublished\":\"2024-09-20T11:01:11+00:00\",\"dateModified\":\"2025-01-14T08:50:05+00:00\",\"description\":\"At our Legitgrams, you can get MDAI Crystal & Powder for sale at cheap rates. We deal with A-grade quality products only. Buy MDAI Crystal & Powder online from our store now with fast & secure shipping service.\",\"breadcrumb\":{\"@id\":\"https:\/\/legitgrams.com\/product\/mdai-crystal-powder\/#breadcrumb\"},\"inLanguage\":\"pt-PT\",\"potentialAction\":[{\"@type\":\"ReadAction\",\"target\":[\"https:\/\/legitgrams.com\/product\/mdai-crystal-powder\/\"]}]},{\"@type\":\"ImageObject\",\"inLanguage\":\"pt-PT\",\"@id\":\"https:\/\/legitgrams.com\/product\/mdai-crystal-powder\/#primaryimage\",\"url\":\"https:\/\/legitgrams.com\/wp-content\/uploads\/2024\/09\/buy-mdai-crystal-powder-cheap-online.jpg\",\"contentUrl\":\"https:\/\/legitgrams.com\/wp-content\/uploads\/2024\/09\/buy-mdai-crystal-powder-cheap-online.jpg\",\"width\":600,\"height\":600,\"caption\":\"MDAI Crystal & Powder for Sale\"},{\"@type\":\"BreadcrumbList\",\"@id\":\"https:\/\/legitgrams.com\/product\/mdai-crystal-powder\/#breadcrumb\",\"itemListElement\":[{\"@type\":\"ListItem\",\"position\":1,\"name\":\"Home\",\"item\":\"https:\/\/legitgrams.com\/\"},{\"@type\":\"ListItem\",\"position\":2,\"name\":\"Shop\",\"item\":\"https:\/\/legitgrams.com\/shop\/\"},{\"@type\":\"ListItem\",\"position\":3,\"name\":\"MDAI Crystal &#038; Powder\"}]},{\"@type\":\"WebSite\",\"@id\":\"https:\/\/legitgrams.com\/#website\",\"url\":\"https:\/\/legitgrams.com\/\",\"name\":\"Legit Grams\",\"description\":\"My WordPress Blog\",\"publisher\":{\"@id\":\"https:\/\/legitgrams.com\/#organization\"},\"potentialAction\":[{\"@type\":\"SearchAction\",\"target\":{\"@type\":\"EntryPoint\",\"urlTemplate\":\"https:\/\/legitgrams.com\/?s={search_term_string}\"},\"query-input\":{\"@type\":\"PropertyValueSpecification\",\"valueRequired\":true,\"valueName\":\"search_term_string\"}}],\"inLanguage\":\"pt-PT\"},{\"@type\":\"Organization\",\"@id\":\"https:\/\/legitgrams.com\/#organization\",\"name\":\"Legit Grams\",\"url\":\"https:\/\/legitgrams.com\/\",\"logo\":{\"@type\":\"ImageObject\",\"inLanguage\":\"pt-PT\",\"@id\":\"https:\/\/legitgrams.com\/#\/schema\/logo\/image\/\",\"url\":\"https:\/\/legitgrams.com\/wp-content\/uploads\/2024\/09\/main-logo.png\",\"contentUrl\":\"https:\/\/legitgrams.com\/wp-content\/uploads\/2024\/09\/main-logo.png\",\"width\":270,\"height\":75,\"caption\":\"Legit Grams\"},\"image\":{\"@id\":\"https:\/\/legitgrams.com\/#\/schema\/logo\/image\/\"}}]}<\/script>\n<!-- \/ Yoast SEO plugin. -->","yoast_head_json":{"title":"Cristal e p\u00f3 MDAI para venda - Compre cristal MDAI online","description":"Em nossa Legitgrams, voc\u00ea pode obter MDAI Crystal &amp; Powder para venda a pre\u00e7os baratos. N\u00f3s lidamos apenas com produtos de qualidade A-grade. Compre MDAI Crystal &amp; Powder online na nossa loja agora com um servi\u00e7o de envio r\u00e1pido e seguro.","robots":{"index":"index","follow":"follow","max-snippet":"max-snippet:-1","max-image-preview":"max-image-preview:large","max-video-preview":"max-video-preview:-1"},"canonical":"https:\/\/legitgrams.com\/pt\/produto\/po-de-cristal-mdai\/","og_locale":"pt_PT","og_type":"article","og_title":"MDAI Crystal & Powder for Sale - Buy MDAI Crystal Online","og_description":"At our Legitgrams, you can get MDAI Crystal & Powder for sale at cheap rates. We deal with A-grade quality products only. Buy MDAI Crystal & Powder online from our store now with fast & secure shipping service.","og_url":"https:\/\/legitgrams.com\/pt\/produto\/po-de-cristal-mdai\/","og_site_name":"Legit Grams","article_modified_time":"2025-01-14T08:50:05+00:00","og_image":[{"width":600,"height":600,"url":"https:\/\/legitgrams.com\/wp-content\/uploads\/2024\/09\/buy-mdai-crystal-powder-cheap-online.jpg","type":"image\/jpeg"}],"twitter_card":"summary_large_image","twitter_misc":{"Tempo estimado de leitura":"5 minutos"},"schema":{"@context":"https:\/\/schema.org","@graph":[{"@type":"WebPage","@id":"https:\/\/legitgrams.com\/product\/mdai-crystal-powder\/","url":"https:\/\/legitgrams.com\/product\/mdai-crystal-powder\/","name":"Cristal e p\u00f3 MDAI para venda - Compre cristal MDAI online","isPartOf":{"@id":"https:\/\/legitgrams.com\/#website"},"primaryImageOfPage":{"@id":"https:\/\/legitgrams.com\/product\/mdai-crystal-powder\/#primaryimage"},"image":{"@id":"https:\/\/legitgrams.com\/product\/mdai-crystal-powder\/#primaryimage"},"thumbnailUrl":"https:\/\/legitgrams.com\/wp-content\/uploads\/2024\/09\/buy-mdai-crystal-powder-cheap-online.jpg","datePublished":"2024-09-20T11:01:11+00:00","dateModified":"2025-01-14T08:50:05+00:00","description":"Em nossa Legitgrams, voc\u00ea pode obter MDAI Crystal &amp; Powder para venda a pre\u00e7os baratos. N\u00f3s lidamos apenas com produtos de qualidade A-grade. Compre MDAI Crystal &amp; Powder online na nossa loja agora com um servi\u00e7o de envio r\u00e1pido e seguro.","breadcrumb":{"@id":"https:\/\/legitgrams.com\/product\/mdai-crystal-powder\/#breadcrumb"},"inLanguage":"pt-PT","potentialAction":[{"@type":"ReadAction","target":["https:\/\/legitgrams.com\/product\/mdai-crystal-powder\/"]}]},{"@type":"ImageObject","inLanguage":"pt-PT","@id":"https:\/\/legitgrams.com\/product\/mdai-crystal-powder\/#primaryimage","url":"https:\/\/legitgrams.com\/wp-content\/uploads\/2024\/09\/buy-mdai-crystal-powder-cheap-online.jpg","contentUrl":"https:\/\/legitgrams.com\/wp-content\/uploads\/2024\/09\/buy-mdai-crystal-powder-cheap-online.jpg","width":600,"height":600,"caption":"MDAI Crystal & Powder for Sale"},{"@type":"BreadcrumbList","@id":"https:\/\/legitgrams.com\/product\/mdai-crystal-powder\/#breadcrumb","itemListElement":[{"@type":"ListItem","position":1,"name":"Home","item":"https:\/\/legitgrams.com\/"},{"@type":"ListItem","position":2,"name":"Shop","item":"https:\/\/legitgrams.com\/shop\/"},{"@type":"ListItem","position":3,"name":"MDAI Crystal &#038; Powder"}]},{"@type":"WebSite","@id":"https:\/\/legitgrams.com\/#website","url":"https:\/\/legitgrams.com\/","name":"Gramas leg\u00edtimas","description":"O meu blogue WordPress","publisher":{"@id":"https:\/\/legitgrams.com\/#organization"},"potentialAction":[{"@type":"SearchAction","target":{"@type":"EntryPoint","urlTemplate":"https:\/\/legitgrams.com\/?s={search_term_string}"},"query-input":{"@type":"PropertyValueSpecification","valueRequired":true,"valueName":"search_term_string"}}],"inLanguage":"pt-PT"},{"@type":"Organization","@id":"https:\/\/legitgrams.com\/#organization","name":"Gramas leg\u00edtimas","url":"https:\/\/legitgrams.com\/","logo":{"@type":"ImageObject","inLanguage":"pt-PT","@id":"https:\/\/legitgrams.com\/#\/schema\/logo\/image\/","url":"https:\/\/legitgrams.com\/wp-content\/uploads\/2024\/09\/main-logo.png","contentUrl":"https:\/\/legitgrams.com\/wp-content\/uploads\/2024\/09\/main-logo.png","width":270,"height":75,"caption":"Legit Grams"},"image":{"@id":"https:\/\/legitgrams.com\/#\/schema\/logo\/image\/"}}]}},"uagb_featured_image_src":{"full":["https:\/\/legitgrams.com\/wp-content\/uploads\/2024\/09\/buy-mdai-crystal-powder-cheap-online.jpg",600,600,false],"thumbnail":["https:\/\/legitgrams.com\/wp-content\/uploads\/2024\/09\/buy-mdai-crystal-powder-cheap-online-150x150.jpg",150,150,true],"medium":["https:\/\/legitgrams.com\/wp-content\/uploads\/2024\/09\/buy-mdai-crystal-powder-cheap-online-300x300.jpg",300,300,true],"medium_large":["https:\/\/legitgrams.com\/wp-content\/uploads\/2024\/09\/buy-mdai-crystal-powder-cheap-online.jpg",600,600,false],"large":["https:\/\/legitgrams.com\/wp-content\/uploads\/2024\/09\/buy-mdai-crystal-powder-cheap-online.jpg",600,600,false],"1536x1536":["https:\/\/legitgrams.com\/wp-content\/uploads\/2024\/09\/buy-mdai-crystal-powder-cheap-online.jpg",600,600,false],"2048x2048":["https:\/\/legitgrams.com\/wp-content\/uploads\/2024\/09\/buy-mdai-crystal-powder-cheap-online.jpg",600,600,false],"trp-custom-language-flag":["https:\/\/legitgrams.com\/wp-content\/uploads\/2024\/09\/buy-mdai-crystal-powder-cheap-online-12x12.jpg",12,12,true],"woocommerce_thumbnail":["https:\/\/legitgrams.com\/wp-content\/uploads\/2024\/09\/buy-mdai-crystal-powder-cheap-online-300x300.jpg",300,300,true],"woocommerce_single":["https:\/\/legitgrams.com\/wp-content\/uploads\/2024\/09\/buy-mdai-crystal-powder-cheap-online.jpg",600,600,false],"woocommerce_gallery_thumbnail":["https:\/\/legitgrams.com\/wp-content\/uploads\/2024\/09\/buy-mdai-crystal-powder-cheap-online-100x100.jpg",100,100,true]},"uagb_author_info":{"display_name":"cokeblog18","author_link":"https:\/\/legitgrams.com\/pt\/author\/"},"uagb_comment_info":0,"uagb_excerpt":"Purchase MDAI Powder &amp; Crystal at a Discount Online Our primary goal is to offer our clients state-of-the-art information and first-rate services. LG can be found in the quantity and quality needed by full-fledged creation curtesies and exploration enterprises. Here, you will discover a thorough synopsis of LG that satisfies all of your objectives. Our&hellip;","_links":{"self":[{"href":"https:\/\/legitgrams.com\/pt\/wp-json\/wp\/v2\/product\/3915","targetHints":{"allow":["GET"]}}],"collection":[{"href":"https:\/\/legitgrams.com\/pt\/wp-json\/wp\/v2\/product"}],"about":[{"href":"https:\/\/legitgrams.com\/pt\/wp-json\/wp\/v2\/types\/product"}],"replies":[{"embeddable":true,"href":"https:\/\/legitgrams.com\/pt\/wp-json\/wp\/v2\/comments?post=3915"}],"wp:featuredmedia":[{"embeddable":true,"href":"https:\/\/legitgrams.com\/pt\/wp-json\/wp\/v2\/media\/5286"}],"wp:attachment":[{"href":"https:\/\/legitgrams.com\/pt\/wp-json\/wp\/v2\/media?parent=3915"}],"wp:term":[{"taxonomy":"product_brand","embeddable":true,"href":"https:\/\/legitgrams.com\/pt\/wp-json\/wp\/v2\/product_brand?post=3915"},{"taxonomy":"product_cat","embeddable":true,"href":"https:\/\/legitgrams.com\/pt\/wp-json\/wp\/v2\/product_cat?post=3915"},{"taxonomy":"product_tag","embeddable":true,"href":"https:\/\/legitgrams.com\/pt\/wp-json\/wp\/v2\/product_tag?post=3915"}],"curies":[{"name":"wp","href":"https:\/\/api.w.org\/{rel}","templated":true}]}}