{"id":3923,"date":"2024-09-20T11:17:39","date_gmt":"2024-09-20T11:17:39","guid":{"rendered":"https:\/\/legitgrams.com\/?post_type=product&#038;p=3923"},"modified":"2025-01-14T09:45:11","modified_gmt":"2025-01-14T09:45:11","slug":"metoxetamina-mxe","status":"publish","type":"product","link":"https:\/\/legitgrams.com\/pt\/produto\/metoxetamina-mxe\/","title":{"rendered":"Metoxetamina MXE"},"content":{"rendered":"<h2>Compre Metoxetamina Online<\/h2>\n<p>O que \u00e9 <a href=\"https:\/\/legitgrams.com\/pt\/produto\/metoxetamina-mxe\/\">metilfenidato<\/a>? O alucinog\u00e9nio dissociativo buy methoxetamine MXE Online, tamb\u00e9m conhecido como MXE, tem sido comercializado como uma droga de marca. Destinava-se a ser distribu\u00edda no mercado negro, o que a distingue de muitos outros dissociativos, como a cetamina e a fenciclidina (PCP), que foram criados como medicamentos prescritos para uso como anest\u00e9sicos gerais. A metoxetamina pode ser adquirida junto de vendedores locais ou em linha. P\u00f3 de metoxetamina MXE dispon\u00edvel para compra; adquira-o por um pre\u00e7o baixo<\/p>\n<p>A metoxetamina (MXE) \u00e9 um alucinog\u00e9nio e anest\u00e9sico que funciona como antagonista do recetor NMDA. Est\u00e1 relacionada com o medicamento veterin\u00e1rio cetamina. A metoxetamina est\u00e1 dispon\u00edvel sob a forma de p\u00f3 e pensa-se que tem efeitos mais potentes e duradouros do que a cetamina. Como tal, \u00e9 uma boa op\u00e7\u00e3o para os estudantes que estudam a cetamina. A metoxetamina est\u00e1 dispon\u00edvel exclusivamente na BAC para utiliza\u00e7\u00e3o em investiga\u00e7\u00e3o. Obter metoxetamina <a href=\"https:\/\/en.wikipedia.org\/wiki\/Metizolamhttps:\/\/en.wikipedia.org\/wiki\/Metizolam\">MXE<\/a> barato.<\/p>\n<p>Muitas pessoas pesquisam na internet maneiras de obter metoxetamina sem ter que sair de seus quartos. Como resultado, elas come\u00e7am a precisar de m\u00e9todos de entrega e pagamento comparativamente simples. No entanto, seu interesse principal acaba sendo a discri\u00e7\u00e3o. No entanto, a metoxetamina pode ser comprada aqui ilegalmente e paga usando um cart\u00e3o de cr\u00e9dito. Para fazer isso, voc\u00ea pode usar a Western Union ou o Money Gram para enviar dinheiro. Mas devemos considerar a discri\u00e7\u00e3o. Bitcoin \u00e9, portanto, o melhor m\u00e9todo de pagamento. Ent\u00e3o, v\u00e1 em frente e fa\u00e7a seu pedido, conclua-o e envie-nos um e-mail para confirmar.<\/p>\n<h3>Compre Metoxetamina MXE Online<\/h3>\n<p>Nossa loja qu\u00edmica \u00e9 um varejista online respeit\u00e1vel que oferece uma variedade de produtos farmac\u00eauticos e produtos qu\u00edmicos de pesquisa. Desde que come\u00e7amos nossa empresa, transportamos para a maioria das na\u00e7\u00f5es do mundo. Tamb\u00e9m aceitamos presentes. <a style=\"font-size: 16px; background-color: #ffffff;\" href=\"https:\/\/legitgrams.com\/pt\/\">LegitGrams<\/a><\/p>","protected":false},"excerpt":{"rendered":"<p>Purchase Methoxetamine Online What is methylphenidate? The dissociative hallucinogen buy methoxetamine MXE Online, also known as MXE, has been marketed as a designer drug. It was intended for distribution on the black market, which sets it apart from many other dissociatives like ketamine and phencyclidine (PCP), which were created as prescription medications for use as &hellip;<\/p>\n<p class=\"read-more\"> <a class=\"\" href=\"https:\/\/legitgrams.com\/pt\/produto\/metoxetamina-mxe\/\"> <span class=\"screen-reader-text\">Metoxetamina MXE<\/span> Ler mais \"<\/a><\/p>","protected":false},"featured_media":5289,"comment_status":"open","ping_status":"closed","template":"","meta":{"_uag_custom_page_level_css":"","site-sidebar-layout":"default","site-content-layout":"default","ast-global-header-display":"","ast-main-header-display":"","ast-hfb-above-header-display":"","ast-hfb-below-header-display":"","ast-hfb-mobile-header-display":"","site-post-title":"","ast-breadcrumbs-content":"","ast-featured-img":"","footer-sml-layout":"","theme-transparent-header-meta":"default","adv-header-id-meta":"","stick-header-meta":"default","header-above-stick-meta":"","header-main-stick-meta":"","header-below-stick-meta":"","_joinchat":[]},"product_brand":[],"product_cat":[600],"product_tag":[3866,3856,617,3848,3863,3860,3855,3847,3850,3858,3851,3849,3859,3861,3868,3869,3867,3864,3853,3865,3862,625,3854,3857,3852],"class_list":{"0":"post-3923","1":"product","2":"type-product","3":"status-publish","4":"has-post-thumbnail","6":"product_cat-research-chemicals-and-bath-salt","7":"product_tag-best-cheap-price-methoxetamine-mxe","8":"product_tag-best-place-to-buy-methoxetamine-mxe","9":"product_tag-bulk-online","10":"product_tag-buy-methoxetamine-mxe","11":"product_tag-cheap-methoxetamine-mxe","12":"product_tag-high-quality-methoxetamine-mxe","13":"product_tag-how-to-buy-methoxetamine-mxe","14":"product_tag-methoxetamine-mxe","15":"product_tag-methoxetamine-mxe-for-sale","16":"product_tag-methoxetamine-mxe-legally","17":"product_tag-methoxetamine-mxe-methoxetamine-mxe-supplier","18":"product_tag-methoxetamine-mxe-online","19":"product_tag-methoxetamine-mxe-price","20":"product_tag-methoxetamine-mxe-store","21":"product_tag-methoxetamine-mxe-use","22":"product_tag-methoxetamine-mxe-wiki","23":"product_tag-methoxetamine-mxe-worldwide","24":"product_tag-methoxetamine-mxes","25":"product_tag-order-methoxetamine-mxe","26":"product_tag-purcharse-methoxetamine-mxe","27":"product_tag-shop-methoxetamine-mxe","28":"product_tag-top-quality","29":"product_tag-where-to-buy-methoxetamine-mxe","30":"product_tag-where-to-order-methoxetamine-mxe","31":"product_tag-wholesale-methoxetamine-mxe","32":"desktop-align-left","33":"tablet-align-left","34":"mobile-align-left","35":"ast-product-gallery-layout-horizontal","36":"ast-product-gallery-with-no-image","37":"ast-product-single-variable","38":"ast-product-tabs-layout-horizontal","39":"ast-qv-on-image","41":"first","42":"instock","43":"shipping-taxable","44":"purchasable","45":"product-type-variable"},"yoast_head":"<!-- This site is optimized with the Yoast SEO plugin v25.9 - https:\/\/yoast.com\/wordpress\/plugins\/seo\/ -->\n<title>Methoxetamine MXE for Sale - Order Methoxetamine MXE Online<\/title>\n<meta name=\"description\" content=\"Find premium Methoxetamine MXE for sale at our online store, providing a secure platform to buy Methoxetamine MXE online with ease, catering to your research needs.\" \/>\n<meta name=\"robots\" content=\"index, follow, max-snippet:-1, max-image-preview:large, max-video-preview:-1\" \/>\n<link rel=\"canonical\" href=\"https:\/\/legitgrams.com\/pt\/produto\/metoxetamina-mxe\/\" \/>\n<meta property=\"og:locale\" content=\"pt_PT\" \/>\n<meta property=\"og:type\" content=\"article\" \/>\n<meta property=\"og:title\" content=\"Methoxetamine MXE for Sale - Order Methoxetamine MXE Online\" \/>\n<meta property=\"og:description\" content=\"Find premium Methoxetamine MXE for sale at our online store, providing a secure platform to buy Methoxetamine MXE online with ease, catering to your research needs.\" \/>\n<meta property=\"og:url\" content=\"https:\/\/legitgrams.com\/pt\/produto\/metoxetamina-mxe\/\" \/>\n<meta property=\"og:site_name\" content=\"Legit Grams\" \/>\n<meta property=\"article:modified_time\" content=\"2025-01-14T09:45:11+00:00\" \/>\n<meta property=\"og:image\" content=\"https:\/\/legitgrams.com\/wp-content\/uploads\/2024\/09\/Buy-Methoxetamine-MXE-Online.jpg\" \/>\n\t<meta property=\"og:image:width\" content=\"600\" \/>\n\t<meta property=\"og:image:height\" content=\"600\" \/>\n\t<meta property=\"og:image:type\" content=\"image\/jpeg\" \/>\n<meta name=\"twitter:card\" content=\"summary_large_image\" \/>\n<meta name=\"twitter:label1\" content=\"Tempo estimado de leitura\" \/>\n\t<meta name=\"twitter:data1\" content=\"2 minutos\" \/>\n<script type=\"application\/ld+json\" class=\"yoast-schema-graph\">{\"@context\":\"https:\/\/schema.org\",\"@graph\":[{\"@type\":\"WebPage\",\"@id\":\"https:\/\/legitgrams.com\/product\/methoxetamine-mxe\/\",\"url\":\"https:\/\/legitgrams.com\/product\/methoxetamine-mxe\/\",\"name\":\"Methoxetamine MXE for Sale - Order Methoxetamine MXE Online\",\"isPartOf\":{\"@id\":\"https:\/\/legitgrams.com\/#website\"},\"primaryImageOfPage\":{\"@id\":\"https:\/\/legitgrams.com\/product\/methoxetamine-mxe\/#primaryimage\"},\"image\":{\"@id\":\"https:\/\/legitgrams.com\/product\/methoxetamine-mxe\/#primaryimage\"},\"thumbnailUrl\":\"https:\/\/legitgrams.com\/wp-content\/uploads\/2024\/09\/Buy-Methoxetamine-MXE-Online.jpg\",\"datePublished\":\"2024-09-20T11:17:39+00:00\",\"dateModified\":\"2025-01-14T09:45:11+00:00\",\"description\":\"Find premium Methoxetamine MXE for sale at our online store, providing a secure platform to buy Methoxetamine MXE online with ease, catering to your research needs.\",\"breadcrumb\":{\"@id\":\"https:\/\/legitgrams.com\/product\/methoxetamine-mxe\/#breadcrumb\"},\"inLanguage\":\"pt-PT\",\"potentialAction\":[{\"@type\":\"ReadAction\",\"target\":[\"https:\/\/legitgrams.com\/product\/methoxetamine-mxe\/\"]}]},{\"@type\":\"ImageObject\",\"inLanguage\":\"pt-PT\",\"@id\":\"https:\/\/legitgrams.com\/product\/methoxetamine-mxe\/#primaryimage\",\"url\":\"https:\/\/legitgrams.com\/wp-content\/uploads\/2024\/09\/Buy-Methoxetamine-MXE-Online.jpg\",\"contentUrl\":\"https:\/\/legitgrams.com\/wp-content\/uploads\/2024\/09\/Buy-Methoxetamine-MXE-Online.jpg\",\"width\":600,\"height\":600,\"caption\":\"Methoxetamine MXE for Sale\"},{\"@type\":\"BreadcrumbList\",\"@id\":\"https:\/\/legitgrams.com\/product\/methoxetamine-mxe\/#breadcrumb\",\"itemListElement\":[{\"@type\":\"ListItem\",\"position\":1,\"name\":\"Home\",\"item\":\"https:\/\/legitgrams.com\/\"},{\"@type\":\"ListItem\",\"position\":2,\"name\":\"Shop\",\"item\":\"https:\/\/legitgrams.com\/shop\/\"},{\"@type\":\"ListItem\",\"position\":3,\"name\":\"Methoxetamine MXE\"}]},{\"@type\":\"WebSite\",\"@id\":\"https:\/\/legitgrams.com\/#website\",\"url\":\"https:\/\/legitgrams.com\/\",\"name\":\"Legit Grams\",\"description\":\"My WordPress Blog\",\"publisher\":{\"@id\":\"https:\/\/legitgrams.com\/#organization\"},\"potentialAction\":[{\"@type\":\"SearchAction\",\"target\":{\"@type\":\"EntryPoint\",\"urlTemplate\":\"https:\/\/legitgrams.com\/?s={search_term_string}\"},\"query-input\":{\"@type\":\"PropertyValueSpecification\",\"valueRequired\":true,\"valueName\":\"search_term_string\"}}],\"inLanguage\":\"pt-PT\"},{\"@type\":\"Organization\",\"@id\":\"https:\/\/legitgrams.com\/#organization\",\"name\":\"Legit Grams\",\"url\":\"https:\/\/legitgrams.com\/\",\"logo\":{\"@type\":\"ImageObject\",\"inLanguage\":\"pt-PT\",\"@id\":\"https:\/\/legitgrams.com\/#\/schema\/logo\/image\/\",\"url\":\"https:\/\/legitgrams.com\/wp-content\/uploads\/2024\/09\/main-logo.png\",\"contentUrl\":\"https:\/\/legitgrams.com\/wp-content\/uploads\/2024\/09\/main-logo.png\",\"width\":270,\"height\":75,\"caption\":\"Legit Grams\"},\"image\":{\"@id\":\"https:\/\/legitgrams.com\/#\/schema\/logo\/image\/\"}}]}<\/script>\n<!-- \/ Yoast SEO plugin. -->","yoast_head_json":{"title":"Methoxetamine MXE para venda - Encomendar Methoxetamine MXE Online","description":"Encontre Methoxetamine MXE de primeira qualidade para venda na nossa loja online, que fornece uma plataforma segura para comprar Methoxetamine MXE online com facilidade, atendendo \u00e0s suas necessidades de pesquisa.","robots":{"index":"index","follow":"follow","max-snippet":"max-snippet:-1","max-image-preview":"max-image-preview:large","max-video-preview":"max-video-preview:-1"},"canonical":"https:\/\/legitgrams.com\/pt\/produto\/metoxetamina-mxe\/","og_locale":"pt_PT","og_type":"article","og_title":"Methoxetamine MXE for Sale - Order Methoxetamine MXE Online","og_description":"Find premium Methoxetamine MXE for sale at our online store, providing a secure platform to buy Methoxetamine MXE online with ease, catering to your research needs.","og_url":"https:\/\/legitgrams.com\/pt\/produto\/metoxetamina-mxe\/","og_site_name":"Legit Grams","article_modified_time":"2025-01-14T09:45:11+00:00","og_image":[{"width":600,"height":600,"url":"https:\/\/legitgrams.com\/wp-content\/uploads\/2024\/09\/Buy-Methoxetamine-MXE-Online.jpg","type":"image\/jpeg"}],"twitter_card":"summary_large_image","twitter_misc":{"Tempo estimado de leitura":"2 minutos"},"schema":{"@context":"https:\/\/schema.org","@graph":[{"@type":"WebPage","@id":"https:\/\/legitgrams.com\/product\/methoxetamine-mxe\/","url":"https:\/\/legitgrams.com\/product\/methoxetamine-mxe\/","name":"Methoxetamine MXE para venda - Encomendar Methoxetamine MXE Online","isPartOf":{"@id":"https:\/\/legitgrams.com\/#website"},"primaryImageOfPage":{"@id":"https:\/\/legitgrams.com\/product\/methoxetamine-mxe\/#primaryimage"},"image":{"@id":"https:\/\/legitgrams.com\/product\/methoxetamine-mxe\/#primaryimage"},"thumbnailUrl":"https:\/\/legitgrams.com\/wp-content\/uploads\/2024\/09\/Buy-Methoxetamine-MXE-Online.jpg","datePublished":"2024-09-20T11:17:39+00:00","dateModified":"2025-01-14T09:45:11+00:00","description":"Encontre Methoxetamine MXE de primeira qualidade para venda na nossa loja online, que fornece uma plataforma segura para comprar Methoxetamine MXE online com facilidade, atendendo \u00e0s suas necessidades de pesquisa.","breadcrumb":{"@id":"https:\/\/legitgrams.com\/product\/methoxetamine-mxe\/#breadcrumb"},"inLanguage":"pt-PT","potentialAction":[{"@type":"ReadAction","target":["https:\/\/legitgrams.com\/product\/methoxetamine-mxe\/"]}]},{"@type":"ImageObject","inLanguage":"pt-PT","@id":"https:\/\/legitgrams.com\/product\/methoxetamine-mxe\/#primaryimage","url":"https:\/\/legitgrams.com\/wp-content\/uploads\/2024\/09\/Buy-Methoxetamine-MXE-Online.jpg","contentUrl":"https:\/\/legitgrams.com\/wp-content\/uploads\/2024\/09\/Buy-Methoxetamine-MXE-Online.jpg","width":600,"height":600,"caption":"Methoxetamine MXE for Sale"},{"@type":"BreadcrumbList","@id":"https:\/\/legitgrams.com\/product\/methoxetamine-mxe\/#breadcrumb","itemListElement":[{"@type":"ListItem","position":1,"name":"Home","item":"https:\/\/legitgrams.com\/"},{"@type":"ListItem","position":2,"name":"Shop","item":"https:\/\/legitgrams.com\/shop\/"},{"@type":"ListItem","position":3,"name":"Methoxetamine MXE"}]},{"@type":"WebSite","@id":"https:\/\/legitgrams.com\/#website","url":"https:\/\/legitgrams.com\/","name":"Gramas leg\u00edtimas","description":"O meu blogue WordPress","publisher":{"@id":"https:\/\/legitgrams.com\/#organization"},"potentialAction":[{"@type":"SearchAction","target":{"@type":"EntryPoint","urlTemplate":"https:\/\/legitgrams.com\/?s={search_term_string}"},"query-input":{"@type":"PropertyValueSpecification","valueRequired":true,"valueName":"search_term_string"}}],"inLanguage":"pt-PT"},{"@type":"Organization","@id":"https:\/\/legitgrams.com\/#organization","name":"Gramas leg\u00edtimas","url":"https:\/\/legitgrams.com\/","logo":{"@type":"ImageObject","inLanguage":"pt-PT","@id":"https:\/\/legitgrams.com\/#\/schema\/logo\/image\/","url":"https:\/\/legitgrams.com\/wp-content\/uploads\/2024\/09\/main-logo.png","contentUrl":"https:\/\/legitgrams.com\/wp-content\/uploads\/2024\/09\/main-logo.png","width":270,"height":75,"caption":"Legit Grams"},"image":{"@id":"https:\/\/legitgrams.com\/#\/schema\/logo\/image\/"}}]}},"uagb_featured_image_src":{"full":["https:\/\/legitgrams.com\/wp-content\/uploads\/2024\/09\/Buy-Methoxetamine-MXE-Online.jpg",600,600,false],"thumbnail":["https:\/\/legitgrams.com\/wp-content\/uploads\/2024\/09\/Buy-Methoxetamine-MXE-Online-150x150.jpg",150,150,true],"medium":["https:\/\/legitgrams.com\/wp-content\/uploads\/2024\/09\/Buy-Methoxetamine-MXE-Online-300x300.jpg",300,300,true],"medium_large":["https:\/\/legitgrams.com\/wp-content\/uploads\/2024\/09\/Buy-Methoxetamine-MXE-Online.jpg",600,600,false],"large":["https:\/\/legitgrams.com\/wp-content\/uploads\/2024\/09\/Buy-Methoxetamine-MXE-Online.jpg",600,600,false],"1536x1536":["https:\/\/legitgrams.com\/wp-content\/uploads\/2024\/09\/Buy-Methoxetamine-MXE-Online.jpg",600,600,false],"2048x2048":["https:\/\/legitgrams.com\/wp-content\/uploads\/2024\/09\/Buy-Methoxetamine-MXE-Online.jpg",600,600,false],"trp-custom-language-flag":["https:\/\/legitgrams.com\/wp-content\/uploads\/2024\/09\/Buy-Methoxetamine-MXE-Online-12x12.jpg",12,12,true],"woocommerce_thumbnail":["https:\/\/legitgrams.com\/wp-content\/uploads\/2024\/09\/Buy-Methoxetamine-MXE-Online-300x300.jpg",300,300,true],"woocommerce_single":["https:\/\/legitgrams.com\/wp-content\/uploads\/2024\/09\/Buy-Methoxetamine-MXE-Online.jpg",600,600,false],"woocommerce_gallery_thumbnail":["https:\/\/legitgrams.com\/wp-content\/uploads\/2024\/09\/Buy-Methoxetamine-MXE-Online-100x100.jpg",100,100,true]},"uagb_author_info":{"display_name":"cokeblog18","author_link":"https:\/\/legitgrams.com\/pt\/author\/"},"uagb_comment_info":0,"uagb_excerpt":"Purchase Methoxetamine Online What is methylphenidate? The dissociative hallucinogen buy methoxetamine MXE Online, also known as MXE, has been marketed as a designer drug. It was intended for distribution on the black market, which sets it apart from many other dissociatives like ketamine and phencyclidine (PCP), which were created as prescription medications for use as&hellip;","_links":{"self":[{"href":"https:\/\/legitgrams.com\/pt\/wp-json\/wp\/v2\/product\/3923","targetHints":{"allow":["GET"]}}],"collection":[{"href":"https:\/\/legitgrams.com\/pt\/wp-json\/wp\/v2\/product"}],"about":[{"href":"https:\/\/legitgrams.com\/pt\/wp-json\/wp\/v2\/types\/product"}],"replies":[{"embeddable":true,"href":"https:\/\/legitgrams.com\/pt\/wp-json\/wp\/v2\/comments?post=3923"}],"wp:featuredmedia":[{"embeddable":true,"href":"https:\/\/legitgrams.com\/pt\/wp-json\/wp\/v2\/media\/5289"}],"wp:attachment":[{"href":"https:\/\/legitgrams.com\/pt\/wp-json\/wp\/v2\/media?parent=3923"}],"wp:term":[{"taxonomy":"product_brand","embeddable":true,"href":"https:\/\/legitgrams.com\/pt\/wp-json\/wp\/v2\/product_brand?post=3923"},{"taxonomy":"product_cat","embeddable":true,"href":"https:\/\/legitgrams.com\/pt\/wp-json\/wp\/v2\/product_cat?post=3923"},{"taxonomy":"product_tag","embeddable":true,"href":"https:\/\/legitgrams.com\/pt\/wp-json\/wp\/v2\/product_tag?post=3923"}],"curies":[{"name":"wp","href":"https:\/\/api.w.org\/{rel}","templated":true}]}}