{"id":3934,"date":"2024-09-20T11:43:54","date_gmt":"2024-09-20T11:43:54","guid":{"rendered":"https:\/\/legitgrams.com\/?post_type=product&#038;p=3934"},"modified":"2025-01-15T05:30:33","modified_gmt":"2025-01-15T05:30:33","slug":"sal-de-banho-de-pedra","status":"publish","type":"product","link":"https:\/\/legitgrams.com\/pt\/produto\/sal-de-banho-de-pedra\/","title":{"rendered":"Sal de Banho Rock On"},"content":{"rendered":"<h2>Compre Rock On Bath Salt Online<\/h2>\n<p>Como j\u00e1 foi dito, este sal rosa tem ingredientes potentes e amigos da pele que s\u00e3o necess\u00e1rios para a produ\u00e7\u00e3o de produtos de cuidados pessoais. O magn\u00e9sio funciona como um escudo para proteger a pele dos efeitos nocivos dos cosm\u00e9ticos que cont\u00eam qu\u00edmicos. O pot\u00e1ssio ajuda a reduzir as linhas finas e as rugas e a estabilizar o teor de humidade da pele. O zinco, um componente necess\u00e1rio para uma pele radiante, mant\u00e9m a pele com um aspeto sereno e \u00e0 vontade. Isto indica que, uma vez que o sal-gema rosa n\u00e3o irrita nem cria vermelhid\u00e3o na pele, pode ser utilizado mesmo por pessoas com pele sens\u00edvel. Isto traz \u00e0 tona uma s\u00e9rie de raz\u00f5es para incluir os sais de banho dos Himalaias na sua lista de artigos de cuidados da pele indispens\u00e1veis. <a href=\"https:\/\/legitgrams.com\/pt\/\">LegitGrams<\/a><\/p>\n<p>Comprar online <a href=\"https:\/\/legitgrams.com\/pt\/produto\/sal-de-banho-de-pedra\/\">Sal de Banho Rock On<\/a> - Comprar Rock On Bath Salt, Comprar Rock On Bath Salt USA, Comprar Rock On Bath Salt Online USA, Onde comprar Rock On Bath Salt, Comprar Rock On Bath Salt para venda, Comprar Rock On Bath Salt Online perto de mim, Onde comprar Rock On Bath Salt Online, Comprar Rock On <a href=\"https:\/\/en.wikipedia.org\/wiki\/Bath_salts\">Sal de banho<\/a> para venda nos EUA, Canad\u00e1, Reino Unido, Compra, Online, Fornecedores, Entrega segura, Ainda \u00e9 poss\u00edvel comprar Rock On Bath Salt, descobrir se \u00e9 legal nos Estados Unidos, adquirir Rock On Bath Salt online, e descobrir se \u00e9 legal no Canad\u00e1.<\/p>","protected":false},"excerpt":{"rendered":"<p>Purchase Rock On Bath Salt Online As previously said, this pink salt has potent and skin-friendly ingredients that are necessary for the production of personal care products. Magnesium functions as a shield to shield the skin from the damaging effects of cosmetics that contain chemicals. Potassium aids in reducing fine lines and wrinkles and stabilizing &hellip;<\/p>\n<p class=\"read-more\"> <a class=\"\" href=\"https:\/\/legitgrams.com\/pt\/produto\/sal-de-banho-de-pedra\/\"> <span class=\"screen-reader-text\">Sal de Banho Rock On<\/span> Ler mais \"<\/a><\/p>","protected":false},"featured_media":5314,"comment_status":"open","ping_status":"closed","template":"","meta":{"_uag_custom_page_level_css":"","site-sidebar-layout":"default","site-content-layout":"default","ast-global-header-display":"","ast-main-header-display":"","ast-hfb-above-header-display":"","ast-hfb-below-header-display":"","ast-hfb-mobile-header-display":"","site-post-title":"","ast-breadcrumbs-content":"","ast-featured-img":"","footer-sml-layout":"","theme-transparent-header-meta":"default","adv-header-id-meta":"","stick-header-meta":"default","header-above-stick-meta":"","header-main-stick-meta":"","header-below-stick-meta":"","_joinchat":[]},"product_brand":[],"product_cat":[600],"product_tag":[3728,3718,617,3710,3725,3722,3717,3715,3727,3709,3712,3720,3711,3721,3713,3723,3730,3731,3729,3726,3724,625,3716,3719,3714],"class_list":{"0":"post-3934","1":"product","2":"type-product","3":"status-publish","4":"has-post-thumbnail","6":"product_cat-research-chemicals-and-bath-salt","7":"product_tag-best-cheap-price-rock-on-bath-salt","8":"product_tag-best-place-to-buy-rock-on-bath-salt","9":"product_tag-bulk-online","10":"product_tag-buy-rock-on-bath-salt","11":"product_tag-cheap-rock-on-bath-salt","12":"product_tag-high-quality-rock-on-bath-salt","13":"product_tag-how-to-buy-rock-on-bath-salt","14":"product_tag-order-rock-on-bath-salt","15":"product_tag-purcharse-rock-on-bath-salt","16":"product_tag-rock-on-bath-salt","17":"product_tag-rock-on-bath-salt-for-sale","18":"product_tag-rock-on-bath-salt-legally","19":"product_tag-rock-on-bath-salt-online","20":"product_tag-rock-on-bath-salt-price","21":"product_tag-rock-on-bath-salt-rock-on-bath-salt-supplier","22":"product_tag-rock-on-bath-salt-store","23":"product_tag-rock-on-bath-salt-use","24":"product_tag-rock-on-bath-salt-wiki","25":"product_tag-rock-on-bath-salt-worldwide","26":"product_tag-rock-on-bath-salts","27":"product_tag-shop-rock-on-bath-salt","28":"product_tag-top-quality","29":"product_tag-where-to-buy-rock-on-bath-salt","30":"product_tag-where-to-order-rock-on-bath-salt","31":"product_tag-wholesale-rock-on-bath-salt","32":"desktop-align-left","33":"tablet-align-left","34":"mobile-align-left","35":"ast-product-gallery-layout-horizontal","36":"ast-product-gallery-with-no-image","37":"ast-product-single-variable","38":"ast-product-tabs-layout-horizontal","39":"ast-qv-on-image","41":"first","42":"instock","43":"shipping-taxable","44":"purchasable","45":"product-type-variable"},"yoast_head":"<!-- This site is optimized with the Yoast SEO plugin v25.9 - https:\/\/yoast.com\/wordpress\/plugins\/seo\/ -->\n<title>Rock On Bath Salt for Sale - Buy Rock On Bath Salt Online<\/title>\n<meta name=\"description\" content=\"Explore our online store for rock on bath salt for sale, offering high-quality rock on bath salt. Buy rock on bath salt online securely and embark on your research journey with confidence.\" \/>\n<meta name=\"robots\" content=\"index, follow, max-snippet:-1, max-image-preview:large, max-video-preview:-1\" \/>\n<link rel=\"canonical\" href=\"https:\/\/legitgrams.com\/pt\/produto\/sal-de-banho-de-pedra\/\" \/>\n<meta property=\"og:locale\" content=\"pt_PT\" \/>\n<meta property=\"og:type\" content=\"article\" \/>\n<meta property=\"og:title\" content=\"Rock On Bath Salt for Sale - Buy Rock On Bath Salt Online\" \/>\n<meta property=\"og:description\" content=\"Explore our online store for rock on bath salt for sale, offering high-quality rock on bath salt. Buy rock on bath salt online securely and embark on your research journey with confidence.\" \/>\n<meta property=\"og:url\" content=\"https:\/\/legitgrams.com\/pt\/produto\/sal-de-banho-de-pedra\/\" \/>\n<meta property=\"og:site_name\" content=\"Legit Grams\" \/>\n<meta property=\"article:modified_time\" content=\"2025-01-15T05:30:33+00:00\" \/>\n<meta property=\"og:image\" content=\"https:\/\/legitgrams.com\/wp-content\/uploads\/2024\/09\/buy-rock-on-bath-salt-online.jpg\" \/>\n\t<meta property=\"og:image:width\" content=\"600\" \/>\n\t<meta property=\"og:image:height\" content=\"600\" \/>\n\t<meta property=\"og:image:type\" content=\"image\/jpeg\" \/>\n<meta name=\"twitter:card\" content=\"summary_large_image\" \/>\n<meta name=\"twitter:label1\" content=\"Tempo estimado de leitura\" \/>\n\t<meta name=\"twitter:data1\" content=\"2 minutos\" \/>\n<script type=\"application\/ld+json\" class=\"yoast-schema-graph\">{\"@context\":\"https:\/\/schema.org\",\"@graph\":[{\"@type\":\"WebPage\",\"@id\":\"https:\/\/legitgrams.com\/product\/rock-on-bath-salt\/\",\"url\":\"https:\/\/legitgrams.com\/product\/rock-on-bath-salt\/\",\"name\":\"Rock On Bath Salt for Sale - Buy Rock On Bath Salt Online\",\"isPartOf\":{\"@id\":\"https:\/\/legitgrams.com\/#website\"},\"primaryImageOfPage\":{\"@id\":\"https:\/\/legitgrams.com\/product\/rock-on-bath-salt\/#primaryimage\"},\"image\":{\"@id\":\"https:\/\/legitgrams.com\/product\/rock-on-bath-salt\/#primaryimage\"},\"thumbnailUrl\":\"https:\/\/legitgrams.com\/wp-content\/uploads\/2024\/09\/buy-rock-on-bath-salt-online.jpg\",\"datePublished\":\"2024-09-20T11:43:54+00:00\",\"dateModified\":\"2025-01-15T05:30:33+00:00\",\"description\":\"Explore our online store for rock on bath salt for sale, offering high-quality rock on bath salt. Buy rock on bath salt online securely and embark on your research journey with confidence.\",\"breadcrumb\":{\"@id\":\"https:\/\/legitgrams.com\/product\/rock-on-bath-salt\/#breadcrumb\"},\"inLanguage\":\"pt-PT\",\"potentialAction\":[{\"@type\":\"ReadAction\",\"target\":[\"https:\/\/legitgrams.com\/product\/rock-on-bath-salt\/\"]}]},{\"@type\":\"ImageObject\",\"inLanguage\":\"pt-PT\",\"@id\":\"https:\/\/legitgrams.com\/product\/rock-on-bath-salt\/#primaryimage\",\"url\":\"https:\/\/legitgrams.com\/wp-content\/uploads\/2024\/09\/buy-rock-on-bath-salt-online.jpg\",\"contentUrl\":\"https:\/\/legitgrams.com\/wp-content\/uploads\/2024\/09\/buy-rock-on-bath-salt-online.jpg\",\"width\":600,\"height\":600,\"caption\":\"Rock On Bath Salt for Sale\"},{\"@type\":\"BreadcrumbList\",\"@id\":\"https:\/\/legitgrams.com\/product\/rock-on-bath-salt\/#breadcrumb\",\"itemListElement\":[{\"@type\":\"ListItem\",\"position\":1,\"name\":\"Home\",\"item\":\"https:\/\/legitgrams.com\/\"},{\"@type\":\"ListItem\",\"position\":2,\"name\":\"Shop\",\"item\":\"https:\/\/legitgrams.com\/shop\/\"},{\"@type\":\"ListItem\",\"position\":3,\"name\":\"Rock On Bath Salt\"}]},{\"@type\":\"WebSite\",\"@id\":\"https:\/\/legitgrams.com\/#website\",\"url\":\"https:\/\/legitgrams.com\/\",\"name\":\"Legit Grams\",\"description\":\"My WordPress Blog\",\"publisher\":{\"@id\":\"https:\/\/legitgrams.com\/#organization\"},\"potentialAction\":[{\"@type\":\"SearchAction\",\"target\":{\"@type\":\"EntryPoint\",\"urlTemplate\":\"https:\/\/legitgrams.com\/?s={search_term_string}\"},\"query-input\":{\"@type\":\"PropertyValueSpecification\",\"valueRequired\":true,\"valueName\":\"search_term_string\"}}],\"inLanguage\":\"pt-PT\"},{\"@type\":\"Organization\",\"@id\":\"https:\/\/legitgrams.com\/#organization\",\"name\":\"Legit Grams\",\"url\":\"https:\/\/legitgrams.com\/\",\"logo\":{\"@type\":\"ImageObject\",\"inLanguage\":\"pt-PT\",\"@id\":\"https:\/\/legitgrams.com\/#\/schema\/logo\/image\/\",\"url\":\"https:\/\/legitgrams.com\/wp-content\/uploads\/2024\/09\/main-logo.png\",\"contentUrl\":\"https:\/\/legitgrams.com\/wp-content\/uploads\/2024\/09\/main-logo.png\",\"width\":270,\"height\":75,\"caption\":\"Legit Grams\"},\"image\":{\"@id\":\"https:\/\/legitgrams.com\/#\/schema\/logo\/image\/\"}}]}<\/script>\n<!-- \/ Yoast SEO plugin. -->","yoast_head_json":{"title":"Rock On Sal de Banho para Venda - Comprar Rock On Sal de Banho Online","description":"Explore a nossa loja online de sal de banho \u00e0 venda, oferecendo sal de banho de alta qualidade. Compre sal de banho online de forma segura e embarque na sua viagem de pesquisa com confian\u00e7a.","robots":{"index":"index","follow":"follow","max-snippet":"max-snippet:-1","max-image-preview":"max-image-preview:large","max-video-preview":"max-video-preview:-1"},"canonical":"https:\/\/legitgrams.com\/pt\/produto\/sal-de-banho-de-pedra\/","og_locale":"pt_PT","og_type":"article","og_title":"Rock On Bath Salt for Sale - Buy Rock On Bath Salt Online","og_description":"Explore our online store for rock on bath salt for sale, offering high-quality rock on bath salt. Buy rock on bath salt online securely and embark on your research journey with confidence.","og_url":"https:\/\/legitgrams.com\/pt\/produto\/sal-de-banho-de-pedra\/","og_site_name":"Legit Grams","article_modified_time":"2025-01-15T05:30:33+00:00","og_image":[{"width":600,"height":600,"url":"https:\/\/legitgrams.com\/wp-content\/uploads\/2024\/09\/buy-rock-on-bath-salt-online.jpg","type":"image\/jpeg"}],"twitter_card":"summary_large_image","twitter_misc":{"Tempo estimado de leitura":"2 minutos"},"schema":{"@context":"https:\/\/schema.org","@graph":[{"@type":"WebPage","@id":"https:\/\/legitgrams.com\/product\/rock-on-bath-salt\/","url":"https:\/\/legitgrams.com\/product\/rock-on-bath-salt\/","name":"Rock On Sal de Banho para Venda - Comprar Rock On Sal de Banho Online","isPartOf":{"@id":"https:\/\/legitgrams.com\/#website"},"primaryImageOfPage":{"@id":"https:\/\/legitgrams.com\/product\/rock-on-bath-salt\/#primaryimage"},"image":{"@id":"https:\/\/legitgrams.com\/product\/rock-on-bath-salt\/#primaryimage"},"thumbnailUrl":"https:\/\/legitgrams.com\/wp-content\/uploads\/2024\/09\/buy-rock-on-bath-salt-online.jpg","datePublished":"2024-09-20T11:43:54+00:00","dateModified":"2025-01-15T05:30:33+00:00","description":"Explore a nossa loja online de sal de banho \u00e0 venda, oferecendo sal de banho de alta qualidade. Compre sal de banho online de forma segura e embarque na sua viagem de pesquisa com confian\u00e7a.","breadcrumb":{"@id":"https:\/\/legitgrams.com\/product\/rock-on-bath-salt\/#breadcrumb"},"inLanguage":"pt-PT","potentialAction":[{"@type":"ReadAction","target":["https:\/\/legitgrams.com\/product\/rock-on-bath-salt\/"]}]},{"@type":"ImageObject","inLanguage":"pt-PT","@id":"https:\/\/legitgrams.com\/product\/rock-on-bath-salt\/#primaryimage","url":"https:\/\/legitgrams.com\/wp-content\/uploads\/2024\/09\/buy-rock-on-bath-salt-online.jpg","contentUrl":"https:\/\/legitgrams.com\/wp-content\/uploads\/2024\/09\/buy-rock-on-bath-salt-online.jpg","width":600,"height":600,"caption":"Rock On Bath Salt for Sale"},{"@type":"BreadcrumbList","@id":"https:\/\/legitgrams.com\/product\/rock-on-bath-salt\/#breadcrumb","itemListElement":[{"@type":"ListItem","position":1,"name":"Home","item":"https:\/\/legitgrams.com\/"},{"@type":"ListItem","position":2,"name":"Shop","item":"https:\/\/legitgrams.com\/shop\/"},{"@type":"ListItem","position":3,"name":"Rock On Bath Salt"}]},{"@type":"WebSite","@id":"https:\/\/legitgrams.com\/#website","url":"https:\/\/legitgrams.com\/","name":"Gramas leg\u00edtimas","description":"O meu blogue WordPress","publisher":{"@id":"https:\/\/legitgrams.com\/#organization"},"potentialAction":[{"@type":"SearchAction","target":{"@type":"EntryPoint","urlTemplate":"https:\/\/legitgrams.com\/?s={search_term_string}"},"query-input":{"@type":"PropertyValueSpecification","valueRequired":true,"valueName":"search_term_string"}}],"inLanguage":"pt-PT"},{"@type":"Organization","@id":"https:\/\/legitgrams.com\/#organization","name":"Gramas leg\u00edtimas","url":"https:\/\/legitgrams.com\/","logo":{"@type":"ImageObject","inLanguage":"pt-PT","@id":"https:\/\/legitgrams.com\/#\/schema\/logo\/image\/","url":"https:\/\/legitgrams.com\/wp-content\/uploads\/2024\/09\/main-logo.png","contentUrl":"https:\/\/legitgrams.com\/wp-content\/uploads\/2024\/09\/main-logo.png","width":270,"height":75,"caption":"Legit Grams"},"image":{"@id":"https:\/\/legitgrams.com\/#\/schema\/logo\/image\/"}}]}},"uagb_featured_image_src":{"full":["https:\/\/legitgrams.com\/wp-content\/uploads\/2024\/09\/buy-rock-on-bath-salt-online.jpg",600,600,false],"thumbnail":["https:\/\/legitgrams.com\/wp-content\/uploads\/2024\/09\/buy-rock-on-bath-salt-online-150x150.jpg",150,150,true],"medium":["https:\/\/legitgrams.com\/wp-content\/uploads\/2024\/09\/buy-rock-on-bath-salt-online-300x300.jpg",300,300,true],"medium_large":["https:\/\/legitgrams.com\/wp-content\/uploads\/2024\/09\/buy-rock-on-bath-salt-online.jpg",600,600,false],"large":["https:\/\/legitgrams.com\/wp-content\/uploads\/2024\/09\/buy-rock-on-bath-salt-online.jpg",600,600,false],"1536x1536":["https:\/\/legitgrams.com\/wp-content\/uploads\/2024\/09\/buy-rock-on-bath-salt-online.jpg",600,600,false],"2048x2048":["https:\/\/legitgrams.com\/wp-content\/uploads\/2024\/09\/buy-rock-on-bath-salt-online.jpg",600,600,false],"trp-custom-language-flag":["https:\/\/legitgrams.com\/wp-content\/uploads\/2024\/09\/buy-rock-on-bath-salt-online-12x12.jpg",12,12,true],"woocommerce_thumbnail":["https:\/\/legitgrams.com\/wp-content\/uploads\/2024\/09\/buy-rock-on-bath-salt-online-300x300.jpg",300,300,true],"woocommerce_single":["https:\/\/legitgrams.com\/wp-content\/uploads\/2024\/09\/buy-rock-on-bath-salt-online.jpg",600,600,false],"woocommerce_gallery_thumbnail":["https:\/\/legitgrams.com\/wp-content\/uploads\/2024\/09\/buy-rock-on-bath-salt-online-100x100.jpg",100,100,true]},"uagb_author_info":{"display_name":"cokeblog18","author_link":"https:\/\/legitgrams.com\/pt\/author\/"},"uagb_comment_info":0,"uagb_excerpt":"Purchase Rock On Bath Salt Online As previously said, this pink salt has potent and skin-friendly ingredients that are necessary for the production of personal care products. Magnesium functions as a shield to shield the skin from the damaging effects of cosmetics that contain chemicals. Potassium aids in reducing fine lines and wrinkles and stabilizing&hellip;","_links":{"self":[{"href":"https:\/\/legitgrams.com\/pt\/wp-json\/wp\/v2\/product\/3934","targetHints":{"allow":["GET"]}}],"collection":[{"href":"https:\/\/legitgrams.com\/pt\/wp-json\/wp\/v2\/product"}],"about":[{"href":"https:\/\/legitgrams.com\/pt\/wp-json\/wp\/v2\/types\/product"}],"replies":[{"embeddable":true,"href":"https:\/\/legitgrams.com\/pt\/wp-json\/wp\/v2\/comments?post=3934"}],"wp:featuredmedia":[{"embeddable":true,"href":"https:\/\/legitgrams.com\/pt\/wp-json\/wp\/v2\/media\/5314"}],"wp:attachment":[{"href":"https:\/\/legitgrams.com\/pt\/wp-json\/wp\/v2\/media?parent=3934"}],"wp:term":[{"taxonomy":"product_brand","embeddable":true,"href":"https:\/\/legitgrams.com\/pt\/wp-json\/wp\/v2\/product_brand?post=3934"},{"taxonomy":"product_cat","embeddable":true,"href":"https:\/\/legitgrams.com\/pt\/wp-json\/wp\/v2\/product_cat?post=3934"},{"taxonomy":"product_tag","embeddable":true,"href":"https:\/\/legitgrams.com\/pt\/wp-json\/wp\/v2\/product_tag?post=3934"}],"curies":[{"name":"wp","href":"https:\/\/api.w.org\/{rel}","templated":true}]}}