{"id":3946,"date":"2024-09-20T12:28:50","date_gmt":"2024-09-20T12:28:50","guid":{"rendered":"https:\/\/legitgrams.com\/?post_type=product&#038;p=3946"},"modified":"2025-04-04T11:51:34","modified_gmt":"2025-04-04T11:51:34","slug":"produtos-quimicos-bk-etil-k-por-atacado","status":"publish","type":"product","link":"https:\/\/legitgrams.com\/pt\/produto\/produtos-quimicos-bk-etil-k-por-atacado\/","title":{"rendered":"Compre bk -Ethyl-K Chemical no atacado online"},"content":{"rendered":"<h2>BK-Ethyl-K Chemical para venda a pre\u00e7os de atacado<\/h2>\n<p><a href=\"https:\/\/www.bing.com\/search?q=Buy%20Wholesale%20bk%20-Ethyl-K%20Chemical%20Online&amp;qs=n&amp;form=QBRE&amp;sp=-1&amp;ghc=1&amp;lq=0&amp;pq=buy%20wholesale%20bk%20-ethyl-k%20chemical%20online&amp;sc=12-41&amp;sk=&amp;cvid=919EBB78E41F42A293B38CC78C483C67&amp;ghsh=0&amp;ghacc=0&amp;ghpl=\">Bk ethyl k<\/a>, tamb\u00e9m conhecido como Etilona, \u200b\u200b\u00e9 um energizante entactog\u00eanico frequentemente sugerido como 3,4-metilenodioxi-N-etilcatinona. O nome industrial da etilona \u00e9 1-(1,3-Benzodioxol-5-il)-2-(etilamino)-1-propanona. A f\u00f3rmula subnuclear \u00e9 C12H15NO3, com uma massa ordin\u00e1ria de 221,251999 Da e uma massa monoisot\u00f3pica de 221,104996 Da. Compre porcelana que contenha etileno. Uma pedra cara que pode ser comprada \u00e9 a etilona. Invista em pedras raras \u00e0 base de etileno. Distribuidor de etilona. Compre<a href=\"https:\/\/www.google.com\/search?q=Buy+Wholesale+bk+-Ethyl-K+Chemical+Online&amp;num=10&amp;sca_esv=1a2a07081c7891bb&amp;rlz=1C1RXQR_enIN1098IN1098&amp;sxsrf=AHTn8zovVQWqUSOerpgGSbtwr5gmnjUsyw%3A1741758961995&amp;ei=8SHRZ7ipPJaO4-EPs5zk0AY&amp;ved=0ahUKEwj45drh7YOMAxUWxzgGHTMOGWoQ4dUDCBA&amp;uact=5&amp;oq=Buy+Wholesale+bk+-Ethyl-K+Chemical+Online&amp;gs_lp=Egxnd3Mtd2l6LXNlcnAiKUJ1eSBXaG9sZXNhbGUgYmsgLUV0aHlsLUsgQ2hlbWljYWwgT25saW5lSMcHUOEDWOEDcAN4AJABAJgBkQGgAZEBqgEDMC4xuAEDyAEA-AEC-AEBmAIAoAIAmAMAiAYBkgcAoAdW&amp;sclient=gws-wiz-serp\"> ethylone<\/a> at a discount. reimbursement Ethylene<\/p>\n<p>A ChemAxon e a ACD\/Labs trabalharam juntas para concluir o <a href=\"https:\/\/duckduckgo.com\/?q=Buy+Wholesale+bk+-Ethyl-K+Chemical+Online&amp;t=h_&amp;ia=web\">Etilona<\/a> avalia\u00e7\u00e3o. Um registro de refra\u00e7\u00e3o em 1,54 com um fator de press\u00e3o de superf\u00edcie de 44,3470001220703 dina\/cm, uma motiva\u00e7\u00e3o de explos\u00e3o atr\u00e1s de 172,845 \u00b0C, quatro aceitadores de seguran\u00e7a #H, quatro t\u00edtulos de #girat\u00f3rios livres e uma restri\u00e7\u00e3o de 362,188 \u00b0C a 760 mmHg foram inclu\u00eddos nas caracter\u00edsticas que o ACD\/Labs esperava.<\/p>\n<h3>Esta \u00e9 uma pr\u00e1tica normal para aplica\u00e7\u00f5es de pesquisa e l\u00f3gica.<\/h3>\n<p>Este item foi criado em uma tentativa de atender aos padr\u00f5es do Guia 34:2009 e ISO17025:2005.<\/p>\n<p>Somos a melhor associa\u00e7\u00e3o e temos liga\u00e7\u00f5es r\u00e1pidas com um grande n\u00famero de fornecedores e fabricantes em todo o mundo. Sempre damos aos nossos clientes as coisas da melhor qualidade para avalia\u00e7\u00f5es! essencialmente a mesma coisa que normalmente esperamos de aquisi\u00e7\u00f5es.<\/p>\n<p>Por isso, podemos comprar os melhores produtos pelos melhores pre\u00e7os e repassar essa economia para voc\u00ea!<\/p>\n<p>Tudo o que vendemos \u00e9 do mais alto calibre e pedimos a todos os nossos clientes que efectuem a GC\/MS das suas compras para garantir a exatid\u00e3o e a autenticidade. Cada remessa \u00e9 submetida aos nossos pr\u00f3prios testes para garantir que n\u00e3o existem pe\u00e7as defeituosas e que os nossos clientes est\u00e3o a receber exatamente o que encomendaram. Orgulhamo-nos da nossa capacidade de satisfazer os nossos clientes. <a href=\"https:\/\/legitgrams.com\/pt\/\">LegitGrams<\/a><\/p>\n<p>Nossa capacidade de conduzir neg\u00f3cios com voc\u00ea depende da nossa habilidade de lidar de forma completa e cooperativa com cada solicita\u00e7\u00e3o, independentemente de sua natureza. Trabalhamos duro para lhe dar as melhores drogas e fogos de artif\u00edcio delicados aos melhores custos, bem como o transporte mais secreto poss\u00edvel, e nunca deixamos de resolver qualquer problema! Se n\u00e3o for muito dif\u00edcil, tenha certeza e confian\u00e7a ao fazer sua solicita\u00e7\u00e3o!<\/p>\n<p>N\u00f3s nos mostramos bastante robustos, e se voc\u00ea nos mantiver ao seu lado, seremos algu\u00e9m em quem voc\u00ea pode confiar e fazer neg\u00f3cios confi\u00e1veis \u200b\u200bsempre que voc\u00ea abrir a porta para n\u00f3s! N\u00e3o vamos deixar voc\u00ea falhar.<br \/>\nFornecemos os n\u00fameros de acompanhamento ap\u00f3s a entrega do grupo, para que possa acompanhar a evolu\u00e7\u00e3o do seu pacote.<\/p>\n<p>Compra por grosso <a href=\"https:\/\/en.wikipedia.org\/wiki\/BK\">Bk<\/a>-Ethyl-K Chemical Online - Comprar Bk-Ethyl-K Chemical por grosso, Comprar Bk-Ethyl-K Chemical por grosso usa, Comprar Bk-Ethyl-K Chemical por grosso online USA, Onde comprar <a href=\"https:\/\/legitgrams.com\/pt\/produto\/produtos-quimicos-bk-etil-k-por-atacado\/\">Qu\u00edmico Bk-Ethyl-K por atacado<\/a>Bk-Ethyl-K Chemical por grosso para venda, Bk-Ethyl-K Chemical por grosso para venda perto de mim, comprar Bk-Ethyl-K Chemical por grosso online perto de mim, onde comprar Bk-Ethyl-K Chemical por grosso online, Bk-Ethyl-K Chemical por grosso para venda nos EUA, Canad\u00e1, Reino Unido, comprar, online, fornecedores, entrega segura, bk-Ethyl-K Chemical por grosso ainda est\u00e1 dispon\u00edvel, \u00c9 legal comprar bk-Ethyl-K Chemical por grosso nos Estados Unidos? como efetuar uma compra a granel de bk-Ethyl-K Chemical \u00c9 legal comprar bk-Ethyl-K Chemical a granel no Canad\u00e1?<\/p>","protected":false},"excerpt":{"rendered":"<p>BK-Ethyl-K Chemical for Sale at Wholesale Prices Bk ethyl k, also referred to as Ethylone, is an entactogen energizer that is frequently suggested as 3,4-methylenedioxy-N-ethylcathinone. Ethylone&#8217;s productive name is 1-(1,3-Benzodioxol-5-yl)- 2-(ethylamino)- 1-propanone. The sub-nuclear formula is C12H15NO3, with an ordinary mass of 221.251999 Da and a monoisotopic mass of 221.104996 Da. Buy china that contains &hellip;<\/p>\n<p class=\"read-more\"> <a class=\"\" href=\"https:\/\/legitgrams.com\/pt\/produto\/produtos-quimicos-bk-etil-k-por-atacado\/\"> <span class=\"screen-reader-text\">Compre bk -Ethyl-K Chemical no atacado online<\/span> Ler mais \"<\/a><\/p>","protected":false},"featured_media":5322,"comment_status":"open","ping_status":"closed","template":"","meta":{"_uag_custom_page_level_css":"","site-sidebar-layout":"default","site-content-layout":"default","ast-global-header-display":"","ast-main-header-display":"","ast-hfb-above-header-display":"","ast-hfb-below-header-display":"","ast-hfb-mobile-header-display":"","site-post-title":"","ast-breadcrumbs-content":"","ast-featured-img":"","footer-sml-layout":"","theme-transparent-header-meta":"default","adv-header-id-meta":"","stick-header-meta":"default","header-above-stick-meta":"","header-main-stick-meta":"","header-below-stick-meta":"","_joinchat":[]},"product_brand":[],"product_cat":[600],"product_tag":[3544,3534,617,3526,3541,3538,3533,3531,3543,3540,625,3532,3535,3525,3528,3536,3527,3537,3539,3546,3529,3547,3545,3542,3530],"class_list":{"0":"post-3946","1":"product","2":"type-product","3":"status-publish","4":"has-post-thumbnail","6":"product_cat-research-chemicals-and-bath-salt","7":"product_tag-best-cheap-price-wholesale-bk-ethyl-k-chemical","8":"product_tag-best-place-to-buy-wholesale-bk-ethyl-k-chemical","9":"product_tag-bulk-online","10":"product_tag-buy-wholesale-bk-ethyl-k-chemical","11":"product_tag-cheap-wholesale-bk-ethyl-k-chemical","12":"product_tag-high-quality-wholesale-bk-ethyl-k-chemical","13":"product_tag-how-to-buy-wholesale-bk-ethyl-k-chemical","14":"product_tag-order-wholesale-bk-ethyl-k-chemical","15":"product_tag-purcharse-wholesale-bk-ethyl-k-chemical","16":"product_tag-shop-wholesale-bk-ethyl-k-chemical","17":"product_tag-top-quality","18":"product_tag-where-to-buy-wholesale-bk-ethyl-k-chemical","19":"product_tag-where-to-order-wholesale-bk-ethyl-k-chemical","20":"product_tag-wholesale-bk-ethyl-k-chemical","21":"product_tag-wholesale-bk-ethyl-k-chemical-for-sale","22":"product_tag-wholesale-bk-ethyl-k-chemical-legally","23":"product_tag-wholesale-bk-ethyl-k-chemical-online","24":"product_tag-wholesale-bk-ethyl-k-chemical-price","25":"product_tag-wholesale-bk-ethyl-k-chemical-store","26":"product_tag-wholesale-bk-ethyl-k-chemical-use","27":"product_tag-wholesale-bk-ethyl-k-chemical-wholesale-bk-ethyl-k-chemical-supplier","28":"product_tag-wholesale-bk-ethyl-k-chemical-wiki","29":"product_tag-wholesale-bk-ethyl-k-chemical-worldwide","30":"product_tag-wholesale-bk-ethyl-k-chemicals","31":"product_tag-wholesale-wholesale-bk-ethyl-k-chemical","32":"desktop-align-left","33":"tablet-align-left","34":"mobile-align-left","35":"ast-product-gallery-layout-horizontal","36":"ast-product-gallery-with-no-image","37":"ast-product-single-variable","38":"ast-product-tabs-layout-horizontal","39":"ast-qv-on-image","41":"first","42":"instock","43":"shipping-taxable","44":"purchasable","45":"product-type-variable"},"yoast_head":"<!-- This site is optimized with the Yoast SEO plugin v25.9 - https:\/\/yoast.com\/wordpress\/plugins\/seo\/ -->\n<title>Bk-Ethyl-K Chemical for Sale - Buy Bk -Ethyl-K Chemical Online<\/title>\n<meta name=\"description\" content=\"Find premium bk -Ethyl-K Chemical for sale at our online store, providing a secure platform to buy bk -Ethyl-K Chemical online with ease, catering to your research needs.\" \/>\n<meta name=\"robots\" content=\"index, follow, max-snippet:-1, max-image-preview:large, max-video-preview:-1\" \/>\n<link rel=\"canonical\" href=\"https:\/\/legitgrams.com\/pt\/produto\/produtos-quimicos-bk-etil-k-por-atacado\/\" \/>\n<meta property=\"og:locale\" content=\"pt_PT\" \/>\n<meta property=\"og:type\" content=\"article\" \/>\n<meta property=\"og:title\" content=\"Bk-Ethyl-K Chemical for Sale - Buy Bk -Ethyl-K Chemical Online\" \/>\n<meta property=\"og:description\" content=\"Find premium bk -Ethyl-K Chemical for sale at our online store, providing a secure platform to buy bk -Ethyl-K Chemical online with ease, catering to your research needs.\" \/>\n<meta property=\"og:url\" content=\"https:\/\/legitgrams.com\/pt\/produto\/produtos-quimicos-bk-etil-k-por-atacado\/\" \/>\n<meta property=\"og:site_name\" content=\"Legit Grams\" \/>\n<meta property=\"article:modified_time\" content=\"2025-04-04T11:51:34+00:00\" \/>\n<meta property=\"og:image\" content=\"https:\/\/legitgrams.com\/wp-content\/uploads\/2024\/09\/buy-wholesale-bk-ethyl-k-chemical-online.jpg\" \/>\n\t<meta property=\"og:image:width\" content=\"600\" \/>\n\t<meta property=\"og:image:height\" content=\"600\" \/>\n\t<meta property=\"og:image:type\" content=\"image\/jpeg\" \/>\n<meta name=\"twitter:card\" content=\"summary_large_image\" \/>\n<meta name=\"twitter:label1\" content=\"Tempo estimado de leitura\" \/>\n\t<meta name=\"twitter:data1\" content=\"3 minutos\" \/>\n<script type=\"application\/ld+json\" class=\"yoast-schema-graph\">{\"@context\":\"https:\/\/schema.org\",\"@graph\":[{\"@type\":\"WebPage\",\"@id\":\"https:\/\/legitgrams.com\/product\/wholesale-bk-ethyl-k-chemical\/\",\"url\":\"https:\/\/legitgrams.com\/product\/wholesale-bk-ethyl-k-chemical\/\",\"name\":\"Bk-Ethyl-K Chemical for Sale - Buy Bk -Ethyl-K Chemical Online\",\"isPartOf\":{\"@id\":\"https:\/\/legitgrams.com\/#website\"},\"primaryImageOfPage\":{\"@id\":\"https:\/\/legitgrams.com\/product\/wholesale-bk-ethyl-k-chemical\/#primaryimage\"},\"image\":{\"@id\":\"https:\/\/legitgrams.com\/product\/wholesale-bk-ethyl-k-chemical\/#primaryimage\"},\"thumbnailUrl\":\"https:\/\/legitgrams.com\/wp-content\/uploads\/2024\/09\/buy-wholesale-bk-ethyl-k-chemical-online.jpg\",\"datePublished\":\"2024-09-20T12:28:50+00:00\",\"dateModified\":\"2025-04-04T11:51:34+00:00\",\"description\":\"Find premium bk -Ethyl-K Chemical for sale at our online store, providing a secure platform to buy bk -Ethyl-K Chemical online with ease, catering to your research needs.\",\"breadcrumb\":{\"@id\":\"https:\/\/legitgrams.com\/product\/wholesale-bk-ethyl-k-chemical\/#breadcrumb\"},\"inLanguage\":\"pt-PT\",\"potentialAction\":[{\"@type\":\"ReadAction\",\"target\":[\"https:\/\/legitgrams.com\/product\/wholesale-bk-ethyl-k-chemical\/\"]}]},{\"@type\":\"ImageObject\",\"inLanguage\":\"pt-PT\",\"@id\":\"https:\/\/legitgrams.com\/product\/wholesale-bk-ethyl-k-chemical\/#primaryimage\",\"url\":\"https:\/\/legitgrams.com\/wp-content\/uploads\/2024\/09\/buy-wholesale-bk-ethyl-k-chemical-online.jpg\",\"contentUrl\":\"https:\/\/legitgrams.com\/wp-content\/uploads\/2024\/09\/buy-wholesale-bk-ethyl-k-chemical-online.jpg\",\"width\":600,\"height\":600,\"caption\":\"Ethyl-K Chemical for Sale\"},{\"@type\":\"BreadcrumbList\",\"@id\":\"https:\/\/legitgrams.com\/product\/wholesale-bk-ethyl-k-chemical\/#breadcrumb\",\"itemListElement\":[{\"@type\":\"ListItem\",\"position\":1,\"name\":\"Home\",\"item\":\"https:\/\/legitgrams.com\/\"},{\"@type\":\"ListItem\",\"position\":2,\"name\":\"Shop\",\"item\":\"https:\/\/legitgrams.com\/shop\/\"},{\"@type\":\"ListItem\",\"position\":3,\"name\":\"Buy Wholesale bk -Ethyl-K Chemical Online\"}]},{\"@type\":\"WebSite\",\"@id\":\"https:\/\/legitgrams.com\/#website\",\"url\":\"https:\/\/legitgrams.com\/\",\"name\":\"Legit Grams\",\"description\":\"My WordPress Blog\",\"publisher\":{\"@id\":\"https:\/\/legitgrams.com\/#organization\"},\"potentialAction\":[{\"@type\":\"SearchAction\",\"target\":{\"@type\":\"EntryPoint\",\"urlTemplate\":\"https:\/\/legitgrams.com\/?s={search_term_string}\"},\"query-input\":{\"@type\":\"PropertyValueSpecification\",\"valueRequired\":true,\"valueName\":\"search_term_string\"}}],\"inLanguage\":\"pt-PT\"},{\"@type\":\"Organization\",\"@id\":\"https:\/\/legitgrams.com\/#organization\",\"name\":\"Legit Grams\",\"url\":\"https:\/\/legitgrams.com\/\",\"logo\":{\"@type\":\"ImageObject\",\"inLanguage\":\"pt-PT\",\"@id\":\"https:\/\/legitgrams.com\/#\/schema\/logo\/image\/\",\"url\":\"https:\/\/legitgrams.com\/wp-content\/uploads\/2024\/09\/main-logo.png\",\"contentUrl\":\"https:\/\/legitgrams.com\/wp-content\/uploads\/2024\/09\/main-logo.png\",\"width\":270,\"height\":75,\"caption\":\"Legit Grams\"},\"image\":{\"@id\":\"https:\/\/legitgrams.com\/#\/schema\/logo\/image\/\"}}]}<\/script>\n<!-- \/ Yoast SEO plugin. -->","yoast_head_json":{"title":"Bk-Ethyl-K Chemical para Venda - Comprar Bk -Ethyl-K Chemical Online","description":"Encontre bk -Ethyl-K Chemical premium para venda em nossa loja online, fornecendo uma plataforma segura para comprar bk -Ethyl-K Chemical online com facilidade, atendendo \u00e0s suas necessidades de pesquisa.","robots":{"index":"index","follow":"follow","max-snippet":"max-snippet:-1","max-image-preview":"max-image-preview:large","max-video-preview":"max-video-preview:-1"},"canonical":"https:\/\/legitgrams.com\/pt\/produto\/produtos-quimicos-bk-etil-k-por-atacado\/","og_locale":"pt_PT","og_type":"article","og_title":"Bk-Ethyl-K Chemical for Sale - Buy Bk -Ethyl-K Chemical Online","og_description":"Find premium bk -Ethyl-K Chemical for sale at our online store, providing a secure platform to buy bk -Ethyl-K Chemical online with ease, catering to your research needs.","og_url":"https:\/\/legitgrams.com\/pt\/produto\/produtos-quimicos-bk-etil-k-por-atacado\/","og_site_name":"Legit Grams","article_modified_time":"2025-04-04T11:51:34+00:00","og_image":[{"width":600,"height":600,"url":"https:\/\/legitgrams.com\/wp-content\/uploads\/2024\/09\/buy-wholesale-bk-ethyl-k-chemical-online.jpg","type":"image\/jpeg"}],"twitter_card":"summary_large_image","twitter_misc":{"Tempo estimado de leitura":"3 minutos"},"schema":{"@context":"https:\/\/schema.org","@graph":[{"@type":"WebPage","@id":"https:\/\/legitgrams.com\/product\/wholesale-bk-ethyl-k-chemical\/","url":"https:\/\/legitgrams.com\/product\/wholesale-bk-ethyl-k-chemical\/","name":"Bk-Ethyl-K Chemical para Venda - Comprar Bk -Ethyl-K Chemical Online","isPartOf":{"@id":"https:\/\/legitgrams.com\/#website"},"primaryImageOfPage":{"@id":"https:\/\/legitgrams.com\/product\/wholesale-bk-ethyl-k-chemical\/#primaryimage"},"image":{"@id":"https:\/\/legitgrams.com\/product\/wholesale-bk-ethyl-k-chemical\/#primaryimage"},"thumbnailUrl":"https:\/\/legitgrams.com\/wp-content\/uploads\/2024\/09\/buy-wholesale-bk-ethyl-k-chemical-online.jpg","datePublished":"2024-09-20T12:28:50+00:00","dateModified":"2025-04-04T11:51:34+00:00","description":"Encontre bk -Ethyl-K Chemical premium para venda em nossa loja online, fornecendo uma plataforma segura para comprar bk -Ethyl-K Chemical online com facilidade, atendendo \u00e0s suas necessidades de pesquisa.","breadcrumb":{"@id":"https:\/\/legitgrams.com\/product\/wholesale-bk-ethyl-k-chemical\/#breadcrumb"},"inLanguage":"pt-PT","potentialAction":[{"@type":"ReadAction","target":["https:\/\/legitgrams.com\/product\/wholesale-bk-ethyl-k-chemical\/"]}]},{"@type":"ImageObject","inLanguage":"pt-PT","@id":"https:\/\/legitgrams.com\/product\/wholesale-bk-ethyl-k-chemical\/#primaryimage","url":"https:\/\/legitgrams.com\/wp-content\/uploads\/2024\/09\/buy-wholesale-bk-ethyl-k-chemical-online.jpg","contentUrl":"https:\/\/legitgrams.com\/wp-content\/uploads\/2024\/09\/buy-wholesale-bk-ethyl-k-chemical-online.jpg","width":600,"height":600,"caption":"Ethyl-K Chemical for Sale"},{"@type":"BreadcrumbList","@id":"https:\/\/legitgrams.com\/product\/wholesale-bk-ethyl-k-chemical\/#breadcrumb","itemListElement":[{"@type":"ListItem","position":1,"name":"Home","item":"https:\/\/legitgrams.com\/"},{"@type":"ListItem","position":2,"name":"Shop","item":"https:\/\/legitgrams.com\/shop\/"},{"@type":"ListItem","position":3,"name":"Buy Wholesale bk -Ethyl-K Chemical Online"}]},{"@type":"WebSite","@id":"https:\/\/legitgrams.com\/#website","url":"https:\/\/legitgrams.com\/","name":"Gramas leg\u00edtimas","description":"O meu blogue WordPress","publisher":{"@id":"https:\/\/legitgrams.com\/#organization"},"potentialAction":[{"@type":"SearchAction","target":{"@type":"EntryPoint","urlTemplate":"https:\/\/legitgrams.com\/?s={search_term_string}"},"query-input":{"@type":"PropertyValueSpecification","valueRequired":true,"valueName":"search_term_string"}}],"inLanguage":"pt-PT"},{"@type":"Organization","@id":"https:\/\/legitgrams.com\/#organization","name":"Gramas leg\u00edtimas","url":"https:\/\/legitgrams.com\/","logo":{"@type":"ImageObject","inLanguage":"pt-PT","@id":"https:\/\/legitgrams.com\/#\/schema\/logo\/image\/","url":"https:\/\/legitgrams.com\/wp-content\/uploads\/2024\/09\/main-logo.png","contentUrl":"https:\/\/legitgrams.com\/wp-content\/uploads\/2024\/09\/main-logo.png","width":270,"height":75,"caption":"Legit Grams"},"image":{"@id":"https:\/\/legitgrams.com\/#\/schema\/logo\/image\/"}}]}},"uagb_featured_image_src":{"full":["https:\/\/legitgrams.com\/wp-content\/uploads\/2024\/09\/buy-wholesale-bk-ethyl-k-chemical-online.jpg",600,600,false],"thumbnail":["https:\/\/legitgrams.com\/wp-content\/uploads\/2024\/09\/buy-wholesale-bk-ethyl-k-chemical-online-150x150.jpg",150,150,true],"medium":["https:\/\/legitgrams.com\/wp-content\/uploads\/2024\/09\/buy-wholesale-bk-ethyl-k-chemical-online-300x300.jpg",300,300,true],"medium_large":["https:\/\/legitgrams.com\/wp-content\/uploads\/2024\/09\/buy-wholesale-bk-ethyl-k-chemical-online.jpg",600,600,false],"large":["https:\/\/legitgrams.com\/wp-content\/uploads\/2024\/09\/buy-wholesale-bk-ethyl-k-chemical-online.jpg",600,600,false],"1536x1536":["https:\/\/legitgrams.com\/wp-content\/uploads\/2024\/09\/buy-wholesale-bk-ethyl-k-chemical-online.jpg",600,600,false],"2048x2048":["https:\/\/legitgrams.com\/wp-content\/uploads\/2024\/09\/buy-wholesale-bk-ethyl-k-chemical-online.jpg",600,600,false],"trp-custom-language-flag":["https:\/\/legitgrams.com\/wp-content\/uploads\/2024\/09\/buy-wholesale-bk-ethyl-k-chemical-online-12x12.jpg",12,12,true],"woocommerce_thumbnail":["https:\/\/legitgrams.com\/wp-content\/uploads\/2024\/09\/buy-wholesale-bk-ethyl-k-chemical-online-300x300.jpg",300,300,true],"woocommerce_single":["https:\/\/legitgrams.com\/wp-content\/uploads\/2024\/09\/buy-wholesale-bk-ethyl-k-chemical-online.jpg",600,600,false],"woocommerce_gallery_thumbnail":["https:\/\/legitgrams.com\/wp-content\/uploads\/2024\/09\/buy-wholesale-bk-ethyl-k-chemical-online-100x100.jpg",100,100,true]},"uagb_author_info":{"display_name":"cokeblog18","author_link":"https:\/\/legitgrams.com\/pt\/author\/"},"uagb_comment_info":0,"uagb_excerpt":"BK-Ethyl-K Chemical for Sale at Wholesale Prices Bk ethyl k, also referred to as Ethylone, is an entactogen energizer that is frequently suggested as 3,4-methylenedioxy-N-ethylcathinone. Ethylone&#8217;s productive name is 1-(1,3-Benzodioxol-5-yl)- 2-(ethylamino)- 1-propanone. The sub-nuclear formula is C12H15NO3, with an ordinary mass of 221.251999 Da and a monoisotopic mass of 221.104996 Da. Buy china that contains&hellip;","_links":{"self":[{"href":"https:\/\/legitgrams.com\/pt\/wp-json\/wp\/v2\/product\/3946","targetHints":{"allow":["GET"]}}],"collection":[{"href":"https:\/\/legitgrams.com\/pt\/wp-json\/wp\/v2\/product"}],"about":[{"href":"https:\/\/legitgrams.com\/pt\/wp-json\/wp\/v2\/types\/product"}],"replies":[{"embeddable":true,"href":"https:\/\/legitgrams.com\/pt\/wp-json\/wp\/v2\/comments?post=3946"}],"wp:featuredmedia":[{"embeddable":true,"href":"https:\/\/legitgrams.com\/pt\/wp-json\/wp\/v2\/media\/5322"}],"wp:attachment":[{"href":"https:\/\/legitgrams.com\/pt\/wp-json\/wp\/v2\/media?parent=3946"}],"wp:term":[{"taxonomy":"product_brand","embeddable":true,"href":"https:\/\/legitgrams.com\/pt\/wp-json\/wp\/v2\/product_brand?post=3946"},{"taxonomy":"product_cat","embeddable":true,"href":"https:\/\/legitgrams.com\/pt\/wp-json\/wp\/v2\/product_cat?post=3946"},{"taxonomy":"product_tag","embeddable":true,"href":"https:\/\/legitgrams.com\/pt\/wp-json\/wp\/v2\/product_tag?post=3946"}],"curies":[{"name":"wp","href":"https:\/\/api.w.org\/{rel}","templated":true}]}}