{"id":3965,"date":"2024-09-21T05:32:35","date_gmt":"2024-09-21T05:32:35","guid":{"rendered":"https:\/\/legitgrams.com\/?post_type=product&#038;p=3965"},"modified":"2026-02-14T22:23:57","modified_gmt":"2026-02-14T22:23:57","slug":"metanfetamina-cristal-metanfetamina","status":"publish","type":"product","link":"https:\/\/legitgrams.com\/pt\/produto\/metanfetamina-cristal-metanfetamina\/","title":{"rendered":"Compre Crystal Meth (Metanfetamina) Online"},"content":{"rendered":"<h2>\u00c0 venda: Crystal Meth (metanfetamina)<\/h2>\n<p>O melhor lugar para comprar vidro. <a href=\"https:\/\/legitgrams.com\/pt\/produto\/metanfetamina-cristal-metanfetamina\/\">Metanfetamina cristalina<\/a> is currently available for purchase online, and it will be delivered the next day. Nearly <a href=\"https:\/\/www.bing.com\/search?q=CompreCrystalMeth(Metanfetamina)Online&amp;qs=n&amp;form=QBRE&amp;sp=-1&amp;lq=0&amp;pq=comprecrystalmeth(metanfetamina)online&amp;sc=0-42&amp;sk=&amp;cvid=B681FB065B7843EABC302325E016A7BE&amp;ghsh=0&amp;ghacc=0&amp;ghpl=\">100% pure crystal methamphetamine<\/a> \u00e9 a variedade mais recente ou mais fresca. N\u00e3o tem cheiro e pode ser fumada em cachimbos de vidro. Pesquisas indicam que n\u00e3o \u00e9 apenas mais viciante do que crack e <a href=\"https:\/\/www.bing.com\/search?q=CompreCrystalMeth(Metanfetamina)Online&amp;qs=n&amp;form=QBRE&amp;sp=-1&amp;lq=0&amp;pq=comprecrystalmeth(metanfetamina)online&amp;sc=0-42&amp;sk=&amp;cvid=B681FB065B7843EABC302325E016A7BE&amp;ghsh=0&amp;ghacc=0&amp;ghpl=\">coca\u00edna<\/a>, mas tamb\u00e9m mais letal. Seus efeitos no sistema podem durar de quatro a quatorze horas, dependendo do indiv\u00edduo. Durante esse per\u00edodo, os fumantes t\u00eam uma poderosa descarga de metal e felicidade f\u00edsica. Uma sensa\u00e7\u00e3o agrad\u00e1vel. O short pesado, por outro lado, causar\u00e1 extrema preocupa\u00e7\u00e3o, desesperan\u00e7a e, finalmente, fadiga.<\/p>\n<h3>\u00c0 venda: Crystal Meth (metanfetamina)<\/h3>\n<p>O melhor lugar para comprar vidro. O metanfetamina cristal est\u00e1 dispon\u00edvel para compra online no momento e ser\u00e1 entregue no dia seguinte. Quase 100% cristal puro <a href=\"https:\/\/en.wikipedia.org\/wiki\/Methamphetamine\">metanfetamina<\/a> \u00e9 a variedade mais recente ou mais fresca. N\u00e3o tem cheiro e pode ser fumado em cachimbos de vidro. Pesquisas indicam que n\u00e3o \u00e9 apenas mais viciante do que crack e coca\u00edna, mas tamb\u00e9m mais letal. Seus efeitos no sistema podem durar de quatro a quatorze horas, dependendo do indiv\u00edduo. Durante esse per\u00edodo, os fumantes t\u00eam uma poderosa descarga de metal e \u00eaxtase f\u00edsico. Uma sensa\u00e7\u00e3o agrad\u00e1vel. O short pesado, por outro lado, causar\u00e1 extrema preocupa\u00e7\u00e3o, desesperan\u00e7a e, finalmente, fadiga.<\/p>\n<p>However,<a href=\"https:\/\/www.google.com\/search?q=Crystal+Meth+(Methamphetamine)&amp;rlz=1C1RXQR_enIN1098IN1098&amp;oq=Crystal+Meth+(Methamphetamine)&amp;gs_lcrp=EgZjaHJvbWUyBggAEEUYOTIGCAEQRRg9MgYIAhBFGDzSAQkxMDIwajBqMTWoAgiwAgHxBVXlq-LJol72&amp;sourceid=chrome&amp;ie=UTF-8\"> metanfetamina cristalina<\/a> pode ser obtido sem outros nomes comerciais, como sal, pedra, vidro LA, super gelo ou gelo quente. Eles tamb\u00e9m vendem cetamina aqui. O cristal de cetamina HCL tamb\u00e9m est\u00e1 com um pre\u00e7o justo.<\/p>\n<p>As vendas de metanfetamina cristal s\u00e3o comuns na internet. No entanto, se voc\u00ea quiser comprar metanfetamina pura, precisa conhecer seus vendedores. Al\u00e9m da pureza, qu\u00e3o seguro \u00e9 o procedimento? Voc\u00ea realmente acha que sua merda vai chegar? \u00c9 por isso que somos os melhores. Fornecendo n\u00fameros de rastreamento e garantias de devolu\u00e7\u00e3o de dinheiro para cada remessa. Embale e entregue discretamente em caixas postais, ruas e endere\u00e7os residenciais. Vendas online de metanfetamina cristal: compre metanfetamina cristal online. Metanfetamina: compre metanfetamina cristal (metanfetamina) online, compre 4-MEC, compre metanfetamina cristal e compre metanfetamina cristal. <a href=\"https:\/\/legitgrams.com\/pt\/\">LegitGrams<\/a><\/p>\n<p><a href=\"https:\/\/duckduckgo.com\/?q=Crystal+Meth+(Methamphetamine)&amp;t=h_&amp;ia=web\">Compre cristal de metanfetamina<\/a>, tamb\u00e9m conhecida como metanfetamina, online com desconto, compre metanfetamina, pe\u00e7a metanfetamina online, compre metanfetamina para venda, encontre locais de metanfetamina e compre produtos qu\u00edmicos de pesquisa online. Compre metanfetamina cristal, onde comprar metanfetamina cristal, pe\u00e7a metanfetamina cristal online, compre, compre, seguro, online, metanfetamina, metanfetamina, cristal, p\u00f3 ou qualquer combina\u00e7\u00e3o destes<\/p>","protected":false},"excerpt":{"rendered":"<p>For Sale: Crystal Meth (Methamphetamine) The greatest place to buy glass. Crystal meth is currently available for purchase online, and it will be delivered the next day. Nearly 100% pure crystal methamphetamine is the most recent or freshest variety. It has no smell and can be smoked through glass pipes. Research indicates that it is &hellip;<\/p>\n<p class=\"read-more\"> <a class=\"\" href=\"https:\/\/legitgrams.com\/pt\/produto\/metanfetamina-cristal-metanfetamina\/\"> <span class=\"screen-reader-text\">Compre Crystal Meth (Metanfetamina) Online<\/span> Ler mais \"<\/a><\/p>","protected":false},"featured_media":5273,"comment_status":"open","ping_status":"closed","template":"","meta":{"_uag_custom_page_level_css":"","site-sidebar-layout":"default","site-content-layout":"default","ast-global-header-display":"","ast-main-header-display":"","ast-hfb-above-header-display":"","ast-hfb-below-header-display":"","ast-hfb-mobile-header-display":"","site-post-title":"","ast-breadcrumbs-content":"","ast-featured-img":"","footer-sml-layout":"","theme-transparent-header-meta":"default","adv-header-id-meta":"","stick-header-meta":"default","header-above-stick-meta":"","header-main-stick-meta":"","header-below-stick-meta":"","_joinchat":[]},"product_brand":[],"product_cat":[600],"product_tag":[3406,3396,617,3388,3403,3387,3391,3390,3398,3389,3399,3401,3408,3409,3407,3404,3400,3395,3393,3405,3402,625,3394,3397,3392],"class_list":{"0":"post-3965","1":"product","2":"type-product","3":"status-publish","4":"has-post-thumbnail","6":"product_cat-research-chemicals-and-bath-salt","7":"product_tag-best-cheap-price-crystal-meth-methamphetamine","8":"product_tag-best-place-to-buy-crystal-meth-methamphetamine","9":"product_tag-bulk-online","10":"product_tag-buy-crystal-meth-methamphetamine","11":"product_tag-cheap-crystal-meth-methamphetamine","12":"product_tag-crystal-meth-methamphetamine","13":"product_tag-crystal-meth-methamphetamine-crystal-meth-methamphetamine-supplier","14":"product_tag-crystal-meth-methamphetamine-for-sale","15":"product_tag-crystal-meth-methamphetamine-legally","16":"product_tag-crystal-meth-methamphetamine-online","17":"product_tag-crystal-meth-methamphetamine-price","18":"product_tag-crystal-meth-methamphetamine-store","19":"product_tag-crystal-meth-methamphetamine-use","20":"product_tag-crystal-meth-methamphetamine-wiki","21":"product_tag-crystal-meth-methamphetamine-worldwide","22":"product_tag-crystal-meth-methamphetamines","23":"product_tag-high-quality-crystal-meth-methamphetamine","24":"product_tag-how-to-buy-crystal-meth-methamphetamine","25":"product_tag-order-crystal-meth-methamphetamine","26":"product_tag-purcharse-crystal-meth-methamphetamine","27":"product_tag-shop-crystal-meth-methamphetamine","28":"product_tag-top-quality","29":"product_tag-where-to-buy-crystal-meth-methamphetamine","30":"product_tag-where-to-order-crystal-meth-methamphetamine","31":"product_tag-wholesale-crystal-meth-methamphetamine","32":"desktop-align-left","33":"tablet-align-left","34":"mobile-align-left","35":"ast-product-gallery-layout-horizontal","36":"ast-product-gallery-with-no-image","37":"ast-product-single-variable","38":"ast-product-tabs-layout-horizontal","39":"ast-qv-on-image","41":"first","42":"instock","43":"shipping-taxable","44":"purchasable","45":"product-type-variable"},"yoast_head":"<!-- This site is optimized with the Yoast SEO plugin v25.9 - https:\/\/yoast.com\/wordpress\/plugins\/seo\/ -->\n<title>Crystal Meth for Sale - Buy Crystal Meth Online | LegitGrams<\/title>\n<meta name=\"description\" content=\"Explore our online store for Crystal Meth for sale, offering high-quality Crystal Meth. Buy Crystal Meth online securely and embark on your research journey with confidence.\" \/>\n<meta name=\"robots\" content=\"index, follow, max-snippet:-1, max-image-preview:large, max-video-preview:-1\" \/>\n<link rel=\"canonical\" href=\"https:\/\/legitgrams.com\/pt\/produto\/metanfetamina-cristal-metanfetamina\/\" \/>\n<meta property=\"og:locale\" content=\"pt_PT\" \/>\n<meta property=\"og:type\" content=\"article\" \/>\n<meta property=\"og:title\" content=\"Crystal Meth for Sale - Buy Crystal Meth Online | LegitGrams\" \/>\n<meta property=\"og:description\" content=\"Explore our online store for Crystal Meth for sale, offering high-quality Crystal Meth. Buy Crystal Meth online securely and embark on your research journey with confidence.\" \/>\n<meta property=\"og:url\" content=\"https:\/\/legitgrams.com\/pt\/produto\/metanfetamina-cristal-metanfetamina\/\" \/>\n<meta property=\"og:site_name\" content=\"Legit Grams\" \/>\n<meta property=\"article:modified_time\" content=\"2026-02-14T22:23:57+00:00\" \/>\n<meta property=\"og:image\" content=\"https:\/\/legitgrams.com\/wp-content\/uploads\/2024\/09\/Buy-Crystal-Meth-Online.jpg\" \/>\n\t<meta property=\"og:image:width\" content=\"600\" \/>\n\t<meta property=\"og:image:height\" content=\"600\" \/>\n\t<meta property=\"og:image:type\" content=\"image\/jpeg\" \/>\n<meta name=\"twitter:card\" content=\"summary_large_image\" \/>\n<meta name=\"twitter:label1\" content=\"Tempo estimado de leitura\" \/>\n\t<meta name=\"twitter:data1\" content=\"2 minutos\" \/>\n<script type=\"application\/ld+json\" class=\"yoast-schema-graph\">{\"@context\":\"https:\/\/schema.org\",\"@graph\":[{\"@type\":\"WebPage\",\"@id\":\"https:\/\/legitgrams.com\/product\/crystal-meth-methamphetamine\/\",\"url\":\"https:\/\/legitgrams.com\/product\/crystal-meth-methamphetamine\/\",\"name\":\"Crystal Meth for Sale - Buy Crystal Meth Online | LegitGrams\",\"isPartOf\":{\"@id\":\"https:\/\/legitgrams.com\/#website\"},\"primaryImageOfPage\":{\"@id\":\"https:\/\/legitgrams.com\/product\/crystal-meth-methamphetamine\/#primaryimage\"},\"image\":{\"@id\":\"https:\/\/legitgrams.com\/product\/crystal-meth-methamphetamine\/#primaryimage\"},\"thumbnailUrl\":\"https:\/\/legitgrams.com\/wp-content\/uploads\/2024\/09\/Buy-Crystal-Meth-Online.jpg\",\"datePublished\":\"2024-09-21T05:32:35+00:00\",\"dateModified\":\"2026-02-14T22:23:57+00:00\",\"description\":\"Explore our online store for Crystal Meth for sale, offering high-quality Crystal Meth. Buy Crystal Meth online securely and embark on your research journey with confidence.\",\"breadcrumb\":{\"@id\":\"https:\/\/legitgrams.com\/product\/crystal-meth-methamphetamine\/#breadcrumb\"},\"inLanguage\":\"pt-PT\",\"potentialAction\":[{\"@type\":\"ReadAction\",\"target\":[\"https:\/\/legitgrams.com\/product\/crystal-meth-methamphetamine\/\"]}]},{\"@type\":\"ImageObject\",\"inLanguage\":\"pt-PT\",\"@id\":\"https:\/\/legitgrams.com\/product\/crystal-meth-methamphetamine\/#primaryimage\",\"url\":\"https:\/\/legitgrams.com\/wp-content\/uploads\/2024\/09\/Buy-Crystal-Meth-Online.jpg\",\"contentUrl\":\"https:\/\/legitgrams.com\/wp-content\/uploads\/2024\/09\/Buy-Crystal-Meth-Online.jpg\",\"width\":600,\"height\":600,\"caption\":\"Crystal Meth (Methamphetamine) for Sale\"},{\"@type\":\"BreadcrumbList\",\"@id\":\"https:\/\/legitgrams.com\/product\/crystal-meth-methamphetamine\/#breadcrumb\",\"itemListElement\":[{\"@type\":\"ListItem\",\"position\":1,\"name\":\"Home\",\"item\":\"https:\/\/legitgrams.com\/\"},{\"@type\":\"ListItem\",\"position\":2,\"name\":\"Shop\",\"item\":\"https:\/\/legitgrams.com\/shop\/\"},{\"@type\":\"ListItem\",\"position\":3,\"name\":\"Buy Crystal Meth (Methamphetamine) Online\"}]},{\"@type\":\"WebSite\",\"@id\":\"https:\/\/legitgrams.com\/#website\",\"url\":\"https:\/\/legitgrams.com\/\",\"name\":\"Legit Grams\",\"description\":\"My WordPress Blog\",\"publisher\":{\"@id\":\"https:\/\/legitgrams.com\/#organization\"},\"potentialAction\":[{\"@type\":\"SearchAction\",\"target\":{\"@type\":\"EntryPoint\",\"urlTemplate\":\"https:\/\/legitgrams.com\/?s={search_term_string}\"},\"query-input\":{\"@type\":\"PropertyValueSpecification\",\"valueRequired\":true,\"valueName\":\"search_term_string\"}}],\"inLanguage\":\"pt-PT\"},{\"@type\":\"Organization\",\"@id\":\"https:\/\/legitgrams.com\/#organization\",\"name\":\"Legit Grams\",\"url\":\"https:\/\/legitgrams.com\/\",\"logo\":{\"@type\":\"ImageObject\",\"inLanguage\":\"pt-PT\",\"@id\":\"https:\/\/legitgrams.com\/#\/schema\/logo\/image\/\",\"url\":\"https:\/\/legitgrams.com\/wp-content\/uploads\/2024\/09\/main-logo.png\",\"contentUrl\":\"https:\/\/legitgrams.com\/wp-content\/uploads\/2024\/09\/main-logo.png\",\"width\":270,\"height\":75,\"caption\":\"Legit Grams\"},\"image\":{\"@id\":\"https:\/\/legitgrams.com\/#\/schema\/logo\/image\/\"}}]}<\/script>\n<!-- \/ Yoast SEO plugin. -->","yoast_head_json":{"title":"Crystal Meth para venda - Compre Crystal Meth online | LegitGrams","description":"Explore a nossa loja online de Crystal Meth para venda, oferecendo Crystal Meth de alta qualidade. Compre Crystal Meth online de forma segura e embarque na sua viagem de pesquisa com confian\u00e7a.","robots":{"index":"index","follow":"follow","max-snippet":"max-snippet:-1","max-image-preview":"max-image-preview:large","max-video-preview":"max-video-preview:-1"},"canonical":"https:\/\/legitgrams.com\/pt\/produto\/metanfetamina-cristal-metanfetamina\/","og_locale":"pt_PT","og_type":"article","og_title":"Crystal Meth for Sale - Buy Crystal Meth Online | LegitGrams","og_description":"Explore our online store for Crystal Meth for sale, offering high-quality Crystal Meth. Buy Crystal Meth online securely and embark on your research journey with confidence.","og_url":"https:\/\/legitgrams.com\/pt\/produto\/metanfetamina-cristal-metanfetamina\/","og_site_name":"Legit Grams","article_modified_time":"2026-02-14T22:23:57+00:00","og_image":[{"width":600,"height":600,"url":"https:\/\/legitgrams.com\/wp-content\/uploads\/2024\/09\/Buy-Crystal-Meth-Online.jpg","type":"image\/jpeg"}],"twitter_card":"summary_large_image","twitter_misc":{"Tempo estimado de leitura":"2 minutos"},"schema":{"@context":"https:\/\/schema.org","@graph":[{"@type":"WebPage","@id":"https:\/\/legitgrams.com\/product\/crystal-meth-methamphetamine\/","url":"https:\/\/legitgrams.com\/product\/crystal-meth-methamphetamine\/","name":"Crystal Meth para venda - Compre Crystal Meth online | LegitGrams","isPartOf":{"@id":"https:\/\/legitgrams.com\/#website"},"primaryImageOfPage":{"@id":"https:\/\/legitgrams.com\/product\/crystal-meth-methamphetamine\/#primaryimage"},"image":{"@id":"https:\/\/legitgrams.com\/product\/crystal-meth-methamphetamine\/#primaryimage"},"thumbnailUrl":"https:\/\/legitgrams.com\/wp-content\/uploads\/2024\/09\/Buy-Crystal-Meth-Online.jpg","datePublished":"2024-09-21T05:32:35+00:00","dateModified":"2026-02-14T22:23:57+00:00","description":"Explore a nossa loja online de Crystal Meth para venda, oferecendo Crystal Meth de alta qualidade. Compre Crystal Meth online de forma segura e embarque na sua viagem de pesquisa com confian\u00e7a.","breadcrumb":{"@id":"https:\/\/legitgrams.com\/product\/crystal-meth-methamphetamine\/#breadcrumb"},"inLanguage":"pt-PT","potentialAction":[{"@type":"ReadAction","target":["https:\/\/legitgrams.com\/product\/crystal-meth-methamphetamine\/"]}]},{"@type":"ImageObject","inLanguage":"pt-PT","@id":"https:\/\/legitgrams.com\/product\/crystal-meth-methamphetamine\/#primaryimage","url":"https:\/\/legitgrams.com\/wp-content\/uploads\/2024\/09\/Buy-Crystal-Meth-Online.jpg","contentUrl":"https:\/\/legitgrams.com\/wp-content\/uploads\/2024\/09\/Buy-Crystal-Meth-Online.jpg","width":600,"height":600,"caption":"Crystal Meth (Methamphetamine) for Sale"},{"@type":"BreadcrumbList","@id":"https:\/\/legitgrams.com\/product\/crystal-meth-methamphetamine\/#breadcrumb","itemListElement":[{"@type":"ListItem","position":1,"name":"Home","item":"https:\/\/legitgrams.com\/"},{"@type":"ListItem","position":2,"name":"Shop","item":"https:\/\/legitgrams.com\/shop\/"},{"@type":"ListItem","position":3,"name":"Buy Crystal Meth (Methamphetamine) Online"}]},{"@type":"WebSite","@id":"https:\/\/legitgrams.com\/#website","url":"https:\/\/legitgrams.com\/","name":"Gramas leg\u00edtimas","description":"O meu blogue WordPress","publisher":{"@id":"https:\/\/legitgrams.com\/#organization"},"potentialAction":[{"@type":"SearchAction","target":{"@type":"EntryPoint","urlTemplate":"https:\/\/legitgrams.com\/?s={search_term_string}"},"query-input":{"@type":"PropertyValueSpecification","valueRequired":true,"valueName":"search_term_string"}}],"inLanguage":"pt-PT"},{"@type":"Organization","@id":"https:\/\/legitgrams.com\/#organization","name":"Gramas leg\u00edtimas","url":"https:\/\/legitgrams.com\/","logo":{"@type":"ImageObject","inLanguage":"pt-PT","@id":"https:\/\/legitgrams.com\/#\/schema\/logo\/image\/","url":"https:\/\/legitgrams.com\/wp-content\/uploads\/2024\/09\/main-logo.png","contentUrl":"https:\/\/legitgrams.com\/wp-content\/uploads\/2024\/09\/main-logo.png","width":270,"height":75,"caption":"Legit Grams"},"image":{"@id":"https:\/\/legitgrams.com\/#\/schema\/logo\/image\/"}}]}},"uagb_featured_image_src":{"full":["https:\/\/legitgrams.com\/wp-content\/uploads\/2024\/09\/Buy-Crystal-Meth-Online.jpg",600,600,false],"thumbnail":["https:\/\/legitgrams.com\/wp-content\/uploads\/2024\/09\/Buy-Crystal-Meth-Online-150x150.jpg",150,150,true],"medium":["https:\/\/legitgrams.com\/wp-content\/uploads\/2024\/09\/Buy-Crystal-Meth-Online-300x300.jpg",300,300,true],"medium_large":["https:\/\/legitgrams.com\/wp-content\/uploads\/2024\/09\/Buy-Crystal-Meth-Online.jpg",600,600,false],"large":["https:\/\/legitgrams.com\/wp-content\/uploads\/2024\/09\/Buy-Crystal-Meth-Online.jpg",600,600,false],"1536x1536":["https:\/\/legitgrams.com\/wp-content\/uploads\/2024\/09\/Buy-Crystal-Meth-Online.jpg",600,600,false],"2048x2048":["https:\/\/legitgrams.com\/wp-content\/uploads\/2024\/09\/Buy-Crystal-Meth-Online.jpg",600,600,false],"trp-custom-language-flag":["https:\/\/legitgrams.com\/wp-content\/uploads\/2024\/09\/Buy-Crystal-Meth-Online-12x12.jpg",12,12,true],"woocommerce_thumbnail":["https:\/\/legitgrams.com\/wp-content\/uploads\/2024\/09\/Buy-Crystal-Meth-Online-300x300.jpg",300,300,true],"woocommerce_single":["https:\/\/legitgrams.com\/wp-content\/uploads\/2024\/09\/Buy-Crystal-Meth-Online.jpg",600,600,false],"woocommerce_gallery_thumbnail":["https:\/\/legitgrams.com\/wp-content\/uploads\/2024\/09\/Buy-Crystal-Meth-Online-100x100.jpg",100,100,true]},"uagb_author_info":{"display_name":"cokeblog18","author_link":"https:\/\/legitgrams.com\/pt\/author\/"},"uagb_comment_info":1,"uagb_excerpt":"For Sale: Crystal Meth (Methamphetamine) The greatest place to buy glass. Crystal meth is currently available for purchase online, and it will be delivered the next day. Nearly 100% pure crystal methamphetamine is the most recent or freshest variety. It has no smell and can be smoked through glass pipes. Research indicates that it is&hellip;","_links":{"self":[{"href":"https:\/\/legitgrams.com\/pt\/wp-json\/wp\/v2\/product\/3965","targetHints":{"allow":["GET"]}}],"collection":[{"href":"https:\/\/legitgrams.com\/pt\/wp-json\/wp\/v2\/product"}],"about":[{"href":"https:\/\/legitgrams.com\/pt\/wp-json\/wp\/v2\/types\/product"}],"replies":[{"embeddable":true,"href":"https:\/\/legitgrams.com\/pt\/wp-json\/wp\/v2\/comments?post=3965"}],"wp:featuredmedia":[{"embeddable":true,"href":"https:\/\/legitgrams.com\/pt\/wp-json\/wp\/v2\/media\/5273"}],"wp:attachment":[{"href":"https:\/\/legitgrams.com\/pt\/wp-json\/wp\/v2\/media?parent=3965"}],"wp:term":[{"taxonomy":"product_brand","embeddable":true,"href":"https:\/\/legitgrams.com\/pt\/wp-json\/wp\/v2\/product_brand?post=3965"},{"taxonomy":"product_cat","embeddable":true,"href":"https:\/\/legitgrams.com\/pt\/wp-json\/wp\/v2\/product_cat?post=3965"},{"taxonomy":"product_tag","embeddable":true,"href":"https:\/\/legitgrams.com\/pt\/wp-json\/wp\/v2\/product_tag?post=3965"}],"curies":[{"name":"wp","href":"https:\/\/api.w.org\/{rel}","templated":true}]}}