{"id":3968,"date":"2024-09-21T05:44:29","date_gmt":"2024-09-21T05:44:29","guid":{"rendered":"https:\/\/legitgrams.com\/?post_type=product&#038;p=3968"},"modified":"2025-01-14T10:56:47","modified_gmt":"2025-01-14T10:56:47","slug":"oxicodona-em-po-de-qualidade","status":"publish","type":"product","link":"https:\/\/legitgrams.com\/pt\/produto\/oxicodona-em-po-de-qualidade\/","title":{"rendered":"P\u00f3 de oxicodona de qualidade"},"content":{"rendered":"<h2>Compre p\u00f3 de oxicodona de alta qualidade online<\/h2>\n<p>Assim como a morfina, a oxicodona \u00e9 um alcaloide opioide semissint\u00e9tico que tem efeitos analg\u00e9sicos. A oxicodona imita os efeitos dos opioides end\u00f3genos e cria um efeito analg\u00e9sico ao se ligar aos receptores mu no sistema nervoso central (SNC). A gera\u00e7\u00e3o de AMPc \u00e9 interrompida quando o receptor opi\u00e1ceo \u00e9 acionado porque o complexo de prote\u00edna G converte GTP em PDB e inibe a adenilato ciclase. Al\u00e9m disso, a libera\u00e7\u00e3o de neurotransmissores nociceptivos \u00e9 inibida, incluindo subst\u00e2ncia P, \u00e1cido gama-aminobut\u00edrico (GABA), dopamina, acetilcolina e norepinefrina. <a style=\"font-size: 16px; background-color: #ffffff;\" href=\"https:\/\/legitgrams.com\/pt\/\">LegitGrams<\/a><\/p>\n<p>Al\u00e9m disso, a oxicodona impede a secre\u00e7\u00e3o de glucagon, insulina, somatostatina e vasopressina. Al\u00e9m disso, a oxicodona provoca a repara\u00e7\u00e3o interna dos canais de pot\u00e1ssio, fechando os canais de c\u00e1lcio do tipo N dependentes da voltagem e abrindo os canais de pot\u00e1ssio ligados \u00e0 prote\u00edna G. Isto provoca hiperpolariza\u00e7\u00e3o e uma redu\u00e7\u00e3o da excitabilidade neuronal. Isto provoca uma hiperpolariza\u00e7\u00e3o e uma redu\u00e7\u00e3o da excitabilidade neuronal.<\/p>\n<p>Comprar Oxycodone powder de alta qualidade online - comprar Oxycodone powder de alta qualidade, comprar Oxycodone powder de alta qualidade usa, comprar Oxycodone powder de alta qualidade <a href=\"https:\/\/en.wikipedia.org\/wiki\/Oxycodone\">Oxycodone em p\u00f3<\/a> online USA, Onde comprar Oxycodone em p\u00f3 de alta qualidade, Oxycodone em p\u00f3 de alta qualidade para venda, Oxycodone em p\u00f3 de alta qualidade para venda nas proximidades, <a href=\"https:\/\/legitgrams.com\/pt\/produto\/oxicodona-em-po-de-qualidade\/\">Comprar Oxycodone powder de alta qualidade online<\/a> perto de mim, Onde comprar Oxycodone powder de alta qualidade online, Oxycodone powder de alta qualidade para venda nos EUA, Canad\u00e1, Reino Unido, comprar, online, fornecedores, entrega segura, Ainda \u00e9 poss\u00edvel obter Oxycodone Powder de qualidade. Tamb\u00e9m pode informar-se sobre a sua legalidade nos Estados Unidos, compr\u00e1-lo online nos Estados Unidos, fazer uma encomenda de Quality Oxycodone Powder e se \u00e9 legal no Canad\u00e1.<\/p>","protected":false},"excerpt":{"rendered":"<p>Purchase High-Grade Oxycodone Powder Online Like morphine, oxycodone is a semi-synthetic opioid alkaloid that has analgesic effects. Oxycodone mimics the effects of endogenous opioids and creates an analgesic effect by binding to mu receptors in the central nervous system (CNS). The generation of cAMP is halted when the opiate receptor is engaged because the G-protein &hellip;<\/p>\n<p class=\"read-more\"> <a class=\"\" href=\"https:\/\/legitgrams.com\/pt\/produto\/oxicodona-em-po-de-qualidade\/\"> <span class=\"screen-reader-text\">P\u00f3 de oxicodona de qualidade<\/span> Ler mais \"<\/a><\/p>","protected":false},"featured_media":5311,"comment_status":"open","ping_status":"closed","template":"","meta":{"_uag_custom_page_level_css":"","site-sidebar-layout":"default","site-content-layout":"default","ast-global-header-display":"","ast-main-header-display":"","ast-hfb-above-header-display":"","ast-hfb-below-header-display":"","ast-hfb-mobile-header-display":"","site-post-title":"","ast-breadcrumbs-content":"","ast-featured-img":"","footer-sml-layout":"","theme-transparent-header-meta":"default","adv-header-id-meta":"","stick-header-meta":"default","header-above-stick-meta":"","header-main-stick-meta":"","header-below-stick-meta":"","_joinchat":[]},"product_brand":[],"product_cat":[600],"product_tag":[3360,3350,617,3342,3357,3354,3349,3347,3359,3341,3344,3352,3343,3353,3345,3355,3362,3363,3361,3358,3356,625,3348,3351,3346],"class_list":{"0":"post-3968","1":"product","2":"type-product","3":"status-publish","4":"has-post-thumbnail","6":"product_cat-research-chemicals-and-bath-salt","7":"product_tag-best-cheap-price-quality-oxycodone-powder","8":"product_tag-best-place-to-buy-quality-oxycodone-powder","9":"product_tag-bulk-online","10":"product_tag-buy-quality-oxycodone-powder","11":"product_tag-cheap-quality-oxycodone-powder","12":"product_tag-high-quality-quality-oxycodone-powder","13":"product_tag-how-to-buy-quality-oxycodone-powder","14":"product_tag-order-quality-oxycodone-powder","15":"product_tag-purcharse-quality-oxycodone-powder","16":"product_tag-quality-oxycodone-powder","17":"product_tag-quality-oxycodone-powder-for-sale","18":"product_tag-quality-oxycodone-powder-legally","19":"product_tag-quality-oxycodone-powder-online","20":"product_tag-quality-oxycodone-powder-price","21":"product_tag-quality-oxycodone-powder-quality-oxycodone-powder-supplier","22":"product_tag-quality-oxycodone-powder-store","23":"product_tag-quality-oxycodone-powder-use","24":"product_tag-quality-oxycodone-powder-wiki","25":"product_tag-quality-oxycodone-powder-worldwide","26":"product_tag-quality-oxycodone-powders","27":"product_tag-shop-quality-oxycodone-powder","28":"product_tag-top-quality","29":"product_tag-where-to-buy-quality-oxycodone-powder","30":"product_tag-where-to-order-quality-oxycodone-powder","31":"product_tag-wholesale-quality-oxycodone-powder","32":"desktop-align-left","33":"tablet-align-left","34":"mobile-align-left","35":"ast-product-gallery-layout-horizontal","36":"ast-product-gallery-with-no-image","37":"ast-product-single-variable","38":"ast-product-tabs-layout-horizontal","39":"ast-qv-on-image","41":"first","42":"instock","43":"shipping-taxable","44":"purchasable","45":"product-type-variable"},"yoast_head":"<!-- This site is optimized with the Yoast SEO plugin v25.9 - https:\/\/yoast.com\/wordpress\/plugins\/seo\/ -->\n<title>Quality Oxycodone powder for Sale - Buy Oxycodone Online<\/title>\n<meta name=\"description\" content=\"Looking for a reliable source to buy quality oxycodone powder online? Your search ends here. Order oxycodone online from our trusted store. Order Now\" \/>\n<meta name=\"robots\" content=\"index, follow, max-snippet:-1, max-image-preview:large, max-video-preview:-1\" \/>\n<link rel=\"canonical\" href=\"https:\/\/legitgrams.com\/pt\/produto\/oxicodona-em-po-de-qualidade\/\" \/>\n<meta property=\"og:locale\" content=\"pt_PT\" \/>\n<meta property=\"og:type\" content=\"article\" \/>\n<meta property=\"og:title\" content=\"Quality Oxycodone powder for Sale - Buy Oxycodone Online\" \/>\n<meta property=\"og:description\" content=\"Looking for a reliable source to buy quality oxycodone powder online? Your search ends here. Order oxycodone online from our trusted store. Order Now\" \/>\n<meta property=\"og:url\" content=\"https:\/\/legitgrams.com\/pt\/produto\/oxicodona-em-po-de-qualidade\/\" \/>\n<meta property=\"og:site_name\" content=\"Legit Grams\" \/>\n<meta property=\"article:modified_time\" content=\"2025-01-14T10:56:47+00:00\" \/>\n<meta property=\"og:image\" content=\"https:\/\/legitgrams.com\/wp-content\/uploads\/2024\/09\/buy-quality-oxycodone-powder-online.jpg\" \/>\n\t<meta property=\"og:image:width\" content=\"600\" \/>\n\t<meta property=\"og:image:height\" content=\"600\" \/>\n\t<meta property=\"og:image:type\" content=\"image\/jpeg\" \/>\n<meta name=\"twitter:card\" content=\"summary_large_image\" \/>\n<meta name=\"twitter:label1\" content=\"Tempo estimado de leitura\" \/>\n\t<meta name=\"twitter:data1\" content=\"2 minutos\" \/>\n<script type=\"application\/ld+json\" class=\"yoast-schema-graph\">{\"@context\":\"https:\/\/schema.org\",\"@graph\":[{\"@type\":\"WebPage\",\"@id\":\"https:\/\/legitgrams.com\/product\/quality-oxycodone-powder\/\",\"url\":\"https:\/\/legitgrams.com\/product\/quality-oxycodone-powder\/\",\"name\":\"Quality Oxycodone powder for Sale - Buy Oxycodone Online\",\"isPartOf\":{\"@id\":\"https:\/\/legitgrams.com\/#website\"},\"primaryImageOfPage\":{\"@id\":\"https:\/\/legitgrams.com\/product\/quality-oxycodone-powder\/#primaryimage\"},\"image\":{\"@id\":\"https:\/\/legitgrams.com\/product\/quality-oxycodone-powder\/#primaryimage\"},\"thumbnailUrl\":\"https:\/\/legitgrams.com\/wp-content\/uploads\/2024\/09\/buy-quality-oxycodone-powder-online.jpg\",\"datePublished\":\"2024-09-21T05:44:29+00:00\",\"dateModified\":\"2025-01-14T10:56:47+00:00\",\"description\":\"Looking for a reliable source to buy quality oxycodone powder online? Your search ends here. Order oxycodone online from our trusted store. Order Now\",\"breadcrumb\":{\"@id\":\"https:\/\/legitgrams.com\/product\/quality-oxycodone-powder\/#breadcrumb\"},\"inLanguage\":\"pt-PT\",\"potentialAction\":[{\"@type\":\"ReadAction\",\"target\":[\"https:\/\/legitgrams.com\/product\/quality-oxycodone-powder\/\"]}]},{\"@type\":\"ImageObject\",\"inLanguage\":\"pt-PT\",\"@id\":\"https:\/\/legitgrams.com\/product\/quality-oxycodone-powder\/#primaryimage\",\"url\":\"https:\/\/legitgrams.com\/wp-content\/uploads\/2024\/09\/buy-quality-oxycodone-powder-online.jpg\",\"contentUrl\":\"https:\/\/legitgrams.com\/wp-content\/uploads\/2024\/09\/buy-quality-oxycodone-powder-online.jpg\",\"width\":600,\"height\":600,\"caption\":\"Quality Oxycodone powder for Sale\"},{\"@type\":\"BreadcrumbList\",\"@id\":\"https:\/\/legitgrams.com\/product\/quality-oxycodone-powder\/#breadcrumb\",\"itemListElement\":[{\"@type\":\"ListItem\",\"position\":1,\"name\":\"Home\",\"item\":\"https:\/\/legitgrams.com\/\"},{\"@type\":\"ListItem\",\"position\":2,\"name\":\"Shop\",\"item\":\"https:\/\/legitgrams.com\/shop\/\"},{\"@type\":\"ListItem\",\"position\":3,\"name\":\"Quality Oxycodone powder\"}]},{\"@type\":\"WebSite\",\"@id\":\"https:\/\/legitgrams.com\/#website\",\"url\":\"https:\/\/legitgrams.com\/\",\"name\":\"Legit Grams\",\"description\":\"My WordPress Blog\",\"publisher\":{\"@id\":\"https:\/\/legitgrams.com\/#organization\"},\"potentialAction\":[{\"@type\":\"SearchAction\",\"target\":{\"@type\":\"EntryPoint\",\"urlTemplate\":\"https:\/\/legitgrams.com\/?s={search_term_string}\"},\"query-input\":{\"@type\":\"PropertyValueSpecification\",\"valueRequired\":true,\"valueName\":\"search_term_string\"}}],\"inLanguage\":\"pt-PT\"},{\"@type\":\"Organization\",\"@id\":\"https:\/\/legitgrams.com\/#organization\",\"name\":\"Legit Grams\",\"url\":\"https:\/\/legitgrams.com\/\",\"logo\":{\"@type\":\"ImageObject\",\"inLanguage\":\"pt-PT\",\"@id\":\"https:\/\/legitgrams.com\/#\/schema\/logo\/image\/\",\"url\":\"https:\/\/legitgrams.com\/wp-content\/uploads\/2024\/09\/main-logo.png\",\"contentUrl\":\"https:\/\/legitgrams.com\/wp-content\/uploads\/2024\/09\/main-logo.png\",\"width\":270,\"height\":75,\"caption\":\"Legit Grams\"},\"image\":{\"@id\":\"https:\/\/legitgrams.com\/#\/schema\/logo\/image\/\"}}]}<\/script>\n<!-- \/ Yoast SEO plugin. -->","yoast_head_json":{"title":"P\u00f3 de Oxicodona de Qualidade para Venda - Compre Oxicodona Online","description":"Procura uma fonte fi\u00e1vel para comprar oxicodona em p\u00f3 de qualidade online? A sua pesquisa termina aqui. Encomende oxycodone online na nossa loja de confian\u00e7a. Encomendar agora","robots":{"index":"index","follow":"follow","max-snippet":"max-snippet:-1","max-image-preview":"max-image-preview:large","max-video-preview":"max-video-preview:-1"},"canonical":"https:\/\/legitgrams.com\/pt\/produto\/oxicodona-em-po-de-qualidade\/","og_locale":"pt_PT","og_type":"article","og_title":"Quality Oxycodone powder for Sale - Buy Oxycodone Online","og_description":"Looking for a reliable source to buy quality oxycodone powder online? Your search ends here. Order oxycodone online from our trusted store. Order Now","og_url":"https:\/\/legitgrams.com\/pt\/produto\/oxicodona-em-po-de-qualidade\/","og_site_name":"Legit Grams","article_modified_time":"2025-01-14T10:56:47+00:00","og_image":[{"width":600,"height":600,"url":"https:\/\/legitgrams.com\/wp-content\/uploads\/2024\/09\/buy-quality-oxycodone-powder-online.jpg","type":"image\/jpeg"}],"twitter_card":"summary_large_image","twitter_misc":{"Tempo estimado de leitura":"2 minutos"},"schema":{"@context":"https:\/\/schema.org","@graph":[{"@type":"WebPage","@id":"https:\/\/legitgrams.com\/product\/quality-oxycodone-powder\/","url":"https:\/\/legitgrams.com\/product\/quality-oxycodone-powder\/","name":"P\u00f3 de Oxicodona de Qualidade para Venda - Compre Oxicodona Online","isPartOf":{"@id":"https:\/\/legitgrams.com\/#website"},"primaryImageOfPage":{"@id":"https:\/\/legitgrams.com\/product\/quality-oxycodone-powder\/#primaryimage"},"image":{"@id":"https:\/\/legitgrams.com\/product\/quality-oxycodone-powder\/#primaryimage"},"thumbnailUrl":"https:\/\/legitgrams.com\/wp-content\/uploads\/2024\/09\/buy-quality-oxycodone-powder-online.jpg","datePublished":"2024-09-21T05:44:29+00:00","dateModified":"2025-01-14T10:56:47+00:00","description":"Procura uma fonte fi\u00e1vel para comprar oxicodona em p\u00f3 de qualidade online? A sua pesquisa termina aqui. Encomende oxycodone online na nossa loja de confian\u00e7a. Encomendar agora","breadcrumb":{"@id":"https:\/\/legitgrams.com\/product\/quality-oxycodone-powder\/#breadcrumb"},"inLanguage":"pt-PT","potentialAction":[{"@type":"ReadAction","target":["https:\/\/legitgrams.com\/product\/quality-oxycodone-powder\/"]}]},{"@type":"ImageObject","inLanguage":"pt-PT","@id":"https:\/\/legitgrams.com\/product\/quality-oxycodone-powder\/#primaryimage","url":"https:\/\/legitgrams.com\/wp-content\/uploads\/2024\/09\/buy-quality-oxycodone-powder-online.jpg","contentUrl":"https:\/\/legitgrams.com\/wp-content\/uploads\/2024\/09\/buy-quality-oxycodone-powder-online.jpg","width":600,"height":600,"caption":"Quality Oxycodone powder for Sale"},{"@type":"BreadcrumbList","@id":"https:\/\/legitgrams.com\/product\/quality-oxycodone-powder\/#breadcrumb","itemListElement":[{"@type":"ListItem","position":1,"name":"Home","item":"https:\/\/legitgrams.com\/"},{"@type":"ListItem","position":2,"name":"Shop","item":"https:\/\/legitgrams.com\/shop\/"},{"@type":"ListItem","position":3,"name":"Quality Oxycodone powder"}]},{"@type":"WebSite","@id":"https:\/\/legitgrams.com\/#website","url":"https:\/\/legitgrams.com\/","name":"Gramas leg\u00edtimas","description":"O meu blogue WordPress","publisher":{"@id":"https:\/\/legitgrams.com\/#organization"},"potentialAction":[{"@type":"SearchAction","target":{"@type":"EntryPoint","urlTemplate":"https:\/\/legitgrams.com\/?s={search_term_string}"},"query-input":{"@type":"PropertyValueSpecification","valueRequired":true,"valueName":"search_term_string"}}],"inLanguage":"pt-PT"},{"@type":"Organization","@id":"https:\/\/legitgrams.com\/#organization","name":"Gramas leg\u00edtimas","url":"https:\/\/legitgrams.com\/","logo":{"@type":"ImageObject","inLanguage":"pt-PT","@id":"https:\/\/legitgrams.com\/#\/schema\/logo\/image\/","url":"https:\/\/legitgrams.com\/wp-content\/uploads\/2024\/09\/main-logo.png","contentUrl":"https:\/\/legitgrams.com\/wp-content\/uploads\/2024\/09\/main-logo.png","width":270,"height":75,"caption":"Legit Grams"},"image":{"@id":"https:\/\/legitgrams.com\/#\/schema\/logo\/image\/"}}]}},"uagb_featured_image_src":{"full":["https:\/\/legitgrams.com\/wp-content\/uploads\/2024\/09\/buy-quality-oxycodone-powder-online.jpg",600,600,false],"thumbnail":["https:\/\/legitgrams.com\/wp-content\/uploads\/2024\/09\/buy-quality-oxycodone-powder-online-150x150.jpg",150,150,true],"medium":["https:\/\/legitgrams.com\/wp-content\/uploads\/2024\/09\/buy-quality-oxycodone-powder-online-300x300.jpg",300,300,true],"medium_large":["https:\/\/legitgrams.com\/wp-content\/uploads\/2024\/09\/buy-quality-oxycodone-powder-online.jpg",600,600,false],"large":["https:\/\/legitgrams.com\/wp-content\/uploads\/2024\/09\/buy-quality-oxycodone-powder-online.jpg",600,600,false],"1536x1536":["https:\/\/legitgrams.com\/wp-content\/uploads\/2024\/09\/buy-quality-oxycodone-powder-online.jpg",600,600,false],"2048x2048":["https:\/\/legitgrams.com\/wp-content\/uploads\/2024\/09\/buy-quality-oxycodone-powder-online.jpg",600,600,false],"trp-custom-language-flag":["https:\/\/legitgrams.com\/wp-content\/uploads\/2024\/09\/buy-quality-oxycodone-powder-online-12x12.jpg",12,12,true],"woocommerce_thumbnail":["https:\/\/legitgrams.com\/wp-content\/uploads\/2024\/09\/buy-quality-oxycodone-powder-online-300x300.jpg",300,300,true],"woocommerce_single":["https:\/\/legitgrams.com\/wp-content\/uploads\/2024\/09\/buy-quality-oxycodone-powder-online.jpg",600,600,false],"woocommerce_gallery_thumbnail":["https:\/\/legitgrams.com\/wp-content\/uploads\/2024\/09\/buy-quality-oxycodone-powder-online-100x100.jpg",100,100,true]},"uagb_author_info":{"display_name":"cokeblog18","author_link":"https:\/\/legitgrams.com\/pt\/author\/"},"uagb_comment_info":0,"uagb_excerpt":"Purchase High-Grade Oxycodone Powder Online Like morphine, oxycodone is a semi-synthetic opioid alkaloid that has analgesic effects. Oxycodone mimics the effects of endogenous opioids and creates an analgesic effect by binding to mu receptors in the central nervous system (CNS). The generation of cAMP is halted when the opiate receptor is engaged because the G-protein&hellip;","_links":{"self":[{"href":"https:\/\/legitgrams.com\/pt\/wp-json\/wp\/v2\/product\/3968","targetHints":{"allow":["GET"]}}],"collection":[{"href":"https:\/\/legitgrams.com\/pt\/wp-json\/wp\/v2\/product"}],"about":[{"href":"https:\/\/legitgrams.com\/pt\/wp-json\/wp\/v2\/types\/product"}],"replies":[{"embeddable":true,"href":"https:\/\/legitgrams.com\/pt\/wp-json\/wp\/v2\/comments?post=3968"}],"wp:featuredmedia":[{"embeddable":true,"href":"https:\/\/legitgrams.com\/pt\/wp-json\/wp\/v2\/media\/5311"}],"wp:attachment":[{"href":"https:\/\/legitgrams.com\/pt\/wp-json\/wp\/v2\/media?parent=3968"}],"wp:term":[{"taxonomy":"product_brand","embeddable":true,"href":"https:\/\/legitgrams.com\/pt\/wp-json\/wp\/v2\/product_brand?post=3968"},{"taxonomy":"product_cat","embeddable":true,"href":"https:\/\/legitgrams.com\/pt\/wp-json\/wp\/v2\/product_cat?post=3968"},{"taxonomy":"product_tag","embeddable":true,"href":"https:\/\/legitgrams.com\/pt\/wp-json\/wp\/v2\/product_tag?post=3968"}],"curies":[{"name":"wp","href":"https:\/\/api.w.org\/{rel}","templated":true}]}}