{"id":3969,"date":"2024-09-21T05:55:08","date_gmt":"2024-09-21T05:55:08","guid":{"rendered":"https:\/\/legitgrams.com\/?post_type=product&#038;p=3969"},"modified":"2025-01-14T04:15:40","modified_gmt":"2025-01-14T04:15:40","slug":"injeccoes-de-fentanil","status":"publish","type":"product","link":"https:\/\/legitgrams.com\/pt\/produto\/injeccoes-de-fentanil\/","title":{"rendered":"injec\u00e7\u00f5es de fentanil"},"content":{"rendered":"<h2>Inje\u00e7\u00f5es de fentanil para venda<\/h2>\n<p><a href=\"https:\/\/legitgrams.com\/pt\/produto\/injeccoes-de-fentanil\/\">Injec\u00e7\u00f5es de fentanil<\/a> s\u00e3o usados \u200b\u200bpara aliviar dores severas durante e ap\u00f3s cirurgias. Antes ou durante cirurgias, tamb\u00e9m \u00e9 usado em combina\u00e7\u00e3o com outros medicamentos para aumentar a efic\u00e1cia do anest\u00e9sico, ou al\u00edvio da dor.<\/p>\n<p>Fentanil pertence ao grupo de medicamentos chamados analg\u00e9sicos narc\u00f3ticos, ou analg\u00e9sicos. Seus efeitos no c\u00e9rebro ou no sistema nervoso central (SNC) resultam em al\u00edvio da dor. Alguns efeitos negativos, como sonol\u00eancia ou vertigem, tamb\u00e9m s\u00e3o causados \u200b\u200bpor a\u00e7\u00f5es no sistema nervoso central. <a href=\"https:\/\/legitgrams.com\/pt\/\">LegitGrams<\/a><\/p>\n<p>Compras on-line de injet\u00e1veis, fentanil e injet\u00e1veis \u200b\u200best\u00e3o prontamente dispon\u00edveis. Inje\u00e7\u00f5es de fentanil est\u00e3o dispon\u00edveis para compra on-line, de fornecedores, com entrega segura, nos Estados Unidos, Canad\u00e1 e Reino Unido. Onde comprar inje\u00e7\u00f5es de fentanil on-line<\/p>\n<p>Inje\u00e7\u00f5es de fentanil ainda est\u00e3o acess\u00edveis. Nos EUA, \u00e9 legal receber inje\u00e7\u00f5es de fentanil online? Qual \u00e9 o processo para pedir inje\u00e7\u00f5es de fentanil?<\/p>\n<p>Compras on-line de injet\u00e1veis, <a href=\"https:\/\/en.wikipedia.org\/wiki\/Fentanyl\">fentanil<\/a>, e injet\u00e1veis \u200b\u200best\u00e3o todos prontamente dispon\u00edveis. Inje\u00e7\u00f5es de fentanil est\u00e3o dispon\u00edveis para compra on-line, de fornecedores, com entrega segura, nos Estados Unidos, Canad\u00e1 e Reino Unido. Onde comprar inje\u00e7\u00f5es de fentanil on-line As inje\u00e7\u00f5es de fentanil ainda est\u00e3o acess\u00edveis. Nos EUA, \u00e9 legal receber inje\u00e7\u00f5es de fentanil on-line? Qual \u00e9 o processo para solicitar inje\u00e7\u00f5es de fentanil? Injetar fentanil \u00e9 legal no Canad\u00e1?<\/p>","protected":false},"excerpt":{"rendered":"<p>Injections of fentanyl for sale Fentanyl injections are used to relieve severe pain during and after surgery. Before or during surgery, it is also used in combination with other medications to increase the effectiveness of anesthetic, or pain relief. Fentanyl belongs to the group of drugs called narcotic analgesics, or painkillers. Its effects on the &hellip;<\/p>\n<p class=\"read-more\"> <a class=\"\" href=\"https:\/\/legitgrams.com\/pt\/produto\/injeccoes-de-fentanil\/\"> <span class=\"screen-reader-text\">injec\u00e7\u00f5es de fentanil<\/span> Ler mais \"<\/a><\/p>","protected":false},"featured_media":5275,"comment_status":"open","ping_status":"closed","template":"","meta":{"_uag_custom_page_level_css":"","site-sidebar-layout":"default","site-content-layout":"default","ast-global-header-display":"","ast-main-header-display":"","ast-hfb-above-header-display":"","ast-hfb-below-header-display":"","ast-hfb-mobile-header-display":"","site-post-title":"","ast-breadcrumbs-content":"","ast-featured-img":"","footer-sml-layout":"","theme-transparent-header-meta":"default","adv-header-id-meta":"","stick-header-meta":"default","header-above-stick-meta":"","header-main-stick-meta":"","header-below-stick-meta":"","_joinchat":[]},"product_brand":[],"product_cat":[600],"product_tag":[3337,3327,617,3319,3334,3318,3322,3321,3329,3320,3330,3332,3339,3340,3338,3335,3331,3326,3324,3336,3333,625,3325,3328,3323],"class_list":{"0":"post-3969","1":"product","2":"type-product","3":"status-publish","4":"has-post-thumbnail","6":"product_cat-research-chemicals-and-bath-salt","7":"product_tag-best-cheap-price-fentanyl-injections","8":"product_tag-best-place-to-buy-fentanyl-injections","9":"product_tag-bulk-online","10":"product_tag-buy-fentanyl-injections","11":"product_tag-cheap-fentanyl-injections","12":"product_tag-fentanyl-injections","13":"product_tag-fentanyl-injections-fentanyl-injections-supplier","14":"product_tag-fentanyl-injections-for-sale","15":"product_tag-fentanyl-injections-legally","16":"product_tag-fentanyl-injections-online","17":"product_tag-fentanyl-injections-price","18":"product_tag-fentanyl-injections-store","19":"product_tag-fentanyl-injections-use","20":"product_tag-fentanyl-injections-wiki","21":"product_tag-fentanyl-injections-worldwide","22":"product_tag-fentanyl-injectionss","23":"product_tag-high-quality-fentanyl-injections","24":"product_tag-how-to-buy-fentanyl-injections","25":"product_tag-order-fentanyl-injections","26":"product_tag-purcharse-fentanyl-injections","27":"product_tag-shop-fentanyl-injections","28":"product_tag-top-quality","29":"product_tag-where-to-buy-fentanyl-injections","30":"product_tag-where-to-order-fentanyl-injections","31":"product_tag-wholesale-fentanyl-injections","32":"desktop-align-left","33":"tablet-align-left","34":"mobile-align-left","35":"ast-product-gallery-layout-horizontal","36":"ast-product-gallery-with-no-image","37":"ast-product-single-variable","38":"ast-product-tabs-layout-horizontal","39":"ast-qv-on-image","41":"first","42":"instock","43":"shipping-taxable","44":"purchasable","45":"product-type-variable"},"yoast_head":"<!-- This site is optimized with the Yoast SEO plugin v25.9 - https:\/\/yoast.com\/wordpress\/plugins\/seo\/ -->\n<title>Fentanyl Injections for Sale - Order Fentanyl Injections Online<\/title>\n<meta name=\"description\" content=\"Looking to Buy Fentanyl Injections Online? Discover a seamless platform at our online store where you can buy Fentanyl Injections, ensuring top-grade quality for your research needs.\" \/>\n<meta name=\"robots\" content=\"index, follow, max-snippet:-1, max-image-preview:large, max-video-preview:-1\" \/>\n<link rel=\"canonical\" href=\"https:\/\/legitgrams.com\/pt\/produto\/injeccoes-de-fentanil\/\" \/>\n<meta property=\"og:locale\" content=\"pt_PT\" \/>\n<meta property=\"og:type\" content=\"article\" \/>\n<meta property=\"og:title\" content=\"Fentanyl Injections for Sale - Order Fentanyl Injections Online\" \/>\n<meta property=\"og:description\" content=\"Looking to Buy Fentanyl Injections Online? Discover a seamless platform at our online store where you can buy Fentanyl Injections, ensuring top-grade quality for your research needs.\" \/>\n<meta property=\"og:url\" content=\"https:\/\/legitgrams.com\/pt\/produto\/injeccoes-de-fentanil\/\" \/>\n<meta property=\"og:site_name\" content=\"Legit Grams\" \/>\n<meta property=\"article:modified_time\" content=\"2025-01-14T04:15:40+00:00\" \/>\n<meta property=\"og:image\" content=\"https:\/\/legitgrams.com\/wp-content\/uploads\/2024\/09\/buy-fentanyl-injections-online.jpg\" \/>\n\t<meta property=\"og:image:width\" content=\"600\" \/>\n\t<meta property=\"og:image:height\" content=\"600\" \/>\n\t<meta property=\"og:image:type\" content=\"image\/jpeg\" \/>\n<meta name=\"twitter:card\" content=\"summary_large_image\" \/>\n<meta name=\"twitter:label1\" content=\"Tempo estimado de leitura\" \/>\n\t<meta name=\"twitter:data1\" content=\"2 minutos\" \/>\n<script type=\"application\/ld+json\" class=\"yoast-schema-graph\">{\"@context\":\"https:\/\/schema.org\",\"@graph\":[{\"@type\":\"WebPage\",\"@id\":\"https:\/\/legitgrams.com\/product\/fentanyl-injections\/\",\"url\":\"https:\/\/legitgrams.com\/product\/fentanyl-injections\/\",\"name\":\"Fentanyl Injections for Sale - Order Fentanyl Injections Online\",\"isPartOf\":{\"@id\":\"https:\/\/legitgrams.com\/#website\"},\"primaryImageOfPage\":{\"@id\":\"https:\/\/legitgrams.com\/product\/fentanyl-injections\/#primaryimage\"},\"image\":{\"@id\":\"https:\/\/legitgrams.com\/product\/fentanyl-injections\/#primaryimage\"},\"thumbnailUrl\":\"https:\/\/legitgrams.com\/wp-content\/uploads\/2024\/09\/buy-fentanyl-injections-online.jpg\",\"datePublished\":\"2024-09-21T05:55:08+00:00\",\"dateModified\":\"2025-01-14T04:15:40+00:00\",\"description\":\"Looking to Buy Fentanyl Injections Online? Discover a seamless platform at our online store where you can buy Fentanyl Injections, ensuring top-grade quality for your research needs.\",\"breadcrumb\":{\"@id\":\"https:\/\/legitgrams.com\/product\/fentanyl-injections\/#breadcrumb\"},\"inLanguage\":\"pt-PT\",\"potentialAction\":[{\"@type\":\"ReadAction\",\"target\":[\"https:\/\/legitgrams.com\/product\/fentanyl-injections\/\"]}]},{\"@type\":\"ImageObject\",\"inLanguage\":\"pt-PT\",\"@id\":\"https:\/\/legitgrams.com\/product\/fentanyl-injections\/#primaryimage\",\"url\":\"https:\/\/legitgrams.com\/wp-content\/uploads\/2024\/09\/buy-fentanyl-injections-online.jpg\",\"contentUrl\":\"https:\/\/legitgrams.com\/wp-content\/uploads\/2024\/09\/buy-fentanyl-injections-online.jpg\",\"width\":600,\"height\":600,\"caption\":\"Fentanyl injections for sale\"},{\"@type\":\"BreadcrumbList\",\"@id\":\"https:\/\/legitgrams.com\/product\/fentanyl-injections\/#breadcrumb\",\"itemListElement\":[{\"@type\":\"ListItem\",\"position\":1,\"name\":\"Home\",\"item\":\"https:\/\/legitgrams.com\/\"},{\"@type\":\"ListItem\",\"position\":2,\"name\":\"Shop\",\"item\":\"https:\/\/legitgrams.com\/shop\/\"},{\"@type\":\"ListItem\",\"position\":3,\"name\":\"fentanyl injections\"}]},{\"@type\":\"WebSite\",\"@id\":\"https:\/\/legitgrams.com\/#website\",\"url\":\"https:\/\/legitgrams.com\/\",\"name\":\"Legit Grams\",\"description\":\"My WordPress Blog\",\"publisher\":{\"@id\":\"https:\/\/legitgrams.com\/#organization\"},\"potentialAction\":[{\"@type\":\"SearchAction\",\"target\":{\"@type\":\"EntryPoint\",\"urlTemplate\":\"https:\/\/legitgrams.com\/?s={search_term_string}\"},\"query-input\":{\"@type\":\"PropertyValueSpecification\",\"valueRequired\":true,\"valueName\":\"search_term_string\"}}],\"inLanguage\":\"pt-PT\"},{\"@type\":\"Organization\",\"@id\":\"https:\/\/legitgrams.com\/#organization\",\"name\":\"Legit Grams\",\"url\":\"https:\/\/legitgrams.com\/\",\"logo\":{\"@type\":\"ImageObject\",\"inLanguage\":\"pt-PT\",\"@id\":\"https:\/\/legitgrams.com\/#\/schema\/logo\/image\/\",\"url\":\"https:\/\/legitgrams.com\/wp-content\/uploads\/2024\/09\/main-logo.png\",\"contentUrl\":\"https:\/\/legitgrams.com\/wp-content\/uploads\/2024\/09\/main-logo.png\",\"width\":270,\"height\":75,\"caption\":\"Legit Grams\"},\"image\":{\"@id\":\"https:\/\/legitgrams.com\/#\/schema\/logo\/image\/\"}}]}<\/script>\n<!-- \/ Yoast SEO plugin. -->","yoast_head_json":{"title":"Injec\u00e7\u00f5es de Fentanyl para venda - Encomendar Injec\u00e7\u00f5es de Fentanyl online","description":"Pretende comprar Injec\u00e7\u00f5es de Fentanil online? Descubra uma plataforma integrada na nossa loja online onde pode comprar Fentanyl Injections, garantindo uma qualidade superior para as suas necessidades de investiga\u00e7\u00e3o.","robots":{"index":"index","follow":"follow","max-snippet":"max-snippet:-1","max-image-preview":"max-image-preview:large","max-video-preview":"max-video-preview:-1"},"canonical":"https:\/\/legitgrams.com\/pt\/produto\/injeccoes-de-fentanil\/","og_locale":"pt_PT","og_type":"article","og_title":"Fentanyl Injections for Sale - Order Fentanyl Injections Online","og_description":"Looking to Buy Fentanyl Injections Online? Discover a seamless platform at our online store where you can buy Fentanyl Injections, ensuring top-grade quality for your research needs.","og_url":"https:\/\/legitgrams.com\/pt\/produto\/injeccoes-de-fentanil\/","og_site_name":"Legit Grams","article_modified_time":"2025-01-14T04:15:40+00:00","og_image":[{"width":600,"height":600,"url":"https:\/\/legitgrams.com\/wp-content\/uploads\/2024\/09\/buy-fentanyl-injections-online.jpg","type":"image\/jpeg"}],"twitter_card":"summary_large_image","twitter_misc":{"Tempo estimado de leitura":"2 minutos"},"schema":{"@context":"https:\/\/schema.org","@graph":[{"@type":"WebPage","@id":"https:\/\/legitgrams.com\/product\/fentanyl-injections\/","url":"https:\/\/legitgrams.com\/product\/fentanyl-injections\/","name":"Injec\u00e7\u00f5es de Fentanyl para venda - Encomendar Injec\u00e7\u00f5es de Fentanyl online","isPartOf":{"@id":"https:\/\/legitgrams.com\/#website"},"primaryImageOfPage":{"@id":"https:\/\/legitgrams.com\/product\/fentanyl-injections\/#primaryimage"},"image":{"@id":"https:\/\/legitgrams.com\/product\/fentanyl-injections\/#primaryimage"},"thumbnailUrl":"https:\/\/legitgrams.com\/wp-content\/uploads\/2024\/09\/buy-fentanyl-injections-online.jpg","datePublished":"2024-09-21T05:55:08+00:00","dateModified":"2025-01-14T04:15:40+00:00","description":"Pretende comprar Injec\u00e7\u00f5es de Fentanil online? Descubra uma plataforma integrada na nossa loja online onde pode comprar Fentanyl Injections, garantindo uma qualidade superior para as suas necessidades de investiga\u00e7\u00e3o.","breadcrumb":{"@id":"https:\/\/legitgrams.com\/product\/fentanyl-injections\/#breadcrumb"},"inLanguage":"pt-PT","potentialAction":[{"@type":"ReadAction","target":["https:\/\/legitgrams.com\/product\/fentanyl-injections\/"]}]},{"@type":"ImageObject","inLanguage":"pt-PT","@id":"https:\/\/legitgrams.com\/product\/fentanyl-injections\/#primaryimage","url":"https:\/\/legitgrams.com\/wp-content\/uploads\/2024\/09\/buy-fentanyl-injections-online.jpg","contentUrl":"https:\/\/legitgrams.com\/wp-content\/uploads\/2024\/09\/buy-fentanyl-injections-online.jpg","width":600,"height":600,"caption":"Fentanyl injections for sale"},{"@type":"BreadcrumbList","@id":"https:\/\/legitgrams.com\/product\/fentanyl-injections\/#breadcrumb","itemListElement":[{"@type":"ListItem","position":1,"name":"Home","item":"https:\/\/legitgrams.com\/"},{"@type":"ListItem","position":2,"name":"Shop","item":"https:\/\/legitgrams.com\/shop\/"},{"@type":"ListItem","position":3,"name":"fentanyl injections"}]},{"@type":"WebSite","@id":"https:\/\/legitgrams.com\/#website","url":"https:\/\/legitgrams.com\/","name":"Gramas leg\u00edtimas","description":"O meu blogue WordPress","publisher":{"@id":"https:\/\/legitgrams.com\/#organization"},"potentialAction":[{"@type":"SearchAction","target":{"@type":"EntryPoint","urlTemplate":"https:\/\/legitgrams.com\/?s={search_term_string}"},"query-input":{"@type":"PropertyValueSpecification","valueRequired":true,"valueName":"search_term_string"}}],"inLanguage":"pt-PT"},{"@type":"Organization","@id":"https:\/\/legitgrams.com\/#organization","name":"Gramas leg\u00edtimas","url":"https:\/\/legitgrams.com\/","logo":{"@type":"ImageObject","inLanguage":"pt-PT","@id":"https:\/\/legitgrams.com\/#\/schema\/logo\/image\/","url":"https:\/\/legitgrams.com\/wp-content\/uploads\/2024\/09\/main-logo.png","contentUrl":"https:\/\/legitgrams.com\/wp-content\/uploads\/2024\/09\/main-logo.png","width":270,"height":75,"caption":"Legit Grams"},"image":{"@id":"https:\/\/legitgrams.com\/#\/schema\/logo\/image\/"}}]}},"uagb_featured_image_src":{"full":["https:\/\/legitgrams.com\/wp-content\/uploads\/2024\/09\/buy-fentanyl-injections-online.jpg",600,600,false],"thumbnail":["https:\/\/legitgrams.com\/wp-content\/uploads\/2024\/09\/buy-fentanyl-injections-online-150x150.jpg",150,150,true],"medium":["https:\/\/legitgrams.com\/wp-content\/uploads\/2024\/09\/buy-fentanyl-injections-online-300x300.jpg",300,300,true],"medium_large":["https:\/\/legitgrams.com\/wp-content\/uploads\/2024\/09\/buy-fentanyl-injections-online.jpg",600,600,false],"large":["https:\/\/legitgrams.com\/wp-content\/uploads\/2024\/09\/buy-fentanyl-injections-online.jpg",600,600,false],"1536x1536":["https:\/\/legitgrams.com\/wp-content\/uploads\/2024\/09\/buy-fentanyl-injections-online.jpg",600,600,false],"2048x2048":["https:\/\/legitgrams.com\/wp-content\/uploads\/2024\/09\/buy-fentanyl-injections-online.jpg",600,600,false],"trp-custom-language-flag":["https:\/\/legitgrams.com\/wp-content\/uploads\/2024\/09\/buy-fentanyl-injections-online-12x12.jpg",12,12,true],"woocommerce_thumbnail":["https:\/\/legitgrams.com\/wp-content\/uploads\/2024\/09\/buy-fentanyl-injections-online-300x300.jpg",300,300,true],"woocommerce_single":["https:\/\/legitgrams.com\/wp-content\/uploads\/2024\/09\/buy-fentanyl-injections-online.jpg",600,600,false],"woocommerce_gallery_thumbnail":["https:\/\/legitgrams.com\/wp-content\/uploads\/2024\/09\/buy-fentanyl-injections-online-100x100.jpg",100,100,true]},"uagb_author_info":{"display_name":"cokeblog18","author_link":"https:\/\/legitgrams.com\/pt\/author\/"},"uagb_comment_info":0,"uagb_excerpt":"Injections of fentanyl for sale Fentanyl injections are used to relieve severe pain during and after surgery. Before or during surgery, it is also used in combination with other medications to increase the effectiveness of anesthetic, or pain relief. Fentanyl belongs to the group of drugs called narcotic analgesics, or painkillers. Its effects on the&hellip;","_links":{"self":[{"href":"https:\/\/legitgrams.com\/pt\/wp-json\/wp\/v2\/product\/3969","targetHints":{"allow":["GET"]}}],"collection":[{"href":"https:\/\/legitgrams.com\/pt\/wp-json\/wp\/v2\/product"}],"about":[{"href":"https:\/\/legitgrams.com\/pt\/wp-json\/wp\/v2\/types\/product"}],"replies":[{"embeddable":true,"href":"https:\/\/legitgrams.com\/pt\/wp-json\/wp\/v2\/comments?post=3969"}],"wp:featuredmedia":[{"embeddable":true,"href":"https:\/\/legitgrams.com\/pt\/wp-json\/wp\/v2\/media\/5275"}],"wp:attachment":[{"href":"https:\/\/legitgrams.com\/pt\/wp-json\/wp\/v2\/media?parent=3969"}],"wp:term":[{"taxonomy":"product_brand","embeddable":true,"href":"https:\/\/legitgrams.com\/pt\/wp-json\/wp\/v2\/product_brand?post=3969"},{"taxonomy":"product_cat","embeddable":true,"href":"https:\/\/legitgrams.com\/pt\/wp-json\/wp\/v2\/product_cat?post=3969"},{"taxonomy":"product_tag","embeddable":true,"href":"https:\/\/legitgrams.com\/pt\/wp-json\/wp\/v2\/product_tag?post=3969"}],"curies":[{"name":"wp","href":"https:\/\/api.w.org\/{rel}","templated":true}]}}