{"id":3971,"date":"2024-09-21T06:01:14","date_gmt":"2024-09-21T06:01:14","guid":{"rendered":"https:\/\/legitgrams.com\/?post_type=product&#038;p=3971"},"modified":"2025-12-14T07:46:44","modified_gmt":"2025-12-14T07:46:44","slug":"fentanil-em-po","status":"publish","type":"product","link":"https:\/\/legitgrams.com\/pt\/produto\/fentanil-em-po\/","title":{"rendered":"Fentanil em p\u00f3"},"content":{"rendered":"<h2>\u00c0 venda: p\u00f3 de fentanil<\/h2>\n<p><a href=\"https:\/\/legitgrams.com\/pt\/produto\/fentanil-em-po\/\">Fentanil<\/a> \u00e9 um membro da classe de pr\u00f3-drogas opioides. Este p\u00f3 \u00e9 usado para curar uma variedade de doen\u00e7as. Ele vem em forma de p\u00edlula e p\u00f3. Fentanil em p\u00f3 \u00e9 o nome do medicamento usado para aliviar a dor. <a href=\"https:\/\/legitgrams.com\/pt\/\">LegitGrams<\/a><\/p>\n<p>Fentanil tamb\u00e9m \u00e9 usado para reduzir ou erradicar completamente a dor cr\u00f4nica. Foi comercializado como medicamento quando foi criado pela primeira vez na d\u00e9cada de 1960. Ele realizou tarefas servis depois disso. Al\u00e9m de medicamento, tamb\u00e9m tem sido utilizado como medicamento ocasionalmente nos \u00faltimos anos.<\/p>\n<p>Morfina, o pr\u00f3-f\u00e1rmaco mais conhecido, \u00e9 frequentemente comparado ao p\u00f3 de fentanil. Este medicamento, que \u00e9 criado e usado na \u00e1rea m\u00e9dica, tem muito potencial.<\/p>\n<p>O p\u00f3 de fentanil \u00e9 quase 50\u2013100 vezes mais potente que a morfina. Esta \u00e9 a principal raz\u00e3o para seu amplo uso e popularidade.<\/p>\n<p>O p\u00f3 de fentanil age diretamente no c\u00e9rebro, mudando a forma como ele percebe a dor. Ele alivia total ou parcialmente a dor do corpo, dependendo de qu\u00e3o ruim ela \u00e9. \u00c9 amplamente usado para tratar todos os tipos de dor, de aguda a cr\u00f4nica, devido \u00e0 sua efic\u00e1cia excepcional.<\/p>\n<p>Muitos m\u00e9dicos incorporaram essa pol\u00edtica pr\u00f3-drogas em suas pr\u00e1ticas por causa dessas vantagens. Essa pr\u00f3-drogas \u00e9 encontrada em v\u00e1rios medicamentos que s\u00e3o tomados durante cirurgias para reduzir o desconforto.<\/p>\n<p>O p\u00f3 de fentanil \u00e9 popular n\u00e3o apenas entre m\u00e9dicos, mas tamb\u00e9m entre frequentadores de casas noturnas e estabelecimentos. Quando os indiv\u00edduos usam essa pr\u00f3-droga para relaxar porque est\u00e3o cansados \u200b\u200bde suas ocupa\u00e7\u00f5es e querem aproveitar a vida.<\/p>\n<p>Alguns dos ingredientes deste pr\u00f3-f\u00e1rmaco tamb\u00e9m ajudam a promover um sono tranquilo. Como resultado, ele se tornou muito popular entre aqueles que est\u00e3o lutando contra condi\u00e7\u00f5es como depress\u00e3o.<\/p>\n<p>O p\u00f3 de fentanil \u00e9 facilmente acess\u00edvel na internet. Por meio de nossa loja online, esse pr\u00f3-f\u00e1rmaco \u00e9 oferecido em comprimidos e em p\u00f3. Nosso neg\u00f3cio tamb\u00e9m fornece entrega r\u00e1pida de mercadorias para sua casa.<\/p>\n<p>Comprar em p\u00f3 <a href=\"https:\/\/en.wikipedia.org\/wiki\/Fentanyl\">Fentanil<\/a> Online: Compre p\u00f3, compre fentanil online, Onde comprar p\u00f3 para fentanil, P\u00f3 para venda, P\u00f3 online, Onde comprar p\u00f3 de fentanil online, Onde comprar p\u00f3 nos EUA, Canad\u00e1 e Reino Unido, Onde comprar p\u00f3 online, Onde encontrar fornecedores, Entrega segura, O p\u00f3 de fentanil ainda est\u00e1 acess\u00edvel. \u00c9? Como posso fazer um pedido de p\u00f3 de fentanil, \u00e9 legal no Canad\u00e1 e \u00e9 legal compr\u00e1-lo online nos EUA?<\/p>","protected":false},"excerpt":{"rendered":"<p>For sale: fentanyl powder Fentanyl is a member of the opioid class of pro-drugs. This powder is used to cure a variety of ailments. It comes in pill and powder form. Fentanyl powder is the name of the medication used to alleviate pain. LegitGrams Fentanyl is also used to reduce or completely eradicate chronic pain. &hellip;<\/p>\n<p class=\"read-more\"> <a class=\"\" href=\"https:\/\/legitgrams.com\/pt\/produto\/fentanil-em-po\/\"> <span class=\"screen-reader-text\">Fentanil em p\u00f3<\/span> Ler mais \"<\/a><\/p>","protected":false},"featured_media":5276,"comment_status":"open","ping_status":"closed","template":"","meta":{"_uag_custom_page_level_css":"","site-sidebar-layout":"default","site-content-layout":"default","ast-global-header-display":"","ast-main-header-display":"","ast-hfb-above-header-display":"","ast-hfb-below-header-display":"","ast-hfb-mobile-header-display":"","site-post-title":"","ast-breadcrumbs-content":"","ast-featured-img":"","footer-sml-layout":"","theme-transparent-header-meta":"default","adv-header-id-meta":"","stick-header-meta":"default","header-above-stick-meta":"","header-main-stick-meta":"","header-below-stick-meta":"","_joinchat":[]},"product_brand":[],"product_cat":[600],"product_tag":[3291,3281,617,3273,3288,3272,3276,3275,3283,3274,3284,3286,3293,3294,3292,3289,3285,3280,3278,3290,3287,625,3279,3282,3277],"class_list":{"0":"post-3971","1":"product","2":"type-product","3":"status-publish","4":"has-post-thumbnail","6":"product_cat-research-chemicals-and-bath-salt","7":"product_tag-best-cheap-price-fentanyl-powder","8":"product_tag-best-place-to-buy-fentanyl-powder","9":"product_tag-bulk-online","10":"product_tag-buy-fentanyl-powder","11":"product_tag-cheap-fentanyl-powder","12":"product_tag-fentanyl-powder","13":"product_tag-fentanyl-powder-fentanyl-powder-supplier","14":"product_tag-fentanyl-powder-for-sale","15":"product_tag-fentanyl-powder-legally","16":"product_tag-fentanyl-powder-online","17":"product_tag-fentanyl-powder-price","18":"product_tag-fentanyl-powder-store","19":"product_tag-fentanyl-powder-use","20":"product_tag-fentanyl-powder-wiki","21":"product_tag-fentanyl-powder-worldwide","22":"product_tag-fentanyl-powders","23":"product_tag-high-quality-fentanyl-powder","24":"product_tag-how-to-buy-fentanyl-powder","25":"product_tag-order-fentanyl-powder","26":"product_tag-purcharse-fentanyl-powder","27":"product_tag-shop-fentanyl-powder","28":"product_tag-top-quality","29":"product_tag-where-to-buy-fentanyl-powder","30":"product_tag-where-to-order-fentanyl-powder","31":"product_tag-wholesale-fentanyl-powder","32":"desktop-align-left","33":"tablet-align-left","34":"mobile-align-left","35":"ast-product-gallery-layout-horizontal","36":"ast-product-gallery-with-no-image","37":"ast-product-single-variable","38":"ast-product-tabs-layout-horizontal","39":"ast-qv-on-image","41":"first","42":"instock","43":"featured","44":"shipping-taxable","45":"purchasable","46":"product-type-variable"},"yoast_head":"<!-- This site is optimized with the Yoast SEO plugin v25.9 - https:\/\/yoast.com\/wordpress\/plugins\/seo\/ -->\n<title>Fentanyl Powder for Sale - Order Fentanyl Powder Online<\/title>\n<meta name=\"description\" content=\"You can get Fentanyl Powder for sale at the best rates from our online store. We are here to help you buy Fentanyl Powder online. Connect with best store in town today!\" \/>\n<meta name=\"robots\" content=\"index, follow, max-snippet:-1, max-image-preview:large, max-video-preview:-1\" \/>\n<link rel=\"canonical\" href=\"https:\/\/legitgrams.com\/pt\/produto\/fentanil-em-po\/\" \/>\n<meta property=\"og:locale\" content=\"pt_PT\" \/>\n<meta property=\"og:type\" content=\"article\" \/>\n<meta property=\"og:title\" content=\"Fentanyl Powder for Sale - Order Fentanyl Powder Online\" \/>\n<meta property=\"og:description\" content=\"You can get Fentanyl Powder for sale at the best rates from our online store. We are here to help you buy Fentanyl Powder online. Connect with best store in town today!\" \/>\n<meta property=\"og:url\" content=\"https:\/\/legitgrams.com\/pt\/produto\/fentanil-em-po\/\" \/>\n<meta property=\"og:site_name\" content=\"Legit Grams\" \/>\n<meta property=\"article:modified_time\" content=\"2025-12-14T07:46:44+00:00\" \/>\n<meta property=\"og:image\" content=\"https:\/\/legitgrams.com\/wp-content\/uploads\/2024\/09\/buy-fentanyl-powder-online.jpg\" \/>\n\t<meta property=\"og:image:width\" content=\"600\" \/>\n\t<meta property=\"og:image:height\" content=\"600\" \/>\n\t<meta property=\"og:image:type\" content=\"image\/jpeg\" \/>\n<meta name=\"twitter:card\" content=\"summary_large_image\" \/>\n<meta name=\"twitter:label1\" content=\"Tempo estimado de leitura\" \/>\n\t<meta name=\"twitter:data1\" content=\"2 minutos\" \/>\n<script type=\"application\/ld+json\" class=\"yoast-schema-graph\">{\"@context\":\"https:\/\/schema.org\",\"@graph\":[{\"@type\":\"WebPage\",\"@id\":\"https:\/\/legitgrams.com\/product\/fentanyl-powder\/\",\"url\":\"https:\/\/legitgrams.com\/product\/fentanyl-powder\/\",\"name\":\"Fentanyl Powder for Sale - Order Fentanyl Powder Online\",\"isPartOf\":{\"@id\":\"https:\/\/legitgrams.com\/#website\"},\"primaryImageOfPage\":{\"@id\":\"https:\/\/legitgrams.com\/product\/fentanyl-powder\/#primaryimage\"},\"image\":{\"@id\":\"https:\/\/legitgrams.com\/product\/fentanyl-powder\/#primaryimage\"},\"thumbnailUrl\":\"https:\/\/legitgrams.com\/wp-content\/uploads\/2024\/09\/buy-fentanyl-powder-online.jpg\",\"datePublished\":\"2024-09-21T06:01:14+00:00\",\"dateModified\":\"2025-12-14T07:46:44+00:00\",\"description\":\"You can get Fentanyl Powder for sale at the best rates from our online store. We are here to help you buy Fentanyl Powder online. Connect with best store in town today!\",\"breadcrumb\":{\"@id\":\"https:\/\/legitgrams.com\/product\/fentanyl-powder\/#breadcrumb\"},\"inLanguage\":\"pt-PT\",\"potentialAction\":[{\"@type\":\"ReadAction\",\"target\":[\"https:\/\/legitgrams.com\/product\/fentanyl-powder\/\"]}]},{\"@type\":\"ImageObject\",\"inLanguage\":\"pt-PT\",\"@id\":\"https:\/\/legitgrams.com\/product\/fentanyl-powder\/#primaryimage\",\"url\":\"https:\/\/legitgrams.com\/wp-content\/uploads\/2024\/09\/buy-fentanyl-powder-online.jpg\",\"contentUrl\":\"https:\/\/legitgrams.com\/wp-content\/uploads\/2024\/09\/buy-fentanyl-powder-online.jpg\",\"width\":600,\"height\":600,\"caption\":\"Fentanyl Powder for sale\"},{\"@type\":\"BreadcrumbList\",\"@id\":\"https:\/\/legitgrams.com\/product\/fentanyl-powder\/#breadcrumb\",\"itemListElement\":[{\"@type\":\"ListItem\",\"position\":1,\"name\":\"Home\",\"item\":\"https:\/\/legitgrams.com\/\"},{\"@type\":\"ListItem\",\"position\":2,\"name\":\"Shop\",\"item\":\"https:\/\/legitgrams.com\/shop\/\"},{\"@type\":\"ListItem\",\"position\":3,\"name\":\"Fentanyl Powder\"}]},{\"@type\":\"WebSite\",\"@id\":\"https:\/\/legitgrams.com\/#website\",\"url\":\"https:\/\/legitgrams.com\/\",\"name\":\"Legit Grams\",\"description\":\"My WordPress Blog\",\"publisher\":{\"@id\":\"https:\/\/legitgrams.com\/#organization\"},\"potentialAction\":[{\"@type\":\"SearchAction\",\"target\":{\"@type\":\"EntryPoint\",\"urlTemplate\":\"https:\/\/legitgrams.com\/?s={search_term_string}\"},\"query-input\":{\"@type\":\"PropertyValueSpecification\",\"valueRequired\":true,\"valueName\":\"search_term_string\"}}],\"inLanguage\":\"pt-PT\"},{\"@type\":\"Organization\",\"@id\":\"https:\/\/legitgrams.com\/#organization\",\"name\":\"Legit Grams\",\"url\":\"https:\/\/legitgrams.com\/\",\"logo\":{\"@type\":\"ImageObject\",\"inLanguage\":\"pt-PT\",\"@id\":\"https:\/\/legitgrams.com\/#\/schema\/logo\/image\/\",\"url\":\"https:\/\/legitgrams.com\/wp-content\/uploads\/2024\/09\/main-logo.png\",\"contentUrl\":\"https:\/\/legitgrams.com\/wp-content\/uploads\/2024\/09\/main-logo.png\",\"width\":270,\"height\":75,\"caption\":\"Legit Grams\"},\"image\":{\"@id\":\"https:\/\/legitgrams.com\/#\/schema\/logo\/image\/\"}}]}<\/script>\n<!-- \/ Yoast SEO plugin. -->","yoast_head_json":{"title":"Fentanyl Powder for Sale - Encomendar Fentanyl Powder Online","description":"Pode obter Fentanyl Powder para venda aos melhores pre\u00e7os na nossa loja online. Estamos aqui para o ajudar a comprar o Fentanyl Powder online. Ligue-se \u00e0 melhor loja da cidade hoje!","robots":{"index":"index","follow":"follow","max-snippet":"max-snippet:-1","max-image-preview":"max-image-preview:large","max-video-preview":"max-video-preview:-1"},"canonical":"https:\/\/legitgrams.com\/pt\/produto\/fentanil-em-po\/","og_locale":"pt_PT","og_type":"article","og_title":"Fentanyl Powder for Sale - Order Fentanyl Powder Online","og_description":"You can get Fentanyl Powder for sale at the best rates from our online store. We are here to help you buy Fentanyl Powder online. Connect with best store in town today!","og_url":"https:\/\/legitgrams.com\/pt\/produto\/fentanil-em-po\/","og_site_name":"Legit Grams","article_modified_time":"2025-12-14T07:46:44+00:00","og_image":[{"width":600,"height":600,"url":"https:\/\/legitgrams.com\/wp-content\/uploads\/2024\/09\/buy-fentanyl-powder-online.jpg","type":"image\/jpeg"}],"twitter_card":"summary_large_image","twitter_misc":{"Tempo estimado de leitura":"2 minutos"},"schema":{"@context":"https:\/\/schema.org","@graph":[{"@type":"WebPage","@id":"https:\/\/legitgrams.com\/product\/fentanyl-powder\/","url":"https:\/\/legitgrams.com\/product\/fentanyl-powder\/","name":"Fentanyl Powder for Sale - Encomendar Fentanyl Powder Online","isPartOf":{"@id":"https:\/\/legitgrams.com\/#website"},"primaryImageOfPage":{"@id":"https:\/\/legitgrams.com\/product\/fentanyl-powder\/#primaryimage"},"image":{"@id":"https:\/\/legitgrams.com\/product\/fentanyl-powder\/#primaryimage"},"thumbnailUrl":"https:\/\/legitgrams.com\/wp-content\/uploads\/2024\/09\/buy-fentanyl-powder-online.jpg","datePublished":"2024-09-21T06:01:14+00:00","dateModified":"2025-12-14T07:46:44+00:00","description":"Pode obter Fentanyl Powder para venda aos melhores pre\u00e7os na nossa loja online. Estamos aqui para o ajudar a comprar o Fentanyl Powder online. Ligue-se \u00e0 melhor loja da cidade hoje!","breadcrumb":{"@id":"https:\/\/legitgrams.com\/product\/fentanyl-powder\/#breadcrumb"},"inLanguage":"pt-PT","potentialAction":[{"@type":"ReadAction","target":["https:\/\/legitgrams.com\/product\/fentanyl-powder\/"]}]},{"@type":"ImageObject","inLanguage":"pt-PT","@id":"https:\/\/legitgrams.com\/product\/fentanyl-powder\/#primaryimage","url":"https:\/\/legitgrams.com\/wp-content\/uploads\/2024\/09\/buy-fentanyl-powder-online.jpg","contentUrl":"https:\/\/legitgrams.com\/wp-content\/uploads\/2024\/09\/buy-fentanyl-powder-online.jpg","width":600,"height":600,"caption":"Fentanyl Powder for sale"},{"@type":"BreadcrumbList","@id":"https:\/\/legitgrams.com\/product\/fentanyl-powder\/#breadcrumb","itemListElement":[{"@type":"ListItem","position":1,"name":"Home","item":"https:\/\/legitgrams.com\/"},{"@type":"ListItem","position":2,"name":"Shop","item":"https:\/\/legitgrams.com\/shop\/"},{"@type":"ListItem","position":3,"name":"Fentanyl Powder"}]},{"@type":"WebSite","@id":"https:\/\/legitgrams.com\/#website","url":"https:\/\/legitgrams.com\/","name":"Gramas leg\u00edtimas","description":"O meu blogue WordPress","publisher":{"@id":"https:\/\/legitgrams.com\/#organization"},"potentialAction":[{"@type":"SearchAction","target":{"@type":"EntryPoint","urlTemplate":"https:\/\/legitgrams.com\/?s={search_term_string}"},"query-input":{"@type":"PropertyValueSpecification","valueRequired":true,"valueName":"search_term_string"}}],"inLanguage":"pt-PT"},{"@type":"Organization","@id":"https:\/\/legitgrams.com\/#organization","name":"Gramas leg\u00edtimas","url":"https:\/\/legitgrams.com\/","logo":{"@type":"ImageObject","inLanguage":"pt-PT","@id":"https:\/\/legitgrams.com\/#\/schema\/logo\/image\/","url":"https:\/\/legitgrams.com\/wp-content\/uploads\/2024\/09\/main-logo.png","contentUrl":"https:\/\/legitgrams.com\/wp-content\/uploads\/2024\/09\/main-logo.png","width":270,"height":75,"caption":"Legit Grams"},"image":{"@id":"https:\/\/legitgrams.com\/#\/schema\/logo\/image\/"}}]}},"uagb_featured_image_src":{"full":["https:\/\/legitgrams.com\/wp-content\/uploads\/2024\/09\/buy-fentanyl-powder-online.jpg",600,600,false],"thumbnail":["https:\/\/legitgrams.com\/wp-content\/uploads\/2024\/09\/buy-fentanyl-powder-online-150x150.jpg",150,150,true],"medium":["https:\/\/legitgrams.com\/wp-content\/uploads\/2024\/09\/buy-fentanyl-powder-online-300x300.jpg",300,300,true],"medium_large":["https:\/\/legitgrams.com\/wp-content\/uploads\/2024\/09\/buy-fentanyl-powder-online.jpg",600,600,false],"large":["https:\/\/legitgrams.com\/wp-content\/uploads\/2024\/09\/buy-fentanyl-powder-online.jpg",600,600,false],"1536x1536":["https:\/\/legitgrams.com\/wp-content\/uploads\/2024\/09\/buy-fentanyl-powder-online.jpg",600,600,false],"2048x2048":["https:\/\/legitgrams.com\/wp-content\/uploads\/2024\/09\/buy-fentanyl-powder-online.jpg",600,600,false],"trp-custom-language-flag":["https:\/\/legitgrams.com\/wp-content\/uploads\/2024\/09\/buy-fentanyl-powder-online-12x12.jpg",12,12,true],"woocommerce_thumbnail":["https:\/\/legitgrams.com\/wp-content\/uploads\/2024\/09\/buy-fentanyl-powder-online-300x300.jpg",300,300,true],"woocommerce_single":["https:\/\/legitgrams.com\/wp-content\/uploads\/2024\/09\/buy-fentanyl-powder-online.jpg",600,600,false],"woocommerce_gallery_thumbnail":["https:\/\/legitgrams.com\/wp-content\/uploads\/2024\/09\/buy-fentanyl-powder-online-100x100.jpg",100,100,true]},"uagb_author_info":{"display_name":"cokeblog18","author_link":"https:\/\/legitgrams.com\/pt\/author\/"},"uagb_comment_info":2,"uagb_excerpt":"For sale: fentanyl powder Fentanyl is a member of the opioid class of pro-drugs. This powder is used to cure a variety of ailments. It comes in pill and powder form. Fentanyl powder is the name of the medication used to alleviate pain. LegitGrams Fentanyl is also used to reduce or completely eradicate chronic pain.&hellip;","_links":{"self":[{"href":"https:\/\/legitgrams.com\/pt\/wp-json\/wp\/v2\/product\/3971","targetHints":{"allow":["GET"]}}],"collection":[{"href":"https:\/\/legitgrams.com\/pt\/wp-json\/wp\/v2\/product"}],"about":[{"href":"https:\/\/legitgrams.com\/pt\/wp-json\/wp\/v2\/types\/product"}],"replies":[{"embeddable":true,"href":"https:\/\/legitgrams.com\/pt\/wp-json\/wp\/v2\/comments?post=3971"}],"wp:featuredmedia":[{"embeddable":true,"href":"https:\/\/legitgrams.com\/pt\/wp-json\/wp\/v2\/media\/5276"}],"wp:attachment":[{"href":"https:\/\/legitgrams.com\/pt\/wp-json\/wp\/v2\/media?parent=3971"}],"wp:term":[{"taxonomy":"product_brand","embeddable":true,"href":"https:\/\/legitgrams.com\/pt\/wp-json\/wp\/v2\/product_brand?post=3971"},{"taxonomy":"product_cat","embeddable":true,"href":"https:\/\/legitgrams.com\/pt\/wp-json\/wp\/v2\/product_cat?post=3971"},{"taxonomy":"product_tag","embeddable":true,"href":"https:\/\/legitgrams.com\/pt\/wp-json\/wp\/v2\/product_tag?post=3971"}],"curies":[{"name":"wp","href":"https:\/\/api.w.org\/{rel}","templated":true}]}}