{"id":3983,"date":"2024-09-21T06:30:38","date_gmt":"2024-09-21T06:30:38","guid":{"rendered":"https:\/\/legitgrams.com\/?post_type=product&#038;p=3983"},"modified":"2025-09-08T18:58:49","modified_gmt":"2025-09-08T18:58:49","slug":"4-cmc-po-de-cristal","status":"publish","type":"product","link":"https:\/\/legitgrams.com\/pt\/produto\/4-cmc-po-de-cristal\/","title":{"rendered":"Compre 4-CMC Crystal &amp; Powder Online"},"content":{"rendered":"<h2>4-CMC para venda<\/h2>\n<p>Adquira grandes quantidades de <a href=\"https:\/\/legitgrams.com\/pt\/produto\/4-cmc-po-de-cristal\/\">99% puro cristal e p\u00f3 4-CMC<\/a>.<\/p>\n<p>Fa\u00e7a agora mesmo uma encomenda online connosco. Pre\u00e7os por grosso para produtos qu\u00edmicos de investiga\u00e7\u00e3o baratos<br \/>\n<a href=\"https:\/\/en.wikipedia.org\/wiki\/4-Chloromethcathinone\">4-CMC<\/a>, \u00e0s vezes conhecido como clefedron, \u00e9 um estimulante da classe das catinonas que est\u00e1 dispon\u00edvel em p\u00f3 e cristais.<\/p>\n<p>1-2-(clorofenil)-1-propanona 1- 1-(metilamino)<br \/>\nPara ser usado exclusivamente com reagentes<\/p>\n<h3>Categoria: Compra de produtos qu\u00edmicos de pesquisa<\/h3>\n<p>Get four <a href=\"https:\/\/www.bing.com\/search?q=Compre4-CMCCrystalPowderOnline&amp;qs=n&amp;form=QBRE&amp;sp=-1&amp;ghc=1&amp;lq=0&amp;pq=compre4-cmccrystalpowderonline&amp;sc=12-36&amp;sk=&amp;cvid=370477121C7949289DD9EC93F381DFCD&amp;ghsh=0&amp;ghacc=0&amp;ghpl=\">CMC crystals<\/a> and powder, four <a href=\"https:\/\/www.google.com\/search?q=Compre+4-CMC+Crystal++Powder+Online&amp;sca_esv=eddefdb7b92e7545&amp;sxsrf=AHTn8zoaZohmd3-psakG86ryNNDfrpobzA1743762445377&amp;ei=DbTvZ5reFpbKseMP2JXm8QE&amp;ved=0ahUKEwjamISplb6MAxUWZWwGHdiKOR4Q4dUDCBA&amp;uact=5&amp;oq=Compre+4-CMC+Crystal++Powder+Online&amp;gs_lp=Egxnd3Mtd2l6LXNlcnAiJENvbXByZSA0LUNNQyBDcnlzdGFsICYgUG93ZGVyIE9ubGluZTIHECEYoAEYCjIHECEYoAEYCjIHECEYoAEYCki4BlCsAlisAnABeACQAQCYAbMCoAGzAqoBAzMtMbgBA8gBAPgBAvgBAZgCAqACwALCAggQABiwAxjvBZgDAIgGAZAGAZIHBTEuMy0xoAe0BbIHAzMtMbgHuwI&amp;sclient=gws-wiz-serp\">CMC crystals<\/a> at wholesale prices, and one ounce of each.<\/p>\n<p>Where Can I <a href=\"https:\/\/duckduckgo.com\/?q=Buy+4-CMC+Crystal+%26+Powder+Online&amp;t=h_&amp;ia=web\">Buy 4-CMC Crystal and Powder<\/a>? Onde posso comprar 4-CMC Crystal and Powder? 4-CMC para venda nos EUA, Canad\u00e1 e Reino Unido; compra, internet, fornecedores, envio seguro; 4-CMC Crystal &amp; Powder est\u00e1 dispon\u00edvel para compra nos EUA; pe\u00e7a online agora; O 4-CMC Powder &amp; Crystal ainda est\u00e1 acess\u00edvel. Validgrams \u00c9 permitido comprar 4-CMC Crystal &amp; Powder nos EUA? Qual \u00e9 o processo para pedir 4-CMC Crystal &amp; Powder online? 4-CMC Crystal &amp; Powder est\u00e1 dispon\u00edvel no Canad\u00e1. <a href=\"https:\/\/en.wikipedia.org\/\">LegitGrams<\/a><\/p>","protected":false},"excerpt":{"rendered":"<p>4-CMC for Sale Acquire massive quantities of 99% pure Crystal &amp; Powder 4-CMC. Right now, place an online order with us. Wholesale prices for inexpensive research chemicals 4-CMC, sometimes known as clephedron, is a cathinone-class stimulant that is available as powder and crystals. 1-2-(chlorophenyl)-1-propanone 1- 1-(methylamino) To be used exclusively with reagents Category: Purchase Research &hellip;<\/p>\n<p class=\"read-more\"> <a class=\"\" href=\"https:\/\/legitgrams.com\/pt\/produto\/4-cmc-po-de-cristal\/\"> <span class=\"screen-reader-text\">Compre 4-CMC Crystal &amp; Powder Online<\/span> Ler mais \"<\/a><\/p>","protected":false},"featured_media":5251,"comment_status":"open","ping_status":"closed","template":"","meta":{"_uag_custom_page_level_css":"","site-sidebar-layout":"default","site-content-layout":"default","ast-global-header-display":"","ast-main-header-display":"","ast-hfb-above-header-display":"","ast-hfb-below-header-display":"","ast-hfb-mobile-header-display":"","site-post-title":"","ast-breadcrumbs-content":"","ast-featured-img":"","footer-sml-layout":"","theme-transparent-header-meta":"default","adv-header-id-meta":"","stick-header-meta":"default","header-above-stick-meta":"","header-main-stick-meta":"","header-below-stick-meta":"","_joinchat":[]},"product_brand":[],"product_cat":[600],"product_tag":[3203,3207,3206,3214,3205,3215,3217,3224,3225,3223,3220,3222,3212,617,3204,3219,3216,3211,3209,3221,3218,625,3210,3213,3208],"class_list":{"0":"post-3983","1":"product","2":"type-product","3":"status-publish","4":"has-post-thumbnail","6":"product_cat-research-chemicals-and-bath-salt","7":"product_tag-4-cmc-crystal-powder","8":"product_tag-4-cmc-crystal-powder-4-cmc-crystal-powder-supplier","9":"product_tag-4-cmc-crystal-powder-for-sale","10":"product_tag-4-cmc-crystal-powder-legally","11":"product_tag-4-cmc-crystal-powder-online","12":"product_tag-4-cmc-crystal-powder-price","13":"product_tag-4-cmc-crystal-powder-store","14":"product_tag-4-cmc-crystal-powder-use","15":"product_tag-4-cmc-crystal-powder-wiki","16":"product_tag-4-cmc-crystal-powder-worldwide","17":"product_tag-4-cmc-crystal-powders","18":"product_tag-best-cheap-price-4-cmc-crystal-powder","19":"product_tag-best-place-to-buy-4-cmc-crystal-powder","20":"product_tag-bulk-online","21":"product_tag-buy-4-cmc-crystal-powder","22":"product_tag-cheap-4-cmc-crystal-powder","23":"product_tag-high-quality-4-cmc-crystal-powder","24":"product_tag-how-to-buy-4-cmc-crystal-powder","25":"product_tag-order-4-cmc-crystal-powder","26":"product_tag-purcharse-4-cmc-crystal-powder","27":"product_tag-shop-4-cmc-crystal-powder","28":"product_tag-top-quality","29":"product_tag-where-to-buy-4-cmc-crystal-powder","30":"product_tag-where-to-order-4-cmc-crystal-powder","31":"product_tag-wholesale-4-cmc-crystal-powder","32":"desktop-align-left","33":"tablet-align-left","34":"mobile-align-left","35":"ast-product-gallery-layout-horizontal","36":"ast-product-gallery-with-no-image","37":"ast-product-single-variable","38":"ast-product-tabs-layout-horizontal","39":"ast-qv-on-image","41":"first","42":"instock","43":"shipping-taxable","44":"purchasable","45":"product-type-variable"},"yoast_head":"<!-- This site is optimized with the Yoast SEO plugin v25.9 - https:\/\/yoast.com\/wordpress\/plugins\/seo\/ -->\n<title>4-CMC for Sale - Order 4-CMC Crystal Powder Online | LegitGrams<\/title>\n<meta name=\"description\" content=\"If you have not tried 4-CMC from our LegitGrams store, then you are missing a lot. We will help you buy 4-CMC online at cheap rates. Get 4-CMC for Sale.\" \/>\n<meta name=\"robots\" content=\"index, follow, max-snippet:-1, max-image-preview:large, max-video-preview:-1\" \/>\n<link rel=\"canonical\" href=\"https:\/\/legitgrams.com\/pt\/produto\/4-cmc-po-de-cristal\/\" \/>\n<meta property=\"og:locale\" content=\"pt_PT\" \/>\n<meta property=\"og:type\" content=\"article\" \/>\n<meta property=\"og:title\" content=\"4-CMC for Sale - Order 4-CMC Crystal Powder Online | LegitGrams\" \/>\n<meta property=\"og:description\" content=\"If you have not tried 4-CMC from our LegitGrams store, then you are missing a lot. We will help you buy 4-CMC online at cheap rates. Get 4-CMC for Sale.\" \/>\n<meta property=\"og:url\" content=\"https:\/\/legitgrams.com\/pt\/produto\/4-cmc-po-de-cristal\/\" \/>\n<meta property=\"og:site_name\" content=\"Legit Grams\" \/>\n<meta property=\"article:modified_time\" content=\"2025-09-08T18:58:49+00:00\" \/>\n<meta property=\"og:image\" content=\"https:\/\/legitgrams.com\/wp-content\/uploads\/2024\/09\/buy-4-cmc-crystal-powder-online-cheap.jpg\" \/>\n\t<meta property=\"og:image:width\" content=\"600\" \/>\n\t<meta property=\"og:image:height\" content=\"600\" \/>\n\t<meta property=\"og:image:type\" content=\"image\/jpeg\" \/>\n<meta name=\"twitter:card\" content=\"summary_large_image\" \/>\n<meta name=\"twitter:label1\" content=\"Tempo estimado de leitura\" \/>\n\t<meta name=\"twitter:data1\" content=\"1 minuto\" \/>\n<script type=\"application\/ld+json\" class=\"yoast-schema-graph\">{\"@context\":\"https:\/\/schema.org\",\"@graph\":[{\"@type\":\"WebPage\",\"@id\":\"https:\/\/legitgrams.com\/product\/4-cmc-crystal-powder\/\",\"url\":\"https:\/\/legitgrams.com\/product\/4-cmc-crystal-powder\/\",\"name\":\"4-CMC for Sale - Order 4-CMC Crystal Powder Online | LegitGrams\",\"isPartOf\":{\"@id\":\"https:\/\/legitgrams.com\/#website\"},\"primaryImageOfPage\":{\"@id\":\"https:\/\/legitgrams.com\/product\/4-cmc-crystal-powder\/#primaryimage\"},\"image\":{\"@id\":\"https:\/\/legitgrams.com\/product\/4-cmc-crystal-powder\/#primaryimage\"},\"thumbnailUrl\":\"https:\/\/legitgrams.com\/wp-content\/uploads\/2024\/09\/buy-4-cmc-crystal-powder-online-cheap.jpg\",\"datePublished\":\"2024-09-21T06:30:38+00:00\",\"dateModified\":\"2025-09-08T18:58:49+00:00\",\"description\":\"If you have not tried 4-CMC from our LegitGrams store, then you are missing a lot. We will help you buy 4-CMC online at cheap rates. Get 4-CMC for Sale.\",\"breadcrumb\":{\"@id\":\"https:\/\/legitgrams.com\/product\/4-cmc-crystal-powder\/#breadcrumb\"},\"inLanguage\":\"pt-PT\",\"potentialAction\":[{\"@type\":\"ReadAction\",\"target\":[\"https:\/\/legitgrams.com\/product\/4-cmc-crystal-powder\/\"]}]},{\"@type\":\"ImageObject\",\"inLanguage\":\"pt-PT\",\"@id\":\"https:\/\/legitgrams.com\/product\/4-cmc-crystal-powder\/#primaryimage\",\"url\":\"https:\/\/legitgrams.com\/wp-content\/uploads\/2024\/09\/buy-4-cmc-crystal-powder-online-cheap.jpg\",\"contentUrl\":\"https:\/\/legitgrams.com\/wp-content\/uploads\/2024\/09\/buy-4-cmc-crystal-powder-online-cheap.jpg\",\"width\":600,\"height\":600,\"caption\":\"4-CMC for Sale\"},{\"@type\":\"BreadcrumbList\",\"@id\":\"https:\/\/legitgrams.com\/product\/4-cmc-crystal-powder\/#breadcrumb\",\"itemListElement\":[{\"@type\":\"ListItem\",\"position\":1,\"name\":\"Home\",\"item\":\"https:\/\/legitgrams.com\/\"},{\"@type\":\"ListItem\",\"position\":2,\"name\":\"Shop\",\"item\":\"https:\/\/legitgrams.com\/shop\/\"},{\"@type\":\"ListItem\",\"position\":3,\"name\":\"Buy 4-CMC Crystal &#038; Powder Online\"}]},{\"@type\":\"WebSite\",\"@id\":\"https:\/\/legitgrams.com\/#website\",\"url\":\"https:\/\/legitgrams.com\/\",\"name\":\"Legit Grams\",\"description\":\"My WordPress Blog\",\"publisher\":{\"@id\":\"https:\/\/legitgrams.com\/#organization\"},\"potentialAction\":[{\"@type\":\"SearchAction\",\"target\":{\"@type\":\"EntryPoint\",\"urlTemplate\":\"https:\/\/legitgrams.com\/?s={search_term_string}\"},\"query-input\":{\"@type\":\"PropertyValueSpecification\",\"valueRequired\":true,\"valueName\":\"search_term_string\"}}],\"inLanguage\":\"pt-PT\"},{\"@type\":\"Organization\",\"@id\":\"https:\/\/legitgrams.com\/#organization\",\"name\":\"Legit Grams\",\"url\":\"https:\/\/legitgrams.com\/\",\"logo\":{\"@type\":\"ImageObject\",\"inLanguage\":\"pt-PT\",\"@id\":\"https:\/\/legitgrams.com\/#\/schema\/logo\/image\/\",\"url\":\"https:\/\/legitgrams.com\/wp-content\/uploads\/2024\/09\/main-logo.png\",\"contentUrl\":\"https:\/\/legitgrams.com\/wp-content\/uploads\/2024\/09\/main-logo.png\",\"width\":270,\"height\":75,\"caption\":\"Legit Grams\"},\"image\":{\"@id\":\"https:\/\/legitgrams.com\/#\/schema\/logo\/image\/\"}}]}<\/script>\n<!-- \/ Yoast SEO plugin. -->","yoast_head_json":{"title":"4-CMC para venda - Pe\u00e7a 4-CMC Crystal Powder Online | LegitGrams","description":"Se ainda n\u00e3o experimentou o 4-CMC na nossa loja LegitGrams, ent\u00e3o est\u00e1 a perder muito. Ajudamo-lo a comprar o 4-CMC online a pre\u00e7os baixos. Comprar 4-CMC para venda.","robots":{"index":"index","follow":"follow","max-snippet":"max-snippet:-1","max-image-preview":"max-image-preview:large","max-video-preview":"max-video-preview:-1"},"canonical":"https:\/\/legitgrams.com\/pt\/produto\/4-cmc-po-de-cristal\/","og_locale":"pt_PT","og_type":"article","og_title":"4-CMC for Sale - Order 4-CMC Crystal Powder Online | LegitGrams","og_description":"If you have not tried 4-CMC from our LegitGrams store, then you are missing a lot. We will help you buy 4-CMC online at cheap rates. Get 4-CMC for Sale.","og_url":"https:\/\/legitgrams.com\/pt\/produto\/4-cmc-po-de-cristal\/","og_site_name":"Legit Grams","article_modified_time":"2025-09-08T18:58:49+00:00","og_image":[{"width":600,"height":600,"url":"https:\/\/legitgrams.com\/wp-content\/uploads\/2024\/09\/buy-4-cmc-crystal-powder-online-cheap.jpg","type":"image\/jpeg"}],"twitter_card":"summary_large_image","twitter_misc":{"Tempo estimado de leitura":"1 minuto"},"schema":{"@context":"https:\/\/schema.org","@graph":[{"@type":"WebPage","@id":"https:\/\/legitgrams.com\/product\/4-cmc-crystal-powder\/","url":"https:\/\/legitgrams.com\/product\/4-cmc-crystal-powder\/","name":"4-CMC para venda - Pe\u00e7a 4-CMC Crystal Powder Online | LegitGrams","isPartOf":{"@id":"https:\/\/legitgrams.com\/#website"},"primaryImageOfPage":{"@id":"https:\/\/legitgrams.com\/product\/4-cmc-crystal-powder\/#primaryimage"},"image":{"@id":"https:\/\/legitgrams.com\/product\/4-cmc-crystal-powder\/#primaryimage"},"thumbnailUrl":"https:\/\/legitgrams.com\/wp-content\/uploads\/2024\/09\/buy-4-cmc-crystal-powder-online-cheap.jpg","datePublished":"2024-09-21T06:30:38+00:00","dateModified":"2025-09-08T18:58:49+00:00","description":"Se ainda n\u00e3o experimentou o 4-CMC na nossa loja LegitGrams, ent\u00e3o est\u00e1 a perder muito. Ajudamo-lo a comprar o 4-CMC online a pre\u00e7os baixos. Comprar 4-CMC para venda.","breadcrumb":{"@id":"https:\/\/legitgrams.com\/product\/4-cmc-crystal-powder\/#breadcrumb"},"inLanguage":"pt-PT","potentialAction":[{"@type":"ReadAction","target":["https:\/\/legitgrams.com\/product\/4-cmc-crystal-powder\/"]}]},{"@type":"ImageObject","inLanguage":"pt-PT","@id":"https:\/\/legitgrams.com\/product\/4-cmc-crystal-powder\/#primaryimage","url":"https:\/\/legitgrams.com\/wp-content\/uploads\/2024\/09\/buy-4-cmc-crystal-powder-online-cheap.jpg","contentUrl":"https:\/\/legitgrams.com\/wp-content\/uploads\/2024\/09\/buy-4-cmc-crystal-powder-online-cheap.jpg","width":600,"height":600,"caption":"4-CMC for Sale"},{"@type":"BreadcrumbList","@id":"https:\/\/legitgrams.com\/product\/4-cmc-crystal-powder\/#breadcrumb","itemListElement":[{"@type":"ListItem","position":1,"name":"Home","item":"https:\/\/legitgrams.com\/"},{"@type":"ListItem","position":2,"name":"Shop","item":"https:\/\/legitgrams.com\/shop\/"},{"@type":"ListItem","position":3,"name":"Buy 4-CMC Crystal &#038; Powder Online"}]},{"@type":"WebSite","@id":"https:\/\/legitgrams.com\/#website","url":"https:\/\/legitgrams.com\/","name":"Gramas leg\u00edtimas","description":"O meu blogue WordPress","publisher":{"@id":"https:\/\/legitgrams.com\/#organization"},"potentialAction":[{"@type":"SearchAction","target":{"@type":"EntryPoint","urlTemplate":"https:\/\/legitgrams.com\/?s={search_term_string}"},"query-input":{"@type":"PropertyValueSpecification","valueRequired":true,"valueName":"search_term_string"}}],"inLanguage":"pt-PT"},{"@type":"Organization","@id":"https:\/\/legitgrams.com\/#organization","name":"Gramas leg\u00edtimas","url":"https:\/\/legitgrams.com\/","logo":{"@type":"ImageObject","inLanguage":"pt-PT","@id":"https:\/\/legitgrams.com\/#\/schema\/logo\/image\/","url":"https:\/\/legitgrams.com\/wp-content\/uploads\/2024\/09\/main-logo.png","contentUrl":"https:\/\/legitgrams.com\/wp-content\/uploads\/2024\/09\/main-logo.png","width":270,"height":75,"caption":"Legit Grams"},"image":{"@id":"https:\/\/legitgrams.com\/#\/schema\/logo\/image\/"}}]}},"uagb_featured_image_src":{"full":["https:\/\/legitgrams.com\/wp-content\/uploads\/2024\/09\/buy-4-cmc-crystal-powder-online-cheap.jpg",600,600,false],"thumbnail":["https:\/\/legitgrams.com\/wp-content\/uploads\/2024\/09\/buy-4-cmc-crystal-powder-online-cheap-150x150.jpg",150,150,true],"medium":["https:\/\/legitgrams.com\/wp-content\/uploads\/2024\/09\/buy-4-cmc-crystal-powder-online-cheap-300x300.jpg",300,300,true],"medium_large":["https:\/\/legitgrams.com\/wp-content\/uploads\/2024\/09\/buy-4-cmc-crystal-powder-online-cheap.jpg",600,600,false],"large":["https:\/\/legitgrams.com\/wp-content\/uploads\/2024\/09\/buy-4-cmc-crystal-powder-online-cheap.jpg",600,600,false],"1536x1536":["https:\/\/legitgrams.com\/wp-content\/uploads\/2024\/09\/buy-4-cmc-crystal-powder-online-cheap.jpg",600,600,false],"2048x2048":["https:\/\/legitgrams.com\/wp-content\/uploads\/2024\/09\/buy-4-cmc-crystal-powder-online-cheap.jpg",600,600,false],"trp-custom-language-flag":["https:\/\/legitgrams.com\/wp-content\/uploads\/2024\/09\/buy-4-cmc-crystal-powder-online-cheap-12x12.jpg",12,12,true],"woocommerce_thumbnail":["https:\/\/legitgrams.com\/wp-content\/uploads\/2024\/09\/buy-4-cmc-crystal-powder-online-cheap-300x300.jpg",300,300,true],"woocommerce_single":["https:\/\/legitgrams.com\/wp-content\/uploads\/2024\/09\/buy-4-cmc-crystal-powder-online-cheap.jpg",600,600,false],"woocommerce_gallery_thumbnail":["https:\/\/legitgrams.com\/wp-content\/uploads\/2024\/09\/buy-4-cmc-crystal-powder-online-cheap-100x100.jpg",100,100,true]},"uagb_author_info":{"display_name":"cokeblog18","author_link":"https:\/\/legitgrams.com\/pt\/author\/"},"uagb_comment_info":1,"uagb_excerpt":"4-CMC for Sale Acquire massive quantities of 99% pure Crystal &amp; Powder 4-CMC. Right now, place an online order with us. Wholesale prices for inexpensive research chemicals 4-CMC, sometimes known as clephedron, is a cathinone-class stimulant that is available as powder and crystals. 1-2-(chlorophenyl)-1-propanone 1- 1-(methylamino) To be used exclusively with reagents Category: Purchase Research&hellip;","_links":{"self":[{"href":"https:\/\/legitgrams.com\/pt\/wp-json\/wp\/v2\/product\/3983","targetHints":{"allow":["GET"]}}],"collection":[{"href":"https:\/\/legitgrams.com\/pt\/wp-json\/wp\/v2\/product"}],"about":[{"href":"https:\/\/legitgrams.com\/pt\/wp-json\/wp\/v2\/types\/product"}],"replies":[{"embeddable":true,"href":"https:\/\/legitgrams.com\/pt\/wp-json\/wp\/v2\/comments?post=3983"}],"wp:featuredmedia":[{"embeddable":true,"href":"https:\/\/legitgrams.com\/pt\/wp-json\/wp\/v2\/media\/5251"}],"wp:attachment":[{"href":"https:\/\/legitgrams.com\/pt\/wp-json\/wp\/v2\/media?parent=3983"}],"wp:term":[{"taxonomy":"product_brand","embeddable":true,"href":"https:\/\/legitgrams.com\/pt\/wp-json\/wp\/v2\/product_brand?post=3983"},{"taxonomy":"product_cat","embeddable":true,"href":"https:\/\/legitgrams.com\/pt\/wp-json\/wp\/v2\/product_cat?post=3983"},{"taxonomy":"product_tag","embeddable":true,"href":"https:\/\/legitgrams.com\/pt\/wp-json\/wp\/v2\/product_tag?post=3983"}],"curies":[{"name":"wp","href":"https:\/\/api.w.org\/{rel}","templated":true}]}}