{"id":3986,"date":"2024-09-21T06:56:39","date_gmt":"2024-09-21T06:56:39","guid":{"rendered":"https:\/\/legitgrams.com\/?post_type=product&#038;p=3986"},"modified":"2025-04-04T10:03:06","modified_gmt":"2025-04-04T10:03:06","slug":"mefedrona-4mmc","status":"publish","type":"product","link":"https:\/\/legitgrams.com\/pt\/produto\/mefedrona-4mmc\/","title":{"rendered":"Comprar Mephedrone 4MMC Online"},"content":{"rendered":"<h2>Compre Mefedrona 4MMC Online<\/h2>\n<p>Para qualquer uma de suas exig\u00eancias e solicita\u00e7\u00f5es, estamos aqui para ajudar. Para fazer seu pedido confortavelmente, entre em contato com nossa loja online. Agora voc\u00ea pode clicar para obter tudo o que precisa. Entre em contato conosco imediatamente! <a href=\"https:\/\/legitgrams.com\/pt\/produto\/mefedrona-4mmc\/\">Mefedrona 4MMC<\/a>.<\/p>\n<h3>Compre Mefedrona Online<\/h3>\n<p><a href=\"https:\/\/www.bing.com\/search?q=CompreMefedrona4MMCOnline&amp;qs=n&amp;form=QBRE&amp;sp=-1&amp;lq=0&amp;pq=compremefedrona4mmconline&amp;sc=0-28&amp;sk=&amp;cvid=FFC5581B20AD41F69AD66E6605433CB3&amp;ghsh=0&amp;ghacc=0&amp;ghpl=\">Online mephedrone purchase<\/a>: N\u00f3s nos estabelecemos como comerciantes de regras de mefedrona nos EUA, Austr\u00e1lia e outras regi\u00f5es, e somos l\u00edderes mundiais na distribui\u00e7\u00e3o de medicamentos projetados com 4-MMC. Outros vaporizadores para materiais \u00famidos Nossa mefedrona, tamb\u00e9m chamada de 4-metilmetcatinona (4-MMC), \u00e9 superior.<\/p>\n<p>Compre Mephedrone Powder pelos Pre\u00e7os Mais Baixos para Mephedrone de Alta Pureza e Outras Fenetilaminas Substitu\u00eddas. Um desconto \u00e9 oferecido. Envio r\u00e1pido para qualquer lugar do planeta.<\/p>\n<p>Adquirir <a href=\"https:\/\/www.google.com\/search?q=Compre+Mefedrona+4MMC+Online&amp;sca_esv=eddefdb7b92e7545&amp;sxsrf=AHTn8zrZSfrw9WAF23HQ-c7L6rt_7wSsOg1743761336890&amp;ei=uK_vZ9KKNqeK4-EPqYqqqAg&amp;ved=0ahUKEwjSxruYkb6MAxUnxTgGHSmFCoUQ4dUDCBA&amp;uact=5&amp;oq=Compre+Mefedrona+4MMC+Online&amp;gs_lp=Egxnd3Mtd2l6LXNlcnAiHENvbXByZSBNZWZlZHJvbmEgNE1NQyBPbmxpbmVIAFAAWABwAHgAkAEAmAEAoAEAqgEAuAEDyAEA-AECmAIAoAIAmAMAkgcAoAcAsgcAuAcA&amp;sclient=gws-wiz-serp\">Poudre de MMC<\/a> obtain mephedrone (MMC) powder. Other names for <a href=\"https:\/\/en.wikipedia.org\/wiki\/Mephedrone\">MMC (mefedrona)<\/a> incluem 4-metilefedrona e 4-metilmetcatinona.<\/p>\n<p>O pedido on-line est\u00e1 dispon\u00edvel para mefedrona: M-CAT, 4-MMC. A mefedrona pertence \u00e0 fam\u00edlia qu\u00edmica das catinonas e \u00e9 um estimulante. Entre os muitos medicamentos sint\u00e9ticos que s\u00e3o acess\u00edveis est\u00e1 o p\u00f3 de metcatinona (cristal de 4-metil metcatinona). ou medicamentos aprovados que foram relatados recentemente<\/p>\n<p>Onde posso encontrar sais de banho de mefedrona?<\/p>\n<p>Information on <a href=\"https:\/\/duckduckgo.com\/?q=Buy+Mephedrone+4MMC+Online&amp;t=h_&amp;ia=web\">Mefedrona<\/a> In the US, UK, Australia, and other nations, mephedrone\u2014also referred to as 1- (4-methylphenyl) -2-methylaminopropan-1-one or dimethylmetcathinone\u2014is currently offered for sale in wet carts. The possible names were Mcat, 4-MMC, MM-Cat, Meow, or 4-methylmethcathinone. Mephedrone was initially purified using the African herb khat. This medication is an entactogenic and is a member of the amphetamine, cathinone, and phenethylamine families stimulant that produces slight exhilaration and decreases desire.<\/p>\n<p>Compre mefedrona online e receba imediatamente. Assim como seu parente \u00e0 base de MDMA, ele responde para promover a compaix\u00e3o. A mistura \u00e9 valiosa para pesquisa porque, como coca\u00edna ou anfetamina, ela se degrada nas sinapses. Compre mefedrona online. A mefedrona \u00e9 vendida como um p\u00f3 branco cremoso ou como gr\u00e2nulos. <a href=\"https:\/\/legitgrams.com\/pt\/\">LegitGrams<\/a><\/p>\n<h3>Onde posso comprar mefedrona?<\/h3>\n<p>Al\u00e9m de ser uma droga recreativa ilegal bem conhecida, a mefedrona \u00e9 um ingrediente essencial para plantas, particularmente aquelas que produzem sais de banho. As linhas que separam o uso ilegal do agr\u00edcola se tornam cada vez mais nebulosas, aumentando a incerteza.<\/p>\n<h3>Dez gramas por US$ 250<\/h3>\n<p>Compre on-line mefedrina 4MMC: compre mefedrona, compre mefedrona na Espanha, compre mefedrona on-line, O local onde a mefedrona pode ser comprada nutrientes para plantas de mefedrona, onde comprar plantas de mefedrona para venda, onde comprar 4mmc on-line, fornecedores, entrega segura, Voc\u00ea ainda tem acesso ao \u00f3pio. A Espanha permite o uso de mefedrona para alimentos vegetais? Como posso usar mefedrona para fazer alimentos vegetais? A mefedrona \u00e9 legal na Espanha?<\/p>\n<h2><\/h2>\n<p>&nbsp;<\/p>","protected":false},"excerpt":{"rendered":"<p>Purchase Mephedrone 4MMC Online For any of your requirements and requests, we are here to help. To place your order comfortably, get in touch with our online store. You can now click to get anything you need. Get in touch with us immediately! Mephedrone 4MMC. Purchase Mephedrone Online Online mephedrone purchase: We have established ourselves &hellip;<\/p>\n<p class=\"read-more\"> <a class=\"\" href=\"https:\/\/legitgrams.com\/pt\/produto\/mefedrona-4mmc\/\"> <span class=\"screen-reader-text\">Comprar Mephedrone 4MMC Online<\/span> Ler mais \"<\/a><\/p>","protected":false},"featured_media":5287,"comment_status":"open","ping_status":"closed","template":"","meta":{"_uag_custom_page_level_css":"","site-sidebar-layout":"default","site-content-layout":"default","ast-global-header-display":"","ast-main-header-display":"","ast-hfb-above-header-display":"","ast-hfb-below-header-display":"","ast-hfb-mobile-header-display":"","site-post-title":"","ast-breadcrumbs-content":"","ast-featured-img":"","footer-sml-layout":"","theme-transparent-header-meta":"default","adv-header-id-meta":"","stick-header-meta":"default","header-above-stick-meta":"","header-main-stick-meta":"","header-below-stick-meta":"","_joinchat":[]},"product_brand":[],"product_cat":[600],"product_tag":[3153,3143,617,3135,3150,3147,3142,3134,3137,3145,3138,3136,3146,3148,3155,3156,3154,3151,3140,3152,3149,625,3141,3144,3139],"class_list":{"0":"post-3986","1":"product","2":"type-product","3":"status-publish","4":"has-post-thumbnail","6":"product_cat-research-chemicals-and-bath-salt","7":"product_tag-best-cheap-price-mephedrone-4mmc","8":"product_tag-best-place-to-buy-mephedrone-4mmc","9":"product_tag-bulk-online","10":"product_tag-buy-mephedrone-4mmc","11":"product_tag-cheap-mephedrone-4mmc","12":"product_tag-high-quality-mephedrone-4mmc","13":"product_tag-how-to-buy-mephedrone-4mmc","14":"product_tag-mephedrone-4mmc","15":"product_tag-mephedrone-4mmc-for-sale","16":"product_tag-mephedrone-4mmc-legally","17":"product_tag-mephedrone-4mmc-mephedrone-4mmc-supplier","18":"product_tag-mephedrone-4mmc-online","19":"product_tag-mephedrone-4mmc-price","20":"product_tag-mephedrone-4mmc-store","21":"product_tag-mephedrone-4mmc-use","22":"product_tag-mephedrone-4mmc-wiki","23":"product_tag-mephedrone-4mmc-worldwide","24":"product_tag-mephedrone-4mmcs","25":"product_tag-order-mephedrone-4mmc","26":"product_tag-purcharse-mephedrone-4mmc","27":"product_tag-shop-mephedrone-4mmc","28":"product_tag-top-quality","29":"product_tag-where-to-buy-mephedrone-4mmc","30":"product_tag-where-to-order-mephedrone-4mmc","31":"product_tag-wholesale-mephedrone-4mmc","32":"desktop-align-left","33":"tablet-align-left","34":"mobile-align-left","35":"ast-product-gallery-layout-horizontal","36":"ast-product-gallery-with-no-image","37":"ast-product-single-variable","38":"ast-product-tabs-layout-horizontal","39":"ast-qv-on-image","41":"first","42":"instock","43":"shipping-taxable","44":"purchasable","45":"product-type-variable"},"yoast_head":"<!-- This site is optimized with the Yoast SEO plugin v25.9 - https:\/\/yoast.com\/wordpress\/plugins\/seo\/ -->\n<title>Mephedrone 4MMC for Sale - Order Mephedrone 4MMC Online<\/title>\n<meta name=\"description\" content=\"You can buy Mephedrone 4MMC online at the best prices from our online store. We have cheap and high-quality Mephedrone 4MMC for sale and providing worldwide delivery. You can order from anytime, anywhere.\" \/>\n<meta name=\"robots\" content=\"index, follow, max-snippet:-1, max-image-preview:large, max-video-preview:-1\" \/>\n<link rel=\"canonical\" href=\"https:\/\/legitgrams.com\/pt\/produto\/mefedrona-4mmc\/\" \/>\n<meta property=\"og:locale\" content=\"pt_PT\" \/>\n<meta property=\"og:type\" content=\"article\" \/>\n<meta property=\"og:title\" content=\"Mephedrone 4MMC for Sale - Order Mephedrone 4MMC Online\" \/>\n<meta property=\"og:description\" content=\"You can buy Mephedrone 4MMC online at the best prices from our online store. We have cheap and high-quality Mephedrone 4MMC for sale and providing worldwide delivery. You can order from anytime, anywhere.\" \/>\n<meta property=\"og:url\" content=\"https:\/\/legitgrams.com\/pt\/produto\/mefedrona-4mmc\/\" \/>\n<meta property=\"og:site_name\" content=\"Legit Grams\" \/>\n<meta property=\"article:modified_time\" content=\"2025-04-04T10:03:06+00:00\" \/>\n<meta property=\"og:image\" content=\"https:\/\/legitgrams.com\/wp-content\/uploads\/2024\/09\/buy-4mmc-mephedrone.jpg\" \/>\n\t<meta property=\"og:image:width\" content=\"600\" \/>\n\t<meta property=\"og:image:height\" content=\"600\" \/>\n\t<meta property=\"og:image:type\" content=\"image\/jpeg\" \/>\n<meta name=\"twitter:card\" content=\"summary_large_image\" \/>\n<meta name=\"twitter:label1\" content=\"Tempo estimado de leitura\" \/>\n\t<meta name=\"twitter:data1\" content=\"3 minutos\" \/>\n<script type=\"application\/ld+json\" class=\"yoast-schema-graph\">{\"@context\":\"https:\/\/schema.org\",\"@graph\":[{\"@type\":\"WebPage\",\"@id\":\"https:\/\/legitgrams.com\/product\/mephedrone-4mmc\/\",\"url\":\"https:\/\/legitgrams.com\/product\/mephedrone-4mmc\/\",\"name\":\"Mephedrone 4MMC for Sale - Order Mephedrone 4MMC Online\",\"isPartOf\":{\"@id\":\"https:\/\/legitgrams.com\/#website\"},\"primaryImageOfPage\":{\"@id\":\"https:\/\/legitgrams.com\/product\/mephedrone-4mmc\/#primaryimage\"},\"image\":{\"@id\":\"https:\/\/legitgrams.com\/product\/mephedrone-4mmc\/#primaryimage\"},\"thumbnailUrl\":\"https:\/\/legitgrams.com\/wp-content\/uploads\/2024\/09\/buy-4mmc-mephedrone.jpg\",\"datePublished\":\"2024-09-21T06:56:39+00:00\",\"dateModified\":\"2025-04-04T10:03:06+00:00\",\"description\":\"You can buy Mephedrone 4MMC online at the best prices from our online store. We have cheap and high-quality Mephedrone 4MMC for sale and providing worldwide delivery. You can order from anytime, anywhere.\",\"breadcrumb\":{\"@id\":\"https:\/\/legitgrams.com\/product\/mephedrone-4mmc\/#breadcrumb\"},\"inLanguage\":\"pt-PT\",\"potentialAction\":[{\"@type\":\"ReadAction\",\"target\":[\"https:\/\/legitgrams.com\/product\/mephedrone-4mmc\/\"]}]},{\"@type\":\"ImageObject\",\"inLanguage\":\"pt-PT\",\"@id\":\"https:\/\/legitgrams.com\/product\/mephedrone-4mmc\/#primaryimage\",\"url\":\"https:\/\/legitgrams.com\/wp-content\/uploads\/2024\/09\/buy-4mmc-mephedrone.jpg\",\"contentUrl\":\"https:\/\/legitgrams.com\/wp-content\/uploads\/2024\/09\/buy-4mmc-mephedrone.jpg\",\"width\":600,\"height\":600,\"caption\":\"Mephedrone 4MMC for Sale\"},{\"@type\":\"BreadcrumbList\",\"@id\":\"https:\/\/legitgrams.com\/product\/mephedrone-4mmc\/#breadcrumb\",\"itemListElement\":[{\"@type\":\"ListItem\",\"position\":1,\"name\":\"Home\",\"item\":\"https:\/\/legitgrams.com\/\"},{\"@type\":\"ListItem\",\"position\":2,\"name\":\"Shop\",\"item\":\"https:\/\/legitgrams.com\/shop\/\"},{\"@type\":\"ListItem\",\"position\":3,\"name\":\"Buy Mephedrone 4MMC Online\"}]},{\"@type\":\"WebSite\",\"@id\":\"https:\/\/legitgrams.com\/#website\",\"url\":\"https:\/\/legitgrams.com\/\",\"name\":\"Legit Grams\",\"description\":\"My WordPress Blog\",\"publisher\":{\"@id\":\"https:\/\/legitgrams.com\/#organization\"},\"potentialAction\":[{\"@type\":\"SearchAction\",\"target\":{\"@type\":\"EntryPoint\",\"urlTemplate\":\"https:\/\/legitgrams.com\/?s={search_term_string}\"},\"query-input\":{\"@type\":\"PropertyValueSpecification\",\"valueRequired\":true,\"valueName\":\"search_term_string\"}}],\"inLanguage\":\"pt-PT\"},{\"@type\":\"Organization\",\"@id\":\"https:\/\/legitgrams.com\/#organization\",\"name\":\"Legit Grams\",\"url\":\"https:\/\/legitgrams.com\/\",\"logo\":{\"@type\":\"ImageObject\",\"inLanguage\":\"pt-PT\",\"@id\":\"https:\/\/legitgrams.com\/#\/schema\/logo\/image\/\",\"url\":\"https:\/\/legitgrams.com\/wp-content\/uploads\/2024\/09\/main-logo.png\",\"contentUrl\":\"https:\/\/legitgrams.com\/wp-content\/uploads\/2024\/09\/main-logo.png\",\"width\":270,\"height\":75,\"caption\":\"Legit Grams\"},\"image\":{\"@id\":\"https:\/\/legitgrams.com\/#\/schema\/logo\/image\/\"}}]}<\/script>\n<!-- \/ Yoast SEO plugin. -->","yoast_head_json":{"title":"Mephedrone 4MMC para venda - Encomendar Mephedrone 4MMC online","description":"Pode comprar Mephedrone 4MMC online ao melhor pre\u00e7o na nossa loja online. Temos barato e de alta qualidade Mephedrone 4MMC para venda e fornecendo entrega em todo o mundo. Pode encomendar a qualquer altura e em qualquer lugar.","robots":{"index":"index","follow":"follow","max-snippet":"max-snippet:-1","max-image-preview":"max-image-preview:large","max-video-preview":"max-video-preview:-1"},"canonical":"https:\/\/legitgrams.com\/pt\/produto\/mefedrona-4mmc\/","og_locale":"pt_PT","og_type":"article","og_title":"Mephedrone 4MMC for Sale - Order Mephedrone 4MMC Online","og_description":"You can buy Mephedrone 4MMC online at the best prices from our online store. We have cheap and high-quality Mephedrone 4MMC for sale and providing worldwide delivery. You can order from anytime, anywhere.","og_url":"https:\/\/legitgrams.com\/pt\/produto\/mefedrona-4mmc\/","og_site_name":"Legit Grams","article_modified_time":"2025-04-04T10:03:06+00:00","og_image":[{"width":600,"height":600,"url":"https:\/\/legitgrams.com\/wp-content\/uploads\/2024\/09\/buy-4mmc-mephedrone.jpg","type":"image\/jpeg"}],"twitter_card":"summary_large_image","twitter_misc":{"Tempo estimado de leitura":"3 minutos"},"schema":{"@context":"https:\/\/schema.org","@graph":[{"@type":"WebPage","@id":"https:\/\/legitgrams.com\/product\/mephedrone-4mmc\/","url":"https:\/\/legitgrams.com\/product\/mephedrone-4mmc\/","name":"Mephedrone 4MMC para venda - Encomendar Mephedrone 4MMC online","isPartOf":{"@id":"https:\/\/legitgrams.com\/#website"},"primaryImageOfPage":{"@id":"https:\/\/legitgrams.com\/product\/mephedrone-4mmc\/#primaryimage"},"image":{"@id":"https:\/\/legitgrams.com\/product\/mephedrone-4mmc\/#primaryimage"},"thumbnailUrl":"https:\/\/legitgrams.com\/wp-content\/uploads\/2024\/09\/buy-4mmc-mephedrone.jpg","datePublished":"2024-09-21T06:56:39+00:00","dateModified":"2025-04-04T10:03:06+00:00","description":"Pode comprar Mephedrone 4MMC online ao melhor pre\u00e7o na nossa loja online. Temos barato e de alta qualidade Mephedrone 4MMC para venda e fornecendo entrega em todo o mundo. Pode encomendar a qualquer altura e em qualquer lugar.","breadcrumb":{"@id":"https:\/\/legitgrams.com\/product\/mephedrone-4mmc\/#breadcrumb"},"inLanguage":"pt-PT","potentialAction":[{"@type":"ReadAction","target":["https:\/\/legitgrams.com\/product\/mephedrone-4mmc\/"]}]},{"@type":"ImageObject","inLanguage":"pt-PT","@id":"https:\/\/legitgrams.com\/product\/mephedrone-4mmc\/#primaryimage","url":"https:\/\/legitgrams.com\/wp-content\/uploads\/2024\/09\/buy-4mmc-mephedrone.jpg","contentUrl":"https:\/\/legitgrams.com\/wp-content\/uploads\/2024\/09\/buy-4mmc-mephedrone.jpg","width":600,"height":600,"caption":"Mephedrone 4MMC for Sale"},{"@type":"BreadcrumbList","@id":"https:\/\/legitgrams.com\/product\/mephedrone-4mmc\/#breadcrumb","itemListElement":[{"@type":"ListItem","position":1,"name":"Home","item":"https:\/\/legitgrams.com\/"},{"@type":"ListItem","position":2,"name":"Shop","item":"https:\/\/legitgrams.com\/shop\/"},{"@type":"ListItem","position":3,"name":"Buy Mephedrone 4MMC Online"}]},{"@type":"WebSite","@id":"https:\/\/legitgrams.com\/#website","url":"https:\/\/legitgrams.com\/","name":"Gramas leg\u00edtimas","description":"O meu blogue WordPress","publisher":{"@id":"https:\/\/legitgrams.com\/#organization"},"potentialAction":[{"@type":"SearchAction","target":{"@type":"EntryPoint","urlTemplate":"https:\/\/legitgrams.com\/?s={search_term_string}"},"query-input":{"@type":"PropertyValueSpecification","valueRequired":true,"valueName":"search_term_string"}}],"inLanguage":"pt-PT"},{"@type":"Organization","@id":"https:\/\/legitgrams.com\/#organization","name":"Gramas leg\u00edtimas","url":"https:\/\/legitgrams.com\/","logo":{"@type":"ImageObject","inLanguage":"pt-PT","@id":"https:\/\/legitgrams.com\/#\/schema\/logo\/image\/","url":"https:\/\/legitgrams.com\/wp-content\/uploads\/2024\/09\/main-logo.png","contentUrl":"https:\/\/legitgrams.com\/wp-content\/uploads\/2024\/09\/main-logo.png","width":270,"height":75,"caption":"Legit Grams"},"image":{"@id":"https:\/\/legitgrams.com\/#\/schema\/logo\/image\/"}}]}},"uagb_featured_image_src":{"full":["https:\/\/legitgrams.com\/wp-content\/uploads\/2024\/09\/buy-4mmc-mephedrone.jpg",600,600,false],"thumbnail":["https:\/\/legitgrams.com\/wp-content\/uploads\/2024\/09\/buy-4mmc-mephedrone-150x150.jpg",150,150,true],"medium":["https:\/\/legitgrams.com\/wp-content\/uploads\/2024\/09\/buy-4mmc-mephedrone-300x300.jpg",300,300,true],"medium_large":["https:\/\/legitgrams.com\/wp-content\/uploads\/2024\/09\/buy-4mmc-mephedrone.jpg",600,600,false],"large":["https:\/\/legitgrams.com\/wp-content\/uploads\/2024\/09\/buy-4mmc-mephedrone.jpg",600,600,false],"1536x1536":["https:\/\/legitgrams.com\/wp-content\/uploads\/2024\/09\/buy-4mmc-mephedrone.jpg",600,600,false],"2048x2048":["https:\/\/legitgrams.com\/wp-content\/uploads\/2024\/09\/buy-4mmc-mephedrone.jpg",600,600,false],"trp-custom-language-flag":["https:\/\/legitgrams.com\/wp-content\/uploads\/2024\/09\/buy-4mmc-mephedrone-12x12.jpg",12,12,true],"woocommerce_thumbnail":["https:\/\/legitgrams.com\/wp-content\/uploads\/2024\/09\/buy-4mmc-mephedrone-300x300.jpg",300,300,true],"woocommerce_single":["https:\/\/legitgrams.com\/wp-content\/uploads\/2024\/09\/buy-4mmc-mephedrone.jpg",600,600,false],"woocommerce_gallery_thumbnail":["https:\/\/legitgrams.com\/wp-content\/uploads\/2024\/09\/buy-4mmc-mephedrone-100x100.jpg",100,100,true]},"uagb_author_info":{"display_name":"cokeblog18","author_link":"https:\/\/legitgrams.com\/pt\/author\/"},"uagb_comment_info":0,"uagb_excerpt":"Purchase Mephedrone 4MMC Online For any of your requirements and requests, we are here to help. To place your order comfortably, get in touch with our online store. You can now click to get anything you need. Get in touch with us immediately! Mephedrone 4MMC. Purchase Mephedrone Online Online mephedrone purchase: We have established ourselves&hellip;","_links":{"self":[{"href":"https:\/\/legitgrams.com\/pt\/wp-json\/wp\/v2\/product\/3986","targetHints":{"allow":["GET"]}}],"collection":[{"href":"https:\/\/legitgrams.com\/pt\/wp-json\/wp\/v2\/product"}],"about":[{"href":"https:\/\/legitgrams.com\/pt\/wp-json\/wp\/v2\/types\/product"}],"replies":[{"embeddable":true,"href":"https:\/\/legitgrams.com\/pt\/wp-json\/wp\/v2\/comments?post=3986"}],"wp:featuredmedia":[{"embeddable":true,"href":"https:\/\/legitgrams.com\/pt\/wp-json\/wp\/v2\/media\/5287"}],"wp:attachment":[{"href":"https:\/\/legitgrams.com\/pt\/wp-json\/wp\/v2\/media?parent=3986"}],"wp:term":[{"taxonomy":"product_brand","embeddable":true,"href":"https:\/\/legitgrams.com\/pt\/wp-json\/wp\/v2\/product_brand?post=3986"},{"taxonomy":"product_cat","embeddable":true,"href":"https:\/\/legitgrams.com\/pt\/wp-json\/wp\/v2\/product_cat?post=3986"},{"taxonomy":"product_tag","embeddable":true,"href":"https:\/\/legitgrams.com\/pt\/wp-json\/wp\/v2\/product_tag?post=3986"}],"curies":[{"name":"wp","href":"https:\/\/api.w.org\/{rel}","templated":true}]}}