{"id":4004,"date":"2024-09-21T07:51:28","date_gmt":"2024-09-21T07:51:28","guid":{"rendered":"https:\/\/legitgrams.com\/?post_type=product&#038;p=4004"},"modified":"2025-04-04T07:35:26","modified_gmt":"2025-04-04T07:35:26","slug":"papel-k2","status":"publish","type":"product","link":"https:\/\/legitgrams.com\/pt\/produto\/papel-k2\/","title":{"rendered":"Compre K2 Paper Online"},"content":{"rendered":"<h2>Compre papel K2 online.<br \/>\nReceba folhas de papel K2 baratas diretamente na sua casa.<\/h2>\n<p>Comprar <a href=\"https:\/\/legitgrams.com\/pt\/produto\/papel-k2\/\">Papel K2<\/a> online. Os usu\u00e1rios de cannabis est\u00e3o cada vez mais se voltando para a maconha sint\u00e9tica. Uma mistura de produtos qu\u00edmicos artificiais e material vegetal finamente picado com efeitos psicod\u00e9licos \u00e9 conhecida como <a href=\"https:\/\/www.bing.com\/search?q=CompreK2PaperOnline&amp;qs=n&amp;form=QBRE&amp;sp=-1&amp;ghc=1&amp;lq=0&amp;pq=comprek2paperonline&amp;sc=12-22&amp;sk=&amp;cvid=EC4312EF388847D68138B710187C73A2&amp;ghsh=0&amp;ghacc=0&amp;ghpl=\">K2<\/a>- papel infundido. Pesquisas indicam que os produtos qu\u00edmicos se ligam aos mesmos receptores nas c\u00e9lulas nervosas do c\u00e9rebro que o THC, o que resulta em percep\u00e7\u00e3o alterada, psicose, relaxamento e humor elevado. Para obter produtos de alta qualidade, voc\u00ea s\u00f3 precisa visitar nossa loja online confi\u00e1vel. N\u00f3s compramos nossos produtos exclusivamente de fabricantes respeit\u00e1veis \u200b\u200bpara garantir a seguran\u00e7a de nossos clientes. Voc\u00ea n\u00e3o vai se arrepender de nos experimentar, ent\u00e3o, por favor, fa\u00e7a isso. CONTATE-NOS <a href=\"https:\/\/legitgrams.com\/pt\/\">LegitGrams<\/a><\/p>\n<p>Produtos qu\u00edmicos chamados canabinoides s\u00e3o encontrados naturalmente em plantas de maconha e agem como constituintes de v\u00e1rios produtos farmac\u00eauticos sint\u00e9ticos. O ingrediente ativo na cannabis e o papel sint\u00e9tico da maconha K2 s\u00e3o quimicamente compar\u00e1veis. Os efeitos s\u00e3o mais pronunciados no final de uma sess\u00e3o, e a pessoa pode se sentir calma e elevada. A maconha est\u00e1 sendo usada como um substituto seguro para uma variedade de prop\u00f3sitos recreativos e medicinais \u00e0 medida que mais pessoas se conscientizam de seus verdadeiros benef\u00edcios \u00e0 sa\u00fade. No entanto, voc\u00ea deve monitorar sua dosagem porque o uso excessivo pode resultar em efeitos colaterais adversos, como ansiedade, alucina\u00e7\u00f5es, press\u00e3o alta, desconforto no peito, dispneia, convuls\u00f5es e v\u00f4mitos. Al\u00e9m disso, <a href=\"https:\/\/www.google.com\/search?q=Buy+K2+Paper+Online&amp;num=10&amp;sca_esv=1a2a07081c7891bb&amp;rlz=1C1RXQR_enIN1098IN1098&amp;sxsrf=AHTn8zo6KND-vLPK91ycz-gl24HROHOyKg%3A1742187805538&amp;ei=Ha3XZ67HIMrCjuMP4vKnsQk&amp;ved=0ahUKEwjuyZ-qq5CMAxVKoWMGHWL5KZYQ4dUDCBA&amp;uact=5&amp;oq=Buy+K2+Paper+Online&amp;gs_lp=Egxnd3Mtd2l6LXNlcnAiE0J1eSBLMiBQYXBlciBPbmxpbmVIsglQ4QVY4QVwA3gAkAEAmAG8AaABvAGqAQMwLjG4AQPIAQD4AQL4AQGYAgCgAgCYAwCIBgGSBwCgB0c&amp;sclient=gws-wiz-serp\">certain K2 spice<\/a> produtos no mercado podem incluir produtos qu\u00edmicos perigosos. Portanto, \u00e9 essencial comprar de um fornecedor confi\u00e1vel.<\/p>\n<p>Voc\u00ea est\u00e1 procurando os melhores itens herbais para comprar? N\u00f3s oferecemos a voc\u00ea uma excelente escolha para comprar papel K2 online a um pre\u00e7o justo, e temos uma base de consumidores global consider\u00e1vel. Al\u00e9m de ter a maior sele\u00e7\u00e3o de produtos, tamb\u00e9m oferecemos m\u00e9todos de pagamento seguros e remessa discreta. Parar em lojas de conveni\u00eancia ou locais de descanso pr\u00f3ximos n\u00e3o \u00e9 obrigat\u00f3rio. A empresa trabalha constantemente para aumentar o calibre de seus produtos e suporte ao cliente para permanecer competitiva. Sua satisfa\u00e7\u00e3o \u00e9 nossa maior prioridade, e temos uma equipe experiente para lidar com quaisquer problemas. Se voc\u00ea tiver alguma d\u00favida ou preocupa\u00e7\u00e3o, n\u00e3o tenha medo de entrar em contato conosco.<\/p>\n<p>Papel K2 para venda a baixo custo <a href=\"https:\/\/en.wikipedia.org\/wiki\/K2\">K2<\/a>-infused document, Law you can buy spice paper, liquid K2 on paper, and <a href=\"https:\/\/duckduckgo.com\/?q=Buy+K2+Paper+Online&amp;t=h_&amp;ia=web\">high K2 spice paper<\/a> online.<\/p>\n<h2><\/h2>\n<h2><\/h2>\n<p>&nbsp;<\/p>","protected":false},"excerpt":{"rendered":"<p>Purchase K2 paper online. Get cheap K2 paper sheets delivered straight to your home. Buy K2 paper online. Cannabis users are increasingly turning to synthetic marijuana. A blend of artificial chemicals and finely chopped plant material with psychedelic effects is known as K2-infused paper. Research indicates that the chemicals bind to the same receptors on &hellip;<\/p>\n<p class=\"read-more\"> <a class=\"\" href=\"https:\/\/legitgrams.com\/pt\/produto\/papel-k2\/\"> <span class=\"screen-reader-text\">Compre K2 Paper Online<\/span> Ler mais \"<\/a><\/p>","protected":false},"featured_media":5342,"comment_status":"open","ping_status":"closed","template":"","meta":{"_uag_custom_page_level_css":"","site-sidebar-layout":"default","site-content-layout":"default","ast-global-header-display":"","ast-main-header-display":"","ast-hfb-above-header-display":"","ast-hfb-below-header-display":"","ast-hfb-mobile-header-display":"","site-post-title":"","ast-breadcrumbs-content":"","ast-featured-img":"","footer-sml-layout":"","theme-transparent-header-meta":"default","adv-header-id-meta":"","stick-header-meta":"default","header-above-stick-meta":"","header-main-stick-meta":"","header-below-stick-meta":"","_joinchat":[]},"product_brand":[],"product_cat":[602],"product_tag":[2992,2982,617,2974,2989,2986,2981,2973,2976,2977,2984,2975,2985,2987,2994,2995,2993,2990,2979,2991,2988,625,2980,2983,2978],"class_list":{"0":"post-4004","1":"product","2":"type-product","3":"status-publish","4":"has-post-thumbnail","6":"product_cat-k2-paper-and-spray","7":"product_tag-best-cheap-price-k2-paper","8":"product_tag-best-place-to-buy-k2-paper","9":"product_tag-bulk-online","10":"product_tag-buy-k2-paper","11":"product_tag-cheap-k2-paper","12":"product_tag-high-quality-k2-paper","13":"product_tag-how-to-buy-k2-paper","14":"product_tag-k2-paper","15":"product_tag-k2-paper-for-sale","16":"product_tag-k2-paper-k2-paper-supplier","17":"product_tag-k2-paper-legally","18":"product_tag-k2-paper-online","19":"product_tag-k2-paper-price","20":"product_tag-k2-paper-store","21":"product_tag-k2-paper-use","22":"product_tag-k2-paper-wiki","23":"product_tag-k2-paper-worldwide","24":"product_tag-k2-papers","25":"product_tag-order-k2-paper","26":"product_tag-purcharse-k2-paper","27":"product_tag-shop-k2-paper","28":"product_tag-top-quality","29":"product_tag-where-to-buy-k2-paper","30":"product_tag-where-to-order-k2-paper","31":"product_tag-wholesale-k2-paper","32":"desktop-align-left","33":"tablet-align-left","34":"mobile-align-left","35":"ast-product-gallery-layout-horizontal","36":"ast-product-gallery-with-no-image","37":"ast-product-single-variable","38":"ast-product-tabs-layout-horizontal","39":"ast-qv-on-image","41":"first","42":"instock","43":"shipping-taxable","44":"purchasable","45":"product-type-variable"},"yoast_head":"<!-- This site is optimized with the Yoast SEO plugin v25.9 - https:\/\/yoast.com\/wordpress\/plugins\/seo\/ -->\n<title>K2 Paper for Sale - Order K2 Paper Online | LegitGrams<\/title>\n<meta name=\"description\" content=\"Your order for K2 paper for sale is our responsibility. We will take your order to buy K2 paper into consideration and reach you in a short period. Place bulk orders now!\" \/>\n<meta name=\"robots\" content=\"index, follow, max-snippet:-1, max-image-preview:large, max-video-preview:-1\" \/>\n<link rel=\"canonical\" href=\"https:\/\/legitgrams.com\/pt\/produto\/papel-k2\/\" \/>\n<meta property=\"og:locale\" content=\"pt_PT\" \/>\n<meta property=\"og:type\" content=\"article\" \/>\n<meta property=\"og:title\" content=\"K2 Paper for Sale - Order K2 Paper Online | LegitGrams\" \/>\n<meta property=\"og:description\" content=\"Your order for K2 paper for sale is our responsibility. We will take your order to buy K2 paper into consideration and reach you in a short period. Place bulk orders now!\" \/>\n<meta property=\"og:url\" content=\"https:\/\/legitgrams.com\/pt\/produto\/papel-k2\/\" \/>\n<meta property=\"og:site_name\" content=\"Legit Grams\" \/>\n<meta property=\"article:modified_time\" content=\"2025-04-04T07:35:26+00:00\" \/>\n<meta property=\"og:image\" content=\"https:\/\/legitgrams.com\/wp-content\/uploads\/2024\/09\/Buy-K2-paper-online.jpg\" \/>\n\t<meta property=\"og:image:width\" content=\"600\" \/>\n\t<meta property=\"og:image:height\" content=\"600\" \/>\n\t<meta property=\"og:image:type\" content=\"image\/jpeg\" \/>\n<meta name=\"twitter:card\" content=\"summary_large_image\" \/>\n<meta name=\"twitter:label1\" content=\"Tempo estimado de leitura\" \/>\n\t<meta name=\"twitter:data1\" content=\"2 minutos\" \/>\n<script type=\"application\/ld+json\" class=\"yoast-schema-graph\">{\"@context\":\"https:\/\/schema.org\",\"@graph\":[{\"@type\":\"WebPage\",\"@id\":\"https:\/\/legitgrams.com\/product\/k2-paper\/\",\"url\":\"https:\/\/legitgrams.com\/product\/k2-paper\/\",\"name\":\"K2 Paper for Sale - Order K2 Paper Online | LegitGrams\",\"isPartOf\":{\"@id\":\"https:\/\/legitgrams.com\/#website\"},\"primaryImageOfPage\":{\"@id\":\"https:\/\/legitgrams.com\/product\/k2-paper\/#primaryimage\"},\"image\":{\"@id\":\"https:\/\/legitgrams.com\/product\/k2-paper\/#primaryimage\"},\"thumbnailUrl\":\"https:\/\/legitgrams.com\/wp-content\/uploads\/2024\/09\/Buy-K2-paper-online.jpg\",\"datePublished\":\"2024-09-21T07:51:28+00:00\",\"dateModified\":\"2025-04-04T07:35:26+00:00\",\"description\":\"Your order for K2 paper for sale is our responsibility. We will take your order to buy K2 paper into consideration and reach you in a short period. Place bulk orders now!\",\"breadcrumb\":{\"@id\":\"https:\/\/legitgrams.com\/product\/k2-paper\/#breadcrumb\"},\"inLanguage\":\"pt-PT\",\"potentialAction\":[{\"@type\":\"ReadAction\",\"target\":[\"https:\/\/legitgrams.com\/product\/k2-paper\/\"]}]},{\"@type\":\"ImageObject\",\"inLanguage\":\"pt-PT\",\"@id\":\"https:\/\/legitgrams.com\/product\/k2-paper\/#primaryimage\",\"url\":\"https:\/\/legitgrams.com\/wp-content\/uploads\/2024\/09\/Buy-K2-paper-online.jpg\",\"contentUrl\":\"https:\/\/legitgrams.com\/wp-content\/uploads\/2024\/09\/Buy-K2-paper-online.jpg\",\"width\":600,\"height\":600,\"caption\":\"K2 Paper for Sale\"},{\"@type\":\"BreadcrumbList\",\"@id\":\"https:\/\/legitgrams.com\/product\/k2-paper\/#breadcrumb\",\"itemListElement\":[{\"@type\":\"ListItem\",\"position\":1,\"name\":\"Home\",\"item\":\"https:\/\/legitgrams.com\/\"},{\"@type\":\"ListItem\",\"position\":2,\"name\":\"Shop\",\"item\":\"https:\/\/legitgrams.com\/shop\/\"},{\"@type\":\"ListItem\",\"position\":3,\"name\":\"Buy K2 Paper Online\"}]},{\"@type\":\"WebSite\",\"@id\":\"https:\/\/legitgrams.com\/#website\",\"url\":\"https:\/\/legitgrams.com\/\",\"name\":\"Legit Grams\",\"description\":\"My WordPress Blog\",\"publisher\":{\"@id\":\"https:\/\/legitgrams.com\/#organization\"},\"potentialAction\":[{\"@type\":\"SearchAction\",\"target\":{\"@type\":\"EntryPoint\",\"urlTemplate\":\"https:\/\/legitgrams.com\/?s={search_term_string}\"},\"query-input\":{\"@type\":\"PropertyValueSpecification\",\"valueRequired\":true,\"valueName\":\"search_term_string\"}}],\"inLanguage\":\"pt-PT\"},{\"@type\":\"Organization\",\"@id\":\"https:\/\/legitgrams.com\/#organization\",\"name\":\"Legit Grams\",\"url\":\"https:\/\/legitgrams.com\/\",\"logo\":{\"@type\":\"ImageObject\",\"inLanguage\":\"pt-PT\",\"@id\":\"https:\/\/legitgrams.com\/#\/schema\/logo\/image\/\",\"url\":\"https:\/\/legitgrams.com\/wp-content\/uploads\/2024\/09\/main-logo.png\",\"contentUrl\":\"https:\/\/legitgrams.com\/wp-content\/uploads\/2024\/09\/main-logo.png\",\"width\":270,\"height\":75,\"caption\":\"Legit Grams\"},\"image\":{\"@id\":\"https:\/\/legitgrams.com\/#\/schema\/logo\/image\/\"}}]}<\/script>\n<!-- \/ Yoast SEO plugin. -->","yoast_head_json":{"title":"K2 Paper para venda - Encomendar K2 Paper Online | LegitGrams","description":"A sua encomenda de papel K2 para venda \u00e9 da nossa responsabilidade. Teremos em considera\u00e7\u00e3o a sua encomenda de compra de papel K2 e entraremos em contacto consigo num curto espa\u00e7o de tempo. Fa\u00e7a j\u00e1 as suas encomendas por grosso!","robots":{"index":"index","follow":"follow","max-snippet":"max-snippet:-1","max-image-preview":"max-image-preview:large","max-video-preview":"max-video-preview:-1"},"canonical":"https:\/\/legitgrams.com\/pt\/produto\/papel-k2\/","og_locale":"pt_PT","og_type":"article","og_title":"K2 Paper for Sale - Order K2 Paper Online | LegitGrams","og_description":"Your order for K2 paper for sale is our responsibility. We will take your order to buy K2 paper into consideration and reach you in a short period. Place bulk orders now!","og_url":"https:\/\/legitgrams.com\/pt\/produto\/papel-k2\/","og_site_name":"Legit Grams","article_modified_time":"2025-04-04T07:35:26+00:00","og_image":[{"width":600,"height":600,"url":"https:\/\/legitgrams.com\/wp-content\/uploads\/2024\/09\/Buy-K2-paper-online.jpg","type":"image\/jpeg"}],"twitter_card":"summary_large_image","twitter_misc":{"Tempo estimado de leitura":"2 minutos"},"schema":{"@context":"https:\/\/schema.org","@graph":[{"@type":"WebPage","@id":"https:\/\/legitgrams.com\/product\/k2-paper\/","url":"https:\/\/legitgrams.com\/product\/k2-paper\/","name":"K2 Paper para venda - Encomendar K2 Paper Online | LegitGrams","isPartOf":{"@id":"https:\/\/legitgrams.com\/#website"},"primaryImageOfPage":{"@id":"https:\/\/legitgrams.com\/product\/k2-paper\/#primaryimage"},"image":{"@id":"https:\/\/legitgrams.com\/product\/k2-paper\/#primaryimage"},"thumbnailUrl":"https:\/\/legitgrams.com\/wp-content\/uploads\/2024\/09\/Buy-K2-paper-online.jpg","datePublished":"2024-09-21T07:51:28+00:00","dateModified":"2025-04-04T07:35:26+00:00","description":"A sua encomenda de papel K2 para venda \u00e9 da nossa responsabilidade. Teremos em considera\u00e7\u00e3o a sua encomenda de compra de papel K2 e entraremos em contacto consigo num curto espa\u00e7o de tempo. Fa\u00e7a j\u00e1 as suas encomendas por grosso!","breadcrumb":{"@id":"https:\/\/legitgrams.com\/product\/k2-paper\/#breadcrumb"},"inLanguage":"pt-PT","potentialAction":[{"@type":"ReadAction","target":["https:\/\/legitgrams.com\/product\/k2-paper\/"]}]},{"@type":"ImageObject","inLanguage":"pt-PT","@id":"https:\/\/legitgrams.com\/product\/k2-paper\/#primaryimage","url":"https:\/\/legitgrams.com\/wp-content\/uploads\/2024\/09\/Buy-K2-paper-online.jpg","contentUrl":"https:\/\/legitgrams.com\/wp-content\/uploads\/2024\/09\/Buy-K2-paper-online.jpg","width":600,"height":600,"caption":"K2 Paper for Sale"},{"@type":"BreadcrumbList","@id":"https:\/\/legitgrams.com\/product\/k2-paper\/#breadcrumb","itemListElement":[{"@type":"ListItem","position":1,"name":"Home","item":"https:\/\/legitgrams.com\/"},{"@type":"ListItem","position":2,"name":"Shop","item":"https:\/\/legitgrams.com\/shop\/"},{"@type":"ListItem","position":3,"name":"Buy K2 Paper Online"}]},{"@type":"WebSite","@id":"https:\/\/legitgrams.com\/#website","url":"https:\/\/legitgrams.com\/","name":"Gramas leg\u00edtimas","description":"O meu blogue WordPress","publisher":{"@id":"https:\/\/legitgrams.com\/#organization"},"potentialAction":[{"@type":"SearchAction","target":{"@type":"EntryPoint","urlTemplate":"https:\/\/legitgrams.com\/?s={search_term_string}"},"query-input":{"@type":"PropertyValueSpecification","valueRequired":true,"valueName":"search_term_string"}}],"inLanguage":"pt-PT"},{"@type":"Organization","@id":"https:\/\/legitgrams.com\/#organization","name":"Gramas leg\u00edtimas","url":"https:\/\/legitgrams.com\/","logo":{"@type":"ImageObject","inLanguage":"pt-PT","@id":"https:\/\/legitgrams.com\/#\/schema\/logo\/image\/","url":"https:\/\/legitgrams.com\/wp-content\/uploads\/2024\/09\/main-logo.png","contentUrl":"https:\/\/legitgrams.com\/wp-content\/uploads\/2024\/09\/main-logo.png","width":270,"height":75,"caption":"Legit Grams"},"image":{"@id":"https:\/\/legitgrams.com\/#\/schema\/logo\/image\/"}}]}},"uagb_featured_image_src":{"full":["https:\/\/legitgrams.com\/wp-content\/uploads\/2024\/09\/Buy-K2-paper-online.jpg",600,600,false],"thumbnail":["https:\/\/legitgrams.com\/wp-content\/uploads\/2024\/09\/Buy-K2-paper-online-150x150.jpg",150,150,true],"medium":["https:\/\/legitgrams.com\/wp-content\/uploads\/2024\/09\/Buy-K2-paper-online-300x300.jpg",300,300,true],"medium_large":["https:\/\/legitgrams.com\/wp-content\/uploads\/2024\/09\/Buy-K2-paper-online.jpg",600,600,false],"large":["https:\/\/legitgrams.com\/wp-content\/uploads\/2024\/09\/Buy-K2-paper-online.jpg",600,600,false],"1536x1536":["https:\/\/legitgrams.com\/wp-content\/uploads\/2024\/09\/Buy-K2-paper-online.jpg",600,600,false],"2048x2048":["https:\/\/legitgrams.com\/wp-content\/uploads\/2024\/09\/Buy-K2-paper-online.jpg",600,600,false],"trp-custom-language-flag":["https:\/\/legitgrams.com\/wp-content\/uploads\/2024\/09\/Buy-K2-paper-online-12x12.jpg",12,12,true],"woocommerce_thumbnail":["https:\/\/legitgrams.com\/wp-content\/uploads\/2024\/09\/Buy-K2-paper-online-300x300.jpg",300,300,true],"woocommerce_single":["https:\/\/legitgrams.com\/wp-content\/uploads\/2024\/09\/Buy-K2-paper-online.jpg",600,600,false],"woocommerce_gallery_thumbnail":["https:\/\/legitgrams.com\/wp-content\/uploads\/2024\/09\/Buy-K2-paper-online-100x100.jpg",100,100,true]},"uagb_author_info":{"display_name":"cokeblog18","author_link":"https:\/\/legitgrams.com\/pt\/author\/"},"uagb_comment_info":2,"uagb_excerpt":"Purchase K2 paper online. Get cheap K2 paper sheets delivered straight to your home. Buy K2 paper online. Cannabis users are increasingly turning to synthetic marijuana. A blend of artificial chemicals and finely chopped plant material with psychedelic effects is known as K2-infused paper. Research indicates that the chemicals bind to the same receptors on&hellip;","_links":{"self":[{"href":"https:\/\/legitgrams.com\/pt\/wp-json\/wp\/v2\/product\/4004","targetHints":{"allow":["GET"]}}],"collection":[{"href":"https:\/\/legitgrams.com\/pt\/wp-json\/wp\/v2\/product"}],"about":[{"href":"https:\/\/legitgrams.com\/pt\/wp-json\/wp\/v2\/types\/product"}],"replies":[{"embeddable":true,"href":"https:\/\/legitgrams.com\/pt\/wp-json\/wp\/v2\/comments?post=4004"}],"wp:featuredmedia":[{"embeddable":true,"href":"https:\/\/legitgrams.com\/pt\/wp-json\/wp\/v2\/media\/5342"}],"wp:attachment":[{"href":"https:\/\/legitgrams.com\/pt\/wp-json\/wp\/v2\/media?parent=4004"}],"wp:term":[{"taxonomy":"product_brand","embeddable":true,"href":"https:\/\/legitgrams.com\/pt\/wp-json\/wp\/v2\/product_brand?post=4004"},{"taxonomy":"product_cat","embeddable":true,"href":"https:\/\/legitgrams.com\/pt\/wp-json\/wp\/v2\/product_cat?post=4004"},{"taxonomy":"product_tag","embeddable":true,"href":"https:\/\/legitgrams.com\/pt\/wp-json\/wp\/v2\/product_tag?post=4004"}],"curies":[{"name":"wp","href":"https:\/\/api.w.org\/{rel}","templated":true}]}}