{"id":4005,"date":"2024-09-21T07:58:51","date_gmt":"2024-09-21T07:58:51","guid":{"rendered":"https:\/\/legitgrams.com\/?post_type=product&#038;p=4005"},"modified":"2025-04-04T07:07:15","modified_gmt":"2025-04-04T07:07:15","slug":"xarope-para-a-tosse-de-alta-tecnologia","status":"publish","type":"product","link":"https:\/\/legitgrams.com\/pt\/produto\/xarope-para-a-tosse-de-alta-tecnologia\/","title":{"rendered":"Compre xarope para tosse Hi-Tech online"},"content":{"rendered":"<h2>Compra de xarope para tosse Hi-Tech online<\/h2>\n<p>Obter <a href=\"https:\/\/legitgrams.com\/pt\/produto\/xarope-para-a-tosse-de-alta-tecnologia\/\">xarope para a tosse de alta tecnologia<\/a> online por um pre\u00e7o muito acess\u00edvel. tamb\u00e9m compre coca\u00edna para revender. GHB est\u00e1 entre as muitas drogas e estimulantes que vendemos.<\/p>\n<p>Voc\u00ea gosta de palat\u00e1veis, mas acha que eles s\u00e3o muito lentos para come\u00e7ar? Por causa do seu sabor e for\u00e7a, <a href=\"https:\/\/www.bing.com\/search?q=ComprexaropeparatosseHi-Techonline&amp;qs=n&amp;form=QBRE&amp;sp=-1&amp;lq=0&amp;pq=comprexaropeparatossehi-techonline&amp;sc=0-39&amp;sk=&amp;cvid=91F42D9939584AD68CA18F2950A3CD39&amp;ghsh=0&amp;ghacc=0&amp;ghpl=\">xarope de THC<\/a> pode se tornar seu novo medicamento favorito para tratamento da dor.<\/p>\n<p>Para indiv\u00edduos que buscam usos terap\u00eauticos e recreativos, o xarope de cannabis \u00e9 \u00f3timo. \u00c9 eficaz, poderoso e usado com prud\u00eancia; geralmente leva de 20 a 30 minutos para come\u00e7ar a fazer efeito. Voc\u00ea simplesmente precisa pegar sua por\u00e7\u00e3o e inclu\u00ed-la em qualquer refei\u00e7\u00e3o ou bebida. Por outro lado, uma quantidade modesta \u00e9 f\u00e1cil de ingerir. \u00c9 simples assim!<\/p>\n<h2><span style=\"font-size: 16px; font-style: normal; font-weight: 400;\">xarope para tosse de alta tecnologia, xarope para tosse premium, xarope para tosse premium \u00e0 venda, xarope para tosse premium online e xarope para tosse premium a pre\u00e7os baixos. <a href=\"https:\/\/www.google.com\/search?q=Compre+xarope+para+tosse+Hi-Tech+online&amp;sca_esv=eddefdb7b92e7545&amp;sxsrf=AHTn8zoBLZ3Tmzut51EoswnsWk4tAuEHHQ1743751345666&amp;ei=sYjvZ7K1KNuw0PEP18fdgQg&amp;ved=0ahUKEwjy0aP8672MAxVbGDQIHddjN4AQ4dUDCBA&amp;uact=5&amp;oq=Compre+xarope+para+tosse+Hi-Tech+online&amp;gs_lp=Egxnd3Mtd2l6LXNlcnAiJ0NvbXByZSB4YXJvcGUgcGFyYSB0b3NzZSBIaS1UZWNoIG9ubGluZUjMBFAAWABwAHgAkAEAmAEAoAEAqgEAuAEDyAEA-AEC-AEBmAIAoAIAmAMAkgcAoAcAsgcAuAcA&amp;sclient=gws-wiz-serp\">xarope de THC<\/a> \u00e9 uma sugest\u00e3o de como aproveitar todos os benef\u00edcios desta planta verdadeiramente not\u00e1vel para pessoas que n\u00e3o suportam a ideia de fumar maconha ou que podem estar doentes demais para sequer cogitar a ideia. A disponibilidade do xarope de CBD seria bem-vinda por clientes em terapia cautelosa. No entanto, isso \u00e9 assunto para outro ensaio! <a href=\"https:\/\/legitgrams.com\/pt\/\">LegitGrams<\/a><br \/>\n<\/span><\/h2>\n<h3>Diretrizes abrangentes para a produ\u00e7\u00e3o de xarope de THC<\/h3>\n<p>Se voc\u00ea est\u00e1 procurando uma receita simples para xarope de THC, n\u00e3o procure mais. Com apenas alguns componentes e pouco equipamento, \u00e9 definitivamente poss\u00edvel fazer um xarope derram\u00e1vel <a href=\"https:\/\/duckduckgo.com\/?q=Compre+xarope+para+tosse+Hi-Tech+online&amp;t=h_&amp;ia=web\">xarope de THC<\/a> em casa. O THC pode ser a subst\u00e2ncia mais simples de fazer voc\u00ea mesmo, j\u00e1 que \u00e9 improv\u00e1vel que seja extra\u00eddo de material vegetal por quaisquer sint\u00e9ticos potencialmente prejudiciais.<\/p>\n<p>O que voc\u00ea precisa para fazer seu pr\u00f3prio xarope misto de THC \u00e9\u2026<\/p>\n<p>Aqua. Cerca de 200ml de xarope \u00e9 o bastante. Geralmente voc\u00ea pode fazer mais depois porque a f\u00f3rmula \u00e9 muito f\u00e1cil de seguir.<\/p>\n<p>Legal. Quanto tempo voc\u00ea pode manter seu xarope de cannabis na geladeira depende de quanto a\u00e7\u00facar voc\u00ea usa. Voc\u00ea pode preservar o xarope resultante por cerca de tr\u00eas meses se usar duas partes de a\u00e7\u00facar para uma parte de \u00e1gua. Embora n\u00e3o dure tanto, um xarope 1:1 tamb\u00e9m pode ser feito.<\/p>\n<p>Deve haver algum tipo de produto de THC descarboxilado bruto (bloom, trim, shake, hash, oil, break, wax), mas qualquer coisa pode ser usada.<\/p>\n<h3>DOSAGEM DE XAROPE DE THC<\/h3>\n<p>Cada pessoa tem uma quantidade muito diferente de xarope de THC. \u00c9 crucial ter cautela e equilibrar a for\u00e7a de qualquer produto que contenha THC em rela\u00e7\u00e3o \u00e0 sua pot\u00eancia. Xarope para tosse de alta tecnologia \u00e0 venda, xarope de cannabis de alta tecnologia, xarope para tosse de alta tecnologia de baixo custo e xarope para tosse de alta tecnologia online<\/p>\n<p>Xaropes mistos de THC caseiros t\u00eam a desvantagem de que muitas vezes \u00e9 dif\u00edcil dizer o qu\u00e3o concentrados eles s\u00e3o. Se isso o preocupa ou se voc\u00ea simplesmente n\u00e3o quer navegar em nossas melhores op\u00e7\u00f5es do mercado abaixo para evitar o (pequeno) esfor\u00e7o de colocar o seu pr\u00f3prio.<\/p>\n<p>Comprar <a href=\"https:\/\/en.wikipedia.org\/wiki\/High_tech\">Alta tecnologia<\/a> Xarope para tosse online: Compre xarope para tosse, Compre xarope para tosse Hi-Tech, compre xarope para tosse online, Como comprar xarope para tosse Hi-Tech, Onde comprar, Como comprar online, Como comprar nos EUA, Canad\u00e1 e Reino Unido, Como comprar online, Onde comprar, Fornecedores, Entrega segura, O xarope para tosse Hi-Tech ainda est\u00e1 dispon\u00edvel. Os Estados Unidos permitem a compra do xarope para tosse Hi-Tech? Qual \u00e9 o processo para pedir xarope para tosse Hi-Tech? No Canad\u00e1, \u00e9 legal?<\/p>","protected":false},"excerpt":{"rendered":"<p>Purchase of Hi-Tech cough syrup Online Get high-tech cough syrup online for a very affordable price. also purchase cocaine to resell. GHB is among the many drugs and stimulants that we sell. Do you like palatables but think they&#8217;re too slow to get going? Because of its flavor and strength, THC syrup might become your &hellip;<\/p>\n<p class=\"read-more\"> <a class=\"\" href=\"https:\/\/legitgrams.com\/pt\/produto\/xarope-para-a-tosse-de-alta-tecnologia\/\"> <span class=\"screen-reader-text\">Compre xarope para tosse Hi-Tech online<\/span> Ler mais \"<\/a><\/p>","protected":false},"featured_media":5344,"comment_status":"open","ping_status":"closed","template":"","meta":{"_uag_custom_page_level_css":"","site-sidebar-layout":"default","site-content-layout":"default","ast-global-header-display":"","ast-main-header-display":"","ast-hfb-above-header-display":"","ast-hfb-below-header-display":"","ast-hfb-mobile-header-display":"","site-post-title":"","ast-breadcrumbs-content":"","ast-featured-img":"","footer-sml-layout":"","theme-transparent-header-meta":"default","adv-header-id-meta":"","stick-header-meta":"default","header-above-stick-meta":"","header-main-stick-meta":"","header-below-stick-meta":"","_joinchat":[]},"product_brand":[],"product_cat":[603],"product_tag":[2969,2959,617,2951,2966,2950,2953,2954,2961,2952,2962,2964,2971,2972,2970,2967,2963,2958,2956,2968,2965,625,2957,2960,2955],"class_list":{"0":"post-4005","1":"product","2":"type-product","3":"status-publish","4":"has-post-thumbnail","6":"product_cat-cough-syrup","7":"product_tag-best-cheap-price-hi-tech-cough-syrup","8":"product_tag-best-place-to-buy-hi-tech-cough-syrup","9":"product_tag-bulk-online","10":"product_tag-buy-hi-tech-cough-syrup","11":"product_tag-cheap-hi-tech-cough-syrup","12":"product_tag-hi-tech-cough-syrup","13":"product_tag-hi-tech-cough-syrup-for-sale","14":"product_tag-hi-tech-cough-syrup-hi-tech-cough-syrup-supplier","15":"product_tag-hi-tech-cough-syrup-legally","16":"product_tag-hi-tech-cough-syrup-online","17":"product_tag-hi-tech-cough-syrup-price","18":"product_tag-hi-tech-cough-syrup-store","19":"product_tag-hi-tech-cough-syrup-use","20":"product_tag-hi-tech-cough-syrup-wiki","21":"product_tag-hi-tech-cough-syrup-worldwide","22":"product_tag-hi-tech-cough-syrups","23":"product_tag-high-quality-hi-tech-cough-syrup","24":"product_tag-how-to-buy-hi-tech-cough-syrup","25":"product_tag-order-hi-tech-cough-syrup","26":"product_tag-purcharse-hi-tech-cough-syrup","27":"product_tag-shop-hi-tech-cough-syrup","28":"product_tag-top-quality","29":"product_tag-where-to-buy-hi-tech-cough-syrup","30":"product_tag-where-to-order-hi-tech-cough-syrup","31":"product_tag-wholesale-hi-tech-cough-syrup","32":"desktop-align-left","33":"tablet-align-left","34":"mobile-align-left","35":"ast-product-gallery-layout-horizontal","36":"ast-product-gallery-with-no-image","37":"ast-product-single-variable","38":"ast-product-tabs-layout-horizontal","39":"ast-qv-on-image","41":"first","42":"instock","43":"shipping-taxable","44":"purchasable","45":"product-type-variable"},"yoast_head":"<!-- This site is optimized with the Yoast SEO plugin v25.9 - https:\/\/yoast.com\/wordpress\/plugins\/seo\/ -->\n<title>Hi-Tech Cough Syrup for Sale - Buy Hi-Tech Cough Syrup Online<\/title>\n<meta name=\"description\" content=\"Buy Hi-Tech Cough Syruponline from our trusted online store for top-quality products. Get Hi-Tech Cough Syrup for sale easily and securely on our platform for ultimate customer satisfaction. Order Now!\" \/>\n<meta name=\"robots\" content=\"index, follow, max-snippet:-1, max-image-preview:large, max-video-preview:-1\" \/>\n<link rel=\"canonical\" href=\"https:\/\/legitgrams.com\/pt\/produto\/xarope-para-a-tosse-de-alta-tecnologia\/\" \/>\n<meta property=\"og:locale\" content=\"pt_PT\" \/>\n<meta property=\"og:type\" content=\"article\" \/>\n<meta property=\"og:title\" content=\"Hi-Tech Cough Syrup for Sale - Buy Hi-Tech Cough Syrup Online\" \/>\n<meta property=\"og:description\" content=\"Buy Hi-Tech Cough Syruponline from our trusted online store for top-quality products. Get Hi-Tech Cough Syrup for sale easily and securely on our platform for ultimate customer satisfaction. Order Now!\" \/>\n<meta property=\"og:url\" content=\"https:\/\/legitgrams.com\/pt\/produto\/xarope-para-a-tosse-de-alta-tecnologia\/\" \/>\n<meta property=\"og:site_name\" content=\"Legit Grams\" \/>\n<meta property=\"article:modified_time\" content=\"2025-04-04T07:07:15+00:00\" \/>\n<meta property=\"og:image\" content=\"https:\/\/legitgrams.com\/wp-content\/uploads\/2024\/09\/buy-hi-tech-cough-syrup-online.jpg\" \/>\n\t<meta property=\"og:image:width\" content=\"600\" \/>\n\t<meta property=\"og:image:height\" content=\"600\" \/>\n\t<meta property=\"og:image:type\" content=\"image\/jpeg\" \/>\n<meta name=\"twitter:card\" content=\"summary_large_image\" \/>\n<meta name=\"twitter:label1\" content=\"Tempo estimado de leitura\" \/>\n\t<meta name=\"twitter:data1\" content=\"3 minutos\" \/>\n<script type=\"application\/ld+json\" class=\"yoast-schema-graph\">{\"@context\":\"https:\/\/schema.org\",\"@graph\":[{\"@type\":\"WebPage\",\"@id\":\"https:\/\/legitgrams.com\/product\/hi-tech-cough-syrup\/\",\"url\":\"https:\/\/legitgrams.com\/product\/hi-tech-cough-syrup\/\",\"name\":\"Hi-Tech Cough Syrup for Sale - Buy Hi-Tech Cough Syrup Online\",\"isPartOf\":{\"@id\":\"https:\/\/legitgrams.com\/#website\"},\"primaryImageOfPage\":{\"@id\":\"https:\/\/legitgrams.com\/product\/hi-tech-cough-syrup\/#primaryimage\"},\"image\":{\"@id\":\"https:\/\/legitgrams.com\/product\/hi-tech-cough-syrup\/#primaryimage\"},\"thumbnailUrl\":\"https:\/\/legitgrams.com\/wp-content\/uploads\/2024\/09\/buy-hi-tech-cough-syrup-online.jpg\",\"datePublished\":\"2024-09-21T07:58:51+00:00\",\"dateModified\":\"2025-04-04T07:07:15+00:00\",\"description\":\"Buy Hi-Tech Cough Syruponline from our trusted online store for top-quality products. Get Hi-Tech Cough Syrup for sale easily and securely on our platform for ultimate customer satisfaction. Order Now!\",\"breadcrumb\":{\"@id\":\"https:\/\/legitgrams.com\/product\/hi-tech-cough-syrup\/#breadcrumb\"},\"inLanguage\":\"pt-PT\",\"potentialAction\":[{\"@type\":\"ReadAction\",\"target\":[\"https:\/\/legitgrams.com\/product\/hi-tech-cough-syrup\/\"]}]},{\"@type\":\"ImageObject\",\"inLanguage\":\"pt-PT\",\"@id\":\"https:\/\/legitgrams.com\/product\/hi-tech-cough-syrup\/#primaryimage\",\"url\":\"https:\/\/legitgrams.com\/wp-content\/uploads\/2024\/09\/buy-hi-tech-cough-syrup-online.jpg\",\"contentUrl\":\"https:\/\/legitgrams.com\/wp-content\/uploads\/2024\/09\/buy-hi-tech-cough-syrup-online.jpg\",\"width\":600,\"height\":600,\"caption\":\"Hi-Tech Cough Syrup for Sale\"},{\"@type\":\"BreadcrumbList\",\"@id\":\"https:\/\/legitgrams.com\/product\/hi-tech-cough-syrup\/#breadcrumb\",\"itemListElement\":[{\"@type\":\"ListItem\",\"position\":1,\"name\":\"Home\",\"item\":\"https:\/\/legitgrams.com\/\"},{\"@type\":\"ListItem\",\"position\":2,\"name\":\"Shop\",\"item\":\"https:\/\/legitgrams.com\/shop\/\"},{\"@type\":\"ListItem\",\"position\":3,\"name\":\"Buy Hi-Tech cough syrup Online\"}]},{\"@type\":\"WebSite\",\"@id\":\"https:\/\/legitgrams.com\/#website\",\"url\":\"https:\/\/legitgrams.com\/\",\"name\":\"Legit Grams\",\"description\":\"My WordPress Blog\",\"publisher\":{\"@id\":\"https:\/\/legitgrams.com\/#organization\"},\"potentialAction\":[{\"@type\":\"SearchAction\",\"target\":{\"@type\":\"EntryPoint\",\"urlTemplate\":\"https:\/\/legitgrams.com\/?s={search_term_string}\"},\"query-input\":{\"@type\":\"PropertyValueSpecification\",\"valueRequired\":true,\"valueName\":\"search_term_string\"}}],\"inLanguage\":\"pt-PT\"},{\"@type\":\"Organization\",\"@id\":\"https:\/\/legitgrams.com\/#organization\",\"name\":\"Legit Grams\",\"url\":\"https:\/\/legitgrams.com\/\",\"logo\":{\"@type\":\"ImageObject\",\"inLanguage\":\"pt-PT\",\"@id\":\"https:\/\/legitgrams.com\/#\/schema\/logo\/image\/\",\"url\":\"https:\/\/legitgrams.com\/wp-content\/uploads\/2024\/09\/main-logo.png\",\"contentUrl\":\"https:\/\/legitgrams.com\/wp-content\/uploads\/2024\/09\/main-logo.png\",\"width\":270,\"height\":75,\"caption\":\"Legit Grams\"},\"image\":{\"@id\":\"https:\/\/legitgrams.com\/#\/schema\/logo\/image\/\"}}]}<\/script>\n<!-- \/ Yoast SEO plugin. -->","yoast_head_json":{"title":"Xarope para tosse Hi-Tech \u00e0 venda - Compre xarope para tosse Hi-Tech online","description":"Compre Hi-Tech Cough Syruponline na nossa loja online de confian\u00e7a para produtos de alta qualidade. Obtenha o Xarope para a Tosse Hi-Tech para venda de forma f\u00e1cil e segura na nossa plataforma para a m\u00e1xima satisfa\u00e7\u00e3o do cliente. Encomendar agora!","robots":{"index":"index","follow":"follow","max-snippet":"max-snippet:-1","max-image-preview":"max-image-preview:large","max-video-preview":"max-video-preview:-1"},"canonical":"https:\/\/legitgrams.com\/pt\/produto\/xarope-para-a-tosse-de-alta-tecnologia\/","og_locale":"pt_PT","og_type":"article","og_title":"Hi-Tech Cough Syrup for Sale - Buy Hi-Tech Cough Syrup Online","og_description":"Buy Hi-Tech Cough Syruponline from our trusted online store for top-quality products. Get Hi-Tech Cough Syrup for sale easily and securely on our platform for ultimate customer satisfaction. Order Now!","og_url":"https:\/\/legitgrams.com\/pt\/produto\/xarope-para-a-tosse-de-alta-tecnologia\/","og_site_name":"Legit Grams","article_modified_time":"2025-04-04T07:07:15+00:00","og_image":[{"width":600,"height":600,"url":"https:\/\/legitgrams.com\/wp-content\/uploads\/2024\/09\/buy-hi-tech-cough-syrup-online.jpg","type":"image\/jpeg"}],"twitter_card":"summary_large_image","twitter_misc":{"Tempo estimado de leitura":"3 minutos"},"schema":{"@context":"https:\/\/schema.org","@graph":[{"@type":"WebPage","@id":"https:\/\/legitgrams.com\/product\/hi-tech-cough-syrup\/","url":"https:\/\/legitgrams.com\/product\/hi-tech-cough-syrup\/","name":"Xarope para tosse Hi-Tech \u00e0 venda - Compre xarope para tosse Hi-Tech online","isPartOf":{"@id":"https:\/\/legitgrams.com\/#website"},"primaryImageOfPage":{"@id":"https:\/\/legitgrams.com\/product\/hi-tech-cough-syrup\/#primaryimage"},"image":{"@id":"https:\/\/legitgrams.com\/product\/hi-tech-cough-syrup\/#primaryimage"},"thumbnailUrl":"https:\/\/legitgrams.com\/wp-content\/uploads\/2024\/09\/buy-hi-tech-cough-syrup-online.jpg","datePublished":"2024-09-21T07:58:51+00:00","dateModified":"2025-04-04T07:07:15+00:00","description":"Compre Hi-Tech Cough Syruponline na nossa loja online de confian\u00e7a para produtos de alta qualidade. Obtenha o Xarope para a Tosse Hi-Tech para venda de forma f\u00e1cil e segura na nossa plataforma para a m\u00e1xima satisfa\u00e7\u00e3o do cliente. Encomendar agora!","breadcrumb":{"@id":"https:\/\/legitgrams.com\/product\/hi-tech-cough-syrup\/#breadcrumb"},"inLanguage":"pt-PT","potentialAction":[{"@type":"ReadAction","target":["https:\/\/legitgrams.com\/product\/hi-tech-cough-syrup\/"]}]},{"@type":"ImageObject","inLanguage":"pt-PT","@id":"https:\/\/legitgrams.com\/product\/hi-tech-cough-syrup\/#primaryimage","url":"https:\/\/legitgrams.com\/wp-content\/uploads\/2024\/09\/buy-hi-tech-cough-syrup-online.jpg","contentUrl":"https:\/\/legitgrams.com\/wp-content\/uploads\/2024\/09\/buy-hi-tech-cough-syrup-online.jpg","width":600,"height":600,"caption":"Hi-Tech Cough Syrup for Sale"},{"@type":"BreadcrumbList","@id":"https:\/\/legitgrams.com\/product\/hi-tech-cough-syrup\/#breadcrumb","itemListElement":[{"@type":"ListItem","position":1,"name":"Home","item":"https:\/\/legitgrams.com\/"},{"@type":"ListItem","position":2,"name":"Shop","item":"https:\/\/legitgrams.com\/shop\/"},{"@type":"ListItem","position":3,"name":"Buy Hi-Tech cough syrup Online"}]},{"@type":"WebSite","@id":"https:\/\/legitgrams.com\/#website","url":"https:\/\/legitgrams.com\/","name":"Gramas leg\u00edtimas","description":"O meu blogue WordPress","publisher":{"@id":"https:\/\/legitgrams.com\/#organization"},"potentialAction":[{"@type":"SearchAction","target":{"@type":"EntryPoint","urlTemplate":"https:\/\/legitgrams.com\/?s={search_term_string}"},"query-input":{"@type":"PropertyValueSpecification","valueRequired":true,"valueName":"search_term_string"}}],"inLanguage":"pt-PT"},{"@type":"Organization","@id":"https:\/\/legitgrams.com\/#organization","name":"Gramas leg\u00edtimas","url":"https:\/\/legitgrams.com\/","logo":{"@type":"ImageObject","inLanguage":"pt-PT","@id":"https:\/\/legitgrams.com\/#\/schema\/logo\/image\/","url":"https:\/\/legitgrams.com\/wp-content\/uploads\/2024\/09\/main-logo.png","contentUrl":"https:\/\/legitgrams.com\/wp-content\/uploads\/2024\/09\/main-logo.png","width":270,"height":75,"caption":"Legit Grams"},"image":{"@id":"https:\/\/legitgrams.com\/#\/schema\/logo\/image\/"}}]}},"uagb_featured_image_src":{"full":["https:\/\/legitgrams.com\/wp-content\/uploads\/2024\/09\/buy-hi-tech-cough-syrup-online.jpg",600,600,false],"thumbnail":["https:\/\/legitgrams.com\/wp-content\/uploads\/2024\/09\/buy-hi-tech-cough-syrup-online-150x150.jpg",150,150,true],"medium":["https:\/\/legitgrams.com\/wp-content\/uploads\/2024\/09\/buy-hi-tech-cough-syrup-online-300x300.jpg",300,300,true],"medium_large":["https:\/\/legitgrams.com\/wp-content\/uploads\/2024\/09\/buy-hi-tech-cough-syrup-online.jpg",600,600,false],"large":["https:\/\/legitgrams.com\/wp-content\/uploads\/2024\/09\/buy-hi-tech-cough-syrup-online.jpg",600,600,false],"1536x1536":["https:\/\/legitgrams.com\/wp-content\/uploads\/2024\/09\/buy-hi-tech-cough-syrup-online.jpg",600,600,false],"2048x2048":["https:\/\/legitgrams.com\/wp-content\/uploads\/2024\/09\/buy-hi-tech-cough-syrup-online.jpg",600,600,false],"trp-custom-language-flag":["https:\/\/legitgrams.com\/wp-content\/uploads\/2024\/09\/buy-hi-tech-cough-syrup-online-12x12.jpg",12,12,true],"woocommerce_thumbnail":["https:\/\/legitgrams.com\/wp-content\/uploads\/2024\/09\/buy-hi-tech-cough-syrup-online-300x300.jpg",300,300,true],"woocommerce_single":["https:\/\/legitgrams.com\/wp-content\/uploads\/2024\/09\/buy-hi-tech-cough-syrup-online.jpg",600,600,false],"woocommerce_gallery_thumbnail":["https:\/\/legitgrams.com\/wp-content\/uploads\/2024\/09\/buy-hi-tech-cough-syrup-online-100x100.jpg",100,100,true]},"uagb_author_info":{"display_name":"cokeblog18","author_link":"https:\/\/legitgrams.com\/pt\/author\/"},"uagb_comment_info":0,"uagb_excerpt":"Purchase of Hi-Tech cough syrup Online Get high-tech cough syrup online for a very affordable price. also purchase cocaine to resell. GHB is among the many drugs and stimulants that we sell. Do you like palatables but think they&#8217;re too slow to get going? Because of its flavor and strength, THC syrup might become your&hellip;","_links":{"self":[{"href":"https:\/\/legitgrams.com\/pt\/wp-json\/wp\/v2\/product\/4005","targetHints":{"allow":["GET"]}}],"collection":[{"href":"https:\/\/legitgrams.com\/pt\/wp-json\/wp\/v2\/product"}],"about":[{"href":"https:\/\/legitgrams.com\/pt\/wp-json\/wp\/v2\/types\/product"}],"replies":[{"embeddable":true,"href":"https:\/\/legitgrams.com\/pt\/wp-json\/wp\/v2\/comments?post=4005"}],"wp:featuredmedia":[{"embeddable":true,"href":"https:\/\/legitgrams.com\/pt\/wp-json\/wp\/v2\/media\/5344"}],"wp:attachment":[{"href":"https:\/\/legitgrams.com\/pt\/wp-json\/wp\/v2\/media?parent=4005"}],"wp:term":[{"taxonomy":"product_brand","embeddable":true,"href":"https:\/\/legitgrams.com\/pt\/wp-json\/wp\/v2\/product_brand?post=4005"},{"taxonomy":"product_cat","embeddable":true,"href":"https:\/\/legitgrams.com\/pt\/wp-json\/wp\/v2\/product_cat?post=4005"},{"taxonomy":"product_tag","embeddable":true,"href":"https:\/\/legitgrams.com\/pt\/wp-json\/wp\/v2\/product_tag?post=4005"}],"curies":[{"name":"wp","href":"https:\/\/api.w.org\/{rel}","templated":true}]}}