{"id":4013,"date":"2024-09-21T08:38:10","date_gmt":"2024-09-21T08:38:10","guid":{"rendered":"https:\/\/legitgrams.com\/?post_type=product&#038;p=4013"},"modified":"2025-01-14T10:17:54","modified_gmt":"2025-01-14T10:17:54","slug":"haxixe-nederhash","status":"publish","type":"product","link":"https:\/\/legitgrams.com\/pt\/produto\/haxixe-nederhash\/","title":{"rendered":"Haxixe Nederhash"},"content":{"rendered":"<h2>Compra on-line de haxixe Nederhash<\/h2>\n<p>O que \u00e9 um haxixe? A Holanda \u00e9 onde as plantas de cannabis usadas para fazer o haxixe s\u00e3o cultivadas. Existem alguns pequenos avan\u00e7os ao ar livre e em estufas, mas a maior parte do desenvolvimento das plantas ocorre em ambientes fechados. Gera\u00e7\u00e3o: A maneira de montar difere dependendo do fabricante. Semelhante ao Marrocos, a triagem fornece a maior parte do haxixe; no entanto, h\u00e1 tamb\u00e9m uma pequena quantidade de haxixe esfregado \u00e0 m\u00e3o gerado usando a abordagem afeg\u00e3, que \u00e9 claramente muito melhorada. Em qualquer caso, o haxixe cont\u00e9m apenas uma por\u00e7\u00e3o muito pequena da cannabis original. Sombreamento: Geralmente um pouco verde, embora isso varie com base no designer e no tipo de cannabis utilizado. Odor: Dependendo do tipo de erva, pode ser ligeiramente gramado ou semelhante ao gamb\u00e1. Sabor: O semelhante ao que j\u00e1 foi explicado. Consist\u00eancia: O haxixe holand\u00eas nem sempre \u00e9 prensado exatamente. Em geral, os focinhos se partem com muita facilidade, e isso \u00e9 trabalho. De qualquer forma, eles tendem a se adaptar r\u00e1pido, e a consist\u00eancia melhorou recentemente. O haxixe esfregado \u00e0 m\u00e3o, que \u00e9 muito mais delicado do que o Afghani, obviamente n\u00e3o \u00e9 mencionado no acima mencionado. Normalmente, o haxixe \u00e9 apenas as cabe\u00e7as femininas espremidas e esmagadas sob grandes pesos, resultando em uma irregularidade severa que quase se transforma em p\u00f3 completamente. Impacto: O tipo de efeito gerado varia dependendo da variedade de cannabis utilizada, mas, em geral, \u00e9 bastante intelectual e energizante. Intensidade: Este material \u00e9 incrivelmente poderoso e funciona melhor do que qualquer outro tipo de haxixe que o usu\u00e1rio t\u00edpico poderia empregar. Ele at\u00e9 tem um desempenho melhor do que quase todos os afeg\u00e3os decentes e a maioria dos nepaleses (THC at\u00e9 59%). Disponibilidade: Muito incomum fora da Holanda e seus pa\u00edses vizinhos. N\u00e3o acho que haja muita chance de que este produto chegue ao mercado brit\u00e2nico. Sonstiges: Em qualquer caso, o custo \u00e9 sempre alto e h\u00e1 varia\u00e7\u00f5es na qualidade. N\u00e3o h\u00e1 uma categoria definida para o hash holand\u00eas. Sensi-Hash, o p\u00f3 incr\u00edvel, \u00e9 basicamente cristais de THC compactados juntos.<\/p>\n<h3>Como s\u00e3o feitos os hashes?<\/h3>\n<p>A maioria das variedades de haxixe \u00e9 criada esfregando plantas secas contra uma rede muito fina. Ap\u00f3s a passagem pela peneira, os tricomas s\u00e3o separados do material vegetal. Depois de recolhidas, as gl\u00e2ndulas de resina s\u00e3o comprimidas e aquecidas para criar uma massa coesa de <a href=\"https:\/\/en.wikipedia.org\/wiki\/Hashish\">haxixe<\/a>.<\/p>\n<h3>Erva vs. Haxixe?<\/h3>\n<p>Em primeiro lugar, vamos discutir a semelhan\u00e7a \u00f3bvia entre o haxixe e a marijuana: ambos derivam das mesmas plantas de can\u00e1bis. Como certamente bem sabe, a erva \u00e9 o bot\u00e3o florido da planta feminina de can\u00e1bis. Os mesmos bot\u00f5es s\u00e3o utilizados para o haxixe de can\u00e1bis, mas s\u00e3o tratados de forma diferente. Quando uma planta de can\u00e1bis est\u00e1 em plena flora\u00e7\u00e3o, os bot\u00f5es de flores s\u00e3o colhidos e o agricultor procede de duas maneiras. No caso da droga haxixe, as flores s\u00e3o penduradas para secar. O resultado final \u00e9 a planta que todos conhecemos; depois de secar completamente, s\u00e3o retiradas todas as sementes, os rebentos e as folhas extra. Pode ter uma prefer\u00eancia por haxixe ou marijuana, mas a \u00fanica forma de beneficiar plenamente da can\u00e1bis \u00e9 informar-se sobre ela. Antes de acender o cigarro, fa\u00e7a os seus trabalhos de casa e, como sempre, subscreva para receber mais conselhos!<\/p>\n<h3>O que \u00e9 um haxixe?<\/h3>\n<p>O que \u00e9 a droga Haxixe? O haxixe, vulgarmente designado por \"hash\", \u00e9 uma flor de can\u00e1bis criada pelo processamento e compress\u00e3o dos tricomas da planta da can\u00e1bis. \u00c9 fumado, normalmente atrav\u00e9s de um cachimbo, bongo, vaporizador ou charro, mas tamb\u00e9m pode ser ingerido. Como \u00e9 feito o haxixe? Comprar Hashish Nederhash Online Estes tricomas s\u00e3o extra\u00eddos dos bot\u00f5es, folhas e caules da planta e aquecidos ou comprimidos para produzir haxixe, que \u00e9 uma subst\u00e2ncia potente.<\/p>\n<h3>Como \u00e9 fumado o haxixe de um charro?<\/h3>\n<p>Combina-o com tabaco e can\u00e1bis num \"spliff\". Se tiveres um bloco seco, s\u00f3 tens de o esmagar ou partir pequenos seixos e adicion\u00e1-los ao charro quando o enrolares. Combine-o com marijuana ou utilize-o com tabaco. Se fores um aventureiro, vais sem d\u00favida querer experimentar o efeito mais forte que a segunda abordagem sugere. A melhor abordagem para enrolar um charro de haxixe \u00e9 partir o haxixe e combin\u00e1-lo com um pouco de can\u00e1bis. Uma vez que \u00e9 simples de partilhar e o sabor do haxixe real\u00e7a o doobie na perfei\u00e7\u00e3o, esta \u00e9 realmente a melhor forma de fumar haxixe. \u00c9 legal fumar haxixe? Em 1989 foi proibida a venda, mas as leis raramente s\u00e3o impostas e a marijuana \u00e9 comercializada livremente em muitas regi\u00f5es do pa\u00eds. Barbados, permitido para uso piedoso por pessoas autorizadas<\/p>\n<h3>Efeitos do haxixe?<\/h3>\n<p>O consumo de haxixe pode causar uma variedade de efeitos secund\u00e1rios a curto prazo, tais como perturba\u00e7\u00f5es da mem\u00f3ria e da aprendizagem, altera\u00e7\u00e3o da perce\u00e7\u00e3o do tempo, do espa\u00e7o e do tato, dificuldade em pensar com clareza e em resolver problemas, perda de coordena\u00e7\u00e3o, aumento do ritmo card\u00edaco, ansiedade e ataques de p\u00e2nico. Como o haxixe e outros concentrados cont\u00eam uma quantidade elevada de THC, os efeitos podem ser mais potentes. <a href=\"https:\/\/legitgrams.com\/pt\/\">LegitGrams<\/a><\/p>\n<p>O bubble hash \u00e9 um produto concentrado de can\u00e1bis feito de milh\u00f5es de tricomas, ou gl\u00e2ndulas pegajosas, que s\u00e3o removidos da planta por agita\u00e7\u00e3o, peneira\u00e7\u00e3o e \u00e1gua gelada. O seu nome deve-se \u00e0 forma como o haxixe borbulha quando entra em contacto com as chamas. Para o preparar em casa, os sacos s\u00e3o tamb\u00e9m designados por \"sacos de bolhas\".<\/p>\n<p>A variedade cl\u00e1ssica da Sensi Seeds, a Hash Plant, mant\u00e9m o seu tamanho compacto durante o seu per\u00edodo de flora\u00e7\u00e3o excecionalmente breve. Uma cuidadosa sele\u00e7\u00e3o gen\u00e9tica produziu esta 90% \u00cdndia, que corresponde \u00e0 enigm\u00e1tica Northern Lights Hash Plant original dos Estados Unidos.<\/p>\n<p>Comprar <a href=\"https:\/\/legitgrams.com\/pt\/produto\/haxixe-nederhash\/\">Haxixe Nederhash<\/a> Online - Comprar haxixe, comprar haxixe, comprar haxixe online, onde comprar haxixe, onde comprar haxixe online, onde comprar haxixe online, onde comprar haxixe online, comprar haxixe online, fornecedores, entrega segura, EUA, Canad\u00e1, Reino Unido, O haxixe Nederhash ainda est\u00e1 dispon\u00edvel; \u00e9 legal nos Estados Unidos; pode obt\u00ea-lo online; pode adquirir haxixe Nederhash; e \u00e9 legal no Canad\u00e1.<\/p>","protected":false},"excerpt":{"rendered":"<p>Nederhash Hashish Online Purchase What is a hash? The Netherlands is where the cannabis plants used to make the hash are cultivated. There are a few tiny outdoor and greenhouse advancements, but the majority of plant development takes place indoors. Generation: The manner of assembling differs depending on the manufacturer. Similar to Morocco, screening provides &hellip;<\/p>\n<p class=\"read-more\"> <a class=\"\" href=\"https:\/\/legitgrams.com\/pt\/produto\/haxixe-nederhash\/\"> <span class=\"screen-reader-text\">Haxixe Nederhash<\/span> Ler mais \"<\/a><\/p>","protected":false},"featured_media":5384,"comment_status":"open","ping_status":"closed","template":"","meta":{"_uag_custom_page_level_css":"","site-sidebar-layout":"default","site-content-layout":"default","ast-global-header-display":"","ast-main-header-display":"","ast-hfb-above-header-display":"","ast-hfb-below-header-display":"","ast-hfb-mobile-header-display":"","site-post-title":"","ast-breadcrumbs-content":"","ast-featured-img":"","footer-sml-layout":"","theme-transparent-header-meta":"default","adv-header-id-meta":"","stick-header-meta":"default","header-above-stick-meta":"","header-main-stick-meta":"","header-below-stick-meta":"","_joinchat":[]},"product_brand":[],"product_cat":[605],"product_tag":[2785,2775,617,2767,2782,2779,2774,2766,2769,2777,2770,2768,2778,2780,2787,2788,2786,2783,2772,2784,2781,625,2773,2776,2771],"class_list":{"0":"post-4013","1":"product","2":"type-product","3":"status-publish","4":"has-post-thumbnail","6":"product_cat-hash-hashish","7":"product_tag-best-cheap-price-nederhash-hashish","8":"product_tag-best-place-to-buy-nederhash-hashish","9":"product_tag-bulk-online","10":"product_tag-buy-nederhash-hashish","11":"product_tag-cheap-nederhash-hashish","12":"product_tag-high-quality-nederhash-hashish","13":"product_tag-how-to-buy-nederhash-hashish","14":"product_tag-nederhash-hashish","15":"product_tag-nederhash-hashish-for-sale","16":"product_tag-nederhash-hashish-legally","17":"product_tag-nederhash-hashish-nederhash-hashish-supplier","18":"product_tag-nederhash-hashish-online","19":"product_tag-nederhash-hashish-price","20":"product_tag-nederhash-hashish-store","21":"product_tag-nederhash-hashish-use","22":"product_tag-nederhash-hashish-wiki","23":"product_tag-nederhash-hashish-worldwide","24":"product_tag-nederhash-hashishs","25":"product_tag-order-nederhash-hashish","26":"product_tag-purcharse-nederhash-hashish","27":"product_tag-shop-nederhash-hashish","28":"product_tag-top-quality","29":"product_tag-where-to-buy-nederhash-hashish","30":"product_tag-where-to-order-nederhash-hashish","31":"product_tag-wholesale-nederhash-hashish","32":"desktop-align-left","33":"tablet-align-left","34":"mobile-align-left","35":"ast-product-gallery-layout-horizontal","36":"ast-product-gallery-with-no-image","37":"ast-product-single-variable","38":"ast-product-tabs-layout-horizontal","39":"ast-qv-on-image","41":"first","42":"instock","43":"shipping-taxable","44":"purchasable","45":"product-type-variable"},"yoast_head":"<!-- This site is optimized with the Yoast SEO plugin v25.9 - https:\/\/yoast.com\/wordpress\/plugins\/seo\/ -->\n<title>Nederhash Hashish for Sale - Buy Nederhash Hashish Online<\/title>\n<meta name=\"description\" content=\"Discover top-notch Nederhash Hashish for sale at our online store - buy Nederhash Hashish conveniently and securely to fuel your research. Explore and buy Nederhash Hashish online, advancing your scientific endeavors with ease. Order Now!\" \/>\n<meta name=\"robots\" content=\"index, follow, max-snippet:-1, max-image-preview:large, max-video-preview:-1\" \/>\n<link rel=\"canonical\" href=\"https:\/\/legitgrams.com\/pt\/produto\/haxixe-nederhash\/\" \/>\n<meta property=\"og:locale\" content=\"pt_PT\" \/>\n<meta property=\"og:type\" content=\"article\" \/>\n<meta property=\"og:title\" content=\"Nederhash Hashish for Sale - Buy Nederhash Hashish Online\" \/>\n<meta property=\"og:description\" content=\"Discover top-notch Nederhash Hashish for sale at our online store - buy Nederhash Hashish conveniently and securely to fuel your research. Explore and buy Nederhash Hashish online, advancing your scientific endeavors with ease. Order Now!\" \/>\n<meta property=\"og:url\" content=\"https:\/\/legitgrams.com\/pt\/produto\/haxixe-nederhash\/\" \/>\n<meta property=\"og:site_name\" content=\"Legit Grams\" \/>\n<meta property=\"article:modified_time\" content=\"2025-01-14T10:17:54+00:00\" \/>\n<meta property=\"og:image\" content=\"https:\/\/legitgrams.com\/wp-content\/uploads\/2024\/09\/Buy-Nederhash-Hashish-Online.jpg\" \/>\n\t<meta property=\"og:image:width\" content=\"600\" \/>\n\t<meta property=\"og:image:height\" content=\"600\" \/>\n\t<meta property=\"og:image:type\" content=\"image\/jpeg\" \/>\n<meta name=\"twitter:card\" content=\"summary_large_image\" \/>\n<meta name=\"twitter:label1\" content=\"Tempo estimado de leitura\" \/>\n\t<meta name=\"twitter:data1\" content=\"5 minutos\" \/>\n<script type=\"application\/ld+json\" class=\"yoast-schema-graph\">{\"@context\":\"https:\/\/schema.org\",\"@graph\":[{\"@type\":\"WebPage\",\"@id\":\"https:\/\/legitgrams.com\/product\/nederhash-hashish\/\",\"url\":\"https:\/\/legitgrams.com\/product\/nederhash-hashish\/\",\"name\":\"Nederhash Hashish for Sale - Buy Nederhash Hashish Online\",\"isPartOf\":{\"@id\":\"https:\/\/legitgrams.com\/#website\"},\"primaryImageOfPage\":{\"@id\":\"https:\/\/legitgrams.com\/product\/nederhash-hashish\/#primaryimage\"},\"image\":{\"@id\":\"https:\/\/legitgrams.com\/product\/nederhash-hashish\/#primaryimage\"},\"thumbnailUrl\":\"https:\/\/legitgrams.com\/wp-content\/uploads\/2024\/09\/Buy-Nederhash-Hashish-Online.jpg\",\"datePublished\":\"2024-09-21T08:38:10+00:00\",\"dateModified\":\"2025-01-14T10:17:54+00:00\",\"description\":\"Discover top-notch Nederhash Hashish for sale at our online store - buy Nederhash Hashish conveniently and securely to fuel your research. Explore and buy Nederhash Hashish online, advancing your scientific endeavors with ease. Order Now!\",\"breadcrumb\":{\"@id\":\"https:\/\/legitgrams.com\/product\/nederhash-hashish\/#breadcrumb\"},\"inLanguage\":\"pt-PT\",\"potentialAction\":[{\"@type\":\"ReadAction\",\"target\":[\"https:\/\/legitgrams.com\/product\/nederhash-hashish\/\"]}]},{\"@type\":\"ImageObject\",\"inLanguage\":\"pt-PT\",\"@id\":\"https:\/\/legitgrams.com\/product\/nederhash-hashish\/#primaryimage\",\"url\":\"https:\/\/legitgrams.com\/wp-content\/uploads\/2024\/09\/Buy-Nederhash-Hashish-Online.jpg\",\"contentUrl\":\"https:\/\/legitgrams.com\/wp-content\/uploads\/2024\/09\/Buy-Nederhash-Hashish-Online.jpg\",\"width\":600,\"height\":600,\"caption\":\"Nederhash Hashish for Sale\"},{\"@type\":\"BreadcrumbList\",\"@id\":\"https:\/\/legitgrams.com\/product\/nederhash-hashish\/#breadcrumb\",\"itemListElement\":[{\"@type\":\"ListItem\",\"position\":1,\"name\":\"Home\",\"item\":\"https:\/\/legitgrams.com\/\"},{\"@type\":\"ListItem\",\"position\":2,\"name\":\"Shop\",\"item\":\"https:\/\/legitgrams.com\/shop\/\"},{\"@type\":\"ListItem\",\"position\":3,\"name\":\"Nederhash Hashish\"}]},{\"@type\":\"WebSite\",\"@id\":\"https:\/\/legitgrams.com\/#website\",\"url\":\"https:\/\/legitgrams.com\/\",\"name\":\"Legit Grams\",\"description\":\"My WordPress Blog\",\"publisher\":{\"@id\":\"https:\/\/legitgrams.com\/#organization\"},\"potentialAction\":[{\"@type\":\"SearchAction\",\"target\":{\"@type\":\"EntryPoint\",\"urlTemplate\":\"https:\/\/legitgrams.com\/?s={search_term_string}\"},\"query-input\":{\"@type\":\"PropertyValueSpecification\",\"valueRequired\":true,\"valueName\":\"search_term_string\"}}],\"inLanguage\":\"pt-PT\"},{\"@type\":\"Organization\",\"@id\":\"https:\/\/legitgrams.com\/#organization\",\"name\":\"Legit Grams\",\"url\":\"https:\/\/legitgrams.com\/\",\"logo\":{\"@type\":\"ImageObject\",\"inLanguage\":\"pt-PT\",\"@id\":\"https:\/\/legitgrams.com\/#\/schema\/logo\/image\/\",\"url\":\"https:\/\/legitgrams.com\/wp-content\/uploads\/2024\/09\/main-logo.png\",\"contentUrl\":\"https:\/\/legitgrams.com\/wp-content\/uploads\/2024\/09\/main-logo.png\",\"width\":270,\"height\":75,\"caption\":\"Legit Grams\"},\"image\":{\"@id\":\"https:\/\/legitgrams.com\/#\/schema\/logo\/image\/\"}}]}<\/script>\n<!-- \/ Yoast SEO plugin. -->","yoast_head_json":{"title":"Haxixe Nederhash \u00e0 venda - Compre Haxixe Nederhash Online","description":"Descubra o Haxixe Nederhash de primeira qualidade \u00e0 venda na nossa loja online - compre Haxixe Nederhash de forma c\u00f3moda e segura para alimentar a sua investiga\u00e7\u00e3o. Explore e compre Nederhash Hashish online, fazendo avan\u00e7ar os seus esfor\u00e7os cient\u00edficos com facilidade. Encomendar agora!","robots":{"index":"index","follow":"follow","max-snippet":"max-snippet:-1","max-image-preview":"max-image-preview:large","max-video-preview":"max-video-preview:-1"},"canonical":"https:\/\/legitgrams.com\/pt\/produto\/haxixe-nederhash\/","og_locale":"pt_PT","og_type":"article","og_title":"Nederhash Hashish for Sale - Buy Nederhash Hashish Online","og_description":"Discover top-notch Nederhash Hashish for sale at our online store - buy Nederhash Hashish conveniently and securely to fuel your research. Explore and buy Nederhash Hashish online, advancing your scientific endeavors with ease. Order Now!","og_url":"https:\/\/legitgrams.com\/pt\/produto\/haxixe-nederhash\/","og_site_name":"Legit Grams","article_modified_time":"2025-01-14T10:17:54+00:00","og_image":[{"width":600,"height":600,"url":"https:\/\/legitgrams.com\/wp-content\/uploads\/2024\/09\/Buy-Nederhash-Hashish-Online.jpg","type":"image\/jpeg"}],"twitter_card":"summary_large_image","twitter_misc":{"Tempo estimado de leitura":"5 minutos"},"schema":{"@context":"https:\/\/schema.org","@graph":[{"@type":"WebPage","@id":"https:\/\/legitgrams.com\/product\/nederhash-hashish\/","url":"https:\/\/legitgrams.com\/product\/nederhash-hashish\/","name":"Haxixe Nederhash \u00e0 venda - Compre Haxixe Nederhash Online","isPartOf":{"@id":"https:\/\/legitgrams.com\/#website"},"primaryImageOfPage":{"@id":"https:\/\/legitgrams.com\/product\/nederhash-hashish\/#primaryimage"},"image":{"@id":"https:\/\/legitgrams.com\/product\/nederhash-hashish\/#primaryimage"},"thumbnailUrl":"https:\/\/legitgrams.com\/wp-content\/uploads\/2024\/09\/Buy-Nederhash-Hashish-Online.jpg","datePublished":"2024-09-21T08:38:10+00:00","dateModified":"2025-01-14T10:17:54+00:00","description":"Descubra o Haxixe Nederhash de primeira qualidade \u00e0 venda na nossa loja online - compre Haxixe Nederhash de forma c\u00f3moda e segura para alimentar a sua investiga\u00e7\u00e3o. Explore e compre Nederhash Hashish online, fazendo avan\u00e7ar os seus esfor\u00e7os cient\u00edficos com facilidade. Encomendar agora!","breadcrumb":{"@id":"https:\/\/legitgrams.com\/product\/nederhash-hashish\/#breadcrumb"},"inLanguage":"pt-PT","potentialAction":[{"@type":"ReadAction","target":["https:\/\/legitgrams.com\/product\/nederhash-hashish\/"]}]},{"@type":"ImageObject","inLanguage":"pt-PT","@id":"https:\/\/legitgrams.com\/product\/nederhash-hashish\/#primaryimage","url":"https:\/\/legitgrams.com\/wp-content\/uploads\/2024\/09\/Buy-Nederhash-Hashish-Online.jpg","contentUrl":"https:\/\/legitgrams.com\/wp-content\/uploads\/2024\/09\/Buy-Nederhash-Hashish-Online.jpg","width":600,"height":600,"caption":"Nederhash Hashish for Sale"},{"@type":"BreadcrumbList","@id":"https:\/\/legitgrams.com\/product\/nederhash-hashish\/#breadcrumb","itemListElement":[{"@type":"ListItem","position":1,"name":"Home","item":"https:\/\/legitgrams.com\/"},{"@type":"ListItem","position":2,"name":"Shop","item":"https:\/\/legitgrams.com\/shop\/"},{"@type":"ListItem","position":3,"name":"Nederhash Hashish"}]},{"@type":"WebSite","@id":"https:\/\/legitgrams.com\/#website","url":"https:\/\/legitgrams.com\/","name":"Gramas leg\u00edtimas","description":"O meu blogue WordPress","publisher":{"@id":"https:\/\/legitgrams.com\/#organization"},"potentialAction":[{"@type":"SearchAction","target":{"@type":"EntryPoint","urlTemplate":"https:\/\/legitgrams.com\/?s={search_term_string}"},"query-input":{"@type":"PropertyValueSpecification","valueRequired":true,"valueName":"search_term_string"}}],"inLanguage":"pt-PT"},{"@type":"Organization","@id":"https:\/\/legitgrams.com\/#organization","name":"Gramas leg\u00edtimas","url":"https:\/\/legitgrams.com\/","logo":{"@type":"ImageObject","inLanguage":"pt-PT","@id":"https:\/\/legitgrams.com\/#\/schema\/logo\/image\/","url":"https:\/\/legitgrams.com\/wp-content\/uploads\/2024\/09\/main-logo.png","contentUrl":"https:\/\/legitgrams.com\/wp-content\/uploads\/2024\/09\/main-logo.png","width":270,"height":75,"caption":"Legit Grams"},"image":{"@id":"https:\/\/legitgrams.com\/#\/schema\/logo\/image\/"}}]}},"uagb_featured_image_src":{"full":["https:\/\/legitgrams.com\/wp-content\/uploads\/2024\/09\/Buy-Nederhash-Hashish-Online.jpg",600,600,false],"thumbnail":["https:\/\/legitgrams.com\/wp-content\/uploads\/2024\/09\/Buy-Nederhash-Hashish-Online-150x150.jpg",150,150,true],"medium":["https:\/\/legitgrams.com\/wp-content\/uploads\/2024\/09\/Buy-Nederhash-Hashish-Online-300x300.jpg",300,300,true],"medium_large":["https:\/\/legitgrams.com\/wp-content\/uploads\/2024\/09\/Buy-Nederhash-Hashish-Online.jpg",600,600,false],"large":["https:\/\/legitgrams.com\/wp-content\/uploads\/2024\/09\/Buy-Nederhash-Hashish-Online.jpg",600,600,false],"1536x1536":["https:\/\/legitgrams.com\/wp-content\/uploads\/2024\/09\/Buy-Nederhash-Hashish-Online.jpg",600,600,false],"2048x2048":["https:\/\/legitgrams.com\/wp-content\/uploads\/2024\/09\/Buy-Nederhash-Hashish-Online.jpg",600,600,false],"trp-custom-language-flag":["https:\/\/legitgrams.com\/wp-content\/uploads\/2024\/09\/Buy-Nederhash-Hashish-Online-12x12.jpg",12,12,true],"woocommerce_thumbnail":["https:\/\/legitgrams.com\/wp-content\/uploads\/2024\/09\/Buy-Nederhash-Hashish-Online-300x300.jpg",300,300,true],"woocommerce_single":["https:\/\/legitgrams.com\/wp-content\/uploads\/2024\/09\/Buy-Nederhash-Hashish-Online.jpg",600,600,false],"woocommerce_gallery_thumbnail":["https:\/\/legitgrams.com\/wp-content\/uploads\/2024\/09\/Buy-Nederhash-Hashish-Online-100x100.jpg",100,100,true]},"uagb_author_info":{"display_name":"cokeblog18","author_link":"https:\/\/legitgrams.com\/pt\/author\/"},"uagb_comment_info":0,"uagb_excerpt":"Nederhash Hashish Online Purchase What is a hash? The Netherlands is where the cannabis plants used to make the hash are cultivated. There are a few tiny outdoor and greenhouse advancements, but the majority of plant development takes place indoors. Generation: The manner of assembling differs depending on the manufacturer. Similar to Morocco, screening provides&hellip;","_links":{"self":[{"href":"https:\/\/legitgrams.com\/pt\/wp-json\/wp\/v2\/product\/4013","targetHints":{"allow":["GET"]}}],"collection":[{"href":"https:\/\/legitgrams.com\/pt\/wp-json\/wp\/v2\/product"}],"about":[{"href":"https:\/\/legitgrams.com\/pt\/wp-json\/wp\/v2\/types\/product"}],"replies":[{"embeddable":true,"href":"https:\/\/legitgrams.com\/pt\/wp-json\/wp\/v2\/comments?post=4013"}],"wp:featuredmedia":[{"embeddable":true,"href":"https:\/\/legitgrams.com\/pt\/wp-json\/wp\/v2\/media\/5384"}],"wp:attachment":[{"href":"https:\/\/legitgrams.com\/pt\/wp-json\/wp\/v2\/media?parent=4013"}],"wp:term":[{"taxonomy":"product_brand","embeddable":true,"href":"https:\/\/legitgrams.com\/pt\/wp-json\/wp\/v2\/product_brand?post=4013"},{"taxonomy":"product_cat","embeddable":true,"href":"https:\/\/legitgrams.com\/pt\/wp-json\/wp\/v2\/product_cat?post=4013"},{"taxonomy":"product_tag","embeddable":true,"href":"https:\/\/legitgrams.com\/pt\/wp-json\/wp\/v2\/product_tag?post=4013"}],"curies":[{"name":"wp","href":"https:\/\/api.w.org\/{rel}","templated":true}]}}