{"id":4019,"date":"2024-09-21T09:39:07","date_gmt":"2024-09-21T09:39:07","guid":{"rendered":"https:\/\/legitgrams.com\/?post_type=product&#038;p=4019"},"modified":"2025-01-14T10:38:49","modified_gmt":"2025-01-14T10:38:49","slug":"haxixe-rosa-kush","status":"publish","type":"product","link":"https:\/\/legitgrams.com\/pt\/produto\/haxixe-rosa-kush\/","title":{"rendered":"Haxixe Pink Kush"},"content":{"rendered":"<h2>Compre Pink Kush Hash Online<\/h2>\n<p>Saber o que \u00e9 o haxixe legal, como difere de outros produtos de erva e como se relaciona com a can\u00e1bis \u00e9 um conhecimento essencial a ter antes de fazer uma compra online. <a href=\"https:\/\/en.wikipedia.org\/wiki\/Hashish\">Haxixe<\/a>O \"haxixe\" \u00e9 um concentrado de can\u00e1bis produzido a partir de uma planta de marijuana. O processo envolve a separa\u00e7\u00e3o dos \u00f3rg\u00e3os da seiva, por vezes designados por tricomas, das flores de uma planta de can\u00e1bis. As misturas respons\u00e1veis por dar aos produtos Maryjane as suas carater\u00edsticas e atributos distintos incluem as concentra\u00e7\u00f5es mais elevadas de terpenos e canabin\u00f3ides nestes tricomas. Devido \u00e0 sua elevada concentra\u00e7\u00e3o de terpenos e canabin\u00f3ides, o haxixe tem a capacidade not\u00e1vel de proporcionar aos utilizadores de can\u00e1bis experi\u00eancias extremamente potentes e terap\u00eauticas. O objetivo do \u00f3leo de haxixe \u00e9 ser um potente removedor de can\u00e1bis, adequado para comer, vaporizar, fumar e esfregar a pele. H\u00e1 alturas em que a utiliza\u00e7\u00e3o de \u00f3leo de haxixe \u00e9 referida como \"alcan\u00e7ar\" ou \"consumir\". O THC, ou delta-9-tetrahidrocanabinol, \u00e9 um ingrediente do \u00f3leo de haxixe derivado de plantas de can\u00e1bis que \u00e9 igualmente revolucion\u00e1rio para outros produtos Maryjane.<\/p>\n<p>Independentemente disso, o \u00f3leo de haxixe \u00e9 mais potente, com um aumento de at\u00e9 90% no THC de origem. De facto, o teor de THC t\u00edpico de outros produtos vegetais de can\u00e1bis \u00e9 de cerca de 12%. Fi\u00e1vel<\/p>\n<p>Atualmente, a extra\u00e7\u00e3o de CO2 \u00e9 o m\u00e9todo mais eficaz de extra\u00e7\u00e3o de \u00f3leo de THC. \u00c9 tamb\u00e9m o m\u00e9todo mais comum e mais seguro para produzir destilados, cami\u00f5es de pastilhas vivas e \u00f3leo de can\u00e1bis. A raz\u00e3o pela qual \u00e9 t\u00e3o necess\u00e1ria atualmente \u00e9 que este \u00f3leo de THC n\u00e3o cont\u00e9m solventes extra, como butano ou \u00e1lcool. <a href=\"https:\/\/legitgrams.com\/pt\/\">LegitGrams<\/a><\/p>\n<p>A maioria dos \u00f3leos com infus\u00e3o de THC tem um tipo de profici\u00eancia preparada em decl\u00ednio. Isto \u00e9 necess\u00e1rio para manter a consist\u00eancia perfeita do \u00f3leo para vaporiza\u00e7\u00e3o. Os dois agentes redutores mais surpreendentes que est\u00e3o normalmente presentes no e-fluid padr\u00e3o s\u00e3o a glicerina vegetal (VG) e o propilenoglicol (PG). Alguns t\u00eam v\u00e1rios enchimentos, como o PEG, e tamb\u00e9m iniciam consideravelmente o TEC Temper tardio, outra condi\u00e7\u00e3o derivada dos terpenos tradicionais. \u00d3leo de haxixe que est\u00e1 dispon\u00edvel para compra.<\/p>\n<p><a href=\"https:\/\/legitgrams.com\/pt\/produto\/haxixe-rosa-kush\/\">Comprar Pink Kush Hash Online<\/a>: Comprar Kush, comprar Pink Kush Hash, comprar Pink Hash online, onde comprar Pink Kush Hash, comprar Pink Kush Hash para venda, comprar Hash online, comprar Pink Kush Hash nos EUA, Canad\u00e1, Reino Unido, comprar, online, fornecedores, entrega segura Ainda pode obter Pink Kush Hash, descobrir se \u00e9 legal nos EUA, adquirir Pink Kush Hash online e descobrir se \u00e9 legal no Canad\u00e1.<\/p>\n<p>&nbsp;<\/p>","protected":false},"excerpt":{"rendered":"<p>Purchase Pink Kush Hash Online Knowing what legal hash is, how it differs from other weed products, and how it relates to cannabis is essential knowledge to have before making an online purchase. Hash, another approach to deal with the state \u201chashish,\u201d is a cannabis concentrate delivered utilizing the pitch of a pot plant. The &hellip;<\/p>\n<p class=\"read-more\"> <a class=\"\" href=\"https:\/\/legitgrams.com\/pt\/produto\/haxixe-rosa-kush\/\"> <span class=\"screen-reader-text\">Haxixe Pink Kush<\/span> Ler mais \"<\/a><\/p>","protected":false},"featured_media":5386,"comment_status":"open","ping_status":"closed","template":"","meta":{"_uag_custom_page_level_css":"","site-sidebar-layout":"default","site-content-layout":"default","ast-global-header-display":"","ast-main-header-display":"","ast-hfb-above-header-display":"","ast-hfb-below-header-display":"","ast-hfb-mobile-header-display":"","site-post-title":"","ast-breadcrumbs-content":"","ast-featured-img":"","footer-sml-layout":"","theme-transparent-header-meta":"default","adv-header-id-meta":"","stick-header-meta":"default","header-above-stick-meta":"","header-main-stick-meta":"","header-below-stick-meta":"","_joinchat":[]},"product_brand":[],"product_cat":[605],"product_tag":[2739,2729,617,2721,2736,2733,2728,2726,2720,2723,2731,2722,2724,2732,2734,2741,2742,2740,2737,2738,2735,625,2727,2730,2725],"class_list":{"0":"post-4019","1":"product","2":"type-product","3":"status-publish","4":"has-post-thumbnail","6":"product_cat-hash-hashish","7":"product_tag-best-cheap-price-pink-kush-hash","8":"product_tag-best-place-to-buy-pink-kush-hash","9":"product_tag-bulk-online","10":"product_tag-buy-pink-kush-hash","11":"product_tag-cheap-pink-kush-hash","12":"product_tag-high-quality-pink-kush-hash","13":"product_tag-how-to-buy-pink-kush-hash","14":"product_tag-order-pink-kush-hash","15":"product_tag-pink-kush-hash","16":"product_tag-pink-kush-hash-for-sale","17":"product_tag-pink-kush-hash-legally","18":"product_tag-pink-kush-hash-online","19":"product_tag-pink-kush-hash-pink-kush-hash-supplier","20":"product_tag-pink-kush-hash-price","21":"product_tag-pink-kush-hash-store","22":"product_tag-pink-kush-hash-use","23":"product_tag-pink-kush-hash-wiki","24":"product_tag-pink-kush-hash-worldwide","25":"product_tag-pink-kush-hashs","26":"product_tag-purcharse-pink-kush-hash","27":"product_tag-shop-pink-kush-hash","28":"product_tag-top-quality","29":"product_tag-where-to-buy-pink-kush-hash","30":"product_tag-where-to-order-pink-kush-hash","31":"product_tag-wholesale-pink-kush-hash","32":"desktop-align-left","33":"tablet-align-left","34":"mobile-align-left","35":"ast-product-gallery-layout-horizontal","36":"ast-product-gallery-with-no-image","37":"ast-product-single-variable","38":"ast-product-tabs-layout-horizontal","39":"ast-qv-on-image","41":"first","42":"instock","43":"shipping-taxable","44":"purchasable","45":"product-type-variable"},"yoast_head":"<!-- This site is optimized with the Yoast SEO plugin v25.9 - https:\/\/yoast.com\/wordpress\/plugins\/seo\/ -->\n<title>Pink Kush Hash for Sale - Order Pink Kush Hash Online<\/title>\n<meta name=\"description\" content=\"Discover top-notch Pink Kush Hash for sale at our online store - buy Pink Kush Hash conveniently and securely to fuel your research. Explore and buy Pink Kush Hash online, advancing your scientific endeavors with ease. Order Now!\" \/>\n<meta name=\"robots\" content=\"index, follow, max-snippet:-1, max-image-preview:large, max-video-preview:-1\" \/>\n<link rel=\"canonical\" href=\"https:\/\/legitgrams.com\/pt\/produto\/haxixe-rosa-kush\/\" \/>\n<meta property=\"og:locale\" content=\"pt_PT\" \/>\n<meta property=\"og:type\" content=\"article\" \/>\n<meta property=\"og:title\" content=\"Pink Kush Hash for Sale - Order Pink Kush Hash Online\" \/>\n<meta property=\"og:description\" content=\"Discover top-notch Pink Kush Hash for sale at our online store - buy Pink Kush Hash conveniently and securely to fuel your research. Explore and buy Pink Kush Hash online, advancing your scientific endeavors with ease. Order Now!\" \/>\n<meta property=\"og:url\" content=\"https:\/\/legitgrams.com\/pt\/produto\/haxixe-rosa-kush\/\" \/>\n<meta property=\"og:site_name\" content=\"Legit Grams\" \/>\n<meta property=\"article:modified_time\" content=\"2025-01-14T10:38:49+00:00\" \/>\n<meta property=\"og:image\" content=\"https:\/\/legitgrams.com\/wp-content\/uploads\/2024\/09\/buy-pink-kush-hash.jpg\" \/>\n\t<meta property=\"og:image:width\" content=\"600\" \/>\n\t<meta property=\"og:image:height\" content=\"600\" \/>\n\t<meta property=\"og:image:type\" content=\"image\/jpeg\" \/>\n<meta name=\"twitter:card\" content=\"summary_large_image\" \/>\n<meta name=\"twitter:label1\" content=\"Tempo estimado de leitura\" \/>\n\t<meta name=\"twitter:data1\" content=\"2 minutos\" \/>\n<script type=\"application\/ld+json\" class=\"yoast-schema-graph\">{\"@context\":\"https:\/\/schema.org\",\"@graph\":[{\"@type\":\"WebPage\",\"@id\":\"https:\/\/legitgrams.com\/product\/pink-kush-hash\/\",\"url\":\"https:\/\/legitgrams.com\/product\/pink-kush-hash\/\",\"name\":\"Pink Kush Hash for Sale - Order Pink Kush Hash Online\",\"isPartOf\":{\"@id\":\"https:\/\/legitgrams.com\/#website\"},\"primaryImageOfPage\":{\"@id\":\"https:\/\/legitgrams.com\/product\/pink-kush-hash\/#primaryimage\"},\"image\":{\"@id\":\"https:\/\/legitgrams.com\/product\/pink-kush-hash\/#primaryimage\"},\"thumbnailUrl\":\"https:\/\/legitgrams.com\/wp-content\/uploads\/2024\/09\/buy-pink-kush-hash.jpg\",\"datePublished\":\"2024-09-21T09:39:07+00:00\",\"dateModified\":\"2025-01-14T10:38:49+00:00\",\"description\":\"Discover top-notch Pink Kush Hash for sale at our online store - buy Pink Kush Hash conveniently and securely to fuel your research. Explore and buy Pink Kush Hash online, advancing your scientific endeavors with ease. Order Now!\",\"breadcrumb\":{\"@id\":\"https:\/\/legitgrams.com\/product\/pink-kush-hash\/#breadcrumb\"},\"inLanguage\":\"pt-PT\",\"potentialAction\":[{\"@type\":\"ReadAction\",\"target\":[\"https:\/\/legitgrams.com\/product\/pink-kush-hash\/\"]}]},{\"@type\":\"ImageObject\",\"inLanguage\":\"pt-PT\",\"@id\":\"https:\/\/legitgrams.com\/product\/pink-kush-hash\/#primaryimage\",\"url\":\"https:\/\/legitgrams.com\/wp-content\/uploads\/2024\/09\/buy-pink-kush-hash.jpg\",\"contentUrl\":\"https:\/\/legitgrams.com\/wp-content\/uploads\/2024\/09\/buy-pink-kush-hash.jpg\",\"width\":600,\"height\":600,\"caption\":\"Pink Kush Hash for Sale\"},{\"@type\":\"BreadcrumbList\",\"@id\":\"https:\/\/legitgrams.com\/product\/pink-kush-hash\/#breadcrumb\",\"itemListElement\":[{\"@type\":\"ListItem\",\"position\":1,\"name\":\"Home\",\"item\":\"https:\/\/legitgrams.com\/\"},{\"@type\":\"ListItem\",\"position\":2,\"name\":\"Shop\",\"item\":\"https:\/\/legitgrams.com\/shop\/\"},{\"@type\":\"ListItem\",\"position\":3,\"name\":\"Pink Kush Hash\"}]},{\"@type\":\"WebSite\",\"@id\":\"https:\/\/legitgrams.com\/#website\",\"url\":\"https:\/\/legitgrams.com\/\",\"name\":\"Legit Grams\",\"description\":\"My WordPress Blog\",\"publisher\":{\"@id\":\"https:\/\/legitgrams.com\/#organization\"},\"potentialAction\":[{\"@type\":\"SearchAction\",\"target\":{\"@type\":\"EntryPoint\",\"urlTemplate\":\"https:\/\/legitgrams.com\/?s={search_term_string}\"},\"query-input\":{\"@type\":\"PropertyValueSpecification\",\"valueRequired\":true,\"valueName\":\"search_term_string\"}}],\"inLanguage\":\"pt-PT\"},{\"@type\":\"Organization\",\"@id\":\"https:\/\/legitgrams.com\/#organization\",\"name\":\"Legit Grams\",\"url\":\"https:\/\/legitgrams.com\/\",\"logo\":{\"@type\":\"ImageObject\",\"inLanguage\":\"pt-PT\",\"@id\":\"https:\/\/legitgrams.com\/#\/schema\/logo\/image\/\",\"url\":\"https:\/\/legitgrams.com\/wp-content\/uploads\/2024\/09\/main-logo.png\",\"contentUrl\":\"https:\/\/legitgrams.com\/wp-content\/uploads\/2024\/09\/main-logo.png\",\"width\":270,\"height\":75,\"caption\":\"Legit Grams\"},\"image\":{\"@id\":\"https:\/\/legitgrams.com\/#\/schema\/logo\/image\/\"}}]}<\/script>\n<!-- \/ Yoast SEO plugin. -->","yoast_head_json":{"title":"Pink Kush Hash para venda - Pe\u00e7a Pink Kush Hash online","description":"Descubra o Pink Kush Hash de primeira qualidade \u00e0 venda na nossa loja online - compre Pink Kush Hash de forma c\u00f3moda e segura para alimentar a sua investiga\u00e7\u00e3o. Explore e compre o Pink Kush Hash online, fazendo avan\u00e7ar os seus esfor\u00e7os cient\u00edficos com facilidade. Encomendar agora!","robots":{"index":"index","follow":"follow","max-snippet":"max-snippet:-1","max-image-preview":"max-image-preview:large","max-video-preview":"max-video-preview:-1"},"canonical":"https:\/\/legitgrams.com\/pt\/produto\/haxixe-rosa-kush\/","og_locale":"pt_PT","og_type":"article","og_title":"Pink Kush Hash for Sale - Order Pink Kush Hash Online","og_description":"Discover top-notch Pink Kush Hash for sale at our online store - buy Pink Kush Hash conveniently and securely to fuel your research. Explore and buy Pink Kush Hash online, advancing your scientific endeavors with ease. Order Now!","og_url":"https:\/\/legitgrams.com\/pt\/produto\/haxixe-rosa-kush\/","og_site_name":"Legit Grams","article_modified_time":"2025-01-14T10:38:49+00:00","og_image":[{"width":600,"height":600,"url":"https:\/\/legitgrams.com\/wp-content\/uploads\/2024\/09\/buy-pink-kush-hash.jpg","type":"image\/jpeg"}],"twitter_card":"summary_large_image","twitter_misc":{"Tempo estimado de leitura":"2 minutos"},"schema":{"@context":"https:\/\/schema.org","@graph":[{"@type":"WebPage","@id":"https:\/\/legitgrams.com\/product\/pink-kush-hash\/","url":"https:\/\/legitgrams.com\/product\/pink-kush-hash\/","name":"Pink Kush Hash para venda - Pe\u00e7a Pink Kush Hash online","isPartOf":{"@id":"https:\/\/legitgrams.com\/#website"},"primaryImageOfPage":{"@id":"https:\/\/legitgrams.com\/product\/pink-kush-hash\/#primaryimage"},"image":{"@id":"https:\/\/legitgrams.com\/product\/pink-kush-hash\/#primaryimage"},"thumbnailUrl":"https:\/\/legitgrams.com\/wp-content\/uploads\/2024\/09\/buy-pink-kush-hash.jpg","datePublished":"2024-09-21T09:39:07+00:00","dateModified":"2025-01-14T10:38:49+00:00","description":"Descubra o Pink Kush Hash de primeira qualidade \u00e0 venda na nossa loja online - compre Pink Kush Hash de forma c\u00f3moda e segura para alimentar a sua investiga\u00e7\u00e3o. Explore e compre o Pink Kush Hash online, fazendo avan\u00e7ar os seus esfor\u00e7os cient\u00edficos com facilidade. Encomendar agora!","breadcrumb":{"@id":"https:\/\/legitgrams.com\/product\/pink-kush-hash\/#breadcrumb"},"inLanguage":"pt-PT","potentialAction":[{"@type":"ReadAction","target":["https:\/\/legitgrams.com\/product\/pink-kush-hash\/"]}]},{"@type":"ImageObject","inLanguage":"pt-PT","@id":"https:\/\/legitgrams.com\/product\/pink-kush-hash\/#primaryimage","url":"https:\/\/legitgrams.com\/wp-content\/uploads\/2024\/09\/buy-pink-kush-hash.jpg","contentUrl":"https:\/\/legitgrams.com\/wp-content\/uploads\/2024\/09\/buy-pink-kush-hash.jpg","width":600,"height":600,"caption":"Pink Kush Hash for Sale"},{"@type":"BreadcrumbList","@id":"https:\/\/legitgrams.com\/product\/pink-kush-hash\/#breadcrumb","itemListElement":[{"@type":"ListItem","position":1,"name":"Home","item":"https:\/\/legitgrams.com\/"},{"@type":"ListItem","position":2,"name":"Shop","item":"https:\/\/legitgrams.com\/shop\/"},{"@type":"ListItem","position":3,"name":"Pink Kush Hash"}]},{"@type":"WebSite","@id":"https:\/\/legitgrams.com\/#website","url":"https:\/\/legitgrams.com\/","name":"Gramas leg\u00edtimas","description":"O meu blogue WordPress","publisher":{"@id":"https:\/\/legitgrams.com\/#organization"},"potentialAction":[{"@type":"SearchAction","target":{"@type":"EntryPoint","urlTemplate":"https:\/\/legitgrams.com\/?s={search_term_string}"},"query-input":{"@type":"PropertyValueSpecification","valueRequired":true,"valueName":"search_term_string"}}],"inLanguage":"pt-PT"},{"@type":"Organization","@id":"https:\/\/legitgrams.com\/#organization","name":"Gramas leg\u00edtimas","url":"https:\/\/legitgrams.com\/","logo":{"@type":"ImageObject","inLanguage":"pt-PT","@id":"https:\/\/legitgrams.com\/#\/schema\/logo\/image\/","url":"https:\/\/legitgrams.com\/wp-content\/uploads\/2024\/09\/main-logo.png","contentUrl":"https:\/\/legitgrams.com\/wp-content\/uploads\/2024\/09\/main-logo.png","width":270,"height":75,"caption":"Legit Grams"},"image":{"@id":"https:\/\/legitgrams.com\/#\/schema\/logo\/image\/"}}]}},"uagb_featured_image_src":{"full":["https:\/\/legitgrams.com\/wp-content\/uploads\/2024\/09\/buy-pink-kush-hash.jpg",600,600,false],"thumbnail":["https:\/\/legitgrams.com\/wp-content\/uploads\/2024\/09\/buy-pink-kush-hash-150x150.jpg",150,150,true],"medium":["https:\/\/legitgrams.com\/wp-content\/uploads\/2024\/09\/buy-pink-kush-hash-300x300.jpg",300,300,true],"medium_large":["https:\/\/legitgrams.com\/wp-content\/uploads\/2024\/09\/buy-pink-kush-hash.jpg",600,600,false],"large":["https:\/\/legitgrams.com\/wp-content\/uploads\/2024\/09\/buy-pink-kush-hash.jpg",600,600,false],"1536x1536":["https:\/\/legitgrams.com\/wp-content\/uploads\/2024\/09\/buy-pink-kush-hash.jpg",600,600,false],"2048x2048":["https:\/\/legitgrams.com\/wp-content\/uploads\/2024\/09\/buy-pink-kush-hash.jpg",600,600,false],"trp-custom-language-flag":["https:\/\/legitgrams.com\/wp-content\/uploads\/2024\/09\/buy-pink-kush-hash-12x12.jpg",12,12,true],"woocommerce_thumbnail":["https:\/\/legitgrams.com\/wp-content\/uploads\/2024\/09\/buy-pink-kush-hash-300x300.jpg",300,300,true],"woocommerce_single":["https:\/\/legitgrams.com\/wp-content\/uploads\/2024\/09\/buy-pink-kush-hash.jpg",600,600,false],"woocommerce_gallery_thumbnail":["https:\/\/legitgrams.com\/wp-content\/uploads\/2024\/09\/buy-pink-kush-hash-100x100.jpg",100,100,true]},"uagb_author_info":{"display_name":"cokeblog18","author_link":"https:\/\/legitgrams.com\/pt\/author\/"},"uagb_comment_info":0,"uagb_excerpt":"Purchase Pink Kush Hash Online Knowing what legal hash is, how it differs from other weed products, and how it relates to cannabis is essential knowledge to have before making an online purchase. Hash, another approach to deal with the state \u201chashish,\u201d is a cannabis concentrate delivered utilizing the pitch of a pot plant. The&hellip;","_links":{"self":[{"href":"https:\/\/legitgrams.com\/pt\/wp-json\/wp\/v2\/product\/4019","targetHints":{"allow":["GET"]}}],"collection":[{"href":"https:\/\/legitgrams.com\/pt\/wp-json\/wp\/v2\/product"}],"about":[{"href":"https:\/\/legitgrams.com\/pt\/wp-json\/wp\/v2\/types\/product"}],"replies":[{"embeddable":true,"href":"https:\/\/legitgrams.com\/pt\/wp-json\/wp\/v2\/comments?post=4019"}],"wp:featuredmedia":[{"embeddable":true,"href":"https:\/\/legitgrams.com\/pt\/wp-json\/wp\/v2\/media\/5386"}],"wp:attachment":[{"href":"https:\/\/legitgrams.com\/pt\/wp-json\/wp\/v2\/media?parent=4019"}],"wp:term":[{"taxonomy":"product_brand","embeddable":true,"href":"https:\/\/legitgrams.com\/pt\/wp-json\/wp\/v2\/product_brand?post=4019"},{"taxonomy":"product_cat","embeddable":true,"href":"https:\/\/legitgrams.com\/pt\/wp-json\/wp\/v2\/product_cat?post=4019"},{"taxonomy":"product_tag","embeddable":true,"href":"https:\/\/legitgrams.com\/pt\/wp-json\/wp\/v2\/product_tag?post=4019"}],"curies":[{"name":"wp","href":"https:\/\/api.w.org\/{rel}","templated":true}]}}