{"id":4177,"date":"2024-09-21T11:53:49","date_gmt":"2024-09-21T11:53:49","guid":{"rendered":"https:\/\/legitgrams.com\/?post_type=product&#038;p=4177"},"modified":"2025-01-15T05:44:16","modified_gmt":"2025-01-15T05:44:16","slug":"thc-live-diamonds-superior-extract-2","status":"publish","type":"product","link":"https:\/\/legitgrams.com\/pt\/produto\/thc-live-diamonds-superior-extract-2\/","title":{"rendered":"THC Live Diamonds - Extrato Superior"},"content":{"rendered":"<h2 class=\"product_title entry-title wd-entities-title\"><strong>Compre THC Live Diamonds - Extrato Superior Online<\/strong><\/h2>\n<h3>Diamantes vivos THC: Um excelente rem\u00e9dio<a href=\"https:\/\/legitgrams.com\/pt\/categoria-do-produto\/marijuana-cannabis\/\">.<\/a><\/h3>\n<p>Como os Diamantes Vivos Superior THC s\u00e3o feitos de resina viva, que ajuda a preservar os terpenos, o concentrado tem uma qualidade mais sensual!<br \/>\nA resina viva viscosa \u00e9 colocada num recipiente sob press\u00e3o e deixada \u00e0 temperatura ambiente. Nesta mistura, os cristais de THCA come\u00e7am a formar-se e afundam-se no fundo do frasco. Os terpenos residuais na resina viva sobem \u00e0 superf\u00edcie e criam um revestimento viscoso. O produto final \u00e9 um concentrado de THC 97-99% melhorado com sabor e benef\u00edcios para a sa\u00fade dos terpenos exclusivos de uma determinada variedade.<\/p>\n<h3>Atualmente dispon\u00edvel nas seguintes variedades:<\/h3>\n<p>Bolo de casamento (h\u00edbrido com domin\u00e2ncia sativa)<br \/>\nGelato (h\u00edbrido dominado por indica)<br \/>\nSmart Mints (h\u00edbrido de equil\u00edbrio)<br \/>\nTom Ford Pink (H\u00edbrido de \u00cdndica Dominante)<br \/>\nMaui Vaui (Sativa)<br \/>\nMimosa (h\u00edbrida com predomin\u00e2ncia sativa)<\/p>\n<p>Hyper Lemon Haze (H\u00edbrido predominante Sativa)<br \/>\nWhite Castle (h\u00edbrido predominantemente indica)<br \/>\nMorte de escaravelhos (Indica)<br \/>\nLord Bud, uma indica<br \/>\nTrufas tropicais feitas principalmente de Sativa<br \/>\nLemon Diesel: sobretudo uma sativa<br \/>\nH\u00e1lito de ervas (h\u00edbrido predominantemente indica)<br \/>\nPink Beetle (uma h\u00edbrida dominada por indica)<br \/>\nCake Crasher, uma h\u00edbrida com predomin\u00e2ncia sativa<br \/>\nRockstar (h\u00edbrido predominantemente \u00edndica)<br \/>\nTHC Live Diamonds: Superior Extract - comprar THC, comprar THC Live Diamonds, comprar THC Live Diamonds online, Onde comprar THC Live Diamonds: Superior Extract, THC Live Diamonds: Superior Extract para venda, comprar THC Live online, onde comprar THC Live Diamonds: Superior Extract online, THC Live Diamonds: Superior Extract \u00e0 venda nos Estados Unidos, Canad\u00e1, Reino Unido, compra online, fornecedores, entrega segura, THC Live Diamonds: Superior Extract ainda est\u00e1 dispon\u00edvel. O THC<\/p>\n<p>O THC Live Diamonds-Superior Extract \u00e9 legal no Canad\u00e1? O extrato de Live Diamonds-Superior \u00e9 legal nos Estados Unidos? Como posso adquirir o extrato de THC Live Diamonds-Superior?<\/p>","protected":false},"excerpt":{"rendered":"<p>Purchase THC Live Diamonds- Superior Extract Online THC Live Diamonds: An Excellent Remedy. Because Superior THC Live Diamonds are made of live resin, which helps to preserve terpenes, the concentrate has a more sensual quality! The viscous living resin is enclosed in a pressure vessel and allowed to come to room temperature. In this mixture, &hellip;<\/p>\n<p class=\"read-more\"> <a class=\"\" href=\"https:\/\/legitgrams.com\/pt\/produto\/thc-live-diamonds-superior-extract-2\/\"> <span class=\"screen-reader-text\">THC Live Diamonds - Extrato Superior<\/span> Ler mais \"<\/a><\/p>","protected":false},"featured_media":5350,"comment_status":"open","ping_status":"closed","template":"","meta":{"_uag_custom_page_level_css":"","site-sidebar-layout":"default","site-content-layout":"default","ast-global-header-display":"","ast-main-header-display":"","ast-hfb-above-header-display":"","ast-hfb-below-header-display":"","ast-hfb-mobile-header-display":"","site-post-title":"","ast-breadcrumbs-content":"","ast-featured-img":"","footer-sml-layout":"","theme-transparent-header-meta":"default","adv-header-id-meta":"","stick-header-meta":"default","header-above-stick-meta":"","header-main-stick-meta":"","header-below-stick-meta":"","_joinchat":[]},"product_brand":[],"product_cat":[605,604],"product_tag":[2555,2545,617,2537,2552,2549,2544,2542,2554,2551,2536,2539,2547,2538,2548,2550,2540,2557,2558,2556,2553,625,2543,2546,2541],"class_list":{"0":"post-4177","1":"product","2":"type-product","3":"status-publish","4":"has-post-thumbnail","6":"product_cat-hash-hashish","7":"product_cat-shatter","8":"product_tag-best-cheap-price-thc-live-diamonds-superior-extract","9":"product_tag-best-place-to-buy-thc-live-diamonds-superior-extract","10":"product_tag-bulk-online","11":"product_tag-buy-thc-live-diamonds-superior-extract","12":"product_tag-cheap-thc-live-diamonds-superior-extract","13":"product_tag-high-quality-thc-live-diamonds-superior-extract","14":"product_tag-how-to-buy-thc-live-diamonds-superior-extract","15":"product_tag-order-thc-live-diamonds-superior-extract","16":"product_tag-purcharse-thc-live-diamonds-superior-extract","17":"product_tag-shop-thc-live-diamonds-superior-extract","18":"product_tag-thc-live-diamonds-superior-extract","19":"product_tag-thc-live-diamonds-superior-extract-for-sale","20":"product_tag-thc-live-diamonds-superior-extract-legally","21":"product_tag-thc-live-diamonds-superior-extract-online","22":"product_tag-thc-live-diamonds-superior-extract-price","23":"product_tag-thc-live-diamonds-superior-extract-store","24":"product_tag-thc-live-diamonds-superior-extract-thc-live-diamonds-superior-extract-supplier","25":"product_tag-thc-live-diamonds-superior-extract-use","26":"product_tag-thc-live-diamonds-superior-extract-wiki","27":"product_tag-thc-live-diamonds-superior-extract-worldwide","28":"product_tag-thc-live-diamonds-superior-extracts","29":"product_tag-top-quality","30":"product_tag-where-to-buy-thc-live-diamonds-superior-extract","31":"product_tag-where-to-order-thc-live-diamonds-superior-extract","32":"product_tag-wholesale-thc-live-diamonds-superior-extract","33":"desktop-align-left","34":"tablet-align-left","35":"mobile-align-left","36":"ast-product-gallery-layout-horizontal","37":"ast-product-gallery-with-no-image","38":"ast-product-single-variable","39":"ast-product-tabs-layout-horizontal","40":"ast-qv-on-image","42":"first","43":"instock","44":"shipping-taxable","45":"purchasable","46":"product-type-variable"},"yoast_head":"<!-- This site is optimized with the Yoast SEO plugin v25.9 - https:\/\/yoast.com\/wordpress\/plugins\/seo\/ -->\n<title>Buy THC Live Diamonds - Legit Grams<\/title>\n<meta name=\"description\" content=\"Buy THC Live Diamonds, 99% Pure THCa Diamonds, a testament to precision, potency, and uncompromising quality. Available in convenient 2g, indulgent 100g.\" \/>\n<meta name=\"robots\" content=\"index, follow, max-snippet:-1, max-image-preview:large, max-video-preview:-1\" \/>\n<link rel=\"canonical\" href=\"https:\/\/legitgrams.com\/pt\/produto\/thc-live-diamonds-superior-extract-2\/\" \/>\n<meta property=\"og:locale\" content=\"pt_PT\" \/>\n<meta property=\"og:type\" content=\"article\" \/>\n<meta property=\"og:title\" content=\"Buy THC Live Diamonds - Legit Grams\" \/>\n<meta property=\"og:description\" content=\"Buy THC Live Diamonds, 99% Pure THCa Diamonds, a testament to precision, potency, and uncompromising quality. Available in convenient 2g, indulgent 100g.\" \/>\n<meta property=\"og:url\" content=\"https:\/\/legitgrams.com\/pt\/produto\/thc-live-diamonds-superior-extract-2\/\" \/>\n<meta property=\"og:site_name\" content=\"Legit Grams\" \/>\n<meta property=\"article:modified_time\" content=\"2025-01-15T05:44:16+00:00\" \/>\n<meta property=\"og:image\" content=\"https:\/\/legitgrams.com\/wp-content\/uploads\/2024\/09\/Buy-THC-Live-Diamonds-Superior-Extract-1.jpg\" \/>\n\t<meta property=\"og:image:width\" content=\"600\" \/>\n\t<meta property=\"og:image:height\" content=\"600\" \/>\n\t<meta property=\"og:image:type\" content=\"image\/jpeg\" \/>\n<meta name=\"twitter:card\" content=\"summary_large_image\" \/>\n<meta name=\"twitter:label1\" content=\"Tempo estimado de leitura\" \/>\n\t<meta name=\"twitter:data1\" content=\"2 minutos\" \/>\n<script type=\"application\/ld+json\" class=\"yoast-schema-graph\">{\"@context\":\"https:\/\/schema.org\",\"@graph\":[{\"@type\":\"WebPage\",\"@id\":\"https:\/\/legitgrams.com\/product\/thc-live-diamonds-superior-extract-2\/\",\"url\":\"https:\/\/legitgrams.com\/product\/thc-live-diamonds-superior-extract-2\/\",\"name\":\"Buy THC Live Diamonds - Legit Grams\",\"isPartOf\":{\"@id\":\"https:\/\/legitgrams.com\/#website\"},\"primaryImageOfPage\":{\"@id\":\"https:\/\/legitgrams.com\/product\/thc-live-diamonds-superior-extract-2\/#primaryimage\"},\"image\":{\"@id\":\"https:\/\/legitgrams.com\/product\/thc-live-diamonds-superior-extract-2\/#primaryimage\"},\"thumbnailUrl\":\"https:\/\/legitgrams.com\/wp-content\/uploads\/2024\/09\/Buy-THC-Live-Diamonds-Superior-Extract-1.jpg\",\"datePublished\":\"2024-09-21T11:53:49+00:00\",\"dateModified\":\"2025-01-15T05:44:16+00:00\",\"description\":\"Buy THC Live Diamonds, 99% Pure THCa Diamonds, a testament to precision, potency, and uncompromising quality. Available in convenient 2g, indulgent 100g.\",\"breadcrumb\":{\"@id\":\"https:\/\/legitgrams.com\/product\/thc-live-diamonds-superior-extract-2\/#breadcrumb\"},\"inLanguage\":\"pt-PT\",\"potentialAction\":[{\"@type\":\"ReadAction\",\"target\":[\"https:\/\/legitgrams.com\/product\/thc-live-diamonds-superior-extract-2\/\"]}]},{\"@type\":\"ImageObject\",\"inLanguage\":\"pt-PT\",\"@id\":\"https:\/\/legitgrams.com\/product\/thc-live-diamonds-superior-extract-2\/#primaryimage\",\"url\":\"https:\/\/legitgrams.com\/wp-content\/uploads\/2024\/09\/Buy-THC-Live-Diamonds-Superior-Extract-1.jpg\",\"contentUrl\":\"https:\/\/legitgrams.com\/wp-content\/uploads\/2024\/09\/Buy-THC-Live-Diamonds-Superior-Extract-1.jpg\",\"width\":600,\"height\":600,\"caption\":\"Buy-THC-Live-Diamonds-Superior-Extract-1\"},{\"@type\":\"BreadcrumbList\",\"@id\":\"https:\/\/legitgrams.com\/product\/thc-live-diamonds-superior-extract-2\/#breadcrumb\",\"itemListElement\":[{\"@type\":\"ListItem\",\"position\":1,\"name\":\"Home\",\"item\":\"https:\/\/legitgrams.com\/\"},{\"@type\":\"ListItem\",\"position\":2,\"name\":\"Shop\",\"item\":\"https:\/\/legitgrams.com\/shop\/\"},{\"@type\":\"ListItem\",\"position\":3,\"name\":\"THC Live Diamonds- Superior Extract\"}]},{\"@type\":\"WebSite\",\"@id\":\"https:\/\/legitgrams.com\/#website\",\"url\":\"https:\/\/legitgrams.com\/\",\"name\":\"Legit Grams\",\"description\":\"My WordPress Blog\",\"publisher\":{\"@id\":\"https:\/\/legitgrams.com\/#organization\"},\"potentialAction\":[{\"@type\":\"SearchAction\",\"target\":{\"@type\":\"EntryPoint\",\"urlTemplate\":\"https:\/\/legitgrams.com\/?s={search_term_string}\"},\"query-input\":{\"@type\":\"PropertyValueSpecification\",\"valueRequired\":true,\"valueName\":\"search_term_string\"}}],\"inLanguage\":\"pt-PT\"},{\"@type\":\"Organization\",\"@id\":\"https:\/\/legitgrams.com\/#organization\",\"name\":\"Legit Grams\",\"url\":\"https:\/\/legitgrams.com\/\",\"logo\":{\"@type\":\"ImageObject\",\"inLanguage\":\"pt-PT\",\"@id\":\"https:\/\/legitgrams.com\/#\/schema\/logo\/image\/\",\"url\":\"https:\/\/legitgrams.com\/wp-content\/uploads\/2024\/09\/main-logo.png\",\"contentUrl\":\"https:\/\/legitgrams.com\/wp-content\/uploads\/2024\/09\/main-logo.png\",\"width\":270,\"height\":75,\"caption\":\"Legit Grams\"},\"image\":{\"@id\":\"https:\/\/legitgrams.com\/#\/schema\/logo\/image\/\"}}]}<\/script>\n<!-- \/ Yoast SEO plugin. -->","yoast_head_json":{"title":"Comprar THC Live Diamonds - Gramas leg\u00edtimas","description":"Comprar THC Live Diamonds, 99% Pure THCa Diamonds, um testemunho de precis\u00e3o, pot\u00eancia e qualidade sem compromissos. Dispon\u00edvel em convenientes 2g e indulgentes 100g.","robots":{"index":"index","follow":"follow","max-snippet":"max-snippet:-1","max-image-preview":"max-image-preview:large","max-video-preview":"max-video-preview:-1"},"canonical":"https:\/\/legitgrams.com\/pt\/produto\/thc-live-diamonds-superior-extract-2\/","og_locale":"pt_PT","og_type":"article","og_title":"Buy THC Live Diamonds - Legit Grams","og_description":"Buy THC Live Diamonds, 99% Pure THCa Diamonds, a testament to precision, potency, and uncompromising quality. Available in convenient 2g, indulgent 100g.","og_url":"https:\/\/legitgrams.com\/pt\/produto\/thc-live-diamonds-superior-extract-2\/","og_site_name":"Legit Grams","article_modified_time":"2025-01-15T05:44:16+00:00","og_image":[{"width":600,"height":600,"url":"https:\/\/legitgrams.com\/wp-content\/uploads\/2024\/09\/Buy-THC-Live-Diamonds-Superior-Extract-1.jpg","type":"image\/jpeg"}],"twitter_card":"summary_large_image","twitter_misc":{"Tempo estimado de leitura":"2 minutos"},"schema":{"@context":"https:\/\/schema.org","@graph":[{"@type":"WebPage","@id":"https:\/\/legitgrams.com\/product\/thc-live-diamonds-superior-extract-2\/","url":"https:\/\/legitgrams.com\/product\/thc-live-diamonds-superior-extract-2\/","name":"Comprar THC Live Diamonds - Gramas leg\u00edtimas","isPartOf":{"@id":"https:\/\/legitgrams.com\/#website"},"primaryImageOfPage":{"@id":"https:\/\/legitgrams.com\/product\/thc-live-diamonds-superior-extract-2\/#primaryimage"},"image":{"@id":"https:\/\/legitgrams.com\/product\/thc-live-diamonds-superior-extract-2\/#primaryimage"},"thumbnailUrl":"https:\/\/legitgrams.com\/wp-content\/uploads\/2024\/09\/Buy-THC-Live-Diamonds-Superior-Extract-1.jpg","datePublished":"2024-09-21T11:53:49+00:00","dateModified":"2025-01-15T05:44:16+00:00","description":"Comprar THC Live Diamonds, 99% Pure THCa Diamonds, um testemunho de precis\u00e3o, pot\u00eancia e qualidade sem compromissos. Dispon\u00edvel em convenientes 2g e indulgentes 100g.","breadcrumb":{"@id":"https:\/\/legitgrams.com\/product\/thc-live-diamonds-superior-extract-2\/#breadcrumb"},"inLanguage":"pt-PT","potentialAction":[{"@type":"ReadAction","target":["https:\/\/legitgrams.com\/product\/thc-live-diamonds-superior-extract-2\/"]}]},{"@type":"ImageObject","inLanguage":"pt-PT","@id":"https:\/\/legitgrams.com\/product\/thc-live-diamonds-superior-extract-2\/#primaryimage","url":"https:\/\/legitgrams.com\/wp-content\/uploads\/2024\/09\/Buy-THC-Live-Diamonds-Superior-Extract-1.jpg","contentUrl":"https:\/\/legitgrams.com\/wp-content\/uploads\/2024\/09\/Buy-THC-Live-Diamonds-Superior-Extract-1.jpg","width":600,"height":600,"caption":"Buy-THC-Live-Diamonds-Superior-Extract-1"},{"@type":"BreadcrumbList","@id":"https:\/\/legitgrams.com\/product\/thc-live-diamonds-superior-extract-2\/#breadcrumb","itemListElement":[{"@type":"ListItem","position":1,"name":"Home","item":"https:\/\/legitgrams.com\/"},{"@type":"ListItem","position":2,"name":"Shop","item":"https:\/\/legitgrams.com\/shop\/"},{"@type":"ListItem","position":3,"name":"THC Live Diamonds- Superior Extract"}]},{"@type":"WebSite","@id":"https:\/\/legitgrams.com\/#website","url":"https:\/\/legitgrams.com\/","name":"Gramas leg\u00edtimas","description":"O meu blogue WordPress","publisher":{"@id":"https:\/\/legitgrams.com\/#organization"},"potentialAction":[{"@type":"SearchAction","target":{"@type":"EntryPoint","urlTemplate":"https:\/\/legitgrams.com\/?s={search_term_string}"},"query-input":{"@type":"PropertyValueSpecification","valueRequired":true,"valueName":"search_term_string"}}],"inLanguage":"pt-PT"},{"@type":"Organization","@id":"https:\/\/legitgrams.com\/#organization","name":"Gramas leg\u00edtimas","url":"https:\/\/legitgrams.com\/","logo":{"@type":"ImageObject","inLanguage":"pt-PT","@id":"https:\/\/legitgrams.com\/#\/schema\/logo\/image\/","url":"https:\/\/legitgrams.com\/wp-content\/uploads\/2024\/09\/main-logo.png","contentUrl":"https:\/\/legitgrams.com\/wp-content\/uploads\/2024\/09\/main-logo.png","width":270,"height":75,"caption":"Legit Grams"},"image":{"@id":"https:\/\/legitgrams.com\/#\/schema\/logo\/image\/"}}]}},"uagb_featured_image_src":{"full":["https:\/\/legitgrams.com\/wp-content\/uploads\/2024\/09\/Buy-THC-Live-Diamonds-Superior-Extract-1.jpg",600,600,false],"thumbnail":["https:\/\/legitgrams.com\/wp-content\/uploads\/2024\/09\/Buy-THC-Live-Diamonds-Superior-Extract-1-150x150.jpg",150,150,true],"medium":["https:\/\/legitgrams.com\/wp-content\/uploads\/2024\/09\/Buy-THC-Live-Diamonds-Superior-Extract-1-300x300.jpg",300,300,true],"medium_large":["https:\/\/legitgrams.com\/wp-content\/uploads\/2024\/09\/Buy-THC-Live-Diamonds-Superior-Extract-1.jpg",600,600,false],"large":["https:\/\/legitgrams.com\/wp-content\/uploads\/2024\/09\/Buy-THC-Live-Diamonds-Superior-Extract-1.jpg",600,600,false],"1536x1536":["https:\/\/legitgrams.com\/wp-content\/uploads\/2024\/09\/Buy-THC-Live-Diamonds-Superior-Extract-1.jpg",600,600,false],"2048x2048":["https:\/\/legitgrams.com\/wp-content\/uploads\/2024\/09\/Buy-THC-Live-Diamonds-Superior-Extract-1.jpg",600,600,false],"trp-custom-language-flag":["https:\/\/legitgrams.com\/wp-content\/uploads\/2024\/09\/Buy-THC-Live-Diamonds-Superior-Extract-1-12x12.jpg",12,12,true],"woocommerce_thumbnail":["https:\/\/legitgrams.com\/wp-content\/uploads\/2024\/09\/Buy-THC-Live-Diamonds-Superior-Extract-1-300x300.jpg",300,300,true],"woocommerce_single":["https:\/\/legitgrams.com\/wp-content\/uploads\/2024\/09\/Buy-THC-Live-Diamonds-Superior-Extract-1.jpg",600,600,false],"woocommerce_gallery_thumbnail":["https:\/\/legitgrams.com\/wp-content\/uploads\/2024\/09\/Buy-THC-Live-Diamonds-Superior-Extract-1-100x100.jpg",100,100,true]},"uagb_author_info":{"display_name":"cokeblog18","author_link":"https:\/\/legitgrams.com\/pt\/author\/"},"uagb_comment_info":0,"uagb_excerpt":"Purchase THC Live Diamonds- Superior Extract Online THC Live Diamonds: An Excellent Remedy. Because Superior THC Live Diamonds are made of live resin, which helps to preserve terpenes, the concentrate has a more sensual quality! The viscous living resin is enclosed in a pressure vessel and allowed to come to room temperature. In this mixture,&hellip;","_links":{"self":[{"href":"https:\/\/legitgrams.com\/pt\/wp-json\/wp\/v2\/product\/4177","targetHints":{"allow":["GET"]}}],"collection":[{"href":"https:\/\/legitgrams.com\/pt\/wp-json\/wp\/v2\/product"}],"about":[{"href":"https:\/\/legitgrams.com\/pt\/wp-json\/wp\/v2\/types\/product"}],"replies":[{"embeddable":true,"href":"https:\/\/legitgrams.com\/pt\/wp-json\/wp\/v2\/comments?post=4177"}],"wp:featuredmedia":[{"embeddable":true,"href":"https:\/\/legitgrams.com\/pt\/wp-json\/wp\/v2\/media\/5350"}],"wp:attachment":[{"href":"https:\/\/legitgrams.com\/pt\/wp-json\/wp\/v2\/media?parent=4177"}],"wp:term":[{"taxonomy":"product_brand","embeddable":true,"href":"https:\/\/legitgrams.com\/pt\/wp-json\/wp\/v2\/product_brand?post=4177"},{"taxonomy":"product_cat","embeddable":true,"href":"https:\/\/legitgrams.com\/pt\/wp-json\/wp\/v2\/product_cat?post=4177"},{"taxonomy":"product_tag","embeddable":true,"href":"https:\/\/legitgrams.com\/pt\/wp-json\/wp\/v2\/product_tag?post=4177"}],"curies":[{"name":"wp","href":"https:\/\/api.w.org\/{rel}","templated":true}]}}