{"id":4187,"date":"2024-09-21T12:42:47","date_gmt":"2024-09-21T12:42:47","guid":{"rendered":"https:\/\/legitgrams.com\/?post_type=product&#038;p=4187"},"modified":"2025-01-15T05:47:23","modified_gmt":"2025-01-15T05:47:23","slug":"tussionex-xarope-para-a-tosse","status":"publish","type":"product","link":"https:\/\/legitgrams.com\/pt\/produto\/tussionex-xarope-para-a-tosse\/","title":{"rendered":"Tussionex Xarope para a tosse"},"content":{"rendered":"<h2>Compre Tussionex xarope para tosse online<\/h2>\n<p>comprar tussionex xarope para a tosse online. Temos uma variedade de xarope para a tosse para venda como actavis para venda.<\/p>\n<p><a href=\"https:\/\/legitgrams.com\/pt\/produto\/tussionex-xarope-para-a-tosse\/\">Tussionex<\/a> \u00e9 um forte supressor da tosse que cont\u00e9m clorfeniramina, um anti-histam\u00ednico, e hidrocodona, um analg\u00e9sico narc\u00f3tico. Apenas dispon\u00edvel mediante receita m\u00e9dica. A hidrocodona, tamb\u00e9m presente em analg\u00e9sicos sujeitos a receita m\u00e9dica, como o Vicodin, \u00e9 um opi\u00f3ide com elevado potencial de abuso, especialmente em toxicodependentes em recupera\u00e7\u00e3o.<br \/>\nO 5F-MDMB-2201 n\u00e3o \u00e9 adequado para ingest\u00e3o por seres humanos ou animais porque \u00e9 comercializado apenas como um produto qu\u00edmico de investiga\u00e7\u00e3o. S\u00f3 deve ser utilizado em ambientes forenses ou laboratoriais por indiv\u00edduos qualificados. <a href=\"https:\/\/legitgrams.com\/pt\/\">LegitGrams<\/a><\/p>\n<p>Comprar 5f MDMB 2201 Crystals Online - Comprar 2201 Crystals, Comprar 5f MDMB 2201 Crystals, Comprar MDMB 2201 Crystals Online, Onde comprar 5f MDMB 2201 Crystals, Comprar MDMB 2201 Crystals, Comprar 2201 Crystals Online, Onde comprar 5f MDMB 2201 Crystals, Comprar MDMB 2201 Crystals Online, Comprar 5f MDMB 2201 Crystals nos EUA, Canad\u00e1, Reino Unido, Comprar, Online, Fornecedores, Entrega segura, Ainda \u00e9 poss\u00edvel obter 5f MDMB 2201 Crystals. Os cristais 5f MDMB 2201 s\u00e3o permitidos em<\/p>\n<p>Comprar Tussionex <a href=\"https:\/\/en.wikipedia.org\/wiki\/Cough\">Tosse<\/a> Xarope Online - comprar xarope para a tosse, comprar Tussionex, comprar xarope para a tosse Tussionex online, onde comprar xarope para a tosse Tussionex, xarope para a tosse Tussionex para venda, xarope para a tosse Tussionex para venda, comprar xarope online, onde comprar xarope para a tosse Tussionex online, xarope para a tosse Tussionex para venda nos EUA, EUA, Canad\u00e1, Reino Unido, comprar, online, fornecedores, entrega segura, Ainda pode obter Tussionex Cough Syrup, Is Tussionex Cough Syrup legal in usa, comprar Tussionex Cough Syrup online usa, como encomendar Tussionex Cough Syrup, Is Tussionex Cough Syrup legal in Canada USA, onde comprar 5f MDMB 2201 Crystals, como adquirir 5f MDMB 2201 Crystals, e se 5f MDMB 2201 Crystals s\u00e3o ou n\u00e3o permitidos no Canad\u00e1<\/p>","protected":false},"excerpt":{"rendered":"<p>Purchase Tussionex Cough Syrup Online buy tussionex cough syrup online. We have a variety of cough syrup for cough syrup for sale like actavis for sale. Tussionex is a strong cough suppressant that contains chlorpheniramine, an antihistamine, and hydrocodone, a narcotic pain reliever. Only available with a doctor\u2019s prescription. Hydrocodone, also found in prescription pain &hellip;<\/p>\n<p class=\"read-more\"> <a class=\"\" href=\"https:\/\/legitgrams.com\/pt\/produto\/tussionex-xarope-para-a-tosse\/\"> <span class=\"screen-reader-text\">Tussionex Xarope para a tosse<\/span> Ler mais \"<\/a><\/p>","protected":false},"featured_media":5348,"comment_status":"open","ping_status":"closed","template":"","meta":{"_uag_custom_page_level_css":"","site-sidebar-layout":"default","site-content-layout":"default","ast-global-header-display":"","ast-main-header-display":"","ast-hfb-above-header-display":"","ast-hfb-below-header-display":"","ast-hfb-mobile-header-display":"","site-post-title":"","ast-breadcrumbs-content":"","ast-featured-img":"","footer-sml-layout":"","theme-transparent-header-meta":"default","adv-header-id-meta":"","stick-header-meta":"default","header-above-stick-meta":"","header-main-stick-meta":"","header-below-stick-meta":"","_joinchat":[]},"product_brand":[],"product_cat":[603],"product_tag":[2302,2292,617,2284,2299,2296,2291,2289,2301,2298,625,2283,2286,2294,2285,2297,2287,2304,2305,2303,2295,2300,2290,2293,2288],"class_list":{"0":"post-4187","1":"product","2":"type-product","3":"status-publish","4":"has-post-thumbnail","6":"product_cat-cough-syrup","7":"product_tag-best-cheap-price-tussionex-cough-syrup","8":"product_tag-best-place-to-buy-tussionex-cough-syrup","9":"product_tag-bulk-online","10":"product_tag-buy-tussionex-cough-syrup","11":"product_tag-cheap-tussionex-cough-syrup","12":"product_tag-high-quality-tussionex-cough-syrup","13":"product_tag-how-to-buy-tussionex-cough-syrup","14":"product_tag-order-tussionex-cough-syrup","15":"product_tag-purcharse-tussionex-cough-syrup","16":"product_tag-shop-tussionex-cough-syrup","17":"product_tag-top-quality","18":"product_tag-tussionex-cough-syrup","19":"product_tag-tussionex-cough-syrup-for-sale","20":"product_tag-tussionex-cough-syrup-legally","21":"product_tag-tussionex-cough-syrup-online","22":"product_tag-tussionex-cough-syrup-store","23":"product_tag-tussionex-cough-syrup-tussionex-cough-syrup-supplier","24":"product_tag-tussionex-cough-syrup-use","25":"product_tag-tussionex-cough-syrup-wiki","26":"product_tag-tussionex-cough-syrup-worldwide","27":"product_tag-tussionex-cough-syrupprice","28":"product_tag-tussionex-cough-syrups","29":"product_tag-where-to-buy-tussionex-cough-syrup","30":"product_tag-where-to-order-tussionex-cough-syrup","31":"product_tag-wholesale-tussionex-cough-syrup","32":"desktop-align-left","33":"tablet-align-left","34":"mobile-align-left","35":"ast-product-gallery-layout-horizontal","36":"ast-product-gallery-with-no-image","37":"ast-product-single-variable","38":"ast-product-tabs-layout-horizontal","39":"ast-qv-on-image","41":"first","42":"instock","43":"shipping-taxable","44":"purchasable","45":"product-type-variable"},"yoast_head":"<!-- This site is optimized with the Yoast SEO plugin v25.9 - https:\/\/yoast.com\/wordpress\/plugins\/seo\/ -->\n<title>Tussionex Cough Syrup for Sale - Buy Tussionex Syrup Online<\/title>\n<meta name=\"description\" content=\"If you want to buy tssionex cough syrup online and looking for a reliable online shop, then buy here. We offer only high-quality tussionex cough syrup for sale at affordable price. Order Now!\" \/>\n<meta name=\"robots\" content=\"index, follow, max-snippet:-1, max-image-preview:large, max-video-preview:-1\" \/>\n<link rel=\"canonical\" href=\"https:\/\/legitgrams.com\/pt\/produto\/tussionex-xarope-para-a-tosse\/\" \/>\n<meta property=\"og:locale\" content=\"pt_PT\" \/>\n<meta property=\"og:type\" content=\"article\" \/>\n<meta property=\"og:title\" content=\"Tussionex Cough Syrup for Sale - Buy Tussionex Syrup Online\" \/>\n<meta property=\"og:description\" content=\"If you want to buy tssionex cough syrup online and looking for a reliable online shop, then buy here. We offer only high-quality tussionex cough syrup for sale at affordable price. Order Now!\" \/>\n<meta property=\"og:url\" content=\"https:\/\/legitgrams.com\/pt\/produto\/tussionex-xarope-para-a-tosse\/\" \/>\n<meta property=\"og:site_name\" content=\"Legit Grams\" \/>\n<meta property=\"article:modified_time\" content=\"2025-01-15T05:47:23+00:00\" \/>\n<meta property=\"og:image\" content=\"https:\/\/legitgrams.com\/wp-content\/uploads\/2024\/09\/buy-tussionex-cough-syrup-online.jpg\" \/>\n\t<meta property=\"og:image:width\" content=\"600\" \/>\n\t<meta property=\"og:image:height\" content=\"600\" \/>\n\t<meta property=\"og:image:type\" content=\"image\/jpeg\" \/>\n<meta name=\"twitter:card\" content=\"summary_large_image\" \/>\n<meta name=\"twitter:label1\" content=\"Tempo estimado de leitura\" \/>\n\t<meta name=\"twitter:data1\" content=\"2 minutos\" \/>\n<script type=\"application\/ld+json\" class=\"yoast-schema-graph\">{\"@context\":\"https:\/\/schema.org\",\"@graph\":[{\"@type\":\"WebPage\",\"@id\":\"https:\/\/legitgrams.com\/product\/tussionex-cough-syrup\/\",\"url\":\"https:\/\/legitgrams.com\/product\/tussionex-cough-syrup\/\",\"name\":\"Tussionex Cough Syrup for Sale - Buy Tussionex Syrup Online\",\"isPartOf\":{\"@id\":\"https:\/\/legitgrams.com\/#website\"},\"primaryImageOfPage\":{\"@id\":\"https:\/\/legitgrams.com\/product\/tussionex-cough-syrup\/#primaryimage\"},\"image\":{\"@id\":\"https:\/\/legitgrams.com\/product\/tussionex-cough-syrup\/#primaryimage\"},\"thumbnailUrl\":\"https:\/\/legitgrams.com\/wp-content\/uploads\/2024\/09\/buy-tussionex-cough-syrup-online.jpg\",\"datePublished\":\"2024-09-21T12:42:47+00:00\",\"dateModified\":\"2025-01-15T05:47:23+00:00\",\"description\":\"If you want to buy tssionex cough syrup online and looking for a reliable online shop, then buy here. We offer only high-quality tussionex cough syrup for sale at affordable price. Order Now!\",\"breadcrumb\":{\"@id\":\"https:\/\/legitgrams.com\/product\/tussionex-cough-syrup\/#breadcrumb\"},\"inLanguage\":\"pt-PT\",\"potentialAction\":[{\"@type\":\"ReadAction\",\"target\":[\"https:\/\/legitgrams.com\/product\/tussionex-cough-syrup\/\"]}]},{\"@type\":\"ImageObject\",\"inLanguage\":\"pt-PT\",\"@id\":\"https:\/\/legitgrams.com\/product\/tussionex-cough-syrup\/#primaryimage\",\"url\":\"https:\/\/legitgrams.com\/wp-content\/uploads\/2024\/09\/buy-tussionex-cough-syrup-online.jpg\",\"contentUrl\":\"https:\/\/legitgrams.com\/wp-content\/uploads\/2024\/09\/buy-tussionex-cough-syrup-online.jpg\",\"width\":600,\"height\":600,\"caption\":\"Tussionex Cough Syrup for Sale\"},{\"@type\":\"BreadcrumbList\",\"@id\":\"https:\/\/legitgrams.com\/product\/tussionex-cough-syrup\/#breadcrumb\",\"itemListElement\":[{\"@type\":\"ListItem\",\"position\":1,\"name\":\"Home\",\"item\":\"https:\/\/legitgrams.com\/\"},{\"@type\":\"ListItem\",\"position\":2,\"name\":\"Shop\",\"item\":\"https:\/\/legitgrams.com\/shop\/\"},{\"@type\":\"ListItem\",\"position\":3,\"name\":\"Tussionex Cough Syrup\"}]},{\"@type\":\"WebSite\",\"@id\":\"https:\/\/legitgrams.com\/#website\",\"url\":\"https:\/\/legitgrams.com\/\",\"name\":\"Legit Grams\",\"description\":\"My WordPress Blog\",\"publisher\":{\"@id\":\"https:\/\/legitgrams.com\/#organization\"},\"potentialAction\":[{\"@type\":\"SearchAction\",\"target\":{\"@type\":\"EntryPoint\",\"urlTemplate\":\"https:\/\/legitgrams.com\/?s={search_term_string}\"},\"query-input\":{\"@type\":\"PropertyValueSpecification\",\"valueRequired\":true,\"valueName\":\"search_term_string\"}}],\"inLanguage\":\"pt-PT\"},{\"@type\":\"Organization\",\"@id\":\"https:\/\/legitgrams.com\/#organization\",\"name\":\"Legit Grams\",\"url\":\"https:\/\/legitgrams.com\/\",\"logo\":{\"@type\":\"ImageObject\",\"inLanguage\":\"pt-PT\",\"@id\":\"https:\/\/legitgrams.com\/#\/schema\/logo\/image\/\",\"url\":\"https:\/\/legitgrams.com\/wp-content\/uploads\/2024\/09\/main-logo.png\",\"contentUrl\":\"https:\/\/legitgrams.com\/wp-content\/uploads\/2024\/09\/main-logo.png\",\"width\":270,\"height\":75,\"caption\":\"Legit Grams\"},\"image\":{\"@id\":\"https:\/\/legitgrams.com\/#\/schema\/logo\/image\/\"}}]}<\/script>\n<!-- \/ Yoast SEO plugin. -->","yoast_head_json":{"title":"Tussionex Xarope para a tosse para venda - Comprar Tussionex Xarope online","description":"Se pretende comprar tssionex xarope para a tosse online e procura uma loja online de confian\u00e7a, ent\u00e3o compre aqui. Oferecemos apenas xarope para a tosse tussionex de alta qualidade para venda a um pre\u00e7o acess\u00edvel. Encomendar agora!","robots":{"index":"index","follow":"follow","max-snippet":"max-snippet:-1","max-image-preview":"max-image-preview:large","max-video-preview":"max-video-preview:-1"},"canonical":"https:\/\/legitgrams.com\/pt\/produto\/tussionex-xarope-para-a-tosse\/","og_locale":"pt_PT","og_type":"article","og_title":"Tussionex Cough Syrup for Sale - Buy Tussionex Syrup Online","og_description":"If you want to buy tssionex cough syrup online and looking for a reliable online shop, then buy here. We offer only high-quality tussionex cough syrup for sale at affordable price. Order Now!","og_url":"https:\/\/legitgrams.com\/pt\/produto\/tussionex-xarope-para-a-tosse\/","og_site_name":"Legit Grams","article_modified_time":"2025-01-15T05:47:23+00:00","og_image":[{"width":600,"height":600,"url":"https:\/\/legitgrams.com\/wp-content\/uploads\/2024\/09\/buy-tussionex-cough-syrup-online.jpg","type":"image\/jpeg"}],"twitter_card":"summary_large_image","twitter_misc":{"Tempo estimado de leitura":"2 minutos"},"schema":{"@context":"https:\/\/schema.org","@graph":[{"@type":"WebPage","@id":"https:\/\/legitgrams.com\/product\/tussionex-cough-syrup\/","url":"https:\/\/legitgrams.com\/product\/tussionex-cough-syrup\/","name":"Tussionex Xarope para a tosse para venda - Comprar Tussionex Xarope online","isPartOf":{"@id":"https:\/\/legitgrams.com\/#website"},"primaryImageOfPage":{"@id":"https:\/\/legitgrams.com\/product\/tussionex-cough-syrup\/#primaryimage"},"image":{"@id":"https:\/\/legitgrams.com\/product\/tussionex-cough-syrup\/#primaryimage"},"thumbnailUrl":"https:\/\/legitgrams.com\/wp-content\/uploads\/2024\/09\/buy-tussionex-cough-syrup-online.jpg","datePublished":"2024-09-21T12:42:47+00:00","dateModified":"2025-01-15T05:47:23+00:00","description":"Se pretende comprar tssionex xarope para a tosse online e procura uma loja online de confian\u00e7a, ent\u00e3o compre aqui. Oferecemos apenas xarope para a tosse tussionex de alta qualidade para venda a um pre\u00e7o acess\u00edvel. Encomendar agora!","breadcrumb":{"@id":"https:\/\/legitgrams.com\/product\/tussionex-cough-syrup\/#breadcrumb"},"inLanguage":"pt-PT","potentialAction":[{"@type":"ReadAction","target":["https:\/\/legitgrams.com\/product\/tussionex-cough-syrup\/"]}]},{"@type":"ImageObject","inLanguage":"pt-PT","@id":"https:\/\/legitgrams.com\/product\/tussionex-cough-syrup\/#primaryimage","url":"https:\/\/legitgrams.com\/wp-content\/uploads\/2024\/09\/buy-tussionex-cough-syrup-online.jpg","contentUrl":"https:\/\/legitgrams.com\/wp-content\/uploads\/2024\/09\/buy-tussionex-cough-syrup-online.jpg","width":600,"height":600,"caption":"Tussionex Cough Syrup for Sale"},{"@type":"BreadcrumbList","@id":"https:\/\/legitgrams.com\/product\/tussionex-cough-syrup\/#breadcrumb","itemListElement":[{"@type":"ListItem","position":1,"name":"Home","item":"https:\/\/legitgrams.com\/"},{"@type":"ListItem","position":2,"name":"Shop","item":"https:\/\/legitgrams.com\/shop\/"},{"@type":"ListItem","position":3,"name":"Tussionex Cough Syrup"}]},{"@type":"WebSite","@id":"https:\/\/legitgrams.com\/#website","url":"https:\/\/legitgrams.com\/","name":"Gramas leg\u00edtimas","description":"O meu blogue WordPress","publisher":{"@id":"https:\/\/legitgrams.com\/#organization"},"potentialAction":[{"@type":"SearchAction","target":{"@type":"EntryPoint","urlTemplate":"https:\/\/legitgrams.com\/?s={search_term_string}"},"query-input":{"@type":"PropertyValueSpecification","valueRequired":true,"valueName":"search_term_string"}}],"inLanguage":"pt-PT"},{"@type":"Organization","@id":"https:\/\/legitgrams.com\/#organization","name":"Gramas leg\u00edtimas","url":"https:\/\/legitgrams.com\/","logo":{"@type":"ImageObject","inLanguage":"pt-PT","@id":"https:\/\/legitgrams.com\/#\/schema\/logo\/image\/","url":"https:\/\/legitgrams.com\/wp-content\/uploads\/2024\/09\/main-logo.png","contentUrl":"https:\/\/legitgrams.com\/wp-content\/uploads\/2024\/09\/main-logo.png","width":270,"height":75,"caption":"Legit Grams"},"image":{"@id":"https:\/\/legitgrams.com\/#\/schema\/logo\/image\/"}}]}},"uagb_featured_image_src":{"full":["https:\/\/legitgrams.com\/wp-content\/uploads\/2024\/09\/buy-tussionex-cough-syrup-online.jpg",600,600,false],"thumbnail":["https:\/\/legitgrams.com\/wp-content\/uploads\/2024\/09\/buy-tussionex-cough-syrup-online-150x150.jpg",150,150,true],"medium":["https:\/\/legitgrams.com\/wp-content\/uploads\/2024\/09\/buy-tussionex-cough-syrup-online-300x300.jpg",300,300,true],"medium_large":["https:\/\/legitgrams.com\/wp-content\/uploads\/2024\/09\/buy-tussionex-cough-syrup-online.jpg",600,600,false],"large":["https:\/\/legitgrams.com\/wp-content\/uploads\/2024\/09\/buy-tussionex-cough-syrup-online.jpg",600,600,false],"1536x1536":["https:\/\/legitgrams.com\/wp-content\/uploads\/2024\/09\/buy-tussionex-cough-syrup-online.jpg",600,600,false],"2048x2048":["https:\/\/legitgrams.com\/wp-content\/uploads\/2024\/09\/buy-tussionex-cough-syrup-online.jpg",600,600,false],"trp-custom-language-flag":["https:\/\/legitgrams.com\/wp-content\/uploads\/2024\/09\/buy-tussionex-cough-syrup-online-12x12.jpg",12,12,true],"woocommerce_thumbnail":["https:\/\/legitgrams.com\/wp-content\/uploads\/2024\/09\/buy-tussionex-cough-syrup-online-300x300.jpg",300,300,true],"woocommerce_single":["https:\/\/legitgrams.com\/wp-content\/uploads\/2024\/09\/buy-tussionex-cough-syrup-online.jpg",600,600,false],"woocommerce_gallery_thumbnail":["https:\/\/legitgrams.com\/wp-content\/uploads\/2024\/09\/buy-tussionex-cough-syrup-online-100x100.jpg",100,100,true]},"uagb_author_info":{"display_name":"cokeblog18","author_link":"https:\/\/legitgrams.com\/pt\/author\/"},"uagb_comment_info":0,"uagb_excerpt":"Purchase Tussionex Cough Syrup Online buy tussionex cough syrup online. We have a variety of cough syrup for cough syrup for sale like actavis for sale. Tussionex is a strong cough suppressant that contains chlorpheniramine, an antihistamine, and hydrocodone, a narcotic pain reliever. Only available with a doctor\u2019s prescription. Hydrocodone, also found in prescription pain&hellip;","_links":{"self":[{"href":"https:\/\/legitgrams.com\/pt\/wp-json\/wp\/v2\/product\/4187","targetHints":{"allow":["GET"]}}],"collection":[{"href":"https:\/\/legitgrams.com\/pt\/wp-json\/wp\/v2\/product"}],"about":[{"href":"https:\/\/legitgrams.com\/pt\/wp-json\/wp\/v2\/types\/product"}],"replies":[{"embeddable":true,"href":"https:\/\/legitgrams.com\/pt\/wp-json\/wp\/v2\/comments?post=4187"}],"wp:featuredmedia":[{"embeddable":true,"href":"https:\/\/legitgrams.com\/pt\/wp-json\/wp\/v2\/media\/5348"}],"wp:attachment":[{"href":"https:\/\/legitgrams.com\/pt\/wp-json\/wp\/v2\/media?parent=4187"}],"wp:term":[{"taxonomy":"product_brand","embeddable":true,"href":"https:\/\/legitgrams.com\/pt\/wp-json\/wp\/v2\/product_brand?post=4187"},{"taxonomy":"product_cat","embeddable":true,"href":"https:\/\/legitgrams.com\/pt\/wp-json\/wp\/v2\/product_cat?post=4187"},{"taxonomy":"product_tag","embeddable":true,"href":"https:\/\/legitgrams.com\/pt\/wp-json\/wp\/v2\/product_tag?post=4187"}],"curies":[{"name":"wp","href":"https:\/\/api.w.org\/{rel}","templated":true}]}}