{"id":4189,"date":"2024-09-21T12:41:57","date_gmt":"2024-09-21T12:41:57","guid":{"rendered":"https:\/\/legitgrams.com\/?post_type=product&#038;p=4189"},"modified":"2025-04-03T19:20:46","modified_gmt":"2025-04-03T19:20:46","slug":"professor-de-ouro","status":"publish","type":"product","link":"https:\/\/legitgrams.com\/pt\/produto\/professor-de-ouro\/","title":{"rendered":"Comprar Golden Teacher online"},"content":{"rendered":"<h2>Compre Golden Teacher Online<\/h2>\n<p><a href=\"https:\/\/legitgrams.com\/pt\/produto\/professor-de-ouro\/\">Professores de ouro<\/a> acreditar que <a href=\"https:\/\/en.wikipedia.org\/wiki\/Psilocybe_cubensis\">psilocibo cubensis<\/a> \u00e9 um tipo especial de cogumelo, embora s\u00f3 recentemente tenha se tornado popular como cogumelo m\u00e1gico na d\u00e9cada de 1980. O <a href=\"https:\/\/www.bing.com\/search?q=Buy%20Golden%20Teacher%20Online&amp;qs=n&amp;form=QBRE&amp;sp=-1&amp;lq=0&amp;pq=buy%20golden%20teacher%20online&amp;sc=11-25&amp;sk=&amp;cvid=162DB480EB1D46FEA660EC0D3BA8E423&amp;ghsh=0&amp;ghacc=0&amp;ghpl=\">Professor de ouro<\/a> is often more potent than many other strains of psilocybin cubensis since it does not grow as quickly.<br \/>\nOs cultivadores adoram cultivar culturas de Golden Teachers porque elas geram grandes flushes e altos rendimentos. Apesar do crescimento lento, elas mais do que compensam com suas colheitas abundantes e colora\u00e7\u00e3o dourada atraente. Este tipo de Psilocybe cubensis tem dois ingredientes ativos: psilocibina e psilocina. <a href=\"https:\/\/legitgrams.com\/pt\/\">LegitGrams<\/a><\/p>\n<p>Na verdade, esses cogumelos t\u00eam fisiologias semelhantes.<\/p>\n<p>to their cousins in the Cubensis family. MMJDirect provides dried mushrooms that have superior long-term storage. For a constant flow of psychedelic experiences, <a href=\"https:\/\/www.google.com\/search?q=Compre+Golden+Teacher+Online&amp;sca_esv=eddefdb7b92e7545&amp;sxsrf=AHTn8zqbrv-53mlVLqeo3H8YeWK4VKSaSw1743708284417&amp;ei=fODuZ_2bGYvv0PEPmtLUiQI&amp;ved=0ahUKEwj9yYnHy7yMAxWLNzQIHRopNSEQ4dUDCBA&amp;uact=5&amp;oq=Compre+Golden+Teacher+Online&amp;gs_lp=Egxnd3Mtd2l6LXNlcnAiHENvbXByZSBHb2xkZW4gVGVhY2hlciBPbmxpbmVIsQRQAFgAcAB4AJABAJgBmQOgAZkDqgEDNC0xuAEDyAEA-AEC-AEBmAIAoAIAmAMAkgcAoAfTAbIHALgHAA&amp;sclient=gws-wiz-serp\">buy Golden Teachers<\/a> do site canadense!<\/p>\n<h3>Efeitos reais dos cogumelos Golden Teachers<\/h3>\n<p><a href=\"https:\/\/www.google.com\/search?q=Compre+Golden+Teacher+Online&amp;sca_esv=eddefdb7b92e7545&amp;sxsrf=AHTn8zqbrv-53mlVLqeo3H8YeWK4VKSaSw1743708284417&amp;ei=fODuZ_2bGYvv0PEPmtLUiQI&amp;ved=0ahUKEwj9yYnHy7yMAxWLNzQIHRopNSEQ4dUDCBA&amp;uact=5&amp;oq=Compre+Golden+Teacher+Online&amp;gs_lp=Egxnd3Mtd2l6LXNlcnAiHENvbXByZSBHb2xkZW4gVGVhY2hlciBPbmxpbmVIsQRQAFgAcAB4AJABAJgBmQOgAZkDqgEDNC0xuAEDyAEA-AEC-AEBmAIAoAIAmAMAkgcAoAfTAbIHALgHAA&amp;sclient=gws-wiz-serp\">Professores de ouro<\/a> \u00e9 uma \u00f3tima op\u00e7\u00e3o para pessoas que s\u00e3o novas em psicod\u00e9licos e cogumelos. Tem um impacto psicoativo de leve a alto que a maioria das pessoas pode lidar, mesmo em dosagens mais altas. Por outro lado, Golden Teachers s\u00e3o inteiramente metaf\u00edsicos e espirituais. \u00c9 mostrado a voc\u00ea um portal que vai para os recessos mais profundos de sua espiritualidade e uma ponte que o conecta \u00e0s regi\u00f5es mais remotas do Universo. Legit Grams<\/p>\n<p>A maioria dos consumidores diz que teve uma sensa\u00e7\u00e3o de conex\u00e3o com o mundo natural e o meio ambiente. \u00c9 compar\u00e1vel a uma liga\u00e7\u00e3o no sentido de que o n\u00facleo do mundo est\u00e1 em sua consci\u00eancia, aumentando sua sensibilidade \u00e0s suas resson\u00e2ncias e mudan\u00e7as. Depois disso, voc\u00ea deve deixar que essa sensa\u00e7\u00e3o de liberdade total e ilumina\u00e7\u00e3o interior o mude de dentro para fora. Nas pr\u00f3ximas tr\u00eas a seis horas, voc\u00ea saborear\u00e1 sua unidade com a natureza e o mundo.<\/p>\n<p>Outros efeitos incluem impress\u00f5es de distor\u00e7\u00e3o do tempo, onde voc\u00ea percebe que o tempo est\u00e1 passando mais devagar do que o normal. Faz apenas vinte minutos, por exemplo, embora pare\u00e7a que duas horas se passaram desde que voc\u00ea tomou o Golden Teachers Canada. Por outro lado, a psilocibina geralmente causa dilata\u00e7\u00e3o do tempo, o que resulta em futuros saltos temporais.<\/p>\n<h3>Coisas a considerar antes de usar Golden Teachers<\/h3>\n<p>Sem recomenda\u00e7\u00f5es \u00fateis <a href=\"https:\/\/duckduckgo.com\/?q=Compre+Golden+Teacher+Online&amp;t=h_&amp;ia=web\">Professores de ouro<\/a> a revis\u00e3o n\u00e3o estaria completa sem conselhos pr\u00e1ticos sobre como se preparar adequadamente antes do consumo. Primeiro e mais importante, voc\u00ea deve sempre ter algu\u00e9m observando voc\u00ea se esta for a primeira vez que ingere cogumelos psicod\u00e9licos. Da mesma forma, se voc\u00ea planeja tomar uma dose maior, fa\u00e7a arranjos para um acompanhante de viagem para garantir que nada de ruim aconte\u00e7a durante sua experi\u00eancia psicod\u00e9lica. Em caso de emerg\u00eancia, o acompanhante de viagem s\u00f3brio estar\u00e1 pronto para fornecer assist\u00eancia oportuna.<\/p>\n<p>No caso de voc\u00ea ter consumido muitos Golden Teachers, supressores psicod\u00e9licos conhecidos incluem comida, \u00e1gua e vitamina C. No entanto, voc\u00ea deve consultar um profissional antes de criar suas pr\u00f3prias dosagens. Como alternativa, voc\u00ea pode fazer isso sozinho e aumentar progressivamente a dosagem at\u00e9 descobrir a que melhor se adapta a voc\u00ea.<\/p>\n<h3>Por que \u00e9 chamado de Professores de Ouro?<\/h3>\n<p>A palavra \u201cdourado\u201d descreve o tom amarelo-dourado inerente do cogumelo. Voc\u00ea pode ter certeza de que o cogumelo est\u00e1 totalmente crescido e comest\u00edvel naquele momento. Os cogumelos secos ainda ter\u00e3o os tons dourados de suas tampas, o que significa sua qualidade e potencial para efeitos psicod\u00e9licos.<\/p>\n<p>Em rela\u00e7\u00e3o \u00e0s propriedades xam\u00e2nicas e espirituais deste fungo espec\u00edfico, o termo \u201cprofessor\u201d tem m\u00faltiplas interpreta\u00e7\u00f5es. Consumir mais dele pode literalmente lhe dar uma perspectiva totalmente nova sobre o mundo. Talvez voc\u00ea ganhe uma nova compreens\u00e3o do cosmos e de si mesmo. Este tipo de instru\u00e7\u00e3o foca no significado mais profundo da natureza e no completamente \u00fanico e insubstitu\u00edvel para cada cliente.<\/p>\n<p>Transcend\u00eancia e, no seu extremo, a morte do ego s\u00e3o as interpreta\u00e7\u00f5es definitivas dos Golden Teachers. Isso despertar\u00e1 totalmente suas tend\u00eancias espirituais subjacentes e lhe fornecer\u00e1 novos insights sobre os mist\u00e9rios da natureza. Este cogumelo psilocibina \u00e9 um guia xam\u00e2nico que ajuda voc\u00ea a entender seu lugar no universo em um n\u00edvel muito mais profundo. Confira voc\u00ea mesmo comprando Golden Teachers na loja online do Canad\u00e1!<\/p>","protected":false},"excerpt":{"rendered":"<p>Purchase Golden Teacher Online Golden Teachers believe that psilocybe cubensis is a special kind of mushroom, even though it only recently became popular as a magical mushroom in the 1980s. The Golden Teacher is often more potent than many other strains of psilocybin cubensis since it does not grow as quickly. Growers love growing cultures &hellip;<\/p>\n<p class=\"read-more\"> <a class=\"\" href=\"https:\/\/legitgrams.com\/pt\/produto\/professor-de-ouro\/\"> <span class=\"screen-reader-text\">Comprar Golden Teacher online<\/span> Ler mais \"<\/a><\/p>","protected":false},"featured_media":5240,"comment_status":"open","ping_status":"closed","template":"","meta":{"_uag_custom_page_level_css":"","site-sidebar-layout":"default","site-content-layout":"default","ast-global-header-display":"","ast-main-header-display":"","ast-hfb-above-header-display":"","ast-hfb-below-header-display":"","ast-hfb-mobile-header-display":"","site-post-title":"","ast-breadcrumbs-content":"","ast-featured-img":"","footer-sml-layout":"","theme-transparent-header-meta":"default","adv-header-id-meta":"","stick-header-meta":"default","header-above-stick-meta":"","header-main-stick-meta":"","header-below-stick-meta":"","_joinchat":[]},"product_brand":[],"product_cat":[599],"product_tag":[2348,2338,617,2330,2345,2329,2332,2333,2340,2331,2343,2350,2351,2349,2341,2346,2342,2337,2335,2347,2344,625,2336,2339,2334],"class_list":{"0":"post-4189","1":"product","2":"type-product","3":"status-publish","4":"has-post-thumbnail","6":"product_cat-psilocybin-or-magic-mushrooms","7":"product_tag-best-cheap-price-golden-teacher","8":"product_tag-best-place-to-buy-golden-teacher","9":"product_tag-bulk-online","10":"product_tag-buy-golden-teacher","11":"product_tag-cheap-golden-teacher","12":"product_tag-golden-teacher","13":"product_tag-golden-teacher-for-sale","14":"product_tag-golden-teacher-golden-teacher-supplier","15":"product_tag-golden-teacher-legally","16":"product_tag-golden-teacher-online","17":"product_tag-golden-teacher-store","18":"product_tag-golden-teacher-use","19":"product_tag-golden-teacher-wiki","20":"product_tag-golden-teacher-worldwide","21":"product_tag-golden-teacherprice","22":"product_tag-golden-teachers","23":"product_tag-high-quality-golden-teacher","24":"product_tag-how-to-buy-golden-teacher","25":"product_tag-order-golden-teacher","26":"product_tag-purcharse-golden-teacher","27":"product_tag-shop-golden-teacher","28":"product_tag-top-quality","29":"product_tag-where-to-buy-golden-teacher","30":"product_tag-where-to-order-golden-teacher","31":"product_tag-wholesale-golden-teacher","32":"desktop-align-left","33":"tablet-align-left","34":"mobile-align-left","35":"ast-product-gallery-layout-horizontal","36":"ast-product-gallery-with-no-image","37":"ast-product-single-variable","38":"ast-product-tabs-layout-horizontal","39":"ast-qv-on-image","41":"first","42":"instock","43":"shipping-taxable","44":"purchasable","45":"product-type-variable"},"yoast_head":"<!-- This site is optimized with the Yoast SEO plugin v25.9 - https:\/\/yoast.com\/wordpress\/plugins\/seo\/ -->\n<title>Golden Teacher Psilocybin for Sale - Order Golden Teacher Online<\/title>\n<meta name=\"description\" content=\"At our Legitgrams, you can get Golden Teacher for sale at cheap rates. We deal with A-grade quality products only. Buy Golden Teacher online from our store now with fast &amp; secure shipping service.\" \/>\n<meta name=\"robots\" content=\"index, follow, max-snippet:-1, max-image-preview:large, max-video-preview:-1\" \/>\n<link rel=\"canonical\" href=\"https:\/\/legitgrams.com\/pt\/produto\/professor-de-ouro\/\" \/>\n<meta property=\"og:locale\" content=\"pt_PT\" \/>\n<meta property=\"og:type\" content=\"article\" \/>\n<meta property=\"og:title\" content=\"Golden Teacher Psilocybin for Sale - Order Golden Teacher Online\" \/>\n<meta property=\"og:description\" content=\"At our Legitgrams, you can get Golden Teacher for sale at cheap rates. We deal with A-grade quality products only. Buy Golden Teacher online from our store now with fast &amp; secure shipping service.\" \/>\n<meta property=\"og:url\" content=\"https:\/\/legitgrams.com\/pt\/produto\/professor-de-ouro\/\" \/>\n<meta property=\"og:site_name\" content=\"Legit Grams\" \/>\n<meta property=\"article:modified_time\" content=\"2025-04-03T19:20:46+00:00\" \/>\n<meta property=\"og:image\" content=\"https:\/\/legitgrams.com\/wp-content\/uploads\/2024\/09\/golden-teacherpsilocybin-or-magic-mushrooms.jpg\" \/>\n\t<meta property=\"og:image:width\" content=\"430\" \/>\n\t<meta property=\"og:image:height\" content=\"430\" \/>\n\t<meta property=\"og:image:type\" content=\"image\/jpeg\" \/>\n<meta name=\"twitter:card\" content=\"summary_large_image\" \/>\n<meta name=\"twitter:label1\" content=\"Tempo estimado de leitura\" \/>\n\t<meta name=\"twitter:data1\" content=\"4 minutos\" \/>\n<script type=\"application\/ld+json\" class=\"yoast-schema-graph\">{\"@context\":\"https:\/\/schema.org\",\"@graph\":[{\"@type\":\"WebPage\",\"@id\":\"https:\/\/legitgrams.com\/product\/golden-teacher\/\",\"url\":\"https:\/\/legitgrams.com\/product\/golden-teacher\/\",\"name\":\"Golden Teacher Psilocybin for Sale - Order Golden Teacher Online\",\"isPartOf\":{\"@id\":\"https:\/\/legitgrams.com\/#website\"},\"primaryImageOfPage\":{\"@id\":\"https:\/\/legitgrams.com\/product\/golden-teacher\/#primaryimage\"},\"image\":{\"@id\":\"https:\/\/legitgrams.com\/product\/golden-teacher\/#primaryimage\"},\"thumbnailUrl\":\"https:\/\/legitgrams.com\/wp-content\/uploads\/2024\/09\/golden-teacherpsilocybin-or-magic-mushrooms.jpg\",\"datePublished\":\"2024-09-21T12:41:57+00:00\",\"dateModified\":\"2025-04-03T19:20:46+00:00\",\"description\":\"At our Legitgrams, you can get Golden Teacher for sale at cheap rates. We deal with A-grade quality products only. Buy Golden Teacher online from our store now with fast & secure shipping service.\",\"breadcrumb\":{\"@id\":\"https:\/\/legitgrams.com\/product\/golden-teacher\/#breadcrumb\"},\"inLanguage\":\"pt-PT\",\"potentialAction\":[{\"@type\":\"ReadAction\",\"target\":[\"https:\/\/legitgrams.com\/product\/golden-teacher\/\"]}]},{\"@type\":\"ImageObject\",\"inLanguage\":\"pt-PT\",\"@id\":\"https:\/\/legitgrams.com\/product\/golden-teacher\/#primaryimage\",\"url\":\"https:\/\/legitgrams.com\/wp-content\/uploads\/2024\/09\/golden-teacherpsilocybin-or-magic-mushrooms.jpg\",\"contentUrl\":\"https:\/\/legitgrams.com\/wp-content\/uploads\/2024\/09\/golden-teacherpsilocybin-or-magic-mushrooms.jpg\",\"width\":430,\"height\":430,\"caption\":\"Golden Teacher Psilocybin for Sale\"},{\"@type\":\"BreadcrumbList\",\"@id\":\"https:\/\/legitgrams.com\/product\/golden-teacher\/#breadcrumb\",\"itemListElement\":[{\"@type\":\"ListItem\",\"position\":1,\"name\":\"Home\",\"item\":\"https:\/\/legitgrams.com\/\"},{\"@type\":\"ListItem\",\"position\":2,\"name\":\"Shop\",\"item\":\"https:\/\/legitgrams.com\/shop\/\"},{\"@type\":\"ListItem\",\"position\":3,\"name\":\"Buy Golden Teacher Online\"}]},{\"@type\":\"WebSite\",\"@id\":\"https:\/\/legitgrams.com\/#website\",\"url\":\"https:\/\/legitgrams.com\/\",\"name\":\"Legit Grams\",\"description\":\"My WordPress Blog\",\"publisher\":{\"@id\":\"https:\/\/legitgrams.com\/#organization\"},\"potentialAction\":[{\"@type\":\"SearchAction\",\"target\":{\"@type\":\"EntryPoint\",\"urlTemplate\":\"https:\/\/legitgrams.com\/?s={search_term_string}\"},\"query-input\":{\"@type\":\"PropertyValueSpecification\",\"valueRequired\":true,\"valueName\":\"search_term_string\"}}],\"inLanguage\":\"pt-PT\"},{\"@type\":\"Organization\",\"@id\":\"https:\/\/legitgrams.com\/#organization\",\"name\":\"Legit Grams\",\"url\":\"https:\/\/legitgrams.com\/\",\"logo\":{\"@type\":\"ImageObject\",\"inLanguage\":\"pt-PT\",\"@id\":\"https:\/\/legitgrams.com\/#\/schema\/logo\/image\/\",\"url\":\"https:\/\/legitgrams.com\/wp-content\/uploads\/2024\/09\/main-logo.png\",\"contentUrl\":\"https:\/\/legitgrams.com\/wp-content\/uploads\/2024\/09\/main-logo.png\",\"width\":270,\"height\":75,\"caption\":\"Legit Grams\"},\"image\":{\"@id\":\"https:\/\/legitgrams.com\/#\/schema\/logo\/image\/\"}}]}<\/script>\n<!-- \/ Yoast SEO plugin. -->","yoast_head_json":{"title":"Golden Teacher Psilocibina para venda - Encomendar Golden Teacher Online","description":"No nosso Legitgrams, pode obter o Golden Teacher para venda a pre\u00e7os baratos. N\u00f3s lidamos apenas com produtos de qualidade A-grade. Compre Golden Teacher online na nossa loja agora com um servi\u00e7o de envio r\u00e1pido e seguro.","robots":{"index":"index","follow":"follow","max-snippet":"max-snippet:-1","max-image-preview":"max-image-preview:large","max-video-preview":"max-video-preview:-1"},"canonical":"https:\/\/legitgrams.com\/pt\/produto\/professor-de-ouro\/","og_locale":"pt_PT","og_type":"article","og_title":"Golden Teacher Psilocybin for Sale - Order Golden Teacher Online","og_description":"At our Legitgrams, you can get Golden Teacher for sale at cheap rates. We deal with A-grade quality products only. Buy Golden Teacher online from our store now with fast & secure shipping service.","og_url":"https:\/\/legitgrams.com\/pt\/produto\/professor-de-ouro\/","og_site_name":"Legit Grams","article_modified_time":"2025-04-03T19:20:46+00:00","og_image":[{"width":430,"height":430,"url":"https:\/\/legitgrams.com\/wp-content\/uploads\/2024\/09\/golden-teacherpsilocybin-or-magic-mushrooms.jpg","type":"image\/jpeg"}],"twitter_card":"summary_large_image","twitter_misc":{"Tempo estimado de leitura":"4 minutos"},"schema":{"@context":"https:\/\/schema.org","@graph":[{"@type":"WebPage","@id":"https:\/\/legitgrams.com\/product\/golden-teacher\/","url":"https:\/\/legitgrams.com\/product\/golden-teacher\/","name":"Golden Teacher Psilocibina para venda - Encomendar Golden Teacher Online","isPartOf":{"@id":"https:\/\/legitgrams.com\/#website"},"primaryImageOfPage":{"@id":"https:\/\/legitgrams.com\/product\/golden-teacher\/#primaryimage"},"image":{"@id":"https:\/\/legitgrams.com\/product\/golden-teacher\/#primaryimage"},"thumbnailUrl":"https:\/\/legitgrams.com\/wp-content\/uploads\/2024\/09\/golden-teacherpsilocybin-or-magic-mushrooms.jpg","datePublished":"2024-09-21T12:41:57+00:00","dateModified":"2025-04-03T19:20:46+00:00","description":"No nosso Legitgrams, pode obter o Golden Teacher para venda a pre\u00e7os baratos. N\u00f3s lidamos apenas com produtos de qualidade A-grade. Compre Golden Teacher online na nossa loja agora com um servi\u00e7o de envio r\u00e1pido e seguro.","breadcrumb":{"@id":"https:\/\/legitgrams.com\/product\/golden-teacher\/#breadcrumb"},"inLanguage":"pt-PT","potentialAction":[{"@type":"ReadAction","target":["https:\/\/legitgrams.com\/product\/golden-teacher\/"]}]},{"@type":"ImageObject","inLanguage":"pt-PT","@id":"https:\/\/legitgrams.com\/product\/golden-teacher\/#primaryimage","url":"https:\/\/legitgrams.com\/wp-content\/uploads\/2024\/09\/golden-teacherpsilocybin-or-magic-mushrooms.jpg","contentUrl":"https:\/\/legitgrams.com\/wp-content\/uploads\/2024\/09\/golden-teacherpsilocybin-or-magic-mushrooms.jpg","width":430,"height":430,"caption":"Golden Teacher Psilocybin for Sale"},{"@type":"BreadcrumbList","@id":"https:\/\/legitgrams.com\/product\/golden-teacher\/#breadcrumb","itemListElement":[{"@type":"ListItem","position":1,"name":"Home","item":"https:\/\/legitgrams.com\/"},{"@type":"ListItem","position":2,"name":"Shop","item":"https:\/\/legitgrams.com\/shop\/"},{"@type":"ListItem","position":3,"name":"Buy Golden Teacher Online"}]},{"@type":"WebSite","@id":"https:\/\/legitgrams.com\/#website","url":"https:\/\/legitgrams.com\/","name":"Gramas leg\u00edtimas","description":"O meu blogue WordPress","publisher":{"@id":"https:\/\/legitgrams.com\/#organization"},"potentialAction":[{"@type":"SearchAction","target":{"@type":"EntryPoint","urlTemplate":"https:\/\/legitgrams.com\/?s={search_term_string}"},"query-input":{"@type":"PropertyValueSpecification","valueRequired":true,"valueName":"search_term_string"}}],"inLanguage":"pt-PT"},{"@type":"Organization","@id":"https:\/\/legitgrams.com\/#organization","name":"Gramas leg\u00edtimas","url":"https:\/\/legitgrams.com\/","logo":{"@type":"ImageObject","inLanguage":"pt-PT","@id":"https:\/\/legitgrams.com\/#\/schema\/logo\/image\/","url":"https:\/\/legitgrams.com\/wp-content\/uploads\/2024\/09\/main-logo.png","contentUrl":"https:\/\/legitgrams.com\/wp-content\/uploads\/2024\/09\/main-logo.png","width":270,"height":75,"caption":"Legit Grams"},"image":{"@id":"https:\/\/legitgrams.com\/#\/schema\/logo\/image\/"}}]}},"uagb_featured_image_src":{"full":["https:\/\/legitgrams.com\/wp-content\/uploads\/2024\/09\/golden-teacherpsilocybin-or-magic-mushrooms.jpg",430,430,false],"thumbnail":["https:\/\/legitgrams.com\/wp-content\/uploads\/2024\/09\/golden-teacherpsilocybin-or-magic-mushrooms-150x150.jpg",150,150,true],"medium":["https:\/\/legitgrams.com\/wp-content\/uploads\/2024\/09\/golden-teacherpsilocybin-or-magic-mushrooms-300x300.jpg",300,300,true],"medium_large":["https:\/\/legitgrams.com\/wp-content\/uploads\/2024\/09\/golden-teacherpsilocybin-or-magic-mushrooms.jpg",430,430,false],"large":["https:\/\/legitgrams.com\/wp-content\/uploads\/2024\/09\/golden-teacherpsilocybin-or-magic-mushrooms.jpg",430,430,false],"1536x1536":["https:\/\/legitgrams.com\/wp-content\/uploads\/2024\/09\/golden-teacherpsilocybin-or-magic-mushrooms.jpg",430,430,false],"2048x2048":["https:\/\/legitgrams.com\/wp-content\/uploads\/2024\/09\/golden-teacherpsilocybin-or-magic-mushrooms.jpg",430,430,false],"trp-custom-language-flag":["https:\/\/legitgrams.com\/wp-content\/uploads\/2024\/09\/golden-teacherpsilocybin-or-magic-mushrooms-12x12.jpg",12,12,true],"woocommerce_thumbnail":["https:\/\/legitgrams.com\/wp-content\/uploads\/2024\/09\/golden-teacherpsilocybin-or-magic-mushrooms-300x300.jpg",300,300,true],"woocommerce_single":["https:\/\/legitgrams.com\/wp-content\/uploads\/2024\/09\/golden-teacherpsilocybin-or-magic-mushrooms.jpg",430,430,false],"woocommerce_gallery_thumbnail":["https:\/\/legitgrams.com\/wp-content\/uploads\/2024\/09\/golden-teacherpsilocybin-or-magic-mushrooms-100x100.jpg",100,100,true]},"uagb_author_info":{"display_name":"cokeblog18","author_link":"https:\/\/legitgrams.com\/pt\/author\/"},"uagb_comment_info":0,"uagb_excerpt":"Purchase Golden Teacher Online Golden Teachers believe that psilocybe cubensis is a special kind of mushroom, even though it only recently became popular as a magical mushroom in the 1980s. The Golden Teacher is often more potent than many other strains of psilocybin cubensis since it does not grow as quickly. Growers love growing cultures&hellip;","_links":{"self":[{"href":"https:\/\/legitgrams.com\/pt\/wp-json\/wp\/v2\/product\/4189","targetHints":{"allow":["GET"]}}],"collection":[{"href":"https:\/\/legitgrams.com\/pt\/wp-json\/wp\/v2\/product"}],"about":[{"href":"https:\/\/legitgrams.com\/pt\/wp-json\/wp\/v2\/types\/product"}],"replies":[{"embeddable":true,"href":"https:\/\/legitgrams.com\/pt\/wp-json\/wp\/v2\/comments?post=4189"}],"wp:featuredmedia":[{"embeddable":true,"href":"https:\/\/legitgrams.com\/pt\/wp-json\/wp\/v2\/media\/5240"}],"wp:attachment":[{"href":"https:\/\/legitgrams.com\/pt\/wp-json\/wp\/v2\/media?parent=4189"}],"wp:term":[{"taxonomy":"product_brand","embeddable":true,"href":"https:\/\/legitgrams.com\/pt\/wp-json\/wp\/v2\/product_brand?post=4189"},{"taxonomy":"product_cat","embeddable":true,"href":"https:\/\/legitgrams.com\/pt\/wp-json\/wp\/v2\/product_cat?post=4189"},{"taxonomy":"product_tag","embeddable":true,"href":"https:\/\/legitgrams.com\/pt\/wp-json\/wp\/v2\/product_tag?post=4189"}],"curies":[{"name":"wp","href":"https:\/\/api.w.org\/{rel}","templated":true}]}}