{"id":4191,"date":"2024-09-21T12:38:32","date_gmt":"2024-09-21T12:38:32","guid":{"rendered":"https:\/\/legitgrams.com\/?post_type=product&#038;p=4191"},"modified":"2025-01-14T06:46:39","modified_gmt":"2025-01-14T06:46:39","slug":"jesus-og-weed-marijuana-strain","status":"publish","type":"product","link":"https:\/\/legitgrams.com\/pt\/produto\/jesus-og-weed-marijuana-strain\/","title":{"rendered":"Jesus OG Weed Variedade de maconha"},"content":{"rendered":"<h2>Compre a variedade de maconha Jesus OG Weed online<\/h2>\n<p><a href=\"https:\/\/legitgrams.com\/pt\/produto\/jesus-og-weed-marijuana-strain\/\">Jesus e<\/a> \u00e9 uma combina\u00e7\u00e3o que tem a capacidade especial de elevar tanto o corpo quanto a mente, seja ela considerada esot\u00e9rica. Sub-resfriamentos para agregados usados \u200b\u200bem cria\u00e7\u00e3o produtiva O Dank nos honrou com esta incr\u00edvel mistura meio a meio de Hell's Angel OG e Jack the Ripper da TGA. Apesar do fato de que certos agregados se inclinam mais para a extremidade sativa cerebral do espectro, Jesus OG fornece uma alta que equilibra os benef\u00edcios que s\u00e3o intelectuais e f\u00edsicos. Jesus OG tem uma concentra\u00e7\u00e3o consistente de 20% de THC e, sem d\u00favida, tem gosto de lim\u00e3o.<\/p>\n<p>Jesus OG \u00e9 caracterizada por flores pequenas a m\u00e9dias que se agrupam em forma\u00e7\u00f5es compactas, semelhantes a p\u00e1s. Geralmente indica, os brotos t\u00eam uma forma compacta com folhas em forma de la\u00e7o, o que torna mais dif\u00edcil separar as flores sem um processador e aumenta sua espessura. As folhas em si s\u00e3o de um verde brilhante v\u00edvido com alguns pistilos de cobre aparecendo. Uma dispers\u00e3o de tricomas d\u00e1 a esta cepa um brilho brilhante e uma superf\u00edcie excepcionalmente pegajosa. A principal fragr\u00e2ncia que emana dessas flores \u00e9 lim\u00e3o com um toque de \u00e1lcali; este n\u00e3o \u00e9 o aroma usual de certos produtos de limpeza vaporizados. H\u00e1 tamb\u00e9m um cheiro levemente abrasivo e \u00famido que permanece por baixo e se torna mais forte quando as flores s\u00e3o consumidas ou abertas. Jesus OG atinge suavemente quando fumado. Deixa um forte sabor c\u00edtrico e picante na exala\u00e7\u00e3o, o que pode ser familiar aos f\u00e3s de Jack Herer, a cepa av\u00f4 de Jesus OG. <a href=\"https:\/\/legitgrams.com\/pt\/\">LegitGrams<\/a><\/p>\n<p>Les clients de Jesus OG peuvent ressentir un bourdonnement dans la t\u00eate ou plisser accidentellement les yeux en raison des effets euphorisants rapides de Jesus OG. Ces effets sont rapidement suivis d'un sentiment nouvellement d\u00e9couvert d'int\u00e9r\u00eat central dans le cerveau. Il est possible que des articles ou des \u00e9l\u00e9ments al\u00e9atoires prennent une signification enti\u00e8rement diff\u00e9rente. Parce qu'elle est si intrigante, cette vari\u00e9t\u00e9 est id\u00e9ale comme guide pour les t\u00e2ches n\u00e9cessitant de la cr\u00e9ativit\u00e9 ou de l'\u00e9tude. De plus, il peut y avoir des effets mod\u00e9r\u00e9ment psych\u00e9d\u00e9liques ; les fumeurs peuvent percevoir les bruits, les couleurs ou m\u00eame les go\u00fbts plus fortement \u00e0 mesure que leurs sens deviennent plus conscients de leur environnement. Jesus OG a \u00e9galement de v\u00e9ritables exp\u00e9riences. Quoi qu'il en soit, des douleurs dans les muscles et la poitrine peuvent \u00eatre typiques. Lorsqu'elle est prise en plus grande quantit\u00e9, cette vari\u00e9t\u00e9 peut amener les clients du salon de manucure \u00e0 s'asseoir sur le si\u00e8ge le plus proche pour l'amour.<\/p>\n<p>Esses benef\u00edcios abrangentes tamb\u00e9m s\u00e3o vantajosos para aqueles que usam <a href=\"https:\/\/en.wikipedia.org\/wiki\/Cannabis\">can\u00e1bis<\/a> para fins m\u00e9dicos. As propriedades narc\u00f3ticas de Jesus OG podem ajudar com dores latejantes, inc\u00f4modas e cr\u00f4nicas. Tanto dores cerebrais leves quanto dores de cabe\u00e7a mais severas podem ser aliviadas por ele. At\u00e9 mesmo a dolorosa press\u00e3o intraocular associada ao glaucoma pode ser reduzida eficientemente pela capacidade desta cepa de relaxar os olhos dos pacientes. Nesse \u00ednterim, qualquer pessoa que esteja lutando contra estresse, ansiedade, des\u00e2nimo e TEPT pode descobrir que a inspira\u00e7\u00e3o euf\u00f3rica de Jesus OG \u00e9 um rem\u00e9dio tempor\u00e1rio incr\u00edvel. Seu centro perceptivo pode ajudar pacientes com problemas de d\u00e9ficit de considera\u00e7\u00e3o. No entanto, devido \u00e0 inclina\u00e7\u00e3o desta cepa atual para atingir racioc\u00ednio desinibidamente afiliado, ela pode excitar frenesi ou neurose para indiv\u00edduos n\u00e3o familiarizados com a \"corrida mental\" que acompanha realmente a sativa.<\/p>\n<h3>Efeitos<\/h3>\n<p>revitalizante, alegre, otimista, concentrado e alegre; pode reduzir fadiga, dores de cabe\u00e7a, enxaquecas, n\u00e1useas, TEPT, estresse, transtorno bipolar, depress\u00e3o, DDA\/TDAH e dor cr\u00f4nica.<br \/>\nSabores<br \/>\nAromas doces, picantes, c\u00edtricos e de pinho<br \/>\nDoce, terroso, c\u00edtrico e sens\u00edvel<br \/>\nCompre Jesus OG Weed Marijuana Strain Online: compre Weed Marijuana Strain, compre Jesus OG Weed Marijuana Strain, compre OG Weed Marijuana Strain online, onde comprar Jesus OG Weed Marijuana Strain, Jesus OG Weed Marijuana Strain \u00e0 venda, Weed Marijuana Strain \u00e0 venda, compre Marijuana Strain online, onde comprar Jesus OG Weed Marijuana Strain \u00e0 venda nos EUA, Canad\u00e1 e Reino Unido, compre online, fornecedores, entrega segura, Jesus OG Weed Marijuana Strain ainda existe? \u00c9 acess\u00edvel nos EUA? Invista em Jesus<\/p>\n<p>Como posso encomendar Jesus? OG Weed Marijuana Strain online nos EUA Strain de cannabis conhecida como Jesus OG Weed: \u00c9 legal no Canad\u00e1?<\/p>\n<h2><\/h2>\n<h2><\/h2>\n<p>&nbsp;<\/p>","protected":false},"excerpt":{"rendered":"<p>Purchase the Jesus OG Weed Cannabis Strain Online Jesus OG is a combination that has the special capacity to elevate both the body and the mind, whether you consider it esoteric. Subcools for aggregates used in productive rearing The Dank has honored us with this amazing half-and-half mashup of Hell&#8217;s Angel OG and TGA&#8217;s Jack &hellip;<\/p>\n<p class=\"read-more\"> <a class=\"\" href=\"https:\/\/legitgrams.com\/pt\/produto\/jesus-og-weed-marijuana-strain\/\"> <span class=\"screen-reader-text\">Jesus OG Weed Variedade de maconha<\/span> Ler mais \"<\/a><\/p>","protected":false},"featured_media":5408,"comment_status":"open","ping_status":"closed","template":"","meta":{"_uag_custom_page_level_css":"","site-sidebar-layout":"default","site-content-layout":"default","ast-global-header-display":"","ast-main-header-display":"","ast-hfb-above-header-display":"","ast-hfb-below-header-display":"","ast-hfb-mobile-header-display":"","site-post-title":"","ast-breadcrumbs-content":"","ast-featured-img":"","footer-sml-layout":"","theme-transparent-header-meta":"default","adv-header-id-meta":"","stick-header-meta":"default","header-above-stick-meta":"","header-main-stick-meta":"","header-below-stick-meta":"","_joinchat":[]},"product_brand":[],"product_cat":[607],"product_tag":[2394,2384,617,2376,2391,2388,2383,2375,2378,2379,2386,2377,2389,2396,2397,2395,2387,2392,2381,2393,2390,625,2382,2385,2380],"class_list":{"0":"post-4191","1":"product","2":"type-product","3":"status-publish","4":"has-post-thumbnail","6":"product_cat-marijuana-cannabis","7":"product_tag-best-cheap-price-jesus-og-weed-marijuana-strain","8":"product_tag-best-place-to-buy-jesus-og-weed-marijuana-strain","9":"product_tag-bulk-online","10":"product_tag-buy-jesus-og-weed-marijuana-strain","11":"product_tag-cheap-jesus-og-weed-marijuana-strain","12":"product_tag-high-quality-jesus-og-weed-marijuana-strain","13":"product_tag-how-to-buy-jesus-og-weed-marijuana-strain","14":"product_tag-jesus-og-weed-marijuana-strain","15":"product_tag-jesus-og-weed-marijuana-strain-for-sale","16":"product_tag-jesus-og-weed-marijuana-strain-jesus-og-weed-marijuana-strain-supplier","17":"product_tag-jesus-og-weed-marijuana-strain-legally","18":"product_tag-jesus-og-weed-marijuana-strain-online","19":"product_tag-jesus-og-weed-marijuana-strain-store","20":"product_tag-jesus-og-weed-marijuana-strain-use","21":"product_tag-jesus-og-weed-marijuana-strain-wiki","22":"product_tag-jesus-og-weed-marijuana-strain-worldwide","23":"product_tag-jesus-og-weed-marijuana-strainprice","24":"product_tag-jesus-og-weed-marijuana-strains","25":"product_tag-order-jesus-og-weed-marijuana-strain","26":"product_tag-purcharse-jesus-og-weed-marijuana-strain","27":"product_tag-shop-jesus-og-weed-marijuana-strain","28":"product_tag-top-quality","29":"product_tag-where-to-buy-jesus-og-weed-marijuana-strain","30":"product_tag-where-to-order-jesus-og-weed-marijuana-strain","31":"product_tag-wholesale-jesus-og-weed-marijuana-strain","32":"desktop-align-left","33":"tablet-align-left","34":"mobile-align-left","35":"ast-product-gallery-layout-horizontal","36":"ast-product-gallery-with-no-image","37":"ast-product-single-variable","38":"ast-product-tabs-layout-horizontal","39":"ast-qv-on-image","41":"first","42":"instock","43":"shipping-taxable","44":"purchasable","45":"product-type-variable"},"yoast_head":"<!-- This site is optimized with the Yoast SEO plugin v25.9 - https:\/\/yoast.com\/wordpress\/plugins\/seo\/ -->\n<title>Jesus OG Weed Marijuana Strain for Sale - Buy Jesus OG Weed<\/title>\n<meta name=\"description\" content=\"Your requirement to buy Jesus OG Weed Marijuana Strain online can be fulfilled at our online Legitgrams store as we are having Jesus OG Weed Marijuana Strain for sale here. Place your order and get affordable deals every day.\" \/>\n<meta name=\"robots\" content=\"index, follow, max-snippet:-1, max-image-preview:large, max-video-preview:-1\" \/>\n<link rel=\"canonical\" href=\"https:\/\/legitgrams.com\/pt\/produto\/jesus-og-weed-marijuana-strain\/\" \/>\n<meta property=\"og:locale\" content=\"pt_PT\" \/>\n<meta property=\"og:type\" content=\"article\" \/>\n<meta property=\"og:title\" content=\"Jesus OG Weed Marijuana Strain for Sale - Buy Jesus OG Weed\" \/>\n<meta property=\"og:description\" content=\"Your requirement to buy Jesus OG Weed Marijuana Strain online can be fulfilled at our online Legitgrams store as we are having Jesus OG Weed Marijuana Strain for sale here. Place your order and get affordable deals every day.\" \/>\n<meta property=\"og:url\" content=\"https:\/\/legitgrams.com\/pt\/produto\/jesus-og-weed-marijuana-strain\/\" \/>\n<meta property=\"og:site_name\" content=\"Legit Grams\" \/>\n<meta property=\"article:modified_time\" content=\"2025-01-14T06:46:39+00:00\" \/>\n<meta property=\"og:image\" content=\"https:\/\/legitgrams.com\/wp-content\/uploads\/2024\/09\/Buy-Jesus-OG-Weed-Marijuana-Strain-Online.jpg\" \/>\n\t<meta property=\"og:image:width\" content=\"600\" \/>\n\t<meta property=\"og:image:height\" content=\"600\" \/>\n\t<meta property=\"og:image:type\" content=\"image\/jpeg\" \/>\n<meta name=\"twitter:card\" content=\"summary_large_image\" \/>\n<meta name=\"twitter:label1\" content=\"Tempo estimado de leitura\" \/>\n\t<meta name=\"twitter:data1\" content=\"6 minutos\" \/>\n<script type=\"application\/ld+json\" class=\"yoast-schema-graph\">{\"@context\":\"https:\/\/schema.org\",\"@graph\":[{\"@type\":\"WebPage\",\"@id\":\"https:\/\/legitgrams.com\/product\/jesus-og-weed-marijuana-strain\/\",\"url\":\"https:\/\/legitgrams.com\/product\/jesus-og-weed-marijuana-strain\/\",\"name\":\"Jesus OG Weed Marijuana Strain for Sale - Buy Jesus OG Weed\",\"isPartOf\":{\"@id\":\"https:\/\/legitgrams.com\/#website\"},\"primaryImageOfPage\":{\"@id\":\"https:\/\/legitgrams.com\/product\/jesus-og-weed-marijuana-strain\/#primaryimage\"},\"image\":{\"@id\":\"https:\/\/legitgrams.com\/product\/jesus-og-weed-marijuana-strain\/#primaryimage\"},\"thumbnailUrl\":\"https:\/\/legitgrams.com\/wp-content\/uploads\/2024\/09\/Buy-Jesus-OG-Weed-Marijuana-Strain-Online.jpg\",\"datePublished\":\"2024-09-21T12:38:32+00:00\",\"dateModified\":\"2025-01-14T06:46:39+00:00\",\"description\":\"Your requirement to buy Jesus OG Weed Marijuana Strain online can be fulfilled at our online Legitgrams store as we are having Jesus OG Weed Marijuana Strain for sale here. Place your order and get affordable deals every day.\",\"breadcrumb\":{\"@id\":\"https:\/\/legitgrams.com\/product\/jesus-og-weed-marijuana-strain\/#breadcrumb\"},\"inLanguage\":\"pt-PT\",\"potentialAction\":[{\"@type\":\"ReadAction\",\"target\":[\"https:\/\/legitgrams.com\/product\/jesus-og-weed-marijuana-strain\/\"]}]},{\"@type\":\"ImageObject\",\"inLanguage\":\"pt-PT\",\"@id\":\"https:\/\/legitgrams.com\/product\/jesus-og-weed-marijuana-strain\/#primaryimage\",\"url\":\"https:\/\/legitgrams.com\/wp-content\/uploads\/2024\/09\/Buy-Jesus-OG-Weed-Marijuana-Strain-Online.jpg\",\"contentUrl\":\"https:\/\/legitgrams.com\/wp-content\/uploads\/2024\/09\/Buy-Jesus-OG-Weed-Marijuana-Strain-Online.jpg\",\"width\":600,\"height\":600,\"caption\":\"Jesus OG Weed Marijuana Strain for Sale\"},{\"@type\":\"BreadcrumbList\",\"@id\":\"https:\/\/legitgrams.com\/product\/jesus-og-weed-marijuana-strain\/#breadcrumb\",\"itemListElement\":[{\"@type\":\"ListItem\",\"position\":1,\"name\":\"Home\",\"item\":\"https:\/\/legitgrams.com\/\"},{\"@type\":\"ListItem\",\"position\":2,\"name\":\"Shop\",\"item\":\"https:\/\/legitgrams.com\/shop\/\"},{\"@type\":\"ListItem\",\"position\":3,\"name\":\"Jesus OG Weed Marijuana Strain\"}]},{\"@type\":\"WebSite\",\"@id\":\"https:\/\/legitgrams.com\/#website\",\"url\":\"https:\/\/legitgrams.com\/\",\"name\":\"Legit Grams\",\"description\":\"My WordPress Blog\",\"publisher\":{\"@id\":\"https:\/\/legitgrams.com\/#organization\"},\"potentialAction\":[{\"@type\":\"SearchAction\",\"target\":{\"@type\":\"EntryPoint\",\"urlTemplate\":\"https:\/\/legitgrams.com\/?s={search_term_string}\"},\"query-input\":{\"@type\":\"PropertyValueSpecification\",\"valueRequired\":true,\"valueName\":\"search_term_string\"}}],\"inLanguage\":\"pt-PT\"},{\"@type\":\"Organization\",\"@id\":\"https:\/\/legitgrams.com\/#organization\",\"name\":\"Legit Grams\",\"url\":\"https:\/\/legitgrams.com\/\",\"logo\":{\"@type\":\"ImageObject\",\"inLanguage\":\"pt-PT\",\"@id\":\"https:\/\/legitgrams.com\/#\/schema\/logo\/image\/\",\"url\":\"https:\/\/legitgrams.com\/wp-content\/uploads\/2024\/09\/main-logo.png\",\"contentUrl\":\"https:\/\/legitgrams.com\/wp-content\/uploads\/2024\/09\/main-logo.png\",\"width\":270,\"height\":75,\"caption\":\"Legit Grams\"},\"image\":{\"@id\":\"https:\/\/legitgrams.com\/#\/schema\/logo\/image\/\"}}]}<\/script>\n<!-- \/ Yoast SEO plugin. -->","yoast_head_json":{"title":"Variedade de maconha Jesus OG Weed para venda - Compre Jesus OG Weed","description":"Seu requisito para comprar Jesus OG Weed Marijuana Strain online pode ser cumprido em nossa loja online Legitgrams, pois temos Jesus OG Weed Marijuana Strain \u00e0 venda aqui. Fa\u00e7a seu pedido e obtenha ofertas acess\u00edveis todos os dias.","robots":{"index":"index","follow":"follow","max-snippet":"max-snippet:-1","max-image-preview":"max-image-preview:large","max-video-preview":"max-video-preview:-1"},"canonical":"https:\/\/legitgrams.com\/pt\/produto\/jesus-og-weed-marijuana-strain\/","og_locale":"pt_PT","og_type":"article","og_title":"Jesus OG Weed Marijuana Strain for Sale - Buy Jesus OG Weed","og_description":"Your requirement to buy Jesus OG Weed Marijuana Strain online can be fulfilled at our online Legitgrams store as we are having Jesus OG Weed Marijuana Strain for sale here. Place your order and get affordable deals every day.","og_url":"https:\/\/legitgrams.com\/pt\/produto\/jesus-og-weed-marijuana-strain\/","og_site_name":"Legit Grams","article_modified_time":"2025-01-14T06:46:39+00:00","og_image":[{"width":600,"height":600,"url":"https:\/\/legitgrams.com\/wp-content\/uploads\/2024\/09\/Buy-Jesus-OG-Weed-Marijuana-Strain-Online.jpg","type":"image\/jpeg"}],"twitter_card":"summary_large_image","twitter_misc":{"Tempo estimado de leitura":"6 minutos"},"schema":{"@context":"https:\/\/schema.org","@graph":[{"@type":"WebPage","@id":"https:\/\/legitgrams.com\/product\/jesus-og-weed-marijuana-strain\/","url":"https:\/\/legitgrams.com\/product\/jesus-og-weed-marijuana-strain\/","name":"Variedade de maconha Jesus OG Weed para venda - Compre Jesus OG Weed","isPartOf":{"@id":"https:\/\/legitgrams.com\/#website"},"primaryImageOfPage":{"@id":"https:\/\/legitgrams.com\/product\/jesus-og-weed-marijuana-strain\/#primaryimage"},"image":{"@id":"https:\/\/legitgrams.com\/product\/jesus-og-weed-marijuana-strain\/#primaryimage"},"thumbnailUrl":"https:\/\/legitgrams.com\/wp-content\/uploads\/2024\/09\/Buy-Jesus-OG-Weed-Marijuana-Strain-Online.jpg","datePublished":"2024-09-21T12:38:32+00:00","dateModified":"2025-01-14T06:46:39+00:00","description":"Seu requisito para comprar Jesus OG Weed Marijuana Strain online pode ser cumprido em nossa loja online Legitgrams, pois temos Jesus OG Weed Marijuana Strain \u00e0 venda aqui. Fa\u00e7a seu pedido e obtenha ofertas acess\u00edveis todos os dias.","breadcrumb":{"@id":"https:\/\/legitgrams.com\/product\/jesus-og-weed-marijuana-strain\/#breadcrumb"},"inLanguage":"pt-PT","potentialAction":[{"@type":"ReadAction","target":["https:\/\/legitgrams.com\/product\/jesus-og-weed-marijuana-strain\/"]}]},{"@type":"ImageObject","inLanguage":"pt-PT","@id":"https:\/\/legitgrams.com\/product\/jesus-og-weed-marijuana-strain\/#primaryimage","url":"https:\/\/legitgrams.com\/wp-content\/uploads\/2024\/09\/Buy-Jesus-OG-Weed-Marijuana-Strain-Online.jpg","contentUrl":"https:\/\/legitgrams.com\/wp-content\/uploads\/2024\/09\/Buy-Jesus-OG-Weed-Marijuana-Strain-Online.jpg","width":600,"height":600,"caption":"Jesus OG Weed Marijuana Strain for Sale"},{"@type":"BreadcrumbList","@id":"https:\/\/legitgrams.com\/product\/jesus-og-weed-marijuana-strain\/#breadcrumb","itemListElement":[{"@type":"ListItem","position":1,"name":"Home","item":"https:\/\/legitgrams.com\/"},{"@type":"ListItem","position":2,"name":"Shop","item":"https:\/\/legitgrams.com\/shop\/"},{"@type":"ListItem","position":3,"name":"Jesus OG Weed Marijuana Strain"}]},{"@type":"WebSite","@id":"https:\/\/legitgrams.com\/#website","url":"https:\/\/legitgrams.com\/","name":"Gramas leg\u00edtimas","description":"O meu blogue WordPress","publisher":{"@id":"https:\/\/legitgrams.com\/#organization"},"potentialAction":[{"@type":"SearchAction","target":{"@type":"EntryPoint","urlTemplate":"https:\/\/legitgrams.com\/?s={search_term_string}"},"query-input":{"@type":"PropertyValueSpecification","valueRequired":true,"valueName":"search_term_string"}}],"inLanguage":"pt-PT"},{"@type":"Organization","@id":"https:\/\/legitgrams.com\/#organization","name":"Gramas leg\u00edtimas","url":"https:\/\/legitgrams.com\/","logo":{"@type":"ImageObject","inLanguage":"pt-PT","@id":"https:\/\/legitgrams.com\/#\/schema\/logo\/image\/","url":"https:\/\/legitgrams.com\/wp-content\/uploads\/2024\/09\/main-logo.png","contentUrl":"https:\/\/legitgrams.com\/wp-content\/uploads\/2024\/09\/main-logo.png","width":270,"height":75,"caption":"Legit Grams"},"image":{"@id":"https:\/\/legitgrams.com\/#\/schema\/logo\/image\/"}}]}},"uagb_featured_image_src":{"full":["https:\/\/legitgrams.com\/wp-content\/uploads\/2024\/09\/Buy-Jesus-OG-Weed-Marijuana-Strain-Online.jpg",600,600,false],"thumbnail":["https:\/\/legitgrams.com\/wp-content\/uploads\/2024\/09\/Buy-Jesus-OG-Weed-Marijuana-Strain-Online-150x150.jpg",150,150,true],"medium":["https:\/\/legitgrams.com\/wp-content\/uploads\/2024\/09\/Buy-Jesus-OG-Weed-Marijuana-Strain-Online-300x300.jpg",300,300,true],"medium_large":["https:\/\/legitgrams.com\/wp-content\/uploads\/2024\/09\/Buy-Jesus-OG-Weed-Marijuana-Strain-Online.jpg",600,600,false],"large":["https:\/\/legitgrams.com\/wp-content\/uploads\/2024\/09\/Buy-Jesus-OG-Weed-Marijuana-Strain-Online.jpg",600,600,false],"1536x1536":["https:\/\/legitgrams.com\/wp-content\/uploads\/2024\/09\/Buy-Jesus-OG-Weed-Marijuana-Strain-Online.jpg",600,600,false],"2048x2048":["https:\/\/legitgrams.com\/wp-content\/uploads\/2024\/09\/Buy-Jesus-OG-Weed-Marijuana-Strain-Online.jpg",600,600,false],"trp-custom-language-flag":["https:\/\/legitgrams.com\/wp-content\/uploads\/2024\/09\/Buy-Jesus-OG-Weed-Marijuana-Strain-Online-12x12.jpg",12,12,true],"woocommerce_thumbnail":["https:\/\/legitgrams.com\/wp-content\/uploads\/2024\/09\/Buy-Jesus-OG-Weed-Marijuana-Strain-Online-300x300.jpg",300,300,true],"woocommerce_single":["https:\/\/legitgrams.com\/wp-content\/uploads\/2024\/09\/Buy-Jesus-OG-Weed-Marijuana-Strain-Online.jpg",600,600,false],"woocommerce_gallery_thumbnail":["https:\/\/legitgrams.com\/wp-content\/uploads\/2024\/09\/Buy-Jesus-OG-Weed-Marijuana-Strain-Online-100x100.jpg",100,100,true]},"uagb_author_info":{"display_name":"cokeblog18","author_link":"https:\/\/legitgrams.com\/pt\/author\/"},"uagb_comment_info":0,"uagb_excerpt":"Purchase the Jesus OG Weed Cannabis Strain Online Jesus OG is a combination that has the special capacity to elevate both the body and the mind, whether you consider it esoteric. Subcools for aggregates used in productive rearing The Dank has honored us with this amazing half-and-half mashup of Hell&#8217;s Angel OG and TGA&#8217;s Jack&hellip;","_links":{"self":[{"href":"https:\/\/legitgrams.com\/pt\/wp-json\/wp\/v2\/product\/4191","targetHints":{"allow":["GET"]}}],"collection":[{"href":"https:\/\/legitgrams.com\/pt\/wp-json\/wp\/v2\/product"}],"about":[{"href":"https:\/\/legitgrams.com\/pt\/wp-json\/wp\/v2\/types\/product"}],"replies":[{"embeddable":true,"href":"https:\/\/legitgrams.com\/pt\/wp-json\/wp\/v2\/comments?post=4191"}],"wp:featuredmedia":[{"embeddable":true,"href":"https:\/\/legitgrams.com\/pt\/wp-json\/wp\/v2\/media\/5408"}],"wp:attachment":[{"href":"https:\/\/legitgrams.com\/pt\/wp-json\/wp\/v2\/media?parent=4191"}],"wp:term":[{"taxonomy":"product_brand","embeddable":true,"href":"https:\/\/legitgrams.com\/pt\/wp-json\/wp\/v2\/product_brand?post=4191"},{"taxonomy":"product_cat","embeddable":true,"href":"https:\/\/legitgrams.com\/pt\/wp-json\/wp\/v2\/product_cat?post=4191"},{"taxonomy":"product_tag","embeddable":true,"href":"https:\/\/legitgrams.com\/pt\/wp-json\/wp\/v2\/product_tag?post=4191"}],"curies":[{"name":"wp","href":"https:\/\/api.w.org\/{rel}","templated":true}]}}