{"id":4192,"date":"2024-09-21T12:36:26","date_gmt":"2024-09-21T12:36:26","guid":{"rendered":"https:\/\/legitgrams.com\/?post_type=product&#038;p=4192"},"modified":"2025-01-07T06:47:21","modified_gmt":"2025-01-07T06:47:21","slug":"maui-wowie-budder-prateleira-superior","status":"publish","type":"product","link":"https:\/\/legitgrams.com\/pt\/produto\/maui-wowie-budder-prateleira-superior\/","title":{"rendered":"Maui Wowie Budder - Prateleira superior"},"content":{"rendered":"<h2>Comprar Maui Wowie Budder - Top Shelf Online<\/h2>\n<h3>Adquira aqui o Top Shelf Maui Wowie Budder.<\/h3>\n<p>Cultivada originalmente no exuberante solo vulc\u00e2nico das ilhas havaianas, <a href=\"https:\/\/legitgrams.com\/pt\/produto\/maui-wowie-budder-prateleira-superior\/\">Maui Wowie<\/a> \u00e9 uma variedade dominante de sativa. Uma sativa suave que o far\u00e1 sonhar com as praias arenosas e tropicais do Havai e com o anan\u00e1s fresco e suculento. Uma das favoritas entre os especialistas devido aos seus aromas poderosamente doces de anan\u00e1s e efeitos euf\u00f3ricos e de alta energia. Esta variedade \u00e9 \u00f3ptima para ser usada de manh\u00e3 ou durante o dia, pois demonstrou aumentar o fluxo criativo e permitir que a mente vagueie tranquila e facilmente. Quando combinada com a melhoria da concentra\u00e7\u00e3o e do humor em geral, a Maui Waui \u00e9 um tratamento altamente eficaz para doen\u00e7as como a tristeza, a ansiedade e o stress. <a href=\"https:\/\/legitgrams.com\/pt\/\">LegitGrams<\/a><\/p>\n<p>Top Shelf - Compra <a href=\"https:\/\/en.wiktionary.org\/wiki\/Maui_Wowie\">Maui Budder<\/a>Maui Wowie Budder, comprar Maui Wowie Budder online, onde comprar Maui Wowie Budder, Maui Wowie Budder \u00e0 venda, Wowie Budder \u00e0 venda, comprar Maui Budder online, onde comprar Maui Wowie Budder online, Maui Wowie Budder \u00e0 venda nos EUA, EUA, Canad\u00e1, Reino Unido, compra, online, fornecedores, entrega segura, no entanto, Maui Wowie Budder est\u00e1 dispon\u00edvel. Como adquirir Maui Wowie Budder, Maui Wowie Budder \u00e9 legal no Canad\u00e1, Posso comprar Maui Wowie Budder online nos Estados Unidos?<\/p>","protected":false},"excerpt":{"rendered":"<p>Buy Maui Wowie Budder \u2013 Top Shelf Online Get the Top Shelf Maui Wowie Budder here. Grown originally in the lush volcanic soil of the Hawaiian islands, Maui Wowie is a sativa dominant strain. A gentle sativa that will make you dream of Hawaii&#8217;s sandy, tropical beaches and succulent, fresh pineapple. A favorite among experts &hellip;<\/p>\n<p class=\"read-more\"> <a class=\"\" href=\"https:\/\/legitgrams.com\/pt\/produto\/maui-wowie-budder-prateleira-superior\/\"> <span class=\"screen-reader-text\">Maui Wowie Budder - Prateleira superior<\/span> Ler mais \"<\/a><\/p>","protected":false},"featured_media":5390,"comment_status":"open","ping_status":"closed","template":"","meta":{"_uag_custom_page_level_css":"","site-sidebar-layout":"default","site-content-layout":"default","ast-global-header-display":"","ast-main-header-display":"","ast-hfb-above-header-display":"","ast-hfb-below-header-display":"","ast-hfb-mobile-header-display":"","site-post-title":"","ast-breadcrumbs-content":"","ast-featured-img":"","footer-sml-layout":"","theme-transparent-header-meta":"default","adv-header-id-meta":"","stick-header-meta":"default","header-above-stick-meta":"","header-main-stick-meta":"","header-below-stick-meta":"","_joinchat":[]},"product_brand":[],"product_cat":[606],"product_tag":[2417,2407,617,2399,2414,2411,2406,2398,2401,2409,2402,2400,2412,2419,2420,2418,2410,2415,2404,2416,2413,625,2405,2408,2403],"class_list":{"0":"post-4192","1":"product","2":"type-product","3":"status-publish","4":"has-post-thumbnail","6":"product_cat-marijuana-wax","7":"product_tag-best-cheap-price-maui-wowie-budder-top-shelf","8":"product_tag-best-place-to-buy-maui-wowie-budder-top-shelf","9":"product_tag-bulk-online","10":"product_tag-buy-maui-wowie-budder-top-shelf","11":"product_tag-cheap-maui-wowie-budder-top-shelf","12":"product_tag-high-quality-maui-wowie-budder-top-shelf","13":"product_tag-how-to-buy-maui-wowie-budder-top-shelf","14":"product_tag-maui-wowie-budder-top-shelf","15":"product_tag-maui-wowie-budder-top-shelf-for-sale","16":"product_tag-maui-wowie-budder-top-shelf-legally","17":"product_tag-maui-wowie-budder-top-shelf-maui-wowie-budder-top-shelf-supplier","18":"product_tag-maui-wowie-budder-top-shelf-online","19":"product_tag-maui-wowie-budder-top-shelf-store","20":"product_tag-maui-wowie-budder-top-shelf-use","21":"product_tag-maui-wowie-budder-top-shelf-wiki","22":"product_tag-maui-wowie-budder-top-shelf-worldwide","23":"product_tag-maui-wowie-budder-top-shelfprice","24":"product_tag-maui-wowie-budder-top-shelfs","25":"product_tag-order-maui-wowie-budder-top-shelf","26":"product_tag-purcharse-maui-wowie-budder-top-shelf","27":"product_tag-shop-maui-wowie-budder-top-shelf","28":"product_tag-top-quality","29":"product_tag-where-to-buy-maui-wowie-budder-top-shelf","30":"product_tag-where-to-order-maui-wowie-budder-top-shelf","31":"product_tag-wholesale-maui-wowie-budder-top-shelf","32":"desktop-align-left","33":"tablet-align-left","34":"mobile-align-left","35":"ast-product-gallery-layout-horizontal","36":"ast-product-gallery-with-no-image","37":"ast-product-single-variable","38":"ast-product-tabs-layout-horizontal","39":"ast-qv-on-image","41":"first","42":"instock","43":"shipping-taxable","44":"purchasable","45":"product-type-variable"},"yoast_head":"<!-- This site is optimized with the Yoast SEO plugin v25.9 - https:\/\/yoast.com\/wordpress\/plugins\/seo\/ -->\n<title>Maui Wowie Budder for Sale - Buy Maui Wowie Budder Online<\/title>\n<meta name=\"description\" content=\"If you have not tried Maui Wowie Budder from our store, then you are missing a lot. We will help you buy Maui Wowie Budder online at cheap rates. Get Maui Wowie Budder for sale today!\" \/>\n<meta name=\"robots\" content=\"index, follow, max-snippet:-1, max-image-preview:large, max-video-preview:-1\" \/>\n<link rel=\"canonical\" href=\"https:\/\/legitgrams.com\/pt\/produto\/maui-wowie-budder-prateleira-superior\/\" \/>\n<meta property=\"og:locale\" content=\"pt_PT\" \/>\n<meta property=\"og:type\" content=\"article\" \/>\n<meta property=\"og:title\" content=\"Maui Wowie Budder for Sale - Buy Maui Wowie Budder Online\" \/>\n<meta property=\"og:description\" content=\"If you have not tried Maui Wowie Budder from our store, then you are missing a lot. We will help you buy Maui Wowie Budder online at cheap rates. Get Maui Wowie Budder for sale today!\" \/>\n<meta property=\"og:url\" content=\"https:\/\/legitgrams.com\/pt\/produto\/maui-wowie-budder-prateleira-superior\/\" \/>\n<meta property=\"og:site_name\" content=\"Legit Grams\" \/>\n<meta property=\"article:modified_time\" content=\"2025-01-07T06:47:21+00:00\" \/>\n<meta property=\"og:image\" content=\"https:\/\/legitgrams.com\/wp-content\/uploads\/2024\/09\/Buy-Maui-Wowie-Budder.jpg\" \/>\n\t<meta property=\"og:image:width\" content=\"600\" \/>\n\t<meta property=\"og:image:height\" content=\"600\" \/>\n\t<meta property=\"og:image:type\" content=\"image\/jpeg\" \/>\n<meta name=\"twitter:card\" content=\"summary_large_image\" \/>\n<meta name=\"twitter:label1\" content=\"Tempo estimado de leitura\" \/>\n\t<meta name=\"twitter:data1\" content=\"2 minutos\" \/>\n<script type=\"application\/ld+json\" class=\"yoast-schema-graph\">{\"@context\":\"https:\/\/schema.org\",\"@graph\":[{\"@type\":\"WebPage\",\"@id\":\"https:\/\/legitgrams.com\/product\/maui-wowie-budder-top-shelf\/\",\"url\":\"https:\/\/legitgrams.com\/product\/maui-wowie-budder-top-shelf\/\",\"name\":\"Maui Wowie Budder for Sale - Buy Maui Wowie Budder Online\",\"isPartOf\":{\"@id\":\"https:\/\/legitgrams.com\/#website\"},\"primaryImageOfPage\":{\"@id\":\"https:\/\/legitgrams.com\/product\/maui-wowie-budder-top-shelf\/#primaryimage\"},\"image\":{\"@id\":\"https:\/\/legitgrams.com\/product\/maui-wowie-budder-top-shelf\/#primaryimage\"},\"thumbnailUrl\":\"https:\/\/legitgrams.com\/wp-content\/uploads\/2024\/09\/Buy-Maui-Wowie-Budder.jpg\",\"datePublished\":\"2024-09-21T12:36:26+00:00\",\"dateModified\":\"2025-01-07T06:47:21+00:00\",\"description\":\"If you have not tried Maui Wowie Budder from our store, then you are missing a lot. We will help you buy Maui Wowie Budder online at cheap rates. Get Maui Wowie Budder for sale today!\",\"breadcrumb\":{\"@id\":\"https:\/\/legitgrams.com\/product\/maui-wowie-budder-top-shelf\/#breadcrumb\"},\"inLanguage\":\"pt-PT\",\"potentialAction\":[{\"@type\":\"ReadAction\",\"target\":[\"https:\/\/legitgrams.com\/product\/maui-wowie-budder-top-shelf\/\"]}]},{\"@type\":\"ImageObject\",\"inLanguage\":\"pt-PT\",\"@id\":\"https:\/\/legitgrams.com\/product\/maui-wowie-budder-top-shelf\/#primaryimage\",\"url\":\"https:\/\/legitgrams.com\/wp-content\/uploads\/2024\/09\/Buy-Maui-Wowie-Budder.jpg\",\"contentUrl\":\"https:\/\/legitgrams.com\/wp-content\/uploads\/2024\/09\/Buy-Maui-Wowie-Budder.jpg\",\"width\":600,\"height\":600,\"caption\":\"Maui Wowie Budder for Sale\"},{\"@type\":\"BreadcrumbList\",\"@id\":\"https:\/\/legitgrams.com\/product\/maui-wowie-budder-top-shelf\/#breadcrumb\",\"itemListElement\":[{\"@type\":\"ListItem\",\"position\":1,\"name\":\"Home\",\"item\":\"https:\/\/legitgrams.com\/\"},{\"@type\":\"ListItem\",\"position\":2,\"name\":\"Shop\",\"item\":\"https:\/\/legitgrams.com\/shop\/\"},{\"@type\":\"ListItem\",\"position\":3,\"name\":\"Maui Wowie Budder \u2013 Top Shelf\"}]},{\"@type\":\"WebSite\",\"@id\":\"https:\/\/legitgrams.com\/#website\",\"url\":\"https:\/\/legitgrams.com\/\",\"name\":\"Legit Grams\",\"description\":\"My WordPress Blog\",\"publisher\":{\"@id\":\"https:\/\/legitgrams.com\/#organization\"},\"potentialAction\":[{\"@type\":\"SearchAction\",\"target\":{\"@type\":\"EntryPoint\",\"urlTemplate\":\"https:\/\/legitgrams.com\/?s={search_term_string}\"},\"query-input\":{\"@type\":\"PropertyValueSpecification\",\"valueRequired\":true,\"valueName\":\"search_term_string\"}}],\"inLanguage\":\"pt-PT\"},{\"@type\":\"Organization\",\"@id\":\"https:\/\/legitgrams.com\/#organization\",\"name\":\"Legit Grams\",\"url\":\"https:\/\/legitgrams.com\/\",\"logo\":{\"@type\":\"ImageObject\",\"inLanguage\":\"pt-PT\",\"@id\":\"https:\/\/legitgrams.com\/#\/schema\/logo\/image\/\",\"url\":\"https:\/\/legitgrams.com\/wp-content\/uploads\/2024\/09\/main-logo.png\",\"contentUrl\":\"https:\/\/legitgrams.com\/wp-content\/uploads\/2024\/09\/main-logo.png\",\"width\":270,\"height\":75,\"caption\":\"Legit Grams\"},\"image\":{\"@id\":\"https:\/\/legitgrams.com\/#\/schema\/logo\/image\/\"}}]}<\/script>\n<!-- \/ Yoast SEO plugin. -->","yoast_head_json":{"title":"Maui Wowie Budder \u00e0 venda - Compre Maui Wowie Budder online","description":"Se ainda n\u00e3o experimentou Maui Wowie Budder na nossa loja, ent\u00e3o est\u00e1 a perder muito. Ajudamo-lo a comprar Maui Wowie Budder online a pre\u00e7os baixos. Compre Maui Wowie Budder para venda hoje!","robots":{"index":"index","follow":"follow","max-snippet":"max-snippet:-1","max-image-preview":"max-image-preview:large","max-video-preview":"max-video-preview:-1"},"canonical":"https:\/\/legitgrams.com\/pt\/produto\/maui-wowie-budder-prateleira-superior\/","og_locale":"pt_PT","og_type":"article","og_title":"Maui Wowie Budder for Sale - Buy Maui Wowie Budder Online","og_description":"If you have not tried Maui Wowie Budder from our store, then you are missing a lot. We will help you buy Maui Wowie Budder online at cheap rates. Get Maui Wowie Budder for sale today!","og_url":"https:\/\/legitgrams.com\/pt\/produto\/maui-wowie-budder-prateleira-superior\/","og_site_name":"Legit Grams","article_modified_time":"2025-01-07T06:47:21+00:00","og_image":[{"width":600,"height":600,"url":"https:\/\/legitgrams.com\/wp-content\/uploads\/2024\/09\/Buy-Maui-Wowie-Budder.jpg","type":"image\/jpeg"}],"twitter_card":"summary_large_image","twitter_misc":{"Tempo estimado de leitura":"2 minutos"},"schema":{"@context":"https:\/\/schema.org","@graph":[{"@type":"WebPage","@id":"https:\/\/legitgrams.com\/product\/maui-wowie-budder-top-shelf\/","url":"https:\/\/legitgrams.com\/product\/maui-wowie-budder-top-shelf\/","name":"Maui Wowie Budder \u00e0 venda - Compre Maui Wowie Budder online","isPartOf":{"@id":"https:\/\/legitgrams.com\/#website"},"primaryImageOfPage":{"@id":"https:\/\/legitgrams.com\/product\/maui-wowie-budder-top-shelf\/#primaryimage"},"image":{"@id":"https:\/\/legitgrams.com\/product\/maui-wowie-budder-top-shelf\/#primaryimage"},"thumbnailUrl":"https:\/\/legitgrams.com\/wp-content\/uploads\/2024\/09\/Buy-Maui-Wowie-Budder.jpg","datePublished":"2024-09-21T12:36:26+00:00","dateModified":"2025-01-07T06:47:21+00:00","description":"Se ainda n\u00e3o experimentou Maui Wowie Budder na nossa loja, ent\u00e3o est\u00e1 a perder muito. Ajudamo-lo a comprar Maui Wowie Budder online a pre\u00e7os baixos. Compre Maui Wowie Budder para venda hoje!","breadcrumb":{"@id":"https:\/\/legitgrams.com\/product\/maui-wowie-budder-top-shelf\/#breadcrumb"},"inLanguage":"pt-PT","potentialAction":[{"@type":"ReadAction","target":["https:\/\/legitgrams.com\/product\/maui-wowie-budder-top-shelf\/"]}]},{"@type":"ImageObject","inLanguage":"pt-PT","@id":"https:\/\/legitgrams.com\/product\/maui-wowie-budder-top-shelf\/#primaryimage","url":"https:\/\/legitgrams.com\/wp-content\/uploads\/2024\/09\/Buy-Maui-Wowie-Budder.jpg","contentUrl":"https:\/\/legitgrams.com\/wp-content\/uploads\/2024\/09\/Buy-Maui-Wowie-Budder.jpg","width":600,"height":600,"caption":"Maui Wowie Budder for Sale"},{"@type":"BreadcrumbList","@id":"https:\/\/legitgrams.com\/product\/maui-wowie-budder-top-shelf\/#breadcrumb","itemListElement":[{"@type":"ListItem","position":1,"name":"Home","item":"https:\/\/legitgrams.com\/"},{"@type":"ListItem","position":2,"name":"Shop","item":"https:\/\/legitgrams.com\/shop\/"},{"@type":"ListItem","position":3,"name":"Maui Wowie Budder \u2013 Top Shelf"}]},{"@type":"WebSite","@id":"https:\/\/legitgrams.com\/#website","url":"https:\/\/legitgrams.com\/","name":"Gramas leg\u00edtimas","description":"O meu blogue WordPress","publisher":{"@id":"https:\/\/legitgrams.com\/#organization"},"potentialAction":[{"@type":"SearchAction","target":{"@type":"EntryPoint","urlTemplate":"https:\/\/legitgrams.com\/?s={search_term_string}"},"query-input":{"@type":"PropertyValueSpecification","valueRequired":true,"valueName":"search_term_string"}}],"inLanguage":"pt-PT"},{"@type":"Organization","@id":"https:\/\/legitgrams.com\/#organization","name":"Gramas leg\u00edtimas","url":"https:\/\/legitgrams.com\/","logo":{"@type":"ImageObject","inLanguage":"pt-PT","@id":"https:\/\/legitgrams.com\/#\/schema\/logo\/image\/","url":"https:\/\/legitgrams.com\/wp-content\/uploads\/2024\/09\/main-logo.png","contentUrl":"https:\/\/legitgrams.com\/wp-content\/uploads\/2024\/09\/main-logo.png","width":270,"height":75,"caption":"Legit Grams"},"image":{"@id":"https:\/\/legitgrams.com\/#\/schema\/logo\/image\/"}}]}},"uagb_featured_image_src":{"full":["https:\/\/legitgrams.com\/wp-content\/uploads\/2024\/09\/Buy-Maui-Wowie-Budder.jpg",600,600,false],"thumbnail":["https:\/\/legitgrams.com\/wp-content\/uploads\/2024\/09\/Buy-Maui-Wowie-Budder-150x150.jpg",150,150,true],"medium":["https:\/\/legitgrams.com\/wp-content\/uploads\/2024\/09\/Buy-Maui-Wowie-Budder-300x300.jpg",300,300,true],"medium_large":["https:\/\/legitgrams.com\/wp-content\/uploads\/2024\/09\/Buy-Maui-Wowie-Budder.jpg",600,600,false],"large":["https:\/\/legitgrams.com\/wp-content\/uploads\/2024\/09\/Buy-Maui-Wowie-Budder.jpg",600,600,false],"1536x1536":["https:\/\/legitgrams.com\/wp-content\/uploads\/2024\/09\/Buy-Maui-Wowie-Budder.jpg",600,600,false],"2048x2048":["https:\/\/legitgrams.com\/wp-content\/uploads\/2024\/09\/Buy-Maui-Wowie-Budder.jpg",600,600,false],"trp-custom-language-flag":["https:\/\/legitgrams.com\/wp-content\/uploads\/2024\/09\/Buy-Maui-Wowie-Budder-12x12.jpg",12,12,true],"woocommerce_thumbnail":["https:\/\/legitgrams.com\/wp-content\/uploads\/2024\/09\/Buy-Maui-Wowie-Budder-300x300.jpg",300,300,true],"woocommerce_single":["https:\/\/legitgrams.com\/wp-content\/uploads\/2024\/09\/Buy-Maui-Wowie-Budder.jpg",600,600,false],"woocommerce_gallery_thumbnail":["https:\/\/legitgrams.com\/wp-content\/uploads\/2024\/09\/Buy-Maui-Wowie-Budder-100x100.jpg",100,100,true]},"uagb_author_info":{"display_name":"cokeblog18","author_link":"https:\/\/legitgrams.com\/pt\/author\/"},"uagb_comment_info":0,"uagb_excerpt":"Buy Maui Wowie Budder \u2013 Top Shelf Online Get the Top Shelf Maui Wowie Budder here. Grown originally in the lush volcanic soil of the Hawaiian islands, Maui Wowie is a sativa dominant strain. A gentle sativa that will make you dream of Hawaii&#8217;s sandy, tropical beaches and succulent, fresh pineapple. A favorite among experts&hellip;","_links":{"self":[{"href":"https:\/\/legitgrams.com\/pt\/wp-json\/wp\/v2\/product\/4192","targetHints":{"allow":["GET"]}}],"collection":[{"href":"https:\/\/legitgrams.com\/pt\/wp-json\/wp\/v2\/product"}],"about":[{"href":"https:\/\/legitgrams.com\/pt\/wp-json\/wp\/v2\/types\/product"}],"replies":[{"embeddable":true,"href":"https:\/\/legitgrams.com\/pt\/wp-json\/wp\/v2\/comments?post=4192"}],"wp:featuredmedia":[{"embeddable":true,"href":"https:\/\/legitgrams.com\/pt\/wp-json\/wp\/v2\/media\/5390"}],"wp:attachment":[{"href":"https:\/\/legitgrams.com\/pt\/wp-json\/wp\/v2\/media?parent=4192"}],"wp:term":[{"taxonomy":"product_brand","embeddable":true,"href":"https:\/\/legitgrams.com\/pt\/wp-json\/wp\/v2\/product_brand?post=4192"},{"taxonomy":"product_cat","embeddable":true,"href":"https:\/\/legitgrams.com\/pt\/wp-json\/wp\/v2\/product_cat?post=4192"},{"taxonomy":"product_tag","embeddable":true,"href":"https:\/\/legitgrams.com\/pt\/wp-json\/wp\/v2\/product_tag?post=4192"}],"curies":[{"name":"wp","href":"https:\/\/api.w.org\/{rel}","templated":true}]}}