{"id":4199,"date":"2024-09-22T05:57:36","date_gmt":"2024-09-22T05:57:36","guid":{"rendered":"https:\/\/legitgrams.com\/?post_type=product&#038;p=4199"},"modified":"2025-01-14T05:15:59","modified_gmt":"2025-01-14T05:15:59","slug":"greasy-pink-bubba-budder-prateleira-de-cima","status":"publish","type":"product","link":"https:\/\/legitgrams.com\/pt\/produto\/greasy-pink-bubba-budder-prateleira-de-cima\/","title":{"rendered":"Bubba Budder cor-de-rosa gorduroso - Prateleira superior"},"content":{"rendered":"<h2>Compre Greasy Pink Bubba Budder online na Top Shelf.<br \/>\nCompre um Bubba Budder rosa gorduroso na prateleira de cima.<\/h2>\n<p>As variedades Pink Kush e Bubba Kush foram cruzadas para gerar a Pink Bubba \u201cGrievous\u201d, um h\u00edbrido que \u00e9 principalmente indica. \u201cGreasy\u201d Provavelmente melhor usado \u00e0 noite, <a href=\"https:\/\/legitgrams.com\/pt\/produto\/greasy-pink-bubba-budder-prateleira-de-cima\/\">Bubba cor-de-rosa<\/a> \u00e9 um potente relaxante corporal que derrete dores e sofrimentos no corpo. O usu\u00e1rio eventualmente entrar\u00e1 em uma condi\u00e7\u00e3o on\u00edrica e tranquila como resultado dessa alegria agrad\u00e1vel e relaxamento silencioso. Os efeitos relaxantes de \u201cGreasy\u201d Pink Bubba s\u00e3o graduais, permitindo que o usu\u00e1rio entre nesses estados deliciosamente pac\u00edficos. Esta cepa cont\u00e9m notas terrosas, florais e rosas que permanecem no paladar, dando-lhe um aroma tradicional de Kush. \u201cGreasy\u201d Pink Bubba funciona bem para tratar uma variedade de dores e inflama\u00e7\u00f5es persistentes, dores de cabe\u00e7a, enxaquecas, ins\u00f4nia, ansiedade, depress\u00e3o e estresse cr\u00f4nico s\u00e3o exemplos de alinhamentos m\u00e9dicos. <a href=\"https:\/\/legitgrams.com\/pt\/produto\/greasy-pink-bubba-budder-prateleira-de-cima\/\">\u00a0<\/a><a href=\"https:\/\/en.wikipedia.org\/wiki\/Pink_Grease\">\u00a0<\/a><a href=\"https:\/\/legitgrams.com\/pt\/\">LegitGrams<\/a><\/p>\n<p>Pink Bubba Budder \u00e0 venda, Pink Bubba Budder \u00e0 venda, comprar Pink Budder online, onde comprar Greasy Pink Bubba Budder online, Top Shelf \u2013 Comprar Bubba Budder, Greasy Pink Bubba Budder, Compra online, Onde comprar <a href=\"https:\/\/en.wikipedia.org\/wiki\/Pink_Grease\">Cor-de-rosa oleoso\u00a0<\/a> Bubba Budder: EUA, Canad\u00e1, Reino Unido, comprar, online, fornecedores, entrega segura Greasy Pink Bubba Budder ainda est\u00e1 dispon\u00edvel. Al\u00e9m disso, voc\u00ea pode aprender como obter Greasy Pink Bubba Budder, se \u00e9 legal no Canad\u00e1 e se \u00e9 legal nos EUA.<\/p>\n<p>&nbsp;<\/p>\n<p>&nbsp;<\/p>\n<p><a href=\"https:\/\/legitgrams.com\/pt\/produto\/greasy-pink-bubba-budder-prateleira-de-cima\/\">\u00a0\u00a0<\/a><\/p>","protected":false},"excerpt":{"rendered":"<p>Purchase Greasy Pink Bubba Budder Online at Top Shelf. Get a Greasy Pink Bubba Budder from the Top Shelf. Pink Kush and Bubba Kush strains were crossed to generate &#8220;Grievous&#8221; Pink Bubba, a hybrid that is mostly indica. &#8220;Greasy&#8221; Probably best used in the evening, Pink Bubba is a potent bodily relaxant that melts away &hellip;<\/p>\n<p class=\"read-more\"> <a class=\"\" href=\"https:\/\/legitgrams.com\/pt\/produto\/greasy-pink-bubba-budder-prateleira-de-cima\/\"> <span class=\"screen-reader-text\">Bubba Budder cor-de-rosa gorduroso - Prateleira superior<\/span> Ler mais \"<\/a><\/p>","protected":false},"featured_media":5389,"comment_status":"open","ping_status":"closed","template":"","meta":{"_uag_custom_page_level_css":"","site-sidebar-layout":"default","site-content-layout":"default","ast-global-header-display":"","ast-main-header-display":"","ast-hfb-above-header-display":"","ast-hfb-below-header-display":"","ast-hfb-mobile-header-display":"","site-post-title":"","ast-breadcrumbs-content":"","ast-featured-img":"","footer-sml-layout":"","theme-transparent-header-meta":"default","adv-header-id-meta":"","stick-header-meta":"default","header-above-stick-meta":"","header-main-stick-meta":"","header-below-stick-meta":"","_joinchat":[]},"product_brand":[],"product_cat":[606],"product_tag":[2095,2085,617,2077,2092,2076,2079,2080,2087,2078,2090,2097,2098,2096,2088,2093,2089,2084,2082,2094,2091,625,2083,2086,2081],"class_list":{"0":"post-4199","1":"product","2":"type-product","3":"status-publish","4":"has-post-thumbnail","6":"product_cat-marijuana-wax","7":"product_tag-best-cheap-price-greasy-pink-bubba-budder-top-shelf","8":"product_tag-best-place-to-buy-greasy-pink-bubba-budder-top-shelf","9":"product_tag-bulk-online","10":"product_tag-buy-greasy-pink-bubba-budder-top-shelf","11":"product_tag-cheap-greasy-pink-bubba-budder-top-shelf","12":"product_tag-greasy-pink-bubba-budder-top-shelf","13":"product_tag-greasy-pink-bubba-budder-top-shelf-for-sale","14":"product_tag-greasy-pink-bubba-budder-top-shelf-greasy-pink-bubba-budder-top-shelf-supplier","15":"product_tag-greasy-pink-bubba-budder-top-shelf-legally","16":"product_tag-greasy-pink-bubba-budder-top-shelf-online","17":"product_tag-greasy-pink-bubba-budder-top-shelf-store","18":"product_tag-greasy-pink-bubba-budder-top-shelf-use","19":"product_tag-greasy-pink-bubba-budder-top-shelf-wiki","20":"product_tag-greasy-pink-bubba-budder-top-shelf-worldwide","21":"product_tag-greasy-pink-bubba-budder-top-shelfprice","22":"product_tag-greasy-pink-bubba-budder-top-shelfs","23":"product_tag-high-quality-greasy-pink-bubba-budder-top-shelf","24":"product_tag-how-to-buy-greasy-pink-bubba-budder-top-shelf","25":"product_tag-order-greasy-pink-bubba-budder-top-shelf","26":"product_tag-purcharse-greasy-pink-bubba-budder-top-shelf","27":"product_tag-shop-greasy-pink-bubba-budder-top-shelf","28":"product_tag-top-quality","29":"product_tag-where-to-buy-greasy-pink-bubba-budder-top-shelf","30":"product_tag-where-to-order-greasy-pink-bubba-budder-top-shelf","31":"product_tag-wholesale-greasy-pink-bubba-budder-top-shelf","32":"desktop-align-left","33":"tablet-align-left","34":"mobile-align-left","35":"ast-product-gallery-layout-horizontal","36":"ast-product-gallery-with-no-image","37":"ast-product-single-variable","38":"ast-product-tabs-layout-horizontal","39":"ast-qv-on-image","41":"first","42":"instock","43":"shipping-taxable","44":"purchasable","45":"product-type-variable"},"yoast_head":"<!-- This site is optimized with the Yoast SEO plugin v25.9 - https:\/\/yoast.com\/wordpress\/plugins\/seo\/ -->\n<title>Greasy Pink Bubba Budder for Sale - Buy Greasy Pink Bubba<\/title>\n<meta name=\"description\" content=\"Your requirement to buy Greasy Pink Bubba Budder can be fulfilled at our online Legitgrams store as we are having Greasy Pink Bubba Budder for sale here. Place your order and get affordable deals every day.\" \/>\n<meta name=\"robots\" content=\"index, follow, max-snippet:-1, max-image-preview:large, max-video-preview:-1\" \/>\n<link rel=\"canonical\" href=\"https:\/\/legitgrams.com\/pt\/produto\/greasy-pink-bubba-budder-prateleira-de-cima\/\" \/>\n<meta property=\"og:locale\" content=\"pt_PT\" \/>\n<meta property=\"og:type\" content=\"article\" \/>\n<meta property=\"og:title\" content=\"Greasy Pink Bubba Budder for Sale - Buy Greasy Pink Bubba\" \/>\n<meta property=\"og:description\" content=\"Your requirement to buy Greasy Pink Bubba Budder can be fulfilled at our online Legitgrams store as we are having Greasy Pink Bubba Budder for sale here. Place your order and get affordable deals every day.\" \/>\n<meta property=\"og:url\" content=\"https:\/\/legitgrams.com\/pt\/produto\/greasy-pink-bubba-budder-prateleira-de-cima\/\" \/>\n<meta property=\"og:site_name\" content=\"Legit Grams\" \/>\n<meta property=\"article:modified_time\" content=\"2025-01-14T05:15:59+00:00\" \/>\n<meta property=\"og:image\" content=\"https:\/\/legitgrams.com\/wp-content\/uploads\/2024\/09\/Buy-Greasy-Pink-Bubba-Budder.jpg\" \/>\n\t<meta property=\"og:image:width\" content=\"600\" \/>\n\t<meta property=\"og:image:height\" content=\"600\" \/>\n\t<meta property=\"og:image:type\" content=\"image\/jpeg\" \/>\n<meta name=\"twitter:card\" content=\"summary_large_image\" \/>\n<meta name=\"twitter:label1\" content=\"Tempo estimado de leitura\" \/>\n\t<meta name=\"twitter:data1\" content=\"2 minutos\" \/>\n<script type=\"application\/ld+json\" class=\"yoast-schema-graph\">{\"@context\":\"https:\/\/schema.org\",\"@graph\":[{\"@type\":\"WebPage\",\"@id\":\"https:\/\/legitgrams.com\/product\/greasy-pink-bubba-budder-top-shelf\/\",\"url\":\"https:\/\/legitgrams.com\/product\/greasy-pink-bubba-budder-top-shelf\/\",\"name\":\"Greasy Pink Bubba Budder for Sale - Buy Greasy Pink Bubba\",\"isPartOf\":{\"@id\":\"https:\/\/legitgrams.com\/#website\"},\"primaryImageOfPage\":{\"@id\":\"https:\/\/legitgrams.com\/product\/greasy-pink-bubba-budder-top-shelf\/#primaryimage\"},\"image\":{\"@id\":\"https:\/\/legitgrams.com\/product\/greasy-pink-bubba-budder-top-shelf\/#primaryimage\"},\"thumbnailUrl\":\"https:\/\/legitgrams.com\/wp-content\/uploads\/2024\/09\/Buy-Greasy-Pink-Bubba-Budder.jpg\",\"datePublished\":\"2024-09-22T05:57:36+00:00\",\"dateModified\":\"2025-01-14T05:15:59+00:00\",\"description\":\"Your requirement to buy Greasy Pink Bubba Budder can be fulfilled at our online Legitgrams store as we are having Greasy Pink Bubba Budder for sale here. Place your order and get affordable deals every day.\",\"breadcrumb\":{\"@id\":\"https:\/\/legitgrams.com\/product\/greasy-pink-bubba-budder-top-shelf\/#breadcrumb\"},\"inLanguage\":\"pt-PT\",\"potentialAction\":[{\"@type\":\"ReadAction\",\"target\":[\"https:\/\/legitgrams.com\/product\/greasy-pink-bubba-budder-top-shelf\/\"]}]},{\"@type\":\"ImageObject\",\"inLanguage\":\"pt-PT\",\"@id\":\"https:\/\/legitgrams.com\/product\/greasy-pink-bubba-budder-top-shelf\/#primaryimage\",\"url\":\"https:\/\/legitgrams.com\/wp-content\/uploads\/2024\/09\/Buy-Greasy-Pink-Bubba-Budder.jpg\",\"contentUrl\":\"https:\/\/legitgrams.com\/wp-content\/uploads\/2024\/09\/Buy-Greasy-Pink-Bubba-Budder.jpg\",\"width\":600,\"height\":600,\"caption\":\"Greasy Pink Bubba Budder for Sale\"},{\"@type\":\"BreadcrumbList\",\"@id\":\"https:\/\/legitgrams.com\/product\/greasy-pink-bubba-budder-top-shelf\/#breadcrumb\",\"itemListElement\":[{\"@type\":\"ListItem\",\"position\":1,\"name\":\"Home\",\"item\":\"https:\/\/legitgrams.com\/\"},{\"@type\":\"ListItem\",\"position\":2,\"name\":\"Shop\",\"item\":\"https:\/\/legitgrams.com\/shop\/\"},{\"@type\":\"ListItem\",\"position\":3,\"name\":\"Greasy Pink Bubba Budder \u2013 Top Shelf\"}]},{\"@type\":\"WebSite\",\"@id\":\"https:\/\/legitgrams.com\/#website\",\"url\":\"https:\/\/legitgrams.com\/\",\"name\":\"Legit Grams\",\"description\":\"My WordPress Blog\",\"publisher\":{\"@id\":\"https:\/\/legitgrams.com\/#organization\"},\"potentialAction\":[{\"@type\":\"SearchAction\",\"target\":{\"@type\":\"EntryPoint\",\"urlTemplate\":\"https:\/\/legitgrams.com\/?s={search_term_string}\"},\"query-input\":{\"@type\":\"PropertyValueSpecification\",\"valueRequired\":true,\"valueName\":\"search_term_string\"}}],\"inLanguage\":\"pt-PT\"},{\"@type\":\"Organization\",\"@id\":\"https:\/\/legitgrams.com\/#organization\",\"name\":\"Legit Grams\",\"url\":\"https:\/\/legitgrams.com\/\",\"logo\":{\"@type\":\"ImageObject\",\"inLanguage\":\"pt-PT\",\"@id\":\"https:\/\/legitgrams.com\/#\/schema\/logo\/image\/\",\"url\":\"https:\/\/legitgrams.com\/wp-content\/uploads\/2024\/09\/main-logo.png\",\"contentUrl\":\"https:\/\/legitgrams.com\/wp-content\/uploads\/2024\/09\/main-logo.png\",\"width\":270,\"height\":75,\"caption\":\"Legit Grams\"},\"image\":{\"@id\":\"https:\/\/legitgrams.com\/#\/schema\/logo\/image\/\"}}]}<\/script>\n<!-- \/ Yoast SEO plugin. -->","yoast_head_json":{"title":"P\u00f3 de Sextacy \u00e0 venda - Compre P\u00f3 de Sextacy Online | LG","description":"O seu requisito para comprar Greasy Pink Bubba Budder pode ser cumprido na nossa loja online Legitgrams, pois temos Greasy Pink Bubba Budder \u00e0 venda aqui. Fa\u00e7a a sua encomenda e obtenha ofertas acess\u00edveis todos os dias.","robots":{"index":"index","follow":"follow","max-snippet":"max-snippet:-1","max-image-preview":"max-image-preview:large","max-video-preview":"max-video-preview:-1"},"canonical":"https:\/\/legitgrams.com\/pt\/produto\/greasy-pink-bubba-budder-prateleira-de-cima\/","og_locale":"pt_PT","og_type":"article","og_title":"Greasy Pink Bubba Budder for Sale - Buy Greasy Pink Bubba","og_description":"Your requirement to buy Greasy Pink Bubba Budder can be fulfilled at our online Legitgrams store as we are having Greasy Pink Bubba Budder for sale here. Place your order and get affordable deals every day.","og_url":"https:\/\/legitgrams.com\/pt\/produto\/greasy-pink-bubba-budder-prateleira-de-cima\/","og_site_name":"Legit Grams","article_modified_time":"2025-01-14T05:15:59+00:00","og_image":[{"width":600,"height":600,"url":"https:\/\/legitgrams.com\/wp-content\/uploads\/2024\/09\/Buy-Greasy-Pink-Bubba-Budder.jpg","type":"image\/jpeg"}],"twitter_card":"summary_large_image","twitter_misc":{"Tempo estimado de leitura":"2 minutos"},"schema":{"@context":"https:\/\/schema.org","@graph":[{"@type":"WebPage","@id":"https:\/\/legitgrams.com\/product\/greasy-pink-bubba-budder-top-shelf\/","url":"https:\/\/legitgrams.com\/product\/greasy-pink-bubba-budder-top-shelf\/","name":"P\u00f3 de Sextacy \u00e0 venda - Compre P\u00f3 de Sextacy Online | LG","isPartOf":{"@id":"https:\/\/legitgrams.com\/#website"},"primaryImageOfPage":{"@id":"https:\/\/legitgrams.com\/product\/greasy-pink-bubba-budder-top-shelf\/#primaryimage"},"image":{"@id":"https:\/\/legitgrams.com\/product\/greasy-pink-bubba-budder-top-shelf\/#primaryimage"},"thumbnailUrl":"https:\/\/legitgrams.com\/wp-content\/uploads\/2024\/09\/Buy-Greasy-Pink-Bubba-Budder.jpg","datePublished":"2024-09-22T05:57:36+00:00","dateModified":"2025-01-14T05:15:59+00:00","description":"O seu requisito para comprar Greasy Pink Bubba Budder pode ser cumprido na nossa loja online Legitgrams, pois temos Greasy Pink Bubba Budder \u00e0 venda aqui. Fa\u00e7a a sua encomenda e obtenha ofertas acess\u00edveis todos os dias.","breadcrumb":{"@id":"https:\/\/legitgrams.com\/product\/greasy-pink-bubba-budder-top-shelf\/#breadcrumb"},"inLanguage":"pt-PT","potentialAction":[{"@type":"ReadAction","target":["https:\/\/legitgrams.com\/product\/greasy-pink-bubba-budder-top-shelf\/"]}]},{"@type":"ImageObject","inLanguage":"pt-PT","@id":"https:\/\/legitgrams.com\/product\/greasy-pink-bubba-budder-top-shelf\/#primaryimage","url":"https:\/\/legitgrams.com\/wp-content\/uploads\/2024\/09\/Buy-Greasy-Pink-Bubba-Budder.jpg","contentUrl":"https:\/\/legitgrams.com\/wp-content\/uploads\/2024\/09\/Buy-Greasy-Pink-Bubba-Budder.jpg","width":600,"height":600,"caption":"Greasy Pink Bubba Budder for Sale"},{"@type":"BreadcrumbList","@id":"https:\/\/legitgrams.com\/product\/greasy-pink-bubba-budder-top-shelf\/#breadcrumb","itemListElement":[{"@type":"ListItem","position":1,"name":"Home","item":"https:\/\/legitgrams.com\/"},{"@type":"ListItem","position":2,"name":"Shop","item":"https:\/\/legitgrams.com\/shop\/"},{"@type":"ListItem","position":3,"name":"Greasy Pink Bubba Budder \u2013 Top Shelf"}]},{"@type":"WebSite","@id":"https:\/\/legitgrams.com\/#website","url":"https:\/\/legitgrams.com\/","name":"Gramas leg\u00edtimas","description":"O meu blogue WordPress","publisher":{"@id":"https:\/\/legitgrams.com\/#organization"},"potentialAction":[{"@type":"SearchAction","target":{"@type":"EntryPoint","urlTemplate":"https:\/\/legitgrams.com\/?s={search_term_string}"},"query-input":{"@type":"PropertyValueSpecification","valueRequired":true,"valueName":"search_term_string"}}],"inLanguage":"pt-PT"},{"@type":"Organization","@id":"https:\/\/legitgrams.com\/#organization","name":"Gramas leg\u00edtimas","url":"https:\/\/legitgrams.com\/","logo":{"@type":"ImageObject","inLanguage":"pt-PT","@id":"https:\/\/legitgrams.com\/#\/schema\/logo\/image\/","url":"https:\/\/legitgrams.com\/wp-content\/uploads\/2024\/09\/main-logo.png","contentUrl":"https:\/\/legitgrams.com\/wp-content\/uploads\/2024\/09\/main-logo.png","width":270,"height":75,"caption":"Legit Grams"},"image":{"@id":"https:\/\/legitgrams.com\/#\/schema\/logo\/image\/"}}]}},"uagb_featured_image_src":{"full":["https:\/\/legitgrams.com\/wp-content\/uploads\/2024\/09\/Buy-Greasy-Pink-Bubba-Budder.jpg",600,600,false],"thumbnail":["https:\/\/legitgrams.com\/wp-content\/uploads\/2024\/09\/Buy-Greasy-Pink-Bubba-Budder-150x150.jpg",150,150,true],"medium":["https:\/\/legitgrams.com\/wp-content\/uploads\/2024\/09\/Buy-Greasy-Pink-Bubba-Budder-300x300.jpg",300,300,true],"medium_large":["https:\/\/legitgrams.com\/wp-content\/uploads\/2024\/09\/Buy-Greasy-Pink-Bubba-Budder.jpg",600,600,false],"large":["https:\/\/legitgrams.com\/wp-content\/uploads\/2024\/09\/Buy-Greasy-Pink-Bubba-Budder.jpg",600,600,false],"1536x1536":["https:\/\/legitgrams.com\/wp-content\/uploads\/2024\/09\/Buy-Greasy-Pink-Bubba-Budder.jpg",600,600,false],"2048x2048":["https:\/\/legitgrams.com\/wp-content\/uploads\/2024\/09\/Buy-Greasy-Pink-Bubba-Budder.jpg",600,600,false],"trp-custom-language-flag":["https:\/\/legitgrams.com\/wp-content\/uploads\/2024\/09\/Buy-Greasy-Pink-Bubba-Budder-12x12.jpg",12,12,true],"woocommerce_thumbnail":["https:\/\/legitgrams.com\/wp-content\/uploads\/2024\/09\/Buy-Greasy-Pink-Bubba-Budder-300x300.jpg",300,300,true],"woocommerce_single":["https:\/\/legitgrams.com\/wp-content\/uploads\/2024\/09\/Buy-Greasy-Pink-Bubba-Budder.jpg",600,600,false],"woocommerce_gallery_thumbnail":["https:\/\/legitgrams.com\/wp-content\/uploads\/2024\/09\/Buy-Greasy-Pink-Bubba-Budder-100x100.jpg",100,100,true]},"uagb_author_info":{"display_name":"cokeblog18","author_link":"https:\/\/legitgrams.com\/pt\/author\/"},"uagb_comment_info":0,"uagb_excerpt":"Purchase Greasy Pink Bubba Budder Online at Top Shelf. Get a Greasy Pink Bubba Budder from the Top Shelf. Pink Kush and Bubba Kush strains were crossed to generate &#8220;Grievous&#8221; Pink Bubba, a hybrid that is mostly indica. &#8220;Greasy&#8221; Probably best used in the evening, Pink Bubba is a potent bodily relaxant that melts away&hellip;","_links":{"self":[{"href":"https:\/\/legitgrams.com\/pt\/wp-json\/wp\/v2\/product\/4199","targetHints":{"allow":["GET"]}}],"collection":[{"href":"https:\/\/legitgrams.com\/pt\/wp-json\/wp\/v2\/product"}],"about":[{"href":"https:\/\/legitgrams.com\/pt\/wp-json\/wp\/v2\/types\/product"}],"replies":[{"embeddable":true,"href":"https:\/\/legitgrams.com\/pt\/wp-json\/wp\/v2\/comments?post=4199"}],"wp:featuredmedia":[{"embeddable":true,"href":"https:\/\/legitgrams.com\/pt\/wp-json\/wp\/v2\/media\/5389"}],"wp:attachment":[{"href":"https:\/\/legitgrams.com\/pt\/wp-json\/wp\/v2\/media?parent=4199"}],"wp:term":[{"taxonomy":"product_brand","embeddable":true,"href":"https:\/\/legitgrams.com\/pt\/wp-json\/wp\/v2\/product_brand?post=4199"},{"taxonomy":"product_cat","embeddable":true,"href":"https:\/\/legitgrams.com\/pt\/wp-json\/wp\/v2\/product_cat?post=4199"},{"taxonomy":"product_tag","embeddable":true,"href":"https:\/\/legitgrams.com\/pt\/wp-json\/wp\/v2\/product_tag?post=4199"}],"curies":[{"name":"wp","href":"https:\/\/api.w.org\/{rel}","templated":true}]}}