{"id":4200,"date":"2024-09-22T05:48:26","date_gmt":"2024-09-22T05:48:26","guid":{"rendered":"https:\/\/legitgrams.com\/?post_type=product&#038;p=4200"},"modified":"2025-01-14T10:47:35","modified_gmt":"2025-01-14T10:47:35","slug":"psilocibo-cyanescens","status":"publish","type":"product","link":"https:\/\/legitgrams.com\/pt\/produto\/psilocibo-cyanescens\/","title":{"rendered":"Psilocibo Cyanescens"},"content":{"rendered":"<h2>Compre online Psilocybe Cyanescens<\/h2>\n<p>O cogumelo Psilocybe Azurescens, uma das 180 esp\u00e9cies do g\u00eanero Psilocybe, prospera em uma variedade de ambientes. Discos Voadores, Psilocybe \u00cdndigo, Azzies e Anjos Azuis s\u00e3o alguns outros nomes para Psilocybe Azurscens.s<\/p>\n<p>Pesquisadores escreveram muito sobre a descoberta desde que foi feita pela primeira vez em 1979. Por exemplo, a esp\u00e9cie recebeu o nome de Azurescens de Paul Stamets em seu livro de 1996 \u201cPsilocybin shrooms of the world\u201d. A cor azul ou azul do cogumelo \u00e9 traduzida aproximadamente como \u201cAzurescens\u201d.<\/p>\n<p>O cogumelo tem 1,8% de psilocibina, 0,5% de psilocina e 0,4% de baeocistina. \u00c9 a esp\u00e9cie mais potente na s\u00edntese de triptaminas. A t\u00edtulo de exemplo, esta esp\u00e9cie tem tr\u00eas vezes a pot\u00eancia da <a href=\"https:\/\/legitgrams.com\/pt\/produto\/psilocibo-cyanescens\/\">Psilocibo Cyanscens<\/a> e Psilocybe Cubensis combinadas.<\/p>\n<p>Um exame mais pormenorizado deste cogumelo revela carater\u00edsticas \u00fanicas e invulgares. Entre os atributos, encontram-se os seguintes:<\/p>\n<p>Esporos: Este cogumelo tem duas variedades de cores diferentes de esporos: castanho-p\u00farpura escuro e preto-p\u00farpura. Diferenciam-se dos outros cogumelos do mesmo g\u00e9nero pela sua forma elipsoide. <a href=\"https:\/\/legitgrams.com\/pt\/\">LegitGrams<\/a><\/p>\n<p>Pileus: A forma c\u00f3nica ou convexa do chap\u00e9u dos cogumelos \u00e9 designada por piloseus. O pileus adquire uma tonalidade castanha ou caramelo quando o cogumelo ainda \u00e9 jovem. Mas a \u00e1rea escura e profunda no local torna-se clara e palha at\u00e9 secar completamente quando os cogumelos come\u00e7am a desaparecer.<\/p>\n<p>Estipe: O caule do cogumelo, que tem um aspeto curvo e engrossa \u00e0 volta da base. De aspeto branco sedoso, o estipe acaba por se tornar azul-\u00edndigo devido \u00e0 elevada concentra\u00e7\u00e3o de indol.<\/p>\n<p>Lamelas: Estas estruturas de dois n\u00edveis s\u00e3o tamb\u00e9m designadas por guelras do cogumelo. A lamela adquire uma tonalidade caramelo ou castanha quando \u00e9 fresca.<\/p>\n<h3>Descri\u00e7\u00e3o do cogumelo m\u00e1gico Psilocybe Azurescens<\/h3>\n<p>Como j\u00e1 foi referido, o Psilocybe Azeruscens pertence ao g\u00e9nero Psilocybe, com 180 esp\u00e9cies. Diferentes esp\u00e9cies desenvolvem-se em diferentes ambientes com diferentes n\u00edveis de humidade. Por exemplo, esta esp\u00e9cie espec\u00edfica desenvolve-se bem no exterior.<\/p>\n<p>Para colher todos os efeitos do cogumelo, s\u00e3o necess\u00e1rios os bioqu\u00edmicos psilocibina, baeocistina e psilocina, que s\u00e3o altamente potentes. Dentro deste g\u00e9nero existem duas outras esp\u00e9cies valiosas: Psilocybe Cubensis e <a href=\"https:\/\/en.wikipedia.org\/wiki\/Psilocybe_cyanescens\">Psilocibo Cyanescens<\/a>. Este cogumelo \u00e9 muito apreciado no Noroeste Pac\u00edfico dos Estados Unidos.<\/p>\n<p>A hist\u00f3ria deste cogumelo remonta a 1979, quando os escuteiros do Oregon o descobriram. Descobriram que estes cogumelos eram psicotr\u00f3picos depois de os examinarem mais de perto. Paul Stamets apelidou-o mais tarde de Psilocybe Azurescens em 1996. A tonalidade azul do estipe foi o tema do Azurescens, de acordo com o artigo de Stamets. Alguns afirmam que o nome foi inspirado pelo seu filho, que partilhava um nome semelhante.<\/p>\n<h3>Efeitos dos cogumelos Psilocybe Azurescens<\/h3>\n<p>Subst\u00e2ncias psicoactivas como a psilocibina, a baeocistina e a psilocina s\u00e3o abundantes no azerolactus. Os constituintes qu\u00edmicos desta esp\u00e9cie de Psilocybe s\u00e3o os que conferem aos cogumelos as suas propriedades alucinog\u00e9nias. A dorm\u00eancia dos membros \u00e9 uma carater\u00edstica dos efeitos psicad\u00e9licos. No entanto, a euforia e as alucina\u00e7\u00f5es s\u00e3o superiores a este efeito. O consumo de cogumelos pode fazer com que se sinta mais disposto a interagir com as pessoas e a participar em diferentes actividades.<\/p>\n<h3>Informa\u00e7\u00f5es sobre o crescimento do cogumelo m\u00e1gico Psilocybe Azurscens<\/h3>\n<p>Devido \u00e0 abund\u00e2ncia de material lenhoso, o P. Azurscens \u00e9 mais facilmente encontrado nas margens da \u00e1gua do que noutros locais. A erva das dunas tamb\u00e9m cresce ao longo das margens e cria um tapete que suporta os fracos cogumelos.<\/p>\n<p>O Azurscens tamb\u00e9m pode suportar temperaturas muito baixas, o que o ajuda a desenvolver-se em \u00e1reas com invernos rigorosos. Al\u00e9m disso, os cogumelos podem desenvolver-se em madeira de folha caduca um pouco h\u00famida. Esta esp\u00e9cie \u00e9 frequentemente observada a crescer entre amoras e em moitas.<\/p>\n<h3>Utiliza\u00e7\u00f5es do cogumelo Psilocybe Azurscens para fins medicinais<\/h3>\n<p>A elevada concentra\u00e7\u00e3o de psilocibina deste cogumelo tem v\u00e1rios benef\u00edcios terap\u00eauticos. Os efeitos da cabe\u00e7a alta podem ajudar no tratamento de perturba\u00e7\u00f5es de ansiedade. O componente qu\u00edmico tamb\u00e9m ajuda no tratamento da depress\u00e3o, ansiedade, transtorno de d\u00e9fice de aten\u00e7\u00e3o e hiperatividade (TDAH) e transtorno obsessivo-compulsivo (TOC).<\/p>\n<h3>Indiv\u00edduos<\/h3>\n<p>As pessoas que lutam contra o alcoolismo e a depend\u00eancia do tabaco tamb\u00e9m podem beneficiar da utiliza\u00e7\u00e3o de cogumelos como forma de tratamento para as suas doen\u00e7as. A psilocibina reduz os desejos, o que \u00e9 um \u00f3timo m\u00e9todo para tratar a depend\u00eancia, de acordo com estudos. A P. azurscens \u00e9 aconselhada pelos m\u00e9dicos a pacientes com problemas de fala, uma vez que aumenta a confian\u00e7a social.<\/p>\n<h3>Efeitos secund\u00e1rios dos cogumelos m\u00e1gicos Psilocybe Azurscens<\/h3>\n<p>A exposi\u00e7\u00e3o ao cogumelo m\u00e1gico P. Azurscens pode causar uma variedade de efeitos adversos. Alguns deles podem ser letais, embora a maioria dure apenas um curto per\u00edodo de tempo. Os efeitos adversos mais frequentes s\u00e3o dores de est\u00f4mago, ataques de v\u00f3mito e ataques de p\u00e2nico. Em situa\u00e7\u00f5es graves, o aumento da tens\u00e3o arterial e da pulsa\u00e7\u00e3o pode resultar em ataques card\u00edacos.<\/p>\n<h3>Em resumo<\/h3>\n<p>A Azurscens poder\u00e1 em breve ocupar o primeiro lugar no que diz respeito aos benef\u00edcios recreativos e terap\u00eauticos. A sua adaptabilidade e os seus baixos requisitos de crescimento tornam-na perfeita tanto para cultivadores experientes como para inexperientes.<\/p>\n<p>S\u00e3o a sua melhor op\u00e7\u00e3o se precisar de ajuda para gerir diferentes condi\u00e7\u00f5es mentais e ultrapassar a depend\u00eancia. Em vez de usar drogas para ficar pedrado, opta por uma solu\u00e7\u00e3o simples mas eficaz. Enquanto desfrutas das vantagens deste cogumelo, tem em aten\u00e7\u00e3o as suas reac\u00e7\u00f5es adversas concomitantes.<\/p>\n<p>Psilocibo Cyanescens: Comprar online<\/p>\n<p>Para venda: Psilocibo Cyanescens<\/p>","protected":false},"excerpt":{"rendered":"<p>Purchase Online Psilocybe Cyanescens The Psilocybe Azurescens mushroom, one of the 180 species in the Psilocybe genus, thrives in a range of environments. Flying Saucers, Indigo Psilocybe, Azzies, and Blue Angels are some other names for Psilocybe Azurscens. Researchers have written a great deal about the discovery since it was first made in 1979. For &hellip;<\/p>\n<p class=\"read-more\"> <a class=\"\" href=\"https:\/\/legitgrams.com\/pt\/produto\/psilocibo-cyanescens\/\"> <span class=\"screen-reader-text\">Psilocibo Cyanescens<\/span> Ler mais \"<\/a><\/p>","protected":false},"featured_media":5245,"comment_status":"open","ping_status":"closed","template":"","meta":{"_uag_custom_page_level_css":"","site-sidebar-layout":"default","site-content-layout":"default","ast-global-header-display":"","ast-main-header-display":"","ast-hfb-above-header-display":"","ast-hfb-below-header-display":"","ast-hfb-mobile-header-display":"","site-post-title":"","ast-breadcrumbs-content":"","ast-featured-img":"","footer-sml-layout":"","theme-transparent-header-meta":"default","adv-header-id-meta":"","stick-header-meta":"default","header-above-stick-meta":"","header-main-stick-meta":"","header-below-stick-meta":"","_joinchat":[]},"product_brand":[],"product_cat":[599],"product_tag":[2118,2108,617,2100,2115,2112,2107,2105,2099,2102,2110,2101,2103,2113,2120,2121,2119,2111,2116,2117,2114,625,2106,2109,2104],"class_list":{"0":"post-4200","1":"product","2":"type-product","3":"status-publish","4":"has-post-thumbnail","6":"product_cat-psilocybin-or-magic-mushrooms","7":"product_tag-best-cheap-price-psilocybe-cyanescens","8":"product_tag-best-place-to-buy-psilocybe-cyanescens","9":"product_tag-bulk-online","10":"product_tag-buy-psilocybe-cyanescens","11":"product_tag-cheap-psilocybe-cyanescens","12":"product_tag-high-quality-psilocybe-cyanescens","13":"product_tag-how-to-buy-psilocybe-cyanescens","14":"product_tag-order-psilocybe-cyanescens","15":"product_tag-psilocybe-cyanescens","16":"product_tag-psilocybe-cyanescens-for-sale","17":"product_tag-psilocybe-cyanescens-legally","18":"product_tag-psilocybe-cyanescens-online","19":"product_tag-psilocybe-cyanescens-psilocybe-cyanescens-supplier","20":"product_tag-psilocybe-cyanescens-store","21":"product_tag-psilocybe-cyanescens-use","22":"product_tag-psilocybe-cyanescens-wiki","23":"product_tag-psilocybe-cyanescens-worldwide","24":"product_tag-psilocybe-cyanescensprice","25":"product_tag-psilocybe-cyanescenss","26":"product_tag-purcharse-psilocybe-cyanescens","27":"product_tag-shop-psilocybe-cyanescens","28":"product_tag-top-quality","29":"product_tag-where-to-buy-psilocybe-cyanescens","30":"product_tag-where-to-order-psilocybe-cyanescens","31":"product_tag-wholesale-psilocybe-cyanescens","32":"desktop-align-left","33":"tablet-align-left","34":"mobile-align-left","35":"ast-product-gallery-layout-horizontal","36":"ast-product-gallery-with-no-image","37":"ast-product-single-variable","38":"ast-product-tabs-layout-horizontal","39":"ast-qv-on-image","41":"first","42":"instock","43":"shipping-taxable","44":"purchasable","45":"product-type-variable"},"yoast_head":"<!-- This site is optimized with the Yoast SEO plugin v25.9 - https:\/\/yoast.com\/wordpress\/plugins\/seo\/ -->\n<title>Psilocybe Cyanescens for Sale - Buy Psilocybe Cyanescens Online<\/title>\n<meta name=\"description\" content=\"If you want to buy psilocybe cyanescens online and looking for a reliable online store, then buy here. We offer only high-quality psilocybe cyanescens for sale at an affordable price. Order Psilocybe Cyanescens Now!\" \/>\n<meta name=\"robots\" content=\"index, follow, max-snippet:-1, max-image-preview:large, max-video-preview:-1\" \/>\n<link rel=\"canonical\" href=\"https:\/\/legitgrams.com\/pt\/produto\/psilocibo-cyanescens\/\" \/>\n<meta property=\"og:locale\" content=\"pt_PT\" \/>\n<meta property=\"og:type\" content=\"article\" \/>\n<meta property=\"og:title\" content=\"Psilocybe Cyanescens for Sale - Buy Psilocybe Cyanescens Online\" \/>\n<meta property=\"og:description\" content=\"If you want to buy psilocybe cyanescens online and looking for a reliable online store, then buy here. We offer only high-quality psilocybe cyanescens for sale at an affordable price. Order Psilocybe Cyanescens Now!\" \/>\n<meta property=\"og:url\" content=\"https:\/\/legitgrams.com\/pt\/produto\/psilocibo-cyanescens\/\" \/>\n<meta property=\"og:site_name\" content=\"Legit Grams\" \/>\n<meta property=\"article:modified_time\" content=\"2025-01-14T10:47:35+00:00\" \/>\n<meta property=\"og:image\" content=\"https:\/\/legitgrams.com\/wp-content\/uploads\/2024\/09\/psilocybe-cyanescenshome.jpg\" \/>\n\t<meta property=\"og:image:width\" content=\"430\" \/>\n\t<meta property=\"og:image:height\" content=\"430\" \/>\n\t<meta property=\"og:image:type\" content=\"image\/jpeg\" \/>\n<meta name=\"twitter:card\" content=\"summary_large_image\" \/>\n<meta name=\"twitter:label1\" content=\"Tempo estimado de leitura\" \/>\n\t<meta name=\"twitter:data1\" content=\"4 minutos\" \/>\n<script type=\"application\/ld+json\" class=\"yoast-schema-graph\">{\"@context\":\"https:\/\/schema.org\",\"@graph\":[{\"@type\":\"WebPage\",\"@id\":\"https:\/\/legitgrams.com\/product\/psilocybe-cyanescens\/\",\"url\":\"https:\/\/legitgrams.com\/product\/psilocybe-cyanescens\/\",\"name\":\"Psilocybe Cyanescens for Sale - Buy Psilocybe Cyanescens Online\",\"isPartOf\":{\"@id\":\"https:\/\/legitgrams.com\/#website\"},\"primaryImageOfPage\":{\"@id\":\"https:\/\/legitgrams.com\/product\/psilocybe-cyanescens\/#primaryimage\"},\"image\":{\"@id\":\"https:\/\/legitgrams.com\/product\/psilocybe-cyanescens\/#primaryimage\"},\"thumbnailUrl\":\"https:\/\/legitgrams.com\/wp-content\/uploads\/2024\/09\/psilocybe-cyanescenshome.jpg\",\"datePublished\":\"2024-09-22T05:48:26+00:00\",\"dateModified\":\"2025-01-14T10:47:35+00:00\",\"description\":\"If you want to buy psilocybe cyanescens online and looking for a reliable online store, then buy here. We offer only high-quality psilocybe cyanescens for sale at an affordable price. Order Psilocybe Cyanescens Now!\",\"breadcrumb\":{\"@id\":\"https:\/\/legitgrams.com\/product\/psilocybe-cyanescens\/#breadcrumb\"},\"inLanguage\":\"pt-PT\",\"potentialAction\":[{\"@type\":\"ReadAction\",\"target\":[\"https:\/\/legitgrams.com\/product\/psilocybe-cyanescens\/\"]}]},{\"@type\":\"ImageObject\",\"inLanguage\":\"pt-PT\",\"@id\":\"https:\/\/legitgrams.com\/product\/psilocybe-cyanescens\/#primaryimage\",\"url\":\"https:\/\/legitgrams.com\/wp-content\/uploads\/2024\/09\/psilocybe-cyanescenshome.jpg\",\"contentUrl\":\"https:\/\/legitgrams.com\/wp-content\/uploads\/2024\/09\/psilocybe-cyanescenshome.jpg\",\"width\":430,\"height\":430,\"caption\":\"Psilocybe Cyanescens for Sale\"},{\"@type\":\"BreadcrumbList\",\"@id\":\"https:\/\/legitgrams.com\/product\/psilocybe-cyanescens\/#breadcrumb\",\"itemListElement\":[{\"@type\":\"ListItem\",\"position\":1,\"name\":\"Home\",\"item\":\"https:\/\/legitgrams.com\/\"},{\"@type\":\"ListItem\",\"position\":2,\"name\":\"Shop\",\"item\":\"https:\/\/legitgrams.com\/shop\/\"},{\"@type\":\"ListItem\",\"position\":3,\"name\":\"Psilocybe Cyanescens\"}]},{\"@type\":\"WebSite\",\"@id\":\"https:\/\/legitgrams.com\/#website\",\"url\":\"https:\/\/legitgrams.com\/\",\"name\":\"Legit Grams\",\"description\":\"My WordPress Blog\",\"publisher\":{\"@id\":\"https:\/\/legitgrams.com\/#organization\"},\"potentialAction\":[{\"@type\":\"SearchAction\",\"target\":{\"@type\":\"EntryPoint\",\"urlTemplate\":\"https:\/\/legitgrams.com\/?s={search_term_string}\"},\"query-input\":{\"@type\":\"PropertyValueSpecification\",\"valueRequired\":true,\"valueName\":\"search_term_string\"}}],\"inLanguage\":\"pt-PT\"},{\"@type\":\"Organization\",\"@id\":\"https:\/\/legitgrams.com\/#organization\",\"name\":\"Legit Grams\",\"url\":\"https:\/\/legitgrams.com\/\",\"logo\":{\"@type\":\"ImageObject\",\"inLanguage\":\"pt-PT\",\"@id\":\"https:\/\/legitgrams.com\/#\/schema\/logo\/image\/\",\"url\":\"https:\/\/legitgrams.com\/wp-content\/uploads\/2024\/09\/main-logo.png\",\"contentUrl\":\"https:\/\/legitgrams.com\/wp-content\/uploads\/2024\/09\/main-logo.png\",\"width\":270,\"height\":75,\"caption\":\"Legit Grams\"},\"image\":{\"@id\":\"https:\/\/legitgrams.com\/#\/schema\/logo\/image\/\"}}]}<\/script>\n<!-- \/ Yoast SEO plugin. -->","yoast_head_json":{"title":"Psilocybe Cyanescens para Venda - Comprar Psilocybe Cyanescens Online","description":"Se pretende comprar psilocybe cyanescens online e procura uma loja online de confian\u00e7a, ent\u00e3o compre aqui. Oferecemos apenas psilocybe cyanescens de alta qualidade para venda a um pre\u00e7o acess\u00edvel. Encomendar Psilocybe Cyanescens agora!","robots":{"index":"index","follow":"follow","max-snippet":"max-snippet:-1","max-image-preview":"max-image-preview:large","max-video-preview":"max-video-preview:-1"},"canonical":"https:\/\/legitgrams.com\/pt\/produto\/psilocibo-cyanescens\/","og_locale":"pt_PT","og_type":"article","og_title":"Psilocybe Cyanescens for Sale - Buy Psilocybe Cyanescens Online","og_description":"If you want to buy psilocybe cyanescens online and looking for a reliable online store, then buy here. We offer only high-quality psilocybe cyanescens for sale at an affordable price. Order Psilocybe Cyanescens Now!","og_url":"https:\/\/legitgrams.com\/pt\/produto\/psilocibo-cyanescens\/","og_site_name":"Legit Grams","article_modified_time":"2025-01-14T10:47:35+00:00","og_image":[{"width":430,"height":430,"url":"https:\/\/legitgrams.com\/wp-content\/uploads\/2024\/09\/psilocybe-cyanescenshome.jpg","type":"image\/jpeg"}],"twitter_card":"summary_large_image","twitter_misc":{"Tempo estimado de leitura":"4 minutos"},"schema":{"@context":"https:\/\/schema.org","@graph":[{"@type":"WebPage","@id":"https:\/\/legitgrams.com\/product\/psilocybe-cyanescens\/","url":"https:\/\/legitgrams.com\/product\/psilocybe-cyanescens\/","name":"Psilocybe Cyanescens para Venda - Comprar Psilocybe Cyanescens Online","isPartOf":{"@id":"https:\/\/legitgrams.com\/#website"},"primaryImageOfPage":{"@id":"https:\/\/legitgrams.com\/product\/psilocybe-cyanescens\/#primaryimage"},"image":{"@id":"https:\/\/legitgrams.com\/product\/psilocybe-cyanescens\/#primaryimage"},"thumbnailUrl":"https:\/\/legitgrams.com\/wp-content\/uploads\/2024\/09\/psilocybe-cyanescenshome.jpg","datePublished":"2024-09-22T05:48:26+00:00","dateModified":"2025-01-14T10:47:35+00:00","description":"Se pretende comprar psilocybe cyanescens online e procura uma loja online de confian\u00e7a, ent\u00e3o compre aqui. Oferecemos apenas psilocybe cyanescens de alta qualidade para venda a um pre\u00e7o acess\u00edvel. Encomendar Psilocybe Cyanescens agora!","breadcrumb":{"@id":"https:\/\/legitgrams.com\/product\/psilocybe-cyanescens\/#breadcrumb"},"inLanguage":"pt-PT","potentialAction":[{"@type":"ReadAction","target":["https:\/\/legitgrams.com\/product\/psilocybe-cyanescens\/"]}]},{"@type":"ImageObject","inLanguage":"pt-PT","@id":"https:\/\/legitgrams.com\/product\/psilocybe-cyanescens\/#primaryimage","url":"https:\/\/legitgrams.com\/wp-content\/uploads\/2024\/09\/psilocybe-cyanescenshome.jpg","contentUrl":"https:\/\/legitgrams.com\/wp-content\/uploads\/2024\/09\/psilocybe-cyanescenshome.jpg","width":430,"height":430,"caption":"Psilocybe Cyanescens for Sale"},{"@type":"BreadcrumbList","@id":"https:\/\/legitgrams.com\/product\/psilocybe-cyanescens\/#breadcrumb","itemListElement":[{"@type":"ListItem","position":1,"name":"Home","item":"https:\/\/legitgrams.com\/"},{"@type":"ListItem","position":2,"name":"Shop","item":"https:\/\/legitgrams.com\/shop\/"},{"@type":"ListItem","position":3,"name":"Psilocybe Cyanescens"}]},{"@type":"WebSite","@id":"https:\/\/legitgrams.com\/#website","url":"https:\/\/legitgrams.com\/","name":"Gramas leg\u00edtimas","description":"O meu blogue WordPress","publisher":{"@id":"https:\/\/legitgrams.com\/#organization"},"potentialAction":[{"@type":"SearchAction","target":{"@type":"EntryPoint","urlTemplate":"https:\/\/legitgrams.com\/?s={search_term_string}"},"query-input":{"@type":"PropertyValueSpecification","valueRequired":true,"valueName":"search_term_string"}}],"inLanguage":"pt-PT"},{"@type":"Organization","@id":"https:\/\/legitgrams.com\/#organization","name":"Gramas leg\u00edtimas","url":"https:\/\/legitgrams.com\/","logo":{"@type":"ImageObject","inLanguage":"pt-PT","@id":"https:\/\/legitgrams.com\/#\/schema\/logo\/image\/","url":"https:\/\/legitgrams.com\/wp-content\/uploads\/2024\/09\/main-logo.png","contentUrl":"https:\/\/legitgrams.com\/wp-content\/uploads\/2024\/09\/main-logo.png","width":270,"height":75,"caption":"Legit Grams"},"image":{"@id":"https:\/\/legitgrams.com\/#\/schema\/logo\/image\/"}}]}},"uagb_featured_image_src":{"full":["https:\/\/legitgrams.com\/wp-content\/uploads\/2024\/09\/psilocybe-cyanescenshome.jpg",430,430,false],"thumbnail":["https:\/\/legitgrams.com\/wp-content\/uploads\/2024\/09\/psilocybe-cyanescenshome-150x150.jpg",150,150,true],"medium":["https:\/\/legitgrams.com\/wp-content\/uploads\/2024\/09\/psilocybe-cyanescenshome-300x300.jpg",300,300,true],"medium_large":["https:\/\/legitgrams.com\/wp-content\/uploads\/2024\/09\/psilocybe-cyanescenshome.jpg",430,430,false],"large":["https:\/\/legitgrams.com\/wp-content\/uploads\/2024\/09\/psilocybe-cyanescenshome.jpg",430,430,false],"1536x1536":["https:\/\/legitgrams.com\/wp-content\/uploads\/2024\/09\/psilocybe-cyanescenshome.jpg",430,430,false],"2048x2048":["https:\/\/legitgrams.com\/wp-content\/uploads\/2024\/09\/psilocybe-cyanescenshome.jpg",430,430,false],"trp-custom-language-flag":["https:\/\/legitgrams.com\/wp-content\/uploads\/2024\/09\/psilocybe-cyanescenshome-12x12.jpg",12,12,true],"woocommerce_thumbnail":["https:\/\/legitgrams.com\/wp-content\/uploads\/2024\/09\/psilocybe-cyanescenshome-300x300.jpg",300,300,true],"woocommerce_single":["https:\/\/legitgrams.com\/wp-content\/uploads\/2024\/09\/psilocybe-cyanescenshome.jpg",430,430,false],"woocommerce_gallery_thumbnail":["https:\/\/legitgrams.com\/wp-content\/uploads\/2024\/09\/psilocybe-cyanescenshome-100x100.jpg",100,100,true]},"uagb_author_info":{"display_name":"cokeblog18","author_link":"https:\/\/legitgrams.com\/pt\/author\/"},"uagb_comment_info":0,"uagb_excerpt":"Purchase Online Psilocybe Cyanescens The Psilocybe Azurescens mushroom, one of the 180 species in the Psilocybe genus, thrives in a range of environments. Flying Saucers, Indigo Psilocybe, Azzies, and Blue Angels are some other names for Psilocybe Azurscens. Researchers have written a great deal about the discovery since it was first made in 1979. For&hellip;","_links":{"self":[{"href":"https:\/\/legitgrams.com\/pt\/wp-json\/wp\/v2\/product\/4200","targetHints":{"allow":["GET"]}}],"collection":[{"href":"https:\/\/legitgrams.com\/pt\/wp-json\/wp\/v2\/product"}],"about":[{"href":"https:\/\/legitgrams.com\/pt\/wp-json\/wp\/v2\/types\/product"}],"replies":[{"embeddable":true,"href":"https:\/\/legitgrams.com\/pt\/wp-json\/wp\/v2\/comments?post=4200"}],"wp:featuredmedia":[{"embeddable":true,"href":"https:\/\/legitgrams.com\/pt\/wp-json\/wp\/v2\/media\/5245"}],"wp:attachment":[{"href":"https:\/\/legitgrams.com\/pt\/wp-json\/wp\/v2\/media?parent=4200"}],"wp:term":[{"taxonomy":"product_brand","embeddable":true,"href":"https:\/\/legitgrams.com\/pt\/wp-json\/wp\/v2\/product_brand?post=4200"},{"taxonomy":"product_cat","embeddable":true,"href":"https:\/\/legitgrams.com\/pt\/wp-json\/wp\/v2\/product_cat?post=4200"},{"taxonomy":"product_tag","embeddable":true,"href":"https:\/\/legitgrams.com\/pt\/wp-json\/wp\/v2\/product_tag?post=4200"}],"curies":[{"name":"wp","href":"https:\/\/api.w.org\/{rel}","templated":true}]}}