{"id":4218,"date":"2024-09-22T06:05:19","date_gmt":"2024-09-22T06:05:19","guid":{"rendered":"https:\/\/legitgrams.com\/?post_type=product&#038;p=4218"},"modified":"2025-04-03T10:49:23","modified_gmt":"2025-04-03T10:49:23","slug":"psilocibo-azurescens","status":"publish","type":"product","link":"https:\/\/legitgrams.com\/pt\/produto\/psilocibo-azurescens\/","title":{"rendered":"Comprar Psilocybe Azurescens Online"},"content":{"rendered":"<h2>Compre Psilocybe Azurescens Online<\/h2>\n<h3>Para venda: Psilocibo Azurescens<\/h3>\n<p>Entre as 180 esp\u00e9cies de cogumelos do g\u00e9nero Psilocybe, <a href=\"https:\/\/legitgrams.com\/pt\/produto\/psilocibo-azurescens\/\">Psilocibo Azurescens<\/a> grows in a variety of habitats. Other names for <a href=\"https:\/\/www.bing.com\/search?q=ComprePsilocybeAzurescensOnline&amp;qs=n&amp;form=QBRE&amp;sp=-1&amp;ghc=1&amp;lq=0&amp;pq=comprepsilocybeazurescensonline&amp;sc=12-34&amp;sk=&amp;cvid=BADB800135294A08AEAEB00E702B391F&amp;ghsh=0&amp;ghacc=0&amp;ghpl=\">Psilocybe<\/a> Azurscens incluem discos voadores, psilocibos \u00edndigo, azzies e anjos azuis.<\/p>\n<p>Desde que a descoberta inicial foi feita em 1979, numerosos artigos foram publicados por investigadores. Por exemplo, Paul Stamets baptizou a esp\u00e9cie Azurescens no seu livro de 1996 \"Psilocybin shrooms of the world\". O termo Azurescens \u00e9 derivado da tradu\u00e7\u00e3o aproximada da cor azul do cogumelo.<\/p>\n<p>O cogumelo tem 1,8% de psilocibina, 0,5% de psilocina e 0,4% de baeocistina. \u00c9 a esp\u00e9cie mais potente na s\u00edntese de triptaminas. Esta esp\u00e9cie, por exemplo, tem tr\u00eas vezes a pot\u00eancia da <a href=\"https:\/\/en.wikipedia.org\/wiki\/Psilocybe_cubensis\">Psilocibo Cubensis<\/a> e Cyanscens psilocybe.<\/p>\n<p>Um exame mais pormenorizado deste cogumelo revela carater\u00edsticas \u00fanicas e invulgares. Entre os atributos, encontram-se os seguintes:<\/p>\n<p>Esporos: Este cogumelo tem duas variedades de cores diferentes de esporos: castanho-p\u00farpura escuro e preto-p\u00farpura. Diferenciam-se dos outros cogumelos do mesmo g\u00e9nero pela sua forma elipsoide. <a href=\"https:\/\/legitgrams.com\/pt\/\">LegitGrams<\/a><\/p>\n<p>Pileus: O termo \u201cpileus\u201d se refere ao formato c\u00f4nico ou convexo das tampas dos cogumelos. Quando o pileus \u00e9 jovem, ele assume uma cor marrom ou caramelo. Mas, \u00e0 medida que os cogumelos come\u00e7am a murchar, a \u00e1rea escura e profunda do local se torna palha-clara at\u00e9 secar completamente.<\/p>\n<p>O caule curvo do cogumelo, que engrossa perto da base, \u00e9 chamado de caule. O aumento do conte\u00fado de indol faz com que o estipe branco e liso se torne azul-\u00edndigo.<\/p>\n<p>Lamella: As guelras do cogumelo s\u00e3o outro nome para essas estruturas de duas camadas. Quando a lamella est\u00e1 fresca, ela assume uma cor caramelo ou marrom-castanho.<\/p>\n<h3>Descri\u00e7\u00e3o do cogumelo m\u00e1gico Psilocybe Azurescens<\/h3>\n<p><a href=\"https:\/\/www.google.com\/search?q=Compre+Psilocybe+Azurescens+Online&amp;sca_esv=eddefdb7b92e7545&amp;sxsrf=AHTn8zpF6AGS3Ifwmk1onBprdgThUroKPQ1743678345974&amp;ei=iWvuZ5iUO6K20PEP4-exmQE&amp;ved=0ahUKEwjY_KeD3LuMAxUiGzQIHeNzLBMQ4dUDCBA&amp;uact=5&amp;oq=Compre+Psilocybe+Azurescens+Online&amp;gs_lp=Egxnd3Mtd2l6LXNlcnAiIkNvbXByZSBQc2lsb2N5YmUgQXp1cmVzY2VucyBPbmxpbmVIuARQAFgAcAB4AJABAJgBjgOgAY4DqgEDMy0xuAEDyAEA-AEC-AEBmAIAoAIAmAMAkgcAoAflAbIHALgHAA&amp;sclient=gws-wiz-serp\">Psilocybe Azurescens<\/a> \u00e9 um membro do g\u00eanero Psilocybe de 180 esp\u00e9cies, como foi mencionado anteriormente. Diferentes habitats com n\u00edveis variados de umidade s\u00e3o usados \u200b\u200bpor diferentes esp\u00e9cies para desenvolvimento. Esta esp\u00e9cie em particular, por exemplo, prospera ao ar livre.<\/p>\n<p>Voc\u00ea precisa de bioqu\u00edmicos excepcionalmente potentes de psilocibina, baeocistina e psilocina para experimentar todos os efeitos do cogumelo. Psilocybe Cubensis e <a href=\"https:\/\/duckduckgo.com\/?q=Buy+Psilocybe+Azurescens+Online&amp;t=h_&amp;ia=web\">Psilocibo Cyanescens<\/a> s\u00e3o duas outras esp\u00e9cies valiosas encontradas neste g\u00eanero. No noroeste do Pac\u00edfico dos Estados Unidos, este cogumelo \u00e9 altamente popular.<\/p>\n<p>Os escoteiros introduziram este cogumelo em 1979. A identifica\u00e7\u00e3o deste cogumelo come\u00e7ou em 1979, quando os escoteiros o encontraram no Oregon. Ap\u00f3s investiga\u00e7\u00e3o adicional, cientistas descobriram que estes cogumelos t\u00eam propriedades psicoativas. Paul Stamets o renomeou Psilocybe Azurescens em 1996. O tom azul do estipe foi o foco de Azurescens com base na publica\u00e7\u00e3o de Stamets. Outros argumentam que o nome foi inspirado por ele porque seu filho tinha o mesmo nome.<\/p>\n<h3>Efeitos do Psilocybe Azurescens em cogumelos<\/h3>\n<p>Azurescens cont\u00e9m uma variedade de compostos psicoativos, incluindo psilocibina, baeocistina e psilocina. Os componentes qu\u00edmicos que d\u00e3o aos cogumelos suas qualidades alucin\u00f3genas est\u00e3o presentes nesta esp\u00e9cie de psilocibo. Uma das caracter\u00edsticas das experi\u00eancias psicod\u00e9licas \u00e9 a dorm\u00eancia dos membros. Este efeito \u00e9 superado, no entanto, pela excita\u00e7\u00e3o e alucina\u00e7\u00f5es. Tomar os cogumelos pode faz\u00ea-los querer se envolver em mais intera\u00e7\u00f5es sociais e uma variedade de atividades.<\/p>\n<p>Detalhes sobre o crescimento de Psilocybe Azurscens Magic Shrooms. Azurscens \u00e9 mais f\u00e1cil de encontrar em margens de \u00e1gua do que em outros lugares devido \u00e0 disponibilidade de material lenhoso. Al\u00e9m disso, a grama das dunas se desenvolve ao longo das margens, produzindo um tapete que mant\u00e9m os cogumelos fracos eretos.<\/p>\n<p><strong>Aspergillus aureus<\/strong><\/p>\n<p>Em regi\u00f5es com invernos rigorosos, azaurscens prospera devido \u00e0 sua capacidade de tolerar temperaturas extremamente baixas. Al\u00e9m disso, cogumelos podem crescer em madeira dec\u00eddua que \u00e9 um pouco \u00famida. \u00c9 comum ver essa esp\u00e9cie crescendo em matagais e entre amoras.<\/p>\n<h3>Aplica\u00e7\u00f5es do cogumelo Psilocybe Azurscens na medicina<\/h3>\n<p>O alto teor de psilocibina deste fungo tem v\u00e1rias vantagens medicinais. Transtornos de ansiedade podem se beneficiar dos efeitos da cabe\u00e7a alta. Al\u00e9m disso, o medicamento pode tratar transtorno obsessivo-compulsivo (TOC), depress\u00e3o, ansiedade e transtorno de d\u00e9ficit de aten\u00e7\u00e3o e hiperatividade (TDAH).<\/p>\n<p>Tamb\u00e9m pode ser ben\u00e9fico para pessoas que est\u00e3o lutando contra o alcoolismo e o v\u00edcio em fumar usar cogumelos como cura para suas doen\u00e7as. A psilocibina \u00e9 uma excelente maneira de reduzir desejos. Estudos mostram que ela pode ser usada para tratar o v\u00edcio. Como o P. Azurscens aumenta a confian\u00e7a social, os m\u00e9dicos o recomendam para indiv\u00edduos com problemas de fala.<\/p>\n<h3>Efeitos colaterais do cogumelo m\u00e1gico Psilocybe Azurescens<\/h3>\n<p>V\u00e1rias consequ\u00eancias negativas podem surgir da exposi\u00e7\u00e3o aos cogumelos m\u00e1gicos P. Azurscens. Enquanto a maioria deles dura apenas alguns minutos, alguns deles t\u00eam o potencial de ser fatais. Ataques de p\u00e2nico, epis\u00f3dios de v\u00f4mito e est\u00f4magos embrulhados s\u00e3o os efeitos colaterais mais comuns. Press\u00e3o arterial e frequ\u00eancia card\u00edaca elevadas podem causar ataques card\u00edacos em casos extremos.<\/p>\n<h3>Para concluir<\/h3>\n<p>Quando se trata de benef\u00edcios terap\u00eauticos e recreativos, azurscens pode em breve ultrapassar todos os outros. Sua versatilidade e baixos requisitos de crescimento os tornam ideais tanto para cultivadores novatos quanto experientes.<\/p>\n<p>Eles s\u00e3o a melhor escolha que voc\u00ea tem se forem sua melhor aposta se voc\u00ea precisa de ajuda para superar o v\u00edcio e gerenciar outros problemas de sa\u00fade mental. Escolha um m\u00e9todo simples, mas eficaz, para ficar chapado em vez de utilizar drogas. Enquanto aproveita os benef\u00edcios deste cogumelo, esteja ciente dos potenciais efeitos colaterais.<br \/>\n\u00c0 venda: O psilocibo Azurescens<br \/>\nEsporos de Psilocybe Azurescens para venda<br \/>\nEstamos vendendo psilocybe azurescens seco.<\/p>","protected":false},"excerpt":{"rendered":"<p>Purchase Psilocybe Azurescens Online For Sale: Psilocybe Azurescens Among the 180 species of mushrooms in the Psilocybe genus, Psilocybe Azurescens grows in a variety of habitats. Other names for Psilocybe Azurscens include Flying Saucers, Indigo Psilocybe, Azzies, and Blue Angels. Since the initial finding was made in 1979, numerous articles about it have been published &hellip;<\/p>\n<p class=\"read-more\"> <a class=\"\" href=\"https:\/\/legitgrams.com\/pt\/produto\/psilocibo-azurescens\/\"> <span class=\"screen-reader-text\">Comprar Psilocybe Azurescens Online<\/span> Ler mais \"<\/a><\/p>","protected":false},"featured_media":5242,"comment_status":"open","ping_status":"closed","template":"","meta":{"_uag_custom_page_level_css":"","site-sidebar-layout":"default","site-content-layout":"default","ast-global-header-display":"","ast-main-header-display":"","ast-hfb-above-header-display":"","ast-hfb-below-header-display":"","ast-hfb-mobile-header-display":"","site-post-title":"","ast-breadcrumbs-content":"","ast-featured-img":"","footer-sml-layout":"","theme-transparent-header-meta":"default","adv-header-id-meta":"","stick-header-meta":"default","header-above-stick-meta":"","header-main-stick-meta":"","header-below-stick-meta":"","_joinchat":[]},"product_brand":[],"product_cat":[599],"product_tag":[2049,2039,617,2031,2046,2043,2038,2036,2030,2033,2041,2032,2034,2044,2051,2052,2050,2042,2047,2048,2045,625,2037,2040,2035],"class_list":{"0":"post-4218","1":"product","2":"type-product","3":"status-publish","4":"has-post-thumbnail","6":"product_cat-psilocybin-or-magic-mushrooms","7":"product_tag-best-cheap-price-psilocybe-azurescens","8":"product_tag-best-place-to-buy-psilocybe-azurescens","9":"product_tag-bulk-online","10":"product_tag-buy-psilocybe-azurescens","11":"product_tag-cheap-psilocybe-azurescens","12":"product_tag-high-quality-psilocybe-azurescens","13":"product_tag-how-to-buy-psilocybe-azurescens","14":"product_tag-order-psilocybe-azurescens","15":"product_tag-psilocybe-azurescens","16":"product_tag-psilocybe-azurescens-for-sale","17":"product_tag-psilocybe-azurescens-legally","18":"product_tag-psilocybe-azurescens-online","19":"product_tag-psilocybe-azurescens-psilocybe-azurescens-supplier","20":"product_tag-psilocybe-azurescens-store","21":"product_tag-psilocybe-azurescens-use","22":"product_tag-psilocybe-azurescens-wiki","23":"product_tag-psilocybe-azurescens-worldwide","24":"product_tag-psilocybe-azurescensprice","25":"product_tag-psilocybe-azurescenss","26":"product_tag-purcharse-psilocybe-azurescens","27":"product_tag-shop-psilocybe-azurescens","28":"product_tag-top-quality","29":"product_tag-where-to-buy-psilocybe-azurescens","30":"product_tag-where-to-order-psilocybe-azurescens","31":"product_tag-wholesale-psilocybe-azurescens","32":"desktop-align-left","33":"tablet-align-left","34":"mobile-align-left","35":"ast-product-gallery-layout-horizontal","36":"ast-product-gallery-with-no-image","37":"ast-product-single-variable","38":"ast-product-tabs-layout-horizontal","39":"ast-qv-on-image","41":"first","42":"instock","43":"shipping-taxable","44":"purchasable","45":"product-type-variable"},"yoast_head":"<!-- This site is optimized with the Yoast SEO plugin v25.9 - https:\/\/yoast.com\/wordpress\/plugins\/seo\/ -->\n<title>Psilocybe Azurescens for Sale - Buy Psilocybe Azurescens Online<\/title>\n<meta name=\"description\" content=\"If you want to buy Psilocybe Azurescens online and looking for a reliable online shop, then buy here. We offer only high-quality Psilocybe Azurescens for sale at an affordable price. Order Psilocybe Azurescens Now!\" \/>\n<meta name=\"robots\" content=\"index, follow, max-snippet:-1, max-image-preview:large, max-video-preview:-1\" \/>\n<link rel=\"canonical\" href=\"https:\/\/legitgrams.com\/pt\/produto\/psilocibo-azurescens\/\" \/>\n<meta property=\"og:locale\" content=\"pt_PT\" \/>\n<meta property=\"og:type\" content=\"article\" \/>\n<meta property=\"og:title\" content=\"Psilocybe Azurescens for Sale - Buy Psilocybe Azurescens Online\" \/>\n<meta property=\"og:description\" content=\"If you want to buy Psilocybe Azurescens online and looking for a reliable online shop, then buy here. We offer only high-quality Psilocybe Azurescens for sale at an affordable price. Order Psilocybe Azurescens Now!\" \/>\n<meta property=\"og:url\" content=\"https:\/\/legitgrams.com\/pt\/produto\/psilocibo-azurescens\/\" \/>\n<meta property=\"og:site_name\" content=\"Legit Grams\" \/>\n<meta property=\"article:modified_time\" content=\"2025-04-03T10:49:23+00:00\" \/>\n<meta property=\"og:image\" content=\"https:\/\/legitgrams.com\/wp-content\/uploads\/2024\/09\/psilocybe-azurescens-onlinepsilocybin-or-magic-mushrooms.jpg\" \/>\n\t<meta property=\"og:image:width\" content=\"430\" \/>\n\t<meta property=\"og:image:height\" content=\"430\" \/>\n\t<meta property=\"og:image:type\" content=\"image\/jpeg\" \/>\n<meta name=\"twitter:card\" content=\"summary_large_image\" \/>\n<meta name=\"twitter:label1\" content=\"Tempo estimado de leitura\" \/>\n\t<meta name=\"twitter:data1\" content=\"4 minutos\" \/>\n<script type=\"application\/ld+json\" class=\"yoast-schema-graph\">{\"@context\":\"https:\/\/schema.org\",\"@graph\":[{\"@type\":\"WebPage\",\"@id\":\"https:\/\/legitgrams.com\/product\/psilocybe-azurescens\/\",\"url\":\"https:\/\/legitgrams.com\/product\/psilocybe-azurescens\/\",\"name\":\"Psilocybe Azurescens for Sale - Buy Psilocybe Azurescens Online\",\"isPartOf\":{\"@id\":\"https:\/\/legitgrams.com\/#website\"},\"primaryImageOfPage\":{\"@id\":\"https:\/\/legitgrams.com\/product\/psilocybe-azurescens\/#primaryimage\"},\"image\":{\"@id\":\"https:\/\/legitgrams.com\/product\/psilocybe-azurescens\/#primaryimage\"},\"thumbnailUrl\":\"https:\/\/legitgrams.com\/wp-content\/uploads\/2024\/09\/psilocybe-azurescens-onlinepsilocybin-or-magic-mushrooms.jpg\",\"datePublished\":\"2024-09-22T06:05:19+00:00\",\"dateModified\":\"2025-04-03T10:49:23+00:00\",\"description\":\"If you want to buy Psilocybe Azurescens online and looking for a reliable online shop, then buy here. We offer only high-quality Psilocybe Azurescens for sale at an affordable price. Order Psilocybe Azurescens Now!\",\"breadcrumb\":{\"@id\":\"https:\/\/legitgrams.com\/product\/psilocybe-azurescens\/#breadcrumb\"},\"inLanguage\":\"pt-PT\",\"potentialAction\":[{\"@type\":\"ReadAction\",\"target\":[\"https:\/\/legitgrams.com\/product\/psilocybe-azurescens\/\"]}]},{\"@type\":\"ImageObject\",\"inLanguage\":\"pt-PT\",\"@id\":\"https:\/\/legitgrams.com\/product\/psilocybe-azurescens\/#primaryimage\",\"url\":\"https:\/\/legitgrams.com\/wp-content\/uploads\/2024\/09\/psilocybe-azurescens-onlinepsilocybin-or-magic-mushrooms.jpg\",\"contentUrl\":\"https:\/\/legitgrams.com\/wp-content\/uploads\/2024\/09\/psilocybe-azurescens-onlinepsilocybin-or-magic-mushrooms.jpg\",\"width\":430,\"height\":430,\"caption\":\"Psilocybe Azurescens for Sale\"},{\"@type\":\"BreadcrumbList\",\"@id\":\"https:\/\/legitgrams.com\/product\/psilocybe-azurescens\/#breadcrumb\",\"itemListElement\":[{\"@type\":\"ListItem\",\"position\":1,\"name\":\"Home\",\"item\":\"https:\/\/legitgrams.com\/\"},{\"@type\":\"ListItem\",\"position\":2,\"name\":\"Shop\",\"item\":\"https:\/\/legitgrams.com\/shop\/\"},{\"@type\":\"ListItem\",\"position\":3,\"name\":\"Buy Psilocybe Azurescens Online\"}]},{\"@type\":\"WebSite\",\"@id\":\"https:\/\/legitgrams.com\/#website\",\"url\":\"https:\/\/legitgrams.com\/\",\"name\":\"Legit Grams\",\"description\":\"My WordPress Blog\",\"publisher\":{\"@id\":\"https:\/\/legitgrams.com\/#organization\"},\"potentialAction\":[{\"@type\":\"SearchAction\",\"target\":{\"@type\":\"EntryPoint\",\"urlTemplate\":\"https:\/\/legitgrams.com\/?s={search_term_string}\"},\"query-input\":{\"@type\":\"PropertyValueSpecification\",\"valueRequired\":true,\"valueName\":\"search_term_string\"}}],\"inLanguage\":\"pt-PT\"},{\"@type\":\"Organization\",\"@id\":\"https:\/\/legitgrams.com\/#organization\",\"name\":\"Legit Grams\",\"url\":\"https:\/\/legitgrams.com\/\",\"logo\":{\"@type\":\"ImageObject\",\"inLanguage\":\"pt-PT\",\"@id\":\"https:\/\/legitgrams.com\/#\/schema\/logo\/image\/\",\"url\":\"https:\/\/legitgrams.com\/wp-content\/uploads\/2024\/09\/main-logo.png\",\"contentUrl\":\"https:\/\/legitgrams.com\/wp-content\/uploads\/2024\/09\/main-logo.png\",\"width\":270,\"height\":75,\"caption\":\"Legit Grams\"},\"image\":{\"@id\":\"https:\/\/legitgrams.com\/#\/schema\/logo\/image\/\"}}]}<\/script>\n<!-- \/ Yoast SEO plugin. -->","yoast_head_json":{"title":"Psilocybe Azurescens para Venda - Comprar Psilocybe Azurescens Online","description":"Se pretende comprar Psilocybe Azurescens online e est\u00e1 \u00e0 procura de uma loja online de confian\u00e7a, compre aqui. Oferecemos apenas Psilocybe Azurescens de alta qualidade para venda a um pre\u00e7o acess\u00edvel. Encomendar Psilocybe Azurescens agora!","robots":{"index":"index","follow":"follow","max-snippet":"max-snippet:-1","max-image-preview":"max-image-preview:large","max-video-preview":"max-video-preview:-1"},"canonical":"https:\/\/legitgrams.com\/pt\/produto\/psilocibo-azurescens\/","og_locale":"pt_PT","og_type":"article","og_title":"Psilocybe Azurescens for Sale - Buy Psilocybe Azurescens Online","og_description":"If you want to buy Psilocybe Azurescens online and looking for a reliable online shop, then buy here. We offer only high-quality Psilocybe Azurescens for sale at an affordable price. Order Psilocybe Azurescens Now!","og_url":"https:\/\/legitgrams.com\/pt\/produto\/psilocibo-azurescens\/","og_site_name":"Legit Grams","article_modified_time":"2025-04-03T10:49:23+00:00","og_image":[{"width":430,"height":430,"url":"https:\/\/legitgrams.com\/wp-content\/uploads\/2024\/09\/psilocybe-azurescens-onlinepsilocybin-or-magic-mushrooms.jpg","type":"image\/jpeg"}],"twitter_card":"summary_large_image","twitter_misc":{"Tempo estimado de leitura":"4 minutos"},"schema":{"@context":"https:\/\/schema.org","@graph":[{"@type":"WebPage","@id":"https:\/\/legitgrams.com\/product\/psilocybe-azurescens\/","url":"https:\/\/legitgrams.com\/product\/psilocybe-azurescens\/","name":"Psilocybe Azurescens para Venda - Comprar Psilocybe Azurescens Online","isPartOf":{"@id":"https:\/\/legitgrams.com\/#website"},"primaryImageOfPage":{"@id":"https:\/\/legitgrams.com\/product\/psilocybe-azurescens\/#primaryimage"},"image":{"@id":"https:\/\/legitgrams.com\/product\/psilocybe-azurescens\/#primaryimage"},"thumbnailUrl":"https:\/\/legitgrams.com\/wp-content\/uploads\/2024\/09\/psilocybe-azurescens-onlinepsilocybin-or-magic-mushrooms.jpg","datePublished":"2024-09-22T06:05:19+00:00","dateModified":"2025-04-03T10:49:23+00:00","description":"Se pretende comprar Psilocybe Azurescens online e est\u00e1 \u00e0 procura de uma loja online de confian\u00e7a, compre aqui. Oferecemos apenas Psilocybe Azurescens de alta qualidade para venda a um pre\u00e7o acess\u00edvel. Encomendar Psilocybe Azurescens agora!","breadcrumb":{"@id":"https:\/\/legitgrams.com\/product\/psilocybe-azurescens\/#breadcrumb"},"inLanguage":"pt-PT","potentialAction":[{"@type":"ReadAction","target":["https:\/\/legitgrams.com\/product\/psilocybe-azurescens\/"]}]},{"@type":"ImageObject","inLanguage":"pt-PT","@id":"https:\/\/legitgrams.com\/product\/psilocybe-azurescens\/#primaryimage","url":"https:\/\/legitgrams.com\/wp-content\/uploads\/2024\/09\/psilocybe-azurescens-onlinepsilocybin-or-magic-mushrooms.jpg","contentUrl":"https:\/\/legitgrams.com\/wp-content\/uploads\/2024\/09\/psilocybe-azurescens-onlinepsilocybin-or-magic-mushrooms.jpg","width":430,"height":430,"caption":"Psilocybe Azurescens for Sale"},{"@type":"BreadcrumbList","@id":"https:\/\/legitgrams.com\/product\/psilocybe-azurescens\/#breadcrumb","itemListElement":[{"@type":"ListItem","position":1,"name":"Home","item":"https:\/\/legitgrams.com\/"},{"@type":"ListItem","position":2,"name":"Shop","item":"https:\/\/legitgrams.com\/shop\/"},{"@type":"ListItem","position":3,"name":"Buy Psilocybe Azurescens Online"}]},{"@type":"WebSite","@id":"https:\/\/legitgrams.com\/#website","url":"https:\/\/legitgrams.com\/","name":"Gramas leg\u00edtimas","description":"O meu blogue WordPress","publisher":{"@id":"https:\/\/legitgrams.com\/#organization"},"potentialAction":[{"@type":"SearchAction","target":{"@type":"EntryPoint","urlTemplate":"https:\/\/legitgrams.com\/?s={search_term_string}"},"query-input":{"@type":"PropertyValueSpecification","valueRequired":true,"valueName":"search_term_string"}}],"inLanguage":"pt-PT"},{"@type":"Organization","@id":"https:\/\/legitgrams.com\/#organization","name":"Gramas leg\u00edtimas","url":"https:\/\/legitgrams.com\/","logo":{"@type":"ImageObject","inLanguage":"pt-PT","@id":"https:\/\/legitgrams.com\/#\/schema\/logo\/image\/","url":"https:\/\/legitgrams.com\/wp-content\/uploads\/2024\/09\/main-logo.png","contentUrl":"https:\/\/legitgrams.com\/wp-content\/uploads\/2024\/09\/main-logo.png","width":270,"height":75,"caption":"Legit Grams"},"image":{"@id":"https:\/\/legitgrams.com\/#\/schema\/logo\/image\/"}}]}},"uagb_featured_image_src":{"full":["https:\/\/legitgrams.com\/wp-content\/uploads\/2024\/09\/psilocybe-azurescens-onlinepsilocybin-or-magic-mushrooms.jpg",430,430,false],"thumbnail":["https:\/\/legitgrams.com\/wp-content\/uploads\/2024\/09\/psilocybe-azurescens-onlinepsilocybin-or-magic-mushrooms-150x150.jpg",150,150,true],"medium":["https:\/\/legitgrams.com\/wp-content\/uploads\/2024\/09\/psilocybe-azurescens-onlinepsilocybin-or-magic-mushrooms-300x300.jpg",300,300,true],"medium_large":["https:\/\/legitgrams.com\/wp-content\/uploads\/2024\/09\/psilocybe-azurescens-onlinepsilocybin-or-magic-mushrooms.jpg",430,430,false],"large":["https:\/\/legitgrams.com\/wp-content\/uploads\/2024\/09\/psilocybe-azurescens-onlinepsilocybin-or-magic-mushrooms.jpg",430,430,false],"1536x1536":["https:\/\/legitgrams.com\/wp-content\/uploads\/2024\/09\/psilocybe-azurescens-onlinepsilocybin-or-magic-mushrooms.jpg",430,430,false],"2048x2048":["https:\/\/legitgrams.com\/wp-content\/uploads\/2024\/09\/psilocybe-azurescens-onlinepsilocybin-or-magic-mushrooms.jpg",430,430,false],"trp-custom-language-flag":["https:\/\/legitgrams.com\/wp-content\/uploads\/2024\/09\/psilocybe-azurescens-onlinepsilocybin-or-magic-mushrooms-12x12.jpg",12,12,true],"woocommerce_thumbnail":["https:\/\/legitgrams.com\/wp-content\/uploads\/2024\/09\/psilocybe-azurescens-onlinepsilocybin-or-magic-mushrooms-300x300.jpg",300,300,true],"woocommerce_single":["https:\/\/legitgrams.com\/wp-content\/uploads\/2024\/09\/psilocybe-azurescens-onlinepsilocybin-or-magic-mushrooms.jpg",430,430,false],"woocommerce_gallery_thumbnail":["https:\/\/legitgrams.com\/wp-content\/uploads\/2024\/09\/psilocybe-azurescens-onlinepsilocybin-or-magic-mushrooms-100x100.jpg",100,100,true]},"uagb_author_info":{"display_name":"cokeblog18","author_link":"https:\/\/legitgrams.com\/pt\/author\/"},"uagb_comment_info":0,"uagb_excerpt":"Purchase Psilocybe Azurescens Online For Sale: Psilocybe Azurescens Among the 180 species of mushrooms in the Psilocybe genus, Psilocybe Azurescens grows in a variety of habitats. Other names for Psilocybe Azurscens include Flying Saucers, Indigo Psilocybe, Azzies, and Blue Angels. Since the initial finding was made in 1979, numerous articles about it have been published&hellip;","_links":{"self":[{"href":"https:\/\/legitgrams.com\/pt\/wp-json\/wp\/v2\/product\/4218","targetHints":{"allow":["GET"]}}],"collection":[{"href":"https:\/\/legitgrams.com\/pt\/wp-json\/wp\/v2\/product"}],"about":[{"href":"https:\/\/legitgrams.com\/pt\/wp-json\/wp\/v2\/types\/product"}],"replies":[{"embeddable":true,"href":"https:\/\/legitgrams.com\/pt\/wp-json\/wp\/v2\/comments?post=4218"}],"wp:featuredmedia":[{"embeddable":true,"href":"https:\/\/legitgrams.com\/pt\/wp-json\/wp\/v2\/media\/5242"}],"wp:attachment":[{"href":"https:\/\/legitgrams.com\/pt\/wp-json\/wp\/v2\/media?parent=4218"}],"wp:term":[{"taxonomy":"product_brand","embeddable":true,"href":"https:\/\/legitgrams.com\/pt\/wp-json\/wp\/v2\/product_brand?post=4218"},{"taxonomy":"product_cat","embeddable":true,"href":"https:\/\/legitgrams.com\/pt\/wp-json\/wp\/v2\/product_cat?post=4218"},{"taxonomy":"product_tag","embeddable":true,"href":"https:\/\/legitgrams.com\/pt\/wp-json\/wp\/v2\/product_tag?post=4218"}],"curies":[{"name":"wp","href":"https:\/\/api.w.org\/{rel}","templated":true}]}}