{"id":4221,"date":"2024-09-22T06:14:11","date_gmt":"2024-09-22T06:14:11","guid":{"rendered":"https:\/\/legitgrams.com\/?post_type=product&#038;p=4221"},"modified":"2025-04-03T10:22:11","modified_gmt":"2025-04-03T10:22:11","slug":"po-de-mdma","status":"publish","type":"product","link":"https:\/\/legitgrams.com\/pt\/produto\/po-de-mdma\/","title":{"rendered":"Compre MDMA em p\u00f3 online"},"content":{"rendered":"<h2>Compre p\u00f3 de MDMA genu\u00edno online.<\/h2>\n<p>Compre genu\u00edno <a href=\"https:\/\/legitgrams.com\/pt\/produto\/po-de-mdma\/\">MDMA em p\u00f3<\/a> online. Temos o p\u00f3 de MDMA (Ecstasy\/Molly) de mais alta qualidade dispon\u00edvel para compra aqui.<\/p>\n<p><a href=\"https:\/\/www.bing.com\/search?q=Buy%20MDMA%20Powder%20Online&amp;qs=n&amp;form=QBRE&amp;sp=-1&amp;lq=0&amp;pq=buy%20mdma%20powder%20online&amp;sc=0-22&amp;sk=&amp;cvid=535EEE1EF66F471792227A1FFBB85945&amp;ghsh=0&amp;ghacc=0&amp;ghpl=\">Pure MDMA powder<\/a> pode ser comprado online. \u00c9 poss\u00edvel comprar Ecstasy\/Molly Powder online.<\/p>\n<p>Uma droga psicoativa categorizada como um substituto da anfetamina e da metilenodioxifenetilamina \u00e9 <a href=\"https:\/\/www.google.com\/search?q=Compre+MDMA+em+p+online&amp;sca_esv=eddefdb7b92e7545&amp;sxsrf=AHTn8zp2FNF_9T3wSpLAx2agx7DYhiOiSA1743675962992&amp;ei=OmLuZ6qmPPTy0PEProek2QU&amp;ved=0ahUKEwiqq4KT07uMAxV0OTQIHa4DKVsQ4dUDCBA&amp;uact=5&amp;oq=Compre+MDMA+em+p+online&amp;gs_lp=Egxnd3Mtd2l6LXNlcnAiGUNvbXByZSBNRE1BIGVtIHDDsyBvbmxpbmUyBxAhGKABGAoyBxAhGKABGApIpBxQ0xVY0xVwAXgAkAEAmAGFA6ABhQOqAQMzLTG4AQPIAQD4AQL4AQGYAgGgAokDmAMAiAYBkgcDMy0xoAeeA7IHAzMtMbgHiQM&amp;sclient=gws-wiz-serp\">MDMA<\/a> (negociado 3,4-metilenodioxi-metanfetamina), que pode ser comprado online. \u00c9 usado principalmente por seus efeitos simp\u00e1ticos e euf\u00f3ricos. Farm\u00e1cia: Compre MDMA Pure Powder. O MDMA libera serotonina, norepinefrina e dopamina, al\u00e9m de atuar como um inibidor de recapta\u00e7\u00e3o. <a href=\"https:\/\/legitgrams.com\/pt\/\">LegitGrams<\/a> oferece p\u00f3 de MDMA para venda online.<\/p>\n<p>Frequentemente usado para se referir ao MDMA vendido online, o termo \u201cEcstasy\u201d (abreviado como \u201cE\u201d, \u201cX\u201d ou \u201cXTC\u201d) geralmente se refere \u00e0 forma de comprimido, embora tamb\u00e9m possa sugerir a possibilidade de um suplemento fraudulento.<\/p>\n<p>A express\u00e3o \u201c\u00e0 venda \u2014 Mandy\u201d Nos EUA e no Reino Unido, \u201cMolly \u00e0 venda\u201d descreve o MDMA como um p\u00f3 cristalino que \u00e9 praticamente livre de ingredientes falsificados. \u00c0s vezes, Molly pode estar falando sobre medicamentos semelhantes, como mefedrona, metilona, \u200b\u200bcompra de MDMA puro em p\u00f3, compra de MDPV online ou qualquer outra classe de produtos qu\u00edmicos farmacol\u00f3gicos chamados sais de banho.<\/p>\n<p>Comprar <a href=\"https:\/\/duckduckgo.com\/?q=Compre+MDMA+em+p+online&amp;t=h_\">pure MDMA powder<\/a> online, comprando puro <a href=\"https:\/\/en.wikipedia.org\/wiki\/MDMA\">MDMA<\/a> p\u00f3 nos EUA, comprando p\u00f3 de MDMA puro online nos EUA, Onde comprar p\u00f3 de MDMA puro, Onde comprar p\u00f3 de MDMA puro nas proximidades, Onde comprar p\u00f3 de MDMA puro, Onde comprar p\u00f3 de MDMA puro nos EUA, Canad\u00e1 e Reino Unido, Onde comprar p\u00f3 de MDMA puro online, Fornecedores, Envio seguro O p\u00f3 de MDMA puro ainda pode ser obtido de certas maneiras, incluindo descobrir como encomend\u00e1-lo ou se \u00e9 legal compr\u00e1-lo online nos EUA. O Canad\u00e1 permite o uso de p\u00f3 de MDMA puro?<\/p>\n<h2><\/h2>\n<h2><\/h2>\n<p>&nbsp;<\/p>","protected":false},"excerpt":{"rendered":"<p>Purchase genuine MDMA powder online. Buy genuine MDMA powder online. We have the highest grade MDMA (Ecstasy\/Molly) Powder available for purchase here. Pure MDMA powder can be purchased online. It is possible to buy Ecstasy\/Molly Powder online. A psychoactive drug categorized as an amphetamine and methylenedioxyphenethylamine substitute is MDMA (negotiated 3,4-methylenedioxy-methamphetamine), which may be purchased &hellip;<\/p>\n<p class=\"read-more\"> <a class=\"\" href=\"https:\/\/legitgrams.com\/pt\/produto\/po-de-mdma\/\"> <span class=\"screen-reader-text\">Compre MDMA em p\u00f3 online<\/span> Ler mais \"<\/a><\/p>","protected":false},"featured_media":5301,"comment_status":"open","ping_status":"closed","template":"","meta":{"_uag_custom_page_level_css":"","site-sidebar-layout":"default","site-content-layout":"default","ast-global-header-display":"","ast-main-header-display":"","ast-hfb-above-header-display":"","ast-hfb-below-header-display":"","ast-hfb-mobile-header-display":"","site-post-title":"","ast-breadcrumbs-content":"","ast-featured-img":"","footer-sml-layout":"","theme-transparent-header-meta":"default","adv-header-id-meta":"","stick-header-meta":"default","header-above-stick-meta":"","header-main-stick-meta":"","header-below-stick-meta":"","_joinchat":[]},"product_brand":[],"product_cat":[600],"product_tag":[1980,1970,617,1962,1977,1974,1969,1961,1964,1972,1965,1963,1975,1982,1983,1981,1973,1978,1967,1979,1976,625,1968,1971,1966],"class_list":{"0":"post-4221","1":"product","2":"type-product","3":"status-publish","4":"has-post-thumbnail","6":"product_cat-research-chemicals-and-bath-salt","7":"product_tag-best-cheap-price-mdma-powder","8":"product_tag-best-place-to-buy-mdma-powder","9":"product_tag-bulk-online","10":"product_tag-buy-mdma-powder","11":"product_tag-cheap-mdma-powder","12":"product_tag-high-quality-mdma-powder","13":"product_tag-how-to-buy-mdma-powder","14":"product_tag-mdma-powder","15":"product_tag-mdma-powder-for-sale","16":"product_tag-mdma-powder-legally","17":"product_tag-mdma-powder-mdma-powder-supplier","18":"product_tag-mdma-powder-online","19":"product_tag-mdma-powder-store","20":"product_tag-mdma-powder-use","21":"product_tag-mdma-powder-wiki","22":"product_tag-mdma-powder-worldwide","23":"product_tag-mdma-powderprice","24":"product_tag-mdma-powders","25":"product_tag-order-mdma-powder","26":"product_tag-purcharse-mdma-powder","27":"product_tag-shop-mdma-powder","28":"product_tag-top-quality","29":"product_tag-where-to-buy-mdma-powder","30":"product_tag-where-to-order-mdma-powder","31":"product_tag-wholesale-mdma-powder","32":"desktop-align-left","33":"tablet-align-left","34":"mobile-align-left","35":"ast-product-gallery-layout-horizontal","36":"ast-product-gallery-with-no-image","37":"ast-product-single-variable","38":"ast-product-tabs-layout-horizontal","39":"ast-qv-on-image","41":"first","42":"instock","43":"shipping-taxable","44":"purchasable","45":"product-type-variable"},"yoast_head":"<!-- This site is optimized with the Yoast SEO plugin v25.9 - https:\/\/yoast.com\/wordpress\/plugins\/seo\/ -->\n<title>MDMA Powder for Sale - Buy MDMA Powder Online | LegitGrams<\/title>\n<meta name=\"description\" content=\"Looking to buy MDMA powder online at a reasonable price? Visit our reputable Legitgrams online store and get MDMA powder for sale today. Place an order now!\" \/>\n<meta name=\"robots\" content=\"index, follow, max-snippet:-1, max-image-preview:large, max-video-preview:-1\" \/>\n<link rel=\"canonical\" href=\"https:\/\/legitgrams.com\/pt\/produto\/po-de-mdma\/\" \/>\n<meta property=\"og:locale\" content=\"pt_PT\" \/>\n<meta property=\"og:type\" content=\"article\" \/>\n<meta property=\"og:title\" content=\"MDMA Powder for Sale - Buy MDMA Powder Online | LegitGrams\" \/>\n<meta property=\"og:description\" content=\"Looking to buy MDMA powder online at a reasonable price? Visit our reputable Legitgrams online store and get MDMA powder for sale today. Place an order now!\" \/>\n<meta property=\"og:url\" content=\"https:\/\/legitgrams.com\/pt\/produto\/po-de-mdma\/\" \/>\n<meta property=\"og:site_name\" content=\"Legit Grams\" \/>\n<meta property=\"article:modified_time\" content=\"2025-04-03T10:22:11+00:00\" \/>\n<meta property=\"og:image\" content=\"https:\/\/legitgrams.com\/wp-content\/uploads\/2024\/09\/Buy-pure-MDMA-powder-online.jpg\" \/>\n\t<meta property=\"og:image:width\" content=\"600\" \/>\n\t<meta property=\"og:image:height\" content=\"600\" \/>\n\t<meta property=\"og:image:type\" content=\"image\/jpeg\" \/>\n<meta name=\"twitter:card\" content=\"summary_large_image\" \/>\n<meta name=\"twitter:label1\" content=\"Tempo estimado de leitura\" \/>\n\t<meta name=\"twitter:data1\" content=\"2 minutos\" \/>\n<script type=\"application\/ld+json\" class=\"yoast-schema-graph\">{\"@context\":\"https:\/\/schema.org\",\"@graph\":[{\"@type\":\"WebPage\",\"@id\":\"https:\/\/legitgrams.com\/product\/mdma-powder\/\",\"url\":\"https:\/\/legitgrams.com\/product\/mdma-powder\/\",\"name\":\"MDMA Powder for Sale - Buy MDMA Powder Online | LegitGrams\",\"isPartOf\":{\"@id\":\"https:\/\/legitgrams.com\/#website\"},\"primaryImageOfPage\":{\"@id\":\"https:\/\/legitgrams.com\/product\/mdma-powder\/#primaryimage\"},\"image\":{\"@id\":\"https:\/\/legitgrams.com\/product\/mdma-powder\/#primaryimage\"},\"thumbnailUrl\":\"https:\/\/legitgrams.com\/wp-content\/uploads\/2024\/09\/Buy-pure-MDMA-powder-online.jpg\",\"datePublished\":\"2024-09-22T06:14:11+00:00\",\"dateModified\":\"2025-04-03T10:22:11+00:00\",\"description\":\"Looking to buy MDMA powder online at a reasonable price? Visit our reputable Legitgrams online store and get MDMA powder for sale today. Place an order now!\",\"breadcrumb\":{\"@id\":\"https:\/\/legitgrams.com\/product\/mdma-powder\/#breadcrumb\"},\"inLanguage\":\"pt-PT\",\"potentialAction\":[{\"@type\":\"ReadAction\",\"target\":[\"https:\/\/legitgrams.com\/product\/mdma-powder\/\"]}]},{\"@type\":\"ImageObject\",\"inLanguage\":\"pt-PT\",\"@id\":\"https:\/\/legitgrams.com\/product\/mdma-powder\/#primaryimage\",\"url\":\"https:\/\/legitgrams.com\/wp-content\/uploads\/2024\/09\/Buy-pure-MDMA-powder-online.jpg\",\"contentUrl\":\"https:\/\/legitgrams.com\/wp-content\/uploads\/2024\/09\/Buy-pure-MDMA-powder-online.jpg\",\"width\":600,\"height\":600,\"caption\":\"MDMA Powder for Sale\"},{\"@type\":\"BreadcrumbList\",\"@id\":\"https:\/\/legitgrams.com\/product\/mdma-powder\/#breadcrumb\",\"itemListElement\":[{\"@type\":\"ListItem\",\"position\":1,\"name\":\"Home\",\"item\":\"https:\/\/legitgrams.com\/\"},{\"@type\":\"ListItem\",\"position\":2,\"name\":\"Shop\",\"item\":\"https:\/\/legitgrams.com\/shop\/\"},{\"@type\":\"ListItem\",\"position\":3,\"name\":\"Buy MDMA Powder Online\"}]},{\"@type\":\"WebSite\",\"@id\":\"https:\/\/legitgrams.com\/#website\",\"url\":\"https:\/\/legitgrams.com\/\",\"name\":\"Legit Grams\",\"description\":\"My WordPress Blog\",\"publisher\":{\"@id\":\"https:\/\/legitgrams.com\/#organization\"},\"potentialAction\":[{\"@type\":\"SearchAction\",\"target\":{\"@type\":\"EntryPoint\",\"urlTemplate\":\"https:\/\/legitgrams.com\/?s={search_term_string}\"},\"query-input\":{\"@type\":\"PropertyValueSpecification\",\"valueRequired\":true,\"valueName\":\"search_term_string\"}}],\"inLanguage\":\"pt-PT\"},{\"@type\":\"Organization\",\"@id\":\"https:\/\/legitgrams.com\/#organization\",\"name\":\"Legit Grams\",\"url\":\"https:\/\/legitgrams.com\/\",\"logo\":{\"@type\":\"ImageObject\",\"inLanguage\":\"pt-PT\",\"@id\":\"https:\/\/legitgrams.com\/#\/schema\/logo\/image\/\",\"url\":\"https:\/\/legitgrams.com\/wp-content\/uploads\/2024\/09\/main-logo.png\",\"contentUrl\":\"https:\/\/legitgrams.com\/wp-content\/uploads\/2024\/09\/main-logo.png\",\"width\":270,\"height\":75,\"caption\":\"Legit Grams\"},\"image\":{\"@id\":\"https:\/\/legitgrams.com\/#\/schema\/logo\/image\/\"}}]}<\/script>\n<!-- \/ Yoast SEO plugin. -->","yoast_head_json":{"title":"P\u00f3 de MDMA para venda - Compre p\u00f3 de MDMA online | LegitGrams","description":"Procurando comprar MDMA em p\u00f3 online a um pre\u00e7o razo\u00e1vel? Visite nossa respeit\u00e1vel loja online Legitgrams e obtenha MDMA em p\u00f3 para venda hoje. Fa\u00e7a um pedido agora!","robots":{"index":"index","follow":"follow","max-snippet":"max-snippet:-1","max-image-preview":"max-image-preview:large","max-video-preview":"max-video-preview:-1"},"canonical":"https:\/\/legitgrams.com\/pt\/produto\/po-de-mdma\/","og_locale":"pt_PT","og_type":"article","og_title":"MDMA Powder for Sale - Buy MDMA Powder Online | LegitGrams","og_description":"Looking to buy MDMA powder online at a reasonable price? Visit our reputable Legitgrams online store and get MDMA powder for sale today. Place an order now!","og_url":"https:\/\/legitgrams.com\/pt\/produto\/po-de-mdma\/","og_site_name":"Legit Grams","article_modified_time":"2025-04-03T10:22:11+00:00","og_image":[{"width":600,"height":600,"url":"https:\/\/legitgrams.com\/wp-content\/uploads\/2024\/09\/Buy-pure-MDMA-powder-online.jpg","type":"image\/jpeg"}],"twitter_card":"summary_large_image","twitter_misc":{"Tempo estimado de leitura":"2 minutos"},"schema":{"@context":"https:\/\/schema.org","@graph":[{"@type":"WebPage","@id":"https:\/\/legitgrams.com\/product\/mdma-powder\/","url":"https:\/\/legitgrams.com\/product\/mdma-powder\/","name":"P\u00f3 de MDMA para venda - Compre p\u00f3 de MDMA online | LegitGrams","isPartOf":{"@id":"https:\/\/legitgrams.com\/#website"},"primaryImageOfPage":{"@id":"https:\/\/legitgrams.com\/product\/mdma-powder\/#primaryimage"},"image":{"@id":"https:\/\/legitgrams.com\/product\/mdma-powder\/#primaryimage"},"thumbnailUrl":"https:\/\/legitgrams.com\/wp-content\/uploads\/2024\/09\/Buy-pure-MDMA-powder-online.jpg","datePublished":"2024-09-22T06:14:11+00:00","dateModified":"2025-04-03T10:22:11+00:00","description":"Procurando comprar MDMA em p\u00f3 online a um pre\u00e7o razo\u00e1vel? Visite nossa respeit\u00e1vel loja online Legitgrams e obtenha MDMA em p\u00f3 para venda hoje. Fa\u00e7a um pedido agora!","breadcrumb":{"@id":"https:\/\/legitgrams.com\/product\/mdma-powder\/#breadcrumb"},"inLanguage":"pt-PT","potentialAction":[{"@type":"ReadAction","target":["https:\/\/legitgrams.com\/product\/mdma-powder\/"]}]},{"@type":"ImageObject","inLanguage":"pt-PT","@id":"https:\/\/legitgrams.com\/product\/mdma-powder\/#primaryimage","url":"https:\/\/legitgrams.com\/wp-content\/uploads\/2024\/09\/Buy-pure-MDMA-powder-online.jpg","contentUrl":"https:\/\/legitgrams.com\/wp-content\/uploads\/2024\/09\/Buy-pure-MDMA-powder-online.jpg","width":600,"height":600,"caption":"MDMA Powder for Sale"},{"@type":"BreadcrumbList","@id":"https:\/\/legitgrams.com\/product\/mdma-powder\/#breadcrumb","itemListElement":[{"@type":"ListItem","position":1,"name":"Home","item":"https:\/\/legitgrams.com\/"},{"@type":"ListItem","position":2,"name":"Shop","item":"https:\/\/legitgrams.com\/shop\/"},{"@type":"ListItem","position":3,"name":"Buy MDMA Powder Online"}]},{"@type":"WebSite","@id":"https:\/\/legitgrams.com\/#website","url":"https:\/\/legitgrams.com\/","name":"Gramas leg\u00edtimas","description":"O meu blogue WordPress","publisher":{"@id":"https:\/\/legitgrams.com\/#organization"},"potentialAction":[{"@type":"SearchAction","target":{"@type":"EntryPoint","urlTemplate":"https:\/\/legitgrams.com\/?s={search_term_string}"},"query-input":{"@type":"PropertyValueSpecification","valueRequired":true,"valueName":"search_term_string"}}],"inLanguage":"pt-PT"},{"@type":"Organization","@id":"https:\/\/legitgrams.com\/#organization","name":"Gramas leg\u00edtimas","url":"https:\/\/legitgrams.com\/","logo":{"@type":"ImageObject","inLanguage":"pt-PT","@id":"https:\/\/legitgrams.com\/#\/schema\/logo\/image\/","url":"https:\/\/legitgrams.com\/wp-content\/uploads\/2024\/09\/main-logo.png","contentUrl":"https:\/\/legitgrams.com\/wp-content\/uploads\/2024\/09\/main-logo.png","width":270,"height":75,"caption":"Legit Grams"},"image":{"@id":"https:\/\/legitgrams.com\/#\/schema\/logo\/image\/"}}]}},"uagb_featured_image_src":{"full":["https:\/\/legitgrams.com\/wp-content\/uploads\/2024\/09\/Buy-pure-MDMA-powder-online.jpg",600,600,false],"thumbnail":["https:\/\/legitgrams.com\/wp-content\/uploads\/2024\/09\/Buy-pure-MDMA-powder-online-150x150.jpg",150,150,true],"medium":["https:\/\/legitgrams.com\/wp-content\/uploads\/2024\/09\/Buy-pure-MDMA-powder-online-300x300.jpg",300,300,true],"medium_large":["https:\/\/legitgrams.com\/wp-content\/uploads\/2024\/09\/Buy-pure-MDMA-powder-online.jpg",600,600,false],"large":["https:\/\/legitgrams.com\/wp-content\/uploads\/2024\/09\/Buy-pure-MDMA-powder-online.jpg",600,600,false],"1536x1536":["https:\/\/legitgrams.com\/wp-content\/uploads\/2024\/09\/Buy-pure-MDMA-powder-online.jpg",600,600,false],"2048x2048":["https:\/\/legitgrams.com\/wp-content\/uploads\/2024\/09\/Buy-pure-MDMA-powder-online.jpg",600,600,false],"trp-custom-language-flag":["https:\/\/legitgrams.com\/wp-content\/uploads\/2024\/09\/Buy-pure-MDMA-powder-online-12x12.jpg",12,12,true],"woocommerce_thumbnail":["https:\/\/legitgrams.com\/wp-content\/uploads\/2024\/09\/Buy-pure-MDMA-powder-online-300x300.jpg",300,300,true],"woocommerce_single":["https:\/\/legitgrams.com\/wp-content\/uploads\/2024\/09\/Buy-pure-MDMA-powder-online.jpg",600,600,false],"woocommerce_gallery_thumbnail":["https:\/\/legitgrams.com\/wp-content\/uploads\/2024\/09\/Buy-pure-MDMA-powder-online-100x100.jpg",100,100,true]},"uagb_author_info":{"display_name":"cokeblog18","author_link":"https:\/\/legitgrams.com\/pt\/author\/"},"uagb_comment_info":0,"uagb_excerpt":"Purchase genuine MDMA powder online. Buy genuine MDMA powder online. We have the highest grade MDMA (Ecstasy\/Molly) Powder available for purchase here. Pure MDMA powder can be purchased online. It is possible to buy Ecstasy\/Molly Powder online. A psychoactive drug categorized as an amphetamine and methylenedioxyphenethylamine substitute is MDMA (negotiated 3,4-methylenedioxy-methamphetamine), which may be purchased&hellip;","_links":{"self":[{"href":"https:\/\/legitgrams.com\/pt\/wp-json\/wp\/v2\/product\/4221","targetHints":{"allow":["GET"]}}],"collection":[{"href":"https:\/\/legitgrams.com\/pt\/wp-json\/wp\/v2\/product"}],"about":[{"href":"https:\/\/legitgrams.com\/pt\/wp-json\/wp\/v2\/types\/product"}],"replies":[{"embeddable":true,"href":"https:\/\/legitgrams.com\/pt\/wp-json\/wp\/v2\/comments?post=4221"}],"wp:featuredmedia":[{"embeddable":true,"href":"https:\/\/legitgrams.com\/pt\/wp-json\/wp\/v2\/media\/5301"}],"wp:attachment":[{"href":"https:\/\/legitgrams.com\/pt\/wp-json\/wp\/v2\/media?parent=4221"}],"wp:term":[{"taxonomy":"product_brand","embeddable":true,"href":"https:\/\/legitgrams.com\/pt\/wp-json\/wp\/v2\/product_brand?post=4221"},{"taxonomy":"product_cat","embeddable":true,"href":"https:\/\/legitgrams.com\/pt\/wp-json\/wp\/v2\/product_cat?post=4221"},{"taxonomy":"product_tag","embeddable":true,"href":"https:\/\/legitgrams.com\/pt\/wp-json\/wp\/v2\/product_tag?post=4221"}],"curies":[{"name":"wp","href":"https:\/\/api.w.org\/{rel}","templated":true}]}}