{"id":4224,"date":"2024-09-22T06:42:05","date_gmt":"2024-09-22T06:42:05","guid":{"rendered":"https:\/\/legitgrams.com\/?post_type=product&#038;p=4224"},"modified":"2025-01-14T10:48:58","modified_gmt":"2025-01-14T10:48:58","slug":"sal-de-banho-pump-it","status":"publish","type":"product","link":"https:\/\/legitgrams.com\/pt\/produto\/sal-de-banho-pump-it\/","title":{"rendered":"Sal de banho Pump It"},"content":{"rendered":"<h2>Compre sal de banho Pump-It online: O que \u00e9 o p\u00f3 Pump-It?s<\/h2>\n<p>Drogas sint\u00e9ticas chamadas <a href=\"https:\/\/legitgrams.com\/pt\/produto\/sal-de-banho-pump-it\/\">P\u00f3 Pump-It<\/a> s\u00e3o vendidos para substituir os sais de banho il\u00edcitos. O p\u00f3 Pump-It \u00e9 apresentado como uma vitamina vegetal melhorada e est\u00e1 dispon\u00edvel nos principais retalhistas e esta\u00e7\u00f5es de servi\u00e7o. \u00c9 classificado como \"n\u00e3o-humano\". O impacto estimulante que o medicamento provoca no utilizador \u00e9 a origem do seu nome.<\/p>\n<p>Os toxicodependentes que consomem p\u00f3s para bombear utilizam-nos normalmente para cheirar, injetar ou chupar. Estes p\u00f3s s\u00e3o normalmente embalados em pequenos recipientes de pl\u00e1stico. Os consumidores referem o consumo de coca\u00edna, metanfetamina e alguns sais de banho como efeitos secund\u00e1rios. <a href=\"https:\/\/legitgrams.com\/pt\/\">LegitGrams<\/a><\/p>\n<p>comprar Pump It Bath Salt Online: <a href=\"https:\/\/en.wikipedia.org\/wiki\/Bath_salts\">Sal de banho Pump It<\/a> pode ser comprado online, nos EUA, onde comprar Pump It Bath Salt, e sem bomba, Bath Salt: Pump It Bath Salt para venda, comprar Pump It Bath Salt online perto de mim, comprar Pump It Bath Salt para venda nos EUA, Canad\u00e1, Reino Unido, comprar, online, fornecedores, entrega segura, onde comprar Pump It Bath Salt online, Pump It Bath Salt ainda est\u00e1 dispon\u00edvel. Pode adquirir o Pump It Bath Salt online, descobrir se \u00e9 legal no Canad\u00e1 e ver se \u00e9 legal nos Estados Unidos.<\/p>","protected":false},"excerpt":{"rendered":"<p>Purchase Pump-It Bath Salt Online: What Is Pump-It Powder? Synthetic drugs called Pump-It powder are sold to take the place of illicit bath salts. Pump-It powder is touted as an enhanced plant vitamin and is available at major retailers and gas stations. It is classified as &#8220;non-human.&#8221; The stimulant impact that the medicine gives its &hellip;<\/p>\n<p class=\"read-more\"> <a class=\"\" href=\"https:\/\/legitgrams.com\/pt\/produto\/sal-de-banho-pump-it\/\"> <span class=\"screen-reader-text\">Sal de banho Pump It<\/span> Ler mais \"<\/a><\/p>","protected":false},"featured_media":5296,"comment_status":"open","ping_status":"closed","template":"","meta":{"_uag_custom_page_level_css":"","site-sidebar-layout":"default","site-content-layout":"default","ast-global-header-display":"","ast-main-header-display":"","ast-hfb-above-header-display":"","ast-hfb-below-header-display":"","ast-hfb-mobile-header-display":"","site-post-title":"","ast-breadcrumbs-content":"","ast-featured-img":"","footer-sml-layout":"","theme-transparent-header-meta":"default","adv-header-id-meta":"","stick-header-meta":"default","header-above-stick-meta":"","header-main-stick-meta":"","header-below-stick-meta":"","_joinchat":[]},"product_brand":[],"product_cat":[600],"product_tag":[1773,1763,617,1755,1770,1767,1762,1760,1754,1757,1765,1756,1758,1768,1775,1776,1774,1766,1771,1772,1769,625,1761,1764,1759],"class_list":{"0":"post-4224","1":"product","2":"type-product","3":"status-publish","4":"has-post-thumbnail","6":"product_cat-research-chemicals-and-bath-salt","7":"product_tag-best-cheap-price-pump-it-bath-salt","8":"product_tag-best-place-to-buy-pump-it-bath-salt","9":"product_tag-bulk-online","10":"product_tag-buy-pump-it-bath-salt","11":"product_tag-cheap-pump-it-bath-salt","12":"product_tag-high-quality-pump-it-bath-salt","13":"product_tag-how-to-buy-pump-it-bath-salt","14":"product_tag-order-pump-it-bath-salt","15":"product_tag-pump-it-bath-salt","16":"product_tag-pump-it-bath-salt-for-sale","17":"product_tag-pump-it-bath-salt-legally","18":"product_tag-pump-it-bath-salt-online","19":"product_tag-pump-it-bath-salt-pump-it-bath-salt-supplier","20":"product_tag-pump-it-bath-salt-store","21":"product_tag-pump-it-bath-salt-use","22":"product_tag-pump-it-bath-salt-wiki","23":"product_tag-pump-it-bath-salt-worldwide","24":"product_tag-pump-it-bath-saltprice","25":"product_tag-pump-it-bath-salts","26":"product_tag-purcharse-pump-it-bath-salt","27":"product_tag-shop-pump-it-bath-salt","28":"product_tag-top-quality","29":"product_tag-where-to-buy-pump-it-bath-salt","30":"product_tag-where-to-order-pump-it-bath-salt","31":"product_tag-wholesale-pump-it-bath-salt","32":"desktop-align-left","33":"tablet-align-left","34":"mobile-align-left","35":"ast-product-gallery-layout-horizontal","36":"ast-product-gallery-with-no-image","37":"ast-product-single-variable","38":"ast-product-tabs-layout-horizontal","39":"ast-qv-on-image","41":"first","42":"instock","43":"shipping-taxable","44":"purchasable","45":"product-type-variable"},"yoast_head":"<!-- This site is optimized with the Yoast SEO plugin v25.9 - https:\/\/yoast.com\/wordpress\/plugins\/seo\/ -->\n<title>Pump It Bath Salt for Sale - Buy Pump It Bath Salt Online<\/title>\n<meta name=\"description\" content=\"Looking for a reliable source to buy pump it bath salt online? Your search ends here. Order pump it bath salt online from our trusted store and enjoy a seamless buying process tailored for your research needs.\" \/>\n<meta name=\"robots\" content=\"index, follow, max-snippet:-1, max-image-preview:large, max-video-preview:-1\" \/>\n<link rel=\"canonical\" href=\"https:\/\/legitgrams.com\/pt\/produto\/sal-de-banho-pump-it\/\" \/>\n<meta property=\"og:locale\" content=\"pt_PT\" \/>\n<meta property=\"og:type\" content=\"article\" \/>\n<meta property=\"og:title\" content=\"Pump It Bath Salt for Sale - Buy Pump It Bath Salt Online\" \/>\n<meta property=\"og:description\" content=\"Looking for a reliable source to buy pump it bath salt online? Your search ends here. Order pump it bath salt online from our trusted store and enjoy a seamless buying process tailored for your research needs.\" \/>\n<meta property=\"og:url\" content=\"https:\/\/legitgrams.com\/pt\/produto\/sal-de-banho-pump-it\/\" \/>\n<meta property=\"og:site_name\" content=\"Legit Grams\" \/>\n<meta property=\"article:modified_time\" content=\"2025-01-14T10:48:58+00:00\" \/>\n<meta property=\"og:image\" content=\"https:\/\/legitgrams.com\/wp-content\/uploads\/2024\/09\/buy-pump-it-bath-salt-online.jpg\" \/>\n\t<meta property=\"og:image:width\" content=\"600\" \/>\n\t<meta property=\"og:image:height\" content=\"600\" \/>\n\t<meta property=\"og:image:type\" content=\"image\/jpeg\" \/>\n<meta name=\"twitter:card\" content=\"summary_large_image\" \/>\n<meta name=\"twitter:label1\" content=\"Tempo estimado de leitura\" \/>\n\t<meta name=\"twitter:data1\" content=\"2 minutos\" \/>\n<script type=\"application\/ld+json\" class=\"yoast-schema-graph\">{\"@context\":\"https:\/\/schema.org\",\"@graph\":[{\"@type\":\"WebPage\",\"@id\":\"https:\/\/legitgrams.com\/product\/pump-it-bath-salt\/\",\"url\":\"https:\/\/legitgrams.com\/product\/pump-it-bath-salt\/\",\"name\":\"Pump It Bath Salt for Sale - Buy Pump It Bath Salt Online\",\"isPartOf\":{\"@id\":\"https:\/\/legitgrams.com\/#website\"},\"primaryImageOfPage\":{\"@id\":\"https:\/\/legitgrams.com\/product\/pump-it-bath-salt\/#primaryimage\"},\"image\":{\"@id\":\"https:\/\/legitgrams.com\/product\/pump-it-bath-salt\/#primaryimage\"},\"thumbnailUrl\":\"https:\/\/legitgrams.com\/wp-content\/uploads\/2024\/09\/buy-pump-it-bath-salt-online.jpg\",\"datePublished\":\"2024-09-22T06:42:05+00:00\",\"dateModified\":\"2025-01-14T10:48:58+00:00\",\"description\":\"Looking for a reliable source to buy pump it bath salt online? Your search ends here. Order pump it bath salt online from our trusted store and enjoy a seamless buying process tailored for your research needs.\",\"breadcrumb\":{\"@id\":\"https:\/\/legitgrams.com\/product\/pump-it-bath-salt\/#breadcrumb\"},\"inLanguage\":\"pt-PT\",\"potentialAction\":[{\"@type\":\"ReadAction\",\"target\":[\"https:\/\/legitgrams.com\/product\/pump-it-bath-salt\/\"]}]},{\"@type\":\"ImageObject\",\"inLanguage\":\"pt-PT\",\"@id\":\"https:\/\/legitgrams.com\/product\/pump-it-bath-salt\/#primaryimage\",\"url\":\"https:\/\/legitgrams.com\/wp-content\/uploads\/2024\/09\/buy-pump-it-bath-salt-online.jpg\",\"contentUrl\":\"https:\/\/legitgrams.com\/wp-content\/uploads\/2024\/09\/buy-pump-it-bath-salt-online.jpg\",\"width\":600,\"height\":600,\"caption\":\"Pump It Bath Salt for Sale\"},{\"@type\":\"BreadcrumbList\",\"@id\":\"https:\/\/legitgrams.com\/product\/pump-it-bath-salt\/#breadcrumb\",\"itemListElement\":[{\"@type\":\"ListItem\",\"position\":1,\"name\":\"Home\",\"item\":\"https:\/\/legitgrams.com\/\"},{\"@type\":\"ListItem\",\"position\":2,\"name\":\"Shop\",\"item\":\"https:\/\/legitgrams.com\/shop\/\"},{\"@type\":\"ListItem\",\"position\":3,\"name\":\"Pump It Bath Salt\"}]},{\"@type\":\"WebSite\",\"@id\":\"https:\/\/legitgrams.com\/#website\",\"url\":\"https:\/\/legitgrams.com\/\",\"name\":\"Legit Grams\",\"description\":\"My WordPress Blog\",\"publisher\":{\"@id\":\"https:\/\/legitgrams.com\/#organization\"},\"potentialAction\":[{\"@type\":\"SearchAction\",\"target\":{\"@type\":\"EntryPoint\",\"urlTemplate\":\"https:\/\/legitgrams.com\/?s={search_term_string}\"},\"query-input\":{\"@type\":\"PropertyValueSpecification\",\"valueRequired\":true,\"valueName\":\"search_term_string\"}}],\"inLanguage\":\"pt-PT\"},{\"@type\":\"Organization\",\"@id\":\"https:\/\/legitgrams.com\/#organization\",\"name\":\"Legit Grams\",\"url\":\"https:\/\/legitgrams.com\/\",\"logo\":{\"@type\":\"ImageObject\",\"inLanguage\":\"pt-PT\",\"@id\":\"https:\/\/legitgrams.com\/#\/schema\/logo\/image\/\",\"url\":\"https:\/\/legitgrams.com\/wp-content\/uploads\/2024\/09\/main-logo.png\",\"contentUrl\":\"https:\/\/legitgrams.com\/wp-content\/uploads\/2024\/09\/main-logo.png\",\"width\":270,\"height\":75,\"caption\":\"Legit Grams\"},\"image\":{\"@id\":\"https:\/\/legitgrams.com\/#\/schema\/logo\/image\/\"}}]}<\/script>\n<!-- \/ Yoast SEO plugin. -->","yoast_head_json":{"title":"Pump It Sal de Banho para Venda - Comprar Pump It Sal de Banho Online","description":"Est\u00e1 \u00e0 procura de uma fonte fi\u00e1vel para comprar sal de banho pump it online? A sua pesquisa termina aqui. Encomende o sal de banho pump it online na nossa loja de confian\u00e7a e desfrute de um processo de compra sem problemas, adaptado \u00e0s suas necessidades de pesquisa.","robots":{"index":"index","follow":"follow","max-snippet":"max-snippet:-1","max-image-preview":"max-image-preview:large","max-video-preview":"max-video-preview:-1"},"canonical":"https:\/\/legitgrams.com\/pt\/produto\/sal-de-banho-pump-it\/","og_locale":"pt_PT","og_type":"article","og_title":"Pump It Bath Salt for Sale - Buy Pump It Bath Salt Online","og_description":"Looking for a reliable source to buy pump it bath salt online? Your search ends here. Order pump it bath salt online from our trusted store and enjoy a seamless buying process tailored for your research needs.","og_url":"https:\/\/legitgrams.com\/pt\/produto\/sal-de-banho-pump-it\/","og_site_name":"Legit Grams","article_modified_time":"2025-01-14T10:48:58+00:00","og_image":[{"width":600,"height":600,"url":"https:\/\/legitgrams.com\/wp-content\/uploads\/2024\/09\/buy-pump-it-bath-salt-online.jpg","type":"image\/jpeg"}],"twitter_card":"summary_large_image","twitter_misc":{"Tempo estimado de leitura":"2 minutos"},"schema":{"@context":"https:\/\/schema.org","@graph":[{"@type":"WebPage","@id":"https:\/\/legitgrams.com\/product\/pump-it-bath-salt\/","url":"https:\/\/legitgrams.com\/product\/pump-it-bath-salt\/","name":"Pump It Sal de Banho para Venda - Comprar Pump It Sal de Banho Online","isPartOf":{"@id":"https:\/\/legitgrams.com\/#website"},"primaryImageOfPage":{"@id":"https:\/\/legitgrams.com\/product\/pump-it-bath-salt\/#primaryimage"},"image":{"@id":"https:\/\/legitgrams.com\/product\/pump-it-bath-salt\/#primaryimage"},"thumbnailUrl":"https:\/\/legitgrams.com\/wp-content\/uploads\/2024\/09\/buy-pump-it-bath-salt-online.jpg","datePublished":"2024-09-22T06:42:05+00:00","dateModified":"2025-01-14T10:48:58+00:00","description":"Est\u00e1 \u00e0 procura de uma fonte fi\u00e1vel para comprar sal de banho pump it online? A sua pesquisa termina aqui. Encomende o sal de banho pump it online na nossa loja de confian\u00e7a e desfrute de um processo de compra sem problemas, adaptado \u00e0s suas necessidades de pesquisa.","breadcrumb":{"@id":"https:\/\/legitgrams.com\/product\/pump-it-bath-salt\/#breadcrumb"},"inLanguage":"pt-PT","potentialAction":[{"@type":"ReadAction","target":["https:\/\/legitgrams.com\/product\/pump-it-bath-salt\/"]}]},{"@type":"ImageObject","inLanguage":"pt-PT","@id":"https:\/\/legitgrams.com\/product\/pump-it-bath-salt\/#primaryimage","url":"https:\/\/legitgrams.com\/wp-content\/uploads\/2024\/09\/buy-pump-it-bath-salt-online.jpg","contentUrl":"https:\/\/legitgrams.com\/wp-content\/uploads\/2024\/09\/buy-pump-it-bath-salt-online.jpg","width":600,"height":600,"caption":"Pump It Bath Salt for Sale"},{"@type":"BreadcrumbList","@id":"https:\/\/legitgrams.com\/product\/pump-it-bath-salt\/#breadcrumb","itemListElement":[{"@type":"ListItem","position":1,"name":"Home","item":"https:\/\/legitgrams.com\/"},{"@type":"ListItem","position":2,"name":"Shop","item":"https:\/\/legitgrams.com\/shop\/"},{"@type":"ListItem","position":3,"name":"Pump It Bath Salt"}]},{"@type":"WebSite","@id":"https:\/\/legitgrams.com\/#website","url":"https:\/\/legitgrams.com\/","name":"Gramas leg\u00edtimas","description":"O meu blogue WordPress","publisher":{"@id":"https:\/\/legitgrams.com\/#organization"},"potentialAction":[{"@type":"SearchAction","target":{"@type":"EntryPoint","urlTemplate":"https:\/\/legitgrams.com\/?s={search_term_string}"},"query-input":{"@type":"PropertyValueSpecification","valueRequired":true,"valueName":"search_term_string"}}],"inLanguage":"pt-PT"},{"@type":"Organization","@id":"https:\/\/legitgrams.com\/#organization","name":"Gramas leg\u00edtimas","url":"https:\/\/legitgrams.com\/","logo":{"@type":"ImageObject","inLanguage":"pt-PT","@id":"https:\/\/legitgrams.com\/#\/schema\/logo\/image\/","url":"https:\/\/legitgrams.com\/wp-content\/uploads\/2024\/09\/main-logo.png","contentUrl":"https:\/\/legitgrams.com\/wp-content\/uploads\/2024\/09\/main-logo.png","width":270,"height":75,"caption":"Legit Grams"},"image":{"@id":"https:\/\/legitgrams.com\/#\/schema\/logo\/image\/"}}]}},"uagb_featured_image_src":{"full":["https:\/\/legitgrams.com\/wp-content\/uploads\/2024\/09\/buy-pump-it-bath-salt-online.jpg",600,600,false],"thumbnail":["https:\/\/legitgrams.com\/wp-content\/uploads\/2024\/09\/buy-pump-it-bath-salt-online-150x150.jpg",150,150,true],"medium":["https:\/\/legitgrams.com\/wp-content\/uploads\/2024\/09\/buy-pump-it-bath-salt-online-300x300.jpg",300,300,true],"medium_large":["https:\/\/legitgrams.com\/wp-content\/uploads\/2024\/09\/buy-pump-it-bath-salt-online.jpg",600,600,false],"large":["https:\/\/legitgrams.com\/wp-content\/uploads\/2024\/09\/buy-pump-it-bath-salt-online.jpg",600,600,false],"1536x1536":["https:\/\/legitgrams.com\/wp-content\/uploads\/2024\/09\/buy-pump-it-bath-salt-online.jpg",600,600,false],"2048x2048":["https:\/\/legitgrams.com\/wp-content\/uploads\/2024\/09\/buy-pump-it-bath-salt-online.jpg",600,600,false],"trp-custom-language-flag":["https:\/\/legitgrams.com\/wp-content\/uploads\/2024\/09\/buy-pump-it-bath-salt-online-12x12.jpg",12,12,true],"woocommerce_thumbnail":["https:\/\/legitgrams.com\/wp-content\/uploads\/2024\/09\/buy-pump-it-bath-salt-online-300x300.jpg",300,300,true],"woocommerce_single":["https:\/\/legitgrams.com\/wp-content\/uploads\/2024\/09\/buy-pump-it-bath-salt-online.jpg",600,600,false],"woocommerce_gallery_thumbnail":["https:\/\/legitgrams.com\/wp-content\/uploads\/2024\/09\/buy-pump-it-bath-salt-online-100x100.jpg",100,100,true]},"uagb_author_info":{"display_name":"cokeblog18","author_link":"https:\/\/legitgrams.com\/pt\/author\/"},"uagb_comment_info":1,"uagb_excerpt":"Purchase Pump-It Bath Salt Online: What Is Pump-It Powder? Synthetic drugs called Pump-It powder are sold to take the place of illicit bath salts. Pump-It powder is touted as an enhanced plant vitamin and is available at major retailers and gas stations. It is classified as &#8220;non-human.&#8221; The stimulant impact that the medicine gives its&hellip;","_links":{"self":[{"href":"https:\/\/legitgrams.com\/pt\/wp-json\/wp\/v2\/product\/4224","targetHints":{"allow":["GET"]}}],"collection":[{"href":"https:\/\/legitgrams.com\/pt\/wp-json\/wp\/v2\/product"}],"about":[{"href":"https:\/\/legitgrams.com\/pt\/wp-json\/wp\/v2\/types\/product"}],"replies":[{"embeddable":true,"href":"https:\/\/legitgrams.com\/pt\/wp-json\/wp\/v2\/comments?post=4224"}],"wp:featuredmedia":[{"embeddable":true,"href":"https:\/\/legitgrams.com\/pt\/wp-json\/wp\/v2\/media\/5296"}],"wp:attachment":[{"href":"https:\/\/legitgrams.com\/pt\/wp-json\/wp\/v2\/media?parent=4224"}],"wp:term":[{"taxonomy":"product_brand","embeddable":true,"href":"https:\/\/legitgrams.com\/pt\/wp-json\/wp\/v2\/product_brand?post=4224"},{"taxonomy":"product_cat","embeddable":true,"href":"https:\/\/legitgrams.com\/pt\/wp-json\/wp\/v2\/product_cat?post=4224"},{"taxonomy":"product_tag","embeddable":true,"href":"https:\/\/legitgrams.com\/pt\/wp-json\/wp\/v2\/product_tag?post=4224"}],"curies":[{"name":"wp","href":"https:\/\/api.w.org\/{rel}","templated":true}]}}