{"id":4226,"date":"2024-09-22T06:41:05","date_gmt":"2024-09-22T06:41:05","guid":{"rendered":"https:\/\/legitgrams.com\/?post_type=product&#038;p=4226"},"modified":"2025-04-03T08:58:31","modified_gmt":"2025-04-03T08:58:31","slug":"metizolam-em-po","status":"publish","type":"product","link":"https:\/\/legitgrams.com\/pt\/produto\/metizolam-em-po\/","title":{"rendered":"Comprar Metizolam Powder Online"},"content":{"rendered":"<h2>Compre Metizolam em p\u00f3 online<\/h2>\n<p>API, ingredientes farmac\u00eauticos ativos, intermedi\u00e1rios, DMF, FDA, Arquivos Mestres de Medicamentos dos EUA, documenta\u00e7\u00e3o e certifica\u00e7\u00e3o para p\u00f3 de etizolam s\u00e3o todos produzidos e fornecidos globalmente pela Dandy Drugs. Oferecemos a compra de fontes de primeira linha com os respectivos pacotes t\u00e9cnicos, de acordo com os padr\u00f5es de comercializa\u00e7\u00e3o ou RND\/Desenvolvimento. Distribuidor de etizolam da China. Fabricantes de etizolam. Compra de p\u00f3 de etizolam. Fornecedores de p\u00f3 de etizolam. <a href=\"https:\/\/www.bing.com\/search?q=CompreMetizolamemponline&amp;qs=n&amp;form=QBRE&amp;sp=-1&amp;lq=0&amp;pq=compremetizolamemponline&amp;sc=0-29&amp;sk=&amp;cvid=E80D29B31FEB45E78451CD356BC92FF7&amp;ghsh=0&amp;ghacc=0&amp;ghpl=\">powdered Metizolam in bulk<\/a>.<\/p>\n<p>Nossos produtos s\u00e3o um ingrediente farmac\u00eautico ativo utilizado na ind\u00fastria farmac\u00eautica e s\u00e3o fabricados em uma instala\u00e7\u00e3o que est\u00e1 em conformidade com as normas cGMP. Para mais detalhes, incluindo o status DMF atual do produto, entre em contato conosco. Estamos ansiosos para trabalhar com voc\u00ea em projetos de pesquisa e desenvolvimento.<\/p>\n<p><a href=\"https:\/\/www.google.com\/search?q=Compre+Metizolam+em+p+online&amp;sca_esv=eddefdb7b92e7545&amp;sxsrf=AHTn8zrIbN7f8JJ0flvGChTVijs_83CpoA1743671541076&amp;ei=9VDuZ86wBLXZ0PEP0Kv5mAc&amp;ved=0ahUKEwiO_73WwruMAxW1LDQIHdBVHnMQ4dUDCBA&amp;uact=5&amp;oq=Compre+Metizolam+em+p+online&amp;gs_lp=Egxnd3Mtd2l6LXNlcnAiHkNvbXByZSBNZXRpem9sYW0gZW0gcMOzIG9ubGluZTIHECEYoAEYCjIHECEYoAEYCjIHECEYoAEYCjIHECEYoAEYCjIHECEYoAEYCkjNBFAAWABwAHgAkAEAmAGPA6ABjwOqAQMzLTG4AQPIAQD4AQL4AQGYAgGgApQDmAMAkgcDNC0xoAenBrIHAzQtMbgHlAM&amp;sclient=gws-wiz-serp\">Metizolam<\/a> \u00e9 um an\u00e1logo de benzodiazepina que \u00e9 comercializado sob o nome etizolam, tamb\u00e9m conhecido como metilaam, metizola, Sedekopan, <a href=\"https:\/\/duckduckgo.com\/?q=Compre+Metizolam+em+p+online&amp;t=h_\">metizest<\/a>, Pasaden, ou Depas, \u00e9 um an\u00e1logo de benzodiazepina. Uma benzodiazepina n\u00e3o \u00e9 a mesma coisa que esta subst\u00e2ncia. Como o anel triazol se fundiu e o anel tiofeno substituiu o anel benzeno, o medicamento agora \u00e9 uma tienotriazolodiazepina. Ele cont\u00e9m propriedades relaxantes musculares esquel\u00e9ticas, hipn\u00f3ticas, sedativas, anticonvulsivantes, amn\u00e9sicas e ansiol\u00edticas.<\/p>\n<h3>Por que n\u00f3s?s<\/h3>\n<p>Uma fonte confi\u00e1vel Ap\u00f3s a produ\u00e7\u00e3o e os testes para garantir a rastreabilidade da medi\u00e7\u00e3o, os materiais que atendem aos padr\u00f5es ISO17025 e Guia 34 s\u00e3o examinados em equipamentos certificados usando m\u00e9todos anal\u00edticos autorizados. produto que foi criado com aplica\u00e7\u00f5es forenses e de pesquisa em mente.<\/p>\n<p>Dandy Drugs \u00e9 uma empresa farmac\u00eautica indiana que tem conex\u00f5es diretas com fornecedores chineses e outras empresas da \u00cdndia. N\u00f3s fornecemos apenas os melhores produtos para nossos clientes. a mesma coisa que nos acostumamos quando fazemos uma compra.<\/p>\n<p>Cada produto \u00e9 da mais alta qualidade, e pedimos a todos os clientes que GC\/MS suas compras para garantir precis\u00e3o e autenticidade. A satisfa\u00e7\u00e3o dos nossos clientes e garantir que eles recebam o que foi prometido s\u00e3o nossas principais prioridades.<\/p>\n<p>A sobreviv\u00eancia do nosso <a href=\"https:\/\/legitgrams.com\/pt\/\">company<\/a> depende da nossa capacidade de concluir a sua transa\u00e7\u00e3o de forma completa e dentro do prazo, sempre. Nosso objetivo \u00e9 sempre resolver problemas e oferecer a voc\u00ea a melhor qualidade pelo pre\u00e7o mais acess\u00edvel.<\/p>\n<p>A sobreviv\u00eancia da nossa empresa depende da nossa capacidade de concluir sua transa\u00e7\u00e3o completamente e no prazo todas as vezes. Nosso objetivo \u00e9 sempre resolver problemas e fornecer a voc\u00ea a melhor qualidade pelo pre\u00e7o mais acess\u00edvel.<\/p>\n<p>As soon as your product ships, you will obtain tracking numbers so you can keep tabs on its progress. <a href=\"https:\/\/legitgrams.com\/pt\/produto\/metizolam-em-po\/\">Acquire etizolam powder<\/a> O melhor lugar para comprar p\u00f3 de etizolam online, bem como diferentes an\u00e1logos de p\u00f3 de etizolam, \u00e9 a Dandy Drugs, caso voc\u00ea esteja procurando. O p\u00f3 de etizolam pode ser encomendado de forma conveniente e segura pelo correio. Oferecemos um marketplace online f\u00e1cil de usar, onde voc\u00ea pode obter p\u00f3 de etizolam barato a pre\u00e7os de atacado de fornecedores e fabricantes na China e na \u00cdndia. Somos especialistas em enviar produtos discretamente e secretamente para os Estados Unidos, Canad\u00e1, Reino Unido, Austr\u00e1lia e outros pa\u00edses. Certifique-se de compreender as aplica\u00e7\u00f5es, os efeitos adversos e as potenciais repercuss\u00f5es legais da compra de etizolam antes de fazer um pedido de p\u00f3 online em seu estado sem receita m\u00e9dica. Temos uma s\u00f3lida reputa\u00e7\u00e3o como fornecedor de produtos qu\u00edmicos para pesquisa. Chat ao vivo dispon\u00edvel 24 horas por dia, 7 dias por semana. Se tiver d\u00favidas sobre algo, tire suas d\u00favidas. Existem in\u00fameras op\u00e7\u00f5es de pagamento para atender \u00e0s suas necessidades.<\/p>\n<h3>Encomendar metizolam em p\u00f3 online.<\/h3>\n<p>O etizolam, tamb\u00e9m conhecido por Desmetiletizolam, \u00e9 um f\u00e1rmaco psicoativo e depressivo da classe qu\u00edmica das tieno diazepinas sint\u00e9ticas. Diz-se que proporciona efeitos semelhantes aos do etizolam, tais como desinibi\u00e7\u00e3o, sonol\u00eancia, oculta\u00e7\u00e3o da mem\u00f3ria, oculta\u00e7\u00e3o do desagrado e repouso muscular. Em compara\u00e7\u00e3o com o etizolam, tem metade da intensidade e uma semi-vida 60% mais longa.<\/p>\n<p>Metizolam was granted a prescription by a Japanese organization in 1995 to treat anxiety. Apart from that, no human use is known to have occurred until September 2015, when internet retailers delivered it as an unclear situation study material.<\/p>\n<p>Um membro b\u00e1sico da fam\u00edlia das benzodiazepinas \u00e9 o etizolam. O etizolam, tamb\u00e9m conhecido como Depas, Etizolam e Etilaam, \u00e9 um membro b\u00e1sico da fam\u00edlia das benzodiazepinas que \u00e9 habitualmente comercializado. Embora n\u00e3o se saiba muito sobre este material de investiga\u00e7\u00e3o, v\u00e1rios estudos sugerem que possui qualidades calmantes, relaxantes do m\u00fasculo esquel\u00e9tico, sedutoras, ansiol\u00edticas e anticonvulsivas.<\/p>\n<p>O etizolam est\u00e1 prontamente dispon\u00edvel para compra online sob a forma de comprimidos, c\u00e1psulas e p\u00f3. Dado que pode ser facilmente comprado online por menos dinheiro, tem um grande potencial para uso severo em vez de benzodiazepinas prescritas. A partir de agora, a escrita l\u00f3gica requer uma compreens\u00e3o fundamental do metizolam, como a sua investiga\u00e7\u00e3o precisa e a forma como a droga se dispersa e \u00e9 metabolizada no corpo. Embora os grupos de droga tenham acumulado esta subst\u00e2ncia, atualmente s\u00f3 tem estatuto legal no Reino Unido, Su\u00e9cia e Canad\u00e1, onde \u00e9 ilegal produzir ou fornecer esta droga. <a href=\"https:\/\/legitgrams.com\/pt\/\">LegitGrams<\/a><\/p>\n<p>O etizolam foi inicialmente promovido por uma empresa japonesa como um rival dos medicamentos para o al\u00edvio da ansiedade, mas n\u00e3o se sabe muito sobre esta subst\u00e2ncia de investiga\u00e7\u00e3o. Apesar disso, alguns estudos cl\u00ednicos apoiam a ideia de que a metanfetamina funciona como relaxante muscular, narc\u00f3tico e depressivo.<\/p>\n<p>Um anel de tiofeno \u00e9 entrela\u00e7ado com um anel de diazepina para formar <a href=\"https:\/\/en.wikipedia.org\/wiki\/Metizolamhttps:\/\/en.wikipedia.org\/wiki\/Metizolam\">metizolam<\/a>. Embora o seu anel de triazol n\u00e3o contenha atualmente uma base de metilo, que \u00e9 como difere essencialmente do seu composto percebido etizolam, ambos t\u00eam uma forma b\u00e1sica semelhante, sugerindo que o metizolam tem uma capacidade semelhante para influenciar o desempenho intelectual, para al\u00e9m de ajudar os doentes com priva\u00e7\u00e3o de sono. Para determinar a resposta exacta, os especialistas e investigadores devem analisar o papel do Metizolam na falta do oposto do sono. Os laborat\u00f3rios de exame devem comprar online p\u00f3s de cadeia de alta qualidade em sites que consideram fornecedores de compostos para obter suas subst\u00e2ncias sint\u00e9ticas premium rid\u00edculas, metizolam e etizolam. Isto poderia ajud\u00e1-los a determinar a adequa\u00e7\u00e3o, bem como a compreender como as duas misturas afectam aqueles que est\u00e3o privados de sono.<\/p>\n<p>Comprar Metizolam Powder Online - Comprar Powder, Comprar Metizolam Powder USA, Comprar Metizolam Powder Online USA, Metizolam Powder para venda, Comprar Metizolam Powder perto de mim, Comprar Metizolam Powder Online, Comprar Metizolam Powder Online, Comprar Metizolam Powder Online, EUA, Canad\u00e1, Reino Unido, Compra, Online, Fornecedores, Entrega segura, Ainda h\u00e1 Metizolam Powder dispon\u00edvel. O Metizolam em p\u00f3 \u00e9 permitido nos EUA, onde comprar Metizolam em p\u00f3, como fazer um pedido de Metizolam em p\u00f3 e se \u00e9 permitido no Canad\u00e1.<\/p>","protected":false},"excerpt":{"rendered":"<p>Purchase Powdered Metizolam Online API, active pharmaceutical ingredients, intermediates, DMF, FDA, US Drug Master Files, documentation, and certification for etizolam powder are all produced and supplied globally by Dandy Drugs. We offer to purchase top-notch sources with corresponding technical packages in accordance with commercialization or RND\/Development standards. Etizolam distributor from China. manufacturers of etizolam. Purchase &hellip;<\/p>\n<p class=\"read-more\"> <a class=\"\" href=\"https:\/\/legitgrams.com\/pt\/produto\/metizolam-em-po\/\"> <span class=\"screen-reader-text\">Comprar Metizolam Powder Online<\/span> Ler mais \"<\/a><\/p>","protected":false},"featured_media":5291,"comment_status":"open","ping_status":"closed","template":"","meta":{"_uag_custom_page_level_css":"","site-sidebar-layout":"default","site-content-layout":"default","ast-global-header-display":"","ast-main-header-display":"","ast-hfb-above-header-display":"","ast-hfb-below-header-display":"","ast-hfb-mobile-header-display":"","site-post-title":"","ast-breadcrumbs-content":"","ast-featured-img":"","footer-sml-layout":"","theme-transparent-header-meta":"default","adv-header-id-meta":"","stick-header-meta":"default","header-above-stick-meta":"","header-main-stick-meta":"","header-below-stick-meta":"","_joinchat":[]},"product_brand":[],"product_cat":[600],"product_tag":[1819,1809,617,1801,1816,1813,1808,1800,1803,1811,1804,1802,1814,1821,1822,1820,1812,1817,1806,1818,1815,625,1807,1810,1805],"class_list":{"0":"post-4226","1":"product","2":"type-product","3":"status-publish","4":"has-post-thumbnail","6":"product_cat-research-chemicals-and-bath-salt","7":"product_tag-best-cheap-price-metizolam-powder","8":"product_tag-best-place-to-buy-metizolam-powder","9":"product_tag-bulk-online","10":"product_tag-buy-metizolam-powder","11":"product_tag-cheap-metizolam-powder","12":"product_tag-high-quality-metizolam-powder","13":"product_tag-how-to-buy-metizolam-powder","14":"product_tag-metizolam-powder","15":"product_tag-metizolam-powder-for-sale","16":"product_tag-metizolam-powder-legally","17":"product_tag-metizolam-powder-metizolam-powder-supplier","18":"product_tag-metizolam-powder-online","19":"product_tag-metizolam-powder-store","20":"product_tag-metizolam-powder-use","21":"product_tag-metizolam-powder-wiki","22":"product_tag-metizolam-powder-worldwide","23":"product_tag-metizolam-powderprice","24":"product_tag-metizolam-powders","25":"product_tag-order-metizolam-powder","26":"product_tag-purcharse-metizolam-powder","27":"product_tag-shop-metizolam-powder","28":"product_tag-top-quality","29":"product_tag-where-to-buy-metizolam-powder","30":"product_tag-where-to-order-metizolam-powder","31":"product_tag-wholesale-metizolam-powder","32":"desktop-align-left","33":"tablet-align-left","34":"mobile-align-left","35":"ast-product-gallery-layout-horizontal","36":"ast-product-gallery-with-no-image","37":"ast-product-single-variable","38":"ast-product-tabs-layout-horizontal","39":"ast-qv-on-image","41":"first","42":"instock","43":"shipping-taxable","44":"purchasable","45":"product-type-variable"},"yoast_head":"<!-- This site is optimized with the Yoast SEO plugin v25.9 - https:\/\/yoast.com\/wordpress\/plugins\/seo\/ -->\n<title>Metizolam Powder for Sale - Buy Metizolam Powder Online | LG<\/title>\n<meta name=\"description\" content=\"Looking to buy Metizolam Powder online at a reasonable price? Visit our reputable Legitgrams online store and get Metizolam Powder for sale today. Place an order now!\" \/>\n<meta name=\"robots\" content=\"index, follow, max-snippet:-1, max-image-preview:large, max-video-preview:-1\" \/>\n<link rel=\"canonical\" href=\"https:\/\/legitgrams.com\/pt\/produto\/metizolam-em-po\/\" \/>\n<meta property=\"og:locale\" content=\"pt_PT\" \/>\n<meta property=\"og:type\" content=\"article\" \/>\n<meta property=\"og:title\" content=\"Metizolam Powder for Sale - Buy Metizolam Powder Online | LG\" \/>\n<meta property=\"og:description\" content=\"Looking to buy Metizolam Powder online at a reasonable price? Visit our reputable Legitgrams online store and get Metizolam Powder for sale today. Place an order now!\" \/>\n<meta property=\"og:url\" content=\"https:\/\/legitgrams.com\/pt\/produto\/metizolam-em-po\/\" \/>\n<meta property=\"og:site_name\" content=\"Legit Grams\" \/>\n<meta property=\"article:modified_time\" content=\"2025-04-03T08:58:31+00:00\" \/>\n<meta property=\"og:image\" content=\"https:\/\/legitgrams.com\/wp-content\/uploads\/2024\/09\/buy-metizolam-powder-online-1.jpg\" \/>\n\t<meta property=\"og:image:width\" content=\"600\" \/>\n\t<meta property=\"og:image:height\" content=\"600\" \/>\n\t<meta property=\"og:image:type\" content=\"image\/jpeg\" \/>\n<meta name=\"twitter:card\" content=\"summary_large_image\" \/>\n<meta name=\"twitter:label1\" content=\"Tempo estimado de leitura\" \/>\n\t<meta name=\"twitter:data1\" content=\"5 minutos\" \/>\n<script type=\"application\/ld+json\" class=\"yoast-schema-graph\">{\"@context\":\"https:\/\/schema.org\",\"@graph\":[{\"@type\":\"WebPage\",\"@id\":\"https:\/\/legitgrams.com\/product\/metizolam-powder\/\",\"url\":\"https:\/\/legitgrams.com\/product\/metizolam-powder\/\",\"name\":\"Metizolam Powder for Sale - Buy Metizolam Powder Online | LG\",\"isPartOf\":{\"@id\":\"https:\/\/legitgrams.com\/#website\"},\"primaryImageOfPage\":{\"@id\":\"https:\/\/legitgrams.com\/product\/metizolam-powder\/#primaryimage\"},\"image\":{\"@id\":\"https:\/\/legitgrams.com\/product\/metizolam-powder\/#primaryimage\"},\"thumbnailUrl\":\"https:\/\/legitgrams.com\/wp-content\/uploads\/2024\/09\/buy-metizolam-powder-online-1.jpg\",\"datePublished\":\"2024-09-22T06:41:05+00:00\",\"dateModified\":\"2025-04-03T08:58:31+00:00\",\"description\":\"Looking to buy Metizolam Powder online at a reasonable price? Visit our reputable Legitgrams online store and get Metizolam Powder for sale today. Place an order now!\",\"breadcrumb\":{\"@id\":\"https:\/\/legitgrams.com\/product\/metizolam-powder\/#breadcrumb\"},\"inLanguage\":\"pt-PT\",\"potentialAction\":[{\"@type\":\"ReadAction\",\"target\":[\"https:\/\/legitgrams.com\/product\/metizolam-powder\/\"]}]},{\"@type\":\"ImageObject\",\"inLanguage\":\"pt-PT\",\"@id\":\"https:\/\/legitgrams.com\/product\/metizolam-powder\/#primaryimage\",\"url\":\"https:\/\/legitgrams.com\/wp-content\/uploads\/2024\/09\/buy-metizolam-powder-online-1.jpg\",\"contentUrl\":\"https:\/\/legitgrams.com\/wp-content\/uploads\/2024\/09\/buy-metizolam-powder-online-1.jpg\",\"width\":600,\"height\":600,\"caption\":\"Metizolam Powder for Sale\"},{\"@type\":\"BreadcrumbList\",\"@id\":\"https:\/\/legitgrams.com\/product\/metizolam-powder\/#breadcrumb\",\"itemListElement\":[{\"@type\":\"ListItem\",\"position\":1,\"name\":\"Home\",\"item\":\"https:\/\/legitgrams.com\/\"},{\"@type\":\"ListItem\",\"position\":2,\"name\":\"Shop\",\"item\":\"https:\/\/legitgrams.com\/shop\/\"},{\"@type\":\"ListItem\",\"position\":3,\"name\":\"Buy Metizolam Powder Online\"}]},{\"@type\":\"WebSite\",\"@id\":\"https:\/\/legitgrams.com\/#website\",\"url\":\"https:\/\/legitgrams.com\/\",\"name\":\"Legit Grams\",\"description\":\"My WordPress Blog\",\"publisher\":{\"@id\":\"https:\/\/legitgrams.com\/#organization\"},\"potentialAction\":[{\"@type\":\"SearchAction\",\"target\":{\"@type\":\"EntryPoint\",\"urlTemplate\":\"https:\/\/legitgrams.com\/?s={search_term_string}\"},\"query-input\":{\"@type\":\"PropertyValueSpecification\",\"valueRequired\":true,\"valueName\":\"search_term_string\"}}],\"inLanguage\":\"pt-PT\"},{\"@type\":\"Organization\",\"@id\":\"https:\/\/legitgrams.com\/#organization\",\"name\":\"Legit Grams\",\"url\":\"https:\/\/legitgrams.com\/\",\"logo\":{\"@type\":\"ImageObject\",\"inLanguage\":\"pt-PT\",\"@id\":\"https:\/\/legitgrams.com\/#\/schema\/logo\/image\/\",\"url\":\"https:\/\/legitgrams.com\/wp-content\/uploads\/2024\/09\/main-logo.png\",\"contentUrl\":\"https:\/\/legitgrams.com\/wp-content\/uploads\/2024\/09\/main-logo.png\",\"width\":270,\"height\":75,\"caption\":\"Legit Grams\"},\"image\":{\"@id\":\"https:\/\/legitgrams.com\/#\/schema\/logo\/image\/\"}}]}<\/script>\n<!-- \/ Yoast SEO plugin. -->","yoast_head_json":{"title":"Metizolam Powder for Sale - Comprar Metizolam Powder Online | LG","description":"Procurando comprar Metizolam Powder online a um pre\u00e7o razo\u00e1vel? Visite nossa respeit\u00e1vel loja online Legitgrams e obtenha Metizolam Powder para venda hoje. Fa\u00e7a uma encomenda agora!","robots":{"index":"index","follow":"follow","max-snippet":"max-snippet:-1","max-image-preview":"max-image-preview:large","max-video-preview":"max-video-preview:-1"},"canonical":"https:\/\/legitgrams.com\/pt\/produto\/metizolam-em-po\/","og_locale":"pt_PT","og_type":"article","og_title":"Metizolam Powder for Sale - Buy Metizolam Powder Online | LG","og_description":"Looking to buy Metizolam Powder online at a reasonable price? Visit our reputable Legitgrams online store and get Metizolam Powder for sale today. Place an order now!","og_url":"https:\/\/legitgrams.com\/pt\/produto\/metizolam-em-po\/","og_site_name":"Legit Grams","article_modified_time":"2025-04-03T08:58:31+00:00","og_image":[{"width":600,"height":600,"url":"https:\/\/legitgrams.com\/wp-content\/uploads\/2024\/09\/buy-metizolam-powder-online-1.jpg","type":"image\/jpeg"}],"twitter_card":"summary_large_image","twitter_misc":{"Tempo estimado de leitura":"5 minutos"},"schema":{"@context":"https:\/\/schema.org","@graph":[{"@type":"WebPage","@id":"https:\/\/legitgrams.com\/product\/metizolam-powder\/","url":"https:\/\/legitgrams.com\/product\/metizolam-powder\/","name":"Metizolam Powder for Sale - Comprar Metizolam Powder Online | LG","isPartOf":{"@id":"https:\/\/legitgrams.com\/#website"},"primaryImageOfPage":{"@id":"https:\/\/legitgrams.com\/product\/metizolam-powder\/#primaryimage"},"image":{"@id":"https:\/\/legitgrams.com\/product\/metizolam-powder\/#primaryimage"},"thumbnailUrl":"https:\/\/legitgrams.com\/wp-content\/uploads\/2024\/09\/buy-metizolam-powder-online-1.jpg","datePublished":"2024-09-22T06:41:05+00:00","dateModified":"2025-04-03T08:58:31+00:00","description":"Procurando comprar Metizolam Powder online a um pre\u00e7o razo\u00e1vel? Visite nossa respeit\u00e1vel loja online Legitgrams e obtenha Metizolam Powder para venda hoje. Fa\u00e7a uma encomenda agora!","breadcrumb":{"@id":"https:\/\/legitgrams.com\/product\/metizolam-powder\/#breadcrumb"},"inLanguage":"pt-PT","potentialAction":[{"@type":"ReadAction","target":["https:\/\/legitgrams.com\/product\/metizolam-powder\/"]}]},{"@type":"ImageObject","inLanguage":"pt-PT","@id":"https:\/\/legitgrams.com\/product\/metizolam-powder\/#primaryimage","url":"https:\/\/legitgrams.com\/wp-content\/uploads\/2024\/09\/buy-metizolam-powder-online-1.jpg","contentUrl":"https:\/\/legitgrams.com\/wp-content\/uploads\/2024\/09\/buy-metizolam-powder-online-1.jpg","width":600,"height":600,"caption":"Metizolam Powder for Sale"},{"@type":"BreadcrumbList","@id":"https:\/\/legitgrams.com\/product\/metizolam-powder\/#breadcrumb","itemListElement":[{"@type":"ListItem","position":1,"name":"Home","item":"https:\/\/legitgrams.com\/"},{"@type":"ListItem","position":2,"name":"Shop","item":"https:\/\/legitgrams.com\/shop\/"},{"@type":"ListItem","position":3,"name":"Buy Metizolam Powder Online"}]},{"@type":"WebSite","@id":"https:\/\/legitgrams.com\/#website","url":"https:\/\/legitgrams.com\/","name":"Gramas leg\u00edtimas","description":"O meu blogue WordPress","publisher":{"@id":"https:\/\/legitgrams.com\/#organization"},"potentialAction":[{"@type":"SearchAction","target":{"@type":"EntryPoint","urlTemplate":"https:\/\/legitgrams.com\/?s={search_term_string}"},"query-input":{"@type":"PropertyValueSpecification","valueRequired":true,"valueName":"search_term_string"}}],"inLanguage":"pt-PT"},{"@type":"Organization","@id":"https:\/\/legitgrams.com\/#organization","name":"Gramas leg\u00edtimas","url":"https:\/\/legitgrams.com\/","logo":{"@type":"ImageObject","inLanguage":"pt-PT","@id":"https:\/\/legitgrams.com\/#\/schema\/logo\/image\/","url":"https:\/\/legitgrams.com\/wp-content\/uploads\/2024\/09\/main-logo.png","contentUrl":"https:\/\/legitgrams.com\/wp-content\/uploads\/2024\/09\/main-logo.png","width":270,"height":75,"caption":"Legit Grams"},"image":{"@id":"https:\/\/legitgrams.com\/#\/schema\/logo\/image\/"}}]}},"uagb_featured_image_src":{"full":["https:\/\/legitgrams.com\/wp-content\/uploads\/2024\/09\/buy-metizolam-powder-online-1.jpg",600,600,false],"thumbnail":["https:\/\/legitgrams.com\/wp-content\/uploads\/2024\/09\/buy-metizolam-powder-online-1-150x150.jpg",150,150,true],"medium":["https:\/\/legitgrams.com\/wp-content\/uploads\/2024\/09\/buy-metizolam-powder-online-1-300x300.jpg",300,300,true],"medium_large":["https:\/\/legitgrams.com\/wp-content\/uploads\/2024\/09\/buy-metizolam-powder-online-1.jpg",600,600,false],"large":["https:\/\/legitgrams.com\/wp-content\/uploads\/2024\/09\/buy-metizolam-powder-online-1.jpg",600,600,false],"1536x1536":["https:\/\/legitgrams.com\/wp-content\/uploads\/2024\/09\/buy-metizolam-powder-online-1.jpg",600,600,false],"2048x2048":["https:\/\/legitgrams.com\/wp-content\/uploads\/2024\/09\/buy-metizolam-powder-online-1.jpg",600,600,false],"trp-custom-language-flag":["https:\/\/legitgrams.com\/wp-content\/uploads\/2024\/09\/buy-metizolam-powder-online-1-12x12.jpg",12,12,true],"woocommerce_thumbnail":["https:\/\/legitgrams.com\/wp-content\/uploads\/2024\/09\/buy-metizolam-powder-online-1-300x300.jpg",300,300,true],"woocommerce_single":["https:\/\/legitgrams.com\/wp-content\/uploads\/2024\/09\/buy-metizolam-powder-online-1.jpg",600,600,false],"woocommerce_gallery_thumbnail":["https:\/\/legitgrams.com\/wp-content\/uploads\/2024\/09\/buy-metizolam-powder-online-1-100x100.jpg",100,100,true]},"uagb_author_info":{"display_name":"cokeblog18","author_link":"https:\/\/legitgrams.com\/pt\/author\/"},"uagb_comment_info":0,"uagb_excerpt":"Purchase Powdered Metizolam Online API, active pharmaceutical ingredients, intermediates, DMF, FDA, US Drug Master Files, documentation, and certification for etizolam powder are all produced and supplied globally by Dandy Drugs. We offer to purchase top-notch sources with corresponding technical packages in accordance with commercialization or RND\/Development standards. Etizolam distributor from China. manufacturers of etizolam. Purchase&hellip;","_links":{"self":[{"href":"https:\/\/legitgrams.com\/pt\/wp-json\/wp\/v2\/product\/4226","targetHints":{"allow":["GET"]}}],"collection":[{"href":"https:\/\/legitgrams.com\/pt\/wp-json\/wp\/v2\/product"}],"about":[{"href":"https:\/\/legitgrams.com\/pt\/wp-json\/wp\/v2\/types\/product"}],"replies":[{"embeddable":true,"href":"https:\/\/legitgrams.com\/pt\/wp-json\/wp\/v2\/comments?post=4226"}],"wp:featuredmedia":[{"embeddable":true,"href":"https:\/\/legitgrams.com\/pt\/wp-json\/wp\/v2\/media\/5291"}],"wp:attachment":[{"href":"https:\/\/legitgrams.com\/pt\/wp-json\/wp\/v2\/media?parent=4226"}],"wp:term":[{"taxonomy":"product_brand","embeddable":true,"href":"https:\/\/legitgrams.com\/pt\/wp-json\/wp\/v2\/product_brand?post=4226"},{"taxonomy":"product_cat","embeddable":true,"href":"https:\/\/legitgrams.com\/pt\/wp-json\/wp\/v2\/product_cat?post=4226"},{"taxonomy":"product_tag","embeddable":true,"href":"https:\/\/legitgrams.com\/pt\/wp-json\/wp\/v2\/product_tag?post=4226"}],"curies":[{"name":"wp","href":"https:\/\/api.w.org\/{rel}","templated":true}]}}