{"id":4227,"date":"2024-09-22T06:40:50","date_gmt":"2024-09-22T06:40:50","guid":{"rendered":"https:\/\/legitgrams.com\/?post_type=product&#038;p=4227"},"modified":"2025-01-14T04:14:41","modified_gmt":"2025-01-14T04:14:41","slug":"efenidina-em-po","status":"publish","type":"product","link":"https:\/\/legitgrams.com\/pt\/produto\/efenidina-em-po\/","title":{"rendered":"Efenidina em p\u00f3"},"content":{"rendered":"<h2>Venda de p\u00f3 de efenidina puro e barato<\/h2>\n<p><a href=\"https:\/\/legitgrams.com\/pt\/produto\/efenidina-em-po\/\">Efenidina<\/a>, frequentemente conhecido como NEDPA, \u00e9 uma droga dissociativa relativamente moderna e obscura da classe diaryethylamine. Compre p\u00f3 de efenidina testado e 50 g de efenidina com desconto online.<\/p>\n<p>De structure similaire aux diaryl\u00e9tylamines telles que la diph\u00e9nidine et la m\u00e9thoph\u00e9nidine, l'\u00e9ph\u00e9nidine est un antagoniste du r\u00e9cepteur NMDA.<\/p>\n<p>Pesquisa sobre o tratamento de danos neurot\u00f3xicos em humanos usando efenidina e diariletilamina semelhante <a href=\"https:\/\/legitgrams.com\/pt\/\">LegitGrams<\/a><\/p>\n<p>Comprando Puro Barato <a href=\"https:\/\/en.wikipedia.org\/wiki\/Ephenidine\">Efenidina<\/a> P\u00f3 Online: Comprar P\u00f3 de Efenidina Pura e Barato online, comprar P\u00f3 de Efenidina Pura e Barato nos EUA, onde comprar p\u00f3 de efenidina pura e barato, onde comprar p\u00f3 de efenidina pura e barato para venda, onde comprar p\u00f3 de efenidina pura e barato online perto de mim, onde comprar p\u00f3 de efenidina pura e barato para venda nos EUA, Canad\u00e1 e outros pa\u00edses do Reino Unido; comprar, internet, fornecedores, envio seguro P\u00f3 de efenidina puro e barato ainda pode ser encontrado. Al\u00e9m disso, voc\u00ea pode descobrir se \u00e9 legal no Canad\u00e1, Estados Unidos e como adquirir P\u00f3 de Efenidina Pura e Barato.<\/p>","protected":false},"excerpt":{"rendered":"<p>Sale of Pure Cheap Ephenidine Powder Ephenidine, often known as NEDPA, is a relatively modern and obscure dissociative drug in the diaryethylamine class. Buy tested ephenidine powder and 50 g of ephenidine at a discount online. Similar in structure to diaryletylamines such as diphenidine and metophenidine, ephenidine is an antagonist of the NMDA receptor. Research &hellip;<\/p>\n<p class=\"read-more\"> <a class=\"\" href=\"https:\/\/legitgrams.com\/pt\/produto\/efenidina-em-po\/\"> <span class=\"screen-reader-text\">Efenidina em p\u00f3<\/span> Ler mais \"<\/a><\/p>","protected":false},"featured_media":5298,"comment_status":"open","ping_status":"closed","template":"","meta":{"_uag_custom_page_level_css":"","site-sidebar-layout":"default","site-content-layout":"default","ast-global-header-display":"","ast-main-header-display":"","ast-hfb-above-header-display":"","ast-hfb-below-header-display":"","ast-hfb-mobile-header-display":"","site-post-title":"","ast-breadcrumbs-content":"","ast-featured-img":"","footer-sml-layout":"","theme-transparent-header-meta":"default","adv-header-id-meta":"","stick-header-meta":"default","header-above-stick-meta":"","header-main-stick-meta":"","header-below-stick-meta":"","_joinchat":[]},"product_brand":[],"product_cat":[600],"product_tag":[1842,1832,617,1824,1839,1823,1827,1826,1834,1825,1837,1844,1845,1843,1835,1840,1836,1831,1829,1841,1838,625,1830,1833,1828],"class_list":{"0":"post-4227","1":"product","2":"type-product","3":"status-publish","4":"has-post-thumbnail","6":"product_cat-research-chemicals-and-bath-salt","7":"product_tag-best-cheap-price-ephenidine-powder","8":"product_tag-best-place-to-buy-ephenidine-powder","9":"product_tag-bulk-online","10":"product_tag-buy-ephenidine-powder","11":"product_tag-cheap-ephenidine-powder","12":"product_tag-ephenidine-powder","13":"product_tag-ephenidine-powder-ephenidine-powder-supplier","14":"product_tag-ephenidine-powder-for-sale","15":"product_tag-ephenidine-powder-legally","16":"product_tag-ephenidine-powder-online","17":"product_tag-ephenidine-powder-store","18":"product_tag-ephenidine-powder-use","19":"product_tag-ephenidine-powder-wiki","20":"product_tag-ephenidine-powder-worldwide","21":"product_tag-ephenidine-powderprice","22":"product_tag-ephenidine-powders","23":"product_tag-high-quality-ephenidine-powder","24":"product_tag-how-to-buy-ephenidine-powder","25":"product_tag-order-ephenidine-powder","26":"product_tag-purcharse-ephenidine-powder","27":"product_tag-shop-ephenidine-powder","28":"product_tag-top-quality","29":"product_tag-where-to-buy-ephenidine-powder","30":"product_tag-where-to-order-ephenidine-powder","31":"product_tag-wholesale-ephenidine-powder","32":"desktop-align-left","33":"tablet-align-left","34":"mobile-align-left","35":"ast-product-gallery-layout-horizontal","36":"ast-product-gallery-with-no-image","37":"ast-product-single-variable","38":"ast-product-tabs-layout-horizontal","39":"ast-qv-on-image","41":"first","42":"instock","43":"shipping-taxable","44":"purchasable","45":"product-type-variable"},"yoast_head":"<!-- This site is optimized with the Yoast SEO plugin v25.9 - https:\/\/yoast.com\/wordpress\/plugins\/seo\/ -->\n<title>Ephenidine Powder for Sale - Order Ephenidine Powder Online<\/title>\n<meta name=\"description\" content=\"If you wish to buy Ephenidine Powder online so our Legitgrams store can help. We have Ephenidine Powder for sale at the best rates here. Place your order now!\" \/>\n<meta name=\"robots\" content=\"index, follow, max-snippet:-1, max-image-preview:large, max-video-preview:-1\" \/>\n<link rel=\"canonical\" href=\"https:\/\/legitgrams.com\/pt\/produto\/efenidina-em-po\/\" \/>\n<meta property=\"og:locale\" content=\"pt_PT\" \/>\n<meta property=\"og:type\" content=\"article\" \/>\n<meta property=\"og:title\" content=\"Ephenidine Powder for Sale - Order Ephenidine Powder Online\" \/>\n<meta property=\"og:description\" content=\"If you wish to buy Ephenidine Powder online so our Legitgrams store can help. We have Ephenidine Powder for sale at the best rates here. Place your order now!\" \/>\n<meta property=\"og:url\" content=\"https:\/\/legitgrams.com\/pt\/produto\/efenidina-em-po\/\" \/>\n<meta property=\"og:site_name\" content=\"Legit Grams\" \/>\n<meta property=\"article:modified_time\" content=\"2025-01-14T04:14:41+00:00\" \/>\n<meta property=\"og:image\" content=\"https:\/\/legitgrams.com\/wp-content\/uploads\/2024\/09\/buy-pure-cheap-ephenidine-powder-online.jpg\" \/>\n\t<meta property=\"og:image:width\" content=\"600\" \/>\n\t<meta property=\"og:image:height\" content=\"600\" \/>\n\t<meta property=\"og:image:type\" content=\"image\/jpeg\" \/>\n<meta name=\"twitter:card\" content=\"summary_large_image\" \/>\n<meta name=\"twitter:label1\" content=\"Tempo estimado de leitura\" \/>\n\t<meta name=\"twitter:data1\" content=\"1 minuto\" \/>\n<script type=\"application\/ld+json\" class=\"yoast-schema-graph\">{\"@context\":\"https:\/\/schema.org\",\"@graph\":[{\"@type\":\"WebPage\",\"@id\":\"https:\/\/legitgrams.com\/product\/ephenidine-powder\/\",\"url\":\"https:\/\/legitgrams.com\/product\/ephenidine-powder\/\",\"name\":\"Ephenidine Powder for Sale - Order Ephenidine Powder Online\",\"isPartOf\":{\"@id\":\"https:\/\/legitgrams.com\/#website\"},\"primaryImageOfPage\":{\"@id\":\"https:\/\/legitgrams.com\/product\/ephenidine-powder\/#primaryimage\"},\"image\":{\"@id\":\"https:\/\/legitgrams.com\/product\/ephenidine-powder\/#primaryimage\"},\"thumbnailUrl\":\"https:\/\/legitgrams.com\/wp-content\/uploads\/2024\/09\/buy-pure-cheap-ephenidine-powder-online.jpg\",\"datePublished\":\"2024-09-22T06:40:50+00:00\",\"dateModified\":\"2025-01-14T04:14:41+00:00\",\"description\":\"If you wish to buy Ephenidine Powder online so our Legitgrams store can help. We have Ephenidine Powder for sale at the best rates here. Place your order now!\",\"breadcrumb\":{\"@id\":\"https:\/\/legitgrams.com\/product\/ephenidine-powder\/#breadcrumb\"},\"inLanguage\":\"pt-PT\",\"potentialAction\":[{\"@type\":\"ReadAction\",\"target\":[\"https:\/\/legitgrams.com\/product\/ephenidine-powder\/\"]}]},{\"@type\":\"ImageObject\",\"inLanguage\":\"pt-PT\",\"@id\":\"https:\/\/legitgrams.com\/product\/ephenidine-powder\/#primaryimage\",\"url\":\"https:\/\/legitgrams.com\/wp-content\/uploads\/2024\/09\/buy-pure-cheap-ephenidine-powder-online.jpg\",\"contentUrl\":\"https:\/\/legitgrams.com\/wp-content\/uploads\/2024\/09\/buy-pure-cheap-ephenidine-powder-online.jpg\",\"width\":600,\"height\":600,\"caption\":\"Ephenidine Powder for sale\"},{\"@type\":\"BreadcrumbList\",\"@id\":\"https:\/\/legitgrams.com\/product\/ephenidine-powder\/#breadcrumb\",\"itemListElement\":[{\"@type\":\"ListItem\",\"position\":1,\"name\":\"Home\",\"item\":\"https:\/\/legitgrams.com\/\"},{\"@type\":\"ListItem\",\"position\":2,\"name\":\"Shop\",\"item\":\"https:\/\/legitgrams.com\/shop\/\"},{\"@type\":\"ListItem\",\"position\":3,\"name\":\"Ephenidine Powder\"}]},{\"@type\":\"WebSite\",\"@id\":\"https:\/\/legitgrams.com\/#website\",\"url\":\"https:\/\/legitgrams.com\/\",\"name\":\"Legit Grams\",\"description\":\"My WordPress Blog\",\"publisher\":{\"@id\":\"https:\/\/legitgrams.com\/#organization\"},\"potentialAction\":[{\"@type\":\"SearchAction\",\"target\":{\"@type\":\"EntryPoint\",\"urlTemplate\":\"https:\/\/legitgrams.com\/?s={search_term_string}\"},\"query-input\":{\"@type\":\"PropertyValueSpecification\",\"valueRequired\":true,\"valueName\":\"search_term_string\"}}],\"inLanguage\":\"pt-PT\"},{\"@type\":\"Organization\",\"@id\":\"https:\/\/legitgrams.com\/#organization\",\"name\":\"Legit Grams\",\"url\":\"https:\/\/legitgrams.com\/\",\"logo\":{\"@type\":\"ImageObject\",\"inLanguage\":\"pt-PT\",\"@id\":\"https:\/\/legitgrams.com\/#\/schema\/logo\/image\/\",\"url\":\"https:\/\/legitgrams.com\/wp-content\/uploads\/2024\/09\/main-logo.png\",\"contentUrl\":\"https:\/\/legitgrams.com\/wp-content\/uploads\/2024\/09\/main-logo.png\",\"width\":270,\"height\":75,\"caption\":\"Legit Grams\"},\"image\":{\"@id\":\"https:\/\/legitgrams.com\/#\/schema\/logo\/image\/\"}}]}<\/script>\n<!-- \/ Yoast SEO plugin. -->","yoast_head_json":{"title":"Ephenidine Powder for Sale - Encomendar Ephenidine Powder Online","description":"Se deseja comprar Ephenidine Powder online, ent\u00e3o a nossa loja Legitgrams pode ajudar. N\u00f3s temos Ephenidine Powder para venda com os melhores pre\u00e7os aqui. Fa\u00e7a seu pedido agora!","robots":{"index":"index","follow":"follow","max-snippet":"max-snippet:-1","max-image-preview":"max-image-preview:large","max-video-preview":"max-video-preview:-1"},"canonical":"https:\/\/legitgrams.com\/pt\/produto\/efenidina-em-po\/","og_locale":"pt_PT","og_type":"article","og_title":"Ephenidine Powder for Sale - Order Ephenidine Powder Online","og_description":"If you wish to buy Ephenidine Powder online so our Legitgrams store can help. We have Ephenidine Powder for sale at the best rates here. Place your order now!","og_url":"https:\/\/legitgrams.com\/pt\/produto\/efenidina-em-po\/","og_site_name":"Legit Grams","article_modified_time":"2025-01-14T04:14:41+00:00","og_image":[{"width":600,"height":600,"url":"https:\/\/legitgrams.com\/wp-content\/uploads\/2024\/09\/buy-pure-cheap-ephenidine-powder-online.jpg","type":"image\/jpeg"}],"twitter_card":"summary_large_image","twitter_misc":{"Tempo estimado de leitura":"1 minuto"},"schema":{"@context":"https:\/\/schema.org","@graph":[{"@type":"WebPage","@id":"https:\/\/legitgrams.com\/product\/ephenidine-powder\/","url":"https:\/\/legitgrams.com\/product\/ephenidine-powder\/","name":"Ephenidine Powder for Sale - Encomendar Ephenidine Powder Online","isPartOf":{"@id":"https:\/\/legitgrams.com\/#website"},"primaryImageOfPage":{"@id":"https:\/\/legitgrams.com\/product\/ephenidine-powder\/#primaryimage"},"image":{"@id":"https:\/\/legitgrams.com\/product\/ephenidine-powder\/#primaryimage"},"thumbnailUrl":"https:\/\/legitgrams.com\/wp-content\/uploads\/2024\/09\/buy-pure-cheap-ephenidine-powder-online.jpg","datePublished":"2024-09-22T06:40:50+00:00","dateModified":"2025-01-14T04:14:41+00:00","description":"Se deseja comprar Ephenidine Powder online, ent\u00e3o a nossa loja Legitgrams pode ajudar. N\u00f3s temos Ephenidine Powder para venda com os melhores pre\u00e7os aqui. Fa\u00e7a seu pedido agora!","breadcrumb":{"@id":"https:\/\/legitgrams.com\/product\/ephenidine-powder\/#breadcrumb"},"inLanguage":"pt-PT","potentialAction":[{"@type":"ReadAction","target":["https:\/\/legitgrams.com\/product\/ephenidine-powder\/"]}]},{"@type":"ImageObject","inLanguage":"pt-PT","@id":"https:\/\/legitgrams.com\/product\/ephenidine-powder\/#primaryimage","url":"https:\/\/legitgrams.com\/wp-content\/uploads\/2024\/09\/buy-pure-cheap-ephenidine-powder-online.jpg","contentUrl":"https:\/\/legitgrams.com\/wp-content\/uploads\/2024\/09\/buy-pure-cheap-ephenidine-powder-online.jpg","width":600,"height":600,"caption":"Ephenidine Powder for sale"},{"@type":"BreadcrumbList","@id":"https:\/\/legitgrams.com\/product\/ephenidine-powder\/#breadcrumb","itemListElement":[{"@type":"ListItem","position":1,"name":"Home","item":"https:\/\/legitgrams.com\/"},{"@type":"ListItem","position":2,"name":"Shop","item":"https:\/\/legitgrams.com\/shop\/"},{"@type":"ListItem","position":3,"name":"Ephenidine Powder"}]},{"@type":"WebSite","@id":"https:\/\/legitgrams.com\/#website","url":"https:\/\/legitgrams.com\/","name":"Gramas leg\u00edtimas","description":"O meu blogue WordPress","publisher":{"@id":"https:\/\/legitgrams.com\/#organization"},"potentialAction":[{"@type":"SearchAction","target":{"@type":"EntryPoint","urlTemplate":"https:\/\/legitgrams.com\/?s={search_term_string}"},"query-input":{"@type":"PropertyValueSpecification","valueRequired":true,"valueName":"search_term_string"}}],"inLanguage":"pt-PT"},{"@type":"Organization","@id":"https:\/\/legitgrams.com\/#organization","name":"Gramas leg\u00edtimas","url":"https:\/\/legitgrams.com\/","logo":{"@type":"ImageObject","inLanguage":"pt-PT","@id":"https:\/\/legitgrams.com\/#\/schema\/logo\/image\/","url":"https:\/\/legitgrams.com\/wp-content\/uploads\/2024\/09\/main-logo.png","contentUrl":"https:\/\/legitgrams.com\/wp-content\/uploads\/2024\/09\/main-logo.png","width":270,"height":75,"caption":"Legit Grams"},"image":{"@id":"https:\/\/legitgrams.com\/#\/schema\/logo\/image\/"}}]}},"uagb_featured_image_src":{"full":["https:\/\/legitgrams.com\/wp-content\/uploads\/2024\/09\/buy-pure-cheap-ephenidine-powder-online.jpg",600,600,false],"thumbnail":["https:\/\/legitgrams.com\/wp-content\/uploads\/2024\/09\/buy-pure-cheap-ephenidine-powder-online-150x150.jpg",150,150,true],"medium":["https:\/\/legitgrams.com\/wp-content\/uploads\/2024\/09\/buy-pure-cheap-ephenidine-powder-online-300x300.jpg",300,300,true],"medium_large":["https:\/\/legitgrams.com\/wp-content\/uploads\/2024\/09\/buy-pure-cheap-ephenidine-powder-online.jpg",600,600,false],"large":["https:\/\/legitgrams.com\/wp-content\/uploads\/2024\/09\/buy-pure-cheap-ephenidine-powder-online.jpg",600,600,false],"1536x1536":["https:\/\/legitgrams.com\/wp-content\/uploads\/2024\/09\/buy-pure-cheap-ephenidine-powder-online.jpg",600,600,false],"2048x2048":["https:\/\/legitgrams.com\/wp-content\/uploads\/2024\/09\/buy-pure-cheap-ephenidine-powder-online.jpg",600,600,false],"trp-custom-language-flag":["https:\/\/legitgrams.com\/wp-content\/uploads\/2024\/09\/buy-pure-cheap-ephenidine-powder-online-12x12.jpg",12,12,true],"woocommerce_thumbnail":["https:\/\/legitgrams.com\/wp-content\/uploads\/2024\/09\/buy-pure-cheap-ephenidine-powder-online-300x300.jpg",300,300,true],"woocommerce_single":["https:\/\/legitgrams.com\/wp-content\/uploads\/2024\/09\/buy-pure-cheap-ephenidine-powder-online.jpg",600,600,false],"woocommerce_gallery_thumbnail":["https:\/\/legitgrams.com\/wp-content\/uploads\/2024\/09\/buy-pure-cheap-ephenidine-powder-online-100x100.jpg",100,100,true]},"uagb_author_info":{"display_name":"cokeblog18","author_link":"https:\/\/legitgrams.com\/pt\/author\/"},"uagb_comment_info":0,"uagb_excerpt":"Sale of Pure Cheap Ephenidine Powder Ephenidine, often known as NEDPA, is a relatively modern and obscure dissociative drug in the diaryethylamine class. Buy tested ephenidine powder and 50 g of ephenidine at a discount online. Similar in structure to diaryletylamines such as diphenidine and metophenidine, ephenidine is an antagonist of the NMDA receptor. Research&hellip;","_links":{"self":[{"href":"https:\/\/legitgrams.com\/pt\/wp-json\/wp\/v2\/product\/4227","targetHints":{"allow":["GET"]}}],"collection":[{"href":"https:\/\/legitgrams.com\/pt\/wp-json\/wp\/v2\/product"}],"about":[{"href":"https:\/\/legitgrams.com\/pt\/wp-json\/wp\/v2\/types\/product"}],"replies":[{"embeddable":true,"href":"https:\/\/legitgrams.com\/pt\/wp-json\/wp\/v2\/comments?post=4227"}],"wp:featuredmedia":[{"embeddable":true,"href":"https:\/\/legitgrams.com\/pt\/wp-json\/wp\/v2\/media\/5298"}],"wp:attachment":[{"href":"https:\/\/legitgrams.com\/pt\/wp-json\/wp\/v2\/media?parent=4227"}],"wp:term":[{"taxonomy":"product_brand","embeddable":true,"href":"https:\/\/legitgrams.com\/pt\/wp-json\/wp\/v2\/product_brand?post=4227"},{"taxonomy":"product_cat","embeddable":true,"href":"https:\/\/legitgrams.com\/pt\/wp-json\/wp\/v2\/product_cat?post=4227"},{"taxonomy":"product_tag","embeddable":true,"href":"https:\/\/legitgrams.com\/pt\/wp-json\/wp\/v2\/product_tag?post=4227"}],"curies":[{"name":"wp","href":"https:\/\/api.w.org\/{rel}","templated":true}]}}