{"id":4230,"date":"2024-09-22T06:38:57","date_gmt":"2024-09-22T06:38:57","guid":{"rendered":"https:\/\/legitgrams.com\/?post_type=product&#038;p=4230"},"modified":"2025-04-03T10:05:20","modified_gmt":"2025-04-03T10:05:20","slug":"dimetiltriptamina-dmt-pura","status":"publish","type":"product","link":"https:\/\/legitgrams.com\/pt\/produto\/dimetiltriptamina-dmt-pura\/","title":{"rendered":"Comprar Dimetiltriptamina pura DMT Online"},"content":{"rendered":"<h2>Compra de DMT de dimetiltriptamina pura DMT (dimetiltriptamina pura) online<\/h2>\n<p>As sementes e folhas de Piptadenia peregrina (Mimosaceae) s\u00e3o usadas para fazer a planta alucin\u00f3gena Emphysema cohoba. Dimetiltriptamina \u00e9 o ingrediente ativo em v\u00e1rios materiais vegetais. Tamb\u00e9m vem de plantas sul-americanas. Supostamente presente na leguminosa tropical Mucuna Pruriens. <a style=\"font-size: 16px; background-color: #ffffff;\" href=\"https:\/\/legitgrams.com\/pt\/\">LegitGrams<\/a><\/p>\n<p><a href=\"https:\/\/duckduckgo.com\/?q=Compre+Dimetiltriptamina+DMT+Pura+Online&amp;t=h_\">Enfisema cohoba<\/a>, uma planta alucin\u00f3gena, \u00e9 feita a partir das sementes e folhas de <a href=\"https:\/\/www.bing.com\/search?q=CompreDimetiltriptaminaDMTPuraOnline&amp;qs=n&amp;form=QBRE&amp;sp=-1&amp;lq=0&amp;pq=compredimetiltriptaminadmtpuraonline&amp;sc=0-40&amp;sk=&amp;cvid=1FE5D3D8D403450E976D177D3D9AF6EA&amp;ghsh=0&amp;ghacc=0&amp;ghpl=\">Piptadenia peregrina<\/a> (Mimosaceae). O elemento ativo nesses materiais vegetais \u00e9 <a href=\"https:\/\/legitgrams.com\/pt\/produto\/dimetiltriptamina-dmt-pura\/\">dimetiltriptamina<\/a>. \u00c9 tamb\u00e9m derivado de plantas da Am\u00e9rica do Sul, supostamente encontradas na Mucuna Pruriens, uma leguminosa tropical.<\/p>\n<p>Purchase Pure DMT Online: Purchase Pure DMT online, purchase <a href=\"https:\/\/www.google.com\/search?q=Compre+Dimetiltriptamina+DMT+Pura+Online&amp;sca_esv=eddefdb7b92e7545&amp;sxsrf=AHTn8zp6wAl8SX5Ixhtt2KymexnPaeQS3Q1743675221883&amp;ei=VV_uZ9zXNfXN0PEPv8azUA&amp;ved=0ahUKEwic1tCx0LuMAxX1JjQIHT_jDAoQ4dUDCBA&amp;uact=5&amp;oq=Compre+Dimetiltriptamina+DMT+Pura+Online&amp;gs_lp=Egxnd3Mtd2l6LXNlcnAiKENvbXByZSBEaW1ldGlsdHJpcHRhbWluYSBETVQgUHVyYSBPbmxpbmVIuARQAFgAcAB4AJABAJgBiwOgAYsDqgEDMy0xuAEDyAEA-AEC-AEBmAIAoAIAmAMA4gMFEgExIECSBwCgB_cBsgcAuAcA&amp;sclient=gws-wiz-serp\">Dimetiltriptamina pura DMT<\/a> nos EUA, Onde Comprar DMT de Dimetiltriptamina Pura, DMT de Dimetiltriptamina Pura para Venda, Compre DMT de Dimetiltriptamina Pura para venda nas proximidades, onde obter DMT de dimetiltriptamina pura online, onde compr\u00e1-la localmente e quanto custa DMT de dimetiltriptamina pura para venda nos Estados Unidos, Canad\u00e1 e Reino Unido? DMT de dimetiltriptamina pura ainda est\u00e1 dispon\u00edvel. Voc\u00ea pode adquiri-la online. DMT de dimetiltriptamina pura \u00e9 legal no Canad\u00e1. \u00c9 puro <a href=\"https:\/\/en.wikipedia.org\/wiki\/N,N-Dimethyltryptamine\">dimetiltriptamina DMT<\/a> aprovado nos Estados Unidos?<\/p>","protected":false},"excerpt":{"rendered":"<p>Purchase of Pure Dimethyltryptamine DMT DMT (pure dimethyltryptamine) Online The seeds and leaves of Piptadenia peregrina (Mimosaceae) are used to make the hallucinogenic plant Emphysema cohoba. Dimethyltryptamine is the active ingredient in several plant materials. It also comes from South American plants. Reportedly present in the tropical legume Mucuna Pruriens. LegitGrams Emphysema cohoba, a hallucinogenic &hellip;<\/p>\n<p class=\"read-more\"> <a class=\"\" href=\"https:\/\/legitgrams.com\/pt\/produto\/dimetiltriptamina-dmt-pura\/\"> <span class=\"screen-reader-text\">Comprar Dimetiltriptamina pura DMT Online<\/span> Ler mais \"<\/a><\/p>","protected":false},"featured_media":5299,"comment_status":"open","ping_status":"closed","template":"","meta":{"_uag_custom_page_level_css":"","site-sidebar-layout":"default","site-content-layout":"default","ast-global-header-display":"","ast-main-header-display":"","ast-hfb-above-header-display":"","ast-hfb-below-header-display":"","ast-hfb-mobile-header-display":"","site-post-title":"","ast-breadcrumbs-content":"","ast-featured-img":"","footer-sml-layout":"","theme-transparent-header-meta":"default","adv-header-id-meta":"","stick-header-meta":"default","header-above-stick-meta":"","header-main-stick-meta":"","header-below-stick-meta":"","_joinchat":[]},"product_brand":[],"product_cat":[600],"product_tag":[1911,1901,617,1893,1908,1905,1900,1898,1910,1892,1895,1903,1894,1896,1906,1913,1914,1912,1904,1909,1907,625,1899,1902,1897],"class_list":{"0":"post-4230","1":"product","2":"type-product","3":"status-publish","4":"has-post-thumbnail","6":"product_cat-research-chemicals-and-bath-salt","7":"product_tag-best-cheap-price-pure-dimethyltryptamine-dmt","8":"product_tag-best-place-to-buy-pure-dimethyltryptamine-dmt","9":"product_tag-bulk-online","10":"product_tag-buy-pure-dimethyltryptamine-dmt","11":"product_tag-cheap-pure-dimethyltryptamine-dmt","12":"product_tag-high-quality-pure-dimethyltryptamine-dmt","13":"product_tag-how-to-buy-pure-dimethyltryptamine-dmt","14":"product_tag-order-pure-dimethyltryptamine-dmt","15":"product_tag-purcharse-pure-dimethyltryptamine-dmt","16":"product_tag-pure-dimethyltryptamine-dmt","17":"product_tag-pure-dimethyltryptamine-dmt-for-sale","18":"product_tag-pure-dimethyltryptamine-dmt-legally","19":"product_tag-pure-dimethyltryptamine-dmt-online","20":"product_tag-pure-dimethyltryptamine-dmt-pure-dimethyltryptamine-dmt-supplier","21":"product_tag-pure-dimethyltryptamine-dmt-store","22":"product_tag-pure-dimethyltryptamine-dmt-use","23":"product_tag-pure-dimethyltryptamine-dmt-wiki","24":"product_tag-pure-dimethyltryptamine-dmt-worldwide","25":"product_tag-pure-dimethyltryptamine-dmtprice","26":"product_tag-pure-dimethyltryptamine-dmts","27":"product_tag-shop-pure-dimethyltryptamine-dmt","28":"product_tag-top-quality","29":"product_tag-where-to-buy-pure-dimethyltryptamine-dmt","30":"product_tag-where-to-order-pure-dimethyltryptamine-dmt","31":"product_tag-wholesale-pure-dimethyltryptamine-dmt","32":"desktop-align-left","33":"tablet-align-left","34":"mobile-align-left","35":"ast-product-gallery-layout-horizontal","36":"ast-product-gallery-with-no-image","37":"ast-product-single-variable","38":"ast-product-tabs-layout-horizontal","39":"ast-qv-on-image","41":"first","42":"instock","43":"shipping-taxable","44":"purchasable","45":"product-type-variable"},"yoast_head":"<!-- This site is optimized with the Yoast SEO plugin v25.9 - https:\/\/yoast.com\/wordpress\/plugins\/seo\/ -->\n<title>Dimethyltryptamine DMT for Sale - Buy DMT Online | LegitGrams<\/title>\n<meta name=\"description\" content=\"If you want to buy dimethyltryptamine dmt online and looking for a reliable online shop, then buy here. We offer only high-quality pure dimethyltryptamine dmt for sale at an affordable price. Order Now!\" \/>\n<meta name=\"robots\" content=\"index, follow, max-snippet:-1, max-image-preview:large, max-video-preview:-1\" \/>\n<link rel=\"canonical\" href=\"https:\/\/legitgrams.com\/pt\/produto\/dimetiltriptamina-dmt-pura\/\" \/>\n<meta property=\"og:locale\" content=\"pt_PT\" \/>\n<meta property=\"og:type\" content=\"article\" \/>\n<meta property=\"og:title\" content=\"Dimethyltryptamine DMT for Sale - Buy DMT Online | LegitGrams\" \/>\n<meta property=\"og:description\" content=\"If you want to buy dimethyltryptamine dmt online and looking for a reliable online shop, then buy here. We offer only high-quality pure dimethyltryptamine dmt for sale at an affordable price. Order Now!\" \/>\n<meta property=\"og:url\" content=\"https:\/\/legitgrams.com\/pt\/produto\/dimetiltriptamina-dmt-pura\/\" \/>\n<meta property=\"og:site_name\" content=\"Legit Grams\" \/>\n<meta property=\"article:modified_time\" content=\"2025-04-03T10:05:20+00:00\" \/>\n<meta property=\"og:image\" content=\"https:\/\/legitgrams.com\/wp-content\/uploads\/2024\/09\/Buy-Pure-Dimethyltryptamine-DMT-Online.jpg\" \/>\n\t<meta property=\"og:image:width\" content=\"600\" \/>\n\t<meta property=\"og:image:height\" content=\"600\" \/>\n\t<meta property=\"og:image:type\" content=\"image\/jpeg\" \/>\n<meta name=\"twitter:card\" content=\"summary_large_image\" \/>\n<meta name=\"twitter:label1\" content=\"Tempo estimado de leitura\" \/>\n\t<meta name=\"twitter:data1\" content=\"2 minutos\" \/>\n<script type=\"application\/ld+json\" class=\"yoast-schema-graph\">{\"@context\":\"https:\/\/schema.org\",\"@graph\":[{\"@type\":\"WebPage\",\"@id\":\"https:\/\/legitgrams.com\/product\/pure-dimethyltryptamine-dmt\/\",\"url\":\"https:\/\/legitgrams.com\/product\/pure-dimethyltryptamine-dmt\/\",\"name\":\"Dimethyltryptamine DMT for Sale - Buy DMT Online | LegitGrams\",\"isPartOf\":{\"@id\":\"https:\/\/legitgrams.com\/#website\"},\"primaryImageOfPage\":{\"@id\":\"https:\/\/legitgrams.com\/product\/pure-dimethyltryptamine-dmt\/#primaryimage\"},\"image\":{\"@id\":\"https:\/\/legitgrams.com\/product\/pure-dimethyltryptamine-dmt\/#primaryimage\"},\"thumbnailUrl\":\"https:\/\/legitgrams.com\/wp-content\/uploads\/2024\/09\/Buy-Pure-Dimethyltryptamine-DMT-Online.jpg\",\"datePublished\":\"2024-09-22T06:38:57+00:00\",\"dateModified\":\"2025-04-03T10:05:20+00:00\",\"description\":\"If you want to buy dimethyltryptamine dmt online and looking for a reliable online shop, then buy here. We offer only high-quality pure dimethyltryptamine dmt for sale at an affordable price. Order Now!\",\"breadcrumb\":{\"@id\":\"https:\/\/legitgrams.com\/product\/pure-dimethyltryptamine-dmt\/#breadcrumb\"},\"inLanguage\":\"pt-PT\",\"potentialAction\":[{\"@type\":\"ReadAction\",\"target\":[\"https:\/\/legitgrams.com\/product\/pure-dimethyltryptamine-dmt\/\"]}]},{\"@type\":\"ImageObject\",\"inLanguage\":\"pt-PT\",\"@id\":\"https:\/\/legitgrams.com\/product\/pure-dimethyltryptamine-dmt\/#primaryimage\",\"url\":\"https:\/\/legitgrams.com\/wp-content\/uploads\/2024\/09\/Buy-Pure-Dimethyltryptamine-DMT-Online.jpg\",\"contentUrl\":\"https:\/\/legitgrams.com\/wp-content\/uploads\/2024\/09\/Buy-Pure-Dimethyltryptamine-DMT-Online.jpg\",\"width\":600,\"height\":600,\"caption\":\"Pure Dimethyltryptamine DMT for Sale\"},{\"@type\":\"BreadcrumbList\",\"@id\":\"https:\/\/legitgrams.com\/product\/pure-dimethyltryptamine-dmt\/#breadcrumb\",\"itemListElement\":[{\"@type\":\"ListItem\",\"position\":1,\"name\":\"Home\",\"item\":\"https:\/\/legitgrams.com\/\"},{\"@type\":\"ListItem\",\"position\":2,\"name\":\"Shop\",\"item\":\"https:\/\/legitgrams.com\/shop\/\"},{\"@type\":\"ListItem\",\"position\":3,\"name\":\"Buy Pure Dimethyltryptamine DMT Online\"}]},{\"@type\":\"WebSite\",\"@id\":\"https:\/\/legitgrams.com\/#website\",\"url\":\"https:\/\/legitgrams.com\/\",\"name\":\"Legit Grams\",\"description\":\"My WordPress Blog\",\"publisher\":{\"@id\":\"https:\/\/legitgrams.com\/#organization\"},\"potentialAction\":[{\"@type\":\"SearchAction\",\"target\":{\"@type\":\"EntryPoint\",\"urlTemplate\":\"https:\/\/legitgrams.com\/?s={search_term_string}\"},\"query-input\":{\"@type\":\"PropertyValueSpecification\",\"valueRequired\":true,\"valueName\":\"search_term_string\"}}],\"inLanguage\":\"pt-PT\"},{\"@type\":\"Organization\",\"@id\":\"https:\/\/legitgrams.com\/#organization\",\"name\":\"Legit Grams\",\"url\":\"https:\/\/legitgrams.com\/\",\"logo\":{\"@type\":\"ImageObject\",\"inLanguage\":\"pt-PT\",\"@id\":\"https:\/\/legitgrams.com\/#\/schema\/logo\/image\/\",\"url\":\"https:\/\/legitgrams.com\/wp-content\/uploads\/2024\/09\/main-logo.png\",\"contentUrl\":\"https:\/\/legitgrams.com\/wp-content\/uploads\/2024\/09\/main-logo.png\",\"width\":270,\"height\":75,\"caption\":\"Legit Grams\"},\"image\":{\"@id\":\"https:\/\/legitgrams.com\/#\/schema\/logo\/image\/\"}}]}<\/script>\n<!-- \/ Yoast SEO plugin. -->","yoast_head_json":{"title":"Dimetiltriptamina DMT para venda - Compre DMT online | LegitGrams","description":"Se pretende comprar dimetiltriptamina dmt online e procura uma loja online de confian\u00e7a, ent\u00e3o compre aqui. Oferecemos apenas dimetiltriptamina dmt pura de alta qualidade para venda a um pre\u00e7o acess\u00edvel. Encomendar agora!","robots":{"index":"index","follow":"follow","max-snippet":"max-snippet:-1","max-image-preview":"max-image-preview:large","max-video-preview":"max-video-preview:-1"},"canonical":"https:\/\/legitgrams.com\/pt\/produto\/dimetiltriptamina-dmt-pura\/","og_locale":"pt_PT","og_type":"article","og_title":"Dimethyltryptamine DMT for Sale - Buy DMT Online | LegitGrams","og_description":"If you want to buy dimethyltryptamine dmt online and looking for a reliable online shop, then buy here. We offer only high-quality pure dimethyltryptamine dmt for sale at an affordable price. Order Now!","og_url":"https:\/\/legitgrams.com\/pt\/produto\/dimetiltriptamina-dmt-pura\/","og_site_name":"Legit Grams","article_modified_time":"2025-04-03T10:05:20+00:00","og_image":[{"width":600,"height":600,"url":"https:\/\/legitgrams.com\/wp-content\/uploads\/2024\/09\/Buy-Pure-Dimethyltryptamine-DMT-Online.jpg","type":"image\/jpeg"}],"twitter_card":"summary_large_image","twitter_misc":{"Tempo estimado de leitura":"2 minutos"},"schema":{"@context":"https:\/\/schema.org","@graph":[{"@type":"WebPage","@id":"https:\/\/legitgrams.com\/product\/pure-dimethyltryptamine-dmt\/","url":"https:\/\/legitgrams.com\/product\/pure-dimethyltryptamine-dmt\/","name":"Dimetiltriptamina DMT para venda - Compre DMT online | LegitGrams","isPartOf":{"@id":"https:\/\/legitgrams.com\/#website"},"primaryImageOfPage":{"@id":"https:\/\/legitgrams.com\/product\/pure-dimethyltryptamine-dmt\/#primaryimage"},"image":{"@id":"https:\/\/legitgrams.com\/product\/pure-dimethyltryptamine-dmt\/#primaryimage"},"thumbnailUrl":"https:\/\/legitgrams.com\/wp-content\/uploads\/2024\/09\/Buy-Pure-Dimethyltryptamine-DMT-Online.jpg","datePublished":"2024-09-22T06:38:57+00:00","dateModified":"2025-04-03T10:05:20+00:00","description":"Se pretende comprar dimetiltriptamina dmt online e procura uma loja online de confian\u00e7a, ent\u00e3o compre aqui. Oferecemos apenas dimetiltriptamina dmt pura de alta qualidade para venda a um pre\u00e7o acess\u00edvel. Encomendar agora!","breadcrumb":{"@id":"https:\/\/legitgrams.com\/product\/pure-dimethyltryptamine-dmt\/#breadcrumb"},"inLanguage":"pt-PT","potentialAction":[{"@type":"ReadAction","target":["https:\/\/legitgrams.com\/product\/pure-dimethyltryptamine-dmt\/"]}]},{"@type":"ImageObject","inLanguage":"pt-PT","@id":"https:\/\/legitgrams.com\/product\/pure-dimethyltryptamine-dmt\/#primaryimage","url":"https:\/\/legitgrams.com\/wp-content\/uploads\/2024\/09\/Buy-Pure-Dimethyltryptamine-DMT-Online.jpg","contentUrl":"https:\/\/legitgrams.com\/wp-content\/uploads\/2024\/09\/Buy-Pure-Dimethyltryptamine-DMT-Online.jpg","width":600,"height":600,"caption":"Pure Dimethyltryptamine DMT for Sale"},{"@type":"BreadcrumbList","@id":"https:\/\/legitgrams.com\/product\/pure-dimethyltryptamine-dmt\/#breadcrumb","itemListElement":[{"@type":"ListItem","position":1,"name":"Home","item":"https:\/\/legitgrams.com\/"},{"@type":"ListItem","position":2,"name":"Shop","item":"https:\/\/legitgrams.com\/shop\/"},{"@type":"ListItem","position":3,"name":"Buy Pure Dimethyltryptamine DMT Online"}]},{"@type":"WebSite","@id":"https:\/\/legitgrams.com\/#website","url":"https:\/\/legitgrams.com\/","name":"Gramas leg\u00edtimas","description":"O meu blogue WordPress","publisher":{"@id":"https:\/\/legitgrams.com\/#organization"},"potentialAction":[{"@type":"SearchAction","target":{"@type":"EntryPoint","urlTemplate":"https:\/\/legitgrams.com\/?s={search_term_string}"},"query-input":{"@type":"PropertyValueSpecification","valueRequired":true,"valueName":"search_term_string"}}],"inLanguage":"pt-PT"},{"@type":"Organization","@id":"https:\/\/legitgrams.com\/#organization","name":"Gramas leg\u00edtimas","url":"https:\/\/legitgrams.com\/","logo":{"@type":"ImageObject","inLanguage":"pt-PT","@id":"https:\/\/legitgrams.com\/#\/schema\/logo\/image\/","url":"https:\/\/legitgrams.com\/wp-content\/uploads\/2024\/09\/main-logo.png","contentUrl":"https:\/\/legitgrams.com\/wp-content\/uploads\/2024\/09\/main-logo.png","width":270,"height":75,"caption":"Legit Grams"},"image":{"@id":"https:\/\/legitgrams.com\/#\/schema\/logo\/image\/"}}]}},"uagb_featured_image_src":{"full":["https:\/\/legitgrams.com\/wp-content\/uploads\/2024\/09\/Buy-Pure-Dimethyltryptamine-DMT-Online.jpg",600,600,false],"thumbnail":["https:\/\/legitgrams.com\/wp-content\/uploads\/2024\/09\/Buy-Pure-Dimethyltryptamine-DMT-Online-150x150.jpg",150,150,true],"medium":["https:\/\/legitgrams.com\/wp-content\/uploads\/2024\/09\/Buy-Pure-Dimethyltryptamine-DMT-Online-300x300.jpg",300,300,true],"medium_large":["https:\/\/legitgrams.com\/wp-content\/uploads\/2024\/09\/Buy-Pure-Dimethyltryptamine-DMT-Online.jpg",600,600,false],"large":["https:\/\/legitgrams.com\/wp-content\/uploads\/2024\/09\/Buy-Pure-Dimethyltryptamine-DMT-Online.jpg",600,600,false],"1536x1536":["https:\/\/legitgrams.com\/wp-content\/uploads\/2024\/09\/Buy-Pure-Dimethyltryptamine-DMT-Online.jpg",600,600,false],"2048x2048":["https:\/\/legitgrams.com\/wp-content\/uploads\/2024\/09\/Buy-Pure-Dimethyltryptamine-DMT-Online.jpg",600,600,false],"trp-custom-language-flag":["https:\/\/legitgrams.com\/wp-content\/uploads\/2024\/09\/Buy-Pure-Dimethyltryptamine-DMT-Online-12x12.jpg",12,12,true],"woocommerce_thumbnail":["https:\/\/legitgrams.com\/wp-content\/uploads\/2024\/09\/Buy-Pure-Dimethyltryptamine-DMT-Online-300x300.jpg",300,300,true],"woocommerce_single":["https:\/\/legitgrams.com\/wp-content\/uploads\/2024\/09\/Buy-Pure-Dimethyltryptamine-DMT-Online.jpg",600,600,false],"woocommerce_gallery_thumbnail":["https:\/\/legitgrams.com\/wp-content\/uploads\/2024\/09\/Buy-Pure-Dimethyltryptamine-DMT-Online-100x100.jpg",100,100,true]},"uagb_author_info":{"display_name":"cokeblog18","author_link":"https:\/\/legitgrams.com\/pt\/author\/"},"uagb_comment_info":0,"uagb_excerpt":"Purchase of Pure Dimethyltryptamine DMT DMT (pure dimethyltryptamine) Online The seeds and leaves of Piptadenia peregrina (Mimosaceae) are used to make the hallucinogenic plant Emphysema cohoba. Dimethyltryptamine is the active ingredient in several plant materials. It also comes from South American plants. Reportedly present in the tropical legume Mucuna Pruriens. LegitGrams Emphysema cohoba, a hallucinogenic&hellip;","_links":{"self":[{"href":"https:\/\/legitgrams.com\/pt\/wp-json\/wp\/v2\/product\/4230","targetHints":{"allow":["GET"]}}],"collection":[{"href":"https:\/\/legitgrams.com\/pt\/wp-json\/wp\/v2\/product"}],"about":[{"href":"https:\/\/legitgrams.com\/pt\/wp-json\/wp\/v2\/types\/product"}],"replies":[{"embeddable":true,"href":"https:\/\/legitgrams.com\/pt\/wp-json\/wp\/v2\/comments?post=4230"}],"wp:featuredmedia":[{"embeddable":true,"href":"https:\/\/legitgrams.com\/pt\/wp-json\/wp\/v2\/media\/5299"}],"wp:attachment":[{"href":"https:\/\/legitgrams.com\/pt\/wp-json\/wp\/v2\/media?parent=4230"}],"wp:term":[{"taxonomy":"product_brand","embeddable":true,"href":"https:\/\/legitgrams.com\/pt\/wp-json\/wp\/v2\/product_brand?post=4230"},{"taxonomy":"product_cat","embeddable":true,"href":"https:\/\/legitgrams.com\/pt\/wp-json\/wp\/v2\/product_cat?post=4230"},{"taxonomy":"product_tag","embeddable":true,"href":"https:\/\/legitgrams.com\/pt\/wp-json\/wp\/v2\/product_tag?post=4230"}],"curies":[{"name":"wp","href":"https:\/\/api.w.org\/{rel}","templated":true}]}}