{"id":4231,"date":"2024-09-22T06:38:24","date_gmt":"2024-09-22T06:38:24","guid":{"rendered":"https:\/\/legitgrams.com\/?post_type=product&#038;p=4231"},"modified":"2025-01-14T06:14:51","modified_gmt":"2025-01-14T06:14:51","slug":"hidrocodona-em-po","status":"publish","type":"product","link":"https:\/\/legitgrams.com\/pt\/produto\/hidrocodona-em-po\/","title":{"rendered":"Hidrocodona em p\u00f3"},"content":{"rendered":"<h2>Compre p\u00f3 de hidrocodona de alta qualidade online<br \/>\nHidrocodona \u00e9 um tipo de analg\u00e9sico opioide.s<\/h2>\n<p>Hysingla ER e Zohydro ER s\u00e3o dois exemplos de medicamentos de libera\u00e7\u00e3o prolongada <a href=\"https:\/\/legitgrams.com\/pt\/produto\/hidrocodona-em-po\/\">hidrocodona<\/a>\u00a0formula\u00e7\u00f5es que s\u00e3o usadas para tratar constantemente dores extremas. A hidrocodona de libera\u00e7\u00e3o prolongada n\u00e3o se destina a aliviar a dor.<\/p>\n<p>Al\u00e9m dos usos listados neste guia farmacol\u00f3gico, a hidrocodona tem outros usos.<\/p>\n<p>A hidrocodona \u00e9 usada para tratar dores moderadas a severas. cont\u00e9m um analg\u00e9sico opioide (hidrocodona) e um analg\u00e9sico n\u00e3o opioide (acetaminofeno). Os efeitos da hidrocodona no c\u00e9rebro mudam a forma como seu corpo experimenta e responde \u00e0 dor. O paracetamol tamb\u00e9m pode ser usado para reduzir a temperatura. <a href=\"https:\/\/legitgrams.com\/pt\/\">LegitGrams<\/a><\/p>\n<p>Compre P\u00f3 de Hidrocodona Premium Online: Compre P\u00f3 de Hidrocodona Premium, Compre P\u00f3 de Hidrocodona Premium nos EUA, Compre P\u00f3 de Hidrocodona Premium Online, P\u00f3 de Hidrocodona Premium de Qualidade para Venda em Compre p\u00f3 de hidrocodona de qualidade online perto de mim, onde comprar p\u00f3 de hidrocodona de qualidade online, fornecedores, entrega segura, p\u00f3 de hidrocodona para venda, Estados Unidos, Canad\u00e1 e Reino Unido, e p\u00f3 de hidrocodona de qualidade ainda est\u00e1 acess\u00edvel. P\u00f3 de hidrocodona de alta qualidade est\u00e1 dispon\u00edvel online. \u00c9 legal usar p\u00f3 de hidrocodona de alta qualidade no Canad\u00e1? A qualidade <a href=\"https:\/\/en.wikipedia.org\/wiki\/Hydrocodone\">Hidrocodona<\/a> O p\u00f3 tem uma loja em linha?<\/p>\n<h2><\/h2>\n<p>&nbsp;<\/p>","protected":false},"excerpt":{"rendered":"<p>Purchase High-Grade Hydrocodone Powder Online Hydrocodone is one kind of opioid pain reliever. Hysingla ER and Zohydro ER are two examples of extended-release hydrocodone\u00a0formulations that are used to constantly treat extreme pain. Extended-release hydrocodone is not intended to relieve pain. In addition to the uses listed in this pharmacological guide, hydrocodone has further uses. Hydrocodone &hellip;<\/p>\n<p class=\"read-more\"> <a class=\"\" href=\"https:\/\/legitgrams.com\/pt\/produto\/hidrocodona-em-po\/\"> <span class=\"screen-reader-text\">Hidrocodona em p\u00f3<\/span> Ler mais \"<\/a><\/p>","protected":false},"featured_media":5310,"comment_status":"open","ping_status":"closed","template":"","meta":{"_uag_custom_page_level_css":"","site-sidebar-layout":"default","site-content-layout":"default","ast-global-header-display":"","ast-main-header-display":"","ast-hfb-above-header-display":"","ast-hfb-below-header-display":"","ast-hfb-mobile-header-display":"","site-post-title":"","ast-breadcrumbs-content":"","ast-featured-img":"","footer-sml-layout":"","theme-transparent-header-meta":"default","adv-header-id-meta":"","stick-header-meta":"default","header-above-stick-meta":"","header-main-stick-meta":"","header-below-stick-meta":"","_joinchat":[]},"product_brand":[],"product_cat":[600],"product_tag":[1934,1924,617,1916,1931,1928,1923,1915,1918,1919,1926,1917,1929,1936,1937,1935,1927,1932,1921,1933,1930,625,1922,1925,1920],"class_list":{"0":"post-4231","1":"product","2":"type-product","3":"status-publish","4":"has-post-thumbnail","6":"product_cat-research-chemicals-and-bath-salt","7":"product_tag-best-cheap-price-hydrocodone-powder","8":"product_tag-best-place-to-buy-hydrocodone-powder","9":"product_tag-bulk-online","10":"product_tag-buy-hydrocodone-powder","11":"product_tag-cheap-hydrocodone-powder","12":"product_tag-high-quality-hydrocodone-powder","13":"product_tag-how-to-buy-hydrocodone-powder","14":"product_tag-hydrocodone-powder","15":"product_tag-hydrocodone-powder-for-sale","16":"product_tag-hydrocodone-powder-hydrocodone-powder-supplier","17":"product_tag-hydrocodone-powder-legally","18":"product_tag-hydrocodone-powder-online","19":"product_tag-hydrocodone-powder-store","20":"product_tag-hydrocodone-powder-use","21":"product_tag-hydrocodone-powder-wiki","22":"product_tag-hydrocodone-powder-worldwide","23":"product_tag-hydrocodone-powderprice","24":"product_tag-hydrocodone-powders","25":"product_tag-order-hydrocodone-powder","26":"product_tag-purcharse-hydrocodone-powder","27":"product_tag-shop-hydrocodone-powder","28":"product_tag-top-quality","29":"product_tag-where-to-buy-hydrocodone-powder","30":"product_tag-where-to-order-hydrocodone-powder","31":"product_tag-wholesale-hydrocodone-powder","32":"desktop-align-left","33":"tablet-align-left","34":"mobile-align-left","35":"ast-product-gallery-layout-horizontal","36":"ast-product-gallery-with-no-image","37":"ast-product-single-variable","38":"ast-product-tabs-layout-horizontal","39":"ast-qv-on-image","41":"first","42":"instock","43":"shipping-taxable","44":"purchasable","45":"product-type-variable"},"yoast_head":"<!-- This site is optimized with the Yoast SEO plugin v25.9 - https:\/\/yoast.com\/wordpress\/plugins\/seo\/ -->\n<title>Hydrocodone Powder for Sale - Order Hydrocodone Powder Online<\/title>\n<meta name=\"description\" content=\"At our Legitgrams, you can get Hydrocodone Powder for sale at cheap rates. We deal with A-grade quality products only. Buy Hydrocodone Powder online from our store now with fast &amp; secure shipping service.\" \/>\n<meta name=\"robots\" content=\"index, follow, max-snippet:-1, max-image-preview:large, max-video-preview:-1\" \/>\n<link rel=\"canonical\" href=\"https:\/\/legitgrams.com\/pt\/produto\/hidrocodona-em-po\/\" \/>\n<meta property=\"og:locale\" content=\"pt_PT\" \/>\n<meta property=\"og:type\" content=\"article\" \/>\n<meta property=\"og:title\" content=\"Hydrocodone Powder for Sale - Order Hydrocodone Powder Online\" \/>\n<meta property=\"og:description\" content=\"At our Legitgrams, you can get Hydrocodone Powder for sale at cheap rates. We deal with A-grade quality products only. Buy Hydrocodone Powder online from our store now with fast &amp; secure shipping service.\" \/>\n<meta property=\"og:url\" content=\"https:\/\/legitgrams.com\/pt\/produto\/hidrocodona-em-po\/\" \/>\n<meta property=\"og:site_name\" content=\"Legit Grams\" \/>\n<meta property=\"article:modified_time\" content=\"2025-01-14T06:14:51+00:00\" \/>\n<meta property=\"og:image\" content=\"https:\/\/legitgrams.com\/wp-content\/uploads\/2024\/09\/buy-quality-hydrocodone-powder-online.jpg\" \/>\n\t<meta property=\"og:image:width\" content=\"600\" \/>\n\t<meta property=\"og:image:height\" content=\"600\" \/>\n\t<meta property=\"og:image:type\" content=\"image\/jpeg\" \/>\n<meta name=\"twitter:card\" content=\"summary_large_image\" \/>\n<meta name=\"twitter:label1\" content=\"Tempo estimado de leitura\" \/>\n\t<meta name=\"twitter:data1\" content=\"2 minutos\" \/>\n<script type=\"application\/ld+json\" class=\"yoast-schema-graph\">{\"@context\":\"https:\/\/schema.org\",\"@graph\":[{\"@type\":\"WebPage\",\"@id\":\"https:\/\/legitgrams.com\/product\/hydrocodone-powder\/\",\"url\":\"https:\/\/legitgrams.com\/product\/hydrocodone-powder\/\",\"name\":\"Hydrocodone Powder for Sale - Order Hydrocodone Powder Online\",\"isPartOf\":{\"@id\":\"https:\/\/legitgrams.com\/#website\"},\"primaryImageOfPage\":{\"@id\":\"https:\/\/legitgrams.com\/product\/hydrocodone-powder\/#primaryimage\"},\"image\":{\"@id\":\"https:\/\/legitgrams.com\/product\/hydrocodone-powder\/#primaryimage\"},\"thumbnailUrl\":\"https:\/\/legitgrams.com\/wp-content\/uploads\/2024\/09\/buy-quality-hydrocodone-powder-online.jpg\",\"datePublished\":\"2024-09-22T06:38:24+00:00\",\"dateModified\":\"2025-01-14T06:14:51+00:00\",\"description\":\"At our Legitgrams, you can get Hydrocodone Powder for sale at cheap rates. We deal with A-grade quality products only. Buy Hydrocodone Powder online from our store now with fast & secure shipping service.\",\"breadcrumb\":{\"@id\":\"https:\/\/legitgrams.com\/product\/hydrocodone-powder\/#breadcrumb\"},\"inLanguage\":\"pt-PT\",\"potentialAction\":[{\"@type\":\"ReadAction\",\"target\":[\"https:\/\/legitgrams.com\/product\/hydrocodone-powder\/\"]}]},{\"@type\":\"ImageObject\",\"inLanguage\":\"pt-PT\",\"@id\":\"https:\/\/legitgrams.com\/product\/hydrocodone-powder\/#primaryimage\",\"url\":\"https:\/\/legitgrams.com\/wp-content\/uploads\/2024\/09\/buy-quality-hydrocodone-powder-online.jpg\",\"contentUrl\":\"https:\/\/legitgrams.com\/wp-content\/uploads\/2024\/09\/buy-quality-hydrocodone-powder-online.jpg\",\"width\":600,\"height\":600,\"caption\":\"Hydrocodone Powder for Sale\"},{\"@type\":\"BreadcrumbList\",\"@id\":\"https:\/\/legitgrams.com\/product\/hydrocodone-powder\/#breadcrumb\",\"itemListElement\":[{\"@type\":\"ListItem\",\"position\":1,\"name\":\"Home\",\"item\":\"https:\/\/legitgrams.com\/\"},{\"@type\":\"ListItem\",\"position\":2,\"name\":\"Shop\",\"item\":\"https:\/\/legitgrams.com\/shop\/\"},{\"@type\":\"ListItem\",\"position\":3,\"name\":\"Hydrocodone Powder\"}]},{\"@type\":\"WebSite\",\"@id\":\"https:\/\/legitgrams.com\/#website\",\"url\":\"https:\/\/legitgrams.com\/\",\"name\":\"Legit Grams\",\"description\":\"My WordPress Blog\",\"publisher\":{\"@id\":\"https:\/\/legitgrams.com\/#organization\"},\"potentialAction\":[{\"@type\":\"SearchAction\",\"target\":{\"@type\":\"EntryPoint\",\"urlTemplate\":\"https:\/\/legitgrams.com\/?s={search_term_string}\"},\"query-input\":{\"@type\":\"PropertyValueSpecification\",\"valueRequired\":true,\"valueName\":\"search_term_string\"}}],\"inLanguage\":\"pt-PT\"},{\"@type\":\"Organization\",\"@id\":\"https:\/\/legitgrams.com\/#organization\",\"name\":\"Legit Grams\",\"url\":\"https:\/\/legitgrams.com\/\",\"logo\":{\"@type\":\"ImageObject\",\"inLanguage\":\"pt-PT\",\"@id\":\"https:\/\/legitgrams.com\/#\/schema\/logo\/image\/\",\"url\":\"https:\/\/legitgrams.com\/wp-content\/uploads\/2024\/09\/main-logo.png\",\"contentUrl\":\"https:\/\/legitgrams.com\/wp-content\/uploads\/2024\/09\/main-logo.png\",\"width\":270,\"height\":75,\"caption\":\"Legit Grams\"},\"image\":{\"@id\":\"https:\/\/legitgrams.com\/#\/schema\/logo\/image\/\"}}]}<\/script>\n<!-- \/ Yoast SEO plugin. -->","yoast_head_json":{"title":"Hydrocodone Powder for Sale - Encomendar Hydrocodone Powder Online","description":"Em nosso Legitgrams, voc\u00ea pode obter Hydrocodone Powder para venda a pre\u00e7os baratos. N\u00f3s lidamos apenas com produtos de qualidade A-grade. Compre Hydrocodone Powder online na nossa loja agora com um servi\u00e7o de envio r\u00e1pido e seguro.","robots":{"index":"index","follow":"follow","max-snippet":"max-snippet:-1","max-image-preview":"max-image-preview:large","max-video-preview":"max-video-preview:-1"},"canonical":"https:\/\/legitgrams.com\/pt\/produto\/hidrocodona-em-po\/","og_locale":"pt_PT","og_type":"article","og_title":"Hydrocodone Powder for Sale - Order Hydrocodone Powder Online","og_description":"At our Legitgrams, you can get Hydrocodone Powder for sale at cheap rates. We deal with A-grade quality products only. Buy Hydrocodone Powder online from our store now with fast & secure shipping service.","og_url":"https:\/\/legitgrams.com\/pt\/produto\/hidrocodona-em-po\/","og_site_name":"Legit Grams","article_modified_time":"2025-01-14T06:14:51+00:00","og_image":[{"width":600,"height":600,"url":"https:\/\/legitgrams.com\/wp-content\/uploads\/2024\/09\/buy-quality-hydrocodone-powder-online.jpg","type":"image\/jpeg"}],"twitter_card":"summary_large_image","twitter_misc":{"Tempo estimado de leitura":"2 minutos"},"schema":{"@context":"https:\/\/schema.org","@graph":[{"@type":"WebPage","@id":"https:\/\/legitgrams.com\/product\/hydrocodone-powder\/","url":"https:\/\/legitgrams.com\/product\/hydrocodone-powder\/","name":"Hydrocodone Powder for Sale - Encomendar Hydrocodone Powder Online","isPartOf":{"@id":"https:\/\/legitgrams.com\/#website"},"primaryImageOfPage":{"@id":"https:\/\/legitgrams.com\/product\/hydrocodone-powder\/#primaryimage"},"image":{"@id":"https:\/\/legitgrams.com\/product\/hydrocodone-powder\/#primaryimage"},"thumbnailUrl":"https:\/\/legitgrams.com\/wp-content\/uploads\/2024\/09\/buy-quality-hydrocodone-powder-online.jpg","datePublished":"2024-09-22T06:38:24+00:00","dateModified":"2025-01-14T06:14:51+00:00","description":"Em nosso Legitgrams, voc\u00ea pode obter Hydrocodone Powder para venda a pre\u00e7os baratos. N\u00f3s lidamos apenas com produtos de qualidade A-grade. Compre Hydrocodone Powder online na nossa loja agora com um servi\u00e7o de envio r\u00e1pido e seguro.","breadcrumb":{"@id":"https:\/\/legitgrams.com\/product\/hydrocodone-powder\/#breadcrumb"},"inLanguage":"pt-PT","potentialAction":[{"@type":"ReadAction","target":["https:\/\/legitgrams.com\/product\/hydrocodone-powder\/"]}]},{"@type":"ImageObject","inLanguage":"pt-PT","@id":"https:\/\/legitgrams.com\/product\/hydrocodone-powder\/#primaryimage","url":"https:\/\/legitgrams.com\/wp-content\/uploads\/2024\/09\/buy-quality-hydrocodone-powder-online.jpg","contentUrl":"https:\/\/legitgrams.com\/wp-content\/uploads\/2024\/09\/buy-quality-hydrocodone-powder-online.jpg","width":600,"height":600,"caption":"Hydrocodone Powder for Sale"},{"@type":"BreadcrumbList","@id":"https:\/\/legitgrams.com\/product\/hydrocodone-powder\/#breadcrumb","itemListElement":[{"@type":"ListItem","position":1,"name":"Home","item":"https:\/\/legitgrams.com\/"},{"@type":"ListItem","position":2,"name":"Shop","item":"https:\/\/legitgrams.com\/shop\/"},{"@type":"ListItem","position":3,"name":"Hydrocodone Powder"}]},{"@type":"WebSite","@id":"https:\/\/legitgrams.com\/#website","url":"https:\/\/legitgrams.com\/","name":"Gramas leg\u00edtimas","description":"O meu blogue WordPress","publisher":{"@id":"https:\/\/legitgrams.com\/#organization"},"potentialAction":[{"@type":"SearchAction","target":{"@type":"EntryPoint","urlTemplate":"https:\/\/legitgrams.com\/?s={search_term_string}"},"query-input":{"@type":"PropertyValueSpecification","valueRequired":true,"valueName":"search_term_string"}}],"inLanguage":"pt-PT"},{"@type":"Organization","@id":"https:\/\/legitgrams.com\/#organization","name":"Gramas leg\u00edtimas","url":"https:\/\/legitgrams.com\/","logo":{"@type":"ImageObject","inLanguage":"pt-PT","@id":"https:\/\/legitgrams.com\/#\/schema\/logo\/image\/","url":"https:\/\/legitgrams.com\/wp-content\/uploads\/2024\/09\/main-logo.png","contentUrl":"https:\/\/legitgrams.com\/wp-content\/uploads\/2024\/09\/main-logo.png","width":270,"height":75,"caption":"Legit Grams"},"image":{"@id":"https:\/\/legitgrams.com\/#\/schema\/logo\/image\/"}}]}},"uagb_featured_image_src":{"full":["https:\/\/legitgrams.com\/wp-content\/uploads\/2024\/09\/buy-quality-hydrocodone-powder-online.jpg",600,600,false],"thumbnail":["https:\/\/legitgrams.com\/wp-content\/uploads\/2024\/09\/buy-quality-hydrocodone-powder-online-150x150.jpg",150,150,true],"medium":["https:\/\/legitgrams.com\/wp-content\/uploads\/2024\/09\/buy-quality-hydrocodone-powder-online-300x300.jpg",300,300,true],"medium_large":["https:\/\/legitgrams.com\/wp-content\/uploads\/2024\/09\/buy-quality-hydrocodone-powder-online.jpg",600,600,false],"large":["https:\/\/legitgrams.com\/wp-content\/uploads\/2024\/09\/buy-quality-hydrocodone-powder-online.jpg",600,600,false],"1536x1536":["https:\/\/legitgrams.com\/wp-content\/uploads\/2024\/09\/buy-quality-hydrocodone-powder-online.jpg",600,600,false],"2048x2048":["https:\/\/legitgrams.com\/wp-content\/uploads\/2024\/09\/buy-quality-hydrocodone-powder-online.jpg",600,600,false],"trp-custom-language-flag":["https:\/\/legitgrams.com\/wp-content\/uploads\/2024\/09\/buy-quality-hydrocodone-powder-online-12x12.jpg",12,12,true],"woocommerce_thumbnail":["https:\/\/legitgrams.com\/wp-content\/uploads\/2024\/09\/buy-quality-hydrocodone-powder-online-300x300.jpg",300,300,true],"woocommerce_single":["https:\/\/legitgrams.com\/wp-content\/uploads\/2024\/09\/buy-quality-hydrocodone-powder-online.jpg",600,600,false],"woocommerce_gallery_thumbnail":["https:\/\/legitgrams.com\/wp-content\/uploads\/2024\/09\/buy-quality-hydrocodone-powder-online-100x100.jpg",100,100,true]},"uagb_author_info":{"display_name":"cokeblog18","author_link":"https:\/\/legitgrams.com\/pt\/author\/"},"uagb_comment_info":0,"uagb_excerpt":"Purchase High-Grade Hydrocodone Powder Online Hydrocodone is one kind of opioid pain reliever. Hysingla ER and Zohydro ER are two examples of extended-release hydrocodone\u00a0formulations that are used to constantly treat extreme pain. Extended-release hydrocodone is not intended to relieve pain. In addition to the uses listed in this pharmacological guide, hydrocodone has further uses. Hydrocodone&hellip;","_links":{"self":[{"href":"https:\/\/legitgrams.com\/pt\/wp-json\/wp\/v2\/product\/4231","targetHints":{"allow":["GET"]}}],"collection":[{"href":"https:\/\/legitgrams.com\/pt\/wp-json\/wp\/v2\/product"}],"about":[{"href":"https:\/\/legitgrams.com\/pt\/wp-json\/wp\/v2\/types\/product"}],"replies":[{"embeddable":true,"href":"https:\/\/legitgrams.com\/pt\/wp-json\/wp\/v2\/comments?post=4231"}],"wp:featuredmedia":[{"embeddable":true,"href":"https:\/\/legitgrams.com\/pt\/wp-json\/wp\/v2\/media\/5310"}],"wp:attachment":[{"href":"https:\/\/legitgrams.com\/pt\/wp-json\/wp\/v2\/media?parent=4231"}],"wp:term":[{"taxonomy":"product_brand","embeddable":true,"href":"https:\/\/legitgrams.com\/pt\/wp-json\/wp\/v2\/product_brand?post=4231"},{"taxonomy":"product_cat","embeddable":true,"href":"https:\/\/legitgrams.com\/pt\/wp-json\/wp\/v2\/product_cat?post=4231"},{"taxonomy":"product_tag","embeddable":true,"href":"https:\/\/legitgrams.com\/pt\/wp-json\/wp\/v2\/product_tag?post=4231"}],"curies":[{"name":"wp","href":"https:\/\/api.w.org\/{rel}","templated":true}]}}