{"id":4232,"date":"2024-09-22T06:37:50","date_gmt":"2024-09-22T06:37:50","guid":{"rendered":"https:\/\/legitgrams.com\/?post_type=product&#038;p=4232"},"modified":"2025-01-14T10:54:04","modified_gmt":"2025-01-14T10:54:04","slug":"pirazolam-0-5-mg-pellets","status":"publish","type":"product","link":"https:\/\/legitgrams.com\/pt\/produto\/pirazolam-0-5-mg-pellets\/","title":{"rendered":"Pirazolam 0,5 mg pellets"},"content":{"rendered":"<h2>Compre pellets de 0,5 mg de Pirazolam online.<br \/>\nPor que o pirazolam \u00e9 usado?<\/h2>\n<p>Alprazolam, um membro b\u00e1sico da classe de produtos qu\u00edmicos benzodiazep\u00ednicos, \u00e9 outro sint\u00e9tico que est\u00e1 sendo estudado. Acredita-se que, devido \u00e0 sua estrutura, ele se ligaria alostericamente ao receptor GABA de uma forma compar\u00e1vel \u00e0 do flubromazepam e do etizolam, mas com uma afinidade maior e uma meia-vida de meio dia. \u00c9 razo\u00e1vel supor, com base na estrutura, que o pirazolam causa menos ataxia e age mais como um ansiol\u00edtico do que como um narc\u00f3tico. Esta \u00e9 apenas uma informa\u00e7\u00e3o hipot\u00e9tica, no entanto, no caso de o pirazolam ser autorizado para pesquisa in vivo (em um organismo vivo). Muitos pesquisadores que utilizam o etizolam podem descobrir o pirazolam, um ligante pr\u00f3ximo incr\u00edvel, tanto em seus testes de acoplamento quanto no exame de refer\u00eancia geral.<\/p>\n<h3>Para que fins \u00e9 utilizado o pirazolam?<\/h3>\n<p><a href=\"https:\/\/en.wikipedia.org\/wiki\/Pyrazolam\">Pirazolam<\/a> O pirazolam pode ser um bom ligando para iniciar estudos de restri\u00e7\u00e3o s\u00e9rios e autorizados com o recetor GABA, porque \u00e9 um composto explorat\u00f3rio que s\u00f3 \u00e9 permitido para utiliza\u00e7\u00e3o in vitro (um organismo vivo externo). Os cientistas poderiam tra\u00e7ar um perfil completo da propens\u00e3o de acoplamento e da capacidade de sobreviv\u00eancia do pirazolam utilizando uma pel\u00edcula sint\u00e9tica infundida com receptores GABA. Uma vez que o pirazolam se dissolve na \u00e1gua, tamb\u00e9m pode ser utilizado, dilu\u00eddo, numa solu\u00e7\u00e3o \u00e0 base de \u00e1gua para a maior parte da \u00e1rea de superf\u00edcie extrema. O pirazolam \u00e9 um medicamento explorat\u00f3rio fant\u00e1stico que pode ser combinado com outros medicamentos sint\u00e9ticos \u00e0 base de benzodiazepinas, como o flubromazepam.<br \/>\nAs bibliotecas de refer\u00eancia sint\u00e9ticas que compilam dados sobre investiga\u00e7\u00f5es de subst\u00e2ncias para cada novo composto podem utilizar o pirazolam. O pirazolam pode ser utilizado como fonte de pontos de vista para an\u00e1lises FTIR, NMR, HPLC e GC\/MS. O pirazolam tamb\u00e9m \u00e9 aplic\u00e1vel para testes de reagentes b\u00e1sicos necess\u00e1rios. <a href=\"https:\/\/legitgrams.com\/pt\/\">LegitGrams<\/a><\/p>\n<p>O estearato de magn\u00e9sio e a celulose microcristalina, que s\u00e3o utilizados no ciclo de peletiza\u00e7\u00e3o, est\u00e3o presentes nos nossos pellets de pirazolam. Devido ao facto de a baixa quantidade deste sint\u00e9tico ser t\u00e3o din\u00e2mica, decidimos granular o nosso pirazolam para permitir que os cientistas tenham uma medida precisa simplesmente para utilizar um tipo da subst\u00e2ncia. Tamb\u00e9m \u00e9 menos arriscado incluir o composto dentro de um pellet protegido para evitar derrames acidentais ou potenciais respira\u00e7\u00f5es internas.<\/p>\n<p>Onde comprar Pyrazolam? Comprar Pyrazolam 0,5 mg pellets online - comprar <a href=\"https:\/\/legitgrams.com\/pt\/produto\/pirazolam-0-5-mg-pellets\/\">Pirazolam<\/a> 0.5 mg pellets, comprar Pyrazolam 0.5 mg pellets usa, comprar Pyrazolam 0.5 mg pellets online USA get Pyrazolam 0.5 mg pellets online near me, where to get Pyrazolam 0.5 mg pellets online, Pyrazolam 0.5 mg pellets para venda nos EUA, Canad\u00e1 e Reino Unido, comprar, online, fornecedores, entrega segura, 0,5 mg pellets, Pyrazolam 0,5 mg pellets para venda, Pyrazolam 0,5 mg pellets para venda perto de mim, Ainda pode obter Pyrazolam 0,5 mg pellets. Tamb\u00e9m pode saber se Pyrazolam 0,5 mg pellets \u00e9 legal nos Estados Unidos, como encomendar Pyrazolam 0,5 mg pellets e se \u00e9 legal no Canad\u00e1.<\/p>","protected":false},"excerpt":{"rendered":"<p>Purchase 0.5 mg pellets of Pyrazolam online. Why is pyrazolam used? Alprazolam, a basic member of the benzodiazepine class of chemicals, is another synthetic that is being studied. It is thought that because of its structure, it would allosterically bind to the GABA receptor in a way that is comparable to that of flubromazepam and &hellip;<\/p>\n<p class=\"read-more\"> <a class=\"\" href=\"https:\/\/legitgrams.com\/pt\/produto\/pirazolam-0-5-mg-pellets\/\"> <span class=\"screen-reader-text\">Pirazolam 0,5 mg pellets<\/span> Ler mais \"<\/a><\/p>","protected":false},"featured_media":5309,"comment_status":"open","ping_status":"closed","template":"","meta":{"_uag_custom_page_level_css":"","site-sidebar-layout":"default","site-content-layout":"default","ast-global-header-display":"","ast-main-header-display":"","ast-hfb-above-header-display":"","ast-hfb-below-header-display":"","ast-hfb-mobile-header-display":"","site-post-title":"","ast-breadcrumbs-content":"","ast-featured-img":"","footer-sml-layout":"","theme-transparent-header-meta":"default","adv-header-id-meta":"","stick-header-meta":"default","header-above-stick-meta":"","header-main-stick-meta":"","header-below-stick-meta":"","_joinchat":[]},"product_brand":[],"product_cat":[600],"product_tag":[1957,1947,617,1939,1954,1951,1946,1944,1956,1938,1941,1949,1940,1942,1952,1959,1960,1958,1950,1955,1953,625,1945,1948,1943],"class_list":{"0":"post-4232","1":"product","2":"type-product","3":"status-publish","4":"has-post-thumbnail","6":"product_cat-research-chemicals-and-bath-salt","7":"product_tag-best-cheap-price-pyrazolam-0-5-mg-pellets","8":"product_tag-best-place-to-buy-pyrazolam-0-5-mg-pellets","9":"product_tag-bulk-online","10":"product_tag-buy-pyrazolam-0-5-mg-pellets","11":"product_tag-cheap-pyrazolam-0-5-mg-pellets","12":"product_tag-high-quality-pyrazolam-0-5-mg-pellets","13":"product_tag-how-to-buy-pyrazolam-0-5-mg-pellets","14":"product_tag-order-pyrazolam-0-5-mg-pellets","15":"product_tag-purcharse-pyrazolam-0-5-mg-pellets","16":"product_tag-pyrazolam-0-5-mg-pellets","17":"product_tag-pyrazolam-0-5-mg-pellets-for-sale","18":"product_tag-pyrazolam-0-5-mg-pellets-legally","19":"product_tag-pyrazolam-0-5-mg-pellets-online","20":"product_tag-pyrazolam-0-5-mg-pellets-pyrazolam-0-5-mg-pellets-supplier","21":"product_tag-pyrazolam-0-5-mg-pellets-store","22":"product_tag-pyrazolam-0-5-mg-pellets-use","23":"product_tag-pyrazolam-0-5-mg-pellets-wiki","24":"product_tag-pyrazolam-0-5-mg-pellets-worldwide","25":"product_tag-pyrazolam-0-5-mg-pelletsprice","26":"product_tag-pyrazolam-0-5-mg-pelletss","27":"product_tag-shop-pyrazolam-0-5-mg-pellets","28":"product_tag-top-quality","29":"product_tag-where-to-buy-pyrazolam-0-5-mg-pellets","30":"product_tag-where-to-order-pyrazolam-0-5-mg-pellets","31":"product_tag-wholesale-pyrazolam-0-5-mg-pellets","32":"desktop-align-left","33":"tablet-align-left","34":"mobile-align-left","35":"ast-product-gallery-layout-horizontal","36":"ast-product-gallery-with-no-image","37":"ast-product-single-variable","38":"ast-product-tabs-layout-horizontal","39":"ast-qv-on-image","41":"first","42":"instock","43":"shipping-taxable","44":"purchasable","45":"product-type-variable"},"yoast_head":"<!-- This site is optimized with the Yoast SEO plugin v25.9 - https:\/\/yoast.com\/wordpress\/plugins\/seo\/ -->\n<title>Order Pyrazolam 0.5mg Pellets Online @ Best Price | LegitGrams<\/title>\n<meta name=\"description\" content=\"Looking to further your research? Buy pyrazolam 0.5mg pellets conveniently and securely online, with a straightforward ordering process for pyrazolam 0.5mg pellets for sale. Order Now with Fast and Discreet Shipping!\" \/>\n<meta name=\"robots\" content=\"index, follow, max-snippet:-1, max-image-preview:large, max-video-preview:-1\" \/>\n<link rel=\"canonical\" href=\"https:\/\/legitgrams.com\/pt\/produto\/pirazolam-0-5-mg-pellets\/\" \/>\n<meta property=\"og:locale\" content=\"pt_PT\" \/>\n<meta property=\"og:type\" content=\"article\" \/>\n<meta property=\"og:title\" content=\"Order Pyrazolam 0.5mg Pellets Online @ Best Price | LegitGrams\" \/>\n<meta property=\"og:description\" content=\"Looking to further your research? Buy pyrazolam 0.5mg pellets conveniently and securely online, with a straightforward ordering process for pyrazolam 0.5mg pellets for sale. Order Now with Fast and Discreet Shipping!\" \/>\n<meta property=\"og:url\" content=\"https:\/\/legitgrams.com\/pt\/produto\/pirazolam-0-5-mg-pellets\/\" \/>\n<meta property=\"og:site_name\" content=\"Legit Grams\" \/>\n<meta property=\"article:modified_time\" content=\"2025-01-14T10:54:04+00:00\" \/>\n<meta property=\"og:image\" content=\"https:\/\/legitgrams.com\/wp-content\/uploads\/2024\/09\/buy-pyrazolam-0-5-mg-pellets-online.jpg\" \/>\n\t<meta property=\"og:image:width\" content=\"600\" \/>\n\t<meta property=\"og:image:height\" content=\"600\" \/>\n\t<meta property=\"og:image:type\" content=\"image\/jpeg\" \/>\n<meta name=\"twitter:card\" content=\"summary_large_image\" \/>\n<meta name=\"twitter:label1\" content=\"Tempo estimado de leitura\" \/>\n\t<meta name=\"twitter:data1\" content=\"3 minutos\" \/>\n<script type=\"application\/ld+json\" class=\"yoast-schema-graph\">{\"@context\":\"https:\/\/schema.org\",\"@graph\":[{\"@type\":\"WebPage\",\"@id\":\"https:\/\/legitgrams.com\/product\/pyrazolam-0-5-mg-pellets\/\",\"url\":\"https:\/\/legitgrams.com\/product\/pyrazolam-0-5-mg-pellets\/\",\"name\":\"Order Pyrazolam 0.5mg Pellets Online @ Best Price | LegitGrams\",\"isPartOf\":{\"@id\":\"https:\/\/legitgrams.com\/#website\"},\"primaryImageOfPage\":{\"@id\":\"https:\/\/legitgrams.com\/product\/pyrazolam-0-5-mg-pellets\/#primaryimage\"},\"image\":{\"@id\":\"https:\/\/legitgrams.com\/product\/pyrazolam-0-5-mg-pellets\/#primaryimage\"},\"thumbnailUrl\":\"https:\/\/legitgrams.com\/wp-content\/uploads\/2024\/09\/buy-pyrazolam-0-5-mg-pellets-online.jpg\",\"datePublished\":\"2024-09-22T06:37:50+00:00\",\"dateModified\":\"2025-01-14T10:54:04+00:00\",\"description\":\"Looking to further your research? Buy pyrazolam 0.5mg pellets conveniently and securely online, with a straightforward ordering process for pyrazolam 0.5mg pellets for sale. Order Now with Fast and Discreet Shipping!\",\"breadcrumb\":{\"@id\":\"https:\/\/legitgrams.com\/product\/pyrazolam-0-5-mg-pellets\/#breadcrumb\"},\"inLanguage\":\"pt-PT\",\"potentialAction\":[{\"@type\":\"ReadAction\",\"target\":[\"https:\/\/legitgrams.com\/product\/pyrazolam-0-5-mg-pellets\/\"]}]},{\"@type\":\"ImageObject\",\"inLanguage\":\"pt-PT\",\"@id\":\"https:\/\/legitgrams.com\/product\/pyrazolam-0-5-mg-pellets\/#primaryimage\",\"url\":\"https:\/\/legitgrams.com\/wp-content\/uploads\/2024\/09\/buy-pyrazolam-0-5-mg-pellets-online.jpg\",\"contentUrl\":\"https:\/\/legitgrams.com\/wp-content\/uploads\/2024\/09\/buy-pyrazolam-0-5-mg-pellets-online.jpg\",\"width\":600,\"height\":600,\"caption\":\"Pyrazolam 0.5mg Pellets for Sale\"},{\"@type\":\"BreadcrumbList\",\"@id\":\"https:\/\/legitgrams.com\/product\/pyrazolam-0-5-mg-pellets\/#breadcrumb\",\"itemListElement\":[{\"@type\":\"ListItem\",\"position\":1,\"name\":\"Home\",\"item\":\"https:\/\/legitgrams.com\/\"},{\"@type\":\"ListItem\",\"position\":2,\"name\":\"Shop\",\"item\":\"https:\/\/legitgrams.com\/shop\/\"},{\"@type\":\"ListItem\",\"position\":3,\"name\":\"Pyrazolam 0.5 mg pellets\"}]},{\"@type\":\"WebSite\",\"@id\":\"https:\/\/legitgrams.com\/#website\",\"url\":\"https:\/\/legitgrams.com\/\",\"name\":\"Legit Grams\",\"description\":\"My WordPress Blog\",\"publisher\":{\"@id\":\"https:\/\/legitgrams.com\/#organization\"},\"potentialAction\":[{\"@type\":\"SearchAction\",\"target\":{\"@type\":\"EntryPoint\",\"urlTemplate\":\"https:\/\/legitgrams.com\/?s={search_term_string}\"},\"query-input\":{\"@type\":\"PropertyValueSpecification\",\"valueRequired\":true,\"valueName\":\"search_term_string\"}}],\"inLanguage\":\"pt-PT\"},{\"@type\":\"Organization\",\"@id\":\"https:\/\/legitgrams.com\/#organization\",\"name\":\"Legit Grams\",\"url\":\"https:\/\/legitgrams.com\/\",\"logo\":{\"@type\":\"ImageObject\",\"inLanguage\":\"pt-PT\",\"@id\":\"https:\/\/legitgrams.com\/#\/schema\/logo\/image\/\",\"url\":\"https:\/\/legitgrams.com\/wp-content\/uploads\/2024\/09\/main-logo.png\",\"contentUrl\":\"https:\/\/legitgrams.com\/wp-content\/uploads\/2024\/09\/main-logo.png\",\"width\":270,\"height\":75,\"caption\":\"Legit Grams\"},\"image\":{\"@id\":\"https:\/\/legitgrams.com\/#\/schema\/logo\/image\/\"}}]}<\/script>\n<!-- \/ Yoast SEO plugin. -->","yoast_head_json":{"title":"Encomendar Pyrazolam 0.5mg Pellets Online @ Best Price | LegitGrams","description":"Quer aprofundar a sua investiga\u00e7\u00e3o? Compre pirazolam 0.5mg pellets de forma conveniente e segura online, com um processo de encomenda simples para pirazolam 0.5mg pellets para venda. Encomende agora com envio r\u00e1pido e discreto!","robots":{"index":"index","follow":"follow","max-snippet":"max-snippet:-1","max-image-preview":"max-image-preview:large","max-video-preview":"max-video-preview:-1"},"canonical":"https:\/\/legitgrams.com\/pt\/produto\/pirazolam-0-5-mg-pellets\/","og_locale":"pt_PT","og_type":"article","og_title":"Order Pyrazolam 0.5mg Pellets Online @ Best Price | LegitGrams","og_description":"Looking to further your research? Buy pyrazolam 0.5mg pellets conveniently and securely online, with a straightforward ordering process for pyrazolam 0.5mg pellets for sale. Order Now with Fast and Discreet Shipping!","og_url":"https:\/\/legitgrams.com\/pt\/produto\/pirazolam-0-5-mg-pellets\/","og_site_name":"Legit Grams","article_modified_time":"2025-01-14T10:54:04+00:00","og_image":[{"width":600,"height":600,"url":"https:\/\/legitgrams.com\/wp-content\/uploads\/2024\/09\/buy-pyrazolam-0-5-mg-pellets-online.jpg","type":"image\/jpeg"}],"twitter_card":"summary_large_image","twitter_misc":{"Tempo estimado de leitura":"3 minutos"},"schema":{"@context":"https:\/\/schema.org","@graph":[{"@type":"WebPage","@id":"https:\/\/legitgrams.com\/product\/pyrazolam-0-5-mg-pellets\/","url":"https:\/\/legitgrams.com\/product\/pyrazolam-0-5-mg-pellets\/","name":"Encomendar Pyrazolam 0.5mg Pellets Online @ Best Price | LegitGrams","isPartOf":{"@id":"https:\/\/legitgrams.com\/#website"},"primaryImageOfPage":{"@id":"https:\/\/legitgrams.com\/product\/pyrazolam-0-5-mg-pellets\/#primaryimage"},"image":{"@id":"https:\/\/legitgrams.com\/product\/pyrazolam-0-5-mg-pellets\/#primaryimage"},"thumbnailUrl":"https:\/\/legitgrams.com\/wp-content\/uploads\/2024\/09\/buy-pyrazolam-0-5-mg-pellets-online.jpg","datePublished":"2024-09-22T06:37:50+00:00","dateModified":"2025-01-14T10:54:04+00:00","description":"Quer aprofundar a sua investiga\u00e7\u00e3o? Compre pirazolam 0.5mg pellets de forma conveniente e segura online, com um processo de encomenda simples para pirazolam 0.5mg pellets para venda. Encomende agora com envio r\u00e1pido e discreto!","breadcrumb":{"@id":"https:\/\/legitgrams.com\/product\/pyrazolam-0-5-mg-pellets\/#breadcrumb"},"inLanguage":"pt-PT","potentialAction":[{"@type":"ReadAction","target":["https:\/\/legitgrams.com\/product\/pyrazolam-0-5-mg-pellets\/"]}]},{"@type":"ImageObject","inLanguage":"pt-PT","@id":"https:\/\/legitgrams.com\/product\/pyrazolam-0-5-mg-pellets\/#primaryimage","url":"https:\/\/legitgrams.com\/wp-content\/uploads\/2024\/09\/buy-pyrazolam-0-5-mg-pellets-online.jpg","contentUrl":"https:\/\/legitgrams.com\/wp-content\/uploads\/2024\/09\/buy-pyrazolam-0-5-mg-pellets-online.jpg","width":600,"height":600,"caption":"Pyrazolam 0.5mg Pellets for Sale"},{"@type":"BreadcrumbList","@id":"https:\/\/legitgrams.com\/product\/pyrazolam-0-5-mg-pellets\/#breadcrumb","itemListElement":[{"@type":"ListItem","position":1,"name":"Home","item":"https:\/\/legitgrams.com\/"},{"@type":"ListItem","position":2,"name":"Shop","item":"https:\/\/legitgrams.com\/shop\/"},{"@type":"ListItem","position":3,"name":"Pyrazolam 0.5 mg pellets"}]},{"@type":"WebSite","@id":"https:\/\/legitgrams.com\/#website","url":"https:\/\/legitgrams.com\/","name":"Gramas leg\u00edtimas","description":"O meu blogue WordPress","publisher":{"@id":"https:\/\/legitgrams.com\/#organization"},"potentialAction":[{"@type":"SearchAction","target":{"@type":"EntryPoint","urlTemplate":"https:\/\/legitgrams.com\/?s={search_term_string}"},"query-input":{"@type":"PropertyValueSpecification","valueRequired":true,"valueName":"search_term_string"}}],"inLanguage":"pt-PT"},{"@type":"Organization","@id":"https:\/\/legitgrams.com\/#organization","name":"Gramas leg\u00edtimas","url":"https:\/\/legitgrams.com\/","logo":{"@type":"ImageObject","inLanguage":"pt-PT","@id":"https:\/\/legitgrams.com\/#\/schema\/logo\/image\/","url":"https:\/\/legitgrams.com\/wp-content\/uploads\/2024\/09\/main-logo.png","contentUrl":"https:\/\/legitgrams.com\/wp-content\/uploads\/2024\/09\/main-logo.png","width":270,"height":75,"caption":"Legit Grams"},"image":{"@id":"https:\/\/legitgrams.com\/#\/schema\/logo\/image\/"}}]}},"uagb_featured_image_src":{"full":["https:\/\/legitgrams.com\/wp-content\/uploads\/2024\/09\/buy-pyrazolam-0-5-mg-pellets-online.jpg",600,600,false],"thumbnail":["https:\/\/legitgrams.com\/wp-content\/uploads\/2024\/09\/buy-pyrazolam-0-5-mg-pellets-online-150x150.jpg",150,150,true],"medium":["https:\/\/legitgrams.com\/wp-content\/uploads\/2024\/09\/buy-pyrazolam-0-5-mg-pellets-online-300x300.jpg",300,300,true],"medium_large":["https:\/\/legitgrams.com\/wp-content\/uploads\/2024\/09\/buy-pyrazolam-0-5-mg-pellets-online.jpg",600,600,false],"large":["https:\/\/legitgrams.com\/wp-content\/uploads\/2024\/09\/buy-pyrazolam-0-5-mg-pellets-online.jpg",600,600,false],"1536x1536":["https:\/\/legitgrams.com\/wp-content\/uploads\/2024\/09\/buy-pyrazolam-0-5-mg-pellets-online.jpg",600,600,false],"2048x2048":["https:\/\/legitgrams.com\/wp-content\/uploads\/2024\/09\/buy-pyrazolam-0-5-mg-pellets-online.jpg",600,600,false],"trp-custom-language-flag":["https:\/\/legitgrams.com\/wp-content\/uploads\/2024\/09\/buy-pyrazolam-0-5-mg-pellets-online-12x12.jpg",12,12,true],"woocommerce_thumbnail":["https:\/\/legitgrams.com\/wp-content\/uploads\/2024\/09\/buy-pyrazolam-0-5-mg-pellets-online-300x300.jpg",300,300,true],"woocommerce_single":["https:\/\/legitgrams.com\/wp-content\/uploads\/2024\/09\/buy-pyrazolam-0-5-mg-pellets-online.jpg",600,600,false],"woocommerce_gallery_thumbnail":["https:\/\/legitgrams.com\/wp-content\/uploads\/2024\/09\/buy-pyrazolam-0-5-mg-pellets-online-100x100.jpg",100,100,true]},"uagb_author_info":{"display_name":"cokeblog18","author_link":"https:\/\/legitgrams.com\/pt\/author\/"},"uagb_comment_info":0,"uagb_excerpt":"Purchase 0.5 mg pellets of Pyrazolam online. Why is pyrazolam used? Alprazolam, a basic member of the benzodiazepine class of chemicals, is another synthetic that is being studied. It is thought that because of its structure, it would allosterically bind to the GABA receptor in a way that is comparable to that of flubromazepam and&hellip;","_links":{"self":[{"href":"https:\/\/legitgrams.com\/pt\/wp-json\/wp\/v2\/product\/4232","targetHints":{"allow":["GET"]}}],"collection":[{"href":"https:\/\/legitgrams.com\/pt\/wp-json\/wp\/v2\/product"}],"about":[{"href":"https:\/\/legitgrams.com\/pt\/wp-json\/wp\/v2\/types\/product"}],"replies":[{"embeddable":true,"href":"https:\/\/legitgrams.com\/pt\/wp-json\/wp\/v2\/comments?post=4232"}],"wp:featuredmedia":[{"embeddable":true,"href":"https:\/\/legitgrams.com\/pt\/wp-json\/wp\/v2\/media\/5309"}],"wp:attachment":[{"href":"https:\/\/legitgrams.com\/pt\/wp-json\/wp\/v2\/media?parent=4232"}],"wp:term":[{"taxonomy":"product_brand","embeddable":true,"href":"https:\/\/legitgrams.com\/pt\/wp-json\/wp\/v2\/product_brand?post=4232"},{"taxonomy":"product_cat","embeddable":true,"href":"https:\/\/legitgrams.com\/pt\/wp-json\/wp\/v2\/product_cat?post=4232"},{"taxonomy":"product_tag","embeddable":true,"href":"https:\/\/legitgrams.com\/pt\/wp-json\/wp\/v2\/product_tag?post=4232"}],"curies":[{"name":"wp","href":"https:\/\/api.w.org\/{rel}","templated":true}]}}