{"id":4233,"date":"2024-09-22T06:43:20","date_gmt":"2024-09-22T06:43:20","guid":{"rendered":"https:\/\/legitgrams.com\/?post_type=product&#038;p=4233"},"modified":"2025-04-03T08:12:13","modified_gmt":"2025-04-03T08:12:13","slug":"metho-methadone-hcl-po","status":"publish","type":"product","link":"https:\/\/legitgrams.com\/pt\/produto\/metho-methadone-hcl-po\/","title":{"rendered":"Comprar Metho Methadone HCL em p\u00f3 online"},"content":{"rendered":"<h2>Compre p\u00f3 de Metho Metadona HCL 99,8% puro online a pre\u00e7os de atacado.<\/h2>\n<p>A dor moderada a grave \u00e9 tratada com <a href=\"https:\/\/legitgrams.com\/pt\/produto\/metho-methadone-hcl-po\/\">metho (metadona HCL<\/a>).<\/p>\n<p>Junto com supervis\u00e3o e assist\u00eancia m\u00e9dica, tamb\u00e9m \u00e9 usado para tratar depend\u00eancia de drogas ou controlar sintomas de abstin\u00eancia em indiv\u00edduos em terapia. Esta droga age como um narc\u00f3tico para reduzir a dor.<\/p>\n<h3>Como os pacotes s\u00e3o enviados?<\/h3>\n<p>Carregamos meticulosamente o objeto com papel carbono e tungst\u00eanio para que ele passe pelo equipamento de raio-X da alf\u00e2ndega do aeroporto. Os pacotes s\u00e3o meticulosamente embrulhados em papel de embrulho do lado de fora.<\/p>\n<p><a href=\"https:\/\/www.bing.com\/search?q=ComprepdeMethoMetadonaHCLonline&amp;qs=n&amp;form=QBRE&amp;sp=-1&amp;lq=0&amp;pq=comprepdemethometadonahclonline&amp;sc=0-38&amp;sk=&amp;cvid=221AB84D6E1944D8A90E4D738F51DA73&amp;ghsh=0&amp;ghacc=0&amp;ghpl=\">P\u00f3 de Metho (Metadona HCL)<\/a> ou Sal: Metho (Metadona HCL) \u00e9 usado para aliviar dores moderadas a severas. Este medicamento \u00e9 ideal para terapia de tratamento de depend\u00eancia qu\u00edmica e monitoramento m\u00e9dico. ajuda as pessoas a controlar seus sintomas de abstin\u00eancia.<\/p>\n<p><a href=\"https:\/\/www.google.com\/search?q=Compre+p+de+Metho+Metadona+HCL+online&amp;sca_esv=eddefdb7b92e7545&amp;sxsrf=AHTn8zqW3sdc5vcr4gOOX7_MQg4xMtH36g1743668011775&amp;ei=K0PuZ96FL9W_0PEP16Xl8AU&amp;ved=0ahUKEwiex8rDtbuMAxXVHzQIHddSGV4Q4dUDCBA&amp;uact=5&amp;oq=Compre+p+de+Metho+Metadona+HCL+online&amp;gs_lp=Egxnd3Mtd2l6LXNlcnAiJ0NvbXByZSBww7MgZGUgTWV0aG8gTWV0YWRvbmEgSENMIG9ubGluZTIHECEYoAEYCjIHECEYoAEYCjIHECEYoAEYCjIHECEYoAEYCkikBVAAWABwAHgAkAEAmAGcA6ABnAOqAQM0LTG4AQPIAQD4AQL4AQGYAgGgAqEDmAMA4gMFEgExIECSBwM0LTGgB4IGsgcDNC0xuAehAw&amp;sclient=gws-wiz-serp\">Comprar Metho Methadone HCL em p\u00f3 online<\/a>: Compre Metho Methadone online nos EUA, bem como compre p\u00f3 de metadona HCL. Onde posso comprar p\u00f3 de metadona HCL? Onde posso comprar <a href=\"https:\/\/en.wikipedia.org\/wiki\/Methadone\">metadona HCL<\/a> p\u00f3 online? Onde posso comprar p\u00f3 de metadona HCL online? Onde posso comprar p\u00f3 de metadona HCL online? Onde posso comprar p\u00f3 de metadona HCL online? Onde posso comprar p\u00f3 de metadona HCL online? EUA, Canad\u00e1, Reino Unido, comprar, online, fornecedores, entrega segura, O p\u00f3 de metadona HCL ainda est\u00e1 dispon\u00edvel. \u00c9 legal comprar p\u00f3 de metadona HCL nos Estados Unidos? Como posso fazer um pedido online para <a href=\"https:\/\/duckduckgo.com\/?q=Compre+p+de+Metho+Metadona+HCL+online&amp;t=h_\">p\u00f3 de meto metadona HCL<\/a>? \u00c9 legal usar p\u00f3 de metometadona HCL no Canad\u00e1? <a href=\"https:\/\/legitgrams.com\/pt\/\">LegitGrams<\/a><\/p>","protected":false},"excerpt":{"rendered":"<p>Purchase 99.8% Pure Metho Methadone HCL Powder Online at Wholesale Prices. Moderate to severe pain is treated with metho (methadone HCL). Along with medical supervision and assistance, it is also used to treat drug addiction or control withdrawal symptoms in individuals undergoing therapy. This drug acts as a narcotic to reduce pain. How do packages &hellip;<\/p>\n<p class=\"read-more\"> <a class=\"\" href=\"https:\/\/legitgrams.com\/pt\/produto\/metho-methadone-hcl-po\/\"> <span class=\"screen-reader-text\">Comprar Metho Methadone HCL em p\u00f3 online<\/span> Ler mais \"<\/a><\/p>","protected":false},"featured_media":5288,"comment_status":"open","ping_status":"closed","template":"","meta":{"_uag_custom_page_level_css":"","site-sidebar-layout":"default","site-content-layout":"default","ast-global-header-display":"","ast-main-header-display":"","ast-hfb-above-header-display":"","ast-hfb-below-header-display":"","ast-hfb-mobile-header-display":"","site-post-title":"","ast-breadcrumbs-content":"","ast-featured-img":"","footer-sml-layout":"","theme-transparent-header-meta":"default","adv-header-id-meta":"","stick-header-meta":"default","header-above-stick-meta":"","header-main-stick-meta":"","header-below-stick-meta":"","_joinchat":[]},"product_brand":[],"product_cat":[600],"product_tag":[1750,1740,617,1732,1747,1744,1739,1731,1734,1742,1735,1733,1745,1752,1753,1751,1743,1748,1737,1749,1746,625,1738,1741,1736],"class_list":{"0":"post-4233","1":"product","2":"type-product","3":"status-publish","4":"has-post-thumbnail","6":"product_cat-research-chemicals-and-bath-salt","7":"product_tag-best-cheap-price-metho-methadone-hcl-powder","8":"product_tag-best-place-to-buy-metho-methadone-hcl-powder","9":"product_tag-bulk-online","10":"product_tag-buy-metho-methadone-hcl-powder","11":"product_tag-cheap-metho-methadone-hcl-powder","12":"product_tag-high-quality-metho-methadone-hcl-powder","13":"product_tag-how-to-buy-metho-methadone-hcl-powder","14":"product_tag-metho-methadone-hcl-powder","15":"product_tag-metho-methadone-hcl-powder-for-sale","16":"product_tag-metho-methadone-hcl-powder-legally","17":"product_tag-metho-methadone-hcl-powder-metho-methadone-hcl-powder-supplier","18":"product_tag-metho-methadone-hcl-powder-online","19":"product_tag-metho-methadone-hcl-powder-store","20":"product_tag-metho-methadone-hcl-powder-use","21":"product_tag-metho-methadone-hcl-powder-wiki","22":"product_tag-metho-methadone-hcl-powder-worldwide","23":"product_tag-metho-methadone-hcl-powderprice","24":"product_tag-metho-methadone-hcl-powders","25":"product_tag-order-metho-methadone-hcl-powder","26":"product_tag-purcharse-metho-methadone-hcl-powder","27":"product_tag-shop-metho-methadone-hcl-powder","28":"product_tag-top-quality","29":"product_tag-where-to-buy-metho-methadone-hcl-powder","30":"product_tag-where-to-order-metho-methadone-hcl-powder","31":"product_tag-wholesale-metho-methadone-hcl-powder","32":"desktop-align-left","33":"tablet-align-left","34":"mobile-align-left","35":"ast-product-gallery-layout-horizontal","36":"ast-product-gallery-with-no-image","37":"ast-product-single-variable","38":"ast-product-tabs-layout-horizontal","39":"ast-qv-on-image","41":"first","42":"instock","43":"shipping-taxable","44":"purchasable","45":"product-type-variable"},"yoast_head":"<!-- This site is optimized with the Yoast SEO plugin v25.9 - https:\/\/yoast.com\/wordpress\/plugins\/seo\/ -->\n<title>Metho Methadone HCL Powder for Sale - Buy Metho Methadone<\/title>\n<meta name=\"description\" content=\"If you have not tried Metho Methadone HCL powder from our store, then you are missing a lot. We will help you buy Metho Methadone HCL powder online at cheap rates. Get Metho Methadone HCL powder for sale today!\" \/>\n<meta name=\"robots\" content=\"index, follow, max-snippet:-1, max-image-preview:large, max-video-preview:-1\" \/>\n<link rel=\"canonical\" href=\"https:\/\/legitgrams.com\/pt\/produto\/metho-methadone-hcl-po\/\" \/>\n<meta property=\"og:locale\" content=\"pt_PT\" \/>\n<meta property=\"og:type\" content=\"article\" \/>\n<meta property=\"og:title\" content=\"Metho Methadone HCL Powder for Sale - Buy Metho Methadone\" \/>\n<meta property=\"og:description\" content=\"If you have not tried Metho Methadone HCL powder from our store, then you are missing a lot. We will help you buy Metho Methadone HCL powder online at cheap rates. Get Metho Methadone HCL powder for sale today!\" \/>\n<meta property=\"og:url\" content=\"https:\/\/legitgrams.com\/pt\/produto\/metho-methadone-hcl-po\/\" \/>\n<meta property=\"og:site_name\" content=\"Legit Grams\" \/>\n<meta property=\"article:modified_time\" content=\"2025-04-03T08:12:13+00:00\" \/>\n<meta property=\"og:image\" content=\"https:\/\/legitgrams.com\/wp-content\/uploads\/2024\/09\/buy-metho-methadone-hcl-powder-online.jpg\" \/>\n\t<meta property=\"og:image:width\" content=\"600\" \/>\n\t<meta property=\"og:image:height\" content=\"600\" \/>\n\t<meta property=\"og:image:type\" content=\"image\/jpeg\" \/>\n<meta name=\"twitter:card\" content=\"summary_large_image\" \/>\n<meta name=\"twitter:label1\" content=\"Tempo estimado de leitura\" \/>\n\t<meta name=\"twitter:data1\" content=\"2 minutos\" \/>\n<script type=\"application\/ld+json\" class=\"yoast-schema-graph\">{\"@context\":\"https:\/\/schema.org\",\"@graph\":[{\"@type\":\"WebPage\",\"@id\":\"https:\/\/legitgrams.com\/product\/metho-methadone-hcl-powder\/\",\"url\":\"https:\/\/legitgrams.com\/product\/metho-methadone-hcl-powder\/\",\"name\":\"Metho Methadone HCL Powder for Sale - Buy Metho Methadone\",\"isPartOf\":{\"@id\":\"https:\/\/legitgrams.com\/#website\"},\"primaryImageOfPage\":{\"@id\":\"https:\/\/legitgrams.com\/product\/metho-methadone-hcl-powder\/#primaryimage\"},\"image\":{\"@id\":\"https:\/\/legitgrams.com\/product\/metho-methadone-hcl-powder\/#primaryimage\"},\"thumbnailUrl\":\"https:\/\/legitgrams.com\/wp-content\/uploads\/2024\/09\/buy-metho-methadone-hcl-powder-online.jpg\",\"datePublished\":\"2024-09-22T06:43:20+00:00\",\"dateModified\":\"2025-04-03T08:12:13+00:00\",\"description\":\"If you have not tried Metho Methadone HCL powder from our store, then you are missing a lot. We will help you buy Metho Methadone HCL powder online at cheap rates. Get Metho Methadone HCL powder for sale today!\",\"breadcrumb\":{\"@id\":\"https:\/\/legitgrams.com\/product\/metho-methadone-hcl-powder\/#breadcrumb\"},\"inLanguage\":\"pt-PT\",\"potentialAction\":[{\"@type\":\"ReadAction\",\"target\":[\"https:\/\/legitgrams.com\/product\/metho-methadone-hcl-powder\/\"]}]},{\"@type\":\"ImageObject\",\"inLanguage\":\"pt-PT\",\"@id\":\"https:\/\/legitgrams.com\/product\/metho-methadone-hcl-powder\/#primaryimage\",\"url\":\"https:\/\/legitgrams.com\/wp-content\/uploads\/2024\/09\/buy-metho-methadone-hcl-powder-online.jpg\",\"contentUrl\":\"https:\/\/legitgrams.com\/wp-content\/uploads\/2024\/09\/buy-metho-methadone-hcl-powder-online.jpg\",\"width\":600,\"height\":600,\"caption\":\"Metho Methadone HCL Powder for Sale\"},{\"@type\":\"BreadcrumbList\",\"@id\":\"https:\/\/legitgrams.com\/product\/metho-methadone-hcl-powder\/#breadcrumb\",\"itemListElement\":[{\"@type\":\"ListItem\",\"position\":1,\"name\":\"Home\",\"item\":\"https:\/\/legitgrams.com\/\"},{\"@type\":\"ListItem\",\"position\":2,\"name\":\"Shop\",\"item\":\"https:\/\/legitgrams.com\/shop\/\"},{\"@type\":\"ListItem\",\"position\":3,\"name\":\"Buy Metho Methadone HCL powder Online\"}]},{\"@type\":\"WebSite\",\"@id\":\"https:\/\/legitgrams.com\/#website\",\"url\":\"https:\/\/legitgrams.com\/\",\"name\":\"Legit Grams\",\"description\":\"My WordPress Blog\",\"publisher\":{\"@id\":\"https:\/\/legitgrams.com\/#organization\"},\"potentialAction\":[{\"@type\":\"SearchAction\",\"target\":{\"@type\":\"EntryPoint\",\"urlTemplate\":\"https:\/\/legitgrams.com\/?s={search_term_string}\"},\"query-input\":{\"@type\":\"PropertyValueSpecification\",\"valueRequired\":true,\"valueName\":\"search_term_string\"}}],\"inLanguage\":\"pt-PT\"},{\"@type\":\"Organization\",\"@id\":\"https:\/\/legitgrams.com\/#organization\",\"name\":\"Legit Grams\",\"url\":\"https:\/\/legitgrams.com\/\",\"logo\":{\"@type\":\"ImageObject\",\"inLanguage\":\"pt-PT\",\"@id\":\"https:\/\/legitgrams.com\/#\/schema\/logo\/image\/\",\"url\":\"https:\/\/legitgrams.com\/wp-content\/uploads\/2024\/09\/main-logo.png\",\"contentUrl\":\"https:\/\/legitgrams.com\/wp-content\/uploads\/2024\/09\/main-logo.png\",\"width\":270,\"height\":75,\"caption\":\"Legit Grams\"},\"image\":{\"@id\":\"https:\/\/legitgrams.com\/#\/schema\/logo\/image\/\"}}]}<\/script>\n<!-- \/ Yoast SEO plugin. -->","yoast_head_json":{"title":"P\u00f3 de Metho Metadona HCL para Venda - Compre Metho Metadona","description":"Se voc\u00ea ainda n\u00e3o experimentou o p\u00f3 Metho Methadone HCL de nossa loja, est\u00e1 perdendo muito. N\u00f3s vamos ajud\u00e1-lo a comprar Metho Methadone HCL em p\u00f3 online a pre\u00e7os baratos. Obtenha Metho Methadone HCL em p\u00f3 para venda hoje!","robots":{"index":"index","follow":"follow","max-snippet":"max-snippet:-1","max-image-preview":"max-image-preview:large","max-video-preview":"max-video-preview:-1"},"canonical":"https:\/\/legitgrams.com\/pt\/produto\/metho-methadone-hcl-po\/","og_locale":"pt_PT","og_type":"article","og_title":"Metho Methadone HCL Powder for Sale - Buy Metho Methadone","og_description":"If you have not tried Metho Methadone HCL powder from our store, then you are missing a lot. We will help you buy Metho Methadone HCL powder online at cheap rates. Get Metho Methadone HCL powder for sale today!","og_url":"https:\/\/legitgrams.com\/pt\/produto\/metho-methadone-hcl-po\/","og_site_name":"Legit Grams","article_modified_time":"2025-04-03T08:12:13+00:00","og_image":[{"width":600,"height":600,"url":"https:\/\/legitgrams.com\/wp-content\/uploads\/2024\/09\/buy-metho-methadone-hcl-powder-online.jpg","type":"image\/jpeg"}],"twitter_card":"summary_large_image","twitter_misc":{"Tempo estimado de leitura":"2 minutos"},"schema":{"@context":"https:\/\/schema.org","@graph":[{"@type":"WebPage","@id":"https:\/\/legitgrams.com\/product\/metho-methadone-hcl-powder\/","url":"https:\/\/legitgrams.com\/product\/metho-methadone-hcl-powder\/","name":"P\u00f3 de Metho Metadona HCL para Venda - Compre Metho Metadona","isPartOf":{"@id":"https:\/\/legitgrams.com\/#website"},"primaryImageOfPage":{"@id":"https:\/\/legitgrams.com\/product\/metho-methadone-hcl-powder\/#primaryimage"},"image":{"@id":"https:\/\/legitgrams.com\/product\/metho-methadone-hcl-powder\/#primaryimage"},"thumbnailUrl":"https:\/\/legitgrams.com\/wp-content\/uploads\/2024\/09\/buy-metho-methadone-hcl-powder-online.jpg","datePublished":"2024-09-22T06:43:20+00:00","dateModified":"2025-04-03T08:12:13+00:00","description":"Se voc\u00ea ainda n\u00e3o experimentou o p\u00f3 Metho Methadone HCL de nossa loja, est\u00e1 perdendo muito. N\u00f3s vamos ajud\u00e1-lo a comprar Metho Methadone HCL em p\u00f3 online a pre\u00e7os baratos. Obtenha Metho Methadone HCL em p\u00f3 para venda hoje!","breadcrumb":{"@id":"https:\/\/legitgrams.com\/product\/metho-methadone-hcl-powder\/#breadcrumb"},"inLanguage":"pt-PT","potentialAction":[{"@type":"ReadAction","target":["https:\/\/legitgrams.com\/product\/metho-methadone-hcl-powder\/"]}]},{"@type":"ImageObject","inLanguage":"pt-PT","@id":"https:\/\/legitgrams.com\/product\/metho-methadone-hcl-powder\/#primaryimage","url":"https:\/\/legitgrams.com\/wp-content\/uploads\/2024\/09\/buy-metho-methadone-hcl-powder-online.jpg","contentUrl":"https:\/\/legitgrams.com\/wp-content\/uploads\/2024\/09\/buy-metho-methadone-hcl-powder-online.jpg","width":600,"height":600,"caption":"Metho Methadone HCL Powder for Sale"},{"@type":"BreadcrumbList","@id":"https:\/\/legitgrams.com\/product\/metho-methadone-hcl-powder\/#breadcrumb","itemListElement":[{"@type":"ListItem","position":1,"name":"Home","item":"https:\/\/legitgrams.com\/"},{"@type":"ListItem","position":2,"name":"Shop","item":"https:\/\/legitgrams.com\/shop\/"},{"@type":"ListItem","position":3,"name":"Buy Metho Methadone HCL powder Online"}]},{"@type":"WebSite","@id":"https:\/\/legitgrams.com\/#website","url":"https:\/\/legitgrams.com\/","name":"Gramas leg\u00edtimas","description":"O meu blogue WordPress","publisher":{"@id":"https:\/\/legitgrams.com\/#organization"},"potentialAction":[{"@type":"SearchAction","target":{"@type":"EntryPoint","urlTemplate":"https:\/\/legitgrams.com\/?s={search_term_string}"},"query-input":{"@type":"PropertyValueSpecification","valueRequired":true,"valueName":"search_term_string"}}],"inLanguage":"pt-PT"},{"@type":"Organization","@id":"https:\/\/legitgrams.com\/#organization","name":"Gramas leg\u00edtimas","url":"https:\/\/legitgrams.com\/","logo":{"@type":"ImageObject","inLanguage":"pt-PT","@id":"https:\/\/legitgrams.com\/#\/schema\/logo\/image\/","url":"https:\/\/legitgrams.com\/wp-content\/uploads\/2024\/09\/main-logo.png","contentUrl":"https:\/\/legitgrams.com\/wp-content\/uploads\/2024\/09\/main-logo.png","width":270,"height":75,"caption":"Legit Grams"},"image":{"@id":"https:\/\/legitgrams.com\/#\/schema\/logo\/image\/"}}]}},"uagb_featured_image_src":{"full":["https:\/\/legitgrams.com\/wp-content\/uploads\/2024\/09\/buy-metho-methadone-hcl-powder-online.jpg",600,600,false],"thumbnail":["https:\/\/legitgrams.com\/wp-content\/uploads\/2024\/09\/buy-metho-methadone-hcl-powder-online-150x150.jpg",150,150,true],"medium":["https:\/\/legitgrams.com\/wp-content\/uploads\/2024\/09\/buy-metho-methadone-hcl-powder-online-300x300.jpg",300,300,true],"medium_large":["https:\/\/legitgrams.com\/wp-content\/uploads\/2024\/09\/buy-metho-methadone-hcl-powder-online.jpg",600,600,false],"large":["https:\/\/legitgrams.com\/wp-content\/uploads\/2024\/09\/buy-metho-methadone-hcl-powder-online.jpg",600,600,false],"1536x1536":["https:\/\/legitgrams.com\/wp-content\/uploads\/2024\/09\/buy-metho-methadone-hcl-powder-online.jpg",600,600,false],"2048x2048":["https:\/\/legitgrams.com\/wp-content\/uploads\/2024\/09\/buy-metho-methadone-hcl-powder-online.jpg",600,600,false],"trp-custom-language-flag":["https:\/\/legitgrams.com\/wp-content\/uploads\/2024\/09\/buy-metho-methadone-hcl-powder-online-12x12.jpg",12,12,true],"woocommerce_thumbnail":["https:\/\/legitgrams.com\/wp-content\/uploads\/2024\/09\/buy-metho-methadone-hcl-powder-online-300x300.jpg",300,300,true],"woocommerce_single":["https:\/\/legitgrams.com\/wp-content\/uploads\/2024\/09\/buy-metho-methadone-hcl-powder-online.jpg",600,600,false],"woocommerce_gallery_thumbnail":["https:\/\/legitgrams.com\/wp-content\/uploads\/2024\/09\/buy-metho-methadone-hcl-powder-online-100x100.jpg",100,100,true]},"uagb_author_info":{"display_name":"cokeblog18","author_link":"https:\/\/legitgrams.com\/pt\/author\/"},"uagb_comment_info":0,"uagb_excerpt":"Purchase 99.8% Pure Metho Methadone HCL Powder Online at Wholesale Prices. Moderate to severe pain is treated with metho (methadone HCL). Along with medical supervision and assistance, it is also used to treat drug addiction or control withdrawal symptoms in individuals undergoing therapy. This drug acts as a narcotic to reduce pain. How do packages&hellip;","_links":{"self":[{"href":"https:\/\/legitgrams.com\/pt\/wp-json\/wp\/v2\/product\/4233","targetHints":{"allow":["GET"]}}],"collection":[{"href":"https:\/\/legitgrams.com\/pt\/wp-json\/wp\/v2\/product"}],"about":[{"href":"https:\/\/legitgrams.com\/pt\/wp-json\/wp\/v2\/types\/product"}],"replies":[{"embeddable":true,"href":"https:\/\/legitgrams.com\/pt\/wp-json\/wp\/v2\/comments?post=4233"}],"wp:featuredmedia":[{"embeddable":true,"href":"https:\/\/legitgrams.com\/pt\/wp-json\/wp\/v2\/media\/5288"}],"wp:attachment":[{"href":"https:\/\/legitgrams.com\/pt\/wp-json\/wp\/v2\/media?parent=4233"}],"wp:term":[{"taxonomy":"product_brand","embeddable":true,"href":"https:\/\/legitgrams.com\/pt\/wp-json\/wp\/v2\/product_brand?post=4233"},{"taxonomy":"product_cat","embeddable":true,"href":"https:\/\/legitgrams.com\/pt\/wp-json\/wp\/v2\/product_cat?post=4233"},{"taxonomy":"product_tag","embeddable":true,"href":"https:\/\/legitgrams.com\/pt\/wp-json\/wp\/v2\/product_tag?post=4233"}],"curies":[{"name":"wp","href":"https:\/\/api.w.org\/{rel}","templated":true}]}}