{"id":4246,"date":"2024-09-22T06:58:30","date_gmt":"2024-09-22T06:58:30","guid":{"rendered":"https:\/\/legitgrams.com\/?post_type=product&#038;p=4246"},"modified":"2025-01-14T07:53:53","modified_gmt":"2025-01-14T07:53:53","slug":"liquid-lsd-200ug-gota","status":"publish","type":"product","link":"https:\/\/legitgrams.com\/pt\/produto\/liquid-lsd-200ug-gota\/","title":{"rendered":"LSD l\u00edquido 200ug Gota"},"content":{"rendered":"<h2>Compre uma gota de 200ug de LSD l\u00edquido online.<\/h2>\n<p>Pegue l<a href=\"https:\/\/legitgrams.com\/pt\/produto\/liquid-lsd-200ug-gota\/\">iquid lsd 200ug<\/a> online e deixe-o por um pre\u00e7o razo\u00e1vel.<\/p>\n<h3>O que \u00e9 LSD L\u00edquido?<\/h3>\n<p>Os cogumelos de centeio cont\u00eam uma subst\u00e2ncia qu\u00edmica que \u00e9 usada para fazer a droga alucin\u00f3gena conhecida como LSD, ou dietilamida do \u00e1cido lis\u00e9rgico. Seu uso mais conhecido foi durante a contracultura dos anos 1960, e a proibi\u00e7\u00e3o subsequente prejudicou sua reputa\u00e7\u00e3o.<\/p>\n<p>O LSD foi produzido em 1938 pelo cientista su\u00ed\u00e7o Albert Hofmann em seu laborat\u00f3rio em Zurique, Su\u00ed\u00e7a. Ele acidentalmente descobriu suas qualidades alucin\u00f3genas em 1943, depois que um pouquinho caiu em sua pele. <a href=\"https:\/\/legitgrams.com\/pt\/\">LegitGrams<\/a><\/p>\n<p>Obtenha LSD. O LSD, um dos alucin\u00f3genos mais potentes do mercado, tem uma ampla gama de usos culturais, espirituais e terap\u00eauticos.<\/p>\n<h3>Farmacologia: Compre LSD l\u00edquido barato de 200 ug e Drop online<\/h3>\n<p>Quando tomado internamente, o LSD atua como um ativador do receptor 5-HT (serotonina) e desativa os sistemas que regulam os n\u00edveis de serotonina no c\u00e9rebro, causando um aumento percept\u00edvel nos n\u00edveis de serotonina. Obtenha 200 ug de LSD l\u00edquido com desconto online. O pre\u00e7o de 200 ug de LSD l\u00edquido<\/p>\n<p>Dos 15 diferentes receptores de serotonina no c\u00e9rebro, o LSD prefere principalmente o subtipo 2A (5-HT2A). O receptor 5-HT2A est\u00e1 envolvido em processos cognitivos no c\u00f3rtex pr\u00e9-frontal. Dado que muitas das vantagens do LSD v\u00eam do c\u00f3rtex pr\u00e9-frontal, este \u00e9 um aspecto importante.<\/p>\n<h3>Como o LSD \u00e9 produzido?<\/h3>\n<p>Excelente compreens\u00e3o pr\u00e1tica de qu\u00edmica org\u00e2nica, um laborat\u00f3rio totalmente operacional (com uma c\u00e2mara escura e capacidades de esteriliza\u00e7\u00e3o de equipamentos) e a Drug Enforcement Agency (DEA) est\u00e1 atualmente monitorando agressivamente ou limitando a venda de muitos produtos qu\u00edmicos que s\u00e3o necess\u00e1rios para a fabrica\u00e7\u00e3o de LSD. Ao contr\u00e1rio dos ingredientes necess\u00e1rios para produzir metanfetamina, esses ingredientes est\u00e3o ausentes da maioria dos itens dom\u00e9sticos do dia a dia.<\/p>\n<p>Acredita-se que o c\u00f3rtex pr\u00e9-frontal esteja envolvido na tomada de decis\u00f5es, no planejamento complexo do comportamento cognitivo, na regula\u00e7\u00e3o do comportamento social e na express\u00e3o da personalidade. Compre 200 ug de LSD l\u00edquido com desconto online. A capacidade de receber informa\u00e7\u00f5es de outros sistemas cerebrais e aplic\u00e1-las para tomar decis\u00f5es orientadas a objetivos \u00e9 igualmente crucial.<\/p>\n<p>Efeitos do LSD? Os efeitos do LSD incluem os seguintes: Dietilamida do \u00e1cido lis\u00e9rgico, ou <a href=\"https:\/\/en.wikipedia.org\/wiki\/LSD\">LSD<\/a>, \u00e9 uma droga ilegal que causa alucina\u00e7\u00f5es e altera\u00e7\u00f5es sensoriais.s<\/p>\n<h2><\/h2>\n<h2><\/h2>\n<h2><\/h2>\n<h2><\/h2>\n<p>&nbsp;<\/p>","protected":false},"excerpt":{"rendered":"<p>Purchase a 200ug drop of liquid LSD online. Get liquid lsd 200ug online and drop it at a reasonable price. What is LSD Liquid? Rye mushrooms contain a chemical that is used to make the hallucinogenic drug known as LSD, or lysergic acid diethylamide. Its most well-known use was during the counterculture of the 1960s, &hellip;<\/p>\n<p class=\"read-more\"> <a class=\"\" href=\"https:\/\/legitgrams.com\/pt\/produto\/liquid-lsd-200ug-gota\/\"> <span class=\"screen-reader-text\">LSD l\u00edquido 200ug Gota<\/span> Ler mais \"<\/a><\/p>","protected":false},"featured_media":5285,"comment_status":"open","ping_status":"closed","template":"","meta":{"_uag_custom_page_level_css":"","site-sidebar-layout":"default","site-content-layout":"default","ast-global-header-display":"","ast-main-header-display":"","ast-hfb-above-header-display":"","ast-hfb-below-header-display":"","ast-hfb-mobile-header-display":"","site-post-title":"","ast-breadcrumbs-content":"","ast-featured-img":"","footer-sml-layout":"","theme-transparent-header-meta":"default","adv-header-id-meta":"","stick-header-meta":"default","header-above-stick-meta":"","header-main-stick-meta":"","header-below-stick-meta":"","_joinchat":[]},"product_brand":[],"product_cat":[600],"product_tag":[1704,1694,617,1686,1701,1698,1693,1685,1688,1696,1689,1687,1699,1706,1707,1705,1697,1702,1691,1703,1700,625,1692,1695,1690],"class_list":{"0":"post-4246","1":"product","2":"type-product","3":"status-publish","4":"has-post-thumbnail","6":"product_cat-research-chemicals-and-bath-salt","7":"product_tag-best-cheap-price-liquid-lsd-200ug-drop","8":"product_tag-best-place-to-buy-liquid-lsd-200ug-drop","9":"product_tag-bulk-online","10":"product_tag-buy-liquid-lsd-200ug-drop","11":"product_tag-cheap-liquid-lsd-200ug-drop","12":"product_tag-high-quality-liquid-lsd-200ug-drop","13":"product_tag-how-to-buy-liquid-lsd-200ug-drop","14":"product_tag-liquid-lsd-200ug-drop","15":"product_tag-liquid-lsd-200ug-drop-for-sale","16":"product_tag-liquid-lsd-200ug-drop-legally","17":"product_tag-liquid-lsd-200ug-drop-liquid-lsd-200ug-drop-supplier","18":"product_tag-liquid-lsd-200ug-drop-online","19":"product_tag-liquid-lsd-200ug-drop-store","20":"product_tag-liquid-lsd-200ug-drop-use","21":"product_tag-liquid-lsd-200ug-drop-wiki","22":"product_tag-liquid-lsd-200ug-drop-worldwide","23":"product_tag-liquid-lsd-200ug-dropprice","24":"product_tag-liquid-lsd-200ug-drops","25":"product_tag-order-liquid-lsd-200ug-drop","26":"product_tag-purcharse-liquid-lsd-200ug-drop","27":"product_tag-shop-liquid-lsd-200ug-drop","28":"product_tag-top-quality","29":"product_tag-where-to-buy-liquid-lsd-200ug-drop","30":"product_tag-where-to-order-liquid-lsd-200ug-drop","31":"product_tag-wholesale-liquid-lsd-200ug-drop","32":"desktop-align-left","33":"tablet-align-left","34":"mobile-align-left","35":"ast-product-gallery-layout-horizontal","36":"ast-product-gallery-with-no-image","37":"ast-product-single-variable","38":"ast-product-tabs-layout-horizontal","39":"ast-qv-on-image","41":"first","42":"instock","43":"shipping-taxable","44":"purchasable","45":"product-type-variable"},"yoast_head":"<!-- This site is optimized with the Yoast SEO plugin v25.9 - https:\/\/yoast.com\/wordpress\/plugins\/seo\/ -->\n<title>liquid LSD 200ug Drop for Sale - Buy liquid LSD 200ug Drop Online<\/title>\n<meta name=\"description\" content=\"You can get in touch with our Legitgrams store and buy liquid LSD 200ug Drop online. We have liquid LSD 200ug Drop for sale at cheap prices. Get yours at your place right away!\" \/>\n<meta name=\"robots\" content=\"index, follow, max-snippet:-1, max-image-preview:large, max-video-preview:-1\" \/>\n<link rel=\"canonical\" href=\"https:\/\/legitgrams.com\/pt\/produto\/liquid-lsd-200ug-gota\/\" \/>\n<meta property=\"og:locale\" content=\"pt_PT\" \/>\n<meta property=\"og:type\" content=\"article\" \/>\n<meta property=\"og:title\" content=\"liquid LSD 200ug Drop for Sale - Buy liquid LSD 200ug Drop Online\" \/>\n<meta property=\"og:description\" content=\"You can get in touch with our Legitgrams store and buy liquid LSD 200ug Drop online. We have liquid LSD 200ug Drop for sale at cheap prices. Get yours at your place right away!\" \/>\n<meta property=\"og:url\" content=\"https:\/\/legitgrams.com\/pt\/produto\/liquid-lsd-200ug-gota\/\" \/>\n<meta property=\"og:site_name\" content=\"Legit Grams\" \/>\n<meta property=\"article:modified_time\" content=\"2025-01-14T07:53:53+00:00\" \/>\n<meta property=\"og:image\" content=\"https:\/\/legitgrams.com\/wp-content\/uploads\/2024\/09\/buy-liquid-lsd-200ug-drop-online-cheap-1.jpg\" \/>\n\t<meta property=\"og:image:width\" content=\"600\" \/>\n\t<meta property=\"og:image:height\" content=\"600\" \/>\n\t<meta property=\"og:image:type\" content=\"image\/jpeg\" \/>\n<meta name=\"twitter:card\" content=\"summary_large_image\" \/>\n<meta name=\"twitter:label1\" content=\"Tempo estimado de leitura\" \/>\n\t<meta name=\"twitter:data1\" content=\"2 minutos\" \/>\n<script type=\"application\/ld+json\" class=\"yoast-schema-graph\">{\"@context\":\"https:\/\/schema.org\",\"@graph\":[{\"@type\":\"WebPage\",\"@id\":\"https:\/\/legitgrams.com\/product\/liquid-lsd-200ug-drop\/\",\"url\":\"https:\/\/legitgrams.com\/product\/liquid-lsd-200ug-drop\/\",\"name\":\"liquid LSD 200ug Drop for Sale - Buy liquid LSD 200ug Drop Online\",\"isPartOf\":{\"@id\":\"https:\/\/legitgrams.com\/#website\"},\"primaryImageOfPage\":{\"@id\":\"https:\/\/legitgrams.com\/product\/liquid-lsd-200ug-drop\/#primaryimage\"},\"image\":{\"@id\":\"https:\/\/legitgrams.com\/product\/liquid-lsd-200ug-drop\/#primaryimage\"},\"thumbnailUrl\":\"https:\/\/legitgrams.com\/wp-content\/uploads\/2024\/09\/buy-liquid-lsd-200ug-drop-online-cheap-1.jpg\",\"datePublished\":\"2024-09-22T06:58:30+00:00\",\"dateModified\":\"2025-01-14T07:53:53+00:00\",\"description\":\"You can get in touch with our Legitgrams store and buy liquid LSD 200ug Drop online. We have liquid LSD 200ug Drop for sale at cheap prices. Get yours at your place right away!\",\"breadcrumb\":{\"@id\":\"https:\/\/legitgrams.com\/product\/liquid-lsd-200ug-drop\/#breadcrumb\"},\"inLanguage\":\"pt-PT\",\"potentialAction\":[{\"@type\":\"ReadAction\",\"target\":[\"https:\/\/legitgrams.com\/product\/liquid-lsd-200ug-drop\/\"]}]},{\"@type\":\"ImageObject\",\"inLanguage\":\"pt-PT\",\"@id\":\"https:\/\/legitgrams.com\/product\/liquid-lsd-200ug-drop\/#primaryimage\",\"url\":\"https:\/\/legitgrams.com\/wp-content\/uploads\/2024\/09\/buy-liquid-lsd-200ug-drop-online-cheap-1.jpg\",\"contentUrl\":\"https:\/\/legitgrams.com\/wp-content\/uploads\/2024\/09\/buy-liquid-lsd-200ug-drop-online-cheap-1.jpg\",\"width\":600,\"height\":600,\"caption\":\"liquid LSD 200ug Drop for Sale\"},{\"@type\":\"BreadcrumbList\",\"@id\":\"https:\/\/legitgrams.com\/product\/liquid-lsd-200ug-drop\/#breadcrumb\",\"itemListElement\":[{\"@type\":\"ListItem\",\"position\":1,\"name\":\"Home\",\"item\":\"https:\/\/legitgrams.com\/\"},{\"@type\":\"ListItem\",\"position\":2,\"name\":\"Shop\",\"item\":\"https:\/\/legitgrams.com\/shop\/\"},{\"@type\":\"ListItem\",\"position\":3,\"name\":\"liquid LSD 200ug Drop\"}]},{\"@type\":\"WebSite\",\"@id\":\"https:\/\/legitgrams.com\/#website\",\"url\":\"https:\/\/legitgrams.com\/\",\"name\":\"Legit Grams\",\"description\":\"My WordPress Blog\",\"publisher\":{\"@id\":\"https:\/\/legitgrams.com\/#organization\"},\"potentialAction\":[{\"@type\":\"SearchAction\",\"target\":{\"@type\":\"EntryPoint\",\"urlTemplate\":\"https:\/\/legitgrams.com\/?s={search_term_string}\"},\"query-input\":{\"@type\":\"PropertyValueSpecification\",\"valueRequired\":true,\"valueName\":\"search_term_string\"}}],\"inLanguage\":\"pt-PT\"},{\"@type\":\"Organization\",\"@id\":\"https:\/\/legitgrams.com\/#organization\",\"name\":\"Legit Grams\",\"url\":\"https:\/\/legitgrams.com\/\",\"logo\":{\"@type\":\"ImageObject\",\"inLanguage\":\"pt-PT\",\"@id\":\"https:\/\/legitgrams.com\/#\/schema\/logo\/image\/\",\"url\":\"https:\/\/legitgrams.com\/wp-content\/uploads\/2024\/09\/main-logo.png\",\"contentUrl\":\"https:\/\/legitgrams.com\/wp-content\/uploads\/2024\/09\/main-logo.png\",\"width\":270,\"height\":75,\"caption\":\"Legit Grams\"},\"image\":{\"@id\":\"https:\/\/legitgrams.com\/#\/schema\/logo\/image\/\"}}]}<\/script>\n<!-- \/ Yoast SEO plugin. -->","yoast_head_json":{"title":"LSD l\u00edquido 200ug Drop para venda - Compre LSD l\u00edquido 200ug Drop Online","description":"Pode entrar em contacto com a nossa loja Legitgrams e comprar LSD 200ug Drop l\u00edquido online. Temos LSD 200ug Drop l\u00edquido para venda a pre\u00e7os baratos. Recebe o teu em tua casa imediatamente!","robots":{"index":"index","follow":"follow","max-snippet":"max-snippet:-1","max-image-preview":"max-image-preview:large","max-video-preview":"max-video-preview:-1"},"canonical":"https:\/\/legitgrams.com\/pt\/produto\/liquid-lsd-200ug-gota\/","og_locale":"pt_PT","og_type":"article","og_title":"liquid LSD 200ug Drop for Sale - Buy liquid LSD 200ug Drop Online","og_description":"You can get in touch with our Legitgrams store and buy liquid LSD 200ug Drop online. We have liquid LSD 200ug Drop for sale at cheap prices. Get yours at your place right away!","og_url":"https:\/\/legitgrams.com\/pt\/produto\/liquid-lsd-200ug-gota\/","og_site_name":"Legit Grams","article_modified_time":"2025-01-14T07:53:53+00:00","og_image":[{"width":600,"height":600,"url":"https:\/\/legitgrams.com\/wp-content\/uploads\/2024\/09\/buy-liquid-lsd-200ug-drop-online-cheap-1.jpg","type":"image\/jpeg"}],"twitter_card":"summary_large_image","twitter_misc":{"Tempo estimado de leitura":"2 minutos"},"schema":{"@context":"https:\/\/schema.org","@graph":[{"@type":"WebPage","@id":"https:\/\/legitgrams.com\/product\/liquid-lsd-200ug-drop\/","url":"https:\/\/legitgrams.com\/product\/liquid-lsd-200ug-drop\/","name":"LSD l\u00edquido 200ug Drop para venda - Compre LSD l\u00edquido 200ug Drop Online","isPartOf":{"@id":"https:\/\/legitgrams.com\/#website"},"primaryImageOfPage":{"@id":"https:\/\/legitgrams.com\/product\/liquid-lsd-200ug-drop\/#primaryimage"},"image":{"@id":"https:\/\/legitgrams.com\/product\/liquid-lsd-200ug-drop\/#primaryimage"},"thumbnailUrl":"https:\/\/legitgrams.com\/wp-content\/uploads\/2024\/09\/buy-liquid-lsd-200ug-drop-online-cheap-1.jpg","datePublished":"2024-09-22T06:58:30+00:00","dateModified":"2025-01-14T07:53:53+00:00","description":"Pode entrar em contacto com a nossa loja Legitgrams e comprar LSD 200ug Drop l\u00edquido online. Temos LSD 200ug Drop l\u00edquido para venda a pre\u00e7os baratos. Recebe o teu em tua casa imediatamente!","breadcrumb":{"@id":"https:\/\/legitgrams.com\/product\/liquid-lsd-200ug-drop\/#breadcrumb"},"inLanguage":"pt-PT","potentialAction":[{"@type":"ReadAction","target":["https:\/\/legitgrams.com\/product\/liquid-lsd-200ug-drop\/"]}]},{"@type":"ImageObject","inLanguage":"pt-PT","@id":"https:\/\/legitgrams.com\/product\/liquid-lsd-200ug-drop\/#primaryimage","url":"https:\/\/legitgrams.com\/wp-content\/uploads\/2024\/09\/buy-liquid-lsd-200ug-drop-online-cheap-1.jpg","contentUrl":"https:\/\/legitgrams.com\/wp-content\/uploads\/2024\/09\/buy-liquid-lsd-200ug-drop-online-cheap-1.jpg","width":600,"height":600,"caption":"liquid LSD 200ug Drop for Sale"},{"@type":"BreadcrumbList","@id":"https:\/\/legitgrams.com\/product\/liquid-lsd-200ug-drop\/#breadcrumb","itemListElement":[{"@type":"ListItem","position":1,"name":"Home","item":"https:\/\/legitgrams.com\/"},{"@type":"ListItem","position":2,"name":"Shop","item":"https:\/\/legitgrams.com\/shop\/"},{"@type":"ListItem","position":3,"name":"liquid LSD 200ug Drop"}]},{"@type":"WebSite","@id":"https:\/\/legitgrams.com\/#website","url":"https:\/\/legitgrams.com\/","name":"Gramas leg\u00edtimas","description":"O meu blogue WordPress","publisher":{"@id":"https:\/\/legitgrams.com\/#organization"},"potentialAction":[{"@type":"SearchAction","target":{"@type":"EntryPoint","urlTemplate":"https:\/\/legitgrams.com\/?s={search_term_string}"},"query-input":{"@type":"PropertyValueSpecification","valueRequired":true,"valueName":"search_term_string"}}],"inLanguage":"pt-PT"},{"@type":"Organization","@id":"https:\/\/legitgrams.com\/#organization","name":"Gramas leg\u00edtimas","url":"https:\/\/legitgrams.com\/","logo":{"@type":"ImageObject","inLanguage":"pt-PT","@id":"https:\/\/legitgrams.com\/#\/schema\/logo\/image\/","url":"https:\/\/legitgrams.com\/wp-content\/uploads\/2024\/09\/main-logo.png","contentUrl":"https:\/\/legitgrams.com\/wp-content\/uploads\/2024\/09\/main-logo.png","width":270,"height":75,"caption":"Legit Grams"},"image":{"@id":"https:\/\/legitgrams.com\/#\/schema\/logo\/image\/"}}]}},"uagb_featured_image_src":{"full":["https:\/\/legitgrams.com\/wp-content\/uploads\/2024\/09\/buy-liquid-lsd-200ug-drop-online-cheap-1.jpg",600,600,false],"thumbnail":["https:\/\/legitgrams.com\/wp-content\/uploads\/2024\/09\/buy-liquid-lsd-200ug-drop-online-cheap-1-150x150.jpg",150,150,true],"medium":["https:\/\/legitgrams.com\/wp-content\/uploads\/2024\/09\/buy-liquid-lsd-200ug-drop-online-cheap-1-300x300.jpg",300,300,true],"medium_large":["https:\/\/legitgrams.com\/wp-content\/uploads\/2024\/09\/buy-liquid-lsd-200ug-drop-online-cheap-1.jpg",600,600,false],"large":["https:\/\/legitgrams.com\/wp-content\/uploads\/2024\/09\/buy-liquid-lsd-200ug-drop-online-cheap-1.jpg",600,600,false],"1536x1536":["https:\/\/legitgrams.com\/wp-content\/uploads\/2024\/09\/buy-liquid-lsd-200ug-drop-online-cheap-1.jpg",600,600,false],"2048x2048":["https:\/\/legitgrams.com\/wp-content\/uploads\/2024\/09\/buy-liquid-lsd-200ug-drop-online-cheap-1.jpg",600,600,false],"trp-custom-language-flag":["https:\/\/legitgrams.com\/wp-content\/uploads\/2024\/09\/buy-liquid-lsd-200ug-drop-online-cheap-1-12x12.jpg",12,12,true],"woocommerce_thumbnail":["https:\/\/legitgrams.com\/wp-content\/uploads\/2024\/09\/buy-liquid-lsd-200ug-drop-online-cheap-1-300x300.jpg",300,300,true],"woocommerce_single":["https:\/\/legitgrams.com\/wp-content\/uploads\/2024\/09\/buy-liquid-lsd-200ug-drop-online-cheap-1.jpg",600,600,false],"woocommerce_gallery_thumbnail":["https:\/\/legitgrams.com\/wp-content\/uploads\/2024\/09\/buy-liquid-lsd-200ug-drop-online-cheap-1-100x100.jpg",100,100,true]},"uagb_author_info":{"display_name":"cokeblog18","author_link":"https:\/\/legitgrams.com\/pt\/author\/"},"uagb_comment_info":0,"uagb_excerpt":"Purchase a 200ug drop of liquid LSD online. Get liquid lsd 200ug online and drop it at a reasonable price. What is LSD Liquid? Rye mushrooms contain a chemical that is used to make the hallucinogenic drug known as LSD, or lysergic acid diethylamide. Its most well-known use was during the counterculture of the 1960s,&hellip;","_links":{"self":[{"href":"https:\/\/legitgrams.com\/pt\/wp-json\/wp\/v2\/product\/4246","targetHints":{"allow":["GET"]}}],"collection":[{"href":"https:\/\/legitgrams.com\/pt\/wp-json\/wp\/v2\/product"}],"about":[{"href":"https:\/\/legitgrams.com\/pt\/wp-json\/wp\/v2\/types\/product"}],"replies":[{"embeddable":true,"href":"https:\/\/legitgrams.com\/pt\/wp-json\/wp\/v2\/comments?post=4246"}],"wp:featuredmedia":[{"embeddable":true,"href":"https:\/\/legitgrams.com\/pt\/wp-json\/wp\/v2\/media\/5285"}],"wp:attachment":[{"href":"https:\/\/legitgrams.com\/pt\/wp-json\/wp\/v2\/media?parent=4246"}],"wp:term":[{"taxonomy":"product_brand","embeddable":true,"href":"https:\/\/legitgrams.com\/pt\/wp-json\/wp\/v2\/product_brand?post=4246"},{"taxonomy":"product_cat","embeddable":true,"href":"https:\/\/legitgrams.com\/pt\/wp-json\/wp\/v2\/product_cat?post=4246"},{"taxonomy":"product_tag","embeddable":true,"href":"https:\/\/legitgrams.com\/pt\/wp-json\/wp\/v2\/product_tag?post=4246"}],"curies":[{"name":"wp","href":"https:\/\/api.w.org\/{rel}","templated":true}]}}