{"id":4247,"date":"2024-09-22T06:56:40","date_gmt":"2024-09-22T06:56:40","guid":{"rendered":"https:\/\/legitgrams.com\/?post_type=product&#038;p=4247"},"modified":"2025-01-14T10:02:58","modified_gmt":"2025-01-14T10:02:58","slug":"mmb-2201-po-puro","status":"publish","type":"product","link":"https:\/\/legitgrams.com\/pt\/produto\/mmb-2201-po-puro\/","title":{"rendered":"MMB-2201 P\u00f3 Puro"},"content":{"rendered":"<h2>Compre P\u00f3 MMB-2201 Puro Online<\/h2>\n<p><a href=\"https:\/\/legitgrams.com\/pt\/produto\/mmb-2201-po-puro\/\">Comprar MMB-2201 online<\/a>. Os canabinoides s\u00e3o compostos de pesquisa de alta qualidade. O MDMB-2201 \u00e9 oferecido on-line pelo fornecedor confi\u00e1vel Coinstar Chemical a um pre\u00e7o reduzido.<\/p>\n<p>5f MDMB 2201 \u00e0 venda no Reddit MDMB 2201<\/p>\n<p>mmb-fub | mmbfub<\/p>\n<h3>Fub-akb48 | Fub2201<\/h3>\n<p>O MMB-2201 pode ser comprado online. Este potente canabinoide sint\u00e9tico, que \u00e9 baseado em indol-3-carboxamida, tamb\u00e9m \u00e9 conhecido como 5F-MMB-PICA, 5F-AMB-PICA e I-AMB. \u00c9 usado como uma droga de design e como um componente ativo em misturas de cannabis. sint\u00e9tico. Foi mencionado pela primeira vez na R\u00fassia e na Bielorr\u00fassia em janeiro de 2014, mas desde ent\u00e3o foi vendido em v\u00e1rios outros pa\u00edses.<\/p>\n<p>5F-MDMB-2201 \u00e9 um canabinoide sint\u00e9tico que faz parte da fam\u00edlia dos indazol, assim como o MMB-2201. 5F-MDMB-2201 tem um efeito significativo (agon\u00edsmico) nos receptores CB1 e CB2. <a href=\"https:\/\/legitgrams.com\/pt\/\">LegitGrams<\/a><\/p>\n<p>Compra online de p\u00f3 MMB-2201 puro P\u00f3 MMB-2201 puro, onde comprar p\u00f3 MMB-2201 puro, onde comprar p\u00f3 MMB-2201 puro online, onde comprar p\u00f3 MMB-2201 puro perto de mim, onde comprar p\u00f3 MMB-2201 puro online, onde comprar p\u00f3 MMB-2201 puro nos EUA, Canad\u00e1 e Reino Unido, comprar online, fornecedores, entrega segura, Agora mesmo, P\u00f3 MMB-2201 Puro est\u00e1 acess\u00edvel. Os Estados Unidos permitem a compra de <a href=\"https:\/\/en.wikipedia.org\/wiki\/AKB48\">MMB-2201<\/a> P\u00f3 Puro? Como posso fazer um pedido de MMB-2201 P\u00f3 Puro? O MMB-2201 P\u00f3 Puro \u00e9 legal no Canad\u00e1<\/p>\n<h2><\/h2>\n<p>&nbsp;<\/p>","protected":false},"excerpt":{"rendered":"<p>Purchase Pure MMB-2201 Powder Online Purchase MMB-2201 online. Cannabinoids are high-quality research compounds. MDMB-2201 is offered online by reliable supplier Coinstar Chemical at a reduced price. 5f MDMB 2201 for sale on Reddit MDMB 2201 mmb-fub | mmbfub Fub-akb48 | Fub2201 MMB-2201 can be bought online. This potent synthetic cannabinoid, which is based on indole-3-carboxamide, &hellip;<\/p>\n<p class=\"read-more\"> <a class=\"\" href=\"https:\/\/legitgrams.com\/pt\/produto\/mmb-2201-po-puro\/\"> <span class=\"screen-reader-text\">MMB-2201 P\u00f3 Puro<\/span> Ler mais \"<\/a><\/p>","protected":false},"featured_media":5295,"comment_status":"open","ping_status":"closed","template":"","meta":{"_uag_custom_page_level_css":"","site-sidebar-layout":"default","site-content-layout":"default","ast-global-header-display":"","ast-main-header-display":"","ast-hfb-above-header-display":"","ast-hfb-below-header-display":"","ast-hfb-mobile-header-display":"","site-post-title":"","ast-breadcrumbs-content":"","ast-featured-img":"","footer-sml-layout":"","theme-transparent-header-meta":"default","adv-header-id-meta":"","stick-header-meta":"default","header-above-stick-meta":"","header-main-stick-meta":"","header-below-stick-meta":"","_joinchat":[]},"product_brand":[],"product_cat":[600],"product_tag":[1727,1717,617,1709,1724,1721,1716,1708,1711,1719,1712,1710,1722,1729,1730,1728,1720,1725,1714,1726,1723,625,1715,1718,1713],"class_list":{"0":"post-4247","1":"product","2":"type-product","3":"status-publish","4":"has-post-thumbnail","6":"product_cat-research-chemicals-and-bath-salt","7":"product_tag-best-cheap-price-mmb-2201-powder-pure","8":"product_tag-best-place-to-buy-mmb-2201-powder-pure","9":"product_tag-bulk-online","10":"product_tag-buy-mmb-2201-powder-pure","11":"product_tag-cheap-mmb-2201-powder-pure","12":"product_tag-high-quality-mmb-2201-powder-pure","13":"product_tag-how-to-buy-mmb-2201-powder-pure","14":"product_tag-mmb-2201-powder-pure","15":"product_tag-mmb-2201-powder-pure-for-sale","16":"product_tag-mmb-2201-powder-pure-legally","17":"product_tag-mmb-2201-powder-pure-mmb-2201-powder-pure-supplier","18":"product_tag-mmb-2201-powder-pure-online","19":"product_tag-mmb-2201-powder-pure-store","20":"product_tag-mmb-2201-powder-pure-use","21":"product_tag-mmb-2201-powder-pure-wiki","22":"product_tag-mmb-2201-powder-pure-worldwide","23":"product_tag-mmb-2201-powder-pureprice","24":"product_tag-mmb-2201-powder-pures","25":"product_tag-order-mmb-2201-powder-pure","26":"product_tag-purcharse-mmb-2201-powder-pure","27":"product_tag-shop-mmb-2201-powder-pure","28":"product_tag-top-quality","29":"product_tag-where-to-buy-mmb-2201-powder-pure","30":"product_tag-where-to-order-mmb-2201-powder-pure","31":"product_tag-wholesale-mmb-2201-powder-pure","32":"desktop-align-left","33":"tablet-align-left","34":"mobile-align-left","35":"ast-product-gallery-layout-horizontal","36":"ast-product-gallery-with-no-image","37":"ast-product-single-variable","38":"ast-product-tabs-layout-horizontal","39":"ast-qv-on-image","41":"first","42":"instock","43":"shipping-taxable","44":"purchasable","45":"product-type-variable"},"yoast_head":"<!-- This site is optimized with the Yoast SEO plugin v25.9 - https:\/\/yoast.com\/wordpress\/plugins\/seo\/ -->\n<title>MMB-2201 Powder Pure for Sale - Buy MMB-2201 Powder Online<\/title>\n<meta name=\"description\" content=\"If you have not tried MMB-2201 Powder Pure from our store, then you are missing a lot. We will help you buy MMB-2201 Powder Pure online at cheap rates. Get MMB-2201 Powder Pure for sale today!\" \/>\n<meta name=\"robots\" content=\"index, follow, max-snippet:-1, max-image-preview:large, max-video-preview:-1\" \/>\n<link rel=\"canonical\" href=\"https:\/\/legitgrams.com\/pt\/produto\/mmb-2201-po-puro\/\" \/>\n<meta property=\"og:locale\" content=\"pt_PT\" \/>\n<meta property=\"og:type\" content=\"article\" \/>\n<meta property=\"og:title\" content=\"MMB-2201 Powder Pure for Sale - Buy MMB-2201 Powder Online\" \/>\n<meta property=\"og:description\" content=\"If you have not tried MMB-2201 Powder Pure from our store, then you are missing a lot. We will help you buy MMB-2201 Powder Pure online at cheap rates. Get MMB-2201 Powder Pure for sale today!\" \/>\n<meta property=\"og:url\" content=\"https:\/\/legitgrams.com\/pt\/produto\/mmb-2201-po-puro\/\" \/>\n<meta property=\"og:site_name\" content=\"Legit Grams\" \/>\n<meta property=\"article:modified_time\" content=\"2025-01-14T10:02:58+00:00\" \/>\n<meta property=\"og:image\" content=\"https:\/\/legitgrams.com\/wp-content\/uploads\/2024\/09\/buy-online-mmb-2201-powder-pure-online.jpg\" \/>\n\t<meta property=\"og:image:width\" content=\"600\" \/>\n\t<meta property=\"og:image:height\" content=\"600\" \/>\n\t<meta property=\"og:image:type\" content=\"image\/jpeg\" \/>\n<meta name=\"twitter:card\" content=\"summary_large_image\" \/>\n<meta name=\"twitter:label1\" content=\"Tempo estimado de leitura\" \/>\n\t<meta name=\"twitter:data1\" content=\"3 minutos\" \/>\n<script type=\"application\/ld+json\" class=\"yoast-schema-graph\">{\"@context\":\"https:\/\/schema.org\",\"@graph\":[{\"@type\":\"WebPage\",\"@id\":\"https:\/\/legitgrams.com\/product\/mmb-2201-powder-pure\/\",\"url\":\"https:\/\/legitgrams.com\/product\/mmb-2201-powder-pure\/\",\"name\":\"MMB-2201 Powder Pure for Sale - Buy MMB-2201 Powder Online\",\"isPartOf\":{\"@id\":\"https:\/\/legitgrams.com\/#website\"},\"primaryImageOfPage\":{\"@id\":\"https:\/\/legitgrams.com\/product\/mmb-2201-powder-pure\/#primaryimage\"},\"image\":{\"@id\":\"https:\/\/legitgrams.com\/product\/mmb-2201-powder-pure\/#primaryimage\"},\"thumbnailUrl\":\"https:\/\/legitgrams.com\/wp-content\/uploads\/2024\/09\/buy-online-mmb-2201-powder-pure-online.jpg\",\"datePublished\":\"2024-09-22T06:56:40+00:00\",\"dateModified\":\"2025-01-14T10:02:58+00:00\",\"description\":\"If you have not tried MMB-2201 Powder Pure from our store, then you are missing a lot. We will help you buy MMB-2201 Powder Pure online at cheap rates. Get MMB-2201 Powder Pure for sale today!\",\"breadcrumb\":{\"@id\":\"https:\/\/legitgrams.com\/product\/mmb-2201-powder-pure\/#breadcrumb\"},\"inLanguage\":\"pt-PT\",\"potentialAction\":[{\"@type\":\"ReadAction\",\"target\":[\"https:\/\/legitgrams.com\/product\/mmb-2201-powder-pure\/\"]}]},{\"@type\":\"ImageObject\",\"inLanguage\":\"pt-PT\",\"@id\":\"https:\/\/legitgrams.com\/product\/mmb-2201-powder-pure\/#primaryimage\",\"url\":\"https:\/\/legitgrams.com\/wp-content\/uploads\/2024\/09\/buy-online-mmb-2201-powder-pure-online.jpg\",\"contentUrl\":\"https:\/\/legitgrams.com\/wp-content\/uploads\/2024\/09\/buy-online-mmb-2201-powder-pure-online.jpg\",\"width\":600,\"height\":600,\"caption\":\"MMB-2201 Powder Pure for Sale\"},{\"@type\":\"BreadcrumbList\",\"@id\":\"https:\/\/legitgrams.com\/product\/mmb-2201-powder-pure\/#breadcrumb\",\"itemListElement\":[{\"@type\":\"ListItem\",\"position\":1,\"name\":\"Home\",\"item\":\"https:\/\/legitgrams.com\/\"},{\"@type\":\"ListItem\",\"position\":2,\"name\":\"Shop\",\"item\":\"https:\/\/legitgrams.com\/shop\/\"},{\"@type\":\"ListItem\",\"position\":3,\"name\":\"MMB-2201 Powder Pure\"}]},{\"@type\":\"WebSite\",\"@id\":\"https:\/\/legitgrams.com\/#website\",\"url\":\"https:\/\/legitgrams.com\/\",\"name\":\"Legit Grams\",\"description\":\"My WordPress Blog\",\"publisher\":{\"@id\":\"https:\/\/legitgrams.com\/#organization\"},\"potentialAction\":[{\"@type\":\"SearchAction\",\"target\":{\"@type\":\"EntryPoint\",\"urlTemplate\":\"https:\/\/legitgrams.com\/?s={search_term_string}\"},\"query-input\":{\"@type\":\"PropertyValueSpecification\",\"valueRequired\":true,\"valueName\":\"search_term_string\"}}],\"inLanguage\":\"pt-PT\"},{\"@type\":\"Organization\",\"@id\":\"https:\/\/legitgrams.com\/#organization\",\"name\":\"Legit Grams\",\"url\":\"https:\/\/legitgrams.com\/\",\"logo\":{\"@type\":\"ImageObject\",\"inLanguage\":\"pt-PT\",\"@id\":\"https:\/\/legitgrams.com\/#\/schema\/logo\/image\/\",\"url\":\"https:\/\/legitgrams.com\/wp-content\/uploads\/2024\/09\/main-logo.png\",\"contentUrl\":\"https:\/\/legitgrams.com\/wp-content\/uploads\/2024\/09\/main-logo.png\",\"width\":270,\"height\":75,\"caption\":\"Legit Grams\"},\"image\":{\"@id\":\"https:\/\/legitgrams.com\/#\/schema\/logo\/image\/\"}}]}<\/script>\n<!-- \/ Yoast SEO plugin. -->","yoast_head_json":{"title":"MMB-2201 P\u00f3 Puro para Venda - Compre MMB-2201 P\u00f3 Online","description":"Se ainda n\u00e3o experimentou MMB-2201 Powder Pure na nossa loja, ent\u00e3o est\u00e1 a perder muito. Ajudamo-lo a comprar o MMB-2201 Powder Pure online a pre\u00e7os baixos. Adquira MMB-2201 Powder Pure para venda hoje mesmo!","robots":{"index":"index","follow":"follow","max-snippet":"max-snippet:-1","max-image-preview":"max-image-preview:large","max-video-preview":"max-video-preview:-1"},"canonical":"https:\/\/legitgrams.com\/pt\/produto\/mmb-2201-po-puro\/","og_locale":"pt_PT","og_type":"article","og_title":"MMB-2201 Powder Pure for Sale - Buy MMB-2201 Powder Online","og_description":"If you have not tried MMB-2201 Powder Pure from our store, then you are missing a lot. We will help you buy MMB-2201 Powder Pure online at cheap rates. Get MMB-2201 Powder Pure for sale today!","og_url":"https:\/\/legitgrams.com\/pt\/produto\/mmb-2201-po-puro\/","og_site_name":"Legit Grams","article_modified_time":"2025-01-14T10:02:58+00:00","og_image":[{"width":600,"height":600,"url":"https:\/\/legitgrams.com\/wp-content\/uploads\/2024\/09\/buy-online-mmb-2201-powder-pure-online.jpg","type":"image\/jpeg"}],"twitter_card":"summary_large_image","twitter_misc":{"Tempo estimado de leitura":"3 minutos"},"schema":{"@context":"https:\/\/schema.org","@graph":[{"@type":"WebPage","@id":"https:\/\/legitgrams.com\/product\/mmb-2201-powder-pure\/","url":"https:\/\/legitgrams.com\/product\/mmb-2201-powder-pure\/","name":"MMB-2201 P\u00f3 Puro para Venda - Compre MMB-2201 P\u00f3 Online","isPartOf":{"@id":"https:\/\/legitgrams.com\/#website"},"primaryImageOfPage":{"@id":"https:\/\/legitgrams.com\/product\/mmb-2201-powder-pure\/#primaryimage"},"image":{"@id":"https:\/\/legitgrams.com\/product\/mmb-2201-powder-pure\/#primaryimage"},"thumbnailUrl":"https:\/\/legitgrams.com\/wp-content\/uploads\/2024\/09\/buy-online-mmb-2201-powder-pure-online.jpg","datePublished":"2024-09-22T06:56:40+00:00","dateModified":"2025-01-14T10:02:58+00:00","description":"Se ainda n\u00e3o experimentou MMB-2201 Powder Pure na nossa loja, ent\u00e3o est\u00e1 a perder muito. Ajudamo-lo a comprar o MMB-2201 Powder Pure online a pre\u00e7os baixos. Adquira MMB-2201 Powder Pure para venda hoje mesmo!","breadcrumb":{"@id":"https:\/\/legitgrams.com\/product\/mmb-2201-powder-pure\/#breadcrumb"},"inLanguage":"pt-PT","potentialAction":[{"@type":"ReadAction","target":["https:\/\/legitgrams.com\/product\/mmb-2201-powder-pure\/"]}]},{"@type":"ImageObject","inLanguage":"pt-PT","@id":"https:\/\/legitgrams.com\/product\/mmb-2201-powder-pure\/#primaryimage","url":"https:\/\/legitgrams.com\/wp-content\/uploads\/2024\/09\/buy-online-mmb-2201-powder-pure-online.jpg","contentUrl":"https:\/\/legitgrams.com\/wp-content\/uploads\/2024\/09\/buy-online-mmb-2201-powder-pure-online.jpg","width":600,"height":600,"caption":"MMB-2201 Powder Pure for Sale"},{"@type":"BreadcrumbList","@id":"https:\/\/legitgrams.com\/product\/mmb-2201-powder-pure\/#breadcrumb","itemListElement":[{"@type":"ListItem","position":1,"name":"Home","item":"https:\/\/legitgrams.com\/"},{"@type":"ListItem","position":2,"name":"Shop","item":"https:\/\/legitgrams.com\/shop\/"},{"@type":"ListItem","position":3,"name":"MMB-2201 Powder Pure"}]},{"@type":"WebSite","@id":"https:\/\/legitgrams.com\/#website","url":"https:\/\/legitgrams.com\/","name":"Gramas leg\u00edtimas","description":"O meu blogue WordPress","publisher":{"@id":"https:\/\/legitgrams.com\/#organization"},"potentialAction":[{"@type":"SearchAction","target":{"@type":"EntryPoint","urlTemplate":"https:\/\/legitgrams.com\/?s={search_term_string}"},"query-input":{"@type":"PropertyValueSpecification","valueRequired":true,"valueName":"search_term_string"}}],"inLanguage":"pt-PT"},{"@type":"Organization","@id":"https:\/\/legitgrams.com\/#organization","name":"Gramas leg\u00edtimas","url":"https:\/\/legitgrams.com\/","logo":{"@type":"ImageObject","inLanguage":"pt-PT","@id":"https:\/\/legitgrams.com\/#\/schema\/logo\/image\/","url":"https:\/\/legitgrams.com\/wp-content\/uploads\/2024\/09\/main-logo.png","contentUrl":"https:\/\/legitgrams.com\/wp-content\/uploads\/2024\/09\/main-logo.png","width":270,"height":75,"caption":"Legit Grams"},"image":{"@id":"https:\/\/legitgrams.com\/#\/schema\/logo\/image\/"}}]}},"uagb_featured_image_src":{"full":["https:\/\/legitgrams.com\/wp-content\/uploads\/2024\/09\/buy-online-mmb-2201-powder-pure-online.jpg",600,600,false],"thumbnail":["https:\/\/legitgrams.com\/wp-content\/uploads\/2024\/09\/buy-online-mmb-2201-powder-pure-online-150x150.jpg",150,150,true],"medium":["https:\/\/legitgrams.com\/wp-content\/uploads\/2024\/09\/buy-online-mmb-2201-powder-pure-online-300x300.jpg",300,300,true],"medium_large":["https:\/\/legitgrams.com\/wp-content\/uploads\/2024\/09\/buy-online-mmb-2201-powder-pure-online.jpg",600,600,false],"large":["https:\/\/legitgrams.com\/wp-content\/uploads\/2024\/09\/buy-online-mmb-2201-powder-pure-online.jpg",600,600,false],"1536x1536":["https:\/\/legitgrams.com\/wp-content\/uploads\/2024\/09\/buy-online-mmb-2201-powder-pure-online.jpg",600,600,false],"2048x2048":["https:\/\/legitgrams.com\/wp-content\/uploads\/2024\/09\/buy-online-mmb-2201-powder-pure-online.jpg",600,600,false],"trp-custom-language-flag":["https:\/\/legitgrams.com\/wp-content\/uploads\/2024\/09\/buy-online-mmb-2201-powder-pure-online-12x12.jpg",12,12,true],"woocommerce_thumbnail":["https:\/\/legitgrams.com\/wp-content\/uploads\/2024\/09\/buy-online-mmb-2201-powder-pure-online-300x300.jpg",300,300,true],"woocommerce_single":["https:\/\/legitgrams.com\/wp-content\/uploads\/2024\/09\/buy-online-mmb-2201-powder-pure-online.jpg",600,600,false],"woocommerce_gallery_thumbnail":["https:\/\/legitgrams.com\/wp-content\/uploads\/2024\/09\/buy-online-mmb-2201-powder-pure-online-100x100.jpg",100,100,true]},"uagb_author_info":{"display_name":"cokeblog18","author_link":"https:\/\/legitgrams.com\/pt\/author\/"},"uagb_comment_info":0,"uagb_excerpt":"Purchase Pure MMB-2201 Powder Online Purchase MMB-2201 online. Cannabinoids are high-quality research compounds. MDMB-2201 is offered online by reliable supplier Coinstar Chemical at a reduced price. 5f MDMB 2201 for sale on Reddit MDMB 2201 mmb-fub | mmbfub Fub-akb48 | Fub2201 MMB-2201 can be bought online. This potent synthetic cannabinoid, which is based on indole-3-carboxamide,&hellip;","_links":{"self":[{"href":"https:\/\/legitgrams.com\/pt\/wp-json\/wp\/v2\/product\/4247","targetHints":{"allow":["GET"]}}],"collection":[{"href":"https:\/\/legitgrams.com\/pt\/wp-json\/wp\/v2\/product"}],"about":[{"href":"https:\/\/legitgrams.com\/pt\/wp-json\/wp\/v2\/types\/product"}],"replies":[{"embeddable":true,"href":"https:\/\/legitgrams.com\/pt\/wp-json\/wp\/v2\/comments?post=4247"}],"wp:featuredmedia":[{"embeddable":true,"href":"https:\/\/legitgrams.com\/pt\/wp-json\/wp\/v2\/media\/5295"}],"wp:attachment":[{"href":"https:\/\/legitgrams.com\/pt\/wp-json\/wp\/v2\/media?parent=4247"}],"wp:term":[{"taxonomy":"product_brand","embeddable":true,"href":"https:\/\/legitgrams.com\/pt\/wp-json\/wp\/v2\/product_brand?post=4247"},{"taxonomy":"product_cat","embeddable":true,"href":"https:\/\/legitgrams.com\/pt\/wp-json\/wp\/v2\/product_cat?post=4247"},{"taxonomy":"product_tag","embeddable":true,"href":"https:\/\/legitgrams.com\/pt\/wp-json\/wp\/v2\/product_tag?post=4247"}],"curies":[{"name":"wp","href":"https:\/\/api.w.org\/{rel}","templated":true}]}}