{"id":4250,"date":"2024-09-22T07:10:45","date_gmt":"2024-09-22T07:10:45","guid":{"rendered":"https:\/\/legitgrams.com\/?post_type=product&#038;p=4250"},"modified":"2025-01-14T08:14:53","modified_gmt":"2025-01-14T08:14:53","slug":"gota-de-lsd-liquida","status":"publish","type":"product","link":"https:\/\/legitgrams.com\/pt\/produto\/gota-de-lsd-liquida\/","title":{"rendered":"l\u00edquido LSD Drop"},"content":{"rendered":"<h2>Compre LSD l\u00edquido 200ug Drop Online: O que \u00e9 LSD l\u00edquido?<\/h2>\n<p>Os cogumelos de centeio cont\u00eam uma subst\u00e2ncia qu\u00edmica que \u00e9 usada para fazer a droga alucin\u00f3gena conhecida como LSD, ou dietilamida do \u00e1cido lis\u00e9rgico. Seu uso mais conhecido foi durante a contracultura dos anos 1960, e a proibi\u00e7\u00e3o subsequente prejudicou sua reputa\u00e7\u00e3o.<\/p>\n<p>O LSD foi produzido em 1938 pelo cientista su\u00ed\u00e7o Albert Hofmann em seu laborat\u00f3rio em Zurique, Su\u00ed\u00e7a. Ele acidentalmente descobriu suas qualidades alucin\u00f3genas em 1943, depois que um pouquinho caiu em sua pele.<\/p>\n<p>Obtenha LSD. O LSD, um dos alucin\u00f3genos mais potentes do mercado, tem uma ampla gama de usos culturais, espirituais e terap\u00eauticos.<\/p>\n<h3>Farmacologia: Compre LSD l\u00edquido barato de 200 ug e Drop online<\/h3>\n<p>Quando <a href=\"https:\/\/legitgrams.com\/pt\/produto\/gota-de-lsd-liquida\/\">LSD<\/a> \u00e9 consumido, ele ativa o receptor 5-HT (serotonina), o que resulta em um grande aumento ao inibir os sistemas que regulam os n\u00edveis de serotonina do c\u00e9rebro. Obtenha 200 ug de LSD l\u00edquido com desconto online. O pre\u00e7o de 200 ug de LSD l\u00edquido Dos 15 diferentes receptores de serotonina no c\u00e9rebro, o LSD prefere principalmente o subtipo 2A (5-HT2A). O receptor 5-HT2A est\u00e1 envolvido em processos cognitivos no c\u00f3rtex pr\u00e9-frontal. Dado que muitas das vantagens do LSD v\u00eam do c\u00f3rtex pr\u00e9-frontal, este \u00e9 um aspecto importante. <a href=\"https:\/\/legitgrams.com\/pt\/\">LegitGrams<\/a><\/p>\n<h3>Como o LSD \u00e9 produzido?<\/h3>\n<p>Uma compreens\u00e3o profunda da qu\u00edmica org\u00e2nica, um laborat\u00f3rio totalmente operacional (com acesso a uma c\u00e2mara escura e capacidade para esterilizar equipamentos) e certos compostos que agora est\u00e3o fora dos limites ou t\u00eam suas vendas estritamente regulamentadas para produzir <a href=\"https:\/\/en.wikipedia.org\/wiki\/LSD\">LSD<\/a>, a Ag\u00eancia Antidrogas (DEA) \u00e9 necess\u00e1ria.<\/p>\n<p>Ao contr\u00e1rio dos ingredientes necess\u00e1rios para produzir metanfetamina, esses ingredientes est\u00e3o ausentes na maioria dos itens dom\u00e9sticos de uso di\u00e1rio.<\/p>\n<p>Acredita-se que o c\u00f3rtex pr\u00e9-frontal esteja envolvido na tomada de decis\u00f5es, no planejamento complexo do comportamento cognitivo, na regula\u00e7\u00e3o do comportamento social e na express\u00e3o da personalidade. Compre 200 ug de LSD l\u00edquido com desconto online. A capacidade de receber informa\u00e7\u00f5es de outros sistemas cerebrais e aplic\u00e1-las para tomar decis\u00f5es orientadas a objetivos \u00e9 igualmente crucial.<\/p>\n<p>Compre LSD l\u00edquido 200ug Drop Online: Compre LSD l\u00edquido, compre LSD l\u00edquido 200ug Drop, compre LSD l\u00edquido online, Onde posso comprar LSD l\u00edquido 200ug Drop?, Compre LSD l\u00edquido 200ug Drop, Compre LSD l\u00edquido 200ug, Compre LSD l\u00edquido 200ug, Compre 200ug de LSD l\u00edquido, Compre 200ug de LSD l\u00edquido, Compre 200ug de LSD l\u00edquido Drop nos EUA, Canad\u00e1 e Reino Unido, Compre online, Fornecedores, Entrega segura, Ainda h\u00e1 gotas de 200 ug de LSD l\u00edquido dispon\u00edveis. Como pedir uma gota de 200 ug de LSD l\u00edquido Posso comprar comprimidos de LSD l\u00edquido 200ug Drop online nos EUA? \u00c9 legal comprar LSD l\u00edquido 200ug Drop no Canad\u00e1?<\/p>\n<h2><\/h2>\n<h2><\/h2>\n<p>&nbsp;<\/p>","protected":false},"excerpt":{"rendered":"<p>Purchase liquid LSD 200ug Drop Online: What is LSD liquid? Rye mushrooms contain a chemical that is used to make the hallucinogenic drug known as LSD, or lysergic acid diethylamide. Its most well-known use was during the counterculture of the 1960s, and the subsequent ban damaged its reputation. LSD was produced in 1938 by Swiss &hellip;<\/p>\n<p class=\"read-more\"> <a class=\"\" href=\"https:\/\/legitgrams.com\/pt\/produto\/gota-de-lsd-liquida\/\"> <span class=\"screen-reader-text\">l\u00edquido LSD Drop<\/span> Ler mais \"<\/a><\/p>","protected":false},"featured_media":5184,"comment_status":"open","ping_status":"closed","template":"","meta":{"_uag_custom_page_level_css":"","site-sidebar-layout":"default","site-content-layout":"default","ast-global-header-display":"","ast-main-header-display":"","ast-hfb-above-header-display":"","ast-hfb-below-header-display":"","ast-hfb-mobile-header-display":"","site-post-title":"","ast-breadcrumbs-content":"","ast-featured-img":"","footer-sml-layout":"","theme-transparent-header-meta":"default","adv-header-id-meta":"","stick-header-meta":"default","header-above-stick-meta":"","header-main-stick-meta":"","header-below-stick-meta":"","_joinchat":[]},"product_brand":[],"product_cat":[595],"product_tag":[1637,1627,617,1619,1634,1631,1626,1618,1621,1629,1622,1620,1632,1639,1640,1638,1630,1635,1624,1636,1633,625,1625,1628,1623],"class_list":{"0":"post-4250","1":"product","2":"type-product","3":"status-publish","4":"has-post-thumbnail","6":"product_cat-psychedelic-drugs","7":"product_tag-best-cheap-price-liquid-lsd-drop","8":"product_tag-best-place-to-buy-liquid-lsd-drop","9":"product_tag-bulk-online","10":"product_tag-buy-liquid-lsd-drop","11":"product_tag-cheap-liquid-lsd-drop","12":"product_tag-high-quality-liquid-lsd-drop","13":"product_tag-how-to-buy-liquid-lsd-drop","14":"product_tag-liquid-lsd-drop","15":"product_tag-liquid-lsd-drop-for-sale","16":"product_tag-liquid-lsd-drop-legally","17":"product_tag-liquid-lsd-drop-liquid-lsd-drop-supplier","18":"product_tag-liquid-lsd-drop-online","19":"product_tag-liquid-lsd-drop-store","20":"product_tag-liquid-lsd-drop-use","21":"product_tag-liquid-lsd-drop-wiki","22":"product_tag-liquid-lsd-drop-worldwide","23":"product_tag-liquid-lsd-dropprice","24":"product_tag-liquid-lsd-drops","25":"product_tag-order-liquid-lsd-drop","26":"product_tag-purcharse-liquid-lsd-drop","27":"product_tag-shop-liquid-lsd-drop","28":"product_tag-top-quality","29":"product_tag-where-to-buy-liquid-lsd-drop","30":"product_tag-where-to-order-liquid-lsd-drop","31":"product_tag-wholesale-liquid-lsd-drop","32":"desktop-align-left","33":"tablet-align-left","34":"mobile-align-left","35":"ast-product-gallery-layout-horizontal","36":"ast-product-gallery-with-no-image","37":"ast-product-single-variable","38":"ast-product-tabs-layout-horizontal","39":"ast-qv-on-image","41":"first","42":"instock","43":"shipping-taxable","44":"purchasable","45":"product-type-variable"},"yoast_head":"<!-- This site is optimized with the Yoast SEO plugin v25.9 - https:\/\/yoast.com\/wordpress\/plugins\/seo\/ -->\n<title>liquid LSD Drop for Sale - Buy liquid LSD Drop Online | LegitGrams<\/title>\n<meta name=\"description\" content=\"Explore our online store for liquid LSD Drop for sale, offering high-quality liquid LSD Drop. Buy liquid LSD Drop online securely and embark on your research journey with confidence.\" \/>\n<meta name=\"robots\" content=\"index, follow, max-snippet:-1, max-image-preview:large, max-video-preview:-1\" \/>\n<link rel=\"canonical\" href=\"https:\/\/legitgrams.com\/pt\/produto\/gota-de-lsd-liquida\/\" \/>\n<meta property=\"og:locale\" content=\"pt_PT\" \/>\n<meta property=\"og:type\" content=\"article\" \/>\n<meta property=\"og:title\" content=\"liquid LSD Drop for Sale - Buy liquid LSD Drop Online | LegitGrams\" \/>\n<meta property=\"og:description\" content=\"Explore our online store for liquid LSD Drop for sale, offering high-quality liquid LSD Drop. Buy liquid LSD Drop online securely and embark on your research journey with confidence.\" \/>\n<meta property=\"og:url\" content=\"https:\/\/legitgrams.com\/pt\/produto\/gota-de-lsd-liquida\/\" \/>\n<meta property=\"og:site_name\" content=\"Legit Grams\" \/>\n<meta property=\"article:modified_time\" content=\"2025-01-14T08:14:53+00:00\" \/>\n<meta property=\"og:image\" content=\"https:\/\/legitgrams.com\/wp-content\/uploads\/2024\/09\/Buy-liquid-lsd-200ug-drop-Online-Cheap.jpg\" \/>\n\t<meta property=\"og:image:width\" content=\"600\" \/>\n\t<meta property=\"og:image:height\" content=\"600\" \/>\n\t<meta property=\"og:image:type\" content=\"image\/jpeg\" \/>\n<meta name=\"twitter:card\" content=\"summary_large_image\" \/>\n<meta name=\"twitter:label1\" content=\"Tempo estimado de leitura\" \/>\n\t<meta name=\"twitter:data1\" content=\"4 minutos\" \/>\n<script type=\"application\/ld+json\" class=\"yoast-schema-graph\">{\"@context\":\"https:\/\/schema.org\",\"@graph\":[{\"@type\":\"WebPage\",\"@id\":\"https:\/\/legitgrams.com\/product\/liquid-lsd-drop\/\",\"url\":\"https:\/\/legitgrams.com\/product\/liquid-lsd-drop\/\",\"name\":\"liquid LSD Drop for Sale - Buy liquid LSD Drop Online | LegitGrams\",\"isPartOf\":{\"@id\":\"https:\/\/legitgrams.com\/#website\"},\"primaryImageOfPage\":{\"@id\":\"https:\/\/legitgrams.com\/product\/liquid-lsd-drop\/#primaryimage\"},\"image\":{\"@id\":\"https:\/\/legitgrams.com\/product\/liquid-lsd-drop\/#primaryimage\"},\"thumbnailUrl\":\"https:\/\/legitgrams.com\/wp-content\/uploads\/2024\/09\/Buy-liquid-lsd-200ug-drop-Online-Cheap.jpg\",\"datePublished\":\"2024-09-22T07:10:45+00:00\",\"dateModified\":\"2025-01-14T08:14:53+00:00\",\"description\":\"Explore our online store for liquid LSD Drop for sale, offering high-quality liquid LSD Drop. Buy liquid LSD Drop online securely and embark on your research journey with confidence.\",\"breadcrumb\":{\"@id\":\"https:\/\/legitgrams.com\/product\/liquid-lsd-drop\/#breadcrumb\"},\"inLanguage\":\"pt-PT\",\"potentialAction\":[{\"@type\":\"ReadAction\",\"target\":[\"https:\/\/legitgrams.com\/product\/liquid-lsd-drop\/\"]}]},{\"@type\":\"ImageObject\",\"inLanguage\":\"pt-PT\",\"@id\":\"https:\/\/legitgrams.com\/product\/liquid-lsd-drop\/#primaryimage\",\"url\":\"https:\/\/legitgrams.com\/wp-content\/uploads\/2024\/09\/Buy-liquid-lsd-200ug-drop-Online-Cheap.jpg\",\"contentUrl\":\"https:\/\/legitgrams.com\/wp-content\/uploads\/2024\/09\/Buy-liquid-lsd-200ug-drop-Online-Cheap.jpg\",\"width\":600,\"height\":600,\"caption\":\"liquid LSD Drop for Sale\"},{\"@type\":\"BreadcrumbList\",\"@id\":\"https:\/\/legitgrams.com\/product\/liquid-lsd-drop\/#breadcrumb\",\"itemListElement\":[{\"@type\":\"ListItem\",\"position\":1,\"name\":\"Home\",\"item\":\"https:\/\/legitgrams.com\/\"},{\"@type\":\"ListItem\",\"position\":2,\"name\":\"Shop\",\"item\":\"https:\/\/legitgrams.com\/shop\/\"},{\"@type\":\"ListItem\",\"position\":3,\"name\":\"liquid LSD Drop\"}]},{\"@type\":\"WebSite\",\"@id\":\"https:\/\/legitgrams.com\/#website\",\"url\":\"https:\/\/legitgrams.com\/\",\"name\":\"Legit Grams\",\"description\":\"My WordPress Blog\",\"publisher\":{\"@id\":\"https:\/\/legitgrams.com\/#organization\"},\"potentialAction\":[{\"@type\":\"SearchAction\",\"target\":{\"@type\":\"EntryPoint\",\"urlTemplate\":\"https:\/\/legitgrams.com\/?s={search_term_string}\"},\"query-input\":{\"@type\":\"PropertyValueSpecification\",\"valueRequired\":true,\"valueName\":\"search_term_string\"}}],\"inLanguage\":\"pt-PT\"},{\"@type\":\"Organization\",\"@id\":\"https:\/\/legitgrams.com\/#organization\",\"name\":\"Legit Grams\",\"url\":\"https:\/\/legitgrams.com\/\",\"logo\":{\"@type\":\"ImageObject\",\"inLanguage\":\"pt-PT\",\"@id\":\"https:\/\/legitgrams.com\/#\/schema\/logo\/image\/\",\"url\":\"https:\/\/legitgrams.com\/wp-content\/uploads\/2024\/09\/main-logo.png\",\"contentUrl\":\"https:\/\/legitgrams.com\/wp-content\/uploads\/2024\/09\/main-logo.png\",\"width\":270,\"height\":75,\"caption\":\"Legit Grams\"},\"image\":{\"@id\":\"https:\/\/legitgrams.com\/#\/schema\/logo\/image\/\"}}]}<\/script>\n<!-- \/ Yoast SEO plugin. -->","yoast_head_json":{"title":"liquid LSD Drop para venda - Comprar liquid LSD Drop Online | LegitGrams","description":"Explore a nossa loja online de LSD Drop l\u00edquido para venda, oferecendo LSD Drop l\u00edquido de alta qualidade. Compre LSD Drop l\u00edquido online de forma segura e embarque na sua viagem de investiga\u00e7\u00e3o com confian\u00e7a.","robots":{"index":"index","follow":"follow","max-snippet":"max-snippet:-1","max-image-preview":"max-image-preview:large","max-video-preview":"max-video-preview:-1"},"canonical":"https:\/\/legitgrams.com\/pt\/produto\/gota-de-lsd-liquida\/","og_locale":"pt_PT","og_type":"article","og_title":"liquid LSD Drop for Sale - Buy liquid LSD Drop Online | LegitGrams","og_description":"Explore our online store for liquid LSD Drop for sale, offering high-quality liquid LSD Drop. Buy liquid LSD Drop online securely and embark on your research journey with confidence.","og_url":"https:\/\/legitgrams.com\/pt\/produto\/gota-de-lsd-liquida\/","og_site_name":"Legit Grams","article_modified_time":"2025-01-14T08:14:53+00:00","og_image":[{"width":600,"height":600,"url":"https:\/\/legitgrams.com\/wp-content\/uploads\/2024\/09\/Buy-liquid-lsd-200ug-drop-Online-Cheap.jpg","type":"image\/jpeg"}],"twitter_card":"summary_large_image","twitter_misc":{"Tempo estimado de leitura":"4 minutos"},"schema":{"@context":"https:\/\/schema.org","@graph":[{"@type":"WebPage","@id":"https:\/\/legitgrams.com\/product\/liquid-lsd-drop\/","url":"https:\/\/legitgrams.com\/product\/liquid-lsd-drop\/","name":"liquid LSD Drop para venda - Comprar liquid LSD Drop Online | LegitGrams","isPartOf":{"@id":"https:\/\/legitgrams.com\/#website"},"primaryImageOfPage":{"@id":"https:\/\/legitgrams.com\/product\/liquid-lsd-drop\/#primaryimage"},"image":{"@id":"https:\/\/legitgrams.com\/product\/liquid-lsd-drop\/#primaryimage"},"thumbnailUrl":"https:\/\/legitgrams.com\/wp-content\/uploads\/2024\/09\/Buy-liquid-lsd-200ug-drop-Online-Cheap.jpg","datePublished":"2024-09-22T07:10:45+00:00","dateModified":"2025-01-14T08:14:53+00:00","description":"Explore a nossa loja online de LSD Drop l\u00edquido para venda, oferecendo LSD Drop l\u00edquido de alta qualidade. Compre LSD Drop l\u00edquido online de forma segura e embarque na sua viagem de investiga\u00e7\u00e3o com confian\u00e7a.","breadcrumb":{"@id":"https:\/\/legitgrams.com\/product\/liquid-lsd-drop\/#breadcrumb"},"inLanguage":"pt-PT","potentialAction":[{"@type":"ReadAction","target":["https:\/\/legitgrams.com\/product\/liquid-lsd-drop\/"]}]},{"@type":"ImageObject","inLanguage":"pt-PT","@id":"https:\/\/legitgrams.com\/product\/liquid-lsd-drop\/#primaryimage","url":"https:\/\/legitgrams.com\/wp-content\/uploads\/2024\/09\/Buy-liquid-lsd-200ug-drop-Online-Cheap.jpg","contentUrl":"https:\/\/legitgrams.com\/wp-content\/uploads\/2024\/09\/Buy-liquid-lsd-200ug-drop-Online-Cheap.jpg","width":600,"height":600,"caption":"liquid LSD Drop for Sale"},{"@type":"BreadcrumbList","@id":"https:\/\/legitgrams.com\/product\/liquid-lsd-drop\/#breadcrumb","itemListElement":[{"@type":"ListItem","position":1,"name":"Home","item":"https:\/\/legitgrams.com\/"},{"@type":"ListItem","position":2,"name":"Shop","item":"https:\/\/legitgrams.com\/shop\/"},{"@type":"ListItem","position":3,"name":"liquid LSD Drop"}]},{"@type":"WebSite","@id":"https:\/\/legitgrams.com\/#website","url":"https:\/\/legitgrams.com\/","name":"Gramas leg\u00edtimas","description":"O meu blogue WordPress","publisher":{"@id":"https:\/\/legitgrams.com\/#organization"},"potentialAction":[{"@type":"SearchAction","target":{"@type":"EntryPoint","urlTemplate":"https:\/\/legitgrams.com\/?s={search_term_string}"},"query-input":{"@type":"PropertyValueSpecification","valueRequired":true,"valueName":"search_term_string"}}],"inLanguage":"pt-PT"},{"@type":"Organization","@id":"https:\/\/legitgrams.com\/#organization","name":"Gramas leg\u00edtimas","url":"https:\/\/legitgrams.com\/","logo":{"@type":"ImageObject","inLanguage":"pt-PT","@id":"https:\/\/legitgrams.com\/#\/schema\/logo\/image\/","url":"https:\/\/legitgrams.com\/wp-content\/uploads\/2024\/09\/main-logo.png","contentUrl":"https:\/\/legitgrams.com\/wp-content\/uploads\/2024\/09\/main-logo.png","width":270,"height":75,"caption":"Legit Grams"},"image":{"@id":"https:\/\/legitgrams.com\/#\/schema\/logo\/image\/"}}]}},"uagb_featured_image_src":{"full":["https:\/\/legitgrams.com\/wp-content\/uploads\/2024\/09\/Buy-liquid-lsd-200ug-drop-Online-Cheap.jpg",600,600,false],"thumbnail":["https:\/\/legitgrams.com\/wp-content\/uploads\/2024\/09\/Buy-liquid-lsd-200ug-drop-Online-Cheap-150x150.jpg",150,150,true],"medium":["https:\/\/legitgrams.com\/wp-content\/uploads\/2024\/09\/Buy-liquid-lsd-200ug-drop-Online-Cheap-300x300.jpg",300,300,true],"medium_large":["https:\/\/legitgrams.com\/wp-content\/uploads\/2024\/09\/Buy-liquid-lsd-200ug-drop-Online-Cheap.jpg",600,600,false],"large":["https:\/\/legitgrams.com\/wp-content\/uploads\/2024\/09\/Buy-liquid-lsd-200ug-drop-Online-Cheap.jpg",600,600,false],"1536x1536":["https:\/\/legitgrams.com\/wp-content\/uploads\/2024\/09\/Buy-liquid-lsd-200ug-drop-Online-Cheap.jpg",600,600,false],"2048x2048":["https:\/\/legitgrams.com\/wp-content\/uploads\/2024\/09\/Buy-liquid-lsd-200ug-drop-Online-Cheap.jpg",600,600,false],"trp-custom-language-flag":["https:\/\/legitgrams.com\/wp-content\/uploads\/2024\/09\/Buy-liquid-lsd-200ug-drop-Online-Cheap-12x12.jpg",12,12,true],"woocommerce_thumbnail":["https:\/\/legitgrams.com\/wp-content\/uploads\/2024\/09\/Buy-liquid-lsd-200ug-drop-Online-Cheap-300x300.jpg",300,300,true],"woocommerce_single":["https:\/\/legitgrams.com\/wp-content\/uploads\/2024\/09\/Buy-liquid-lsd-200ug-drop-Online-Cheap.jpg",600,600,false],"woocommerce_gallery_thumbnail":["https:\/\/legitgrams.com\/wp-content\/uploads\/2024\/09\/Buy-liquid-lsd-200ug-drop-Online-Cheap-100x100.jpg",100,100,true]},"uagb_author_info":{"display_name":"cokeblog18","author_link":"https:\/\/legitgrams.com\/pt\/author\/"},"uagb_comment_info":0,"uagb_excerpt":"Purchase liquid LSD 200ug Drop Online: What is LSD liquid? Rye mushrooms contain a chemical that is used to make the hallucinogenic drug known as LSD, or lysergic acid diethylamide. Its most well-known use was during the counterculture of the 1960s, and the subsequent ban damaged its reputation. LSD was produced in 1938 by Swiss&hellip;","_links":{"self":[{"href":"https:\/\/legitgrams.com\/pt\/wp-json\/wp\/v2\/product\/4250","targetHints":{"allow":["GET"]}}],"collection":[{"href":"https:\/\/legitgrams.com\/pt\/wp-json\/wp\/v2\/product"}],"about":[{"href":"https:\/\/legitgrams.com\/pt\/wp-json\/wp\/v2\/types\/product"}],"replies":[{"embeddable":true,"href":"https:\/\/legitgrams.com\/pt\/wp-json\/wp\/v2\/comments?post=4250"}],"wp:featuredmedia":[{"embeddable":true,"href":"https:\/\/legitgrams.com\/pt\/wp-json\/wp\/v2\/media\/5184"}],"wp:attachment":[{"href":"https:\/\/legitgrams.com\/pt\/wp-json\/wp\/v2\/media?parent=4250"}],"wp:term":[{"taxonomy":"product_brand","embeddable":true,"href":"https:\/\/legitgrams.com\/pt\/wp-json\/wp\/v2\/product_brand?post=4250"},{"taxonomy":"product_cat","embeddable":true,"href":"https:\/\/legitgrams.com\/pt\/wp-json\/wp\/v2\/product_cat?post=4250"},{"taxonomy":"product_tag","embeddable":true,"href":"https:\/\/legitgrams.com\/pt\/wp-json\/wp\/v2\/product_tag?post=4250"}],"curies":[{"name":"wp","href":"https:\/\/api.w.org\/{rel}","templated":true}]}}