{"id":4253,"date":"2024-09-22T07:29:14","date_gmt":"2024-09-22T07:29:14","guid":{"rendered":"https:\/\/legitgrams.com\/?post_type=product&#038;p=4253"},"modified":"2025-04-03T07:04:03","modified_gmt":"2025-04-03T07:04:03","slug":"3-fpm","status":"publish","type":"product","link":"https:\/\/legitgrams.com\/pt\/produto\/3-fpm\/","title":{"rendered":"Comprar 3-FPM online"},"content":{"rendered":"<h2>Comprar 3-FPM online: O que \u00e9 3-FPM?<\/h2>\n<p>3-Fluorofenmetrazina \u00e9 abreviado como 3-FPM. <a href=\"https:\/\/legitgrams.com\/pt\/produto\/3-fpm\/\">3-FPM<\/a> \u00e9 um produto de pesquisa qu\u00edmica com propriedades potentes e estimulantes. 3-FPM pertence \u00e0 classe de fen\u00f3is de morfolina. \u00c9 bem reconhecido que os resultados do <a href=\"https:\/\/www.bing.com\/search?q=Compre3-FPMOnline&amp;qs=n&amp;form=QBRE&amp;sp=-1&amp;lq=0&amp;pq=compre3-fpmonline&amp;sc=10-19&amp;sk=&amp;cvid=89C1273D32374062A835B22C07D2F5E8&amp;ghsh=0&amp;ghacc=0&amp;ghpl=\">3-FPM<\/a> O experimento com anfetamina e o experimento com anfetamina s\u00e3o quase id\u00eanticos.<\/p>\n<p><a href=\"https:\/\/www.google.com\/search?q=Compre+3-FPM+Online&amp;sca_esv=eddefdb7b92e7545&amp;sxsrf=AHTn8zrEu87o6jyzDl84riygaR58HzFpbg1743664161754&amp;ei=ITTuZ4nqLdqE0PEPw9K3QA&amp;ved=0ahUKEwjJ_t-Xp7uMAxVaAjQIHUPpDQgQ4dUDCBA&amp;uact=5&amp;oq=Compre+3-FPM+Online&amp;gs_lp=Egxnd3Mtd2l6LXNlcnAiE0NvbXByZSAzLUZQTSBPbmxpbmUyBxAhGKABGApIkARQAFgAcAB4AJABAJgBlgOgAZYDqgEDNC0xuAEDyAEA-AEC-AEBmAIBoAKaA5gDAJIHAzQtMaAHoAKyBwM0LTG4B5oD&amp;sclient=gws-wiz-serp\">3-FPM<\/a> ensaios geralmente fornecem os seguintes efeitos: euforia, pensamento mais r\u00e1pido e maior motiva\u00e7\u00e3o e concentra\u00e7\u00e3o. Por outro lado, esses efeitos s\u00e3o frequentemente descritos como menos severos do que aqueles causados \u200b\u200bpor anfetaminas ou outros estimulantes. As consequ\u00eancias da ins\u00f4nia e ansiedade s\u00e3o geralmente menos pronunciadas ou diminu\u00eddas quando 3-FPM \u00e9 usado.<\/p>\n<h3>Como posso obter 3-FPM?<\/h3>\n<p>Aqui na Buy Chem Online, temos FPM de grau 3 extremamente alto. Nosso <a href=\"https:\/\/en.wikipedia.org\/wiki\/3-Fluorophenmetrazine\">3-FPM<\/a> est\u00e1 dispon\u00edvel como pellets e p\u00f3. Portanto, qualquer que seja a prepara\u00e7\u00e3o que voc\u00ea selecionar, voc\u00ea ser\u00e1 servido.<\/p>\n<p>O <a href=\"https:\/\/duckduckgo.com\/?q=Compre+3-FPM+online&amp;t=h_\">3-FPM<\/a> que estamos oferecendo para venda \u00e9 destinado apenas para fins de pesquisa. N\u00e3o \u00e9 destinado para uso interno. Voc\u00ea tamb\u00e9m precisa ter mais de dezoito anos e estar em total conformidade com todos os requisitos nacionais para comprar uma casa 3-FPM. <a href=\"https:\/\/legitgrams.com\/pt\/\">LegitGrams<\/a><\/p>\n<h3>3. A legalidade do FPM<\/h3>\n<p>Nos EUA, Israel e Su\u00ed\u00e7a, \u00e9 ilegal comprar, vender ou possuir 3-FPM. Nas Na\u00e7\u00f5es Unidas, \u00e9 considerado um an\u00e1logo da fenmetrazina, uma subst\u00e2ncia que \u00e9 tomada por pessoas e est\u00e1 inclu\u00edda na Tabela II.<\/p>","protected":false},"excerpt":{"rendered":"<p>Purchase 3-FPM Online: What is 3-FPM? 3-Fluorophenmetrazine is abbreviated as 3-FPM. 3-FPM is a chemical research product with potent and stimulating properties. 3-FPM belongs to the class of morpholine phenols. It is well acknowledged that the results of the 3-FPM experiment and the amphetamine experiment are almost identical. 3-FPM trials usually provide the following effects: &hellip;<\/p>\n<p class=\"read-more\"> <a class=\"\" href=\"https:\/\/legitgrams.com\/pt\/produto\/3-fpm\/\"> <span class=\"screen-reader-text\">Comprar 3-FPM online<\/span> Ler mais \"<\/a><\/p>","protected":false},"featured_media":5250,"comment_status":"open","ping_status":"closed","template":"","meta":{"_uag_custom_page_level_css":"","site-sidebar-layout":"default","site-content-layout":"default","ast-global-header-display":"","ast-main-header-display":"","ast-hfb-above-header-display":"","ast-hfb-below-header-display":"","ast-hfb-mobile-header-display":"","site-post-title":"","ast-breadcrumbs-content":"","ast-featured-img":"","footer-sml-layout":"","theme-transparent-header-meta":"default","adv-header-id-meta":"","stick-header-meta":"default","header-above-stick-meta":"","header-main-stick-meta":"","header-below-stick-meta":"","_joinchat":[]},"product_brand":[],"product_cat":[598],"product_tag":[1549,1553,1552,1560,1551,1563,1570,1571,1569,1561,1566,1568,1558,617,1550,1565,1562,1557,1555,1567,1564,625,1556,1559,1554],"class_list":{"0":"post-4253","1":"product","2":"type-product","3":"status-publish","4":"has-post-thumbnail","6":"product_cat-stimulants","7":"product_tag-3-fpm","8":"product_tag-3-fpm-3-fpm-supplier","9":"product_tag-3-fpm-for-sale","10":"product_tag-3-fpm-legally","11":"product_tag-3-fpm-online","12":"product_tag-3-fpm-store","13":"product_tag-3-fpm-use","14":"product_tag-3-fpm-wiki","15":"product_tag-3-fpm-worldwide","16":"product_tag-3-fpmprice","17":"product_tag-3-fpms","18":"product_tag-best-cheap-price-3-fpm","19":"product_tag-best-place-to-buy-3-fpm","20":"product_tag-bulk-online","21":"product_tag-buy-3-fpm","22":"product_tag-cheap-3-fpm","23":"product_tag-high-quality-3-fpm","24":"product_tag-how-to-buy-3-fpm","25":"product_tag-order-3-fpm","26":"product_tag-purcharse-3-fpm","27":"product_tag-shop-3-fpm","28":"product_tag-top-quality","29":"product_tag-where-to-buy-3-fpm","30":"product_tag-where-to-order-3-fpm","31":"product_tag-wholesale-3-fpm","32":"desktop-align-left","33":"tablet-align-left","34":"mobile-align-left","35":"ast-product-gallery-layout-horizontal","36":"ast-product-gallery-with-no-image","37":"ast-product-single-variable","38":"ast-product-tabs-layout-horizontal","39":"ast-qv-on-image","41":"first","42":"instock","43":"shipping-taxable","44":"purchasable","45":"product-type-variable"},"yoast_head":"<!-- This site is optimized with the Yoast SEO plugin v25.9 - https:\/\/yoast.com\/wordpress\/plugins\/seo\/ -->\n<title>3-FPM Powder for Sale - Order 3-FPM Online @ Best Price<\/title>\n<meta name=\"description\" content=\"Buy 3-FPM powder online from our trusted online store LegitGrams.com. Get 3-FPM for sale easily and securely with special offer. Place Your Order Now!\" \/>\n<meta name=\"robots\" content=\"index, follow, max-snippet:-1, max-image-preview:large, max-video-preview:-1\" \/>\n<link rel=\"canonical\" href=\"https:\/\/legitgrams.com\/pt\/produto\/3-fpm\/\" \/>\n<meta property=\"og:locale\" content=\"pt_PT\" \/>\n<meta property=\"og:type\" content=\"article\" \/>\n<meta property=\"og:title\" content=\"3-FPM Powder for Sale - Order 3-FPM Online @ Best Price\" \/>\n<meta property=\"og:description\" content=\"Buy 3-FPM powder online from our trusted online store LegitGrams.com. Get 3-FPM for sale easily and securely with special offer. Place Your Order Now!\" \/>\n<meta property=\"og:url\" content=\"https:\/\/legitgrams.com\/pt\/produto\/3-fpm\/\" \/>\n<meta property=\"og:site_name\" content=\"Legit Grams\" \/>\n<meta property=\"article:modified_time\" content=\"2025-04-03T07:04:03+00:00\" \/>\n<meta property=\"og:image\" content=\"https:\/\/legitgrams.com\/wp-content\/uploads\/2024\/09\/3-fpm.jpg\" \/>\n\t<meta property=\"og:image:width\" content=\"430\" \/>\n\t<meta property=\"og:image:height\" content=\"430\" \/>\n\t<meta property=\"og:image:type\" content=\"image\/jpeg\" \/>\n<meta name=\"twitter:card\" content=\"summary_large_image\" \/>\n<meta name=\"twitter:label1\" content=\"Tempo estimado de leitura\" \/>\n\t<meta name=\"twitter:data1\" content=\"2 minutos\" \/>\n<script type=\"application\/ld+json\" class=\"yoast-schema-graph\">{\"@context\":\"https:\/\/schema.org\",\"@graph\":[{\"@type\":\"WebPage\",\"@id\":\"https:\/\/legitgrams.com\/product\/3-fpm\/\",\"url\":\"https:\/\/legitgrams.com\/product\/3-fpm\/\",\"name\":\"3-FPM Powder for Sale - Order 3-FPM Online @ Best Price\",\"isPartOf\":{\"@id\":\"https:\/\/legitgrams.com\/#website\"},\"primaryImageOfPage\":{\"@id\":\"https:\/\/legitgrams.com\/product\/3-fpm\/#primaryimage\"},\"image\":{\"@id\":\"https:\/\/legitgrams.com\/product\/3-fpm\/#primaryimage\"},\"thumbnailUrl\":\"https:\/\/legitgrams.com\/wp-content\/uploads\/2024\/09\/3-fpm.jpg\",\"datePublished\":\"2024-09-22T07:29:14+00:00\",\"dateModified\":\"2025-04-03T07:04:03+00:00\",\"description\":\"Buy 3-FPM powder online from our trusted online store LegitGrams.com. Get 3-FPM for sale easily and securely with special offer. Place Your Order Now!\",\"breadcrumb\":{\"@id\":\"https:\/\/legitgrams.com\/product\/3-fpm\/#breadcrumb\"},\"inLanguage\":\"pt-PT\",\"potentialAction\":[{\"@type\":\"ReadAction\",\"target\":[\"https:\/\/legitgrams.com\/product\/3-fpm\/\"]}]},{\"@type\":\"ImageObject\",\"inLanguage\":\"pt-PT\",\"@id\":\"https:\/\/legitgrams.com\/product\/3-fpm\/#primaryimage\",\"url\":\"https:\/\/legitgrams.com\/wp-content\/uploads\/2024\/09\/3-fpm.jpg\",\"contentUrl\":\"https:\/\/legitgrams.com\/wp-content\/uploads\/2024\/09\/3-fpm.jpg\",\"width\":430,\"height\":430,\"caption\":\"3-fpm for Sale\"},{\"@type\":\"BreadcrumbList\",\"@id\":\"https:\/\/legitgrams.com\/product\/3-fpm\/#breadcrumb\",\"itemListElement\":[{\"@type\":\"ListItem\",\"position\":1,\"name\":\"Home\",\"item\":\"https:\/\/legitgrams.com\/\"},{\"@type\":\"ListItem\",\"position\":2,\"name\":\"Shop\",\"item\":\"https:\/\/legitgrams.com\/shop\/\"},{\"@type\":\"ListItem\",\"position\":3,\"name\":\"Buy 3-FPM Online\"}]},{\"@type\":\"WebSite\",\"@id\":\"https:\/\/legitgrams.com\/#website\",\"url\":\"https:\/\/legitgrams.com\/\",\"name\":\"Legit Grams\",\"description\":\"My WordPress Blog\",\"publisher\":{\"@id\":\"https:\/\/legitgrams.com\/#organization\"},\"potentialAction\":[{\"@type\":\"SearchAction\",\"target\":{\"@type\":\"EntryPoint\",\"urlTemplate\":\"https:\/\/legitgrams.com\/?s={search_term_string}\"},\"query-input\":{\"@type\":\"PropertyValueSpecification\",\"valueRequired\":true,\"valueName\":\"search_term_string\"}}],\"inLanguage\":\"pt-PT\"},{\"@type\":\"Organization\",\"@id\":\"https:\/\/legitgrams.com\/#organization\",\"name\":\"Legit Grams\",\"url\":\"https:\/\/legitgrams.com\/\",\"logo\":{\"@type\":\"ImageObject\",\"inLanguage\":\"pt-PT\",\"@id\":\"https:\/\/legitgrams.com\/#\/schema\/logo\/image\/\",\"url\":\"https:\/\/legitgrams.com\/wp-content\/uploads\/2024\/09\/main-logo.png\",\"contentUrl\":\"https:\/\/legitgrams.com\/wp-content\/uploads\/2024\/09\/main-logo.png\",\"width\":270,\"height\":75,\"caption\":\"Legit Grams\"},\"image\":{\"@id\":\"https:\/\/legitgrams.com\/#\/schema\/logo\/image\/\"}}]}<\/script>\n<!-- \/ Yoast SEO plugin. -->","yoast_head_json":{"title":"3-FPM Powder for Sale - Encomendar 3-FPM Online @ Best Price","description":"Compre 3-FPM em p\u00f3 online na nossa loja online de confian\u00e7a LegitGrams.com. Obtenha 3-FPM para venda de forma f\u00e1cil e segura com oferta especial. Fa\u00e7a seu pedido agora!","robots":{"index":"index","follow":"follow","max-snippet":"max-snippet:-1","max-image-preview":"max-image-preview:large","max-video-preview":"max-video-preview:-1"},"canonical":"https:\/\/legitgrams.com\/pt\/produto\/3-fpm\/","og_locale":"pt_PT","og_type":"article","og_title":"3-FPM Powder for Sale - Order 3-FPM Online @ Best Price","og_description":"Buy 3-FPM powder online from our trusted online store LegitGrams.com. Get 3-FPM for sale easily and securely with special offer. Place Your Order Now!","og_url":"https:\/\/legitgrams.com\/pt\/produto\/3-fpm\/","og_site_name":"Legit Grams","article_modified_time":"2025-04-03T07:04:03+00:00","og_image":[{"width":430,"height":430,"url":"https:\/\/legitgrams.com\/wp-content\/uploads\/2024\/09\/3-fpm.jpg","type":"image\/jpeg"}],"twitter_card":"summary_large_image","twitter_misc":{"Tempo estimado de leitura":"2 minutos"},"schema":{"@context":"https:\/\/schema.org","@graph":[{"@type":"WebPage","@id":"https:\/\/legitgrams.com\/product\/3-fpm\/","url":"https:\/\/legitgrams.com\/product\/3-fpm\/","name":"3-FPM Powder for Sale - Encomendar 3-FPM Online @ Best Price","isPartOf":{"@id":"https:\/\/legitgrams.com\/#website"},"primaryImageOfPage":{"@id":"https:\/\/legitgrams.com\/product\/3-fpm\/#primaryimage"},"image":{"@id":"https:\/\/legitgrams.com\/product\/3-fpm\/#primaryimage"},"thumbnailUrl":"https:\/\/legitgrams.com\/wp-content\/uploads\/2024\/09\/3-fpm.jpg","datePublished":"2024-09-22T07:29:14+00:00","dateModified":"2025-04-03T07:04:03+00:00","description":"Compre 3-FPM em p\u00f3 online na nossa loja online de confian\u00e7a LegitGrams.com. Obtenha 3-FPM para venda de forma f\u00e1cil e segura com oferta especial. Fa\u00e7a seu pedido agora!","breadcrumb":{"@id":"https:\/\/legitgrams.com\/product\/3-fpm\/#breadcrumb"},"inLanguage":"pt-PT","potentialAction":[{"@type":"ReadAction","target":["https:\/\/legitgrams.com\/product\/3-fpm\/"]}]},{"@type":"ImageObject","inLanguage":"pt-PT","@id":"https:\/\/legitgrams.com\/product\/3-fpm\/#primaryimage","url":"https:\/\/legitgrams.com\/wp-content\/uploads\/2024\/09\/3-fpm.jpg","contentUrl":"https:\/\/legitgrams.com\/wp-content\/uploads\/2024\/09\/3-fpm.jpg","width":430,"height":430,"caption":"3-fpm for Sale"},{"@type":"BreadcrumbList","@id":"https:\/\/legitgrams.com\/product\/3-fpm\/#breadcrumb","itemListElement":[{"@type":"ListItem","position":1,"name":"Home","item":"https:\/\/legitgrams.com\/"},{"@type":"ListItem","position":2,"name":"Shop","item":"https:\/\/legitgrams.com\/shop\/"},{"@type":"ListItem","position":3,"name":"Buy 3-FPM Online"}]},{"@type":"WebSite","@id":"https:\/\/legitgrams.com\/#website","url":"https:\/\/legitgrams.com\/","name":"Gramas leg\u00edtimas","description":"O meu blogue WordPress","publisher":{"@id":"https:\/\/legitgrams.com\/#organization"},"potentialAction":[{"@type":"SearchAction","target":{"@type":"EntryPoint","urlTemplate":"https:\/\/legitgrams.com\/?s={search_term_string}"},"query-input":{"@type":"PropertyValueSpecification","valueRequired":true,"valueName":"search_term_string"}}],"inLanguage":"pt-PT"},{"@type":"Organization","@id":"https:\/\/legitgrams.com\/#organization","name":"Gramas leg\u00edtimas","url":"https:\/\/legitgrams.com\/","logo":{"@type":"ImageObject","inLanguage":"pt-PT","@id":"https:\/\/legitgrams.com\/#\/schema\/logo\/image\/","url":"https:\/\/legitgrams.com\/wp-content\/uploads\/2024\/09\/main-logo.png","contentUrl":"https:\/\/legitgrams.com\/wp-content\/uploads\/2024\/09\/main-logo.png","width":270,"height":75,"caption":"Legit Grams"},"image":{"@id":"https:\/\/legitgrams.com\/#\/schema\/logo\/image\/"}}]}},"uagb_featured_image_src":{"full":["https:\/\/legitgrams.com\/wp-content\/uploads\/2024\/09\/3-fpm.jpg",430,430,false],"thumbnail":["https:\/\/legitgrams.com\/wp-content\/uploads\/2024\/09\/3-fpm-150x150.jpg",150,150,true],"medium":["https:\/\/legitgrams.com\/wp-content\/uploads\/2024\/09\/3-fpm-300x300.jpg",300,300,true],"medium_large":["https:\/\/legitgrams.com\/wp-content\/uploads\/2024\/09\/3-fpm.jpg",430,430,false],"large":["https:\/\/legitgrams.com\/wp-content\/uploads\/2024\/09\/3-fpm.jpg",430,430,false],"1536x1536":["https:\/\/legitgrams.com\/wp-content\/uploads\/2024\/09\/3-fpm.jpg",430,430,false],"2048x2048":["https:\/\/legitgrams.com\/wp-content\/uploads\/2024\/09\/3-fpm.jpg",430,430,false],"trp-custom-language-flag":["https:\/\/legitgrams.com\/wp-content\/uploads\/2024\/09\/3-fpm-12x12.jpg",12,12,true],"woocommerce_thumbnail":["https:\/\/legitgrams.com\/wp-content\/uploads\/2024\/09\/3-fpm-300x300.jpg",300,300,true],"woocommerce_single":["https:\/\/legitgrams.com\/wp-content\/uploads\/2024\/09\/3-fpm.jpg",430,430,false],"woocommerce_gallery_thumbnail":["https:\/\/legitgrams.com\/wp-content\/uploads\/2024\/09\/3-fpm-100x100.jpg",100,100,true]},"uagb_author_info":{"display_name":"cokeblog18","author_link":"https:\/\/legitgrams.com\/pt\/author\/"},"uagb_comment_info":0,"uagb_excerpt":"Purchase 3-FPM Online: What is 3-FPM? 3-Fluorophenmetrazine is abbreviated as 3-FPM. 3-FPM is a chemical research product with potent and stimulating properties. 3-FPM belongs to the class of morpholine phenols. It is well acknowledged that the results of the 3-FPM experiment and the amphetamine experiment are almost identical. 3-FPM trials usually provide the following effects:&hellip;","_links":{"self":[{"href":"https:\/\/legitgrams.com\/pt\/wp-json\/wp\/v2\/product\/4253","targetHints":{"allow":["GET"]}}],"collection":[{"href":"https:\/\/legitgrams.com\/pt\/wp-json\/wp\/v2\/product"}],"about":[{"href":"https:\/\/legitgrams.com\/pt\/wp-json\/wp\/v2\/types\/product"}],"replies":[{"embeddable":true,"href":"https:\/\/legitgrams.com\/pt\/wp-json\/wp\/v2\/comments?post=4253"}],"wp:featuredmedia":[{"embeddable":true,"href":"https:\/\/legitgrams.com\/pt\/wp-json\/wp\/v2\/media\/5250"}],"wp:attachment":[{"href":"https:\/\/legitgrams.com\/pt\/wp-json\/wp\/v2\/media?parent=4253"}],"wp:term":[{"taxonomy":"product_brand","embeddable":true,"href":"https:\/\/legitgrams.com\/pt\/wp-json\/wp\/v2\/product_brand?post=4253"},{"taxonomy":"product_cat","embeddable":true,"href":"https:\/\/legitgrams.com\/pt\/wp-json\/wp\/v2\/product_cat?post=4253"},{"taxonomy":"product_tag","embeddable":true,"href":"https:\/\/legitgrams.com\/pt\/wp-json\/wp\/v2\/product_tag?post=4253"}],"curies":[{"name":"wp","href":"https:\/\/api.w.org\/{rel}","templated":true}]}}