{"id":4259,"date":"2024-09-22T07:51:56","date_gmt":"2024-09-22T07:51:56","guid":{"rendered":"https:\/\/legitgrams.com\/?post_type=product&#038;p=4259"},"modified":"2025-01-15T05:43:22","modified_gmt":"2025-01-15T05:43:22","slug":"super-lemon-haze-variedade-de-marijuana","status":"publish","type":"product","link":"https:\/\/legitgrams.com\/pt\/produto\/super-lemon-haze-variedade-de-marijuana\/","title":{"rendered":"Super Lemon Haze Variedade de maconha"},"content":{"rendered":"<h2>Compre a variedade de maconha Super Lemon Haze online<\/h2>\n<p>O controverso <a href=\"https:\/\/legitgrams.com\/pt\/produto\/super-lemon-haze-variedade-de-marijuana\/\">cepa Super Lemon Haze<\/a> \u00e9 bem conhecida por suas duas vit\u00f3rias na High Times Cannabis Cup. A Super Lemon Haze tem n\u00edveis respeit\u00e1veis \u200b\u200bde THC para uma variedade sativa, geralmente entre 22 e 25 por cento. Os efeitos dessa tens\u00e3o foram caracterizados como energizantes e vivos. \u00c9 perfeita para o dia por causa de seu car\u00e1ter calmante e edificante. A Super Lemon Haze tem gosto e cheiro muito parecidos com lim\u00e3o fresco e \u00e1cido, como o nome sugere. A Super Lemon Haze tem um perfil de terpeno doce e azedo com notas c\u00edtricas e de pinho. Ela simplesmente n\u00e3o consegue lidar com a Super Lemon Haze, com um perfume rico e sabor que evoca doces de lim\u00e3o azedo. <a href=\"https:\/\/legitgrams.com\/pt\/\">LegitGrams<\/a><\/p>\n<h3>Compre Super Lemon A variedade de maconha Super Lemon e Haze pode ser comprada online.<\/h3>\n<p><a href=\"https:\/\/en.wikipedia.org\/wiki\/Super_Lemon_Haze\">Super Lemon Haze Variedade de maconha<\/a> \u00e0 venda, compre a variedade de maconha Super Lemon Haze online, onde comprar a variedade de maconha Super Lemon Haze, compre a variedade de maconha Super Lemon Haze online, variedade de maconha Super Lemon Haze \u00e0 venda nos EUA, Canad\u00e1, Reino Unido, compre, online, fornecedores, entrega segura, voc\u00ea ainda pode obter a variedade de maconha Super Lemon Haze, a variedade de maconha Super Lemon Haze \u00e9 EUA, compre a variedade de maconha Super Lemon Haze online EUA, como pedir a variedade de maconha Super Lemon Haze e a variedade de maconha Super Lemon Haze \u00e9 legal no Canad\u00e1<\/p>","protected":false},"excerpt":{"rendered":"<p>Purchase Super Lemon Haze Marijuana Strain Online The controversial strain Super Lemon Haze is well-known for its two victories at the High Times Cannabis Cup. Super Lemon Haze has respectable THC levels for a sativa strain, usually between 22 and 25 percent. This tension&#8217;s effects have been characterized as energizing and alive. It&#8217;s perfect for &hellip;<\/p>\n<p class=\"read-more\"> <a class=\"\" href=\"https:\/\/legitgrams.com\/pt\/produto\/super-lemon-haze-variedade-de-marijuana\/\"> <span class=\"screen-reader-text\">Super Lemon Haze Variedade de maconha<\/span> Ler mais \"<\/a><\/p>","protected":false},"featured_media":5429,"comment_status":"open","ping_status":"closed","template":"","meta":{"_uag_custom_page_level_css":"","site-sidebar-layout":"default","site-content-layout":"default","ast-global-header-display":"","ast-main-header-display":"","ast-hfb-above-header-display":"","ast-hfb-below-header-display":"","ast-hfb-mobile-header-display":"","site-post-title":"","ast-breadcrumbs-content":"","ast-featured-img":"","footer-sml-layout":"","theme-transparent-header-meta":"default","adv-header-id-meta":"","stick-header-meta":"default","header-above-stick-meta":"","header-main-stick-meta":"","header-below-stick-meta":"","_joinchat":[]},"product_brand":[],"product_cat":[607],"product_tag":[1453,1443,617,1435,1450,1447,1442,1440,1452,1449,1434,1437,1445,1436,1448,1438,1455,1456,1454,1446,1451,625,1441,1444,1439],"class_list":{"0":"post-4259","1":"product","2":"type-product","3":"status-publish","4":"has-post-thumbnail","6":"product_cat-marijuana-cannabis","7":"product_tag-best-cheap-price-super-lemon-haze-marijuana-strain","8":"product_tag-best-place-to-buy-super-lemon-haze-marijuana-strain","9":"product_tag-bulk-online","10":"product_tag-buy-super-lemon-haze-marijuana-strain","11":"product_tag-cheap-super-lemon-haze-marijuana-strain","12":"product_tag-high-quality-super-lemon-haze-marijuana-strain","13":"product_tag-how-to-buy-super-lemon-haze-marijuana-strain","14":"product_tag-order-super-lemon-haze-marijuana-strain","15":"product_tag-purcharse-super-lemon-haze-marijuana-strain","16":"product_tag-shop-super-lemon-haze-marijuana-strain","17":"product_tag-super-lemon-haze-marijuana-strain","18":"product_tag-super-lemon-haze-marijuana-strain-for-sale","19":"product_tag-super-lemon-haze-marijuana-strain-legally","20":"product_tag-super-lemon-haze-marijuana-strain-online","21":"product_tag-super-lemon-haze-marijuana-strain-store","22":"product_tag-super-lemon-haze-marijuana-strain-super-lemon-haze-marijuana-strain-supplier","23":"product_tag-super-lemon-haze-marijuana-strain-use","24":"product_tag-super-lemon-haze-marijuana-strain-wiki","25":"product_tag-super-lemon-haze-marijuana-strain-worldwide","26":"product_tag-super-lemon-haze-marijuana-strainprice","27":"product_tag-super-lemon-haze-marijuana-strains","28":"product_tag-top-quality","29":"product_tag-where-to-buy-super-lemon-haze-marijuana-strain","30":"product_tag-where-to-order-super-lemon-haze-marijuana-strain","31":"product_tag-wholesale-super-lemon-haze-marijuana-strain","32":"desktop-align-left","33":"tablet-align-left","34":"mobile-align-left","35":"ast-product-gallery-layout-horizontal","36":"ast-product-gallery-with-no-image","37":"ast-product-single-variable","38":"ast-product-tabs-layout-horizontal","39":"ast-qv-on-image","41":"first","42":"instock","43":"shipping-taxable","44":"purchasable","45":"product-type-variable"},"yoast_head":"<!-- This site is optimized with the Yoast SEO plugin v25.9 - https:\/\/yoast.com\/wordpress\/plugins\/seo\/ -->\n<title>Super Lemon Haze Marijuana Strain for sale @ best price | LG<\/title>\n<meta name=\"description\" content=\"Discover top-notch super lemon haze marijuana strain for sale at our online store - buy super lemon haze marijuana strain conveniently and securely to fuel your research. Order Now!\" \/>\n<meta name=\"robots\" content=\"index, follow, max-snippet:-1, max-image-preview:large, max-video-preview:-1\" \/>\n<link rel=\"canonical\" href=\"https:\/\/legitgrams.com\/pt\/produto\/super-lemon-haze-variedade-de-marijuana\/\" \/>\n<meta property=\"og:locale\" content=\"pt_PT\" \/>\n<meta property=\"og:type\" content=\"article\" \/>\n<meta property=\"og:title\" content=\"Super Lemon Haze Marijuana Strain for sale @ best price | LG\" \/>\n<meta property=\"og:description\" content=\"Discover top-notch super lemon haze marijuana strain for sale at our online store - buy super lemon haze marijuana strain conveniently and securely to fuel your research. Order Now!\" \/>\n<meta property=\"og:url\" content=\"https:\/\/legitgrams.com\/pt\/produto\/super-lemon-haze-variedade-de-marijuana\/\" \/>\n<meta property=\"og:site_name\" content=\"Legit Grams\" \/>\n<meta property=\"article:modified_time\" content=\"2025-01-15T05:43:22+00:00\" \/>\n<meta property=\"og:image\" content=\"https:\/\/legitgrams.com\/wp-content\/uploads\/2024\/09\/Buy-Super-Lemon-Haze-Marijuana-Strain-Online.jpg\" \/>\n\t<meta property=\"og:image:width\" content=\"600\" \/>\n\t<meta property=\"og:image:height\" content=\"600\" \/>\n\t<meta property=\"og:image:type\" content=\"image\/jpeg\" \/>\n<meta name=\"twitter:card\" content=\"summary_large_image\" \/>\n<meta name=\"twitter:label1\" content=\"Tempo estimado de leitura\" \/>\n\t<meta name=\"twitter:data1\" content=\"2 minutos\" \/>\n<script type=\"application\/ld+json\" class=\"yoast-schema-graph\">{\"@context\":\"https:\/\/schema.org\",\"@graph\":[{\"@type\":\"WebPage\",\"@id\":\"https:\/\/legitgrams.com\/product\/super-lemon-haze-marijuana-strain\/\",\"url\":\"https:\/\/legitgrams.com\/product\/super-lemon-haze-marijuana-strain\/\",\"name\":\"Super Lemon Haze Marijuana Strain for sale @ best price | LG\",\"isPartOf\":{\"@id\":\"https:\/\/legitgrams.com\/#website\"},\"primaryImageOfPage\":{\"@id\":\"https:\/\/legitgrams.com\/product\/super-lemon-haze-marijuana-strain\/#primaryimage\"},\"image\":{\"@id\":\"https:\/\/legitgrams.com\/product\/super-lemon-haze-marijuana-strain\/#primaryimage\"},\"thumbnailUrl\":\"https:\/\/legitgrams.com\/wp-content\/uploads\/2024\/09\/Buy-Super-Lemon-Haze-Marijuana-Strain-Online.jpg\",\"datePublished\":\"2024-09-22T07:51:56+00:00\",\"dateModified\":\"2025-01-15T05:43:22+00:00\",\"description\":\"Discover top-notch super lemon haze marijuana strain for sale at our online store - buy super lemon haze marijuana strain conveniently and securely to fuel your research. Order Now!\",\"breadcrumb\":{\"@id\":\"https:\/\/legitgrams.com\/product\/super-lemon-haze-marijuana-strain\/#breadcrumb\"},\"inLanguage\":\"pt-PT\",\"potentialAction\":[{\"@type\":\"ReadAction\",\"target\":[\"https:\/\/legitgrams.com\/product\/super-lemon-haze-marijuana-strain\/\"]}]},{\"@type\":\"ImageObject\",\"inLanguage\":\"pt-PT\",\"@id\":\"https:\/\/legitgrams.com\/product\/super-lemon-haze-marijuana-strain\/#primaryimage\",\"url\":\"https:\/\/legitgrams.com\/wp-content\/uploads\/2024\/09\/Buy-Super-Lemon-Haze-Marijuana-Strain-Online.jpg\",\"contentUrl\":\"https:\/\/legitgrams.com\/wp-content\/uploads\/2024\/09\/Buy-Super-Lemon-Haze-Marijuana-Strain-Online.jpg\",\"width\":600,\"height\":600,\"caption\":\"Super Lemon Haze Marijuana Strain for sale\"},{\"@type\":\"BreadcrumbList\",\"@id\":\"https:\/\/legitgrams.com\/product\/super-lemon-haze-marijuana-strain\/#breadcrumb\",\"itemListElement\":[{\"@type\":\"ListItem\",\"position\":1,\"name\":\"Home\",\"item\":\"https:\/\/legitgrams.com\/\"},{\"@type\":\"ListItem\",\"position\":2,\"name\":\"Shop\",\"item\":\"https:\/\/legitgrams.com\/shop\/\"},{\"@type\":\"ListItem\",\"position\":3,\"name\":\"Super Lemon Haze Marijuana Strain\"}]},{\"@type\":\"WebSite\",\"@id\":\"https:\/\/legitgrams.com\/#website\",\"url\":\"https:\/\/legitgrams.com\/\",\"name\":\"Legit Grams\",\"description\":\"My WordPress Blog\",\"publisher\":{\"@id\":\"https:\/\/legitgrams.com\/#organization\"},\"potentialAction\":[{\"@type\":\"SearchAction\",\"target\":{\"@type\":\"EntryPoint\",\"urlTemplate\":\"https:\/\/legitgrams.com\/?s={search_term_string}\"},\"query-input\":{\"@type\":\"PropertyValueSpecification\",\"valueRequired\":true,\"valueName\":\"search_term_string\"}}],\"inLanguage\":\"pt-PT\"},{\"@type\":\"Organization\",\"@id\":\"https:\/\/legitgrams.com\/#organization\",\"name\":\"Legit Grams\",\"url\":\"https:\/\/legitgrams.com\/\",\"logo\":{\"@type\":\"ImageObject\",\"inLanguage\":\"pt-PT\",\"@id\":\"https:\/\/legitgrams.com\/#\/schema\/logo\/image\/\",\"url\":\"https:\/\/legitgrams.com\/wp-content\/uploads\/2024\/09\/main-logo.png\",\"contentUrl\":\"https:\/\/legitgrams.com\/wp-content\/uploads\/2024\/09\/main-logo.png\",\"width\":270,\"height\":75,\"caption\":\"Legit Grams\"},\"image\":{\"@id\":\"https:\/\/legitgrams.com\/#\/schema\/logo\/image\/\"}}]}<\/script>\n<!-- \/ Yoast SEO plugin. -->","yoast_head_json":{"title":"Super Lemon Haze Marijuana Strain para venda @ best price | LG","description":"Descubra a variedade de maconha super lemon haze de primeira linha \u00e0 venda em nossa loja online - compre a variedade de maconha super lemon haze de forma conveniente e segura para abastecer sua pesquisa. Pe\u00e7a agora!","robots":{"index":"index","follow":"follow","max-snippet":"max-snippet:-1","max-image-preview":"max-image-preview:large","max-video-preview":"max-video-preview:-1"},"canonical":"https:\/\/legitgrams.com\/pt\/produto\/super-lemon-haze-variedade-de-marijuana\/","og_locale":"pt_PT","og_type":"article","og_title":"Super Lemon Haze Marijuana Strain for sale @ best price | LG","og_description":"Discover top-notch super lemon haze marijuana strain for sale at our online store - buy super lemon haze marijuana strain conveniently and securely to fuel your research. Order Now!","og_url":"https:\/\/legitgrams.com\/pt\/produto\/super-lemon-haze-variedade-de-marijuana\/","og_site_name":"Legit Grams","article_modified_time":"2025-01-15T05:43:22+00:00","og_image":[{"width":600,"height":600,"url":"https:\/\/legitgrams.com\/wp-content\/uploads\/2024\/09\/Buy-Super-Lemon-Haze-Marijuana-Strain-Online.jpg","type":"image\/jpeg"}],"twitter_card":"summary_large_image","twitter_misc":{"Tempo estimado de leitura":"2 minutos"},"schema":{"@context":"https:\/\/schema.org","@graph":[{"@type":"WebPage","@id":"https:\/\/legitgrams.com\/product\/super-lemon-haze-marijuana-strain\/","url":"https:\/\/legitgrams.com\/product\/super-lemon-haze-marijuana-strain\/","name":"Super Lemon Haze Marijuana Strain para venda @ best price | LG","isPartOf":{"@id":"https:\/\/legitgrams.com\/#website"},"primaryImageOfPage":{"@id":"https:\/\/legitgrams.com\/product\/super-lemon-haze-marijuana-strain\/#primaryimage"},"image":{"@id":"https:\/\/legitgrams.com\/product\/super-lemon-haze-marijuana-strain\/#primaryimage"},"thumbnailUrl":"https:\/\/legitgrams.com\/wp-content\/uploads\/2024\/09\/Buy-Super-Lemon-Haze-Marijuana-Strain-Online.jpg","datePublished":"2024-09-22T07:51:56+00:00","dateModified":"2025-01-15T05:43:22+00:00","description":"Descubra a variedade de maconha super lemon haze de primeira linha \u00e0 venda em nossa loja online - compre a variedade de maconha super lemon haze de forma conveniente e segura para abastecer sua pesquisa. Pe\u00e7a agora!","breadcrumb":{"@id":"https:\/\/legitgrams.com\/product\/super-lemon-haze-marijuana-strain\/#breadcrumb"},"inLanguage":"pt-PT","potentialAction":[{"@type":"ReadAction","target":["https:\/\/legitgrams.com\/product\/super-lemon-haze-marijuana-strain\/"]}]},{"@type":"ImageObject","inLanguage":"pt-PT","@id":"https:\/\/legitgrams.com\/product\/super-lemon-haze-marijuana-strain\/#primaryimage","url":"https:\/\/legitgrams.com\/wp-content\/uploads\/2024\/09\/Buy-Super-Lemon-Haze-Marijuana-Strain-Online.jpg","contentUrl":"https:\/\/legitgrams.com\/wp-content\/uploads\/2024\/09\/Buy-Super-Lemon-Haze-Marijuana-Strain-Online.jpg","width":600,"height":600,"caption":"Super Lemon Haze Marijuana Strain for sale"},{"@type":"BreadcrumbList","@id":"https:\/\/legitgrams.com\/product\/super-lemon-haze-marijuana-strain\/#breadcrumb","itemListElement":[{"@type":"ListItem","position":1,"name":"Home","item":"https:\/\/legitgrams.com\/"},{"@type":"ListItem","position":2,"name":"Shop","item":"https:\/\/legitgrams.com\/shop\/"},{"@type":"ListItem","position":3,"name":"Super Lemon Haze Marijuana Strain"}]},{"@type":"WebSite","@id":"https:\/\/legitgrams.com\/#website","url":"https:\/\/legitgrams.com\/","name":"Gramas leg\u00edtimas","description":"O meu blogue WordPress","publisher":{"@id":"https:\/\/legitgrams.com\/#organization"},"potentialAction":[{"@type":"SearchAction","target":{"@type":"EntryPoint","urlTemplate":"https:\/\/legitgrams.com\/?s={search_term_string}"},"query-input":{"@type":"PropertyValueSpecification","valueRequired":true,"valueName":"search_term_string"}}],"inLanguage":"pt-PT"},{"@type":"Organization","@id":"https:\/\/legitgrams.com\/#organization","name":"Gramas leg\u00edtimas","url":"https:\/\/legitgrams.com\/","logo":{"@type":"ImageObject","inLanguage":"pt-PT","@id":"https:\/\/legitgrams.com\/#\/schema\/logo\/image\/","url":"https:\/\/legitgrams.com\/wp-content\/uploads\/2024\/09\/main-logo.png","contentUrl":"https:\/\/legitgrams.com\/wp-content\/uploads\/2024\/09\/main-logo.png","width":270,"height":75,"caption":"Legit Grams"},"image":{"@id":"https:\/\/legitgrams.com\/#\/schema\/logo\/image\/"}}]}},"uagb_featured_image_src":{"full":["https:\/\/legitgrams.com\/wp-content\/uploads\/2024\/09\/Buy-Super-Lemon-Haze-Marijuana-Strain-Online.jpg",600,600,false],"thumbnail":["https:\/\/legitgrams.com\/wp-content\/uploads\/2024\/09\/Buy-Super-Lemon-Haze-Marijuana-Strain-Online-150x150.jpg",150,150,true],"medium":["https:\/\/legitgrams.com\/wp-content\/uploads\/2024\/09\/Buy-Super-Lemon-Haze-Marijuana-Strain-Online-300x300.jpg",300,300,true],"medium_large":["https:\/\/legitgrams.com\/wp-content\/uploads\/2024\/09\/Buy-Super-Lemon-Haze-Marijuana-Strain-Online.jpg",600,600,false],"large":["https:\/\/legitgrams.com\/wp-content\/uploads\/2024\/09\/Buy-Super-Lemon-Haze-Marijuana-Strain-Online.jpg",600,600,false],"1536x1536":["https:\/\/legitgrams.com\/wp-content\/uploads\/2024\/09\/Buy-Super-Lemon-Haze-Marijuana-Strain-Online.jpg",600,600,false],"2048x2048":["https:\/\/legitgrams.com\/wp-content\/uploads\/2024\/09\/Buy-Super-Lemon-Haze-Marijuana-Strain-Online.jpg",600,600,false],"trp-custom-language-flag":["https:\/\/legitgrams.com\/wp-content\/uploads\/2024\/09\/Buy-Super-Lemon-Haze-Marijuana-Strain-Online-12x12.jpg",12,12,true],"woocommerce_thumbnail":["https:\/\/legitgrams.com\/wp-content\/uploads\/2024\/09\/Buy-Super-Lemon-Haze-Marijuana-Strain-Online-300x300.jpg",300,300,true],"woocommerce_single":["https:\/\/legitgrams.com\/wp-content\/uploads\/2024\/09\/Buy-Super-Lemon-Haze-Marijuana-Strain-Online.jpg",600,600,false],"woocommerce_gallery_thumbnail":["https:\/\/legitgrams.com\/wp-content\/uploads\/2024\/09\/Buy-Super-Lemon-Haze-Marijuana-Strain-Online-100x100.jpg",100,100,true]},"uagb_author_info":{"display_name":"cokeblog18","author_link":"https:\/\/legitgrams.com\/pt\/author\/"},"uagb_comment_info":0,"uagb_excerpt":"Purchase Super Lemon Haze Marijuana Strain Online The controversial strain Super Lemon Haze is well-known for its two victories at the High Times Cannabis Cup. Super Lemon Haze has respectable THC levels for a sativa strain, usually between 22 and 25 percent. This tension&#8217;s effects have been characterized as energizing and alive. It&#8217;s perfect for&hellip;","_links":{"self":[{"href":"https:\/\/legitgrams.com\/pt\/wp-json\/wp\/v2\/product\/4259","targetHints":{"allow":["GET"]}}],"collection":[{"href":"https:\/\/legitgrams.com\/pt\/wp-json\/wp\/v2\/product"}],"about":[{"href":"https:\/\/legitgrams.com\/pt\/wp-json\/wp\/v2\/types\/product"}],"replies":[{"embeddable":true,"href":"https:\/\/legitgrams.com\/pt\/wp-json\/wp\/v2\/comments?post=4259"}],"wp:featuredmedia":[{"embeddable":true,"href":"https:\/\/legitgrams.com\/pt\/wp-json\/wp\/v2\/media\/5429"}],"wp:attachment":[{"href":"https:\/\/legitgrams.com\/pt\/wp-json\/wp\/v2\/media?parent=4259"}],"wp:term":[{"taxonomy":"product_brand","embeddable":true,"href":"https:\/\/legitgrams.com\/pt\/wp-json\/wp\/v2\/product_brand?post=4259"},{"taxonomy":"product_cat","embeddable":true,"href":"https:\/\/legitgrams.com\/pt\/wp-json\/wp\/v2\/product_cat?post=4259"},{"taxonomy":"product_tag","embeddable":true,"href":"https:\/\/legitgrams.com\/pt\/wp-json\/wp\/v2\/product_tag?post=4259"}],"curies":[{"name":"wp","href":"https:\/\/api.w.org\/{rel}","templated":true}]}}