{"id":4270,"date":"2024-09-22T08:08:41","date_gmt":"2024-09-22T08:08:41","guid":{"rendered":"https:\/\/legitgrams.com\/?post_type=product&#038;p=4270"},"modified":"2025-04-03T05:36:09","modified_gmt":"2025-04-03T05:36:09","slug":"order-powdered-cocaine-online-98-8-pure","status":"publish","type":"product","link":"https:\/\/legitgrams.com\/pt\/produto\/order-powdered-cocaine-online-98-8-pure\/","title":{"rendered":"Compre coca\u00edna em p\u00f3 online 98,8% pura"},"content":{"rendered":"<h2>Compre e encomende p\u00f3 de coca\u00edna online.<\/h2>\n<p>A forma mais popular de coca\u00edna \u00e9 <a href=\"https:\/\/legitgrams.com\/pt\/produto\/order-powdered-cocaine-online-98-8-pure\/\">coca\u00edna em p\u00f3<\/a>. For this reason, it is also referred to as a street drug. The <a href=\"https:\/\/www.bing.com\/search?q=Buy+Powdered+cocaine+online+98.8%25+pure&amp;qs=n&amp;form=QBRE&amp;sp=-1&amp;lq=0&amp;pq=buy+powdered+cocaine+online+98.8%25+pure&amp;sc=0-38&amp;sk=&amp;cvid=8EA0788297494D1E80E84D8828103EFF&amp;ghsh=0&amp;ghacc=0&amp;ghpl=\">Coca<\/a> plantas, encontradas principalmente em pa\u00edses do Sul, s\u00e3o usadas para fazer esse p\u00f3.<br \/>\n\u00c9 um estimulante potente que actua diretamente no c\u00e9rebro central para curar uma vasta gama de doen\u00e7as. As subst\u00e2ncias qu\u00edmicas espec\u00edficas do c\u00e9rebro s\u00e3o refor\u00e7adas por este estimulante, permitindo que o sistema de \u00f3rg\u00e3os humanos responda conforme necess\u00e1rio. \u00c9 o tipo de coca\u00edna mais utilizado em todo o mundo devido aos seus muitos benef\u00edcios.<\/p>\n<p><a href=\"https:\/\/www.google.com\/search?q=Compre+cocana+em+p+online+988+pura&amp;sca_esv=eddefdb7b92e7545&amp;sxsrf=AHTn8zr2JQvYG5d12Du3jf22BQvN4KN6fg1743658739600&amp;ei=8x7uZ5G0JPuj0PEPr7PW0QQ&amp;ved=0ahUKEwjR-aH-kruMAxX7ETQIHa-ZNUoQ4dUDCBA&amp;uact=5&amp;oq=Compre+cocana+em+p+online+988+pura&amp;gs_lp=Egxnd3Mtd2l6LXNlcnAiKENvbXByZSBjb2Nhw61uYSBlbSBww7Mgb25saW5lIDk4LDglIHB1cmEyBRAhGKABMgUQIRigATIFECEYoAEyBRAhGKABMgUQIRigAUjOCVCwBViwBXABeACQAQCYAZcDoAGXA6oBAzQtMbgBA8gBAPgBAvgBAZgCAaACnAOYAwCIBgGSBwM0LTGgB8MEsgcDNC0xuAecAw&amp;sclient=gws-wiz-serp\">P\u00f3 de coca\u00edna<\/a> \u00e9 diferente de outras formas de coca\u00edna.<\/p>\n<h3>Como tomar p\u00f3 de coca\u00edna<\/h3>\n<p><a href=\"https:\/\/www.bing.com\/search?q=Comprecocanaemponline988pura&amp;qs=n&amp;form=QBRE&amp;sp=-1&amp;lq=0&amp;pq=comprecocanaemponline988pura&amp;sc=0-38&amp;sk=&amp;cvid=52804E71E8B24F27B90E1E90556903ED&amp;ghsh=0&amp;ghacc=0&amp;ghpl=\">P\u00f3 de coca\u00edna<\/a> Oferece vantagens fora do corpo humano. Mas a principal raz\u00e3o para seu sucesso \u00e9 que apresenta menos riscos \u00e0 sa\u00fade humana. \u00c9 comumente usado em combina\u00e7\u00e3o com outros medicamentos prescritos, como fentanil, talco, etc. Mas pode ser prejudicial \u00e0 sa\u00fade humana se usado com fentanil sem supervis\u00e3o.<\/p>\n<p>Por conseguinte, antes de utilizar uma pr\u00f3-droga t\u00e3o potente, esta deve ser examinada. As pessoas utilizam esta subst\u00e2ncia em p\u00f3 de v\u00e1rias formas, como por exemplo injectando-a diretamente numa veia ou fumando-a como um cigarro. A melhor t\u00e9cnica de utiliza\u00e7\u00e3o depende das circunst\u00e2ncias f\u00edsicas e mentais espec\u00edficas de cada pessoa. <a href=\"https:\/\/legitgrams.com\/pt\/\">LegitGrams<\/a><\/p>\n<p>Embora misturar este p\u00f3 com refrigerantes seja outra forma que alguns indiv\u00edduos utilizaram, faz\u00ea-lo \u00e9 extremamente arriscado.<\/p>\n<h3>Coca\u00edna em p\u00f3 para fins medicinais<\/h3>\n<p>Al\u00e9m disso, a coca\u00edna em p\u00f3 aumenta o sistema de resposta ao adicionar mais subst\u00e2ncias qu\u00edmicas ao c\u00e9rebro, <a href=\"https:\/\/duckduckgo.com\/?q=Buy+Powdered+cocaine+online+98.8%25+pure&amp;t=h_&amp;ia=web\">coca\u00edna em p\u00f3<\/a> tamb\u00e9m fortalece seu sistema de resposta. Ao tratar pacientes que sofrem de apatia em seus comportamentos e movimentos, os m\u00e9dicos est\u00e3o escrevendo receitas para este medicamento. \u00c0 venda: cloridrato de coca\u00edna<\/p>\n<p>Al\u00e9m disso, os m\u00e9dicos utilizam-no para diminuir o desconforto durante muitos procedimentos cir\u00fargicos. Como d\u00e1 \u00e0 mente uma sensa\u00e7\u00e3o de alegria e vitalidade, a sua breve dura\u00e7\u00e3o \u00e9 imensamente ben\u00e9fica para os seres humanos. Estas qualidades fazem com que seja muito apreciado por um grande n\u00famero de pessoas em todo o mundo.<\/p>\n<p>Toda a gente tem acesso f\u00e1cil \u00e0 disponibilidade de coca\u00edna em p\u00f3 no mercado da Internet. Este p\u00f3 especial tamb\u00e9m est\u00e1 dispon\u00edvel a custos extremamente acess\u00edveis na nossa loja online. Al\u00e9m disso, oferecemos a entrega mais r\u00e1pida poss\u00edvel do produto diretamente \u00e0 sua porta.<\/p>\n<p>Compra de 98,8% puro em p\u00f3 <a href=\"https:\/\/en.wikipedia.org\/wiki\/Cocaine\">coca\u00edna<\/a> em linha neste s\u00edtio Web. A coca\u00edna em p\u00f3 pode ser comprada online. 98.8% puro, obter coca\u00edna em p\u00f3 online, Onde posso comprar coca\u00edna em p\u00f3 online? Online, 98.8% pure powdered cocaine O produto \u00e9 98.8% puro e est\u00e1 dispon\u00edvel para compra online. Pode ser comprado online, e existem v\u00e1rios locais para o obter. Para venda: 98.8% puro, EUA, Canad\u00e1, Reino Unido, fornecedores, compra online, entrega segura, A coca\u00edna em p\u00f3 ainda est\u00e1 dispon\u00edvel online. 98.8% pure, \u00c9 legal comprar 98.8% pure powdered cocaine online nos Estados Unidos? Como encomendar coca\u00edna em p\u00f3 online nos Estados Unidos? Tem uma pureza de 98,8%. \u00c9 legal no Canad\u00e1 comprar coca\u00edna em p\u00f3 com pureza de 98,8% online?<\/p>","protected":false},"excerpt":{"rendered":"<p>Purchase and order cocaine powder online. The most popular form of cocaine is cocaine powder. For this reason, it is also referred to as a street drug. The Coca plants, which are primarily found in Southern countries, are used to make this powder. It is a potent stimulant that acts directly on the central brain &hellip;<\/p>\n<p class=\"read-more\"> <a class=\"\" href=\"https:\/\/legitgrams.com\/pt\/produto\/order-powdered-cocaine-online-98-8-pure\/\"> <span class=\"screen-reader-text\">Compre coca\u00edna em p\u00f3 online 98,8% pura<\/span> Ler mais \"<\/a><\/p>","protected":false},"featured_media":5333,"comment_status":"open","ping_status":"closed","template":"","meta":{"_uag_custom_page_level_css":"","site-sidebar-layout":"default","site-content-layout":"default","ast-global-header-display":"","ast-main-header-display":"","ast-hfb-above-header-display":"","ast-hfb-below-header-display":"","ast-hfb-mobile-header-display":"","site-post-title":"","ast-breadcrumbs-content":"","ast-featured-img":"","footer-sml-layout":"","theme-transparent-header-meta":"default","adv-header-id-meta":"","stick-header-meta":"default","header-above-stick-meta":"","header-main-stick-meta":"","header-below-stick-meta":"","_joinchat":[]},"product_brand":[],"product_cat":[70],"product_tag":[1361,1351,617,1343,1358,1355,1350,1348,1342,1345,1353,1344,1346,1356,1363,1364,1362,1354,1359,1360,1357,625,1349,1352,1347],"class_list":{"0":"post-4270","1":"product","2":"type-product","3":"status-publish","4":"has-post-thumbnail","6":"product_cat-cocaine","7":"product_tag-best-cheap-price-powdered-cocaine-online-98-8-pure","8":"product_tag-best-place-to-buy-powdered-cocaine-online-98-8-pure","9":"product_tag-bulk-online","10":"product_tag-buy-powdered-cocaine-online-98-8-pure","11":"product_tag-cheap-powdered-cocaine-online-98-8-pure","12":"product_tag-high-quality-powdered-cocaine-online-98-8-pure","13":"product_tag-how-to-buy-powdered-cocaine-online-98-8-pure","14":"product_tag-order-powdered-cocaine-online-98-8-pure","15":"product_tag-powdered-cocaine-online-98-8-pure","16":"product_tag-powdered-cocaine-online-98-8-pure-for-sale","17":"product_tag-powdered-cocaine-online-98-8-pure-legally","18":"product_tag-powdered-cocaine-online-98-8-pure-online","19":"product_tag-powdered-cocaine-online-98-8-pure-powdered-cocaine-online-98-8-pure-supplier","20":"product_tag-powdered-cocaine-online-98-8-pure-store","21":"product_tag-powdered-cocaine-online-98-8-pure-use","22":"product_tag-powdered-cocaine-online-98-8-pure-wiki","23":"product_tag-powdered-cocaine-online-98-8-pure-worldwide","24":"product_tag-powdered-cocaine-online-98-8-pureprice","25":"product_tag-powdered-cocaine-online-98-8-pures","26":"product_tag-purcharse-powdered-cocaine-online-98-8-pure","27":"product_tag-shop-powdered-cocaine-online-98-8-pure","28":"product_tag-top-quality","29":"product_tag-where-to-buy-powdered-cocaine-online-98-8-pure","30":"product_tag-where-to-order-powdered-cocaine-online-98-8-pure","31":"product_tag-wholesale-powdered-cocaine-online-98-8-pure","32":"desktop-align-left","33":"tablet-align-left","34":"mobile-align-left","35":"ast-product-gallery-layout-horizontal","36":"ast-product-gallery-with-no-image","37":"ast-product-single-variable","38":"ast-product-tabs-layout-horizontal","39":"ast-qv-on-image","41":"first","42":"instock","43":"shipping-taxable","44":"purchasable","45":"product-type-variable"},"yoast_head":"<!-- This site is optimized with the Yoast SEO plugin v25.9 - https:\/\/yoast.com\/wordpress\/plugins\/seo\/ -->\n<title>Powdered Cocaine for Sale - Order Powdered Cocaine Online<\/title>\n<meta name=\"description\" content=\"Find premium Powdered Cocaine for sale at our online store, providing a secure platform to buy Powdered Cocaine online with ease, catering to your research needs.\" \/>\n<meta name=\"robots\" content=\"index, follow, max-snippet:-1, max-image-preview:large, max-video-preview:-1\" \/>\n<link rel=\"canonical\" href=\"https:\/\/legitgrams.com\/pt\/produto\/order-powdered-cocaine-online-98-8-pure\/\" \/>\n<meta property=\"og:locale\" content=\"pt_PT\" \/>\n<meta property=\"og:type\" content=\"article\" \/>\n<meta property=\"og:title\" content=\"Powdered Cocaine for Sale - Order Powdered Cocaine Online\" \/>\n<meta property=\"og:description\" content=\"Find premium Powdered Cocaine for sale at our online store, providing a secure platform to buy Powdered Cocaine online with ease, catering to your research needs.\" \/>\n<meta property=\"og:url\" content=\"https:\/\/legitgrams.com\/pt\/produto\/order-powdered-cocaine-online-98-8-pure\/\" \/>\n<meta property=\"og:site_name\" content=\"Legit Grams\" \/>\n<meta property=\"article:modified_time\" content=\"2025-04-03T05:36:09+00:00\" \/>\n<meta property=\"og:image\" content=\"https:\/\/legitgrams.com\/wp-content\/uploads\/2024\/09\/order-powdered-cocaine-online-98-8-pure.jpg\" \/>\n\t<meta property=\"og:image:width\" content=\"600\" \/>\n\t<meta property=\"og:image:height\" content=\"600\" \/>\n\t<meta property=\"og:image:type\" content=\"image\/jpeg\" \/>\n<meta name=\"twitter:card\" content=\"summary_large_image\" \/>\n<meta name=\"twitter:label1\" content=\"Tempo estimado de leitura\" \/>\n\t<meta name=\"twitter:data1\" content=\"3 minutos\" \/>\n<script type=\"application\/ld+json\" class=\"yoast-schema-graph\">{\"@context\":\"https:\/\/schema.org\",\"@graph\":[{\"@type\":\"WebPage\",\"@id\":\"https:\/\/legitgrams.com\/product\/order-powdered-cocaine-online-98-8-pure\/\",\"url\":\"https:\/\/legitgrams.com\/product\/order-powdered-cocaine-online-98-8-pure\/\",\"name\":\"Powdered Cocaine for Sale - Order Powdered Cocaine Online\",\"isPartOf\":{\"@id\":\"https:\/\/legitgrams.com\/#website\"},\"primaryImageOfPage\":{\"@id\":\"https:\/\/legitgrams.com\/product\/order-powdered-cocaine-online-98-8-pure\/#primaryimage\"},\"image\":{\"@id\":\"https:\/\/legitgrams.com\/product\/order-powdered-cocaine-online-98-8-pure\/#primaryimage\"},\"thumbnailUrl\":\"https:\/\/legitgrams.com\/wp-content\/uploads\/2024\/09\/order-powdered-cocaine-online-98-8-pure.jpg\",\"datePublished\":\"2024-09-22T08:08:41+00:00\",\"dateModified\":\"2025-04-03T05:36:09+00:00\",\"description\":\"Find premium Powdered Cocaine for sale at our online store, providing a secure platform to buy Powdered Cocaine online with ease, catering to your research needs.\",\"breadcrumb\":{\"@id\":\"https:\/\/legitgrams.com\/product\/order-powdered-cocaine-online-98-8-pure\/#breadcrumb\"},\"inLanguage\":\"pt-PT\",\"potentialAction\":[{\"@type\":\"ReadAction\",\"target\":[\"https:\/\/legitgrams.com\/product\/order-powdered-cocaine-online-98-8-pure\/\"]}]},{\"@type\":\"ImageObject\",\"inLanguage\":\"pt-PT\",\"@id\":\"https:\/\/legitgrams.com\/product\/order-powdered-cocaine-online-98-8-pure\/#primaryimage\",\"url\":\"https:\/\/legitgrams.com\/wp-content\/uploads\/2024\/09\/order-powdered-cocaine-online-98-8-pure.jpg\",\"contentUrl\":\"https:\/\/legitgrams.com\/wp-content\/uploads\/2024\/09\/order-powdered-cocaine-online-98-8-pure.jpg\",\"width\":600,\"height\":600,\"caption\":\"Powdered Cocaine for Sale\"},{\"@type\":\"BreadcrumbList\",\"@id\":\"https:\/\/legitgrams.com\/product\/order-powdered-cocaine-online-98-8-pure\/#breadcrumb\",\"itemListElement\":[{\"@type\":\"ListItem\",\"position\":1,\"name\":\"Home\",\"item\":\"https:\/\/legitgrams.com\/\"},{\"@type\":\"ListItem\",\"position\":2,\"name\":\"Shop\",\"item\":\"https:\/\/legitgrams.com\/shop\/\"},{\"@type\":\"ListItem\",\"position\":3,\"name\":\"Buy Powdered cocaine online 98.8% pure\"}]},{\"@type\":\"WebSite\",\"@id\":\"https:\/\/legitgrams.com\/#website\",\"url\":\"https:\/\/legitgrams.com\/\",\"name\":\"Legit Grams\",\"description\":\"My WordPress Blog\",\"publisher\":{\"@id\":\"https:\/\/legitgrams.com\/#organization\"},\"potentialAction\":[{\"@type\":\"SearchAction\",\"target\":{\"@type\":\"EntryPoint\",\"urlTemplate\":\"https:\/\/legitgrams.com\/?s={search_term_string}\"},\"query-input\":{\"@type\":\"PropertyValueSpecification\",\"valueRequired\":true,\"valueName\":\"search_term_string\"}}],\"inLanguage\":\"pt-PT\"},{\"@type\":\"Organization\",\"@id\":\"https:\/\/legitgrams.com\/#organization\",\"name\":\"Legit Grams\",\"url\":\"https:\/\/legitgrams.com\/\",\"logo\":{\"@type\":\"ImageObject\",\"inLanguage\":\"pt-PT\",\"@id\":\"https:\/\/legitgrams.com\/#\/schema\/logo\/image\/\",\"url\":\"https:\/\/legitgrams.com\/wp-content\/uploads\/2024\/09\/main-logo.png\",\"contentUrl\":\"https:\/\/legitgrams.com\/wp-content\/uploads\/2024\/09\/main-logo.png\",\"width\":270,\"height\":75,\"caption\":\"Legit Grams\"},\"image\":{\"@id\":\"https:\/\/legitgrams.com\/#\/schema\/logo\/image\/\"}}]}<\/script>\n<!-- \/ Yoast SEO plugin. -->","yoast_head_json":{"title":"Coca\u00edna em p\u00f3 para venda - Encomendar Coca\u00edna em p\u00f3 online","description":"Encontre Coca\u00edna em P\u00f3 de primeira qualidade para venda na nossa loja online, que fornece uma plataforma segura para comprar Coca\u00edna em P\u00f3 online com facilidade, atendendo \u00e0s suas necessidades de pesquisa.","robots":{"index":"index","follow":"follow","max-snippet":"max-snippet:-1","max-image-preview":"max-image-preview:large","max-video-preview":"max-video-preview:-1"},"canonical":"https:\/\/legitgrams.com\/pt\/produto\/order-powdered-cocaine-online-98-8-pure\/","og_locale":"pt_PT","og_type":"article","og_title":"Powdered Cocaine for Sale - Order Powdered Cocaine Online","og_description":"Find premium Powdered Cocaine for sale at our online store, providing a secure platform to buy Powdered Cocaine online with ease, catering to your research needs.","og_url":"https:\/\/legitgrams.com\/pt\/produto\/order-powdered-cocaine-online-98-8-pure\/","og_site_name":"Legit Grams","article_modified_time":"2025-04-03T05:36:09+00:00","og_image":[{"width":600,"height":600,"url":"https:\/\/legitgrams.com\/wp-content\/uploads\/2024\/09\/order-powdered-cocaine-online-98-8-pure.jpg","type":"image\/jpeg"}],"twitter_card":"summary_large_image","twitter_misc":{"Tempo estimado de leitura":"3 minutos"},"schema":{"@context":"https:\/\/schema.org","@graph":[{"@type":"WebPage","@id":"https:\/\/legitgrams.com\/product\/order-powdered-cocaine-online-98-8-pure\/","url":"https:\/\/legitgrams.com\/product\/order-powdered-cocaine-online-98-8-pure\/","name":"Coca\u00edna em p\u00f3 para venda - Encomendar Coca\u00edna em p\u00f3 online","isPartOf":{"@id":"https:\/\/legitgrams.com\/#website"},"primaryImageOfPage":{"@id":"https:\/\/legitgrams.com\/product\/order-powdered-cocaine-online-98-8-pure\/#primaryimage"},"image":{"@id":"https:\/\/legitgrams.com\/product\/order-powdered-cocaine-online-98-8-pure\/#primaryimage"},"thumbnailUrl":"https:\/\/legitgrams.com\/wp-content\/uploads\/2024\/09\/order-powdered-cocaine-online-98-8-pure.jpg","datePublished":"2024-09-22T08:08:41+00:00","dateModified":"2025-04-03T05:36:09+00:00","description":"Encontre Coca\u00edna em P\u00f3 de primeira qualidade para venda na nossa loja online, que fornece uma plataforma segura para comprar Coca\u00edna em P\u00f3 online com facilidade, atendendo \u00e0s suas necessidades de pesquisa.","breadcrumb":{"@id":"https:\/\/legitgrams.com\/product\/order-powdered-cocaine-online-98-8-pure\/#breadcrumb"},"inLanguage":"pt-PT","potentialAction":[{"@type":"ReadAction","target":["https:\/\/legitgrams.com\/product\/order-powdered-cocaine-online-98-8-pure\/"]}]},{"@type":"ImageObject","inLanguage":"pt-PT","@id":"https:\/\/legitgrams.com\/product\/order-powdered-cocaine-online-98-8-pure\/#primaryimage","url":"https:\/\/legitgrams.com\/wp-content\/uploads\/2024\/09\/order-powdered-cocaine-online-98-8-pure.jpg","contentUrl":"https:\/\/legitgrams.com\/wp-content\/uploads\/2024\/09\/order-powdered-cocaine-online-98-8-pure.jpg","width":600,"height":600,"caption":"Powdered Cocaine for Sale"},{"@type":"BreadcrumbList","@id":"https:\/\/legitgrams.com\/product\/order-powdered-cocaine-online-98-8-pure\/#breadcrumb","itemListElement":[{"@type":"ListItem","position":1,"name":"Home","item":"https:\/\/legitgrams.com\/"},{"@type":"ListItem","position":2,"name":"Shop","item":"https:\/\/legitgrams.com\/shop\/"},{"@type":"ListItem","position":3,"name":"Buy Powdered cocaine online 98.8% pure"}]},{"@type":"WebSite","@id":"https:\/\/legitgrams.com\/#website","url":"https:\/\/legitgrams.com\/","name":"Gramas leg\u00edtimas","description":"O meu blogue WordPress","publisher":{"@id":"https:\/\/legitgrams.com\/#organization"},"potentialAction":[{"@type":"SearchAction","target":{"@type":"EntryPoint","urlTemplate":"https:\/\/legitgrams.com\/?s={search_term_string}"},"query-input":{"@type":"PropertyValueSpecification","valueRequired":true,"valueName":"search_term_string"}}],"inLanguage":"pt-PT"},{"@type":"Organization","@id":"https:\/\/legitgrams.com\/#organization","name":"Gramas leg\u00edtimas","url":"https:\/\/legitgrams.com\/","logo":{"@type":"ImageObject","inLanguage":"pt-PT","@id":"https:\/\/legitgrams.com\/#\/schema\/logo\/image\/","url":"https:\/\/legitgrams.com\/wp-content\/uploads\/2024\/09\/main-logo.png","contentUrl":"https:\/\/legitgrams.com\/wp-content\/uploads\/2024\/09\/main-logo.png","width":270,"height":75,"caption":"Legit Grams"},"image":{"@id":"https:\/\/legitgrams.com\/#\/schema\/logo\/image\/"}}]}},"uagb_featured_image_src":{"full":["https:\/\/legitgrams.com\/wp-content\/uploads\/2024\/09\/order-powdered-cocaine-online-98-8-pure.jpg",600,600,false],"thumbnail":["https:\/\/legitgrams.com\/wp-content\/uploads\/2024\/09\/order-powdered-cocaine-online-98-8-pure-150x150.jpg",150,150,true],"medium":["https:\/\/legitgrams.com\/wp-content\/uploads\/2024\/09\/order-powdered-cocaine-online-98-8-pure-300x300.jpg",300,300,true],"medium_large":["https:\/\/legitgrams.com\/wp-content\/uploads\/2024\/09\/order-powdered-cocaine-online-98-8-pure.jpg",600,600,false],"large":["https:\/\/legitgrams.com\/wp-content\/uploads\/2024\/09\/order-powdered-cocaine-online-98-8-pure.jpg",600,600,false],"1536x1536":["https:\/\/legitgrams.com\/wp-content\/uploads\/2024\/09\/order-powdered-cocaine-online-98-8-pure.jpg",600,600,false],"2048x2048":["https:\/\/legitgrams.com\/wp-content\/uploads\/2024\/09\/order-powdered-cocaine-online-98-8-pure.jpg",600,600,false],"trp-custom-language-flag":["https:\/\/legitgrams.com\/wp-content\/uploads\/2024\/09\/order-powdered-cocaine-online-98-8-pure-12x12.jpg",12,12,true],"woocommerce_thumbnail":["https:\/\/legitgrams.com\/wp-content\/uploads\/2024\/09\/order-powdered-cocaine-online-98-8-pure-300x300.jpg",300,300,true],"woocommerce_single":["https:\/\/legitgrams.com\/wp-content\/uploads\/2024\/09\/order-powdered-cocaine-online-98-8-pure.jpg",600,600,false],"woocommerce_gallery_thumbnail":["https:\/\/legitgrams.com\/wp-content\/uploads\/2024\/09\/order-powdered-cocaine-online-98-8-pure-100x100.jpg",100,100,true]},"uagb_author_info":{"display_name":"cokeblog18","author_link":"https:\/\/legitgrams.com\/pt\/author\/"},"uagb_comment_info":0,"uagb_excerpt":"Purchase and order cocaine powder online. The most popular form of cocaine is cocaine powder. For this reason, it is also referred to as a street drug. The Coca plants, which are primarily found in Southern countries, are used to make this powder. It is a potent stimulant that acts directly on the central brain&hellip;","_links":{"self":[{"href":"https:\/\/legitgrams.com\/pt\/wp-json\/wp\/v2\/product\/4270","targetHints":{"allow":["GET"]}}],"collection":[{"href":"https:\/\/legitgrams.com\/pt\/wp-json\/wp\/v2\/product"}],"about":[{"href":"https:\/\/legitgrams.com\/pt\/wp-json\/wp\/v2\/types\/product"}],"replies":[{"embeddable":true,"href":"https:\/\/legitgrams.com\/pt\/wp-json\/wp\/v2\/comments?post=4270"}],"wp:featuredmedia":[{"embeddable":true,"href":"https:\/\/legitgrams.com\/pt\/wp-json\/wp\/v2\/media\/5333"}],"wp:attachment":[{"href":"https:\/\/legitgrams.com\/pt\/wp-json\/wp\/v2\/media?parent=4270"}],"wp:term":[{"taxonomy":"product_brand","embeddable":true,"href":"https:\/\/legitgrams.com\/pt\/wp-json\/wp\/v2\/product_brand?post=4270"},{"taxonomy":"product_cat","embeddable":true,"href":"https:\/\/legitgrams.com\/pt\/wp-json\/wp\/v2\/product_cat?post=4270"},{"taxonomy":"product_tag","embeddable":true,"href":"https:\/\/legitgrams.com\/pt\/wp-json\/wp\/v2\/product_tag?post=4270"}],"curies":[{"name":"wp","href":"https:\/\/api.w.org\/{rel}","templated":true}]}}