{"id":4271,"date":"2024-09-22T08:12:26","date_gmt":"2024-09-22T08:12:26","guid":{"rendered":"https:\/\/legitgrams.com\/?post_type=product&#038;p=4271"},"modified":"2025-01-14T07:13:04","modified_gmt":"2025-01-14T07:13:04","slug":"cetamina-em-po","status":"publish","type":"product","link":"https:\/\/legitgrams.com\/pt\/produto\/cetamina-em-po\/","title":{"rendered":"Cetamina em p\u00f3"},"content":{"rendered":"<h2>Compre p\u00f3 de cetamina online<\/h2>\n<p>Comprar <a href=\"https:\/\/legitgrams.com\/pt\/produto\/cetamina-em-po\/\">Cetamina cristalina<\/a> \u00e9 um alucin\u00f3geno que faz com que a pessoa perca o contato com a realidade. O servi\u00e7o veterin\u00e1rio desviou a maior parte da cetamina vendida na rua. A cetamina e o PCP t\u00eam estruturas qu\u00edmicas e modos de a\u00e7\u00e3o quase id\u00eanticos.<\/p>\n<p>Al\u00e9m disso, alucin\u00f3genos e anest\u00e9sicos dissociativos de curta a\u00e7\u00e3o s\u00e3o comumente empregados na medicina. \u00c9 frequentemente administrado em quantidades anest\u00e9sicas para divers\u00e3o e \u00e9 uma droga dissociativa protot\u00edpica. Quantidades maiores paralisam e produzem uma experi\u00eancia psicod\u00e9lica, enquanto doses menores s\u00e3o semelhantes ao \u00e1lcool: \u201cK-hole\u201d. Compre cristais de cetamina. <a href=\"https:\/\/legitgrams.com\/pt\/\">LegitGrams<\/a><\/p>\n<p>Onde comprar p\u00f3 de cetamina: EUA, Canad\u00e1, Reino Unido, fornecedores, envio seguro, onde comprar p\u00f3 de cetamina, p\u00f3 de cetamina e como comprar p\u00f3 de cetamina online para venda, onde comprar p\u00f3 de cetamina online, onde comprar p\u00f3 online, A cetamina em p\u00f3 ainda est\u00e1 dispon\u00edvel para compra. \u00c9 aceit\u00e1vel comprar p\u00f3 de cetamina online nos EUA? \u00c9 legal pedir p\u00f3 de cetamina no Canad\u00e1 e como posso fazer isso? Compre p\u00f3 de cetamina online: compre p\u00f3 de cetamina online, onde comprar p\u00f3 de cetamina online, onde comprar <a href=\"https:\/\/en.wikipedia.org\/wiki\/Ketamine\">Cetamina<\/a> P\u00f3 Online, EUA, Canad\u00e1, Reino Unido, comprar, fornecedores, online, entrega segura, A cetamina em p\u00f3 ainda est\u00e1 dispon\u00edvel. Al\u00e9m disso, voc\u00ea pode aprender como pedir p\u00f3 de cetamina, se \u00e9 legal no Canad\u00e1 e se \u00e9 legal nos EUA.<\/p>\n<h2><\/h2>\n<h2><\/h2>\n<p>&nbsp;<\/p>","protected":false},"excerpt":{"rendered":"<p>Purchase Ketamine Powder Online Purchase Crystal Ketamine is a hallucinogen that causes a person to lose touch with reality. The veterinary service has diverted the majority of the ketamine sold on the street. Ketamine and PCP have nearly identical chemical structures and modes of action. Additionally, hallucinogens and short-acting dissociative anesthetics are commonly employed in &hellip;<\/p>\n<p class=\"read-more\"> <a class=\"\" href=\"https:\/\/legitgrams.com\/pt\/produto\/cetamina-em-po\/\"> <span class=\"screen-reader-text\">Cetamina em p\u00f3<\/span> Ler mais \"<\/a><\/p>","protected":false},"featured_media":5183,"comment_status":"open","ping_status":"closed","template":"","meta":{"_uag_custom_page_level_css":"","site-sidebar-layout":"default","site-content-layout":"default","ast-global-header-display":"","ast-main-header-display":"","ast-hfb-above-header-display":"","ast-hfb-below-header-display":"","ast-hfb-mobile-header-display":"","site-post-title":"","ast-breadcrumbs-content":"","ast-featured-img":"","footer-sml-layout":"","theme-transparent-header-meta":"default","adv-header-id-meta":"","stick-header-meta":"default","header-above-stick-meta":"","header-main-stick-meta":"","header-below-stick-meta":"","_joinchat":[]},"product_brand":[],"product_cat":[595],"product_tag":[1338,1328,617,1320,1335,1332,1327,1319,1322,1323,1330,1321,1333,1340,1341,1339,1331,1336,1325,1337,1334,625,1326,1329,1324],"class_list":{"0":"post-4271","1":"product","2":"type-product","3":"status-publish","4":"has-post-thumbnail","6":"product_cat-psychedelic-drugs","7":"product_tag-best-cheap-price-ketamine-powder","8":"product_tag-best-place-to-buy-ketamine-powder","9":"product_tag-bulk-online","10":"product_tag-buy-ketamine-powder","11":"product_tag-cheap-ketamine-powder","12":"product_tag-high-quality-ketamine-powder","13":"product_tag-how-to-buy-ketamine-powder","14":"product_tag-ketamine-powder","15":"product_tag-ketamine-powder-for-sale","16":"product_tag-ketamine-powder-ketamine-powder-supplier","17":"product_tag-ketamine-powder-legally","18":"product_tag-ketamine-powder-online","19":"product_tag-ketamine-powder-store","20":"product_tag-ketamine-powder-use","21":"product_tag-ketamine-powder-wiki","22":"product_tag-ketamine-powder-worldwide","23":"product_tag-ketamine-powderprice","24":"product_tag-ketamine-powders","25":"product_tag-order-ketamine-powder","26":"product_tag-purcharse-ketamine-powder","27":"product_tag-shop-ketamine-powder","28":"product_tag-top-quality","29":"product_tag-where-to-buy-ketamine-powder","30":"product_tag-where-to-order-ketamine-powder","31":"product_tag-wholesale-ketamine-powder","32":"desktop-align-left","33":"tablet-align-left","34":"mobile-align-left","35":"ast-product-gallery-layout-horizontal","36":"ast-product-gallery-with-no-image","37":"ast-product-single-variable","38":"ast-product-tabs-layout-horizontal","39":"ast-qv-on-image","41":"first","42":"instock","43":"shipping-taxable","44":"purchasable","45":"product-type-variable"},"yoast_head":"<!-- This site is optimized with the Yoast SEO plugin v25.9 - https:\/\/yoast.com\/wordpress\/plugins\/seo\/ -->\n<title>Ketamine Powder for Sale - Order Ketamine Powder Online<\/title>\n<meta name=\"description\" content=\"You can get in touch with our Legitgrams store and buy Ketamine Powder online. We have Ketamine Powder for sale at cheap prices. Get yours at your place right away!\" \/>\n<meta name=\"robots\" content=\"index, follow, max-snippet:-1, max-image-preview:large, max-video-preview:-1\" \/>\n<link rel=\"canonical\" href=\"https:\/\/legitgrams.com\/pt\/produto\/cetamina-em-po\/\" \/>\n<meta property=\"og:locale\" content=\"pt_PT\" \/>\n<meta property=\"og:type\" content=\"article\" \/>\n<meta property=\"og:title\" content=\"Ketamine Powder for Sale - Order Ketamine Powder Online\" \/>\n<meta property=\"og:description\" content=\"You can get in touch with our Legitgrams store and buy Ketamine Powder online. We have Ketamine Powder for sale at cheap prices. Get yours at your place right away!\" \/>\n<meta property=\"og:url\" content=\"https:\/\/legitgrams.com\/pt\/produto\/cetamina-em-po\/\" \/>\n<meta property=\"og:site_name\" content=\"Legit Grams\" \/>\n<meta property=\"article:modified_time\" content=\"2025-01-14T07:13:04+00:00\" \/>\n<meta property=\"og:image\" content=\"https:\/\/legitgrams.com\/wp-content\/uploads\/2024\/09\/ketamine-powder.jpg\" \/>\n\t<meta property=\"og:image:width\" content=\"600\" \/>\n\t<meta property=\"og:image:height\" content=\"600\" \/>\n\t<meta property=\"og:image:type\" content=\"image\/jpeg\" \/>\n<meta name=\"twitter:card\" content=\"summary_large_image\" \/>\n<meta name=\"twitter:label1\" content=\"Tempo estimado de leitura\" \/>\n\t<meta name=\"twitter:data1\" content=\"3 minutos\" \/>\n<script type=\"application\/ld+json\" class=\"yoast-schema-graph\">{\"@context\":\"https:\/\/schema.org\",\"@graph\":[{\"@type\":\"WebPage\",\"@id\":\"https:\/\/legitgrams.com\/product\/ketamine-powder\/\",\"url\":\"https:\/\/legitgrams.com\/product\/ketamine-powder\/\",\"name\":\"Ketamine Powder for Sale - Order Ketamine Powder Online\",\"isPartOf\":{\"@id\":\"https:\/\/legitgrams.com\/#website\"},\"primaryImageOfPage\":{\"@id\":\"https:\/\/legitgrams.com\/product\/ketamine-powder\/#primaryimage\"},\"image\":{\"@id\":\"https:\/\/legitgrams.com\/product\/ketamine-powder\/#primaryimage\"},\"thumbnailUrl\":\"https:\/\/legitgrams.com\/wp-content\/uploads\/2024\/09\/ketamine-powder.jpg\",\"datePublished\":\"2024-09-22T08:12:26+00:00\",\"dateModified\":\"2025-01-14T07:13:04+00:00\",\"description\":\"You can get in touch with our Legitgrams store and buy Ketamine Powder online. We have Ketamine Powder for sale at cheap prices. Get yours at your place right away!\",\"breadcrumb\":{\"@id\":\"https:\/\/legitgrams.com\/product\/ketamine-powder\/#breadcrumb\"},\"inLanguage\":\"pt-PT\",\"potentialAction\":[{\"@type\":\"ReadAction\",\"target\":[\"https:\/\/legitgrams.com\/product\/ketamine-powder\/\"]}]},{\"@type\":\"ImageObject\",\"inLanguage\":\"pt-PT\",\"@id\":\"https:\/\/legitgrams.com\/product\/ketamine-powder\/#primaryimage\",\"url\":\"https:\/\/legitgrams.com\/wp-content\/uploads\/2024\/09\/ketamine-powder.jpg\",\"contentUrl\":\"https:\/\/legitgrams.com\/wp-content\/uploads\/2024\/09\/ketamine-powder.jpg\",\"width\":600,\"height\":600,\"caption\":\"Ketamine Powder for Sale\"},{\"@type\":\"BreadcrumbList\",\"@id\":\"https:\/\/legitgrams.com\/product\/ketamine-powder\/#breadcrumb\",\"itemListElement\":[{\"@type\":\"ListItem\",\"position\":1,\"name\":\"Home\",\"item\":\"https:\/\/legitgrams.com\/\"},{\"@type\":\"ListItem\",\"position\":2,\"name\":\"Shop\",\"item\":\"https:\/\/legitgrams.com\/shop\/\"},{\"@type\":\"ListItem\",\"position\":3,\"name\":\"Ketamine Powder\"}]},{\"@type\":\"WebSite\",\"@id\":\"https:\/\/legitgrams.com\/#website\",\"url\":\"https:\/\/legitgrams.com\/\",\"name\":\"Legit Grams\",\"description\":\"My WordPress Blog\",\"publisher\":{\"@id\":\"https:\/\/legitgrams.com\/#organization\"},\"potentialAction\":[{\"@type\":\"SearchAction\",\"target\":{\"@type\":\"EntryPoint\",\"urlTemplate\":\"https:\/\/legitgrams.com\/?s={search_term_string}\"},\"query-input\":{\"@type\":\"PropertyValueSpecification\",\"valueRequired\":true,\"valueName\":\"search_term_string\"}}],\"inLanguage\":\"pt-PT\"},{\"@type\":\"Organization\",\"@id\":\"https:\/\/legitgrams.com\/#organization\",\"name\":\"Legit Grams\",\"url\":\"https:\/\/legitgrams.com\/\",\"logo\":{\"@type\":\"ImageObject\",\"inLanguage\":\"pt-PT\",\"@id\":\"https:\/\/legitgrams.com\/#\/schema\/logo\/image\/\",\"url\":\"https:\/\/legitgrams.com\/wp-content\/uploads\/2024\/09\/main-logo.png\",\"contentUrl\":\"https:\/\/legitgrams.com\/wp-content\/uploads\/2024\/09\/main-logo.png\",\"width\":270,\"height\":75,\"caption\":\"Legit Grams\"},\"image\":{\"@id\":\"https:\/\/legitgrams.com\/#\/schema\/logo\/image\/\"}}]}<\/script>\n<!-- \/ Yoast SEO plugin. -->","yoast_head_json":{"title":"Cetamina em p\u00f3 para venda - Encomendar Cetamina em p\u00f3 online","description":"Pode entrar em contacto com a nossa loja Legitgrams e comprar Ketamine Powder online. N\u00f3s temos Ketamine Powder para venda a pre\u00e7os baratos. Receba o seu em sua casa agora mesmo!","robots":{"index":"index","follow":"follow","max-snippet":"max-snippet:-1","max-image-preview":"max-image-preview:large","max-video-preview":"max-video-preview:-1"},"canonical":"https:\/\/legitgrams.com\/pt\/produto\/cetamina-em-po\/","og_locale":"pt_PT","og_type":"article","og_title":"Ketamine Powder for Sale - Order Ketamine Powder Online","og_description":"You can get in touch with our Legitgrams store and buy Ketamine Powder online. We have Ketamine Powder for sale at cheap prices. Get yours at your place right away!","og_url":"https:\/\/legitgrams.com\/pt\/produto\/cetamina-em-po\/","og_site_name":"Legit Grams","article_modified_time":"2025-01-14T07:13:04+00:00","og_image":[{"width":600,"height":600,"url":"https:\/\/legitgrams.com\/wp-content\/uploads\/2024\/09\/ketamine-powder.jpg","type":"image\/jpeg"}],"twitter_card":"summary_large_image","twitter_misc":{"Tempo estimado de leitura":"3 minutos"},"schema":{"@context":"https:\/\/schema.org","@graph":[{"@type":"WebPage","@id":"https:\/\/legitgrams.com\/product\/ketamine-powder\/","url":"https:\/\/legitgrams.com\/product\/ketamine-powder\/","name":"Cetamina em p\u00f3 para venda - Encomendar Cetamina em p\u00f3 online","isPartOf":{"@id":"https:\/\/legitgrams.com\/#website"},"primaryImageOfPage":{"@id":"https:\/\/legitgrams.com\/product\/ketamine-powder\/#primaryimage"},"image":{"@id":"https:\/\/legitgrams.com\/product\/ketamine-powder\/#primaryimage"},"thumbnailUrl":"https:\/\/legitgrams.com\/wp-content\/uploads\/2024\/09\/ketamine-powder.jpg","datePublished":"2024-09-22T08:12:26+00:00","dateModified":"2025-01-14T07:13:04+00:00","description":"Pode entrar em contacto com a nossa loja Legitgrams e comprar Ketamine Powder online. N\u00f3s temos Ketamine Powder para venda a pre\u00e7os baratos. Receba o seu em sua casa agora mesmo!","breadcrumb":{"@id":"https:\/\/legitgrams.com\/product\/ketamine-powder\/#breadcrumb"},"inLanguage":"pt-PT","potentialAction":[{"@type":"ReadAction","target":["https:\/\/legitgrams.com\/product\/ketamine-powder\/"]}]},{"@type":"ImageObject","inLanguage":"pt-PT","@id":"https:\/\/legitgrams.com\/product\/ketamine-powder\/#primaryimage","url":"https:\/\/legitgrams.com\/wp-content\/uploads\/2024\/09\/ketamine-powder.jpg","contentUrl":"https:\/\/legitgrams.com\/wp-content\/uploads\/2024\/09\/ketamine-powder.jpg","width":600,"height":600,"caption":"Ketamine Powder for Sale"},{"@type":"BreadcrumbList","@id":"https:\/\/legitgrams.com\/product\/ketamine-powder\/#breadcrumb","itemListElement":[{"@type":"ListItem","position":1,"name":"Home","item":"https:\/\/legitgrams.com\/"},{"@type":"ListItem","position":2,"name":"Shop","item":"https:\/\/legitgrams.com\/shop\/"},{"@type":"ListItem","position":3,"name":"Ketamine Powder"}]},{"@type":"WebSite","@id":"https:\/\/legitgrams.com\/#website","url":"https:\/\/legitgrams.com\/","name":"Gramas leg\u00edtimas","description":"O meu blogue WordPress","publisher":{"@id":"https:\/\/legitgrams.com\/#organization"},"potentialAction":[{"@type":"SearchAction","target":{"@type":"EntryPoint","urlTemplate":"https:\/\/legitgrams.com\/?s={search_term_string}"},"query-input":{"@type":"PropertyValueSpecification","valueRequired":true,"valueName":"search_term_string"}}],"inLanguage":"pt-PT"},{"@type":"Organization","@id":"https:\/\/legitgrams.com\/#organization","name":"Gramas leg\u00edtimas","url":"https:\/\/legitgrams.com\/","logo":{"@type":"ImageObject","inLanguage":"pt-PT","@id":"https:\/\/legitgrams.com\/#\/schema\/logo\/image\/","url":"https:\/\/legitgrams.com\/wp-content\/uploads\/2024\/09\/main-logo.png","contentUrl":"https:\/\/legitgrams.com\/wp-content\/uploads\/2024\/09\/main-logo.png","width":270,"height":75,"caption":"Legit Grams"},"image":{"@id":"https:\/\/legitgrams.com\/#\/schema\/logo\/image\/"}}]}},"uagb_featured_image_src":{"full":["https:\/\/legitgrams.com\/wp-content\/uploads\/2024\/09\/ketamine-powder.jpg",600,600,false],"thumbnail":["https:\/\/legitgrams.com\/wp-content\/uploads\/2024\/09\/ketamine-powder-150x150.jpg",150,150,true],"medium":["https:\/\/legitgrams.com\/wp-content\/uploads\/2024\/09\/ketamine-powder-300x300.jpg",300,300,true],"medium_large":["https:\/\/legitgrams.com\/wp-content\/uploads\/2024\/09\/ketamine-powder.jpg",600,600,false],"large":["https:\/\/legitgrams.com\/wp-content\/uploads\/2024\/09\/ketamine-powder.jpg",600,600,false],"1536x1536":["https:\/\/legitgrams.com\/wp-content\/uploads\/2024\/09\/ketamine-powder.jpg",600,600,false],"2048x2048":["https:\/\/legitgrams.com\/wp-content\/uploads\/2024\/09\/ketamine-powder.jpg",600,600,false],"trp-custom-language-flag":["https:\/\/legitgrams.com\/wp-content\/uploads\/2024\/09\/ketamine-powder-12x12.jpg",12,12,true],"woocommerce_thumbnail":["https:\/\/legitgrams.com\/wp-content\/uploads\/2024\/09\/ketamine-powder-300x300.jpg",300,300,true],"woocommerce_single":["https:\/\/legitgrams.com\/wp-content\/uploads\/2024\/09\/ketamine-powder.jpg",600,600,false],"woocommerce_gallery_thumbnail":["https:\/\/legitgrams.com\/wp-content\/uploads\/2024\/09\/ketamine-powder-100x100.jpg",100,100,true]},"uagb_author_info":{"display_name":"cokeblog18","author_link":"https:\/\/legitgrams.com\/pt\/author\/"},"uagb_comment_info":0,"uagb_excerpt":"Purchase Ketamine Powder Online Purchase Crystal Ketamine is a hallucinogen that causes a person to lose touch with reality. The veterinary service has diverted the majority of the ketamine sold on the street. Ketamine and PCP have nearly identical chemical structures and modes of action. Additionally, hallucinogens and short-acting dissociative anesthetics are commonly employed in&hellip;","_links":{"self":[{"href":"https:\/\/legitgrams.com\/pt\/wp-json\/wp\/v2\/product\/4271","targetHints":{"allow":["GET"]}}],"collection":[{"href":"https:\/\/legitgrams.com\/pt\/wp-json\/wp\/v2\/product"}],"about":[{"href":"https:\/\/legitgrams.com\/pt\/wp-json\/wp\/v2\/types\/product"}],"replies":[{"embeddable":true,"href":"https:\/\/legitgrams.com\/pt\/wp-json\/wp\/v2\/comments?post=4271"}],"wp:featuredmedia":[{"embeddable":true,"href":"https:\/\/legitgrams.com\/pt\/wp-json\/wp\/v2\/media\/5183"}],"wp:attachment":[{"href":"https:\/\/legitgrams.com\/pt\/wp-json\/wp\/v2\/media?parent=4271"}],"wp:term":[{"taxonomy":"product_brand","embeddable":true,"href":"https:\/\/legitgrams.com\/pt\/wp-json\/wp\/v2\/product_brand?post=4271"},{"taxonomy":"product_cat","embeddable":true,"href":"https:\/\/legitgrams.com\/pt\/wp-json\/wp\/v2\/product_cat?post=4271"},{"taxonomy":"product_tag","embeddable":true,"href":"https:\/\/legitgrams.com\/pt\/wp-json\/wp\/v2\/product_tag?post=4271"}],"curies":[{"name":"wp","href":"https:\/\/api.w.org\/{rel}","templated":true}]}}