{"id":4273,"date":"2024-09-22T08:18:05","date_gmt":"2024-09-22T08:18:05","guid":{"rendered":"https:\/\/legitgrams.com\/?post_type=product&#038;p=4273"},"modified":"2025-04-03T04:59:34","modified_gmt":"2025-04-03T04:59:34","slug":"comprimidos-de-ecstasy-green-apple-reais","status":"publish","type":"product","link":"https:\/\/legitgrams.com\/pt\/produto\/comprimidos-de-ecstasy-green-apple-reais\/","title":{"rendered":"Comprar comprimidos de ecstasy de ma\u00e7\u00e3 verde reais online"},"content":{"rendered":"<h2>Compra de p\u00edlulas genu\u00ednas de ecstasy de ma\u00e7\u00e3 verde online<\/h2>\n<p>Espero que este axioma tenha tornado voc\u00ea famoso. De acordo com o prov\u00e9rbio, \u201cUma ma\u00e7\u00e3 por dia mant\u00e9m o especialista afastado\u201d. Dadas todas as vantagens para a sa\u00fade de comer ma\u00e7\u00e3s, este aforismo diet\u00e9tico pode n\u00e3o ser totalmente impreciso. Algumas das vantagens para a sa\u00fade de comer ma\u00e7\u00e3s verdes <a href=\"https:\/\/www.bing.com\/search?q=Compreplulasdeecstasydemaverderealonline&amp;qs=n&amp;form=QBRE&amp;sp=-1&amp;lq=0&amp;pq=compreplulasdeecstasydemaverderealonline&amp;sc=0-51&amp;sk=&amp;cvid=4EFAAC20B9EA477185EBF53A762FC565&amp;ghsh=0&amp;ghacc=0&amp;ghpl=\">Ma\u00e7\u00e3s<\/a> inclua o seguinte.<\/p>\n<p>Foi demonstrado que comer ma\u00e7\u00e3s melhora a sa\u00fade do cora\u00e7\u00e3o e reduz o risco de doen\u00e7as cardiovasculares.<\/p>\n<p>N\u00e3o \u00e9 totalmente \u00f3bvio por que as ma\u00e7\u00e3s s\u00e3o saud\u00e1veis \u200b\u200bpara o cora\u00e7\u00e3o. Dado que a fibra alimentar tem sido associada a uma redu\u00e7\u00e3o no colesterol LDL, <a href=\"https:\/\/www.google.com\/search?q=Compre+plulas+de+ecstasy+de+ma+verde+real+online&amp;sca_esv=eddefdb7b92e7545&amp;sxsrf=AHTn8zoi8_KKIWt1K6MvRpZ_LMJ3HFG5Tg1743656495368&amp;ei=LxbuZ4acFr2O0PEPqebymAc&amp;ved=0ahUKEwjG75DQiruMAxU9BzQIHSmzHHMQ4dUDCBA&amp;uact=5&amp;oq=Compre+plulas+de+ecstasy+de+ma+verde+real+online&amp;gs_lp=Egxnd3Mtd2l6LXNlcnAiNkNvbXByZSBww61sdWxhcyBkZSBlY3N0YXN5IGRlIG1hw6fDoyB2ZXJkZSByZWFsIG9ubGluZUi9BFAAWABwAHgAkAEAmAHYA6AB2AOqAQM0LTG4AQPIAQD4AQL4AQGYAgCgAgCYAwCSBwCgB6ECsgcAuAcA&amp;sclient=gws-wiz-serp\">Ma\u00e7\u00e3s<\/a>\u2018alto teor de fibra alimentar pode ser um fator contribuinte.<\/p>\n<h3>Reduza suas chances de ter diabetes tipo 2<\/h3>\n<p>De acordo com um estudo, Comer apenas algumas ma\u00e7\u00e3s verdes por semana pode reduzir o risco de diabetes tipo 2, de acordo com um estudo, mas mais pesquisas s\u00e3o necess\u00e1rias. Ainda n\u00e3o se sabe se os compostos nas ma\u00e7\u00e3s verdes podem ajudar as pessoas a controlar os sintomas do diabetes.<\/p>\n<p>Existem v\u00e1rias vantagens em usar comprimidos de ma\u00e7\u00e3 verde, assim como existem em comer ma\u00e7\u00e3s verdes. O t\u00f3pico de comprimidos de ma\u00e7\u00e3 verde est\u00e1 em discuss\u00e3o.<\/p>\n<p><a href=\"https:\/\/legitgrams.com\/pt\/produto\/comprimidos-de-ecstasy-green-apple-reais\/\">ma\u00e7\u00e3s verdes<\/a> os comprimidos levar\u00e3o sua experi\u00eancia e satisfa\u00e7\u00e3o a um n\u00edvel totalmente novo se voc\u00ea quiser beber suco de ma\u00e7\u00e3 fresco em um dia quente de ver\u00e3o. A equipe combinou a melhor cannabis dispon\u00edvel com p\u00edlulas de ma\u00e7\u00e3 verde, que s\u00e3o produzidas em Washington. Ao considerar a dosagem, o THC pode ser dif\u00edcil de queimar, principalmente se os suportes n\u00e3o tiverem marca\u00e7\u00f5es muito \u00f3bvias. As p\u00edlulas de ma\u00e7\u00e3 verde, que produzem tr\u00eas varia\u00e7\u00f5es distintas de pot\u00eancia de sua renomada combina\u00e7\u00e3o de 12 on\u00e7as, mudaram isso totalmente. Sua combina\u00e7\u00e3o mais fundamentada, que tem 100 mg e vem em 12 on\u00e7as, ser\u00e1 apreciada por usu\u00e1rios pesados.<\/p>\n<p><a href=\"https:\/\/duckduckgo.com\/?q=Buy+Real+Green+Apple+Ecstasy+Pills+Online&amp;t=h_&amp;ia=web\">P\u00edlulas de ma\u00e7\u00e3 verde<\/a> s\u00e3o ideais para pessoas que precisam ficar chapadas, mas n\u00e3o conseguem passar pela variedade de comprimidos, pois incorporam cannabis \u00e0 medica\u00e7\u00e3o de uma forma inovadora que deixa os pacientes sem o gosto ou cheiro da cannabis. Al\u00e9m disso, como a fuma\u00e7a da cannabis vaporizada ou em flor pode eventualmente se tornar t\u00f3xica, consumir cannabis ajuda a promover um estilo de vida mais saud\u00e1vel. A vida \u00fatil da p\u00edlula de ma\u00e7\u00e3 verde \u00e9 de um ano, e n\u00e3o h\u00e1 muitas calorias, o que significa que sua \u00fanica preocupa\u00e7\u00e3o \u00e9 parar de tomar o medicamento depois de tom\u00e1-lo. <a href=\"https:\/\/legitgrams.com\/pt\/\">LegitGrams<\/a><\/p>\n<h3>A cor verde<\/h3>\n<h3>Medidas: 279 mg<\/h3>\n<p>P\u00edlulas de ecstasy, ma\u00e7\u00e3 verde genu\u00edna <a href=\"https:\/\/en.wikipedia.org\/wiki\/Ecstasy\">Ecstasy<\/a> P\u00edlulas, P\u00edlulas de Ecstasy de Ma\u00e7\u00e3 Verde Genu\u00ednas, comprar p\u00edlulas de Ecstasy, comprar P\u00edlulas de Ecstasy de Ma\u00e7\u00e3 Verde Genu\u00ednas online, Ecstasy Online, Onde Comprar P\u00edlulas de Ecstasy de Ma\u00e7\u00e3 Verde Verdadeiras, Onde Comprar P\u00edlulas de Ecstasy de Ma\u00e7\u00e3 Verde Verdadeiras para Venda, Onde Comprar P\u00edlulas de Ecstasy de Ma\u00e7\u00e3 Verde Verdadeiras: As P\u00edlulas de Ecstasy de Ma\u00e7\u00e3 Verde Verdadeiras ainda est\u00e3o dispon\u00edveis para compra nos EUA, Canad\u00e1 e Reino Unido. Voc\u00ea pode compr\u00e1-las online de fornecedores e receb\u00ea-las com seguran\u00e7a. Al\u00e9m disso, voc\u00ea pode descobrir se elas s\u00e3o legais no Canad\u00e1, como adquiri-las online e se s\u00e3o legais nos Estados Unidos. Voc\u00ea tamb\u00e9m pode comprar p\u00edlulas de ecstasy, comprar p\u00edlulas de ecstasy de ma\u00e7\u00e3 verde real online, onde comprar p\u00edlulas de ecstasy de ma\u00e7\u00e3 verde real, onde comprar ecstasy online, onde comprar p\u00edlulas de ecstasy online, p\u00edlulas de ecstasy de ma\u00e7\u00e3 verde real \u00e0 venda nos Estados Unidos, Canad\u00e1 e Reino Unido, comprar online, fornecedores, entrega segura, ainda h\u00e1 p\u00edlulas de ecstasy de ma\u00e7\u00e3 verde real dispon\u00edveis, elas s\u00e3o legais nos EUA, voc\u00ea pode compr\u00e1-las online e elas s\u00e3o legais no Canad\u00e1.<\/p>\n<h2><\/h2>\n<p>&nbsp;<\/p>","protected":false},"excerpt":{"rendered":"<p>Purchase of Genuine Green Apple Ecstasy Pills Online I hope this axiom has made you famous. According to the proverb, &#8220;An apple a day keeps the specialist at bay.&#8221; Given all of the health advantages of eating apples, this diet aphorism may not be entirely inaccurate. Some of the health advantages of eating green apples &hellip;<\/p>\n<p class=\"read-more\"> <a class=\"\" href=\"https:\/\/legitgrams.com\/pt\/produto\/comprimidos-de-ecstasy-green-apple-reais\/\"> <span class=\"screen-reader-text\">Comprar comprimidos de ecstasy de ma\u00e7\u00e3 verde reais online<\/span> Ler mais \"<\/a><\/p>","protected":false},"featured_media":5203,"comment_status":"open","ping_status":"closed","template":"","meta":{"_uag_custom_page_level_css":"","site-sidebar-layout":"default","site-content-layout":"default","ast-global-header-display":"","ast-main-header-display":"","ast-hfb-above-header-display":"","ast-hfb-below-header-display":"","ast-hfb-mobile-header-display":"","site-post-title":"","ast-breadcrumbs-content":"","ast-featured-img":"","footer-sml-layout":"","theme-transparent-header-meta":"default","adv-header-id-meta":"","stick-header-meta":"default","header-above-stick-meta":"","header-main-stick-meta":"","header-below-stick-meta":"","_joinchat":[]},"product_brand":[],"product_cat":[596],"product_tag":[1292,1282,617,1274,1289,1286,1281,1279,1291,1273,1276,1284,1275,1277,1287,1294,1295,1293,1285,1290,1288,625,1280,1283,1278],"class_list":{"0":"post-4273","1":"product","2":"type-product","3":"status-publish","4":"has-post-thumbnail","6":"product_cat-ecstasy-pills-mdma","7":"product_tag-best-cheap-price-real-green-apple-ecstasy-pills","8":"product_tag-best-place-to-buy-real-green-apple-ecstasy-pills","9":"product_tag-bulk-online","10":"product_tag-buy-real-green-apple-ecstasy-pills","11":"product_tag-cheap-real-green-apple-ecstasy-pills","12":"product_tag-high-quality-real-green-apple-ecstasy-pills","13":"product_tag-how-to-buy-real-green-apple-ecstasy-pills","14":"product_tag-order-real-green-apple-ecstasy-pills","15":"product_tag-purcharse-real-green-apple-ecstasy-pills","16":"product_tag-real-green-apple-ecstasy-pills","17":"product_tag-real-green-apple-ecstasy-pills-for-sale","18":"product_tag-real-green-apple-ecstasy-pills-legally","19":"product_tag-real-green-apple-ecstasy-pills-online","20":"product_tag-real-green-apple-ecstasy-pills-real-green-apple-ecstasy-pills-supplier","21":"product_tag-real-green-apple-ecstasy-pills-store","22":"product_tag-real-green-apple-ecstasy-pills-use","23":"product_tag-real-green-apple-ecstasy-pills-wiki","24":"product_tag-real-green-apple-ecstasy-pills-worldwide","25":"product_tag-real-green-apple-ecstasy-pillsprice","26":"product_tag-real-green-apple-ecstasy-pillss","27":"product_tag-shop-real-green-apple-ecstasy-pills","28":"product_tag-top-quality","29":"product_tag-where-to-buy-real-green-apple-ecstasy-pills","30":"product_tag-where-to-order-real-green-apple-ecstasy-pills","31":"product_tag-wholesale-real-green-apple-ecstasy-pills","32":"desktop-align-left","33":"tablet-align-left","34":"mobile-align-left","35":"ast-product-gallery-layout-horizontal","36":"ast-product-gallery-with-no-image","37":"ast-product-single-variable","38":"ast-product-tabs-layout-horizontal","39":"ast-qv-on-image","41":"first","42":"instock","43":"shipping-taxable","44":"purchasable","45":"product-type-variable"},"yoast_head":"<!-- This site is optimized with the Yoast SEO plugin v25.9 - https:\/\/yoast.com\/wordpress\/plugins\/seo\/ -->\n<title>Order Real Green Apple Ecstasy Pills Online @ Best Price | LG<\/title>\n<meta name=\"description\" content=\"If you want to buy real green apple ecstasy pills online and looking for a reliable online shop, then buy here. We offer only high-quality real green apple ecstasy pills for sale at an affordable price. Order Real Green Apple Ecstasy Pills Now!\" \/>\n<meta name=\"robots\" content=\"index, follow, max-snippet:-1, max-image-preview:large, max-video-preview:-1\" \/>\n<link rel=\"canonical\" href=\"https:\/\/legitgrams.com\/pt\/produto\/comprimidos-de-ecstasy-green-apple-reais\/\" \/>\n<meta property=\"og:locale\" content=\"pt_PT\" \/>\n<meta property=\"og:type\" content=\"article\" \/>\n<meta property=\"og:title\" content=\"Order Real Green Apple Ecstasy Pills Online @ Best Price | LG\" \/>\n<meta property=\"og:description\" content=\"If you want to buy real green apple ecstasy pills online and looking for a reliable online shop, then buy here. We offer only high-quality real green apple ecstasy pills for sale at an affordable price. Order Real Green Apple Ecstasy Pills Now!\" \/>\n<meta property=\"og:url\" content=\"https:\/\/legitgrams.com\/pt\/produto\/comprimidos-de-ecstasy-green-apple-reais\/\" \/>\n<meta property=\"og:site_name\" content=\"Legit Grams\" \/>\n<meta property=\"article:modified_time\" content=\"2025-04-03T04:59:34+00:00\" \/>\n<meta property=\"og:image\" content=\"https:\/\/legitgrams.com\/wp-content\/uploads\/2024\/09\/order-real-green-apple-ecstasy-pills-online.jpg\" \/>\n\t<meta property=\"og:image:width\" content=\"600\" \/>\n\t<meta property=\"og:image:height\" content=\"600\" \/>\n\t<meta property=\"og:image:type\" content=\"image\/jpeg\" \/>\n<meta name=\"twitter:card\" content=\"summary_large_image\" \/>\n<meta name=\"twitter:label1\" content=\"Tempo estimado de leitura\" \/>\n\t<meta name=\"twitter:data1\" content=\"3 minutos\" \/>\n<script type=\"application\/ld+json\" class=\"yoast-schema-graph\">{\"@context\":\"https:\/\/schema.org\",\"@graph\":[{\"@type\":\"WebPage\",\"@id\":\"https:\/\/legitgrams.com\/product\/real-green-apple-ecstasy-pills\/\",\"url\":\"https:\/\/legitgrams.com\/product\/real-green-apple-ecstasy-pills\/\",\"name\":\"Order Real Green Apple Ecstasy Pills Online @ Best Price | LG\",\"isPartOf\":{\"@id\":\"https:\/\/legitgrams.com\/#website\"},\"primaryImageOfPage\":{\"@id\":\"https:\/\/legitgrams.com\/product\/real-green-apple-ecstasy-pills\/#primaryimage\"},\"image\":{\"@id\":\"https:\/\/legitgrams.com\/product\/real-green-apple-ecstasy-pills\/#primaryimage\"},\"thumbnailUrl\":\"https:\/\/legitgrams.com\/wp-content\/uploads\/2024\/09\/order-real-green-apple-ecstasy-pills-online.jpg\",\"datePublished\":\"2024-09-22T08:18:05+00:00\",\"dateModified\":\"2025-04-03T04:59:34+00:00\",\"description\":\"If you want to buy real green apple ecstasy pills online and looking for a reliable online shop, then buy here. We offer only high-quality real green apple ecstasy pills for sale at an affordable price. Order Real Green Apple Ecstasy Pills Now!\",\"breadcrumb\":{\"@id\":\"https:\/\/legitgrams.com\/product\/real-green-apple-ecstasy-pills\/#breadcrumb\"},\"inLanguage\":\"pt-PT\",\"potentialAction\":[{\"@type\":\"ReadAction\",\"target\":[\"https:\/\/legitgrams.com\/product\/real-green-apple-ecstasy-pills\/\"]}]},{\"@type\":\"ImageObject\",\"inLanguage\":\"pt-PT\",\"@id\":\"https:\/\/legitgrams.com\/product\/real-green-apple-ecstasy-pills\/#primaryimage\",\"url\":\"https:\/\/legitgrams.com\/wp-content\/uploads\/2024\/09\/order-real-green-apple-ecstasy-pills-online.jpg\",\"contentUrl\":\"https:\/\/legitgrams.com\/wp-content\/uploads\/2024\/09\/order-real-green-apple-ecstasy-pills-online.jpg\",\"width\":600,\"height\":600,\"caption\":\"Real Green Apple Ecstasy Pills for Sale\"},{\"@type\":\"BreadcrumbList\",\"@id\":\"https:\/\/legitgrams.com\/product\/real-green-apple-ecstasy-pills\/#breadcrumb\",\"itemListElement\":[{\"@type\":\"ListItem\",\"position\":1,\"name\":\"Home\",\"item\":\"https:\/\/legitgrams.com\/\"},{\"@type\":\"ListItem\",\"position\":2,\"name\":\"Shop\",\"item\":\"https:\/\/legitgrams.com\/shop\/\"},{\"@type\":\"ListItem\",\"position\":3,\"name\":\"Buy Real Green Apple Ecstasy Pills Online\"}]},{\"@type\":\"WebSite\",\"@id\":\"https:\/\/legitgrams.com\/#website\",\"url\":\"https:\/\/legitgrams.com\/\",\"name\":\"Legit Grams\",\"description\":\"My WordPress Blog\",\"publisher\":{\"@id\":\"https:\/\/legitgrams.com\/#organization\"},\"potentialAction\":[{\"@type\":\"SearchAction\",\"target\":{\"@type\":\"EntryPoint\",\"urlTemplate\":\"https:\/\/legitgrams.com\/?s={search_term_string}\"},\"query-input\":{\"@type\":\"PropertyValueSpecification\",\"valueRequired\":true,\"valueName\":\"search_term_string\"}}],\"inLanguage\":\"pt-PT\"},{\"@type\":\"Organization\",\"@id\":\"https:\/\/legitgrams.com\/#organization\",\"name\":\"Legit Grams\",\"url\":\"https:\/\/legitgrams.com\/\",\"logo\":{\"@type\":\"ImageObject\",\"inLanguage\":\"pt-PT\",\"@id\":\"https:\/\/legitgrams.com\/#\/schema\/logo\/image\/\",\"url\":\"https:\/\/legitgrams.com\/wp-content\/uploads\/2024\/09\/main-logo.png\",\"contentUrl\":\"https:\/\/legitgrams.com\/wp-content\/uploads\/2024\/09\/main-logo.png\",\"width\":270,\"height\":75,\"caption\":\"Legit Grams\"},\"image\":{\"@id\":\"https:\/\/legitgrams.com\/#\/schema\/logo\/image\/\"}}]}<\/script>\n<!-- \/ Yoast SEO plugin. -->","yoast_head_json":{"title":"Encomendar Comprimidos de Ecstasy Real Green Apple Online @ Best Price | LG","description":"Se quer comprar comprimidos de ecstasy de ma\u00e7\u00e3 verde verdadeiros online e est\u00e1 \u00e0 procura de uma loja online de confian\u00e7a, ent\u00e3o compre aqui. N\u00f3s oferecemos apenas comprimidos de ecstasy de ma\u00e7\u00e3 verde de alta qualidade para venda a um pre\u00e7o acess\u00edvel. Encomende agora os comprimidos de ecstasy de ma\u00e7\u00e3 verde!","robots":{"index":"index","follow":"follow","max-snippet":"max-snippet:-1","max-image-preview":"max-image-preview:large","max-video-preview":"max-video-preview:-1"},"canonical":"https:\/\/legitgrams.com\/pt\/produto\/comprimidos-de-ecstasy-green-apple-reais\/","og_locale":"pt_PT","og_type":"article","og_title":"Order Real Green Apple Ecstasy Pills Online @ Best Price | LG","og_description":"If you want to buy real green apple ecstasy pills online and looking for a reliable online shop, then buy here. We offer only high-quality real green apple ecstasy pills for sale at an affordable price. Order Real Green Apple Ecstasy Pills Now!","og_url":"https:\/\/legitgrams.com\/pt\/produto\/comprimidos-de-ecstasy-green-apple-reais\/","og_site_name":"Legit Grams","article_modified_time":"2025-04-03T04:59:34+00:00","og_image":[{"width":600,"height":600,"url":"https:\/\/legitgrams.com\/wp-content\/uploads\/2024\/09\/order-real-green-apple-ecstasy-pills-online.jpg","type":"image\/jpeg"}],"twitter_card":"summary_large_image","twitter_misc":{"Tempo estimado de leitura":"3 minutos"},"schema":{"@context":"https:\/\/schema.org","@graph":[{"@type":"WebPage","@id":"https:\/\/legitgrams.com\/product\/real-green-apple-ecstasy-pills\/","url":"https:\/\/legitgrams.com\/product\/real-green-apple-ecstasy-pills\/","name":"Encomendar Comprimidos de Ecstasy Real Green Apple Online @ Best Price | LG","isPartOf":{"@id":"https:\/\/legitgrams.com\/#website"},"primaryImageOfPage":{"@id":"https:\/\/legitgrams.com\/product\/real-green-apple-ecstasy-pills\/#primaryimage"},"image":{"@id":"https:\/\/legitgrams.com\/product\/real-green-apple-ecstasy-pills\/#primaryimage"},"thumbnailUrl":"https:\/\/legitgrams.com\/wp-content\/uploads\/2024\/09\/order-real-green-apple-ecstasy-pills-online.jpg","datePublished":"2024-09-22T08:18:05+00:00","dateModified":"2025-04-03T04:59:34+00:00","description":"Se quer comprar comprimidos de ecstasy de ma\u00e7\u00e3 verde verdadeiros online e est\u00e1 \u00e0 procura de uma loja online de confian\u00e7a, ent\u00e3o compre aqui. N\u00f3s oferecemos apenas comprimidos de ecstasy de ma\u00e7\u00e3 verde de alta qualidade para venda a um pre\u00e7o acess\u00edvel. Encomende agora os comprimidos de ecstasy de ma\u00e7\u00e3 verde!","breadcrumb":{"@id":"https:\/\/legitgrams.com\/product\/real-green-apple-ecstasy-pills\/#breadcrumb"},"inLanguage":"pt-PT","potentialAction":[{"@type":"ReadAction","target":["https:\/\/legitgrams.com\/product\/real-green-apple-ecstasy-pills\/"]}]},{"@type":"ImageObject","inLanguage":"pt-PT","@id":"https:\/\/legitgrams.com\/product\/real-green-apple-ecstasy-pills\/#primaryimage","url":"https:\/\/legitgrams.com\/wp-content\/uploads\/2024\/09\/order-real-green-apple-ecstasy-pills-online.jpg","contentUrl":"https:\/\/legitgrams.com\/wp-content\/uploads\/2024\/09\/order-real-green-apple-ecstasy-pills-online.jpg","width":600,"height":600,"caption":"Real Green Apple Ecstasy Pills for Sale"},{"@type":"BreadcrumbList","@id":"https:\/\/legitgrams.com\/product\/real-green-apple-ecstasy-pills\/#breadcrumb","itemListElement":[{"@type":"ListItem","position":1,"name":"Home","item":"https:\/\/legitgrams.com\/"},{"@type":"ListItem","position":2,"name":"Shop","item":"https:\/\/legitgrams.com\/shop\/"},{"@type":"ListItem","position":3,"name":"Buy Real Green Apple Ecstasy Pills Online"}]},{"@type":"WebSite","@id":"https:\/\/legitgrams.com\/#website","url":"https:\/\/legitgrams.com\/","name":"Gramas leg\u00edtimas","description":"O meu blogue WordPress","publisher":{"@id":"https:\/\/legitgrams.com\/#organization"},"potentialAction":[{"@type":"SearchAction","target":{"@type":"EntryPoint","urlTemplate":"https:\/\/legitgrams.com\/?s={search_term_string}"},"query-input":{"@type":"PropertyValueSpecification","valueRequired":true,"valueName":"search_term_string"}}],"inLanguage":"pt-PT"},{"@type":"Organization","@id":"https:\/\/legitgrams.com\/#organization","name":"Gramas leg\u00edtimas","url":"https:\/\/legitgrams.com\/","logo":{"@type":"ImageObject","inLanguage":"pt-PT","@id":"https:\/\/legitgrams.com\/#\/schema\/logo\/image\/","url":"https:\/\/legitgrams.com\/wp-content\/uploads\/2024\/09\/main-logo.png","contentUrl":"https:\/\/legitgrams.com\/wp-content\/uploads\/2024\/09\/main-logo.png","width":270,"height":75,"caption":"Legit Grams"},"image":{"@id":"https:\/\/legitgrams.com\/#\/schema\/logo\/image\/"}}]}},"uagb_featured_image_src":{"full":["https:\/\/legitgrams.com\/wp-content\/uploads\/2024\/09\/order-real-green-apple-ecstasy-pills-online.jpg",600,600,false],"thumbnail":["https:\/\/legitgrams.com\/wp-content\/uploads\/2024\/09\/order-real-green-apple-ecstasy-pills-online-150x150.jpg",150,150,true],"medium":["https:\/\/legitgrams.com\/wp-content\/uploads\/2024\/09\/order-real-green-apple-ecstasy-pills-online-300x300.jpg",300,300,true],"medium_large":["https:\/\/legitgrams.com\/wp-content\/uploads\/2024\/09\/order-real-green-apple-ecstasy-pills-online.jpg",600,600,false],"large":["https:\/\/legitgrams.com\/wp-content\/uploads\/2024\/09\/order-real-green-apple-ecstasy-pills-online.jpg",600,600,false],"1536x1536":["https:\/\/legitgrams.com\/wp-content\/uploads\/2024\/09\/order-real-green-apple-ecstasy-pills-online.jpg",600,600,false],"2048x2048":["https:\/\/legitgrams.com\/wp-content\/uploads\/2024\/09\/order-real-green-apple-ecstasy-pills-online.jpg",600,600,false],"trp-custom-language-flag":["https:\/\/legitgrams.com\/wp-content\/uploads\/2024\/09\/order-real-green-apple-ecstasy-pills-online-12x12.jpg",12,12,true],"woocommerce_thumbnail":["https:\/\/legitgrams.com\/wp-content\/uploads\/2024\/09\/order-real-green-apple-ecstasy-pills-online-300x300.jpg",300,300,true],"woocommerce_single":["https:\/\/legitgrams.com\/wp-content\/uploads\/2024\/09\/order-real-green-apple-ecstasy-pills-online.jpg",600,600,false],"woocommerce_gallery_thumbnail":["https:\/\/legitgrams.com\/wp-content\/uploads\/2024\/09\/order-real-green-apple-ecstasy-pills-online-100x100.jpg",100,100,true]},"uagb_author_info":{"display_name":"cokeblog18","author_link":"https:\/\/legitgrams.com\/pt\/author\/"},"uagb_comment_info":0,"uagb_excerpt":"Purchase of Genuine Green Apple Ecstasy Pills Online I hope this axiom has made you famous. According to the proverb, &#8220;An apple a day keeps the specialist at bay.&#8221; Given all of the health advantages of eating apples, this diet aphorism may not be entirely inaccurate. Some of the health advantages of eating green apples&hellip;","_links":{"self":[{"href":"https:\/\/legitgrams.com\/pt\/wp-json\/wp\/v2\/product\/4273","targetHints":{"allow":["GET"]}}],"collection":[{"href":"https:\/\/legitgrams.com\/pt\/wp-json\/wp\/v2\/product"}],"about":[{"href":"https:\/\/legitgrams.com\/pt\/wp-json\/wp\/v2\/types\/product"}],"replies":[{"embeddable":true,"href":"https:\/\/legitgrams.com\/pt\/wp-json\/wp\/v2\/comments?post=4273"}],"wp:featuredmedia":[{"embeddable":true,"href":"https:\/\/legitgrams.com\/pt\/wp-json\/wp\/v2\/media\/5203"}],"wp:attachment":[{"href":"https:\/\/legitgrams.com\/pt\/wp-json\/wp\/v2\/media?parent=4273"}],"wp:term":[{"taxonomy":"product_brand","embeddable":true,"href":"https:\/\/legitgrams.com\/pt\/wp-json\/wp\/v2\/product_brand?post=4273"},{"taxonomy":"product_cat","embeddable":true,"href":"https:\/\/legitgrams.com\/pt\/wp-json\/wp\/v2\/product_cat?post=4273"},{"taxonomy":"product_tag","embeddable":true,"href":"https:\/\/legitgrams.com\/pt\/wp-json\/wp\/v2\/product_tag?post=4273"}],"curies":[{"name":"wp","href":"https:\/\/api.w.org\/{rel}","templated":true}]}}