{"id":4274,"date":"2024-09-22T08:19:29","date_gmt":"2024-09-22T08:19:29","guid":{"rendered":"https:\/\/legitgrams.com\/?post_type=product&#038;p=4274"},"modified":"2026-03-21T18:43:17","modified_gmt":"2026-03-21T18:43:17","slug":"xtc-philipp-plein-blue-524-mg-mdma-pills","status":"publish","type":"product","link":"https:\/\/legitgrams.com\/pt\/produto\/xtc-philipp-plein-blue-524-mg-mdma-pills\/","title":{"rendered":"Comprar XTC- Philipp Plein Blue- 524 mg MDMA comprimidos Online"},"content":{"rendered":"<h2>Compre 524 mg de comprimidos XTC-Philip Plein Blue MDMA online.<br \/>\nO que \u00e9 ecstasy ou MDMA?<\/h2>\n<p>A subst\u00e2ncia psicoativa sint\u00e9tica ecstasy (<a href=\"https:\/\/www.bing.com\/search?q=XTC-%20Philipp%20Plein%20Blue-%20524%20mg%20MDMA%20pills&amp;qs=n&amp;form=QBRE&amp;sp=-1&amp;lq=0&amp;pq=xtc-%20philipp%20plein%20blue-%20524%20mg%20mdma%20pills&amp;sc=0-42&amp;sk=&amp;cvid=88AE6535F3A04F5A83661E6468ACED0A&amp;ghsh=0&amp;ghacc=0&amp;ghpl=\">MDMA, 3,4 methylenedioxymethamphetamine<\/a>) shares chemical similarities with the stimulant methamphetamine and the hallucinogen mescaline. Temporal and perceptional distortions, an increase in the enjoyment of tactile stimuli, and a stimulant impact are all caused by this illegal substance&#8217;s psychedelic and stimulant qualities. <a style=\"font-size: 16px; background-color: #ffffff;\" href=\"https:\/\/legitgrams.com\/pt\/\">LegitGrams<\/a><\/p>\n<p>Comprar<a href=\"https:\/\/legitgrams.com\/pt\/produto\/xtc-philipp-plein-blue-524-mg-mdma-pills\/\"> XTC- Philipp Plein Blue-524 mg comprimidos de MDMA <\/a>online \u2013 comprar p\u00edlulas de MDMA, comprar p\u00edlulas de MDMA XTC-Philip Plein Blue-524 mg, comprar p\u00edlulas de MDMA XTC-Philip Plein Blue-524 mg online, onde comprar p\u00edlulas de MDMA XTC-Philip Plein Blue-524 mg, comprar MDMA online, comprar p\u00edlulas de MDMA XTC-Philip Plein Blue-524 mg, Onde posso comprar<a href=\"https:\/\/www.google.com\/search?q=Compre+XTC-+Philipp+Plein+Blue-+524+mg+comprimidos+de+MDMA+online&amp;sca_esv=eddefdb7b92e7545&amp;sxsrf=AHTn8zo2K1IdHYBdCzvEUYffUFQG3z_IAg1743622048028&amp;ei=oI_tZ8u8Ae_H0PEPpcaD4Qc&amp;ved=0ahUKEwjLjK6mirqMAxXvIzQIHSXjIHwQ4dUDCBA&amp;uact=5&amp;oq=Compre+XTC-+Philipp+Plein+Blue-+524+mg+comprimidos+de+MDMA+online&amp;gs_lp=Egxnd3Mtd2l6LXNlcnAiQUNvbXByZSBYVEMtIFBoaWxpcHAgUGxlaW4gQmx1ZS0gNTI0IG1nIGNvbXByaW1pZG9zIGRlIE1ETUEgb25saW5lSN0EUABYAHAAeACQAQCYAf0CoAH9AqoBAzMtMbgBA8gBAPgBAvgBAZgCAKACAJgDAJIHAKAHdbIHALgHAA&amp;sclient=gws-wiz-serp\"> Comprimidos de MDMA XTC-Philipp Plein Blue 524 mg<\/a>? Onde posso comprar comprimidos de MDMA com um teor de ingrediente ativo de 524 mg online? Onde posso comprar comprimidos de MDMA de 524 mg online? Philipp Plein Blue (XTC): comprimidos de MDMA de 524 mg dispon\u00edveis nos Estados Unidos, Canad\u00e1 e Reino Unido? comprar, internet, provedor, envio seguro, XTC-Philip Plein <a href=\"https:\/\/duckduckgo.com\/?q=XTC-+Philipp+Plein+Blue-+524+mg+MDMA+pills&amp;t=h_&amp;ia=web\">Comprimidos de MDMA azul-524 mg<\/a> Eles ainda est\u00e3o dispon\u00edveis. Al\u00e9m disso, voc\u00ea pode determinar se os comprimidos XTC-Philipp Plein Blue-524 mg-MDMA s\u00e3o legais nos Estados Unidos e como encomend\u00e1-los. <a href=\"https:\/\/en.wikipedia.org\/wiki\/XTC\">XTC<\/a>- Philipp Plein Blue-524 mg MDMA pills, e se s\u00e3o legais no Canad\u00e1.<\/p>","protected":false},"excerpt":{"rendered":"<p><strong>Color: Blue<\/strong><br \/>\n<strong>Size: 524 mg<\/strong><\/p>","protected":false},"featured_media":5204,"comment_status":"open","ping_status":"closed","template":"","meta":{"_uag_custom_page_level_css":"","site-sidebar-layout":"default","site-content-layout":"default","ast-global-header-display":"","ast-main-header-display":"","ast-hfb-above-header-display":"","ast-hfb-below-header-display":"","ast-hfb-mobile-header-display":"","site-post-title":"","ast-breadcrumbs-content":"","ast-featured-img":"","footer-sml-layout":"","theme-transparent-header-meta":"default","adv-header-id-meta":"","stick-header-meta":"default","header-above-stick-meta":"","header-main-stick-meta":"","header-below-stick-meta":"","_joinchat":[]},"product_brand":[],"product_cat":[596],"product_tag":[1269,1259,617,1251,1266,1263,1258,1256,1268,1265,625,1257,1260,1255,1250,1253,1261,1252,1264,1271,1272,1270,1254,1262,1267],"class_list":{"0":"post-4274","1":"product","2":"type-product","3":"status-publish","4":"has-post-thumbnail","6":"product_cat-ecstasy-pills-mdma","7":"product_tag-best-cheap-price-xtc-philipp-plein-blue","8":"product_tag-best-place-to-buy-xtc-philipp-plein-blue","9":"product_tag-bulk-online","10":"product_tag-buy-xtc-philipp-plein-blue","11":"product_tag-cheap-xtc-philipp-plein-blue","12":"product_tag-high-quality-xtc-philipp-plein-blue","13":"product_tag-how-to-buy-xtc-philipp-plein-blue","14":"product_tag-order-xtc-philipp-plein-blue","15":"product_tag-purcharse-xtc-philipp-plein-blue","16":"product_tag-shop-xtc-philipp-plein-blue","17":"product_tag-top-quality","18":"product_tag-where-to-buy-xtc-philipp-plein-blue","19":"product_tag-where-to-order-xtc-philipp-plein-blue","20":"product_tag-wholesale-xtc-philipp-plein-blue","21":"product_tag-xtc-philipp-plein-blue","22":"product_tag-xtc-philipp-plein-blue-for-sale","23":"product_tag-xtc-philipp-plein-blue-legally","24":"product_tag-xtc-philipp-plein-blue-online","25":"product_tag-xtc-philipp-plein-blue-store","26":"product_tag-xtc-philipp-plein-blue-use","27":"product_tag-xtc-philipp-plein-blue-wiki","28":"product_tag-xtc-philipp-plein-blue-worldwide","29":"product_tag-xtc-philipp-plein-blue-xtc-philipp-plein-blue-supplier","30":"product_tag-xtc-philipp-plein-blueprice","31":"product_tag-xtc-philipp-plein-blues","32":"desktop-align-left","33":"tablet-align-left","34":"mobile-align-left","35":"ast-product-gallery-layout-horizontal","36":"ast-product-gallery-with-no-image","37":"ast-product-single-variable","38":"ast-product-tabs-layout-horizontal","39":"ast-qv-on-image","41":"first","42":"instock","43":"shipping-taxable","44":"purchasable","45":"product-type-variable","46":"has-default-attributes"},"yoast_head":"<!-- This site is optimized with the Yoast SEO plugin v25.9 - https:\/\/yoast.com\/wordpress\/plugins\/seo\/ -->\n<title>Buy XTC- Philipp Plein Blue 524 mg MDMA Pills Online | | LG<\/title>\n<meta name=\"description\" content=\"If you want to buy XTC- Philipp Plein Blue- 524 mg MDMA Pills online and looking for a reliable online store, then buy here. We offer only high-quality XTC- Philipp Plein Blue- 524 mg MDMA Pills for sale at an affordable price.\" \/>\n<meta name=\"robots\" content=\"index, follow, max-snippet:-1, max-image-preview:large, max-video-preview:-1\" \/>\n<link rel=\"canonical\" href=\"https:\/\/legitgrams.com\/pt\/produto\/xtc-philipp-plein-blue-524-mg-mdma-pills\/\" \/>\n<meta property=\"og:locale\" content=\"pt_PT\" \/>\n<meta property=\"og:type\" content=\"article\" \/>\n<meta property=\"og:title\" content=\"Buy XTC- Philipp Plein Blue 524 mg MDMA Pills Online | | LG\" \/>\n<meta property=\"og:description\" content=\"If you want to buy XTC- Philipp Plein Blue- 524 mg MDMA Pills online and looking for a reliable online store, then buy here. We offer only high-quality XTC- Philipp Plein Blue- 524 mg MDMA Pills for sale at an affordable price.\" \/>\n<meta property=\"og:url\" content=\"https:\/\/legitgrams.com\/pt\/produto\/xtc-philipp-plein-blue-524-mg-mdma-pills\/\" \/>\n<meta property=\"og:site_name\" content=\"Legit Grams\" \/>\n<meta property=\"article:modified_time\" content=\"2026-03-21T18:43:17+00:00\" \/>\n<meta property=\"og:image\" content=\"https:\/\/legitgrams.com\/wp-content\/uploads\/2024\/09\/buy-xtc-philipp-plein-blue-524-mg-mdma-pills-online.jpg\" \/>\n\t<meta property=\"og:image:width\" content=\"600\" \/>\n\t<meta property=\"og:image:height\" content=\"600\" \/>\n\t<meta property=\"og:image:type\" content=\"image\/jpeg\" \/>\n<meta name=\"twitter:card\" content=\"summary_large_image\" \/>\n<meta name=\"twitter:label1\" content=\"Tempo estimado de leitura\" \/>\n\t<meta name=\"twitter:data1\" content=\"2 minutos\" \/>\n<script type=\"application\/ld+json\" class=\"yoast-schema-graph\">{\"@context\":\"https:\/\/schema.org\",\"@graph\":[{\"@type\":\"WebPage\",\"@id\":\"https:\/\/legitgrams.com\/product\/xtc-philipp-plein-blue-524-mg-mdma-pills\/\",\"url\":\"https:\/\/legitgrams.com\/product\/xtc-philipp-plein-blue-524-mg-mdma-pills\/\",\"name\":\"Buy XTC- Philipp Plein Blue 524 mg MDMA Pills Online | | LG\",\"isPartOf\":{\"@id\":\"https:\/\/legitgrams.com\/#website\"},\"primaryImageOfPage\":{\"@id\":\"https:\/\/legitgrams.com\/product\/xtc-philipp-plein-blue-524-mg-mdma-pills\/#primaryimage\"},\"image\":{\"@id\":\"https:\/\/legitgrams.com\/product\/xtc-philipp-plein-blue-524-mg-mdma-pills\/#primaryimage\"},\"thumbnailUrl\":\"https:\/\/legitgrams.com\/wp-content\/uploads\/2024\/09\/buy-xtc-philipp-plein-blue-524-mg-mdma-pills-online.jpg\",\"datePublished\":\"2024-09-22T08:19:29+00:00\",\"dateModified\":\"2026-03-21T18:43:17+00:00\",\"description\":\"If you want to buy XTC- Philipp Plein Blue- 524 mg MDMA Pills online and looking for a reliable online store, then buy here. We offer only high-quality XTC- Philipp Plein Blue- 524 mg MDMA Pills for sale at an affordable price.\",\"breadcrumb\":{\"@id\":\"https:\/\/legitgrams.com\/product\/xtc-philipp-plein-blue-524-mg-mdma-pills\/#breadcrumb\"},\"inLanguage\":\"pt-PT\",\"potentialAction\":[{\"@type\":\"ReadAction\",\"target\":[\"https:\/\/legitgrams.com\/product\/xtc-philipp-plein-blue-524-mg-mdma-pills\/\"]}]},{\"@type\":\"ImageObject\",\"inLanguage\":\"pt-PT\",\"@id\":\"https:\/\/legitgrams.com\/product\/xtc-philipp-plein-blue-524-mg-mdma-pills\/#primaryimage\",\"url\":\"https:\/\/legitgrams.com\/wp-content\/uploads\/2024\/09\/buy-xtc-philipp-plein-blue-524-mg-mdma-pills-online.jpg\",\"contentUrl\":\"https:\/\/legitgrams.com\/wp-content\/uploads\/2024\/09\/buy-xtc-philipp-plein-blue-524-mg-mdma-pills-online.jpg\",\"width\":600,\"height\":600,\"caption\":\"XTC- Philipp Plein Blue- 524 mg MDMA Pills for Sale\"},{\"@type\":\"BreadcrumbList\",\"@id\":\"https:\/\/legitgrams.com\/product\/xtc-philipp-plein-blue-524-mg-mdma-pills\/#breadcrumb\",\"itemListElement\":[{\"@type\":\"ListItem\",\"position\":1,\"name\":\"Home\",\"item\":\"https:\/\/legitgrams.com\/\"},{\"@type\":\"ListItem\",\"position\":2,\"name\":\"Shop\",\"item\":\"https:\/\/legitgrams.com\/shop\/\"},{\"@type\":\"ListItem\",\"position\":3,\"name\":\"Buy XTC- Philipp Plein Blue- 524 mg MDMA pills Online\"}]},{\"@type\":\"WebSite\",\"@id\":\"https:\/\/legitgrams.com\/#website\",\"url\":\"https:\/\/legitgrams.com\/\",\"name\":\"Legit Grams\",\"description\":\"My WordPress Blog\",\"publisher\":{\"@id\":\"https:\/\/legitgrams.com\/#organization\"},\"potentialAction\":[{\"@type\":\"SearchAction\",\"target\":{\"@type\":\"EntryPoint\",\"urlTemplate\":\"https:\/\/legitgrams.com\/?s={search_term_string}\"},\"query-input\":{\"@type\":\"PropertyValueSpecification\",\"valueRequired\":true,\"valueName\":\"search_term_string\"}}],\"inLanguage\":\"pt-PT\"},{\"@type\":\"Organization\",\"@id\":\"https:\/\/legitgrams.com\/#organization\",\"name\":\"Legit Grams\",\"url\":\"https:\/\/legitgrams.com\/\",\"logo\":{\"@type\":\"ImageObject\",\"inLanguage\":\"pt-PT\",\"@id\":\"https:\/\/legitgrams.com\/#\/schema\/logo\/image\/\",\"url\":\"https:\/\/legitgrams.com\/wp-content\/uploads\/2024\/09\/main-logo.png\",\"contentUrl\":\"https:\/\/legitgrams.com\/wp-content\/uploads\/2024\/09\/main-logo.png\",\"width\":270,\"height\":75,\"caption\":\"Legit Grams\"},\"image\":{\"@id\":\"https:\/\/legitgrams.com\/#\/schema\/logo\/image\/\"}}]}<\/script>\n<!-- \/ Yoast SEO plugin. -->","yoast_head_json":{"title":"Compre XTC- Philipp Plein Blue 524 mg MDMA Pills Online | | LG","description":"Se deseja comprar o XTC- Philipp Plein Blue- 524 mg MDMA Pills online e procura uma loja online de confian\u00e7a, compre aqui. Oferecemos apenas XTC- Philipp Plein Blue- 524 mg MDMA Pills de alta qualidade para venda a um pre\u00e7o acess\u00edvel.","robots":{"index":"index","follow":"follow","max-snippet":"max-snippet:-1","max-image-preview":"max-image-preview:large","max-video-preview":"max-video-preview:-1"},"canonical":"https:\/\/legitgrams.com\/pt\/produto\/xtc-philipp-plein-blue-524-mg-mdma-pills\/","og_locale":"pt_PT","og_type":"article","og_title":"Buy XTC- Philipp Plein Blue 524 mg MDMA Pills Online | | LG","og_description":"If you want to buy XTC- Philipp Plein Blue- 524 mg MDMA Pills online and looking for a reliable online store, then buy here. We offer only high-quality XTC- Philipp Plein Blue- 524 mg MDMA Pills for sale at an affordable price.","og_url":"https:\/\/legitgrams.com\/pt\/produto\/xtc-philipp-plein-blue-524-mg-mdma-pills\/","og_site_name":"Legit Grams","article_modified_time":"2026-03-21T18:43:17+00:00","og_image":[{"width":600,"height":600,"url":"https:\/\/legitgrams.com\/wp-content\/uploads\/2024\/09\/buy-xtc-philipp-plein-blue-524-mg-mdma-pills-online.jpg","type":"image\/jpeg"}],"twitter_card":"summary_large_image","twitter_misc":{"Tempo estimado de leitura":"2 minutos"},"schema":{"@context":"https:\/\/schema.org","@graph":[{"@type":"WebPage","@id":"https:\/\/legitgrams.com\/product\/xtc-philipp-plein-blue-524-mg-mdma-pills\/","url":"https:\/\/legitgrams.com\/product\/xtc-philipp-plein-blue-524-mg-mdma-pills\/","name":"Compre XTC- Philipp Plein Blue 524 mg MDMA Pills Online | | LG","isPartOf":{"@id":"https:\/\/legitgrams.com\/#website"},"primaryImageOfPage":{"@id":"https:\/\/legitgrams.com\/product\/xtc-philipp-plein-blue-524-mg-mdma-pills\/#primaryimage"},"image":{"@id":"https:\/\/legitgrams.com\/product\/xtc-philipp-plein-blue-524-mg-mdma-pills\/#primaryimage"},"thumbnailUrl":"https:\/\/legitgrams.com\/wp-content\/uploads\/2024\/09\/buy-xtc-philipp-plein-blue-524-mg-mdma-pills-online.jpg","datePublished":"2024-09-22T08:19:29+00:00","dateModified":"2026-03-21T18:43:17+00:00","description":"Se deseja comprar o XTC- Philipp Plein Blue- 524 mg MDMA Pills online e procura uma loja online de confian\u00e7a, compre aqui. Oferecemos apenas XTC- Philipp Plein Blue- 524 mg MDMA Pills de alta qualidade para venda a um pre\u00e7o acess\u00edvel.","breadcrumb":{"@id":"https:\/\/legitgrams.com\/product\/xtc-philipp-plein-blue-524-mg-mdma-pills\/#breadcrumb"},"inLanguage":"pt-PT","potentialAction":[{"@type":"ReadAction","target":["https:\/\/legitgrams.com\/product\/xtc-philipp-plein-blue-524-mg-mdma-pills\/"]}]},{"@type":"ImageObject","inLanguage":"pt-PT","@id":"https:\/\/legitgrams.com\/product\/xtc-philipp-plein-blue-524-mg-mdma-pills\/#primaryimage","url":"https:\/\/legitgrams.com\/wp-content\/uploads\/2024\/09\/buy-xtc-philipp-plein-blue-524-mg-mdma-pills-online.jpg","contentUrl":"https:\/\/legitgrams.com\/wp-content\/uploads\/2024\/09\/buy-xtc-philipp-plein-blue-524-mg-mdma-pills-online.jpg","width":600,"height":600,"caption":"XTC- Philipp Plein Blue- 524 mg MDMA Pills for Sale"},{"@type":"BreadcrumbList","@id":"https:\/\/legitgrams.com\/product\/xtc-philipp-plein-blue-524-mg-mdma-pills\/#breadcrumb","itemListElement":[{"@type":"ListItem","position":1,"name":"Home","item":"https:\/\/legitgrams.com\/"},{"@type":"ListItem","position":2,"name":"Shop","item":"https:\/\/legitgrams.com\/shop\/"},{"@type":"ListItem","position":3,"name":"Buy XTC- Philipp Plein Blue- 524 mg MDMA pills Online"}]},{"@type":"WebSite","@id":"https:\/\/legitgrams.com\/#website","url":"https:\/\/legitgrams.com\/","name":"Gramas leg\u00edtimas","description":"O meu blogue WordPress","publisher":{"@id":"https:\/\/legitgrams.com\/#organization"},"potentialAction":[{"@type":"SearchAction","target":{"@type":"EntryPoint","urlTemplate":"https:\/\/legitgrams.com\/?s={search_term_string}"},"query-input":{"@type":"PropertyValueSpecification","valueRequired":true,"valueName":"search_term_string"}}],"inLanguage":"pt-PT"},{"@type":"Organization","@id":"https:\/\/legitgrams.com\/#organization","name":"Gramas leg\u00edtimas","url":"https:\/\/legitgrams.com\/","logo":{"@type":"ImageObject","inLanguage":"pt-PT","@id":"https:\/\/legitgrams.com\/#\/schema\/logo\/image\/","url":"https:\/\/legitgrams.com\/wp-content\/uploads\/2024\/09\/main-logo.png","contentUrl":"https:\/\/legitgrams.com\/wp-content\/uploads\/2024\/09\/main-logo.png","width":270,"height":75,"caption":"Legit Grams"},"image":{"@id":"https:\/\/legitgrams.com\/#\/schema\/logo\/image\/"}}]}},"uagb_featured_image_src":{"full":["https:\/\/legitgrams.com\/wp-content\/uploads\/2024\/09\/buy-xtc-philipp-plein-blue-524-mg-mdma-pills-online.jpg",600,600,false],"thumbnail":["https:\/\/legitgrams.com\/wp-content\/uploads\/2024\/09\/buy-xtc-philipp-plein-blue-524-mg-mdma-pills-online-150x150.jpg",150,150,true],"medium":["https:\/\/legitgrams.com\/wp-content\/uploads\/2024\/09\/buy-xtc-philipp-plein-blue-524-mg-mdma-pills-online-300x300.jpg",300,300,true],"medium_large":["https:\/\/legitgrams.com\/wp-content\/uploads\/2024\/09\/buy-xtc-philipp-plein-blue-524-mg-mdma-pills-online.jpg",600,600,false],"large":["https:\/\/legitgrams.com\/wp-content\/uploads\/2024\/09\/buy-xtc-philipp-plein-blue-524-mg-mdma-pills-online.jpg",600,600,false],"1536x1536":["https:\/\/legitgrams.com\/wp-content\/uploads\/2024\/09\/buy-xtc-philipp-plein-blue-524-mg-mdma-pills-online.jpg",600,600,false],"2048x2048":["https:\/\/legitgrams.com\/wp-content\/uploads\/2024\/09\/buy-xtc-philipp-plein-blue-524-mg-mdma-pills-online.jpg",600,600,false],"trp-custom-language-flag":["https:\/\/legitgrams.com\/wp-content\/uploads\/2024\/09\/buy-xtc-philipp-plein-blue-524-mg-mdma-pills-online-12x12.jpg",12,12,true],"woocommerce_thumbnail":["https:\/\/legitgrams.com\/wp-content\/uploads\/2024\/09\/buy-xtc-philipp-plein-blue-524-mg-mdma-pills-online-300x300.jpg",300,300,true],"woocommerce_single":["https:\/\/legitgrams.com\/wp-content\/uploads\/2024\/09\/buy-xtc-philipp-plein-blue-524-mg-mdma-pills-online.jpg",600,600,false],"woocommerce_gallery_thumbnail":["https:\/\/legitgrams.com\/wp-content\/uploads\/2024\/09\/buy-xtc-philipp-plein-blue-524-mg-mdma-pills-online-100x100.jpg",100,100,true]},"uagb_author_info":{"display_name":"cokeblog18","author_link":"https:\/\/legitgrams.com\/pt\/author\/"},"uagb_comment_info":9,"uagb_excerpt":"Color: Blue Size: 524 mg","_links":{"self":[{"href":"https:\/\/legitgrams.com\/pt\/wp-json\/wp\/v2\/product\/4274","targetHints":{"allow":["GET"]}}],"collection":[{"href":"https:\/\/legitgrams.com\/pt\/wp-json\/wp\/v2\/product"}],"about":[{"href":"https:\/\/legitgrams.com\/pt\/wp-json\/wp\/v2\/types\/product"}],"replies":[{"embeddable":true,"href":"https:\/\/legitgrams.com\/pt\/wp-json\/wp\/v2\/comments?post=4274"}],"wp:featuredmedia":[{"embeddable":true,"href":"https:\/\/legitgrams.com\/pt\/wp-json\/wp\/v2\/media\/5204"}],"wp:attachment":[{"href":"https:\/\/legitgrams.com\/pt\/wp-json\/wp\/v2\/media?parent=4274"}],"wp:term":[{"taxonomy":"product_brand","embeddable":true,"href":"https:\/\/legitgrams.com\/pt\/wp-json\/wp\/v2\/product_brand?post=4274"},{"taxonomy":"product_cat","embeddable":true,"href":"https:\/\/legitgrams.com\/pt\/wp-json\/wp\/v2\/product_cat?post=4274"},{"taxonomy":"product_tag","embeddable":true,"href":"https:\/\/legitgrams.com\/pt\/wp-json\/wp\/v2\/product_tag?post=4274"}],"curies":[{"name":"wp","href":"https:\/\/api.w.org\/{rel}","templated":true}]}}