{"id":4277,"date":"2024-09-22T08:23:22","date_gmt":"2024-09-22T08:23:22","guid":{"rendered":"https:\/\/legitgrams.com\/?post_type=product&#038;p=4277"},"modified":"2025-04-02T18:37:40","modified_gmt":"2025-04-02T18:37:40","slug":"comprimidos-de-ecstasy-rolex-azul-de-qualidade","status":"publish","type":"product","link":"https:\/\/legitgrams.com\/pt\/produto\/comprimidos-de-ecstasy-rolex-azul-de-qualidade\/","title":{"rendered":"Compre p\u00edlulas de ecstasy Rolex Blue de qualidade online"},"content":{"rendered":"<h2>Compra on-line de p\u00edlulas de ecstasy Rolex azuis de alta qualidade<\/h2>\n<p>O ecstasy foi criado pela primeira vez pela empresa farmac\u00eautica Merck em 1912. Recebeu o nome de \u201c<a href=\"https:\/\/www.bing.com\/search?q=CompreplulasdeecstasyRolexBluedequalidadeonline&amp;qs=n&amp;form=QBRE&amp;sp=-1&amp;lq=0&amp;pq=compreplulasdeecstasyrolexbluedequalidadeonline&amp;sc=0-56&amp;sk=&amp;cvid=1C5270D462EF4223899AAABED0088EEB&amp;ghsh=0&amp;ghacc=0&amp;ghpl=\">MDMA<\/a>\u201d por causa de sua estrutura distinta. Em 1953, as For\u00e7as Armadas dos EUA o empregaram pela primeira vez em testes de engajamento mental. Na d\u00e9cada de 1960, foi utilizado mais uma vez por um per\u00edodo limitado de tempo como um m\u00e9todo terap\u00eautico para \u201cinibi\u00e7\u00f5es mais baixas\u201d.1. O MDMA n\u00e3o ganhou popularidade como uma droga de reuni\u00e3o at\u00e9 a d\u00e9cada de 1970.<\/p>\n<p>Em meados da d\u00e9cada de 1980, <a href=\"https:\/\/www.google.com\/search?q=Compre+plulas+de+ecstasy+Rolex+Blue+de+qualidade+online&amp;sca_esv=eddefdb7b92e7545&amp;sxsrf=AHTn8zq2jE-TWtdOE9JjmocTEOu3aatUHA1743619545780&amp;ei=2YXtZ4GoL9nh0PEP5Mnj6Q4&amp;ved=0ahUKEwjB-Jj9gLqMAxXZMDQIHeTkOO0Q4dUDCBA&amp;uact=5&amp;oq=Compre+plulas+de+ecstasy+Rolex+Blue+de+qualidade+online&amp;gs_lp=Egxnd3Mtd2l6LXNlcnAiOUNvbXByZSBww61sdWxhcyBkZSBlY3N0YXN5IFJvbGV4IEJsdWUgZGUgcXVhbGlkYWRlIG9ubGluZUiDBFAAWABwAHgAkAEAmAH2A6AB9gOqAQM1LTG4AQPIAQD4AQL4AQGYAgCgAgCYAwCSBwCgB6oCsgcAuAcA&amp;sclient=gws-wiz-serp\">MDMA<\/a> estava sendo comercializado como \u201ca coisa mais espumante na t\u00e9cnica com a miss\u00e3o de agradar atrav\u00e9s da ci\u00eancia\u201d e como a \u201csolu\u00e7\u00e3o\u201d para festas que duravam. Embora o MDMA ainda fosse uma droga popular em 1984 e fosse vendido sob o nome de \u201cJoy\u201d, preocupa\u00e7\u00f5es com a seguran\u00e7a limitaram sua distribui\u00e7\u00e3o em 1985.<span style=\"font-size: 16px;\">\u00a0<\/span><a style=\"font-size: 16px; background-color: #ffffff;\" href=\"https:\/\/legitgrams.com\/pt\/\">LegitGrams<\/a><\/p>\n<p>Em particular, o <a href=\"https:\/\/duckduckgo.com\/?q=Buy+Quality+Blue+Rolex+Ecstasy+pills+Online&amp;t=h_&amp;ia=web\">tablet rolex azul<\/a> pode ser crucial para pessoas com transtorno do componente de esmagamento p\u00f3s-atrofia (TEPT). Muitos pacientes lutam para se fazer falar sobre as circunst\u00e2ncias perigosas que inicialmente levaram aos seus problemas. H\u00e1 a hip\u00f3tese de que a realiza\u00e7\u00e3o pode ajudar as pessoas a se recuperarem desses traumas graves.<\/p>\n<p>Doblin, cinquenta, \u00e9 realmente despreparado, incapaz e desmonitorado; ele tem um alto n\u00edvel de responsabilidade relacionada \u00e0s drogas devido ao seu uso severo de drogas. Suas palavras, \"Melhorou muito minha vida\", Ele aceitou recentemente a ideia de que Joy e outros estimulantes t\u00eam crit\u00e9rios fundamentais de sucesso.<\/p>\n<p>Se voc\u00ea est\u00e1 realmente procurando uma organiza\u00e7\u00e3o que pode lhe oferecer produtos da melhor qualidade, voc\u00ea est\u00e1 no lugar certo. Devido \u00e0s op\u00e7\u00f5es de nossos produtos, voc\u00ea pode selecionar os melhores itens em nossa funda\u00e7\u00e3o para construir um relacionamento conosco que funcione e ganhar sua confian\u00e7a. Os tablets Rolex azuis ser\u00e3o entregues em sua casa em cinco dias \u00fateis se voc\u00ea inserir suas vendas hoje.<\/p>\n<p>Qualidade de compra <a href=\"https:\/\/en.wikipedia.org\/wiki\/Ecstasy\">P\u00edlulas de ecstasy Blue Rolex<\/a> Online - Comprar comprimidos de ecstasy, comprar comprimidos de ecstasy Blue Rolex de qualidade, comprar comprimidos de ecstasy Blue Rolex de qualidade online, onde comprar comprimidos de ecstasy Blue Rolex de qualidade, comprimidos de ecstasy Blue Rolex de qualidade para venda, comprar ecstasy online, onde comprar comprimidos de ecstasy online, qualidade Blue <a href=\"https:\/\/legitgrams.com\/pt\/produto\/comprimidos-de-ecstasy-rolex-azul-de-qualidade\/\">Rolex Ecstasy<\/a> Comprimidos \u00e0 venda nos EUA, Canad\u00e1, Reino Unido, Compra, Online, Fornecedores, Entrega segura, Ainda pode obter comprimidos de ecstasy Blue Rolex de qualidade. Tamb\u00e9m pode descobrir se s\u00e3o legais nos Estados Unidos, como encomendar comprimidos de ecstasy Blue Rolex de qualidade e se s\u00e3o legais no Canad\u00e1.<\/p>","protected":false},"excerpt":{"rendered":"<p>Online Purchase of High-Quality Blue Rolex Ecstasy Pills Ecstasy was first created by the Merck drug relationship in 1912. It was given the name &#8220;MDMA&#8221; because to its distinct structure. In 1953, the US Armed Forces employed it for the first time in mental engagement tests. In the 1960s, it was utilized once more for &hellip;<\/p>\n<p class=\"read-more\"> <a class=\"\" href=\"https:\/\/legitgrams.com\/pt\/produto\/comprimidos-de-ecstasy-rolex-azul-de-qualidade\/\"> <span class=\"screen-reader-text\">Compre p\u00edlulas de ecstasy Rolex Blue de qualidade online<\/span> Ler mais \"<\/a><\/p>","protected":false},"featured_media":5198,"comment_status":"open","ping_status":"closed","template":"","meta":{"_uag_custom_page_level_css":"","site-sidebar-layout":"default","site-content-layout":"default","ast-global-header-display":"","ast-main-header-display":"","ast-hfb-above-header-display":"","ast-hfb-below-header-display":"","ast-hfb-mobile-header-display":"","site-post-title":"","ast-breadcrumbs-content":"","ast-featured-img":"","footer-sml-layout":"","theme-transparent-header-meta":"default","adv-header-id-meta":"","stick-header-meta":"default","header-above-stick-meta":"","header-main-stick-meta":"","header-below-stick-meta":"","_joinchat":[]},"product_brand":[],"product_cat":[596],"product_tag":[1200,1190,617,1182,1197,1194,1189,1187,1199,1181,1184,1192,1183,1185,1195,1202,1203,1201,1193,1198,1196,625,1188,1191,1186],"class_list":{"0":"post-4277","1":"product","2":"type-product","3":"status-publish","4":"has-post-thumbnail","6":"product_cat-ecstasy-pills-mdma","7":"product_tag-best-cheap-price-quality-blue-rolex-ecstasy-pills","8":"product_tag-best-place-to-buy-quality-blue-rolex-ecstasy-pills","9":"product_tag-bulk-online","10":"product_tag-buy-quality-blue-rolex-ecstasy-pills","11":"product_tag-cheap-quality-blue-rolex-ecstasy-pills","12":"product_tag-high-quality-quality-blue-rolex-ecstasy-pills","13":"product_tag-how-to-buy-quality-blue-rolex-ecstasy-pills","14":"product_tag-order-quality-blue-rolex-ecstasy-pills","15":"product_tag-purcharse-quality-blue-rolex-ecstasy-pills","16":"product_tag-quality-blue-rolex-ecstasy-pills","17":"product_tag-quality-blue-rolex-ecstasy-pills-for-sale","18":"product_tag-quality-blue-rolex-ecstasy-pills-legally","19":"product_tag-quality-blue-rolex-ecstasy-pills-online","20":"product_tag-quality-blue-rolex-ecstasy-pills-quality-blue-rolex-ecstasy-pills-supplier","21":"product_tag-quality-blue-rolex-ecstasy-pills-store","22":"product_tag-quality-blue-rolex-ecstasy-pills-use","23":"product_tag-quality-blue-rolex-ecstasy-pills-wiki","24":"product_tag-quality-blue-rolex-ecstasy-pills-worldwide","25":"product_tag-quality-blue-rolex-ecstasy-pillsprice","26":"product_tag-quality-blue-rolex-ecstasy-pillss","27":"product_tag-shop-quality-blue-rolex-ecstasy-pills","28":"product_tag-top-quality","29":"product_tag-where-to-buy-quality-blue-rolex-ecstasy-pills","30":"product_tag-where-to-order-quality-blue-rolex-ecstasy-pills","31":"product_tag-wholesale-quality-blue-rolex-ecstasy-pills","32":"desktop-align-left","33":"tablet-align-left","34":"mobile-align-left","35":"ast-product-gallery-layout-horizontal","36":"ast-product-gallery-with-no-image","37":"ast-product-single-variable","38":"ast-product-tabs-layout-horizontal","39":"ast-qv-on-image","41":"first","42":"instock","43":"shipping-taxable","44":"purchasable","45":"product-type-variable"},"yoast_head":"<!-- This site is optimized with the Yoast SEO plugin v25.9 - https:\/\/yoast.com\/wordpress\/plugins\/seo\/ -->\n<title>Buy Quality Blue Rolex Ecstasy Pills Online @ Best Price | LG<\/title>\n<meta name=\"description\" content=\"Explore our online store for quality blue rolex ecstasy pills for sale, offering high-quality blue rolex ecstasy pills. Buy quality blue rolex ecstasy Pills online securely and embark on your research journey with confidence.\" \/>\n<meta name=\"robots\" content=\"index, follow, max-snippet:-1, max-image-preview:large, max-video-preview:-1\" \/>\n<link rel=\"canonical\" href=\"https:\/\/legitgrams.com\/pt\/produto\/comprimidos-de-ecstasy-rolex-azul-de-qualidade\/\" \/>\n<meta property=\"og:locale\" content=\"pt_PT\" \/>\n<meta property=\"og:type\" content=\"article\" \/>\n<meta property=\"og:title\" content=\"Buy Quality Blue Rolex Ecstasy Pills Online @ Best Price | LG\" \/>\n<meta property=\"og:description\" content=\"Explore our online store for quality blue rolex ecstasy pills for sale, offering high-quality blue rolex ecstasy pills. Buy quality blue rolex ecstasy Pills online securely and embark on your research journey with confidence.\" \/>\n<meta property=\"og:url\" content=\"https:\/\/legitgrams.com\/pt\/produto\/comprimidos-de-ecstasy-rolex-azul-de-qualidade\/\" \/>\n<meta property=\"og:site_name\" content=\"Legit Grams\" \/>\n<meta property=\"article:modified_time\" content=\"2025-04-02T18:37:40+00:00\" \/>\n<meta property=\"og:image\" content=\"https:\/\/legitgrams.com\/wp-content\/uploads\/2024\/09\/buy-quality-blue-rolex-ecstasy-pills-online.jpg\" \/>\n\t<meta property=\"og:image:width\" content=\"600\" \/>\n\t<meta property=\"og:image:height\" content=\"600\" \/>\n\t<meta property=\"og:image:type\" content=\"image\/jpeg\" \/>\n<meta name=\"twitter:card\" content=\"summary_large_image\" \/>\n<meta name=\"twitter:label1\" content=\"Tempo estimado de leitura\" \/>\n\t<meta name=\"twitter:data1\" content=\"2 minutos\" \/>\n<script type=\"application\/ld+json\" class=\"yoast-schema-graph\">{\"@context\":\"https:\/\/schema.org\",\"@graph\":[{\"@type\":\"WebPage\",\"@id\":\"https:\/\/legitgrams.com\/product\/quality-blue-rolex-ecstasy-pills\/\",\"url\":\"https:\/\/legitgrams.com\/product\/quality-blue-rolex-ecstasy-pills\/\",\"name\":\"Buy Quality Blue Rolex Ecstasy Pills Online @ Best Price | LG\",\"isPartOf\":{\"@id\":\"https:\/\/legitgrams.com\/#website\"},\"primaryImageOfPage\":{\"@id\":\"https:\/\/legitgrams.com\/product\/quality-blue-rolex-ecstasy-pills\/#primaryimage\"},\"image\":{\"@id\":\"https:\/\/legitgrams.com\/product\/quality-blue-rolex-ecstasy-pills\/#primaryimage\"},\"thumbnailUrl\":\"https:\/\/legitgrams.com\/wp-content\/uploads\/2024\/09\/buy-quality-blue-rolex-ecstasy-pills-online.jpg\",\"datePublished\":\"2024-09-22T08:23:22+00:00\",\"dateModified\":\"2025-04-02T18:37:40+00:00\",\"description\":\"Explore our online store for quality blue rolex ecstasy pills for sale, offering high-quality blue rolex ecstasy pills. Buy quality blue rolex ecstasy Pills online securely and embark on your research journey with confidence.\",\"breadcrumb\":{\"@id\":\"https:\/\/legitgrams.com\/product\/quality-blue-rolex-ecstasy-pills\/#breadcrumb\"},\"inLanguage\":\"pt-PT\",\"potentialAction\":[{\"@type\":\"ReadAction\",\"target\":[\"https:\/\/legitgrams.com\/product\/quality-blue-rolex-ecstasy-pills\/\"]}]},{\"@type\":\"ImageObject\",\"inLanguage\":\"pt-PT\",\"@id\":\"https:\/\/legitgrams.com\/product\/quality-blue-rolex-ecstasy-pills\/#primaryimage\",\"url\":\"https:\/\/legitgrams.com\/wp-content\/uploads\/2024\/09\/buy-quality-blue-rolex-ecstasy-pills-online.jpg\",\"contentUrl\":\"https:\/\/legitgrams.com\/wp-content\/uploads\/2024\/09\/buy-quality-blue-rolex-ecstasy-pills-online.jpg\",\"width\":600,\"height\":600,\"caption\":\"Quality Blue Rolex Ecstasy Pills for Sale\"},{\"@type\":\"BreadcrumbList\",\"@id\":\"https:\/\/legitgrams.com\/product\/quality-blue-rolex-ecstasy-pills\/#breadcrumb\",\"itemListElement\":[{\"@type\":\"ListItem\",\"position\":1,\"name\":\"Home\",\"item\":\"https:\/\/legitgrams.com\/\"},{\"@type\":\"ListItem\",\"position\":2,\"name\":\"Shop\",\"item\":\"https:\/\/legitgrams.com\/shop\/\"},{\"@type\":\"ListItem\",\"position\":3,\"name\":\"Buy Quality Blue Rolex Ecstasy pills Online\"}]},{\"@type\":\"WebSite\",\"@id\":\"https:\/\/legitgrams.com\/#website\",\"url\":\"https:\/\/legitgrams.com\/\",\"name\":\"Legit Grams\",\"description\":\"My WordPress Blog\",\"publisher\":{\"@id\":\"https:\/\/legitgrams.com\/#organization\"},\"potentialAction\":[{\"@type\":\"SearchAction\",\"target\":{\"@type\":\"EntryPoint\",\"urlTemplate\":\"https:\/\/legitgrams.com\/?s={search_term_string}\"},\"query-input\":{\"@type\":\"PropertyValueSpecification\",\"valueRequired\":true,\"valueName\":\"search_term_string\"}}],\"inLanguage\":\"pt-PT\"},{\"@type\":\"Organization\",\"@id\":\"https:\/\/legitgrams.com\/#organization\",\"name\":\"Legit Grams\",\"url\":\"https:\/\/legitgrams.com\/\",\"logo\":{\"@type\":\"ImageObject\",\"inLanguage\":\"pt-PT\",\"@id\":\"https:\/\/legitgrams.com\/#\/schema\/logo\/image\/\",\"url\":\"https:\/\/legitgrams.com\/wp-content\/uploads\/2024\/09\/main-logo.png\",\"contentUrl\":\"https:\/\/legitgrams.com\/wp-content\/uploads\/2024\/09\/main-logo.png\",\"width\":270,\"height\":75,\"caption\":\"Legit Grams\"},\"image\":{\"@id\":\"https:\/\/legitgrams.com\/#\/schema\/logo\/image\/\"}}]}<\/script>\n<!-- \/ Yoast SEO plugin. -->","yoast_head_json":{"title":"Compre p\u00edlulas de ecstasy Rolex Blue de qualidade online com o melhor pre\u00e7o | LG","description":"Explore a nossa loja online de comprimidos de ecstasy blue rolex de qualidade para venda, oferecendo comprimidos de ecstasy blue rolex de alta qualidade. Compre comprimidos de ecstasy blue rolex de qualidade online de forma segura e embarque na sua viagem de pesquisa com confian\u00e7a.","robots":{"index":"index","follow":"follow","max-snippet":"max-snippet:-1","max-image-preview":"max-image-preview:large","max-video-preview":"max-video-preview:-1"},"canonical":"https:\/\/legitgrams.com\/pt\/produto\/comprimidos-de-ecstasy-rolex-azul-de-qualidade\/","og_locale":"pt_PT","og_type":"article","og_title":"Buy Quality Blue Rolex Ecstasy Pills Online @ Best Price | LG","og_description":"Explore our online store for quality blue rolex ecstasy pills for sale, offering high-quality blue rolex ecstasy pills. Buy quality blue rolex ecstasy Pills online securely and embark on your research journey with confidence.","og_url":"https:\/\/legitgrams.com\/pt\/produto\/comprimidos-de-ecstasy-rolex-azul-de-qualidade\/","og_site_name":"Legit Grams","article_modified_time":"2025-04-02T18:37:40+00:00","og_image":[{"width":600,"height":600,"url":"https:\/\/legitgrams.com\/wp-content\/uploads\/2024\/09\/buy-quality-blue-rolex-ecstasy-pills-online.jpg","type":"image\/jpeg"}],"twitter_card":"summary_large_image","twitter_misc":{"Tempo estimado de leitura":"2 minutos"},"schema":{"@context":"https:\/\/schema.org","@graph":[{"@type":"WebPage","@id":"https:\/\/legitgrams.com\/product\/quality-blue-rolex-ecstasy-pills\/","url":"https:\/\/legitgrams.com\/product\/quality-blue-rolex-ecstasy-pills\/","name":"Compre p\u00edlulas de ecstasy Rolex Blue de qualidade online com o melhor pre\u00e7o | LG","isPartOf":{"@id":"https:\/\/legitgrams.com\/#website"},"primaryImageOfPage":{"@id":"https:\/\/legitgrams.com\/product\/quality-blue-rolex-ecstasy-pills\/#primaryimage"},"image":{"@id":"https:\/\/legitgrams.com\/product\/quality-blue-rolex-ecstasy-pills\/#primaryimage"},"thumbnailUrl":"https:\/\/legitgrams.com\/wp-content\/uploads\/2024\/09\/buy-quality-blue-rolex-ecstasy-pills-online.jpg","datePublished":"2024-09-22T08:23:22+00:00","dateModified":"2025-04-02T18:37:40+00:00","description":"Explore a nossa loja online de comprimidos de ecstasy blue rolex de qualidade para venda, oferecendo comprimidos de ecstasy blue rolex de alta qualidade. Compre comprimidos de ecstasy blue rolex de qualidade online de forma segura e embarque na sua viagem de pesquisa com confian\u00e7a.","breadcrumb":{"@id":"https:\/\/legitgrams.com\/product\/quality-blue-rolex-ecstasy-pills\/#breadcrumb"},"inLanguage":"pt-PT","potentialAction":[{"@type":"ReadAction","target":["https:\/\/legitgrams.com\/product\/quality-blue-rolex-ecstasy-pills\/"]}]},{"@type":"ImageObject","inLanguage":"pt-PT","@id":"https:\/\/legitgrams.com\/product\/quality-blue-rolex-ecstasy-pills\/#primaryimage","url":"https:\/\/legitgrams.com\/wp-content\/uploads\/2024\/09\/buy-quality-blue-rolex-ecstasy-pills-online.jpg","contentUrl":"https:\/\/legitgrams.com\/wp-content\/uploads\/2024\/09\/buy-quality-blue-rolex-ecstasy-pills-online.jpg","width":600,"height":600,"caption":"Quality Blue Rolex Ecstasy Pills for Sale"},{"@type":"BreadcrumbList","@id":"https:\/\/legitgrams.com\/product\/quality-blue-rolex-ecstasy-pills\/#breadcrumb","itemListElement":[{"@type":"ListItem","position":1,"name":"Home","item":"https:\/\/legitgrams.com\/"},{"@type":"ListItem","position":2,"name":"Shop","item":"https:\/\/legitgrams.com\/shop\/"},{"@type":"ListItem","position":3,"name":"Buy Quality Blue Rolex Ecstasy pills Online"}]},{"@type":"WebSite","@id":"https:\/\/legitgrams.com\/#website","url":"https:\/\/legitgrams.com\/","name":"Gramas leg\u00edtimas","description":"O meu blogue WordPress","publisher":{"@id":"https:\/\/legitgrams.com\/#organization"},"potentialAction":[{"@type":"SearchAction","target":{"@type":"EntryPoint","urlTemplate":"https:\/\/legitgrams.com\/?s={search_term_string}"},"query-input":{"@type":"PropertyValueSpecification","valueRequired":true,"valueName":"search_term_string"}}],"inLanguage":"pt-PT"},{"@type":"Organization","@id":"https:\/\/legitgrams.com\/#organization","name":"Gramas leg\u00edtimas","url":"https:\/\/legitgrams.com\/","logo":{"@type":"ImageObject","inLanguage":"pt-PT","@id":"https:\/\/legitgrams.com\/#\/schema\/logo\/image\/","url":"https:\/\/legitgrams.com\/wp-content\/uploads\/2024\/09\/main-logo.png","contentUrl":"https:\/\/legitgrams.com\/wp-content\/uploads\/2024\/09\/main-logo.png","width":270,"height":75,"caption":"Legit Grams"},"image":{"@id":"https:\/\/legitgrams.com\/#\/schema\/logo\/image\/"}}]}},"uagb_featured_image_src":{"full":["https:\/\/legitgrams.com\/wp-content\/uploads\/2024\/09\/buy-quality-blue-rolex-ecstasy-pills-online.jpg",600,600,false],"thumbnail":["https:\/\/legitgrams.com\/wp-content\/uploads\/2024\/09\/buy-quality-blue-rolex-ecstasy-pills-online-150x150.jpg",150,150,true],"medium":["https:\/\/legitgrams.com\/wp-content\/uploads\/2024\/09\/buy-quality-blue-rolex-ecstasy-pills-online-300x300.jpg",300,300,true],"medium_large":["https:\/\/legitgrams.com\/wp-content\/uploads\/2024\/09\/buy-quality-blue-rolex-ecstasy-pills-online.jpg",600,600,false],"large":["https:\/\/legitgrams.com\/wp-content\/uploads\/2024\/09\/buy-quality-blue-rolex-ecstasy-pills-online.jpg",600,600,false],"1536x1536":["https:\/\/legitgrams.com\/wp-content\/uploads\/2024\/09\/buy-quality-blue-rolex-ecstasy-pills-online.jpg",600,600,false],"2048x2048":["https:\/\/legitgrams.com\/wp-content\/uploads\/2024\/09\/buy-quality-blue-rolex-ecstasy-pills-online.jpg",600,600,false],"trp-custom-language-flag":["https:\/\/legitgrams.com\/wp-content\/uploads\/2024\/09\/buy-quality-blue-rolex-ecstasy-pills-online-12x12.jpg",12,12,true],"woocommerce_thumbnail":["https:\/\/legitgrams.com\/wp-content\/uploads\/2024\/09\/buy-quality-blue-rolex-ecstasy-pills-online-300x300.jpg",300,300,true],"woocommerce_single":["https:\/\/legitgrams.com\/wp-content\/uploads\/2024\/09\/buy-quality-blue-rolex-ecstasy-pills-online.jpg",600,600,false],"woocommerce_gallery_thumbnail":["https:\/\/legitgrams.com\/wp-content\/uploads\/2024\/09\/buy-quality-blue-rolex-ecstasy-pills-online-100x100.jpg",100,100,true]},"uagb_author_info":{"display_name":"cokeblog18","author_link":"https:\/\/legitgrams.com\/pt\/author\/"},"uagb_comment_info":0,"uagb_excerpt":"Online Purchase of High-Quality Blue Rolex Ecstasy Pills Ecstasy was first created by the Merck drug relationship in 1912. It was given the name &#8220;MDMA&#8221; because to its distinct structure. In 1953, the US Armed Forces employed it for the first time in mental engagement tests. In the 1960s, it was utilized once more for&hellip;","_links":{"self":[{"href":"https:\/\/legitgrams.com\/pt\/wp-json\/wp\/v2\/product\/4277","targetHints":{"allow":["GET"]}}],"collection":[{"href":"https:\/\/legitgrams.com\/pt\/wp-json\/wp\/v2\/product"}],"about":[{"href":"https:\/\/legitgrams.com\/pt\/wp-json\/wp\/v2\/types\/product"}],"replies":[{"embeddable":true,"href":"https:\/\/legitgrams.com\/pt\/wp-json\/wp\/v2\/comments?post=4277"}],"wp:featuredmedia":[{"embeddable":true,"href":"https:\/\/legitgrams.com\/pt\/wp-json\/wp\/v2\/media\/5198"}],"wp:attachment":[{"href":"https:\/\/legitgrams.com\/pt\/wp-json\/wp\/v2\/media?parent=4277"}],"wp:term":[{"taxonomy":"product_brand","embeddable":true,"href":"https:\/\/legitgrams.com\/pt\/wp-json\/wp\/v2\/product_brand?post=4277"},{"taxonomy":"product_cat","embeddable":true,"href":"https:\/\/legitgrams.com\/pt\/wp-json\/wp\/v2\/product_cat?post=4277"},{"taxonomy":"product_tag","embeddable":true,"href":"https:\/\/legitgrams.com\/pt\/wp-json\/wp\/v2\/product_tag?post=4277"}],"curies":[{"name":"wp","href":"https:\/\/api.w.org\/{rel}","templated":true}]}}