{"id":4281,"date":"2024-09-22T08:38:03","date_gmt":"2024-09-22T08:38:03","guid":{"rendered":"https:\/\/legitgrams.com\/?post_type=product&#038;p=4281"},"modified":"2025-01-14T05:18:45","modified_gmt":"2025-01-14T05:18:45","slug":"comprimidos-de-ecstasy-green-star","status":"publish","type":"product","link":"https:\/\/legitgrams.com\/pt\/produto\/comprimidos-de-ecstasy-green-star\/","title":{"rendered":"Green Star Ecstasy Pills"},"content":{"rendered":"<h2>Compra online de p\u00edlulas de ecstasy Green Star<\/h2>\n<p>Em 1912,s <a href=\"https:\/\/legitgrams.com\/pt\/produto\/comprimidos-de-ecstasy-green-star\/\">Luz verde Ecstacy\u00a0\u00a0<\/a> foi introduzido pela primeira vez pela colabora\u00e7\u00e3o farmac\u00eautica da Merck. Recebeu o nome de \u201cMDMA\u201d devido \u00e0 sua estrutura distinta. Em 1953, as For\u00e7as Armadas dos Estados Unidos o empregaram pela primeira vez em exerc\u00edcios de guerra mental. Na d\u00e9cada de 1960, foi mais uma vez prescrito como uma forma de \u201cdiminuir inibi\u00e7\u00f5es\u201d na psicoterapia.1. Foi somente na d\u00e9cada de 1970 que o MDMA foi usado como uma medicina social.<\/p>\n<p>Em meados da d\u00e9cada de 1980, o MDMA estava sendo comercializado como \"a coisa mais borbulhante no m\u00e9todo com apar\u00eancia de divers\u00e3o por meio da ci\u00eancia\" e como o \"medicamento da moda\" para festas de longo prazo. Em 1984, o MDMA ainda era legal e vendido sob o nome de \"Delight\", mas em 1985, preocupa\u00e7\u00f5es com a seguran\u00e7a for\u00e7aram restri\u00e7\u00f5es \u00e0 distribui\u00e7\u00e3o da droga. <a href=\"https:\/\/en.wikipedia.org\/wiki\/Ecstasy\">\u00a0<\/a><a href=\"https:\/\/legitgrams.com\/pt\/\">LegitGrams<\/a><\/p>\n<p>A luz verde Para aqueles com transtorno de estresse p\u00f3s-traum\u00e1tico (TEPT), o ecstasy pode ser vantajoso. Muitos pacientes lutam para se fazer falar sobre os eventos angustiantes que causaram seus problemas. Uma perspectiva \u00e9 que a alegria pode ajudar as pessoas a lidar com essas feridas.<\/p>\n<p>Apesar de n\u00e3o ser um investigador ou especialista no assunto, Doblin, 50, usou a droga frequentemente e em grandes quantidades, ent\u00e3o ele tem uma compreens\u00e3o geral dela. \u201cEla fez uma grande contribui\u00e7\u00e3o para minha vida\u201d, ele disse. Ele reconheceu ter espalhado a no\u00e7\u00e3o de que Rapture e drogas psicod\u00e9licas tiveram efeitos significativos na sa\u00fade mental ao longo dos anos.<\/p>\n<p>Caso voc\u00ea esteja procurando por uma empresa que possa lhe oferecer os melhores produtos, voc\u00ea veio ao lugar certo. Voc\u00ea pode selecionar as melhores op\u00e7\u00f5es em nossa funda\u00e7\u00e3o devido \u00e0 alta qualidade de nossos itens, o que nos ajudar\u00e1 a ganhar sua confian\u00e7a e construir uma parceria sincera. Se voc\u00ea fizer seu pedido hoje, o Green Star Ecstasy ser\u00e1 entregue em sua casa nos pr\u00f3ximos cinco dias \u00fateis.<\/p>\n<p>Onde posso encontrar p\u00edlulas de Ecstasy Green Star online? Comprar <a href=\"https:\/\/en.wikipedia.org\/wiki\/Ecstasy\">Ecstasy<\/a> p\u00edlulas, compre p\u00edlulas de Ecstasy Green Star e compre Ecstasy Green Star online. Onde encontro p\u00edlulas de Ecstasy para venda online? Onde posso adquirir p\u00edlulas de Ecstasy Green Star nos EUA, Canad\u00e1 e Reino Unido? Onde posso compr\u00e1-las online? Quais s\u00e3o os fornecedores? Como posso obter entrega segura? ainda acess\u00edvel. Voc\u00ea pode descobrir se elas s\u00e3o legais no Canad\u00e1, onde obt\u00ea-las online e se s\u00e3o legais nos Estados Unidos.<\/p>\n<p>&nbsp;<\/p>\n<p><a href=\"https:\/\/en.wikipedia.org\/wiki\/Ecstasy\">\u00a0\u00a0<\/a><\/p>","protected":false},"excerpt":{"rendered":"<p>Online Green Star Ecstasy Pill Purchase In 1912, Green light Ecstacy\u00a0\u00a0 was first introduced by Merck&#8217;s pharmaceutical collaboration. It was given the name &#8220;MDMA&#8221; because to its distinct structure. In 1953, the United States Armed Forces employed it for the first time in mental warfare exercises. In the 1960s, it was once more prescribed as &hellip;<\/p>\n<p class=\"read-more\"> <a class=\"\" href=\"https:\/\/legitgrams.com\/pt\/produto\/comprimidos-de-ecstasy-green-star\/\"> <span class=\"screen-reader-text\">Green Star Ecstasy Pills<\/span> Ler mais \"<\/a><\/p>","protected":false},"featured_media":5196,"comment_status":"open","ping_status":"closed","template":"","meta":{"_uag_custom_page_level_css":"","site-sidebar-layout":"default","site-content-layout":"default","ast-global-header-display":"","ast-main-header-display":"","ast-hfb-above-header-display":"","ast-hfb-below-header-display":"","ast-hfb-mobile-header-display":"","site-post-title":"","ast-breadcrumbs-content":"","ast-featured-img":"","footer-sml-layout":"","theme-transparent-header-meta":"default","adv-header-id-meta":"","stick-header-meta":"default","header-above-stick-meta":"","header-main-stick-meta":"","header-below-stick-meta":"","_joinchat":[]},"product_brand":[],"product_cat":[596],"product_tag":[1131,1121,617,1113,1128,1112,1115,1116,1123,1114,1126,1133,1134,1132,1124,1129,1125,1120,1118,1130,1127,625,1119,1122,1117],"class_list":{"0":"post-4281","1":"product","2":"type-product","3":"status-publish","4":"has-post-thumbnail","6":"product_cat-ecstasy-pills-mdma","7":"product_tag-best-cheap-price-green-star-ecstasy-pills","8":"product_tag-best-place-to-buy-green-star-ecstasy-pills","9":"product_tag-bulk-online","10":"product_tag-buy-green-star-ecstasy-pills","11":"product_tag-cheap-green-star-ecstasy-pills","12":"product_tag-green-star-ecstasy-pills","13":"product_tag-green-star-ecstasy-pills-for-sale","14":"product_tag-green-star-ecstasy-pills-green-star-ecstasy-pills-supplier","15":"product_tag-green-star-ecstasy-pills-legally","16":"product_tag-green-star-ecstasy-pills-online","17":"product_tag-green-star-ecstasy-pills-store","18":"product_tag-green-star-ecstasy-pills-use","19":"product_tag-green-star-ecstasy-pills-wiki","20":"product_tag-green-star-ecstasy-pills-worldwide","21":"product_tag-green-star-ecstasy-pillsprice","22":"product_tag-green-star-ecstasy-pillss","23":"product_tag-high-quality-green-star-ecstasy-pills","24":"product_tag-how-to-buy-green-star-ecstasy-pills","25":"product_tag-order-green-star-ecstasy-pills","26":"product_tag-purcharse-green-star-ecstasy-pills","27":"product_tag-shop-green-star-ecstasy-pills","28":"product_tag-top-quality","29":"product_tag-where-to-buy-green-star-ecstasy-pills","30":"product_tag-where-to-order-green-star-ecstasy-pills","31":"product_tag-wholesale-green-star-ecstasy-pills","32":"desktop-align-left","33":"tablet-align-left","34":"mobile-align-left","35":"ast-product-gallery-layout-horizontal","36":"ast-product-gallery-with-no-image","37":"ast-product-single-variable","38":"ast-product-tabs-layout-horizontal","39":"ast-qv-on-image","41":"first","42":"instock","43":"featured","44":"shipping-taxable","45":"purchasable","46":"product-type-variable"},"yoast_head":"<!-- This site is optimized with the Yoast SEO plugin v25.9 - https:\/\/yoast.com\/wordpress\/plugins\/seo\/ -->\n<title>Green Star Ecstasy Pills for Sale - Order Green Star Ecstasy Pills<\/title>\n<meta name=\"description\" content=\"You can buy green star ecstasy pills online at the best prices from our online store. We have cheap and high-quality green star ecstasy pills for sale and providing worldwide delivery. You can order from anytime, anywhere.\" \/>\n<meta name=\"robots\" content=\"index, follow, max-snippet:-1, max-image-preview:large, max-video-preview:-1\" \/>\n<link rel=\"canonical\" href=\"https:\/\/legitgrams.com\/pt\/produto\/comprimidos-de-ecstasy-green-star\/\" \/>\n<meta property=\"og:locale\" content=\"pt_PT\" \/>\n<meta property=\"og:type\" content=\"article\" \/>\n<meta property=\"og:title\" content=\"Green Star Ecstasy Pills for Sale - Order Green Star Ecstasy Pills\" \/>\n<meta property=\"og:description\" content=\"You can buy green star ecstasy pills online at the best prices from our online store. We have cheap and high-quality green star ecstasy pills for sale and providing worldwide delivery. You can order from anytime, anywhere.\" \/>\n<meta property=\"og:url\" content=\"https:\/\/legitgrams.com\/pt\/produto\/comprimidos-de-ecstasy-green-star\/\" \/>\n<meta property=\"og:site_name\" content=\"Legit Grams\" \/>\n<meta property=\"article:modified_time\" content=\"2025-01-14T05:18:45+00:00\" \/>\n<meta property=\"og:image\" content=\"https:\/\/legitgrams.com\/wp-content\/uploads\/2024\/09\/buy-green-star-ecstasy-pills-online.jpg\" \/>\n\t<meta property=\"og:image:width\" content=\"600\" \/>\n\t<meta property=\"og:image:height\" content=\"600\" \/>\n\t<meta property=\"og:image:type\" content=\"image\/jpeg\" \/>\n<meta name=\"twitter:card\" content=\"summary_large_image\" \/>\n<meta name=\"twitter:label1\" content=\"Tempo estimado de leitura\" \/>\n\t<meta name=\"twitter:data1\" content=\"2 minutos\" \/>\n<script type=\"application\/ld+json\" class=\"yoast-schema-graph\">{\"@context\":\"https:\/\/schema.org\",\"@graph\":[{\"@type\":\"WebPage\",\"@id\":\"https:\/\/legitgrams.com\/product\/green-star-ecstasy-pills\/\",\"url\":\"https:\/\/legitgrams.com\/product\/green-star-ecstasy-pills\/\",\"name\":\"Green Star Ecstasy Pills for Sale - Order Green Star Ecstasy Pills\",\"isPartOf\":{\"@id\":\"https:\/\/legitgrams.com\/#website\"},\"primaryImageOfPage\":{\"@id\":\"https:\/\/legitgrams.com\/product\/green-star-ecstasy-pills\/#primaryimage\"},\"image\":{\"@id\":\"https:\/\/legitgrams.com\/product\/green-star-ecstasy-pills\/#primaryimage\"},\"thumbnailUrl\":\"https:\/\/legitgrams.com\/wp-content\/uploads\/2024\/09\/buy-green-star-ecstasy-pills-online.jpg\",\"datePublished\":\"2024-09-22T08:38:03+00:00\",\"dateModified\":\"2025-01-14T05:18:45+00:00\",\"description\":\"You can buy green star ecstasy pills online at the best prices from our online store. We have cheap and high-quality green star ecstasy pills for sale and providing worldwide delivery. You can order from anytime, anywhere.\",\"breadcrumb\":{\"@id\":\"https:\/\/legitgrams.com\/product\/green-star-ecstasy-pills\/#breadcrumb\"},\"inLanguage\":\"pt-PT\",\"potentialAction\":[{\"@type\":\"ReadAction\",\"target\":[\"https:\/\/legitgrams.com\/product\/green-star-ecstasy-pills\/\"]}]},{\"@type\":\"ImageObject\",\"inLanguage\":\"pt-PT\",\"@id\":\"https:\/\/legitgrams.com\/product\/green-star-ecstasy-pills\/#primaryimage\",\"url\":\"https:\/\/legitgrams.com\/wp-content\/uploads\/2024\/09\/buy-green-star-ecstasy-pills-online.jpg\",\"contentUrl\":\"https:\/\/legitgrams.com\/wp-content\/uploads\/2024\/09\/buy-green-star-ecstasy-pills-online.jpg\",\"width\":600,\"height\":600,\"caption\":\"Green Star Ecstasy Pills for Sale\"},{\"@type\":\"BreadcrumbList\",\"@id\":\"https:\/\/legitgrams.com\/product\/green-star-ecstasy-pills\/#breadcrumb\",\"itemListElement\":[{\"@type\":\"ListItem\",\"position\":1,\"name\":\"Home\",\"item\":\"https:\/\/legitgrams.com\/\"},{\"@type\":\"ListItem\",\"position\":2,\"name\":\"Shop\",\"item\":\"https:\/\/legitgrams.com\/shop\/\"},{\"@type\":\"ListItem\",\"position\":3,\"name\":\"Green Star Ecstasy Pills\"}]},{\"@type\":\"WebSite\",\"@id\":\"https:\/\/legitgrams.com\/#website\",\"url\":\"https:\/\/legitgrams.com\/\",\"name\":\"Legit Grams\",\"description\":\"My WordPress Blog\",\"publisher\":{\"@id\":\"https:\/\/legitgrams.com\/#organization\"},\"potentialAction\":[{\"@type\":\"SearchAction\",\"target\":{\"@type\":\"EntryPoint\",\"urlTemplate\":\"https:\/\/legitgrams.com\/?s={search_term_string}\"},\"query-input\":{\"@type\":\"PropertyValueSpecification\",\"valueRequired\":true,\"valueName\":\"search_term_string\"}}],\"inLanguage\":\"pt-PT\"},{\"@type\":\"Organization\",\"@id\":\"https:\/\/legitgrams.com\/#organization\",\"name\":\"Legit Grams\",\"url\":\"https:\/\/legitgrams.com\/\",\"logo\":{\"@type\":\"ImageObject\",\"inLanguage\":\"pt-PT\",\"@id\":\"https:\/\/legitgrams.com\/#\/schema\/logo\/image\/\",\"url\":\"https:\/\/legitgrams.com\/wp-content\/uploads\/2024\/09\/main-logo.png\",\"contentUrl\":\"https:\/\/legitgrams.com\/wp-content\/uploads\/2024\/09\/main-logo.png\",\"width\":270,\"height\":75,\"caption\":\"Legit Grams\"},\"image\":{\"@id\":\"https:\/\/legitgrams.com\/#\/schema\/logo\/image\/\"}}]}<\/script>\n<!-- \/ Yoast SEO plugin. -->","yoast_head_json":{"title":"P\u00edlulas de ecstasy Green Star para venda - Pe\u00e7a p\u00edlulas de ecstasy Green Star","description":"Voc\u00ea pode comprar p\u00edlulas de ecstasy green star online com os melhores pre\u00e7os em nossa loja online. Temos p\u00edlulas de ecstasy green star baratas e de alta qualidade para venda e fornecemos entrega em todo o mundo. Voc\u00ea pode pedir a qualquer hora, em qualquer lugar.","robots":{"index":"index","follow":"follow","max-snippet":"max-snippet:-1","max-image-preview":"max-image-preview:large","max-video-preview":"max-video-preview:-1"},"canonical":"https:\/\/legitgrams.com\/pt\/produto\/comprimidos-de-ecstasy-green-star\/","og_locale":"pt_PT","og_type":"article","og_title":"Green Star Ecstasy Pills for Sale - Order Green Star Ecstasy Pills","og_description":"You can buy green star ecstasy pills online at the best prices from our online store. We have cheap and high-quality green star ecstasy pills for sale and providing worldwide delivery. You can order from anytime, anywhere.","og_url":"https:\/\/legitgrams.com\/pt\/produto\/comprimidos-de-ecstasy-green-star\/","og_site_name":"Legit Grams","article_modified_time":"2025-01-14T05:18:45+00:00","og_image":[{"width":600,"height":600,"url":"https:\/\/legitgrams.com\/wp-content\/uploads\/2024\/09\/buy-green-star-ecstasy-pills-online.jpg","type":"image\/jpeg"}],"twitter_card":"summary_large_image","twitter_misc":{"Tempo estimado de leitura":"2 minutos"},"schema":{"@context":"https:\/\/schema.org","@graph":[{"@type":"WebPage","@id":"https:\/\/legitgrams.com\/product\/green-star-ecstasy-pills\/","url":"https:\/\/legitgrams.com\/product\/green-star-ecstasy-pills\/","name":"P\u00edlulas de ecstasy Green Star para venda - Pe\u00e7a p\u00edlulas de ecstasy Green Star","isPartOf":{"@id":"https:\/\/legitgrams.com\/#website"},"primaryImageOfPage":{"@id":"https:\/\/legitgrams.com\/product\/green-star-ecstasy-pills\/#primaryimage"},"image":{"@id":"https:\/\/legitgrams.com\/product\/green-star-ecstasy-pills\/#primaryimage"},"thumbnailUrl":"https:\/\/legitgrams.com\/wp-content\/uploads\/2024\/09\/buy-green-star-ecstasy-pills-online.jpg","datePublished":"2024-09-22T08:38:03+00:00","dateModified":"2025-01-14T05:18:45+00:00","description":"Voc\u00ea pode comprar p\u00edlulas de ecstasy green star online com os melhores pre\u00e7os em nossa loja online. Temos p\u00edlulas de ecstasy green star baratas e de alta qualidade para venda e fornecemos entrega em todo o mundo. Voc\u00ea pode pedir a qualquer hora, em qualquer lugar.","breadcrumb":{"@id":"https:\/\/legitgrams.com\/product\/green-star-ecstasy-pills\/#breadcrumb"},"inLanguage":"pt-PT","potentialAction":[{"@type":"ReadAction","target":["https:\/\/legitgrams.com\/product\/green-star-ecstasy-pills\/"]}]},{"@type":"ImageObject","inLanguage":"pt-PT","@id":"https:\/\/legitgrams.com\/product\/green-star-ecstasy-pills\/#primaryimage","url":"https:\/\/legitgrams.com\/wp-content\/uploads\/2024\/09\/buy-green-star-ecstasy-pills-online.jpg","contentUrl":"https:\/\/legitgrams.com\/wp-content\/uploads\/2024\/09\/buy-green-star-ecstasy-pills-online.jpg","width":600,"height":600,"caption":"Green Star Ecstasy Pills for Sale"},{"@type":"BreadcrumbList","@id":"https:\/\/legitgrams.com\/product\/green-star-ecstasy-pills\/#breadcrumb","itemListElement":[{"@type":"ListItem","position":1,"name":"Home","item":"https:\/\/legitgrams.com\/"},{"@type":"ListItem","position":2,"name":"Shop","item":"https:\/\/legitgrams.com\/shop\/"},{"@type":"ListItem","position":3,"name":"Green Star Ecstasy Pills"}]},{"@type":"WebSite","@id":"https:\/\/legitgrams.com\/#website","url":"https:\/\/legitgrams.com\/","name":"Gramas leg\u00edtimas","description":"O meu blogue WordPress","publisher":{"@id":"https:\/\/legitgrams.com\/#organization"},"potentialAction":[{"@type":"SearchAction","target":{"@type":"EntryPoint","urlTemplate":"https:\/\/legitgrams.com\/?s={search_term_string}"},"query-input":{"@type":"PropertyValueSpecification","valueRequired":true,"valueName":"search_term_string"}}],"inLanguage":"pt-PT"},{"@type":"Organization","@id":"https:\/\/legitgrams.com\/#organization","name":"Gramas leg\u00edtimas","url":"https:\/\/legitgrams.com\/","logo":{"@type":"ImageObject","inLanguage":"pt-PT","@id":"https:\/\/legitgrams.com\/#\/schema\/logo\/image\/","url":"https:\/\/legitgrams.com\/wp-content\/uploads\/2024\/09\/main-logo.png","contentUrl":"https:\/\/legitgrams.com\/wp-content\/uploads\/2024\/09\/main-logo.png","width":270,"height":75,"caption":"Legit Grams"},"image":{"@id":"https:\/\/legitgrams.com\/#\/schema\/logo\/image\/"}}]}},"uagb_featured_image_src":{"full":["https:\/\/legitgrams.com\/wp-content\/uploads\/2024\/09\/buy-green-star-ecstasy-pills-online.jpg",600,600,false],"thumbnail":["https:\/\/legitgrams.com\/wp-content\/uploads\/2024\/09\/buy-green-star-ecstasy-pills-online-150x150.jpg",150,150,true],"medium":["https:\/\/legitgrams.com\/wp-content\/uploads\/2024\/09\/buy-green-star-ecstasy-pills-online-300x300.jpg",300,300,true],"medium_large":["https:\/\/legitgrams.com\/wp-content\/uploads\/2024\/09\/buy-green-star-ecstasy-pills-online.jpg",600,600,false],"large":["https:\/\/legitgrams.com\/wp-content\/uploads\/2024\/09\/buy-green-star-ecstasy-pills-online.jpg",600,600,false],"1536x1536":["https:\/\/legitgrams.com\/wp-content\/uploads\/2024\/09\/buy-green-star-ecstasy-pills-online.jpg",600,600,false],"2048x2048":["https:\/\/legitgrams.com\/wp-content\/uploads\/2024\/09\/buy-green-star-ecstasy-pills-online.jpg",600,600,false],"trp-custom-language-flag":["https:\/\/legitgrams.com\/wp-content\/uploads\/2024\/09\/buy-green-star-ecstasy-pills-online-12x12.jpg",12,12,true],"woocommerce_thumbnail":["https:\/\/legitgrams.com\/wp-content\/uploads\/2024\/09\/buy-green-star-ecstasy-pills-online-300x300.jpg",300,300,true],"woocommerce_single":["https:\/\/legitgrams.com\/wp-content\/uploads\/2024\/09\/buy-green-star-ecstasy-pills-online.jpg",600,600,false],"woocommerce_gallery_thumbnail":["https:\/\/legitgrams.com\/wp-content\/uploads\/2024\/09\/buy-green-star-ecstasy-pills-online-100x100.jpg",100,100,true]},"uagb_author_info":{"display_name":"cokeblog18","author_link":"https:\/\/legitgrams.com\/pt\/author\/"},"uagb_comment_info":0,"uagb_excerpt":"Online Green Star Ecstasy Pill Purchase In 1912, Green light Ecstacy\u00a0\u00a0 was first introduced by Merck&#8217;s pharmaceutical collaboration. It was given the name &#8220;MDMA&#8221; because to its distinct structure. In 1953, the United States Armed Forces employed it for the first time in mental warfare exercises. In the 1960s, it was once more prescribed as&hellip;","_links":{"self":[{"href":"https:\/\/legitgrams.com\/pt\/wp-json\/wp\/v2\/product\/4281","targetHints":{"allow":["GET"]}}],"collection":[{"href":"https:\/\/legitgrams.com\/pt\/wp-json\/wp\/v2\/product"}],"about":[{"href":"https:\/\/legitgrams.com\/pt\/wp-json\/wp\/v2\/types\/product"}],"replies":[{"embeddable":true,"href":"https:\/\/legitgrams.com\/pt\/wp-json\/wp\/v2\/comments?post=4281"}],"wp:featuredmedia":[{"embeddable":true,"href":"https:\/\/legitgrams.com\/pt\/wp-json\/wp\/v2\/media\/5196"}],"wp:attachment":[{"href":"https:\/\/legitgrams.com\/pt\/wp-json\/wp\/v2\/media?parent=4281"}],"wp:term":[{"taxonomy":"product_brand","embeddable":true,"href":"https:\/\/legitgrams.com\/pt\/wp-json\/wp\/v2\/product_brand?post=4281"},{"taxonomy":"product_cat","embeddable":true,"href":"https:\/\/legitgrams.com\/pt\/wp-json\/wp\/v2\/product_cat?post=4281"},{"taxonomy":"product_tag","embeddable":true,"href":"https:\/\/legitgrams.com\/pt\/wp-json\/wp\/v2\/product_tag?post=4281"}],"curies":[{"name":"wp","href":"https:\/\/api.w.org\/{rel}","templated":true}]}}