{"id":4289,"date":"2024-09-22T09:34:18","date_gmt":"2024-09-22T09:34:18","guid":{"rendered":"https:\/\/legitgrams.com\/?post_type=product&#038;p=4289"},"modified":"2026-02-28T13:39:53","modified_gmt":"2026-02-28T13:39:53","slug":"golden-flugels-250mg-ecstasy-pills","status":"publish","type":"product","link":"https:\/\/legitgrams.com\/pt\/produto\/golden-flugels-250mg-ecstasy-pills\/","title":{"rendered":"Comprar golden flugels 250mg ecstasy pills online"},"content":{"rendered":"<h2>Purchase 250 mg Golden Flewels ecstasy pills online<\/h2>\n<h3>Euforia: O que \u00e9?<\/h3>\n<p>A subst\u00e2ncia psicoativa sint\u00e9tica ecstasy (MDMA, 3,4 metilenodioximetanfetamina) compartilha similaridades qu\u00edmicas com o estimulante metanfetamina e o alucin\u00f3geno mescalina. Distor\u00e7\u00f5es temporais e perceptivas, um aumento no prazer de est\u00edmulos t\u00e1teis e um impacto estimulante s\u00e3o todos causados \u200b\u200bpelas qualidades psicod\u00e9licas e estimulantes dessa subst\u00e2ncia ilegal.<\/p>\n<p>Os varejistas online vendem p\u00edlulas de ecstasy, como <a href=\"https:\/\/legitgrams.com\/pt\/produto\/golden-flugels-250mg-ecstasy-pills\/\">Flugels dourados 250mg<\/a>. Para ecstasy, pegue 250 mg de flugels dourados. Onde posso encontrar 250 mg de flugels dourados online? P\u00edlulas de ecstasy: onde comprar p\u00edlulas de ecstasy online, fornecedores, entrega segura, flugels dourados 250mg e como comprar p\u00edlulas de ecstasy online Venda de p\u00edlulas de ecstasy Golden <a href=\"https:\/\/en.wikipedia.org\/wiki\/Flgel\">Flugels<\/a> Os comprimidos de ecstasy de 250 mg ainda est\u00e3o dispon\u00edveis, bem como detalhes sobre sua legalidade nos EUA, sua disponibilidade na internet, seus m\u00e9todos de aquisi\u00e7\u00e3o e sua legalidade no Canad\u00e1. <a href=\"https:\/\/legitgrams.com\/pt\/\">LegitGrams<\/a><\/p>","protected":false},"excerpt":{"rendered":"<p>Purchase 250 mg Golden Flewels ecstasy pills online Euphoria: What is it? The synthetic psychoactive substance ecstasy (MDMA, 3,4 methylenedioxymethamphetamine) shares chemical similarities with the stimulant methamphetamine and the hallucinogen mescaline. Temporal and perceptional distortions, an increase in the enjoyment of tactile stimuli, and a stimulant impact are all caused by this illegal substance&#8217;s psychedelic &hellip;<\/p>\n<p class=\"read-more\"> <a class=\"\" href=\"https:\/\/legitgrams.com\/pt\/produto\/golden-flugels-250mg-ecstasy-pills\/\"> <span class=\"screen-reader-text\">Comprar golden flugels 250mg ecstasy pills online<\/span> Ler mais \"<\/a><\/p>","protected":false},"featured_media":5194,"comment_status":"open","ping_status":"closed","template":"","meta":{"_uag_custom_page_level_css":"","site-sidebar-layout":"default","site-content-layout":"default","ast-global-header-display":"","ast-main-header-display":"","ast-hfb-above-header-display":"","ast-hfb-below-header-display":"","ast-hfb-mobile-header-display":"","site-post-title":"","ast-breadcrumbs-content":"","ast-featured-img":"","footer-sml-layout":"","theme-transparent-header-meta":"default","adv-header-id-meta":"","stick-header-meta":"default","header-above-stick-meta":"","header-main-stick-meta":"","header-below-stick-meta":"","_joinchat":[]},"product_brand":[],"product_cat":[596],"product_tag":[1085,1075,617,1067,1082,1066,1069,1070,1077,1068,1080,1087,1088,1086,1078,1083,1079,1074,1072,1084,1081,625,1073,1076,1071],"class_list":{"0":"post-4289","1":"product","2":"type-product","3":"status-publish","4":"has-post-thumbnail","6":"product_cat-ecstasy-pills-mdma","7":"product_tag-best-cheap-price-golden-flugels-250mg-ecstasy-pills","8":"product_tag-best-place-to-buy-golden-flugels-250mg-ecstasy-pills","9":"product_tag-bulk-online","10":"product_tag-buy-golden-flugels-250mg-ecstasy-pills","11":"product_tag-cheap-golden-flugels-250mg-ecstasy-pills","12":"product_tag-golden-flugels-250mg-ecstasy-pills","13":"product_tag-golden-flugels-250mg-ecstasy-pills-for-sale","14":"product_tag-golden-flugels-250mg-ecstasy-pills-golden-flugels-250mg-ecstasy-pills-supplier","15":"product_tag-golden-flugels-250mg-ecstasy-pills-legally","16":"product_tag-golden-flugels-250mg-ecstasy-pills-online","17":"product_tag-golden-flugels-250mg-ecstasy-pills-store","18":"product_tag-golden-flugels-250mg-ecstasy-pills-use","19":"product_tag-golden-flugels-250mg-ecstasy-pills-wiki","20":"product_tag-golden-flugels-250mg-ecstasy-pills-worldwide","21":"product_tag-golden-flugels-250mg-ecstasy-pillsprice","22":"product_tag-golden-flugels-250mg-ecstasy-pillss","23":"product_tag-high-quality-golden-flugels-250mg-ecstasy-pills","24":"product_tag-how-to-buy-golden-flugels-250mg-ecstasy-pills","25":"product_tag-order-golden-flugels-250mg-ecstasy-pills","26":"product_tag-purcharse-golden-flugels-250mg-ecstasy-pills","27":"product_tag-shop-golden-flugels-250mg-ecstasy-pills","28":"product_tag-top-quality","29":"product_tag-where-to-buy-golden-flugels-250mg-ecstasy-pills","30":"product_tag-where-to-order-golden-flugels-250mg-ecstasy-pills","31":"product_tag-wholesale-golden-flugels-250mg-ecstasy-pills","32":"desktop-align-left","33":"tablet-align-left","34":"mobile-align-left","35":"ast-product-gallery-layout-horizontal","36":"ast-product-gallery-with-no-image","37":"ast-product-single-variable","38":"ast-product-tabs-layout-horizontal","39":"ast-qv-on-image","41":"first","42":"instock","43":"shipping-taxable","44":"purchasable","45":"product-type-variable"},"yoast_head":"<!-- This site is optimized with the Yoast SEO plugin v25.9 - https:\/\/yoast.com\/wordpress\/plugins\/seo\/ -->\n<title>Golden Flugels Pills for Sale - Buy Golden Flugels Pills Online<\/title>\n<meta name=\"description\" content=\"You can buy Golden Flugels Pills online at the best prices from our online store. We have cheap and high-quality Golden Flugels Pills for sale and provide worldwide delivery. You can order from anywhere, anytime.\" \/>\n<meta name=\"robots\" content=\"index, follow, max-snippet:-1, max-image-preview:large, max-video-preview:-1\" \/>\n<link rel=\"canonical\" href=\"https:\/\/legitgrams.com\/pt\/produto\/golden-flugels-250mg-ecstasy-pills\/\" \/>\n<meta property=\"og:locale\" content=\"pt_PT\" \/>\n<meta property=\"og:type\" content=\"article\" \/>\n<meta property=\"og:title\" content=\"Golden Flugels Pills for Sale - Buy Golden Flugels Pills Online\" \/>\n<meta property=\"og:description\" content=\"You can buy Golden Flugels Pills online at the best prices from our online store. We have cheap and high-quality Golden Flugels Pills for sale and provide worldwide delivery. You can order from anywhere, anytime.\" \/>\n<meta property=\"og:url\" content=\"https:\/\/legitgrams.com\/pt\/produto\/golden-flugels-250mg-ecstasy-pills\/\" \/>\n<meta property=\"og:site_name\" content=\"Legit Grams\" \/>\n<meta property=\"article:modified_time\" content=\"2026-02-28T13:39:53+00:00\" \/>\n<meta property=\"og:image\" content=\"https:\/\/legitgrams.com\/wp-content\/uploads\/2024\/09\/buy-golden-flugels-250mg-ecstasy-pills-online.jpg\" \/>\n\t<meta property=\"og:image:width\" content=\"600\" \/>\n\t<meta property=\"og:image:height\" content=\"600\" \/>\n\t<meta property=\"og:image:type\" content=\"image\/jpeg\" \/>\n<meta name=\"twitter:card\" content=\"summary_large_image\" \/>\n<meta name=\"twitter:label1\" content=\"Tempo estimado de leitura\" \/>\n\t<meta name=\"twitter:data1\" content=\"1 minuto\" \/>\n<script type=\"application\/ld+json\" class=\"yoast-schema-graph\">{\"@context\":\"https:\/\/schema.org\",\"@graph\":[{\"@type\":\"WebPage\",\"@id\":\"https:\/\/legitgrams.com\/product\/golden-flugels-250mg-ecstasy-pills\/\",\"url\":\"https:\/\/legitgrams.com\/product\/golden-flugels-250mg-ecstasy-pills\/\",\"name\":\"Golden Flugels Pills for Sale - Buy Golden Flugels Pills Online\",\"isPartOf\":{\"@id\":\"https:\/\/legitgrams.com\/#website\"},\"primaryImageOfPage\":{\"@id\":\"https:\/\/legitgrams.com\/product\/golden-flugels-250mg-ecstasy-pills\/#primaryimage\"},\"image\":{\"@id\":\"https:\/\/legitgrams.com\/product\/golden-flugels-250mg-ecstasy-pills\/#primaryimage\"},\"thumbnailUrl\":\"https:\/\/legitgrams.com\/wp-content\/uploads\/2024\/09\/buy-golden-flugels-250mg-ecstasy-pills-online.jpg\",\"datePublished\":\"2024-09-22T09:34:18+00:00\",\"dateModified\":\"2026-02-28T13:39:53+00:00\",\"description\":\"You can buy Golden Flugels Pills online at the best prices from our online store. We have cheap and high-quality Golden Flugels Pills for sale and provide worldwide delivery. You can order from anywhere, anytime.\",\"breadcrumb\":{\"@id\":\"https:\/\/legitgrams.com\/product\/golden-flugels-250mg-ecstasy-pills\/#breadcrumb\"},\"inLanguage\":\"pt-PT\",\"potentialAction\":[{\"@type\":\"ReadAction\",\"target\":[\"https:\/\/legitgrams.com\/product\/golden-flugels-250mg-ecstasy-pills\/\"]}]},{\"@type\":\"ImageObject\",\"inLanguage\":\"pt-PT\",\"@id\":\"https:\/\/legitgrams.com\/product\/golden-flugels-250mg-ecstasy-pills\/#primaryimage\",\"url\":\"https:\/\/legitgrams.com\/wp-content\/uploads\/2024\/09\/buy-golden-flugels-250mg-ecstasy-pills-online.jpg\",\"contentUrl\":\"https:\/\/legitgrams.com\/wp-content\/uploads\/2024\/09\/buy-golden-flugels-250mg-ecstasy-pills-online.jpg\",\"width\":600,\"height\":600,\"caption\":\"Golden Flugels Pills for Sale\"},{\"@type\":\"BreadcrumbList\",\"@id\":\"https:\/\/legitgrams.com\/product\/golden-flugels-250mg-ecstasy-pills\/#breadcrumb\",\"itemListElement\":[{\"@type\":\"ListItem\",\"position\":1,\"name\":\"Home\",\"item\":\"https:\/\/legitgrams.com\/\"},{\"@type\":\"ListItem\",\"position\":2,\"name\":\"Shop\",\"item\":\"https:\/\/legitgrams.com\/shop\/\"},{\"@type\":\"ListItem\",\"position\":3,\"name\":\"Buy golden flugels 250mg ecstasy pills online\"}]},{\"@type\":\"WebSite\",\"@id\":\"https:\/\/legitgrams.com\/#website\",\"url\":\"https:\/\/legitgrams.com\/\",\"name\":\"Legit Grams\",\"description\":\"My WordPress Blog\",\"publisher\":{\"@id\":\"https:\/\/legitgrams.com\/#organization\"},\"potentialAction\":[{\"@type\":\"SearchAction\",\"target\":{\"@type\":\"EntryPoint\",\"urlTemplate\":\"https:\/\/legitgrams.com\/?s={search_term_string}\"},\"query-input\":{\"@type\":\"PropertyValueSpecification\",\"valueRequired\":true,\"valueName\":\"search_term_string\"}}],\"inLanguage\":\"pt-PT\"},{\"@type\":\"Organization\",\"@id\":\"https:\/\/legitgrams.com\/#organization\",\"name\":\"Legit Grams\",\"url\":\"https:\/\/legitgrams.com\/\",\"logo\":{\"@type\":\"ImageObject\",\"inLanguage\":\"pt-PT\",\"@id\":\"https:\/\/legitgrams.com\/#\/schema\/logo\/image\/\",\"url\":\"https:\/\/legitgrams.com\/wp-content\/uploads\/2024\/09\/main-logo.png\",\"contentUrl\":\"https:\/\/legitgrams.com\/wp-content\/uploads\/2024\/09\/main-logo.png\",\"width\":270,\"height\":75,\"caption\":\"Legit Grams\"},\"image\":{\"@id\":\"https:\/\/legitgrams.com\/#\/schema\/logo\/image\/\"}}]}<\/script>\n<!-- \/ Yoast SEO plugin. -->","yoast_head_json":{"title":"Golden Flugels Pills para venda - Comprar Golden Flugels Pills Online","description":"Pode comprar Golden Flugels Pills online ao melhor pre\u00e7o na nossa loja online. Temos \u00e0 venda Golden Flugels Pills baratos e de alta qualidade e fornecemos entrega em todo o mundo. Pode encomendar a partir de qualquer lugar, a qualquer hora.","robots":{"index":"index","follow":"follow","max-snippet":"max-snippet:-1","max-image-preview":"max-image-preview:large","max-video-preview":"max-video-preview:-1"},"canonical":"https:\/\/legitgrams.com\/pt\/produto\/golden-flugels-250mg-ecstasy-pills\/","og_locale":"pt_PT","og_type":"article","og_title":"Golden Flugels Pills for Sale - Buy Golden Flugels Pills Online","og_description":"You can buy Golden Flugels Pills online at the best prices from our online store. We have cheap and high-quality Golden Flugels Pills for sale and provide worldwide delivery. You can order from anywhere, anytime.","og_url":"https:\/\/legitgrams.com\/pt\/produto\/golden-flugels-250mg-ecstasy-pills\/","og_site_name":"Legit Grams","article_modified_time":"2026-02-28T13:39:53+00:00","og_image":[{"width":600,"height":600,"url":"https:\/\/legitgrams.com\/wp-content\/uploads\/2024\/09\/buy-golden-flugels-250mg-ecstasy-pills-online.jpg","type":"image\/jpeg"}],"twitter_card":"summary_large_image","twitter_misc":{"Tempo estimado de leitura":"1 minuto"},"schema":{"@context":"https:\/\/schema.org","@graph":[{"@type":"WebPage","@id":"https:\/\/legitgrams.com\/product\/golden-flugels-250mg-ecstasy-pills\/","url":"https:\/\/legitgrams.com\/product\/golden-flugels-250mg-ecstasy-pills\/","name":"Golden Flugels Pills para venda - Comprar Golden Flugels Pills Online","isPartOf":{"@id":"https:\/\/legitgrams.com\/#website"},"primaryImageOfPage":{"@id":"https:\/\/legitgrams.com\/product\/golden-flugels-250mg-ecstasy-pills\/#primaryimage"},"image":{"@id":"https:\/\/legitgrams.com\/product\/golden-flugels-250mg-ecstasy-pills\/#primaryimage"},"thumbnailUrl":"https:\/\/legitgrams.com\/wp-content\/uploads\/2024\/09\/buy-golden-flugels-250mg-ecstasy-pills-online.jpg","datePublished":"2024-09-22T09:34:18+00:00","dateModified":"2026-02-28T13:39:53+00:00","description":"Pode comprar Golden Flugels Pills online ao melhor pre\u00e7o na nossa loja online. Temos \u00e0 venda Golden Flugels Pills baratos e de alta qualidade e fornecemos entrega em todo o mundo. Pode encomendar a partir de qualquer lugar, a qualquer hora.","breadcrumb":{"@id":"https:\/\/legitgrams.com\/product\/golden-flugels-250mg-ecstasy-pills\/#breadcrumb"},"inLanguage":"pt-PT","potentialAction":[{"@type":"ReadAction","target":["https:\/\/legitgrams.com\/product\/golden-flugels-250mg-ecstasy-pills\/"]}]},{"@type":"ImageObject","inLanguage":"pt-PT","@id":"https:\/\/legitgrams.com\/product\/golden-flugels-250mg-ecstasy-pills\/#primaryimage","url":"https:\/\/legitgrams.com\/wp-content\/uploads\/2024\/09\/buy-golden-flugels-250mg-ecstasy-pills-online.jpg","contentUrl":"https:\/\/legitgrams.com\/wp-content\/uploads\/2024\/09\/buy-golden-flugels-250mg-ecstasy-pills-online.jpg","width":600,"height":600,"caption":"Golden Flugels Pills for Sale"},{"@type":"BreadcrumbList","@id":"https:\/\/legitgrams.com\/product\/golden-flugels-250mg-ecstasy-pills\/#breadcrumb","itemListElement":[{"@type":"ListItem","position":1,"name":"Home","item":"https:\/\/legitgrams.com\/"},{"@type":"ListItem","position":2,"name":"Shop","item":"https:\/\/legitgrams.com\/shop\/"},{"@type":"ListItem","position":3,"name":"Buy golden flugels 250mg ecstasy pills online"}]},{"@type":"WebSite","@id":"https:\/\/legitgrams.com\/#website","url":"https:\/\/legitgrams.com\/","name":"Gramas leg\u00edtimas","description":"O meu blogue WordPress","publisher":{"@id":"https:\/\/legitgrams.com\/#organization"},"potentialAction":[{"@type":"SearchAction","target":{"@type":"EntryPoint","urlTemplate":"https:\/\/legitgrams.com\/?s={search_term_string}"},"query-input":{"@type":"PropertyValueSpecification","valueRequired":true,"valueName":"search_term_string"}}],"inLanguage":"pt-PT"},{"@type":"Organization","@id":"https:\/\/legitgrams.com\/#organization","name":"Gramas leg\u00edtimas","url":"https:\/\/legitgrams.com\/","logo":{"@type":"ImageObject","inLanguage":"pt-PT","@id":"https:\/\/legitgrams.com\/#\/schema\/logo\/image\/","url":"https:\/\/legitgrams.com\/wp-content\/uploads\/2024\/09\/main-logo.png","contentUrl":"https:\/\/legitgrams.com\/wp-content\/uploads\/2024\/09\/main-logo.png","width":270,"height":75,"caption":"Legit Grams"},"image":{"@id":"https:\/\/legitgrams.com\/#\/schema\/logo\/image\/"}}]}},"uagb_featured_image_src":{"full":["https:\/\/legitgrams.com\/wp-content\/uploads\/2024\/09\/buy-golden-flugels-250mg-ecstasy-pills-online.jpg",600,600,false],"thumbnail":["https:\/\/legitgrams.com\/wp-content\/uploads\/2024\/09\/buy-golden-flugels-250mg-ecstasy-pills-online-150x150.jpg",150,150,true],"medium":["https:\/\/legitgrams.com\/wp-content\/uploads\/2024\/09\/buy-golden-flugels-250mg-ecstasy-pills-online-300x300.jpg",300,300,true],"medium_large":["https:\/\/legitgrams.com\/wp-content\/uploads\/2024\/09\/buy-golden-flugels-250mg-ecstasy-pills-online.jpg",600,600,false],"large":["https:\/\/legitgrams.com\/wp-content\/uploads\/2024\/09\/buy-golden-flugels-250mg-ecstasy-pills-online.jpg",600,600,false],"1536x1536":["https:\/\/legitgrams.com\/wp-content\/uploads\/2024\/09\/buy-golden-flugels-250mg-ecstasy-pills-online.jpg",600,600,false],"2048x2048":["https:\/\/legitgrams.com\/wp-content\/uploads\/2024\/09\/buy-golden-flugels-250mg-ecstasy-pills-online.jpg",600,600,false],"trp-custom-language-flag":["https:\/\/legitgrams.com\/wp-content\/uploads\/2024\/09\/buy-golden-flugels-250mg-ecstasy-pills-online-12x12.jpg",12,12,true],"woocommerce_thumbnail":["https:\/\/legitgrams.com\/wp-content\/uploads\/2024\/09\/buy-golden-flugels-250mg-ecstasy-pills-online-300x300.jpg",300,300,true],"woocommerce_single":["https:\/\/legitgrams.com\/wp-content\/uploads\/2024\/09\/buy-golden-flugels-250mg-ecstasy-pills-online.jpg",600,600,false],"woocommerce_gallery_thumbnail":["https:\/\/legitgrams.com\/wp-content\/uploads\/2024\/09\/buy-golden-flugels-250mg-ecstasy-pills-online-100x100.jpg",100,100,true]},"uagb_author_info":{"display_name":"cokeblog18","author_link":"https:\/\/legitgrams.com\/pt\/author\/"},"uagb_comment_info":0,"uagb_excerpt":"Purchase 250 mg Golden Flewels ecstasy pills online Euphoria: What is it? The synthetic psychoactive substance ecstasy (MDMA, 3,4 methylenedioxymethamphetamine) shares chemical similarities with the stimulant methamphetamine and the hallucinogen mescaline. Temporal and perceptional distortions, an increase in the enjoyment of tactile stimuli, and a stimulant impact are all caused by this illegal substance&#8217;s psychedelic&hellip;","_links":{"self":[{"href":"https:\/\/legitgrams.com\/pt\/wp-json\/wp\/v2\/product\/4289","targetHints":{"allow":["GET"]}}],"collection":[{"href":"https:\/\/legitgrams.com\/pt\/wp-json\/wp\/v2\/product"}],"about":[{"href":"https:\/\/legitgrams.com\/pt\/wp-json\/wp\/v2\/types\/product"}],"replies":[{"embeddable":true,"href":"https:\/\/legitgrams.com\/pt\/wp-json\/wp\/v2\/comments?post=4289"}],"wp:featuredmedia":[{"embeddable":true,"href":"https:\/\/legitgrams.com\/pt\/wp-json\/wp\/v2\/media\/5194"}],"wp:attachment":[{"href":"https:\/\/legitgrams.com\/pt\/wp-json\/wp\/v2\/media?parent=4289"}],"wp:term":[{"taxonomy":"product_brand","embeddable":true,"href":"https:\/\/legitgrams.com\/pt\/wp-json\/wp\/v2\/product_brand?post=4289"},{"taxonomy":"product_cat","embeddable":true,"href":"https:\/\/legitgrams.com\/pt\/wp-json\/wp\/v2\/product_cat?post=4289"},{"taxonomy":"product_tag","embeddable":true,"href":"https:\/\/legitgrams.com\/pt\/wp-json\/wp\/v2\/product_tag?post=4289"}],"curies":[{"name":"wp","href":"https:\/\/api.w.org\/{rel}","templated":true}]}}