{"id":4294,"date":"2024-09-22T09:52:35","date_gmt":"2024-09-22T09:52:35","guid":{"rendered":"https:\/\/legitgrams.com\/?post_type=product&#038;p=4294"},"modified":"2026-02-28T13:44:25","modified_gmt":"2026-02-28T13:44:25","slug":"comprimidos-de-ecstasy-blue-dolphin","status":"publish","type":"product","link":"https:\/\/legitgrams.com\/pt\/produto\/comprimidos-de-ecstasy-blue-dolphin\/","title":{"rendered":"Compre p\u00edlulas de ecstasy Blue Dolphin online"},"content":{"rendered":"<h2>Compre p\u00edlulas de ecstasy Blue Dolphin online<\/h2>\n<p>O ecstasy foi criado pela primeira vez pela Merck Drug Relationship em 1912. Recebeu o nome de \u201cMDMA\u201d devido \u00e0 sua estrutura distinta. Em 1953, as For\u00e7as Armadas dos EUA o empregaram pela primeira vez em testes de engajamento mental. Na d\u00e9cada de 1960, foi utilizado mais uma vez por um per\u00edodo limitado de tempo como um m\u00e9todo terap\u00eautico para \u201cinibi\u00e7\u00f5es mais baixas\u201d.1. O MDMA n\u00e3o ganhou popularidade como uma droga de coleta at\u00e9 a d\u00e9cada de 1970.<\/p>\n<p>Em meados da d\u00e9cada de 1980, <a href=\"https:\/\/en.wikipedia.org\/wiki\/MDMA\">MDMA<\/a> O ecstasy foi criado pela primeira vez pela Merck Drug Relationship em 1912. Recebeu o nome de \u201cMDMA\u201d devido \u00e0 sua estrutura distinta. Em 1953, as For\u00e7as Armadas dos EUA o empregaram pela primeira vez em testes de engajamento mental. Na d\u00e9cada de 1960, foi utilizado mais uma vez por um per\u00edodo limitado de tempo como um m\u00e9todo terap\u00eautico para \u201cinibi\u00e7\u00f5es mais baixas\u201d.1. O MDMA n\u00e3o ganhou popularidade como uma droga de coleta at\u00e9 a d\u00e9cada de 1970.<\/p>\n<h3>O \u00caxtase do Golfinho Azul<\/h3>\n<p><a href=\"https:\/\/legitgrams.com\/pt\/produto\/comprimidos-de-ecstasy-blue-dolphin\/\">Doblin<\/a>, cinquenta, \u00e9 realmente despreparado, incapaz e desmonitorado; ele tem um alto n\u00edvel de responsabilidade relacionada a drogas devido ao seu uso severo de drogas. Suas palavras, \"Melhorou muito minha vida\", Ele aceitou recentemente a ideia de que Joy e outros estimulantes t\u00eam crit\u00e9rios fundamentais de sucesso.<\/p>\n<p>Se voc\u00ea est\u00e1 realmente procurando uma organiza\u00e7\u00e3o que pode lhe oferecer produtos da melhor qualidade, voc\u00ea est\u00e1 no lugar certo. Devido \u00e0 variedade de nossos produtos, voc\u00ea pode selecionar as melhores op\u00e7\u00f5es em nossa funda\u00e7\u00e3o para construir rapport e ganhar sua confian\u00e7a. Blue Dolphin Ecstasy ser\u00e1 entregue em sua casa em cinco dias \u00fateis se voc\u00ea inserir suas vendas hoje. Blue dolphin bliss<\/p>\n<p>O ecstasy foi criado pela primeira vez pela Merck Drug Relationship em 1912. Recebeu o nome de \u201cMDMA\u201d por causa de sua estrutura distinta. Em 1953, as For\u00e7as Armadas dos EUA o empregaram pela primeira vez em testes de engajamento mental. Na d\u00e9cada de 1960, foi brevemente empregado mais uma vez como uma t\u00e9cnica de psicoterapia para \u201creduzir inibi\u00e7\u00f5es\u201d.1 O MDMA n\u00e3o se tornou popular at\u00e9 a d\u00e9cada de 1970.<\/p>\n<h3>Um rem\u00e9dio muito apreciado para festas.<\/h3>\n<p>Em meados da d\u00e9cada de 1980, o MDMA estava sendo comercializado como \"a coisa mais espumante na t\u00e9cnica com a miss\u00e3o de agradar por meio da ci\u00eancia\" e como a \"solu\u00e7\u00e3o\" para festas que duravam. Embora o MDMA ainda fosse uma droga importante em 1984 e fosse vendido sob o nome de \"Joy\", preocupa\u00e7\u00f5es com a seguran\u00e7a limitaram sua distribui\u00e7\u00e3o em 1985. <a href=\"https:\/\/legitgrams.com\/pt\/\">LegitGrams<\/a><\/p>\n<p>Medicamentos derivados de golfinhos azuis, ecstasy de golfinhos azuis e medicamentos derivados de golfinhos azuis<\/p>\n<h3>Tonalidade azul Medidas: 295 mg<\/h3>\n<p>As p\u00edlulas de ecstasy Blue Dolphin est\u00e3o dispon\u00edveis para compra online. Nos Estados Unidos, Canad\u00e1, Reino Unido e outras na\u00e7\u00f5es, as p\u00edlulas de ecstasy Blue Dolphin s\u00e3o vendidas. Os fornecedores fornecem p\u00edlulas de ecstasy Blue Dolphin, que s\u00e3o entregues com seguran\u00e7a. As p\u00edlulas de ecstasy Blue Dolphin ainda est\u00e3o dispon\u00edveis. Al\u00e9m disso, voc\u00ea pode descobrir se elas s\u00e3o legais no Canad\u00e1, como encomend\u00e1-las e se s\u00e3o legais nos Estados Unidos.<\/p>","protected":false},"excerpt":{"rendered":"<p>Buy Blue Dolphin Ecstasy Pills Online Ecstasy was first created by the Merck drug relationship in 1912. It was given the name &#8220;MDMA&#8221; because to its distinct structure. In 1953, the US Armed Forces employed it for the first time in mental engagement tests. In the 1960s, it was utilized once more for a limited &hellip;<\/p>\n<p class=\"read-more\"> <a class=\"\" href=\"https:\/\/legitgrams.com\/pt\/produto\/comprimidos-de-ecstasy-blue-dolphin\/\"> <span class=\"screen-reader-text\">Compre p\u00edlulas de ecstasy Blue Dolphin online<\/span> Ler mais \"<\/a><\/p>","protected":false},"featured_media":5189,"comment_status":"open","ping_status":"closed","template":"","meta":{"_uag_custom_page_level_css":"","site-sidebar-layout":"default","site-content-layout":"default","ast-global-header-display":"","ast-main-header-display":"","ast-hfb-above-header-display":"","ast-hfb-below-header-display":"","ast-hfb-mobile-header-display":"","site-post-title":"","ast-breadcrumbs-content":"","ast-featured-img":"","footer-sml-layout":"","theme-transparent-header-meta":"default","adv-header-id-meta":"","stick-header-meta":"default","header-above-stick-meta":"","header-main-stick-meta":"","header-below-stick-meta":"","_joinchat":[]},"product_brand":[],"product_cat":[596],"product_tag":[993,983,974,978,977,985,976,988,995,996,994,986,991,617,975,990,987,982,980,992,989,625,981,984,979],"class_list":{"0":"post-4294","1":"product","2":"type-product","3":"status-publish","4":"has-post-thumbnail","6":"product_cat-ecstasy-pills-mdma","7":"product_tag-best-cheap-price-blue-dolphin-ecstasy-pills","8":"product_tag-best-place-to-buy-blue-dolphin-ecstasy-pills","9":"product_tag-blue-dolphin-ecstasy-pills","10":"product_tag-blue-dolphin-ecstasy-pills-blue-dolphin-ecstasy-pills-supplier","11":"product_tag-blue-dolphin-ecstasy-pills-for-sale","12":"product_tag-blue-dolphin-ecstasy-pills-legally","13":"product_tag-blue-dolphin-ecstasy-pills-online","14":"product_tag-blue-dolphin-ecstasy-pills-store","15":"product_tag-blue-dolphin-ecstasy-pills-use","16":"product_tag-blue-dolphin-ecstasy-pills-wiki","17":"product_tag-blue-dolphin-ecstasy-pills-worldwide","18":"product_tag-blue-dolphin-ecstasy-pillsprice","19":"product_tag-blue-dolphin-ecstasy-pillss","20":"product_tag-bulk-online","21":"product_tag-buy-blue-dolphin-ecstasy-pills","22":"product_tag-cheap-blue-dolphin-ecstasy-pills","23":"product_tag-high-quality-blue-dolphin-ecstasy-pills","24":"product_tag-how-to-buy-blue-dolphin-ecstasy-pills","25":"product_tag-order-blue-dolphin-ecstasy-pills","26":"product_tag-purcharse-blue-dolphin-ecstasy-pills","27":"product_tag-shop-blue-dolphin-ecstasy-pills","28":"product_tag-top-quality","29":"product_tag-where-to-buy-blue-dolphin-ecstasy-pills","30":"product_tag-where-to-order-blue-dolphin-ecstasy-pills","31":"product_tag-wholesale-blue-dolphin-ecstasy-pills","32":"desktop-align-left","33":"tablet-align-left","34":"mobile-align-left","35":"ast-product-gallery-layout-horizontal","36":"ast-product-gallery-with-no-image","37":"ast-product-single-variable","38":"ast-product-tabs-layout-horizontal","39":"ast-qv-on-image","41":"first","42":"instock","43":"shipping-taxable","44":"purchasable","45":"product-type-variable"},"yoast_head":"<!-- This site is optimized with the Yoast SEO plugin v25.9 - https:\/\/yoast.com\/wordpress\/plugins\/seo\/ -->\n<title>Blue Dolphin Ecstasy Pills for Sale Online - Order Blue Dolphin<\/title>\n<meta name=\"description\" content=\"Buy blue dolphin ecstasy pills online conveniently and securely, with a straightforward order process. Just place an order today for blue dolphin ecstasy pills for sale!\" \/>\n<meta name=\"robots\" content=\"index, follow, max-snippet:-1, max-image-preview:large, max-video-preview:-1\" \/>\n<link rel=\"canonical\" href=\"https:\/\/legitgrams.com\/pt\/produto\/comprimidos-de-ecstasy-blue-dolphin\/\" \/>\n<meta property=\"og:locale\" content=\"pt_PT\" \/>\n<meta property=\"og:type\" content=\"article\" \/>\n<meta property=\"og:title\" content=\"Blue Dolphin Ecstasy Pills for Sale Online - Order Blue Dolphin\" \/>\n<meta property=\"og:description\" content=\"Buy blue dolphin ecstasy pills online conveniently and securely, with a straightforward order process. Just place an order today for blue dolphin ecstasy pills for sale!\" \/>\n<meta property=\"og:url\" content=\"https:\/\/legitgrams.com\/pt\/produto\/comprimidos-de-ecstasy-blue-dolphin\/\" \/>\n<meta property=\"og:site_name\" content=\"Legit Grams\" \/>\n<meta property=\"article:modified_time\" content=\"2026-02-28T13:44:25+00:00\" \/>\n<meta property=\"og:image\" content=\"https:\/\/legitgrams.com\/wp-content\/uploads\/2024\/09\/buy-blue-dolphin-ecstasy-pills-online.jpg\" \/>\n\t<meta property=\"og:image:width\" content=\"600\" \/>\n\t<meta property=\"og:image:height\" content=\"600\" \/>\n\t<meta property=\"og:image:type\" content=\"image\/jpeg\" \/>\n<meta name=\"twitter:card\" content=\"summary_large_image\" \/>\n<meta name=\"twitter:label1\" content=\"Tempo estimado de leitura\" \/>\n\t<meta name=\"twitter:data1\" content=\"3 minutos\" \/>\n<script type=\"application\/ld+json\" class=\"yoast-schema-graph\">{\"@context\":\"https:\/\/schema.org\",\"@graph\":[{\"@type\":\"WebPage\",\"@id\":\"https:\/\/legitgrams.com\/product\/blue-dolphin-ecstasy-pills\/\",\"url\":\"https:\/\/legitgrams.com\/product\/blue-dolphin-ecstasy-pills\/\",\"name\":\"Blue Dolphin Ecstasy Pills for Sale Online - Order Blue Dolphin\",\"isPartOf\":{\"@id\":\"https:\/\/legitgrams.com\/#website\"},\"primaryImageOfPage\":{\"@id\":\"https:\/\/legitgrams.com\/product\/blue-dolphin-ecstasy-pills\/#primaryimage\"},\"image\":{\"@id\":\"https:\/\/legitgrams.com\/product\/blue-dolphin-ecstasy-pills\/#primaryimage\"},\"thumbnailUrl\":\"https:\/\/legitgrams.com\/wp-content\/uploads\/2024\/09\/buy-blue-dolphin-ecstasy-pills-online.jpg\",\"datePublished\":\"2024-09-22T09:52:35+00:00\",\"dateModified\":\"2026-02-28T13:44:25+00:00\",\"description\":\"Buy blue dolphin ecstasy pills online conveniently and securely, with a straightforward order process. Just place an order today for blue dolphin ecstasy pills for sale!\",\"breadcrumb\":{\"@id\":\"https:\/\/legitgrams.com\/product\/blue-dolphin-ecstasy-pills\/#breadcrumb\"},\"inLanguage\":\"pt-PT\",\"potentialAction\":[{\"@type\":\"ReadAction\",\"target\":[\"https:\/\/legitgrams.com\/product\/blue-dolphin-ecstasy-pills\/\"]}]},{\"@type\":\"ImageObject\",\"inLanguage\":\"pt-PT\",\"@id\":\"https:\/\/legitgrams.com\/product\/blue-dolphin-ecstasy-pills\/#primaryimage\",\"url\":\"https:\/\/legitgrams.com\/wp-content\/uploads\/2024\/09\/buy-blue-dolphin-ecstasy-pills-online.jpg\",\"contentUrl\":\"https:\/\/legitgrams.com\/wp-content\/uploads\/2024\/09\/buy-blue-dolphin-ecstasy-pills-online.jpg\",\"width\":600,\"height\":600,\"caption\":\"Blue Dolphin Ecstasy Pills for Sale\"},{\"@type\":\"BreadcrumbList\",\"@id\":\"https:\/\/legitgrams.com\/product\/blue-dolphin-ecstasy-pills\/#breadcrumb\",\"itemListElement\":[{\"@type\":\"ListItem\",\"position\":1,\"name\":\"Home\",\"item\":\"https:\/\/legitgrams.com\/\"},{\"@type\":\"ListItem\",\"position\":2,\"name\":\"Shop\",\"item\":\"https:\/\/legitgrams.com\/shop\/\"},{\"@type\":\"ListItem\",\"position\":3,\"name\":\"Buy Blue Dolphin Ecstasy Pills Online\"}]},{\"@type\":\"WebSite\",\"@id\":\"https:\/\/legitgrams.com\/#website\",\"url\":\"https:\/\/legitgrams.com\/\",\"name\":\"Legit Grams\",\"description\":\"My WordPress Blog\",\"publisher\":{\"@id\":\"https:\/\/legitgrams.com\/#organization\"},\"potentialAction\":[{\"@type\":\"SearchAction\",\"target\":{\"@type\":\"EntryPoint\",\"urlTemplate\":\"https:\/\/legitgrams.com\/?s={search_term_string}\"},\"query-input\":{\"@type\":\"PropertyValueSpecification\",\"valueRequired\":true,\"valueName\":\"search_term_string\"}}],\"inLanguage\":\"pt-PT\"},{\"@type\":\"Organization\",\"@id\":\"https:\/\/legitgrams.com\/#organization\",\"name\":\"Legit Grams\",\"url\":\"https:\/\/legitgrams.com\/\",\"logo\":{\"@type\":\"ImageObject\",\"inLanguage\":\"pt-PT\",\"@id\":\"https:\/\/legitgrams.com\/#\/schema\/logo\/image\/\",\"url\":\"https:\/\/legitgrams.com\/wp-content\/uploads\/2024\/09\/main-logo.png\",\"contentUrl\":\"https:\/\/legitgrams.com\/wp-content\/uploads\/2024\/09\/main-logo.png\",\"width\":270,\"height\":75,\"caption\":\"Legit Grams\"},\"image\":{\"@id\":\"https:\/\/legitgrams.com\/#\/schema\/logo\/image\/\"}}]}<\/script>\n<!-- \/ Yoast SEO plugin. -->","yoast_head_json":{"title":"Blue Dolphin Ecstasy Pills para venda online - Encomendar Blue Dolphin","description":"Compre comprimidos de ecstasy blue dolphin online de forma conveniente e segura, com um processo de encomenda simples. Basta fazer uma encomenda hoje de comprimidos de ecstasy blue dolphin para venda!","robots":{"index":"index","follow":"follow","max-snippet":"max-snippet:-1","max-image-preview":"max-image-preview:large","max-video-preview":"max-video-preview:-1"},"canonical":"https:\/\/legitgrams.com\/pt\/produto\/comprimidos-de-ecstasy-blue-dolphin\/","og_locale":"pt_PT","og_type":"article","og_title":"Blue Dolphin Ecstasy Pills for Sale Online - Order Blue Dolphin","og_description":"Buy blue dolphin ecstasy pills online conveniently and securely, with a straightforward order process. Just place an order today for blue dolphin ecstasy pills for sale!","og_url":"https:\/\/legitgrams.com\/pt\/produto\/comprimidos-de-ecstasy-blue-dolphin\/","og_site_name":"Legit Grams","article_modified_time":"2026-02-28T13:44:25+00:00","og_image":[{"width":600,"height":600,"url":"https:\/\/legitgrams.com\/wp-content\/uploads\/2024\/09\/buy-blue-dolphin-ecstasy-pills-online.jpg","type":"image\/jpeg"}],"twitter_card":"summary_large_image","twitter_misc":{"Tempo estimado de leitura":"3 minutos"},"schema":{"@context":"https:\/\/schema.org","@graph":[{"@type":"WebPage","@id":"https:\/\/legitgrams.com\/product\/blue-dolphin-ecstasy-pills\/","url":"https:\/\/legitgrams.com\/product\/blue-dolphin-ecstasy-pills\/","name":"Blue Dolphin Ecstasy Pills para venda online - Encomendar Blue Dolphin","isPartOf":{"@id":"https:\/\/legitgrams.com\/#website"},"primaryImageOfPage":{"@id":"https:\/\/legitgrams.com\/product\/blue-dolphin-ecstasy-pills\/#primaryimage"},"image":{"@id":"https:\/\/legitgrams.com\/product\/blue-dolphin-ecstasy-pills\/#primaryimage"},"thumbnailUrl":"https:\/\/legitgrams.com\/wp-content\/uploads\/2024\/09\/buy-blue-dolphin-ecstasy-pills-online.jpg","datePublished":"2024-09-22T09:52:35+00:00","dateModified":"2026-02-28T13:44:25+00:00","description":"Compre comprimidos de ecstasy blue dolphin online de forma conveniente e segura, com um processo de encomenda simples. Basta fazer uma encomenda hoje de comprimidos de ecstasy blue dolphin para venda!","breadcrumb":{"@id":"https:\/\/legitgrams.com\/product\/blue-dolphin-ecstasy-pills\/#breadcrumb"},"inLanguage":"pt-PT","potentialAction":[{"@type":"ReadAction","target":["https:\/\/legitgrams.com\/product\/blue-dolphin-ecstasy-pills\/"]}]},{"@type":"ImageObject","inLanguage":"pt-PT","@id":"https:\/\/legitgrams.com\/product\/blue-dolphin-ecstasy-pills\/#primaryimage","url":"https:\/\/legitgrams.com\/wp-content\/uploads\/2024\/09\/buy-blue-dolphin-ecstasy-pills-online.jpg","contentUrl":"https:\/\/legitgrams.com\/wp-content\/uploads\/2024\/09\/buy-blue-dolphin-ecstasy-pills-online.jpg","width":600,"height":600,"caption":"Blue Dolphin Ecstasy Pills for Sale"},{"@type":"BreadcrumbList","@id":"https:\/\/legitgrams.com\/product\/blue-dolphin-ecstasy-pills\/#breadcrumb","itemListElement":[{"@type":"ListItem","position":1,"name":"Home","item":"https:\/\/legitgrams.com\/"},{"@type":"ListItem","position":2,"name":"Shop","item":"https:\/\/legitgrams.com\/shop\/"},{"@type":"ListItem","position":3,"name":"Buy Blue Dolphin Ecstasy Pills Online"}]},{"@type":"WebSite","@id":"https:\/\/legitgrams.com\/#website","url":"https:\/\/legitgrams.com\/","name":"Gramas leg\u00edtimas","description":"O meu blogue WordPress","publisher":{"@id":"https:\/\/legitgrams.com\/#organization"},"potentialAction":[{"@type":"SearchAction","target":{"@type":"EntryPoint","urlTemplate":"https:\/\/legitgrams.com\/?s={search_term_string}"},"query-input":{"@type":"PropertyValueSpecification","valueRequired":true,"valueName":"search_term_string"}}],"inLanguage":"pt-PT"},{"@type":"Organization","@id":"https:\/\/legitgrams.com\/#organization","name":"Gramas leg\u00edtimas","url":"https:\/\/legitgrams.com\/","logo":{"@type":"ImageObject","inLanguage":"pt-PT","@id":"https:\/\/legitgrams.com\/#\/schema\/logo\/image\/","url":"https:\/\/legitgrams.com\/wp-content\/uploads\/2024\/09\/main-logo.png","contentUrl":"https:\/\/legitgrams.com\/wp-content\/uploads\/2024\/09\/main-logo.png","width":270,"height":75,"caption":"Legit Grams"},"image":{"@id":"https:\/\/legitgrams.com\/#\/schema\/logo\/image\/"}}]}},"uagb_featured_image_src":{"full":["https:\/\/legitgrams.com\/wp-content\/uploads\/2024\/09\/buy-blue-dolphin-ecstasy-pills-online.jpg",600,600,false],"thumbnail":["https:\/\/legitgrams.com\/wp-content\/uploads\/2024\/09\/buy-blue-dolphin-ecstasy-pills-online-150x150.jpg",150,150,true],"medium":["https:\/\/legitgrams.com\/wp-content\/uploads\/2024\/09\/buy-blue-dolphin-ecstasy-pills-online-300x300.jpg",300,300,true],"medium_large":["https:\/\/legitgrams.com\/wp-content\/uploads\/2024\/09\/buy-blue-dolphin-ecstasy-pills-online.jpg",600,600,false],"large":["https:\/\/legitgrams.com\/wp-content\/uploads\/2024\/09\/buy-blue-dolphin-ecstasy-pills-online.jpg",600,600,false],"1536x1536":["https:\/\/legitgrams.com\/wp-content\/uploads\/2024\/09\/buy-blue-dolphin-ecstasy-pills-online.jpg",600,600,false],"2048x2048":["https:\/\/legitgrams.com\/wp-content\/uploads\/2024\/09\/buy-blue-dolphin-ecstasy-pills-online.jpg",600,600,false],"trp-custom-language-flag":["https:\/\/legitgrams.com\/wp-content\/uploads\/2024\/09\/buy-blue-dolphin-ecstasy-pills-online-12x12.jpg",12,12,true],"woocommerce_thumbnail":["https:\/\/legitgrams.com\/wp-content\/uploads\/2024\/09\/buy-blue-dolphin-ecstasy-pills-online-300x300.jpg",300,300,true],"woocommerce_single":["https:\/\/legitgrams.com\/wp-content\/uploads\/2024\/09\/buy-blue-dolphin-ecstasy-pills-online.jpg",600,600,false],"woocommerce_gallery_thumbnail":["https:\/\/legitgrams.com\/wp-content\/uploads\/2024\/09\/buy-blue-dolphin-ecstasy-pills-online-100x100.jpg",100,100,true]},"uagb_author_info":{"display_name":"cokeblog18","author_link":"https:\/\/legitgrams.com\/pt\/author\/"},"uagb_comment_info":0,"uagb_excerpt":"Buy Blue Dolphin Ecstasy Pills Online Ecstasy was first created by the Merck drug relationship in 1912. It was given the name &#8220;MDMA&#8221; because to its distinct structure. In 1953, the US Armed Forces employed it for the first time in mental engagement tests. In the 1960s, it was utilized once more for a limited&hellip;","_links":{"self":[{"href":"https:\/\/legitgrams.com\/pt\/wp-json\/wp\/v2\/product\/4294","targetHints":{"allow":["GET"]}}],"collection":[{"href":"https:\/\/legitgrams.com\/pt\/wp-json\/wp\/v2\/product"}],"about":[{"href":"https:\/\/legitgrams.com\/pt\/wp-json\/wp\/v2\/types\/product"}],"replies":[{"embeddable":true,"href":"https:\/\/legitgrams.com\/pt\/wp-json\/wp\/v2\/comments?post=4294"}],"wp:featuredmedia":[{"embeddable":true,"href":"https:\/\/legitgrams.com\/pt\/wp-json\/wp\/v2\/media\/5189"}],"wp:attachment":[{"href":"https:\/\/legitgrams.com\/pt\/wp-json\/wp\/v2\/media?parent=4294"}],"wp:term":[{"taxonomy":"product_brand","embeddable":true,"href":"https:\/\/legitgrams.com\/pt\/wp-json\/wp\/v2\/product_brand?post=4294"},{"taxonomy":"product_cat","embeddable":true,"href":"https:\/\/legitgrams.com\/pt\/wp-json\/wp\/v2\/product_cat?post=4294"},{"taxonomy":"product_tag","embeddable":true,"href":"https:\/\/legitgrams.com\/pt\/wp-json\/wp\/v2\/product_tag?post=4294"}],"curies":[{"name":"wp","href":"https:\/\/api.w.org\/{rel}","templated":true}]}}